{"id":344394,"date":"2023-10-31T05:44:21","date_gmt":"2023-10-31T05:44:21","guid":{"rendered":"https:\/\/srokacompany.com\/produit\/chaleco-pro-impact-para-wingfoil-y-wakeboard\/"},"modified":"2025-06-26T18:02:48","modified_gmt":"2025-06-26T16:02:48","slug":"chaleco-pro-impact-para-wingfoil-y-wakeboard","status":"publish","type":"product","link":"https:\/\/srokacompany.com\/es\/produit\/chaleco-pro-impact-para-wingfoil-y-wakeboard\/","title":{"rendered":"Chaleco Pro Impact para wingfoil y wakeboard"},"content":{"rendered":"<hr>\n<p>SROKA Impact PRO, el chaleco de impacto de alta gama para la protecci\u00f3n contra los impactos del wingfoil y del surf remolcado foil.<\/p>\n<p>Fabricado con materiales de alta calidad, este chaleco de impacto de ala foil ofrece una protecci\u00f3n y un confort \u00f3ptimos. Lo hemos dise\u00f1ado de tal manera que te olvides de \u00e9l mientras navegas. Para ello, utilizamos materiales suaves y absorbentes, a la vez que dispusimos los paneles de espuma de forma que no entorpecieran los movimientos del cuerpo.<\/p>\n","protected":false},"excerpt":{"rendered":"<p>SROKA Impact PRO, el chaleco de impacto de alta gama para la protecci\u00f3n contra los impactos del wingfoil y del surf remolcado foil. Fabricado con materiales de alta calidad, este chaleco de impacto de ala foil ofrece una protecci\u00f3n y un confort \u00f3ptimos. Lo hemos dise\u00f1ado de tal manera que te olvides de \u00e9l mientras [&hellip;]<\/p>\n","protected":false},"featured_media":355893,"template":"","meta":{"_acf_changed":false,"_uag_custom_page_level_css":""},"product_brand":[],"product_cat":[3704,3583],"product_tag":[],"class_list":{"0":"post-344394","1":"product","2":"type-product","3":"status-publish","4":"has-post-thumbnail","6":"product_cat-accesorios-contra-el-viento","7":"product_cat-accesorios-foil","9":"first","10":"instock","11":"taxable","12":"shipping-taxable","13":"purchasable","14":"product-type-variable"},"acf":[],"yoast_head":"<!-- This site is optimized with the Yoast SEO plugin v27.4 - https:\/\/yoast.com\/product\/yoast-seo-wordpress\/ -->\n<title>Wingfoil Windsurf Wakeboard Chaleco de Impacto - SROKA Company<\/title>\n<meta name=\"description\" content=\"SROKA Pro Impact Jacket es una chaqueta para protecci\u00f3n, calidez y confort en wakefoil y wingfoil. Materiales flexibles y duraderos.\" \/>\n<meta name=\"robots\" content=\"index, follow, max-snippet:-1, max-image-preview:large, max-video-preview:-1\" \/>\n<link rel=\"canonical\" href=\"https:\/\/srokacompany.com\/es\/produit\/chaleco-pro-impact-para-wingfoil-y-wakeboard\/\" \/>\n<meta property=\"og:locale\" content=\"es_ES\" \/>\n<meta property=\"og:type\" content=\"article\" \/>\n<meta property=\"og:title\" content=\"Wingfoil Windsurf Wakeboard Chaleco de Impacto - SROKA Company\" \/>\n<meta property=\"og:description\" content=\"SROKA Pro Impact Jacket es una chaqueta para protecci\u00f3n, calidez y confort en wakefoil y wingfoil. Materiales flexibles y duraderos.\" \/>\n<meta property=\"og:url\" content=\"https:\/\/srokacompany.com\/es\/produit\/chaleco-pro-impact-para-wingfoil-y-wakeboard\/\" \/>\n<meta property=\"og:site_name\" content=\"SROKA Company\" \/>\n<meta property=\"article:publisher\" content=\"https:\/\/www.facebook.com\/srokawatersports\/\" \/>\n<meta property=\"article:modified_time\" content=\"2025-06-26T16:02:48+00:00\" \/>\n<meta property=\"og:image\" content=\"https:\/\/srokacompany.com\/wp-content\/uploads\/2023\/10\/gilet-mi-cote-scaled-1.jpg\" \/>\n\t<meta property=\"og:image:width\" content=\"1633\" \/>\n\t<meta property=\"og:image:height\" content=\"2048\" \/>\n\t<meta property=\"og:image:type\" content=\"image\/jpeg\" \/>\n<script type=\"application\/ld+json\" class=\"yoast-schema-graph\">{\"@context\":\"https:\\\/\\\/schema.org\",\"@graph\":[{\"@type\":\"WebPage\",\"@id\":\"https:\\\/\\\/srokacompany.com\\\/es\\\/produit\\\/chaleco-pro-impact-para-wingfoil-y-wakeboard\\\/\",\"url\":\"https:\\\/\\\/srokacompany.com\\\/es\\\/produit\\\/chaleco-pro-impact-para-wingfoil-y-wakeboard\\\/\",\"name\":\"Wingfoil Windsurf Wakeboard Chaleco de Impacto - SROKA Company\",\"isPartOf\":{\"@id\":\"https:\\\/\\\/srokacompany.com\\\/es\\\/#website\"},\"primaryImageOfPage\":{\"@id\":\"https:\\\/\\\/srokacompany.com\\\/es\\\/produit\\\/chaleco-pro-impact-para-wingfoil-y-wakeboard\\\/#primaryimage\"},\"image\":{\"@id\":\"https:\\\/\\\/srokacompany.com\\\/es\\\/produit\\\/chaleco-pro-impact-para-wingfoil-y-wakeboard\\\/#primaryimage\"},\"thumbnailUrl\":\"https:\\\/\\\/srokacompany.com\\\/wp-content\\\/uploads\\\/2023\\\/10\\\/gilet-impact.jpg\",\"datePublished\":\"2023-10-31T05:44:21+00:00\",\"dateModified\":\"2025-06-26T16:02:48+00:00\",\"description\":\"SROKA Pro Impact Jacket es una chaqueta para protecci\u00f3n, calidez y confort en wakefoil y wingfoil. Materiales flexibles y duraderos.\",\"breadcrumb\":{\"@id\":\"https:\\\/\\\/srokacompany.com\\\/es\\\/produit\\\/chaleco-pro-impact-para-wingfoil-y-wakeboard\\\/#breadcrumb\"},\"inLanguage\":\"es\",\"potentialAction\":[{\"@type\":\"ReadAction\",\"target\":[\"https:\\\/\\\/srokacompany.com\\\/es\\\/produit\\\/chaleco-pro-impact-para-wingfoil-y-wakeboard\\\/\"]}]},{\"@type\":\"ImageObject\",\"inLanguage\":\"es\",\"@id\":\"https:\\\/\\\/srokacompany.com\\\/es\\\/produit\\\/chaleco-pro-impact-para-wingfoil-y-wakeboard\\\/#primaryimage\",\"url\":\"https:\\\/\\\/srokacompany.com\\\/wp-content\\\/uploads\\\/2023\\\/10\\\/gilet-impact.jpg\",\"contentUrl\":\"https:\\\/\\\/srokacompany.com\\\/wp-content\\\/uploads\\\/2023\\\/10\\\/gilet-impact.jpg\",\"width\":530,\"height\":503,\"caption\":\"Gilet et vest d'impact en foil, les avantages et les inconvenients\"},{\"@type\":\"BreadcrumbList\",\"@id\":\"https:\\\/\\\/srokacompany.com\\\/es\\\/produit\\\/chaleco-pro-impact-para-wingfoil-y-wakeboard\\\/#breadcrumb\",\"itemListElement\":[{\"@type\":\"ListItem\",\"position\":1,\"name\":\"Accueil\",\"item\":\"https:\\\/\\\/srokacompany.com\\\/es\\\/\"},{\"@type\":\"ListItem\",\"position\":2,\"name\":\"Tienda\",\"item\":\"https:\\\/\\\/srokacompany.com\\\/tienda\\\/\"},{\"@type\":\"ListItem\",\"position\":3,\"name\":\"Chaleco Pro Impact para wingfoil y wakeboard\"}]},{\"@type\":\"WebSite\",\"@id\":\"https:\\\/\\\/srokacompany.com\\\/es\\\/#website\",\"url\":\"https:\\\/\\\/srokacompany.com\\\/es\\\/\",\"name\":\"SROKA Company\",\"description\":\"SUP, Kite, Foil, Wing\",\"publisher\":{\"@id\":\"https:\\\/\\\/srokacompany.com\\\/es\\\/#organization\"},\"potentialAction\":[{\"@type\":\"SearchAction\",\"target\":{\"@type\":\"EntryPoint\",\"urlTemplate\":\"https:\\\/\\\/srokacompany.com\\\/es\\\/?s={search_term_string}\"},\"query-input\":{\"@type\":\"PropertyValueSpecification\",\"valueRequired\":true,\"valueName\":\"search_term_string\"}}],\"inLanguage\":\"es\"},{\"@type\":\"Organization\",\"@id\":\"https:\\\/\\\/srokacompany.com\\\/es\\\/#organization\",\"name\":\"SROKACOMPANY\",\"alternateName\":\"SROKA\",\"url\":\"https:\\\/\\\/srokacompany.com\\\/es\\\/\",\"logo\":{\"@type\":\"ImageObject\",\"inLanguage\":\"es\",\"@id\":\"https:\\\/\\\/srokacompany.com\\\/es\\\/#\\\/schema\\\/logo\\\/image\\\/\",\"url\":\"https:\\\/\\\/srokacompany.com\\\/wp-content\\\/uploads\\\/2021\\\/01\\\/logo-sroka-black-transpa.png\",\"contentUrl\":\"https:\\\/\\\/srokacompany.com\\\/wp-content\\\/uploads\\\/2021\\\/01\\\/logo-sroka-black-transpa.png\",\"width\":1201,\"height\":342,\"caption\":\"SROKACOMPANY\"},\"image\":{\"@id\":\"https:\\\/\\\/srokacompany.com\\\/es\\\/#\\\/schema\\\/logo\\\/image\\\/\"},\"sameAs\":[\"https:\\\/\\\/www.facebook.com\\\/srokawatersports\\\/\",\"https:\\\/\\\/www.instagram.com\\\/srokawatersports\\\/\",\"https:\\\/\\\/www.youtube.com\\\/channel\\\/UCVLHHeaPIm-J5bdEUgxqtZA\"]}]}<\/script>\n<!-- \/ Yoast SEO plugin. -->","yoast_head_json":{"title":"Wingfoil Windsurf Wakeboard Chaleco de Impacto - SROKA Company","description":"SROKA Pro Impact Jacket es una chaqueta para protecci\u00f3n, calidez y confort en wakefoil y wingfoil. Materiales flexibles y duraderos.","robots":{"index":"index","follow":"follow","max-snippet":"max-snippet:-1","max-image-preview":"max-image-preview:large","max-video-preview":"max-video-preview:-1"},"canonical":"https:\/\/srokacompany.com\/es\/produit\/chaleco-pro-impact-para-wingfoil-y-wakeboard\/","og_locale":"es_ES","og_type":"article","og_title":"Wingfoil Windsurf Wakeboard Chaleco de Impacto - SROKA Company","og_description":"SROKA Pro Impact Jacket es una chaqueta para protecci\u00f3n, calidez y confort en wakefoil y wingfoil. Materiales flexibles y duraderos.","og_url":"https:\/\/srokacompany.com\/es\/produit\/chaleco-pro-impact-para-wingfoil-y-wakeboard\/","og_site_name":"SROKA Company","article_publisher":"https:\/\/www.facebook.com\/srokawatersports\/","article_modified_time":"2025-06-26T16:02:48+00:00","og_image":[{"width":1633,"height":2048,"url":"https:\/\/srokacompany.com\/wp-content\/uploads\/2023\/10\/gilet-mi-cote-scaled-1.jpg","type":"image\/jpeg"}],"schema":{"@context":"https:\/\/schema.org","@graph":[{"@type":"WebPage","@id":"https:\/\/srokacompany.com\/es\/produit\/chaleco-pro-impact-para-wingfoil-y-wakeboard\/","url":"https:\/\/srokacompany.com\/es\/produit\/chaleco-pro-impact-para-wingfoil-y-wakeboard\/","name":"Wingfoil Windsurf Wakeboard Chaleco de Impacto - SROKA Company","isPartOf":{"@id":"https:\/\/srokacompany.com\/es\/#website"},"primaryImageOfPage":{"@id":"https:\/\/srokacompany.com\/es\/produit\/chaleco-pro-impact-para-wingfoil-y-wakeboard\/#primaryimage"},"image":{"@id":"https:\/\/srokacompany.com\/es\/produit\/chaleco-pro-impact-para-wingfoil-y-wakeboard\/#primaryimage"},"thumbnailUrl":"https:\/\/srokacompany.com\/wp-content\/uploads\/2023\/10\/gilet-impact.jpg","datePublished":"2023-10-31T05:44:21+00:00","dateModified":"2025-06-26T16:02:48+00:00","description":"SROKA Pro Impact Jacket es una chaqueta para protecci\u00f3n, calidez y confort en wakefoil y wingfoil. Materiales flexibles y duraderos.","breadcrumb":{"@id":"https:\/\/srokacompany.com\/es\/produit\/chaleco-pro-impact-para-wingfoil-y-wakeboard\/#breadcrumb"},"inLanguage":"es","potentialAction":[{"@type":"ReadAction","target":["https:\/\/srokacompany.com\/es\/produit\/chaleco-pro-impact-para-wingfoil-y-wakeboard\/"]}]},{"@type":"ImageObject","inLanguage":"es","@id":"https:\/\/srokacompany.com\/es\/produit\/chaleco-pro-impact-para-wingfoil-y-wakeboard\/#primaryimage","url":"https:\/\/srokacompany.com\/wp-content\/uploads\/2023\/10\/gilet-impact.jpg","contentUrl":"https:\/\/srokacompany.com\/wp-content\/uploads\/2023\/10\/gilet-impact.jpg","width":530,"height":503,"caption":"Gilet et vest d'impact en foil, les avantages et les inconvenients"},{"@type":"BreadcrumbList","@id":"https:\/\/srokacompany.com\/es\/produit\/chaleco-pro-impact-para-wingfoil-y-wakeboard\/#breadcrumb","itemListElement":[{"@type":"ListItem","position":1,"name":"Accueil","item":"https:\/\/srokacompany.com\/es\/"},{"@type":"ListItem","position":2,"name":"Tienda","item":"https:\/\/srokacompany.com\/tienda\/"},{"@type":"ListItem","position":3,"name":"Chaleco Pro Impact para wingfoil y wakeboard"}]},{"@type":"WebSite","@id":"https:\/\/srokacompany.com\/es\/#website","url":"https:\/\/srokacompany.com\/es\/","name":"SROKA Company","description":"SUP, Kite, Foil, Wing","publisher":{"@id":"https:\/\/srokacompany.com\/es\/#organization"},"potentialAction":[{"@type":"SearchAction","target":{"@type":"EntryPoint","urlTemplate":"https:\/\/srokacompany.com\/es\/?s={search_term_string}"},"query-input":{"@type":"PropertyValueSpecification","valueRequired":true,"valueName":"search_term_string"}}],"inLanguage":"es"},{"@type":"Organization","@id":"https:\/\/srokacompany.com\/es\/#organization","name":"SROKACOMPANY","alternateName":"SROKA","url":"https:\/\/srokacompany.com\/es\/","logo":{"@type":"ImageObject","inLanguage":"es","@id":"https:\/\/srokacompany.com\/es\/#\/schema\/logo\/image\/","url":"https:\/\/srokacompany.com\/wp-content\/uploads\/2021\/01\/logo-sroka-black-transpa.png","contentUrl":"https:\/\/srokacompany.com\/wp-content\/uploads\/2021\/01\/logo-sroka-black-transpa.png","width":1201,"height":342,"caption":"SROKACOMPANY"},"image":{"@id":"https:\/\/srokacompany.com\/es\/#\/schema\/logo\/image\/"},"sameAs":["https:\/\/www.facebook.com\/srokawatersports\/","https:\/\/www.instagram.com\/srokawatersports\/","https:\/\/www.youtube.com\/channel\/UCVLHHeaPIm-J5bdEUgxqtZA"]}]}},"uagb_featured_image_src":{"full":["https:\/\/srokacompany.com\/wp-content\/uploads\/2023\/10\/gilet-impact.jpg",530,503,false],"thumbnail":["https:\/\/srokacompany.com\/wp-content\/uploads\/2023\/10\/gilet-impact-150x150.jpg",150,150,true],"medium":["https:\/\/srokacompany.com\/wp-content\/uploads\/2023\/10\/gilet-impact-300x285.jpg",300,285,true],"medium_large":["https:\/\/srokacompany.com\/wp-content\/uploads\/2023\/10\/gilet-impact.jpg",530,503,false],"large":["https:\/\/srokacompany.com\/wp-content\/uploads\/2023\/10\/gilet-impact.jpg",530,503,false],"1536x1536":["https:\/\/srokacompany.com\/wp-content\/uploads\/2023\/10\/gilet-impact.jpg",530,503,false],"2048x2048":["https:\/\/srokacompany.com\/wp-content\/uploads\/2023\/10\/gilet-impact.jpg",530,503,false],"woocommerce_thumbnail":["https:\/\/srokacompany.com\/wp-content\/uploads\/2023\/10\/gilet-impact.jpg",530,503,false],"woocommerce_single":["https:\/\/srokacompany.com\/wp-content\/uploads\/2023\/10\/gilet-impact.jpg",530,503,false],"woocommerce_gallery_thumbnail":["https:\/\/srokacompany.com\/wp-content\/uploads\/2023\/10\/gilet-impact-100x100.jpg",100,100,true],"dgwt-wcas-product-suggestion":["https:\/\/srokacompany.com\/wp-content\/uploads\/2023\/10\/gilet-impact.jpg",64,61,false]},"uagb_author_info":{"display_name":"Emmanuel DIJOUX","author_link":"https:\/\/srokacompany.com\/es\/blog\/author\/"},"uagb_comment_info":0,"uagb_excerpt":"SROKA Impact PRO, el chaleco de impacto de alta gama para la protecci\u00f3n contra los impactos del wingfoil y del surf remolcado foil. Fabricado con materiales de alta calidad, este chaleco de impacto de ala foil ofrece una protecci\u00f3n y un confort \u00f3ptimos. Lo hemos dise\u00f1ado de tal manera que te olvides de \u00e9l mientras&hellip;","jetpack_sharing_enabled":true,"_links":{"self":[{"href":"https:\/\/srokacompany.com\/es\/wp-json\/wp\/v2\/product\/344394","targetHints":{"allow":["GET"]}}],"collection":[{"href":"https:\/\/srokacompany.com\/es\/wp-json\/wp\/v2\/product"}],"about":[{"href":"https:\/\/srokacompany.com\/es\/wp-json\/wp\/v2\/types\/product"}],"wp:featuredmedia":[{"embeddable":true,"href":"https:\/\/srokacompany.com\/es\/wp-json\/wp\/v2\/media\/355893"}],"wp:attachment":[{"href":"https:\/\/srokacompany.com\/es\/wp-json\/wp\/v2\/media?parent=344394"}],"wp:term":[{"taxonomy":"product_brand","embeddable":true,"href":"https:\/\/srokacompany.com\/es\/wp-json\/wp\/v2\/product_brand?post=344394"},{"taxonomy":"product_cat","embeddable":true,"href":"https:\/\/srokacompany.com\/es\/wp-json\/wp\/v2\/product_cat?post=344394"},{"taxonomy":"product_tag","embeddable":true,"href":"https:\/\/srokacompany.com\/es\/wp-json\/wp\/v2\/product_tag?post=344394"}],"curies":[{"name":"wp","href":"https:\/\/api.w.org\/{rel}","templated":true}]}}