{"id":344428,"date":"2024-01-09T12:19:56","date_gmt":"2024-01-09T12:19:56","guid":{"rendered":"https:\/\/srokacompany.com\/produit\/wing-v4-sroka\/"},"modified":"2026-02-02T20:04:10","modified_gmt":"2026-02-02T18:04:10","slug":"wing-v4-sroka","status":"publish","type":"product","link":"https:\/\/srokacompany.com\/es\/produit\/wing-v4-sroka\/","title":{"rendered":"Wing V4 SROKA"},"content":{"rendered":"<p>El <b>Wing SROKA V4<\/b> es la culminaci\u00f3n de varias generaciones de desarrollo, destinadas a crear un ala <b>ultra-vers\u00e1til (4&#215;4)<\/b> y accesible. Est\u00e1 dirigida a <b>principiantes<\/b> que buscan una plataforma estable para aprender, as\u00ed como a pilotos <b>experimentados<\/b> que desean un ala c\u00f3moda para Freefly, Freeride y Waveriding. <\/p>\n<p>&nbsp;<\/p>\n<h3>Principales innovaciones de la V4<\/h3>\n<p>La V4 se basa en los puntos fuertes de la V3 e incorpora mejoras significativas basadas en los comentarios de los usuarios:<\/p>\n<ol start=\"1\">\n<li><b>Pu\u00f1os r\u00edgidos (novedad en la V4):<\/b> Este es el mayor cambio. La cometa est\u00e1 ahora equipada con <b>mangos<\/b> r\u00edgidos, que ofrecen <b>un mejor control<\/b>, una mayor reactividad y una gesti\u00f3n m\u00e1s f\u00e1cil del <i>bombeo<\/i> y la planificaci\u00f3n de las salidas. El \u00e1ngulo de la empu\u00f1adura delantera tambi\u00e9n se ha optimizado para <i>el vuelo libre<\/i> con una sola mano.  <\/li>\n<li><b>Envergadura reducida:<\/b> La envergadura se ha <b>reducido en m\u00e1s de 25 cm<\/b> en todas las tallas. Esto hace que el ala sea mucho m\u00e1s <b>compacta y maniobrable<\/b>, evitando que las puntas toquen el agua al maniobrar o volar bajo, una gran ventaja para los pilotos m\u00e1s peque\u00f1os y al <i>hacer waveriding<\/i>. <\/li>\n<li><b>Perfil aerodin\u00e1mico y estabilidad :<\/b>\n<ul>\n<li>La distribuci\u00f3n del hueco y la orientaci\u00f3n de los paneles se han optimizado para <b>mantener mejor el perfil<\/b> y mejorar <b>la estabilidad<\/b> en vuelo, incluso en condiciones adversas.<\/li>\n<li>La tensi\u00f3n de <i>la capota<\/i> se ha mejorado para ofrecer m\u00e1s potencia a bajas revoluciones, lo que facilita los arranques tempranos.<\/li>\n<\/ul>\n<\/li>\n<li><b>Materiales robustos:<\/b> El borde de ataque y el sable central est\u00e1n fabricados con <b>DP175 Dacron<\/b> (alta densidad) para una excelente rigidez y durabilidad. La vela est\u00e1 fabricada con <b>Spi Triple Ripstop de 54 g\/m2<\/b> para mayor ligereza y resistencia al desgarro. <\/li>\n<\/ol>\n<p>&nbsp;<\/p>\n<h3>Programa y resultados<\/h3>\n<p>La V4 es un ala equilibrada, caracterizada por :<\/p>\n<ul>\n<li><b>Accesibilidad y estabilidad:<\/b> Es f\u00e1cil de manejar, <b>bien equilibrada<\/b> y muy <b>estable<\/b>, lo que la hace ideal para aprender y progresar r\u00e1pidamente.<\/li>\n<li><b>Versatilidad (4&#215;4):<\/b> Destaca en varias disciplinas:\n<ul>\n<li><b>Freeride<\/b> (touring): Gran comodidad y equilibrio para la navegaci\u00f3n de larga distancia.<\/li>\n<li><b>Freefly<\/b> (Neutralidad en el surf): Excelente maniobrabilidad y ligereza para remolcar sin esfuerzo en las olas.<\/li>\n<li><b>Estilo libre<\/b>: Su compacidad y maniobrabilidad facilitan el aprendizaje de <i>trucos<\/i> b\u00e1sicos.<\/li>\n<\/ul>\n<\/li>\n<li><b>Rendimiento mejorado:<\/b> es m\u00e1s r\u00e1pido y capaz de remontar el viento que las versiones anteriores, sin dejar de ser f\u00e1cil de manejar con vientos fuertes gracias a una mejor distribuci\u00f3n de la presi\u00f3n.<\/li>\n<\/ul>\n<p>&nbsp;<\/p>\n<h3>Detalles t\u00e9cnicos<\/h3>\n<ul>\n<li><b>Construcci\u00f3n:<\/b> Borde de ataque y sables DP175 Dacron, spinnaker Triple Ripstop de 54 g\/m2, refuerzos de nylon 1680D.<\/li>\n<li><b>Inflado:<\/b> Dos v\u00e1lvulas para separar la presi\u00f3n del borde de ataque y del list\u00f3n central, lo que permite un ajuste preciso.<\/li>\n<li>Seguridad<b>:<\/b> Incluye <b>ventanas de PVC<\/b> para una mejor visibilidad en el agua (seguridad).<\/li>\n<li><b>Accesorios:<\/b> incluye una bolsa de transporte de calidad, una c\u00f3moda y resistente <i>leash<\/i> y un kit de reparaci\u00f3n.<\/li>\n<\/ul>\n<p>El <b>Wing SROKA V4<\/b> es la opci\u00f3n elegida si buscas un ala <b>\u00fanica, s\u00f3lida y extremadamente vers\u00e1til<\/b> para cubrir la mayor\u00eda de tus condiciones de navegaci\u00f3n, desde principiante hasta avanzado.<\/p>\n<hr>\n","protected":false},"excerpt":{"rendered":"<p>La <b>Wing V4<\/b> SROKA es la vela <b>4&#215;4<\/b> ideal para <b>principiantes y<\/b> pilotos <b>avanzados<\/b> de Wing foil. Estabilidad, control absoluto y <b>mangos r\u00edgidos<\/b> para la m\u00e1xima diversi\u00f3n en Freeride, Freefly y Wave. <\/p>\n","protected":false},"featured_media":344434,"template":"","meta":{"_acf_changed":false,"_uag_custom_page_level_css":""},"product_brand":[],"product_cat":[3520,3444],"product_tag":[3429,3427,3426],"class_list":{"0":"post-344428","1":"product","2":"type-product","3":"status-publish","4":"has-post-thumbnail","6":"product_cat-alas-de-wing-foil","7":"product_cat-wing-foil-es","8":"product_tag-avanzado","9":"product_tag-ingenioso","10":"product_tag-principiante","11":"product_shipping_class-pequenos-envios","13":"first","14":"instock","15":"sale","16":"taxable","17":"shipping-taxable","18":"purchasable","19":"product-type-variable"},"acf":[],"yoast_head":"<!-- This site is optimized with the Yoast SEO plugin v27.4 - https:\/\/yoast.com\/product\/yoast-seo-wordpress\/ -->\n<title>Wing V4 SROKA - SROKA Company<\/title>\n<meta name=\"description\" content=\"Este nuevo Wing V4 SROKA es el resultado de la evoluci\u00f3n de las 3 \u00faltimas versiones. M\u00e1s compacto, m\u00e1s estable, m\u00e1s eficiente y bonito.\" \/>\n<meta name=\"robots\" content=\"index, follow, max-snippet:-1, max-image-preview:large, max-video-preview:-1\" \/>\n<link rel=\"canonical\" href=\"https:\/\/srokacompany.com\/es\/produit\/wing-v4-sroka\/\" \/>\n<meta property=\"og:locale\" content=\"es_ES\" \/>\n<meta property=\"og:type\" content=\"article\" \/>\n<meta property=\"og:title\" content=\"Wing V4 SROKA - SROKA Company\" \/>\n<meta property=\"og:description\" content=\"Este nuevo Wing V4 SROKA es el resultado de la evoluci\u00f3n de las 3 \u00faltimas versiones. M\u00e1s compacto, m\u00e1s estable, m\u00e1s eficiente y bonito.\" \/>\n<meta property=\"og:url\" content=\"https:\/\/srokacompany.com\/es\/produit\/wing-v4-sroka\/\" \/>\n<meta property=\"og:site_name\" content=\"SROKA Company\" \/>\n<meta property=\"article:publisher\" content=\"https:\/\/www.facebook.com\/srokawatersports\/\" \/>\n<meta property=\"article:modified_time\" content=\"2026-02-02T18:04:10+00:00\" \/>\n<meta property=\"og:image\" content=\"https:\/\/srokacompany.com\/wp-content\/uploads\/2024\/01\/Wing-V4-SROKA-Face.jpg\" \/>\n\t<meta property=\"og:image:width\" content=\"1080\" \/>\n\t<meta property=\"og:image:height\" content=\"1080\" \/>\n\t<meta property=\"og:image:type\" content=\"image\/jpeg\" \/>\n<meta name=\"twitter:label1\" content=\"Tiempo de lectura\" \/>\n\t<meta name=\"twitter:data1\" content=\"3 minutos\" \/>\n<script type=\"application\/ld+json\" class=\"yoast-schema-graph\">{\"@context\":\"https:\\\/\\\/schema.org\",\"@graph\":[{\"@type\":\"WebPage\",\"@id\":\"https:\\\/\\\/srokacompany.com\\\/es\\\/produit\\\/wing-v4-sroka\\\/\",\"url\":\"https:\\\/\\\/srokacompany.com\\\/es\\\/produit\\\/wing-v4-sroka\\\/\",\"name\":\"Wing V4 SROKA - SROKA Company\",\"isPartOf\":{\"@id\":\"https:\\\/\\\/srokacompany.com\\\/es\\\/#website\"},\"primaryImageOfPage\":{\"@id\":\"https:\\\/\\\/srokacompany.com\\\/es\\\/produit\\\/wing-v4-sroka\\\/#primaryimage\"},\"image\":{\"@id\":\"https:\\\/\\\/srokacompany.com\\\/es\\\/produit\\\/wing-v4-sroka\\\/#primaryimage\"},\"thumbnailUrl\":\"https:\\\/\\\/srokacompany.com\\\/wp-content\\\/uploads\\\/2024\\\/01\\\/Wing-V4-SROKA-Face.jpg\",\"datePublished\":\"2024-01-09T12:19:56+00:00\",\"dateModified\":\"2026-02-02T18:04:10+00:00\",\"description\":\"Este nuevo Wing V4 SROKA es el resultado de la evoluci\u00f3n de las 3 \u00faltimas versiones. M\u00e1s compacto, m\u00e1s estable, m\u00e1s eficiente y bonito.\",\"breadcrumb\":{\"@id\":\"https:\\\/\\\/srokacompany.com\\\/es\\\/produit\\\/wing-v4-sroka\\\/#breadcrumb\"},\"inLanguage\":\"es\",\"potentialAction\":[{\"@type\":\"ReadAction\",\"target\":[\"https:\\\/\\\/srokacompany.com\\\/es\\\/produit\\\/wing-v4-sroka\\\/\"]}]},{\"@type\":\"ImageObject\",\"inLanguage\":\"es\",\"@id\":\"https:\\\/\\\/srokacompany.com\\\/es\\\/produit\\\/wing-v4-sroka\\\/#primaryimage\",\"url\":\"https:\\\/\\\/srokacompany.com\\\/wp-content\\\/uploads\\\/2024\\\/01\\\/Wing-V4-SROKA-Face.jpg\",\"contentUrl\":\"https:\\\/\\\/srokacompany.com\\\/wp-content\\\/uploads\\\/2024\\\/01\\\/Wing-V4-SROKA-Face.jpg\",\"width\":1080,\"height\":1080},{\"@type\":\"BreadcrumbList\",\"@id\":\"https:\\\/\\\/srokacompany.com\\\/es\\\/produit\\\/wing-v4-sroka\\\/#breadcrumb\",\"itemListElement\":[{\"@type\":\"ListItem\",\"position\":1,\"name\":\"Accueil\",\"item\":\"https:\\\/\\\/srokacompany.com\\\/es\\\/\"},{\"@type\":\"ListItem\",\"position\":2,\"name\":\"Tienda\",\"item\":\"https:\\\/\\\/srokacompany.com\\\/tienda\\\/\"},{\"@type\":\"ListItem\",\"position\":3,\"name\":\"Wing V4 SROKA\"}]},{\"@type\":\"WebSite\",\"@id\":\"https:\\\/\\\/srokacompany.com\\\/es\\\/#website\",\"url\":\"https:\\\/\\\/srokacompany.com\\\/es\\\/\",\"name\":\"SROKA Company\",\"description\":\"SUP, Kite, Foil, Wing\",\"publisher\":{\"@id\":\"https:\\\/\\\/srokacompany.com\\\/es\\\/#organization\"},\"potentialAction\":[{\"@type\":\"SearchAction\",\"target\":{\"@type\":\"EntryPoint\",\"urlTemplate\":\"https:\\\/\\\/srokacompany.com\\\/es\\\/?s={search_term_string}\"},\"query-input\":{\"@type\":\"PropertyValueSpecification\",\"valueRequired\":true,\"valueName\":\"search_term_string\"}}],\"inLanguage\":\"es\"},{\"@type\":\"Organization\",\"@id\":\"https:\\\/\\\/srokacompany.com\\\/es\\\/#organization\",\"name\":\"SROKACOMPANY\",\"alternateName\":\"SROKA\",\"url\":\"https:\\\/\\\/srokacompany.com\\\/es\\\/\",\"logo\":{\"@type\":\"ImageObject\",\"inLanguage\":\"es\",\"@id\":\"https:\\\/\\\/srokacompany.com\\\/es\\\/#\\\/schema\\\/logo\\\/image\\\/\",\"url\":\"https:\\\/\\\/srokacompany.com\\\/wp-content\\\/uploads\\\/2021\\\/01\\\/logo-sroka-black-transpa.png\",\"contentUrl\":\"https:\\\/\\\/srokacompany.com\\\/wp-content\\\/uploads\\\/2021\\\/01\\\/logo-sroka-black-transpa.png\",\"width\":1201,\"height\":342,\"caption\":\"SROKACOMPANY\"},\"image\":{\"@id\":\"https:\\\/\\\/srokacompany.com\\\/es\\\/#\\\/schema\\\/logo\\\/image\\\/\"},\"sameAs\":[\"https:\\\/\\\/www.facebook.com\\\/srokawatersports\\\/\",\"https:\\\/\\\/www.instagram.com\\\/srokawatersports\\\/\",\"https:\\\/\\\/www.youtube.com\\\/channel\\\/UCVLHHeaPIm-J5bdEUgxqtZA\"]}]}<\/script>\n<!-- \/ Yoast SEO plugin. -->","yoast_head_json":{"title":"Wing V4 SROKA - SROKA Company","description":"Este nuevo Wing V4 SROKA es el resultado de la evoluci\u00f3n de las 3 \u00faltimas versiones. M\u00e1s compacto, m\u00e1s estable, m\u00e1s eficiente y bonito.","robots":{"index":"index","follow":"follow","max-snippet":"max-snippet:-1","max-image-preview":"max-image-preview:large","max-video-preview":"max-video-preview:-1"},"canonical":"https:\/\/srokacompany.com\/es\/produit\/wing-v4-sroka\/","og_locale":"es_ES","og_type":"article","og_title":"Wing V4 SROKA - SROKA Company","og_description":"Este nuevo Wing V4 SROKA es el resultado de la evoluci\u00f3n de las 3 \u00faltimas versiones. M\u00e1s compacto, m\u00e1s estable, m\u00e1s eficiente y bonito.","og_url":"https:\/\/srokacompany.com\/es\/produit\/wing-v4-sroka\/","og_site_name":"SROKA Company","article_publisher":"https:\/\/www.facebook.com\/srokawatersports\/","article_modified_time":"2026-02-02T18:04:10+00:00","og_image":[{"width":1080,"height":1080,"url":"https:\/\/srokacompany.com\/wp-content\/uploads\/2024\/01\/Wing-V4-SROKA-Face.jpg","type":"image\/jpeg"}],"twitter_misc":{"Tiempo de lectura":"3 minutos"},"schema":{"@context":"https:\/\/schema.org","@graph":[{"@type":"WebPage","@id":"https:\/\/srokacompany.com\/es\/produit\/wing-v4-sroka\/","url":"https:\/\/srokacompany.com\/es\/produit\/wing-v4-sroka\/","name":"Wing V4 SROKA - SROKA Company","isPartOf":{"@id":"https:\/\/srokacompany.com\/es\/#website"},"primaryImageOfPage":{"@id":"https:\/\/srokacompany.com\/es\/produit\/wing-v4-sroka\/#primaryimage"},"image":{"@id":"https:\/\/srokacompany.com\/es\/produit\/wing-v4-sroka\/#primaryimage"},"thumbnailUrl":"https:\/\/srokacompany.com\/wp-content\/uploads\/2024\/01\/Wing-V4-SROKA-Face.jpg","datePublished":"2024-01-09T12:19:56+00:00","dateModified":"2026-02-02T18:04:10+00:00","description":"Este nuevo Wing V4 SROKA es el resultado de la evoluci\u00f3n de las 3 \u00faltimas versiones. M\u00e1s compacto, m\u00e1s estable, m\u00e1s eficiente y bonito.","breadcrumb":{"@id":"https:\/\/srokacompany.com\/es\/produit\/wing-v4-sroka\/#breadcrumb"},"inLanguage":"es","potentialAction":[{"@type":"ReadAction","target":["https:\/\/srokacompany.com\/es\/produit\/wing-v4-sroka\/"]}]},{"@type":"ImageObject","inLanguage":"es","@id":"https:\/\/srokacompany.com\/es\/produit\/wing-v4-sroka\/#primaryimage","url":"https:\/\/srokacompany.com\/wp-content\/uploads\/2024\/01\/Wing-V4-SROKA-Face.jpg","contentUrl":"https:\/\/srokacompany.com\/wp-content\/uploads\/2024\/01\/Wing-V4-SROKA-Face.jpg","width":1080,"height":1080},{"@type":"BreadcrumbList","@id":"https:\/\/srokacompany.com\/es\/produit\/wing-v4-sroka\/#breadcrumb","itemListElement":[{"@type":"ListItem","position":1,"name":"Accueil","item":"https:\/\/srokacompany.com\/es\/"},{"@type":"ListItem","position":2,"name":"Tienda","item":"https:\/\/srokacompany.com\/tienda\/"},{"@type":"ListItem","position":3,"name":"Wing V4 SROKA"}]},{"@type":"WebSite","@id":"https:\/\/srokacompany.com\/es\/#website","url":"https:\/\/srokacompany.com\/es\/","name":"SROKA Company","description":"SUP, Kite, Foil, Wing","publisher":{"@id":"https:\/\/srokacompany.com\/es\/#organization"},"potentialAction":[{"@type":"SearchAction","target":{"@type":"EntryPoint","urlTemplate":"https:\/\/srokacompany.com\/es\/?s={search_term_string}"},"query-input":{"@type":"PropertyValueSpecification","valueRequired":true,"valueName":"search_term_string"}}],"inLanguage":"es"},{"@type":"Organization","@id":"https:\/\/srokacompany.com\/es\/#organization","name":"SROKACOMPANY","alternateName":"SROKA","url":"https:\/\/srokacompany.com\/es\/","logo":{"@type":"ImageObject","inLanguage":"es","@id":"https:\/\/srokacompany.com\/es\/#\/schema\/logo\/image\/","url":"https:\/\/srokacompany.com\/wp-content\/uploads\/2021\/01\/logo-sroka-black-transpa.png","contentUrl":"https:\/\/srokacompany.com\/wp-content\/uploads\/2021\/01\/logo-sroka-black-transpa.png","width":1201,"height":342,"caption":"SROKACOMPANY"},"image":{"@id":"https:\/\/srokacompany.com\/es\/#\/schema\/logo\/image\/"},"sameAs":["https:\/\/www.facebook.com\/srokawatersports\/","https:\/\/www.instagram.com\/srokawatersports\/","https:\/\/www.youtube.com\/channel\/UCVLHHeaPIm-J5bdEUgxqtZA"]}]}},"uagb_featured_image_src":{"full":["https:\/\/srokacompany.com\/wp-content\/uploads\/2024\/01\/Wing-V4-SROKA-Face.jpg",1080,1080,false],"thumbnail":["https:\/\/srokacompany.com\/wp-content\/uploads\/2024\/01\/Wing-V4-SROKA-Face-150x150.jpg",150,150,true],"medium":["https:\/\/srokacompany.com\/wp-content\/uploads\/2024\/01\/Wing-V4-SROKA-Face-300x300.jpg",300,300,true],"medium_large":["https:\/\/srokacompany.com\/wp-content\/uploads\/2024\/01\/Wing-V4-SROKA-Face-768x768.jpg",768,768,true],"large":["https:\/\/srokacompany.com\/wp-content\/uploads\/2024\/01\/Wing-V4-SROKA-Face-1024x1024.jpg",1024,1024,true],"1536x1536":["https:\/\/srokacompany.com\/wp-content\/uploads\/2024\/01\/Wing-V4-SROKA-Face.jpg",1080,1080,false],"2048x2048":["https:\/\/srokacompany.com\/wp-content\/uploads\/2024\/01\/Wing-V4-SROKA-Face.jpg",1080,1080,false],"woocommerce_thumbnail":["https:\/\/srokacompany.com\/wp-content\/uploads\/2024\/01\/Wing-V4-SROKA-Face-600x600.jpg",600,600,true],"woocommerce_single":["https:\/\/srokacompany.com\/wp-content\/uploads\/2024\/01\/Wing-V4-SROKA-Face-600x600.jpg",600,600,true],"woocommerce_gallery_thumbnail":["https:\/\/srokacompany.com\/wp-content\/uploads\/2024\/01\/Wing-V4-SROKA-Face-100x100.jpg",100,100,true],"dgwt-wcas-product-suggestion":["https:\/\/srokacompany.com\/wp-content\/uploads\/2024\/01\/Wing-V4-SROKA-Face.jpg",64,64,false]},"uagb_author_info":{"display_name":"Bruno Sroka","author_link":"https:\/\/srokacompany.com\/es\/blog\/author\/"},"uagb_comment_info":0,"uagb_excerpt":"La Wing V4 SROKA es la vela 4x4 ideal para principiantes y pilotos avanzados de Wing foil. Estabilidad, control absoluto y mangos r\u00edgidos para la m\u00e1xima diversi\u00f3n en Freeride, Freefly y Wave.","jetpack_sharing_enabled":true,"_links":{"self":[{"href":"https:\/\/srokacompany.com\/es\/wp-json\/wp\/v2\/product\/344428","targetHints":{"allow":["GET"]}}],"collection":[{"href":"https:\/\/srokacompany.com\/es\/wp-json\/wp\/v2\/product"}],"about":[{"href":"https:\/\/srokacompany.com\/es\/wp-json\/wp\/v2\/types\/product"}],"wp:featuredmedia":[{"embeddable":true,"href":"https:\/\/srokacompany.com\/es\/wp-json\/wp\/v2\/media\/344434"}],"wp:attachment":[{"href":"https:\/\/srokacompany.com\/es\/wp-json\/wp\/v2\/media?parent=344428"}],"wp:term":[{"taxonomy":"product_brand","embeddable":true,"href":"https:\/\/srokacompany.com\/es\/wp-json\/wp\/v2\/product_brand?post=344428"},{"taxonomy":"product_cat","embeddable":true,"href":"https:\/\/srokacompany.com\/es\/wp-json\/wp\/v2\/product_cat?post=344428"},{"taxonomy":"product_tag","embeddable":true,"href":"https:\/\/srokacompany.com\/es\/wp-json\/wp\/v2\/product_tag?post=344428"}],"curies":[{"name":"wp","href":"https:\/\/api.w.org\/{rel}","templated":true}]}}