{"id":344471,"date":"2024-01-09T12:12:00","date_gmt":"2024-01-09T10:12:00","guid":{"rendered":"https:\/\/srokacompany.com\/produit\/wing-board-foil-sky-rider-54-57-60\/"},"modified":"2026-02-25T12:07:11","modified_gmt":"2026-02-25T10:07:11","slug":"wing-board-foil-sky-rider-54-57-60","status":"publish","type":"product","link":"https:\/\/srokacompany.com\/es\/produit\/wing-board-foil-sky-rider-54-57-60\/","title":{"rendered":"Wing board foil Sky Rider : 5&#8217;4 &#8211; 5&#8217;7 &#8211; 6&#8217;0"},"content":{"rendered":"<p data-path-to-node=\"4\">Progresa r\u00e1pidamente y disfruta de una maniobrabilidad excepcional con la gama Sky Rider. Esta <b data-path-to-node=\"4\" data-index-in-node=\"98\">tabla foil de ala para principiantes<\/b> garantiza un despegue f\u00e1cil, incluso en aguas agitadas, as\u00ed como la m\u00e1xima estabilidad. <\/p>\n<p data-path-to-node=\"5\">Estamos orgullosos de presentar la pr\u00f3xima generaci\u00f3n de tablas SROKA Sky Rider. Hemos dise\u00f1ado esta gama para ayudarle a progresar. Nuestro objetivo <b data-path-to-node=\"5\" data-index-in-node=\"153\">es<\/b> que progreses r\u00e1pidamente y disfrutes al m\u00e1ximo. Fieles a nuestro ADN, ofrecemos esta versi\u00f3n V2 al atractivo precio de 999 euros, IVA incluido.<\/p>\n<h2>C\u00f3mo elegir su tabla de Foil Wing para principiantes:<\/h2>\n<p data-path-to-node=\"6\"><b data-path-to-node=\"6\" data-index-in-node=\"0\">Formas compactas para un mayor rendimiento<\/b> Las formas de estas nuevas tablas son m\u00e1s compactas. Como <b data-path-to-node=\"6\" data-index-in-node=\"102\">resultado<\/b>, se reduce la longitud y aumenta la maniobrabilidad. Siempre buscamos la mejor alternativa para ofrecerle un rendimiento \u00f3ptimo.<\/p>\n<p data-path-to-node=\"7\"><b data-path-to-node=\"7\" data-index-in-node=\"0\">Una construcci\u00f3n indestructible<\/b> Teniendo esto en cuenta, mantenemos una construcci\u00f3n s\u00e1ndwich completa en el casco. Se trata de una zona sometida a grandes esfuerzos, sobre todo en la uni\u00f3n del Foil. <b data-path-to-node=\"7\" data-index-in-node=\"188\">Adem\u00e1s<\/b>, un s\u00e1ndwich bajo la almohadilla garantiza la m\u00e1xima rigidez bajo los soportes. Esto evita que la cubierta se asiente bajo los talones durante los saltos. Para aumentar a\u00fan m\u00e1s la rigidez, dos capas de carbono refuerzan los ra\u00edles US. Por \u00faltimo, construimos todas nuestras tablas en s\u00e1ndwich de PVC, fibra de vidrio y carbono con las fibras m\u00e1s resistentes del mercado.    <\/p>\n<p class=\"p1\">Siempre buscamos ofrecerle la mejor alternativa con el m\u00e1ximo rendimiento. Con esto en mente, nos atenemos a una <a href=\"https:\/\/srokacompany.com\/es\/blog\/como-se-construyen-las-tablas-de-wingfoil\/\">construcci\u00f3n <b>\u00edntegra en s\u00e1ndwich<\/b><\/a>. <span class=\"Apple-converted-space\">  <\/span>en el casco para hacerlo indestructible. Se trata de una zona sometida a grandes esfuerzos, sobre todo en la uni\u00f3n de la foil y un s\u00e1ndwich bajo las almohadillas, que garantiza la m\u00e1xima rigidez bajo los apoyos y evita que la cubierta se asiente bajo los talones durante los saltos, por ejemplo. Para aumentar a\u00fan m\u00e1s la rigidez del conjunto, se disponen dos capas de <b>carbono<\/b> en los rieles estadounidenses. Y reforzamos los ra\u00edles con una capa extra de carbono.<\/p>\n<p class=\"p1\">Todas las tablas est\u00e1n fabricadas con PVC Sandwich <b>fibra de vidrio<\/b> y <b>fibra de carbono<\/b> con las fibras m\u00e1s resistentes del mercado.<\/p>\n<p><a href=\"https:\/\/www.youtube.com\/watch?v=OwXiCiST90A\">La Wing V4<\/a> es la tabla perfecta para iniciarse en el Wing foil.<\/p>\n<h2><\/h2>\n","protected":false},"excerpt":{"rendered":"<p data-path-to-node=\"4\">Aprende a volar con la <b data-path-to-node=\"4\" data-index-in-node=\"26\">tabla de iniciaci\u00f3n Wing foil<\/b> Sky Rider SROKA. Dise\u00f1ada para una m\u00e1xima estabilidad y una r\u00e1pida progresi\u00f3n, esta <b data-path-to-node=\"4\" data-index-in-node=\"152\">tabla de Wing foil para principiantes<\/b> es la tabla ideal para tus primeras sesiones. Su construcci\u00f3n r\u00edgida en s\u00e1ndwich de PVC y fibra de vidrio garantiza una durabilidad excepcional y un despegue r\u00e1pido.<\/p>\n<p>&nbsp;<\/p>\n","protected":false},"featured_media":344494,"template":"","meta":{"_acf_changed":false,"_uag_custom_page_level_css":""},"product_brand":[],"product_cat":[3647,3523],"product_tag":[3427,3426],"class_list":{"0":"post-344471","1":"product","2":"type-product","3":"status-publish","4":"has-post-thumbnail","6":"product_cat-buenos-planes","7":"product_cat-tablas-wing-foil-mejor-precio","8":"product_tag-ingenioso","9":"product_tag-principiante","10":"product_shipping_class-unidad-de-tablero-duro","12":"first","13":"instock","14":"taxable","15":"shipping-taxable","16":"purchasable","17":"product-type-variable"},"acf":[],"yoast_head":"<!-- This site is optimized with the Yoast SEO plugin v27.4 - https:\/\/yoast.com\/product\/yoast-seo-wordpress\/ -->\n<title>Tabla de iniciaci\u00f3n al Foil Wing Sky Rider SROKA<\/title>\n<meta name=\"description\" content=\"Aprende a volar con la tabla de iniciaci\u00f3n Wing foil Sky Rider Sroka. Estable, r\u00edgida y duradera, s\u00f3lida de PVC, dise\u00f1o s\u00e1ndwich de fibra de vidrio.\" \/>\n<meta name=\"robots\" content=\"index, follow, max-snippet:-1, max-image-preview:large, max-video-preview:-1\" \/>\n<link rel=\"canonical\" href=\"https:\/\/srokacompany.com\/es\/produit\/wing-board-foil-sky-rider-54-57-60\/\" \/>\n<meta property=\"og:locale\" content=\"es_ES\" \/>\n<meta property=\"og:type\" content=\"article\" \/>\n<meta property=\"og:title\" content=\"Tabla de iniciaci\u00f3n al Foil Wing Sky Rider SROKA\" \/>\n<meta property=\"og:description\" content=\"Aprende a volar con la tabla de iniciaci\u00f3n Wing foil Sky Rider Sroka. Estable, r\u00edgida y duradera, s\u00f3lida de PVC, dise\u00f1o s\u00e1ndwich de fibra de vidrio.\" \/>\n<meta property=\"og:url\" content=\"https:\/\/srokacompany.com\/es\/produit\/wing-board-foil-sky-rider-54-57-60\/\" \/>\n<meta property=\"og:site_name\" content=\"SROKA Company\" \/>\n<meta property=\"article:publisher\" content=\"https:\/\/www.facebook.com\/srokawatersports\/\" \/>\n<meta property=\"article:modified_time\" content=\"2026-02-25T10:07:11+00:00\" \/>\n<meta property=\"og:image\" content=\"https:\/\/srokacompany.com\/wp-content\/uploads\/2023\/02\/Planche-de-wing-foil-Sky-rider.jpg\" \/>\n\t<meta property=\"og:image:width\" content=\"1080\" \/>\n\t<meta property=\"og:image:height\" content=\"1080\" \/>\n\t<meta property=\"og:image:type\" content=\"image\/jpeg\" \/>\n<meta name=\"twitter:label1\" content=\"Tiempo de lectura\" \/>\n\t<meta name=\"twitter:data1\" content=\"2 minutos\" \/>\n<script type=\"application\/ld+json\" class=\"yoast-schema-graph\">{\"@context\":\"https:\\\/\\\/schema.org\",\"@graph\":[{\"@type\":\"WebPage\",\"@id\":\"https:\\\/\\\/srokacompany.com\\\/es\\\/produit\\\/wing-board-foil-sky-rider-54-57-60\\\/\",\"url\":\"https:\\\/\\\/srokacompany.com\\\/es\\\/produit\\\/wing-board-foil-sky-rider-54-57-60\\\/\",\"name\":\"Tabla de iniciaci\u00f3n al Foil Wing Sky Rider SROKA\",\"isPartOf\":{\"@id\":\"https:\\\/\\\/srokacompany.com\\\/es\\\/#website\"},\"primaryImageOfPage\":{\"@id\":\"https:\\\/\\\/srokacompany.com\\\/es\\\/produit\\\/wing-board-foil-sky-rider-54-57-60\\\/#primaryimage\"},\"image\":{\"@id\":\"https:\\\/\\\/srokacompany.com\\\/es\\\/produit\\\/wing-board-foil-sky-rider-54-57-60\\\/#primaryimage\"},\"thumbnailUrl\":\"https:\\\/\\\/srokacompany.com\\\/wp-content\\\/uploads\\\/2023\\\/02\\\/Planche-de-wing-foil-Sky-rider.jpg\",\"datePublished\":\"2024-01-09T10:12:00+00:00\",\"dateModified\":\"2026-02-25T10:07:11+00:00\",\"description\":\"Aprende a volar con la tabla de iniciaci\u00f3n Wing foil Sky Rider Sroka. Estable, r\u00edgida y duradera, s\u00f3lida de PVC, dise\u00f1o s\u00e1ndwich de fibra de vidrio.\",\"breadcrumb\":{\"@id\":\"https:\\\/\\\/srokacompany.com\\\/es\\\/produit\\\/wing-board-foil-sky-rider-54-57-60\\\/#breadcrumb\"},\"inLanguage\":\"es\",\"potentialAction\":[{\"@type\":\"ReadAction\",\"target\":[\"https:\\\/\\\/srokacompany.com\\\/es\\\/produit\\\/wing-board-foil-sky-rider-54-57-60\\\/\"]}]},{\"@type\":\"ImageObject\",\"inLanguage\":\"es\",\"@id\":\"https:\\\/\\\/srokacompany.com\\\/es\\\/produit\\\/wing-board-foil-sky-rider-54-57-60\\\/#primaryimage\",\"url\":\"https:\\\/\\\/srokacompany.com\\\/wp-content\\\/uploads\\\/2023\\\/02\\\/Planche-de-wing-foil-Sky-rider.jpg\",\"contentUrl\":\"https:\\\/\\\/srokacompany.com\\\/wp-content\\\/uploads\\\/2023\\\/02\\\/Planche-de-wing-foil-Sky-rider.jpg\",\"width\":1080,\"height\":1080,\"caption\":\"ala foil tabla principiante\"},{\"@type\":\"BreadcrumbList\",\"@id\":\"https:\\\/\\\/srokacompany.com\\\/es\\\/produit\\\/wing-board-foil-sky-rider-54-57-60\\\/#breadcrumb\",\"itemListElement\":[{\"@type\":\"ListItem\",\"position\":1,\"name\":\"Accueil\",\"item\":\"https:\\\/\\\/srokacompany.com\\\/es\\\/\"},{\"@type\":\"ListItem\",\"position\":2,\"name\":\"Tienda\",\"item\":\"https:\\\/\\\/srokacompany.com\\\/tienda\\\/\"},{\"@type\":\"ListItem\",\"position\":3,\"name\":\"Wing board foil Sky Rider : 5&rsquo;4 &#8211; 5&rsquo;7 &#8211; 6&rsquo;0\"}]},{\"@type\":\"WebSite\",\"@id\":\"https:\\\/\\\/srokacompany.com\\\/es\\\/#website\",\"url\":\"https:\\\/\\\/srokacompany.com\\\/es\\\/\",\"name\":\"SROKA Company\",\"description\":\"SUP, Kite, Foil, Wing\",\"publisher\":{\"@id\":\"https:\\\/\\\/srokacompany.com\\\/es\\\/#organization\"},\"potentialAction\":[{\"@type\":\"SearchAction\",\"target\":{\"@type\":\"EntryPoint\",\"urlTemplate\":\"https:\\\/\\\/srokacompany.com\\\/es\\\/?s={search_term_string}\"},\"query-input\":{\"@type\":\"PropertyValueSpecification\",\"valueRequired\":true,\"valueName\":\"search_term_string\"}}],\"inLanguage\":\"es\"},{\"@type\":\"Organization\",\"@id\":\"https:\\\/\\\/srokacompany.com\\\/es\\\/#organization\",\"name\":\"SROKACOMPANY\",\"alternateName\":\"SROKA\",\"url\":\"https:\\\/\\\/srokacompany.com\\\/es\\\/\",\"logo\":{\"@type\":\"ImageObject\",\"inLanguage\":\"es\",\"@id\":\"https:\\\/\\\/srokacompany.com\\\/es\\\/#\\\/schema\\\/logo\\\/image\\\/\",\"url\":\"https:\\\/\\\/srokacompany.com\\\/wp-content\\\/uploads\\\/2021\\\/01\\\/logo-sroka-black-transpa.png\",\"contentUrl\":\"https:\\\/\\\/srokacompany.com\\\/wp-content\\\/uploads\\\/2021\\\/01\\\/logo-sroka-black-transpa.png\",\"width\":1201,\"height\":342,\"caption\":\"SROKACOMPANY\"},\"image\":{\"@id\":\"https:\\\/\\\/srokacompany.com\\\/es\\\/#\\\/schema\\\/logo\\\/image\\\/\"},\"sameAs\":[\"https:\\\/\\\/www.facebook.com\\\/srokawatersports\\\/\",\"https:\\\/\\\/www.instagram.com\\\/srokawatersports\\\/\",\"https:\\\/\\\/www.youtube.com\\\/channel\\\/UCVLHHeaPIm-J5bdEUgxqtZA\"]}]}<\/script>\n<!-- \/ Yoast SEO plugin. -->","yoast_head_json":{"title":"Tabla de iniciaci\u00f3n al Foil Wing Sky Rider SROKA","description":"Aprende a volar con la tabla de iniciaci\u00f3n Wing foil Sky Rider Sroka. Estable, r\u00edgida y duradera, s\u00f3lida de PVC, dise\u00f1o s\u00e1ndwich de fibra de vidrio.","robots":{"index":"index","follow":"follow","max-snippet":"max-snippet:-1","max-image-preview":"max-image-preview:large","max-video-preview":"max-video-preview:-1"},"canonical":"https:\/\/srokacompany.com\/es\/produit\/wing-board-foil-sky-rider-54-57-60\/","og_locale":"es_ES","og_type":"article","og_title":"Tabla de iniciaci\u00f3n al Foil Wing Sky Rider SROKA","og_description":"Aprende a volar con la tabla de iniciaci\u00f3n Wing foil Sky Rider Sroka. Estable, r\u00edgida y duradera, s\u00f3lida de PVC, dise\u00f1o s\u00e1ndwich de fibra de vidrio.","og_url":"https:\/\/srokacompany.com\/es\/produit\/wing-board-foil-sky-rider-54-57-60\/","og_site_name":"SROKA Company","article_publisher":"https:\/\/www.facebook.com\/srokawatersports\/","article_modified_time":"2026-02-25T10:07:11+00:00","og_image":[{"width":1080,"height":1080,"url":"https:\/\/srokacompany.com\/wp-content\/uploads\/2023\/02\/Planche-de-wing-foil-Sky-rider.jpg","type":"image\/jpeg"}],"twitter_misc":{"Tiempo de lectura":"2 minutos"},"schema":{"@context":"https:\/\/schema.org","@graph":[{"@type":"WebPage","@id":"https:\/\/srokacompany.com\/es\/produit\/wing-board-foil-sky-rider-54-57-60\/","url":"https:\/\/srokacompany.com\/es\/produit\/wing-board-foil-sky-rider-54-57-60\/","name":"Tabla de iniciaci\u00f3n al Foil Wing Sky Rider SROKA","isPartOf":{"@id":"https:\/\/srokacompany.com\/es\/#website"},"primaryImageOfPage":{"@id":"https:\/\/srokacompany.com\/es\/produit\/wing-board-foil-sky-rider-54-57-60\/#primaryimage"},"image":{"@id":"https:\/\/srokacompany.com\/es\/produit\/wing-board-foil-sky-rider-54-57-60\/#primaryimage"},"thumbnailUrl":"https:\/\/srokacompany.com\/wp-content\/uploads\/2023\/02\/Planche-de-wing-foil-Sky-rider.jpg","datePublished":"2024-01-09T10:12:00+00:00","dateModified":"2026-02-25T10:07:11+00:00","description":"Aprende a volar con la tabla de iniciaci\u00f3n Wing foil Sky Rider Sroka. Estable, r\u00edgida y duradera, s\u00f3lida de PVC, dise\u00f1o s\u00e1ndwich de fibra de vidrio.","breadcrumb":{"@id":"https:\/\/srokacompany.com\/es\/produit\/wing-board-foil-sky-rider-54-57-60\/#breadcrumb"},"inLanguage":"es","potentialAction":[{"@type":"ReadAction","target":["https:\/\/srokacompany.com\/es\/produit\/wing-board-foil-sky-rider-54-57-60\/"]}]},{"@type":"ImageObject","inLanguage":"es","@id":"https:\/\/srokacompany.com\/es\/produit\/wing-board-foil-sky-rider-54-57-60\/#primaryimage","url":"https:\/\/srokacompany.com\/wp-content\/uploads\/2023\/02\/Planche-de-wing-foil-Sky-rider.jpg","contentUrl":"https:\/\/srokacompany.com\/wp-content\/uploads\/2023\/02\/Planche-de-wing-foil-Sky-rider.jpg","width":1080,"height":1080,"caption":"ala foil tabla principiante"},{"@type":"BreadcrumbList","@id":"https:\/\/srokacompany.com\/es\/produit\/wing-board-foil-sky-rider-54-57-60\/#breadcrumb","itemListElement":[{"@type":"ListItem","position":1,"name":"Accueil","item":"https:\/\/srokacompany.com\/es\/"},{"@type":"ListItem","position":2,"name":"Tienda","item":"https:\/\/srokacompany.com\/tienda\/"},{"@type":"ListItem","position":3,"name":"Wing board foil Sky Rider : 5&rsquo;4 &#8211; 5&rsquo;7 &#8211; 6&rsquo;0"}]},{"@type":"WebSite","@id":"https:\/\/srokacompany.com\/es\/#website","url":"https:\/\/srokacompany.com\/es\/","name":"SROKA Company","description":"SUP, Kite, Foil, Wing","publisher":{"@id":"https:\/\/srokacompany.com\/es\/#organization"},"potentialAction":[{"@type":"SearchAction","target":{"@type":"EntryPoint","urlTemplate":"https:\/\/srokacompany.com\/es\/?s={search_term_string}"},"query-input":{"@type":"PropertyValueSpecification","valueRequired":true,"valueName":"search_term_string"}}],"inLanguage":"es"},{"@type":"Organization","@id":"https:\/\/srokacompany.com\/es\/#organization","name":"SROKACOMPANY","alternateName":"SROKA","url":"https:\/\/srokacompany.com\/es\/","logo":{"@type":"ImageObject","inLanguage":"es","@id":"https:\/\/srokacompany.com\/es\/#\/schema\/logo\/image\/","url":"https:\/\/srokacompany.com\/wp-content\/uploads\/2021\/01\/logo-sroka-black-transpa.png","contentUrl":"https:\/\/srokacompany.com\/wp-content\/uploads\/2021\/01\/logo-sroka-black-transpa.png","width":1201,"height":342,"caption":"SROKACOMPANY"},"image":{"@id":"https:\/\/srokacompany.com\/es\/#\/schema\/logo\/image\/"},"sameAs":["https:\/\/www.facebook.com\/srokawatersports\/","https:\/\/www.instagram.com\/srokawatersports\/","https:\/\/www.youtube.com\/channel\/UCVLHHeaPIm-J5bdEUgxqtZA"]}]}},"uagb_featured_image_src":{"full":["https:\/\/srokacompany.com\/wp-content\/uploads\/2023\/02\/Planche-de-wing-foil-Sky-rider.jpg",1080,1080,false],"thumbnail":["https:\/\/srokacompany.com\/wp-content\/uploads\/2023\/02\/Planche-de-wing-foil-Sky-rider-150x150.jpg",150,150,true],"medium":["https:\/\/srokacompany.com\/wp-content\/uploads\/2023\/02\/Planche-de-wing-foil-Sky-rider-300x300.jpg",300,300,true],"medium_large":["https:\/\/srokacompany.com\/wp-content\/uploads\/2023\/02\/Planche-de-wing-foil-Sky-rider-768x768.jpg",768,768,true],"large":["https:\/\/srokacompany.com\/wp-content\/uploads\/2023\/02\/Planche-de-wing-foil-Sky-rider-1024x1024.jpg",1024,1024,true],"1536x1536":["https:\/\/srokacompany.com\/wp-content\/uploads\/2023\/02\/Planche-de-wing-foil-Sky-rider.jpg",1080,1080,false],"2048x2048":["https:\/\/srokacompany.com\/wp-content\/uploads\/2023\/02\/Planche-de-wing-foil-Sky-rider.jpg",1080,1080,false],"woocommerce_thumbnail":["https:\/\/srokacompany.com\/wp-content\/uploads\/2023\/02\/Planche-de-wing-foil-Sky-rider-600x600.jpg",600,600,true],"woocommerce_single":["https:\/\/srokacompany.com\/wp-content\/uploads\/2023\/02\/Planche-de-wing-foil-Sky-rider-600x600.jpg",600,600,true],"woocommerce_gallery_thumbnail":["https:\/\/srokacompany.com\/wp-content\/uploads\/2023\/02\/Planche-de-wing-foil-Sky-rider-100x100.jpg",100,100,true],"dgwt-wcas-product-suggestion":["https:\/\/srokacompany.com\/wp-content\/uploads\/2023\/02\/Planche-de-wing-foil-Sky-rider.jpg",64,64,false]},"uagb_author_info":{"display_name":"Emmanuel DIJOUX","author_link":"https:\/\/srokacompany.com\/es\/blog\/author\/"},"uagb_comment_info":0,"uagb_excerpt":"Aprende a volar con la tabla de iniciaci\u00f3n Wing foil Sky Rider SROKA. Dise\u00f1ada para una m\u00e1xima estabilidad y una r\u00e1pida progresi\u00f3n, esta tabla de Wing foil para principiantes es la tabla ideal para tus primeras sesiones. Su construcci\u00f3n r\u00edgida en s\u00e1ndwich de PVC y fibra de vidrio garantiza una durabilidad excepcional y un despegue&hellip;","jetpack_sharing_enabled":true,"_links":{"self":[{"href":"https:\/\/srokacompany.com\/es\/wp-json\/wp\/v2\/product\/344471","targetHints":{"allow":["GET"]}}],"collection":[{"href":"https:\/\/srokacompany.com\/es\/wp-json\/wp\/v2\/product"}],"about":[{"href":"https:\/\/srokacompany.com\/es\/wp-json\/wp\/v2\/types\/product"}],"wp:featuredmedia":[{"embeddable":true,"href":"https:\/\/srokacompany.com\/es\/wp-json\/wp\/v2\/media\/344494"}],"wp:attachment":[{"href":"https:\/\/srokacompany.com\/es\/wp-json\/wp\/v2\/media?parent=344471"}],"wp:term":[{"taxonomy":"product_brand","embeddable":true,"href":"https:\/\/srokacompany.com\/es\/wp-json\/wp\/v2\/product_brand?post=344471"},{"taxonomy":"product_cat","embeddable":true,"href":"https:\/\/srokacompany.com\/es\/wp-json\/wp\/v2\/product_cat?post=344471"},{"taxonomy":"product_tag","embeddable":true,"href":"https:\/\/srokacompany.com\/es\/wp-json\/wp\/v2\/product_tag?post=344471"}],"curies":[{"name":"wp","href":"https:\/\/api.w.org\/{rel}","templated":true}]}}