{"id":344542,"date":"2024-02-01T13:13:20","date_gmt":"2024-02-01T11:13:20","guid":{"rendered":"https:\/\/srokacompany.com\/produit\/tabla-dw-72-gama-elite\/"},"modified":"2026-01-08T16:22:37","modified_gmt":"2026-01-08T14:22:37","slug":"tabla-dw-72-gama-elite","status":"publish","type":"product","link":"https:\/\/srokacompany.com\/es\/produit\/tabla-dw-72-gama-elite\/","title":{"rendered":"Tabla DW 7&#8217;2 &#8211; Gama Elite"},"content":{"rendered":"<hr>\n<p>Est\u00e1s buscando una <strong>tabla de alas foil<\/strong> <strong>y SUP foil para navegar<\/strong> <strong>con viento ultraligero<\/strong> en 5 nudos o con largos downwinds en el swell. Hemos desarrollado una gama de tablas para ayudarte a empezar de la mejor manera posible desde el principio, y para proporcionarte un deslizamiento y una facilidad de uso inmejorables en las olas. Es <strong>la gama DW 7&#8217;2 a DW 8&#8217;3<\/strong>. Con las tablas DFW 7&#8217;2 y 7&#8217;2W, descubre el pin\u00e1culo del ala foil downwind y la experiencia del viento ultraligero, donde cada aspecto de esta tabla est\u00e1 dise\u00f1ado para ofrecerte unas ventajas inigualables en t\u00e9rminos de<strong>rendimiento, comodidad, control y durabilidad.<\/strong> Una tabla perfecta para cualquiera que quiera ir a favor del viento en wing, pr\u00f4ne y Wingfoil free ride o simplemente empezar muy pronto con viento flojo.   <\/p>\n<p>La gama Dw 8&#8217;3 est\u00e1 dise\u00f1ada principalmente para la navegaci\u00f3n a favor del viento. Se presenta en 4 tama\u00f1os y vol\u00famenes diferentes: puedes elegir entre 17 \/ 19 \/ 21 y 23 pulgadas de ancho con un volumen que va de 105 L a 135 L. Forma parte de la gama Elite, lo que le confiere unas cualidades excepcionales, as\u00ed como una bolsa de tabla de calidad incluida en el precio. El combo ideal con la Elite o la Solo de carbono foil para sesiones de deslizamiento y finura.  <\/p>\n","protected":false},"excerpt":{"rendered":"<p>Downwind \/ Ligth wind board en Wing foil y SUP foil. Construcci\u00f3n completa en sandwich de carbono. <\/p>\n","protected":false},"featured_media":344548,"template":"","meta":{"_acf_changed":false,"_uag_custom_page_level_css":""},"product_brand":[],"product_cat":[3565,3521,3864,3566,3523,3525,3538,4260,3444],"product_tag":[3429,3527,3450,3427],"class_list":{"0":"post-344542","1":"product","2":"type-product","3":"status-publish","4":"has-post-thumbnail","6":"product_cat-downwind-es","7":"product_cat-elite-es","8":"product_cat-sup-foil","9":"product_cat-tablas-downwind-domine-el-oleaje-con-rendimiento-y-placer","10":"product_cat-tablas-wing-foil-mejor-precio","11":"product_cat-tablero-de-la-gama-elite","12":"product_cat-tableros-sup-foil","13":"product_cat-viernes-negro","14":"product_cat-wing-foil-es","15":"product_tag-avanzado","16":"product_tag-elite-es","17":"product_tag-experto","18":"product_tag-ingenioso","19":"product_shipping_class-tablero-2025","21":"first","22":"instock","23":"sale","24":"taxable","25":"shipping-taxable","26":"purchasable","27":"product-type-variable"},"acf":[],"yoast_head":"<!-- This site is optimized with the Yoast SEO plugin v27.4 - https:\/\/yoast.com\/product\/yoast-seo-wordpress\/ -->\n<title>Tabla Downwind &amp; Viento flojo : El DW de la gama Elite<\/title>\n<meta name=\"description\" content=\"Descubra Downwind &amp; tablas de vela ultraligeras foil: La DW forma parte de la gama ELite: una tabla SROKA de gama alta.\" \/>\n<meta name=\"robots\" content=\"index, follow, max-snippet:-1, max-image-preview:large, max-video-preview:-1\" \/>\n<link rel=\"canonical\" href=\"https:\/\/srokacompany.com\/es\/produit\/tabla-dw-72-gama-elite\/\" \/>\n<meta property=\"og:locale\" content=\"es_ES\" \/>\n<meta property=\"og:type\" content=\"article\" \/>\n<meta property=\"og:title\" content=\"Tabla Downwind &amp; Viento flojo : El DW de la gama Elite\" \/>\n<meta property=\"og:description\" content=\"Descubra Downwind &amp; tablas de vela ultraligeras foil: La DW forma parte de la gama ELite: una tabla SROKA de gama alta.\" \/>\n<meta property=\"og:url\" content=\"https:\/\/srokacompany.com\/es\/produit\/tabla-dw-72-gama-elite\/\" \/>\n<meta property=\"og:site_name\" content=\"SROKA Company\" \/>\n<meta property=\"article:publisher\" content=\"https:\/\/www.facebook.com\/srokawatersports\/\" \/>\n<meta property=\"article:modified_time\" content=\"2026-01-08T14:22:37+00:00\" \/>\n<meta property=\"og:image\" content=\"https:\/\/srokacompany.com\/wp-content\/uploads\/2024\/02\/DW-72-scaled.png\" \/>\n\t<meta property=\"og:image:width\" content=\"2560\" \/>\n\t<meta property=\"og:image:height\" content=\"2401\" \/>\n\t<meta property=\"og:image:type\" content=\"image\/png\" \/>\n<meta name=\"twitter:label1\" content=\"Tiempo de lectura\" \/>\n\t<meta name=\"twitter:data1\" content=\"1 minuto\" \/>\n<script type=\"application\/ld+json\" class=\"yoast-schema-graph\">{\"@context\":\"https:\\\/\\\/schema.org\",\"@graph\":[{\"@type\":\"WebPage\",\"@id\":\"https:\\\/\\\/srokacompany.com\\\/es\\\/produit\\\/tabla-dw-72-gama-elite\\\/\",\"url\":\"https:\\\/\\\/srokacompany.com\\\/es\\\/produit\\\/tabla-dw-72-gama-elite\\\/\",\"name\":\"Tabla Downwind & Viento flojo : El DW de la gama Elite\",\"isPartOf\":{\"@id\":\"https:\\\/\\\/srokacompany.com\\\/es\\\/#website\"},\"primaryImageOfPage\":{\"@id\":\"https:\\\/\\\/srokacompany.com\\\/es\\\/produit\\\/tabla-dw-72-gama-elite\\\/#primaryimage\"},\"image\":{\"@id\":\"https:\\\/\\\/srokacompany.com\\\/es\\\/produit\\\/tabla-dw-72-gama-elite\\\/#primaryimage\"},\"thumbnailUrl\":\"https:\\\/\\\/srokacompany.com\\\/wp-content\\\/uploads\\\/2024\\\/02\\\/DW-72-scaled.png\",\"datePublished\":\"2024-02-01T11:13:20+00:00\",\"dateModified\":\"2026-01-08T14:22:37+00:00\",\"description\":\"Descubra Downwind & tablas de vela ultraligeras foil: La DW forma parte de la gama ELite: una tabla SROKA de gama alta.\",\"breadcrumb\":{\"@id\":\"https:\\\/\\\/srokacompany.com\\\/es\\\/produit\\\/tabla-dw-72-gama-elite\\\/#breadcrumb\"},\"inLanguage\":\"es\",\"potentialAction\":[{\"@type\":\"ReadAction\",\"target\":[\"https:\\\/\\\/srokacompany.com\\\/es\\\/produit\\\/tabla-dw-72-gama-elite\\\/\"]}]},{\"@type\":\"ImageObject\",\"inLanguage\":\"es\",\"@id\":\"https:\\\/\\\/srokacompany.com\\\/es\\\/produit\\\/tabla-dw-72-gama-elite\\\/#primaryimage\",\"url\":\"https:\\\/\\\/srokacompany.com\\\/wp-content\\\/uploads\\\/2024\\\/02\\\/DW-72-scaled.png\",\"contentUrl\":\"https:\\\/\\\/srokacompany.com\\\/wp-content\\\/uploads\\\/2024\\\/02\\\/DW-72-scaled.png\",\"width\":2560,\"height\":2401},{\"@type\":\"BreadcrumbList\",\"@id\":\"https:\\\/\\\/srokacompany.com\\\/es\\\/produit\\\/tabla-dw-72-gama-elite\\\/#breadcrumb\",\"itemListElement\":[{\"@type\":\"ListItem\",\"position\":1,\"name\":\"Accueil\",\"item\":\"https:\\\/\\\/srokacompany.com\\\/es\\\/\"},{\"@type\":\"ListItem\",\"position\":2,\"name\":\"Tienda\",\"item\":\"https:\\\/\\\/srokacompany.com\\\/tienda\\\/\"},{\"@type\":\"ListItem\",\"position\":3,\"name\":\"Tabla DW 7&rsquo;2 &#8211; Gama Elite\"}]},{\"@type\":\"WebSite\",\"@id\":\"https:\\\/\\\/srokacompany.com\\\/es\\\/#website\",\"url\":\"https:\\\/\\\/srokacompany.com\\\/es\\\/\",\"name\":\"SROKA Company\",\"description\":\"SUP, Kite, Foil, Wing\",\"publisher\":{\"@id\":\"https:\\\/\\\/srokacompany.com\\\/es\\\/#organization\"},\"potentialAction\":[{\"@type\":\"SearchAction\",\"target\":{\"@type\":\"EntryPoint\",\"urlTemplate\":\"https:\\\/\\\/srokacompany.com\\\/es\\\/?s={search_term_string}\"},\"query-input\":{\"@type\":\"PropertyValueSpecification\",\"valueRequired\":true,\"valueName\":\"search_term_string\"}}],\"inLanguage\":\"es\"},{\"@type\":\"Organization\",\"@id\":\"https:\\\/\\\/srokacompany.com\\\/es\\\/#organization\",\"name\":\"SROKACOMPANY\",\"alternateName\":\"SROKA\",\"url\":\"https:\\\/\\\/srokacompany.com\\\/es\\\/\",\"logo\":{\"@type\":\"ImageObject\",\"inLanguage\":\"es\",\"@id\":\"https:\\\/\\\/srokacompany.com\\\/es\\\/#\\\/schema\\\/logo\\\/image\\\/\",\"url\":\"https:\\\/\\\/srokacompany.com\\\/wp-content\\\/uploads\\\/2021\\\/01\\\/logo-sroka-black-transpa.png\",\"contentUrl\":\"https:\\\/\\\/srokacompany.com\\\/wp-content\\\/uploads\\\/2021\\\/01\\\/logo-sroka-black-transpa.png\",\"width\":1201,\"height\":342,\"caption\":\"SROKACOMPANY\"},\"image\":{\"@id\":\"https:\\\/\\\/srokacompany.com\\\/es\\\/#\\\/schema\\\/logo\\\/image\\\/\"},\"sameAs\":[\"https:\\\/\\\/www.facebook.com\\\/srokawatersports\\\/\",\"https:\\\/\\\/www.instagram.com\\\/srokawatersports\\\/\",\"https:\\\/\\\/www.youtube.com\\\/channel\\\/UCVLHHeaPIm-J5bdEUgxqtZA\"]}]}<\/script>\n<!-- \/ Yoast SEO plugin. -->","yoast_head_json":{"title":"Tabla Downwind & Viento flojo : El DW de la gama Elite","description":"Descubra Downwind & tablas de vela ultraligeras foil: La DW forma parte de la gama ELite: una tabla SROKA de gama alta.","robots":{"index":"index","follow":"follow","max-snippet":"max-snippet:-1","max-image-preview":"max-image-preview:large","max-video-preview":"max-video-preview:-1"},"canonical":"https:\/\/srokacompany.com\/es\/produit\/tabla-dw-72-gama-elite\/","og_locale":"es_ES","og_type":"article","og_title":"Tabla Downwind & Viento flojo : El DW de la gama Elite","og_description":"Descubra Downwind & tablas de vela ultraligeras foil: La DW forma parte de la gama ELite: una tabla SROKA de gama alta.","og_url":"https:\/\/srokacompany.com\/es\/produit\/tabla-dw-72-gama-elite\/","og_site_name":"SROKA Company","article_publisher":"https:\/\/www.facebook.com\/srokawatersports\/","article_modified_time":"2026-01-08T14:22:37+00:00","og_image":[{"width":2560,"height":2401,"url":"https:\/\/srokacompany.com\/wp-content\/uploads\/2024\/02\/DW-72-scaled.png","type":"image\/png"}],"twitter_misc":{"Tiempo de lectura":"1 minuto"},"schema":{"@context":"https:\/\/schema.org","@graph":[{"@type":"WebPage","@id":"https:\/\/srokacompany.com\/es\/produit\/tabla-dw-72-gama-elite\/","url":"https:\/\/srokacompany.com\/es\/produit\/tabla-dw-72-gama-elite\/","name":"Tabla Downwind & Viento flojo : El DW de la gama Elite","isPartOf":{"@id":"https:\/\/srokacompany.com\/es\/#website"},"primaryImageOfPage":{"@id":"https:\/\/srokacompany.com\/es\/produit\/tabla-dw-72-gama-elite\/#primaryimage"},"image":{"@id":"https:\/\/srokacompany.com\/es\/produit\/tabla-dw-72-gama-elite\/#primaryimage"},"thumbnailUrl":"https:\/\/srokacompany.com\/wp-content\/uploads\/2024\/02\/DW-72-scaled.png","datePublished":"2024-02-01T11:13:20+00:00","dateModified":"2026-01-08T14:22:37+00:00","description":"Descubra Downwind & tablas de vela ultraligeras foil: La DW forma parte de la gama ELite: una tabla SROKA de gama alta.","breadcrumb":{"@id":"https:\/\/srokacompany.com\/es\/produit\/tabla-dw-72-gama-elite\/#breadcrumb"},"inLanguage":"es","potentialAction":[{"@type":"ReadAction","target":["https:\/\/srokacompany.com\/es\/produit\/tabla-dw-72-gama-elite\/"]}]},{"@type":"ImageObject","inLanguage":"es","@id":"https:\/\/srokacompany.com\/es\/produit\/tabla-dw-72-gama-elite\/#primaryimage","url":"https:\/\/srokacompany.com\/wp-content\/uploads\/2024\/02\/DW-72-scaled.png","contentUrl":"https:\/\/srokacompany.com\/wp-content\/uploads\/2024\/02\/DW-72-scaled.png","width":2560,"height":2401},{"@type":"BreadcrumbList","@id":"https:\/\/srokacompany.com\/es\/produit\/tabla-dw-72-gama-elite\/#breadcrumb","itemListElement":[{"@type":"ListItem","position":1,"name":"Accueil","item":"https:\/\/srokacompany.com\/es\/"},{"@type":"ListItem","position":2,"name":"Tienda","item":"https:\/\/srokacompany.com\/tienda\/"},{"@type":"ListItem","position":3,"name":"Tabla DW 7&rsquo;2 &#8211; Gama Elite"}]},{"@type":"WebSite","@id":"https:\/\/srokacompany.com\/es\/#website","url":"https:\/\/srokacompany.com\/es\/","name":"SROKA Company","description":"SUP, Kite, Foil, Wing","publisher":{"@id":"https:\/\/srokacompany.com\/es\/#organization"},"potentialAction":[{"@type":"SearchAction","target":{"@type":"EntryPoint","urlTemplate":"https:\/\/srokacompany.com\/es\/?s={search_term_string}"},"query-input":{"@type":"PropertyValueSpecification","valueRequired":true,"valueName":"search_term_string"}}],"inLanguage":"es"},{"@type":"Organization","@id":"https:\/\/srokacompany.com\/es\/#organization","name":"SROKACOMPANY","alternateName":"SROKA","url":"https:\/\/srokacompany.com\/es\/","logo":{"@type":"ImageObject","inLanguage":"es","@id":"https:\/\/srokacompany.com\/es\/#\/schema\/logo\/image\/","url":"https:\/\/srokacompany.com\/wp-content\/uploads\/2021\/01\/logo-sroka-black-transpa.png","contentUrl":"https:\/\/srokacompany.com\/wp-content\/uploads\/2021\/01\/logo-sroka-black-transpa.png","width":1201,"height":342,"caption":"SROKACOMPANY"},"image":{"@id":"https:\/\/srokacompany.com\/es\/#\/schema\/logo\/image\/"},"sameAs":["https:\/\/www.facebook.com\/srokawatersports\/","https:\/\/www.instagram.com\/srokawatersports\/","https:\/\/www.youtube.com\/channel\/UCVLHHeaPIm-J5bdEUgxqtZA"]}]}},"uagb_featured_image_src":{"full":["https:\/\/srokacompany.com\/wp-content\/uploads\/2024\/02\/DW-72-scaled.png",2560,2401,false],"thumbnail":["https:\/\/srokacompany.com\/wp-content\/uploads\/2024\/02\/DW-72-150x150.png",150,150,true],"medium":["https:\/\/srokacompany.com\/wp-content\/uploads\/2024\/02\/DW-72-300x281.png",300,281,true],"medium_large":["https:\/\/srokacompany.com\/wp-content\/uploads\/2024\/02\/DW-72-768x720.png",768,720,true],"large":["https:\/\/srokacompany.com\/wp-content\/uploads\/2024\/02\/DW-72-1024x960.png",1024,960,true],"1536x1536":["https:\/\/srokacompany.com\/wp-content\/uploads\/2024\/02\/DW-72-1536x1441.png",1536,1441,true],"2048x2048":["https:\/\/srokacompany.com\/wp-content\/uploads\/2024\/02\/DW-72-2048x1921.png",2048,1921,true],"woocommerce_thumbnail":["https:\/\/srokacompany.com\/wp-content\/uploads\/2024\/02\/DW-72-600x563.png",600,563,true],"woocommerce_single":["https:\/\/srokacompany.com\/wp-content\/uploads\/2024\/02\/DW-72-600x563.png",600,563,true],"woocommerce_gallery_thumbnail":["https:\/\/srokacompany.com\/wp-content\/uploads\/2024\/02\/DW-72-100x100.png",100,100,true],"dgwt-wcas-product-suggestion":["https:\/\/srokacompany.com\/wp-content\/uploads\/2024\/02\/DW-72-64x60.png",64,60,true]},"uagb_author_info":{"display_name":"Bruno Sroka","author_link":"https:\/\/srokacompany.com\/es\/blog\/author\/"},"uagb_comment_info":0,"uagb_excerpt":"Downwind \/ Ligth wind board en Wing foil y SUP foil. Construcci\u00f3n completa en sandwich de carbono.","jetpack_sharing_enabled":true,"_links":{"self":[{"href":"https:\/\/srokacompany.com\/es\/wp-json\/wp\/v2\/product\/344542","targetHints":{"allow":["GET"]}}],"collection":[{"href":"https:\/\/srokacompany.com\/es\/wp-json\/wp\/v2\/product"}],"about":[{"href":"https:\/\/srokacompany.com\/es\/wp-json\/wp\/v2\/types\/product"}],"wp:featuredmedia":[{"embeddable":true,"href":"https:\/\/srokacompany.com\/es\/wp-json\/wp\/v2\/media\/344548"}],"wp:attachment":[{"href":"https:\/\/srokacompany.com\/es\/wp-json\/wp\/v2\/media?parent=344542"}],"wp:term":[{"taxonomy":"product_brand","embeddable":true,"href":"https:\/\/srokacompany.com\/es\/wp-json\/wp\/v2\/product_brand?post=344542"},{"taxonomy":"product_cat","embeddable":true,"href":"https:\/\/srokacompany.com\/es\/wp-json\/wp\/v2\/product_cat?post=344542"},{"taxonomy":"product_tag","embeddable":true,"href":"https:\/\/srokacompany.com\/es\/wp-json\/wp\/v2\/product_tag?post=344542"}],"curies":[{"name":"wp","href":"https:\/\/api.w.org\/{rel}","templated":true}]}}