{"id":344592,"date":"2024-02-16T13:13:19","date_gmt":"2024-02-16T13:13:19","guid":{"rendered":"https:\/\/srokacompany.com\/produit\/tabla-wing-foil-lw-57-66-longitud-media-elite-range\/"},"modified":"2026-01-23T11:21:48","modified_gmt":"2026-01-23T09:21:48","slug":"tabla-wing-foil-lw-57-66-longitud-media-elite-range","status":"publish","type":"product","link":"https:\/\/srokacompany.com\/es\/produit\/tabla-wing-foil-lw-57-66-longitud-media-elite-range\/","title":{"rendered":"Tabla de alas de longitud media LW 5&#8217;7 &#8211; 6&#8217;6 &#8211; Gama Elite"},"content":{"rendered":"<hr>\n<p><span class=\"citation-42\">La gama  <\/span><b><span class=\"citation-42\">LW (Viento flojo)<\/span><\/b><span class=\"citation-42\">  de SROKA, un  <\/span><b><span class=\"citation-42\">Tabla de longitud media<\/span><\/b><span class=\"citation-42\">  de la  <\/span><b><span class=\"citation-42\">Gama Elite<\/span><\/b><span class=\"citation-42 citation-end-42\">est\u00e1 dise\u00f1ado para pilotos de nivel intermedio a experto que quieren volar antes que los dem\u00e1s.<\/span> <span class=\"citation-41\">Su concepto \u00fanico, m\u00e1s  <\/span><b><span class=\"citation-41\">largo<\/span><\/b><span class=\"citation-41\">  y m\u00e1s  <\/span><b><span class=\"citation-41\">estrecho<\/span><\/b><span class=\"citation-41\">minimiza el arrastre para optimizar las sesiones  <\/span><b><span class=\"citation-41\">viento flojo<\/span><\/b><span class=\"citation-41 citation-end-41\">  o aguas interiores.<\/span><\/p>\n<h3>Forma: Velocidad y deslizamiento sin esfuerzo<\/h3>\n<p>El secreto de <b>LW<\/b> reside en reducir la zona de fricci\u00f3n para maximizar la velocidad de planeo: <\/p>\n<ul>\n<li><b>Despegue r\u00e1pido garantizado:<\/b><span class=\"citation-40 citation-end-40\"> La mayor longitud te permite coger velocidad r\u00e1pidamente, facilitando el despegue incluso con un Foil peque\u00f1o.<\/span> <span class=\"citation-39\">Despegar\u00e1 del suelo <\/span><b><span class=\"citation-39\">el doble de r\u00e1pido<\/span><\/b><span class=\"citation-39 citation-end-39\"> que con una tabla corta.<\/span><\/li>\n<li><b>Casco optimizado :<\/b><span class=\"citation-38\">  El casco plano, con una ligera  <\/span><b><span class=\"citation-38\">V<\/span><\/b><span class=\"citation-38\">  en la parte delantera y  <\/span><i><span class=\"citation-38\">Recortables<\/span><\/i><span class=\"citation-38\">  en la parte trasera, asegurando  <\/span><b><span class=\"citation-38\">aceleraci\u00f3n m\u00e1xima<\/span><\/b><span class=\"citation-38\">  y reduce la superficie mojada cuando  <\/span><i><span class=\"citation-38\">despegue<\/span><\/i><span class=\"citation-38\">  para un  <\/span><b><span class=\"citation-38\">resistencia m\u00ednima<\/span><\/b><span class=\"citation-38 citation-end-38\">.<\/span><\/li>\n<li><b>Manejabilidad fina:<\/b> Su anchura reducida (de 20&#8243; a 22&#8243;) proporciona una gran <b>maniobrabilidad<\/b> en vuelo y la m\u00e1xima capacidad de respuesta para <i>bombear<\/i> y <i>carvear<\/i> sobre el oleaje.<\/li>\n<\/ul>\n<p>&nbsp;<\/p>\n<h3>Construcci\u00f3n de carbono de \u00e9lite<\/h3>\n<p>La construcci\u00f3n <b>Full Carbon Sandwich<\/b> ofrece el equilibrio perfecto entre <b>ligereza, rigidez y resistencia<\/b>, elementos esenciales para una tabla de alto rendimiento:  <\/p>\n<ul>\n<li><b>Reactividad total :<\/b><span class=\"citation-37\"> La estructura <\/span><b><span class=\"citation-37\">Completa de carbono<\/span><\/b><span class=\"citation-37\"> (cubierta y casco) garantiza <\/span><b><span class=\"citation-37\">100% de rigidez<\/span><\/b><span class=\"citation-37 citation-end-37\">proporcionando un control absoluto de su palanca y una respuesta instant\u00e1nea a sus exigencias.<\/span><\/li>\n<li><b><span class=\"citation-36\">Versatilidad Rendimiento :<\/span><\/b><span class=\"citation-36\"> Concebido para <\/span><b><span class=\"citation-36\">Viento flojo (100%)<\/span><\/b><span class=\"citation-36\">tambi\u00e9n destaca en <\/span><b><span class=\"citation-36\">Vuelo Libre (100%)<\/span><\/b><span class=\"citation-36\"> y puede usarse como <\/span><b><span class=\"citation-36\">Downwind<\/span><\/b><span class=\"citation-36 citation-end-36\"> para pilotos peque\u00f1os.<\/span><\/li>\n<li><b>Calidad SROKA :<\/b><span class=\"citation-35\"> Entregado con una <\/span><b><span class=\"citation-35\">funda de gama alta<\/span><\/b><span class=\"citation-35 citation-end-35\"> (espuma de 10 mm) para un transporte seguro y pr\u00e1ctico.<\/span><\/li>\n<\/ul>\n<p><span class=\"citation-34\">La <\/span><b><span class=\"citation-34\">LW<\/span><\/b><span class=\"citation-34\"> no es una tabla para principiantes (falta de anchura), pero es la <\/span><b><span class=\"citation-34\">tabla cohete<\/span><\/b><span class=\"citation-34 citation-end-34\"> para los riders experimentados que buscan sacar el m\u00e1ximo partido de cada salida, sean cuales sean las condiciones de viento.<\/span><\/p>\n<p>El combo perfecto con la <a href=\"https:\/\/srokacompany.com\/es\/produit\/foil-elite-carbono-14mm-85cm\/\">foil carbon Elite<\/a> o Solo.<\/p>\n","protected":false},"excerpt":{"rendered":"<p>La <b class=\"\">LW Elite<\/b> SROKA es la tabla de <b class=\"\">arbone Wingfoil Mid-Length Full Sandwich<\/b> (de 5&#8217;7 a 6&#8217;6) para <b class=\"\">despegues ultra tempranos<\/b> y <b class=\"\">m\u00e1ximo planeo<\/b>. Ideal para <b class=\"\">Viento Ligero<\/b>, <i class=\"\">Freeride<\/i> y <i class=\"\">Downwind<\/i> f\u00e1cil. <\/p>\n<p><strong>Fin de serie<\/strong><\/p>\n","protected":false},"featured_media":344593,"template":"","meta":{"_acf_changed":false,"_uag_custom_page_level_css":""},"product_brand":[],"product_cat":[3521,3523,3525,4260,3444],"product_tag":[3429,3527,3450,3427],"class_list":{"0":"post-344592","1":"product","2":"type-product","3":"status-publish","4":"has-post-thumbnail","6":"product_cat-elite-es","7":"product_cat-tablas-wing-foil-mejor-precio","8":"product_cat-tablero-de-la-gama-elite","9":"product_cat-viernes-negro","10":"product_cat-wing-foil-es","11":"product_tag-avanzado","12":"product_tag-elite-es","13":"product_tag-experto","14":"product_tag-ingenioso","15":"product_shipping_class-tablero-2025","17":"first","18":"instock","19":"sale","20":"taxable","21":"shipping-taxable","22":"purchasable","23":"product-type-variable"},"acf":[],"yoast_head":"<!-- This site is optimized with the Yoast SEO plugin v27.4 - https:\/\/yoast.com\/product\/yoast-seo-wordpress\/ -->\n<title>Tabla de alas de longitud media : LW - Gama Elite<\/title>\n<meta name=\"description\" content=\"Descubre nuestra tabla de ala LW de longitud media de la gama Elite. Una tabla de gama alta perfecta para el wing-foil, viento flojo, prone o downwind.\" \/>\n<meta name=\"robots\" content=\"index, follow, max-snippet:-1, max-image-preview:large, max-video-preview:-1\" \/>\n<link rel=\"canonical\" href=\"https:\/\/srokacompany.com\/es\/produit\/tabla-wing-foil-lw-57-66-longitud-media-elite-range\/\" \/>\n<meta property=\"og:locale\" content=\"es_ES\" \/>\n<meta property=\"og:type\" content=\"article\" \/>\n<meta property=\"og:title\" content=\"Tabla de alas de longitud media : LW - Gama Elite\" \/>\n<meta property=\"og:description\" content=\"Descubre nuestra tabla de ala LW de longitud media de la gama Elite. Una tabla de gama alta perfecta para el wing-foil, viento flojo, prone o downwind.\" \/>\n<meta property=\"og:url\" content=\"https:\/\/srokacompany.com\/es\/produit\/tabla-wing-foil-lw-57-66-longitud-media-elite-range\/\" \/>\n<meta property=\"og:site_name\" content=\"SROKA Company\" \/>\n<meta property=\"article:publisher\" content=\"https:\/\/www.facebook.com\/srokawatersports\/\" \/>\n<meta property=\"article:modified_time\" content=\"2026-01-23T09:21:48+00:00\" \/>\n<meta property=\"og:image\" content=\"https:\/\/srokacompany.com\/wp-content\/uploads\/2024\/02\/Artboard-Copy-8-2-1024x960.png\" \/>\n\t<meta property=\"og:image:width\" content=\"1024\" \/>\n\t<meta property=\"og:image:height\" content=\"960\" \/>\n\t<meta property=\"og:image:type\" content=\"image\/png\" \/>\n<meta name=\"twitter:label1\" content=\"Tiempo de lectura\" \/>\n\t<meta name=\"twitter:data1\" content=\"2 minutos\" \/>\n<script type=\"application\/ld+json\" class=\"yoast-schema-graph\">{\"@context\":\"https:\\\/\\\/schema.org\",\"@graph\":[{\"@type\":\"WebPage\",\"@id\":\"https:\\\/\\\/srokacompany.com\\\/es\\\/produit\\\/tabla-wing-foil-lw-57-66-longitud-media-elite-range\\\/\",\"url\":\"https:\\\/\\\/srokacompany.com\\\/es\\\/produit\\\/tabla-wing-foil-lw-57-66-longitud-media-elite-range\\\/\",\"name\":\"Tabla de alas de longitud media : LW - Gama Elite\",\"isPartOf\":{\"@id\":\"https:\\\/\\\/srokacompany.com\\\/es\\\/#website\"},\"primaryImageOfPage\":{\"@id\":\"https:\\\/\\\/srokacompany.com\\\/es\\\/produit\\\/tabla-wing-foil-lw-57-66-longitud-media-elite-range\\\/#primaryimage\"},\"image\":{\"@id\":\"https:\\\/\\\/srokacompany.com\\\/es\\\/produit\\\/tabla-wing-foil-lw-57-66-longitud-media-elite-range\\\/#primaryimage\"},\"thumbnailUrl\":\"https:\\\/\\\/srokacompany.com\\\/wp-content\\\/uploads\\\/2024\\\/02\\\/Artboard-Copy-8-2.png\",\"datePublished\":\"2024-02-16T13:13:19+00:00\",\"dateModified\":\"2026-01-23T09:21:48+00:00\",\"description\":\"Descubre nuestra tabla de ala LW de longitud media de la gama Elite. Una tabla de gama alta perfecta para el wing-foil, viento flojo, prone o downwind.\",\"breadcrumb\":{\"@id\":\"https:\\\/\\\/srokacompany.com\\\/es\\\/produit\\\/tabla-wing-foil-lw-57-66-longitud-media-elite-range\\\/#breadcrumb\"},\"inLanguage\":\"es\",\"potentialAction\":[{\"@type\":\"ReadAction\",\"target\":[\"https:\\\/\\\/srokacompany.com\\\/es\\\/produit\\\/tabla-wing-foil-lw-57-66-longitud-media-elite-range\\\/\"]}]},{\"@type\":\"ImageObject\",\"inLanguage\":\"es\",\"@id\":\"https:\\\/\\\/srokacompany.com\\\/es\\\/produit\\\/tabla-wing-foil-lw-57-66-longitud-media-elite-range\\\/#primaryimage\",\"url\":\"https:\\\/\\\/srokacompany.com\\\/wp-content\\\/uploads\\\/2024\\\/02\\\/Artboard-Copy-8-2.png\",\"contentUrl\":\"https:\\\/\\\/srokacompany.com\\\/wp-content\\\/uploads\\\/2024\\\/02\\\/Artboard-Copy-8-2.png\",\"width\":1980,\"height\":1857,\"caption\":\"tabla de alas de longitud media foil\"},{\"@type\":\"BreadcrumbList\",\"@id\":\"https:\\\/\\\/srokacompany.com\\\/es\\\/produit\\\/tabla-wing-foil-lw-57-66-longitud-media-elite-range\\\/#breadcrumb\",\"itemListElement\":[{\"@type\":\"ListItem\",\"position\":1,\"name\":\"Accueil\",\"item\":\"https:\\\/\\\/srokacompany.com\\\/es\\\/\"},{\"@type\":\"ListItem\",\"position\":2,\"name\":\"Tienda\",\"item\":\"https:\\\/\\\/srokacompany.com\\\/tienda\\\/\"},{\"@type\":\"ListItem\",\"position\":3,\"name\":\"Tabla de alas de longitud media LW 5&rsquo;7 &#8211; 6&rsquo;6 &#8211; Gama Elite\"}]},{\"@type\":\"WebSite\",\"@id\":\"https:\\\/\\\/srokacompany.com\\\/es\\\/#website\",\"url\":\"https:\\\/\\\/srokacompany.com\\\/es\\\/\",\"name\":\"SROKA Company\",\"description\":\"SUP, Kite, Foil, Wing\",\"publisher\":{\"@id\":\"https:\\\/\\\/srokacompany.com\\\/es\\\/#organization\"},\"potentialAction\":[{\"@type\":\"SearchAction\",\"target\":{\"@type\":\"EntryPoint\",\"urlTemplate\":\"https:\\\/\\\/srokacompany.com\\\/es\\\/?s={search_term_string}\"},\"query-input\":{\"@type\":\"PropertyValueSpecification\",\"valueRequired\":true,\"valueName\":\"search_term_string\"}}],\"inLanguage\":\"es\"},{\"@type\":\"Organization\",\"@id\":\"https:\\\/\\\/srokacompany.com\\\/es\\\/#organization\",\"name\":\"SROKACOMPANY\",\"alternateName\":\"SROKA\",\"url\":\"https:\\\/\\\/srokacompany.com\\\/es\\\/\",\"logo\":{\"@type\":\"ImageObject\",\"inLanguage\":\"es\",\"@id\":\"https:\\\/\\\/srokacompany.com\\\/es\\\/#\\\/schema\\\/logo\\\/image\\\/\",\"url\":\"https:\\\/\\\/srokacompany.com\\\/wp-content\\\/uploads\\\/2021\\\/01\\\/logo-sroka-black-transpa.png\",\"contentUrl\":\"https:\\\/\\\/srokacompany.com\\\/wp-content\\\/uploads\\\/2021\\\/01\\\/logo-sroka-black-transpa.png\",\"width\":1201,\"height\":342,\"caption\":\"SROKACOMPANY\"},\"image\":{\"@id\":\"https:\\\/\\\/srokacompany.com\\\/es\\\/#\\\/schema\\\/logo\\\/image\\\/\"},\"sameAs\":[\"https:\\\/\\\/www.facebook.com\\\/srokawatersports\\\/\",\"https:\\\/\\\/www.instagram.com\\\/srokawatersports\\\/\",\"https:\\\/\\\/www.youtube.com\\\/channel\\\/UCVLHHeaPIm-J5bdEUgxqtZA\"]}]}<\/script>\n<!-- \/ Yoast SEO plugin. -->","yoast_head_json":{"title":"Tabla de alas de longitud media : LW - Gama Elite","description":"Descubre nuestra tabla de ala LW de longitud media de la gama Elite. Una tabla de gama alta perfecta para el wing-foil, viento flojo, prone o downwind.","robots":{"index":"index","follow":"follow","max-snippet":"max-snippet:-1","max-image-preview":"max-image-preview:large","max-video-preview":"max-video-preview:-1"},"canonical":"https:\/\/srokacompany.com\/es\/produit\/tabla-wing-foil-lw-57-66-longitud-media-elite-range\/","og_locale":"es_ES","og_type":"article","og_title":"Tabla de alas de longitud media : LW - Gama Elite","og_description":"Descubre nuestra tabla de ala LW de longitud media de la gama Elite. Una tabla de gama alta perfecta para el wing-foil, viento flojo, prone o downwind.","og_url":"https:\/\/srokacompany.com\/es\/produit\/tabla-wing-foil-lw-57-66-longitud-media-elite-range\/","og_site_name":"SROKA Company","article_publisher":"https:\/\/www.facebook.com\/srokawatersports\/","article_modified_time":"2026-01-23T09:21:48+00:00","og_image":[{"width":1024,"height":960,"url":"https:\/\/srokacompany.com\/wp-content\/uploads\/2024\/02\/Artboard-Copy-8-2-1024x960.png","type":"image\/png"}],"twitter_misc":{"Tiempo de lectura":"2 minutos"},"schema":{"@context":"https:\/\/schema.org","@graph":[{"@type":"WebPage","@id":"https:\/\/srokacompany.com\/es\/produit\/tabla-wing-foil-lw-57-66-longitud-media-elite-range\/","url":"https:\/\/srokacompany.com\/es\/produit\/tabla-wing-foil-lw-57-66-longitud-media-elite-range\/","name":"Tabla de alas de longitud media : LW - Gama Elite","isPartOf":{"@id":"https:\/\/srokacompany.com\/es\/#website"},"primaryImageOfPage":{"@id":"https:\/\/srokacompany.com\/es\/produit\/tabla-wing-foil-lw-57-66-longitud-media-elite-range\/#primaryimage"},"image":{"@id":"https:\/\/srokacompany.com\/es\/produit\/tabla-wing-foil-lw-57-66-longitud-media-elite-range\/#primaryimage"},"thumbnailUrl":"https:\/\/srokacompany.com\/wp-content\/uploads\/2024\/02\/Artboard-Copy-8-2.png","datePublished":"2024-02-16T13:13:19+00:00","dateModified":"2026-01-23T09:21:48+00:00","description":"Descubre nuestra tabla de ala LW de longitud media de la gama Elite. Una tabla de gama alta perfecta para el wing-foil, viento flojo, prone o downwind.","breadcrumb":{"@id":"https:\/\/srokacompany.com\/es\/produit\/tabla-wing-foil-lw-57-66-longitud-media-elite-range\/#breadcrumb"},"inLanguage":"es","potentialAction":[{"@type":"ReadAction","target":["https:\/\/srokacompany.com\/es\/produit\/tabla-wing-foil-lw-57-66-longitud-media-elite-range\/"]}]},{"@type":"ImageObject","inLanguage":"es","@id":"https:\/\/srokacompany.com\/es\/produit\/tabla-wing-foil-lw-57-66-longitud-media-elite-range\/#primaryimage","url":"https:\/\/srokacompany.com\/wp-content\/uploads\/2024\/02\/Artboard-Copy-8-2.png","contentUrl":"https:\/\/srokacompany.com\/wp-content\/uploads\/2024\/02\/Artboard-Copy-8-2.png","width":1980,"height":1857,"caption":"tabla de alas de longitud media foil"},{"@type":"BreadcrumbList","@id":"https:\/\/srokacompany.com\/es\/produit\/tabla-wing-foil-lw-57-66-longitud-media-elite-range\/#breadcrumb","itemListElement":[{"@type":"ListItem","position":1,"name":"Accueil","item":"https:\/\/srokacompany.com\/es\/"},{"@type":"ListItem","position":2,"name":"Tienda","item":"https:\/\/srokacompany.com\/tienda\/"},{"@type":"ListItem","position":3,"name":"Tabla de alas de longitud media LW 5&rsquo;7 &#8211; 6&rsquo;6 &#8211; Gama Elite"}]},{"@type":"WebSite","@id":"https:\/\/srokacompany.com\/es\/#website","url":"https:\/\/srokacompany.com\/es\/","name":"SROKA Company","description":"SUP, Kite, Foil, Wing","publisher":{"@id":"https:\/\/srokacompany.com\/es\/#organization"},"potentialAction":[{"@type":"SearchAction","target":{"@type":"EntryPoint","urlTemplate":"https:\/\/srokacompany.com\/es\/?s={search_term_string}"},"query-input":{"@type":"PropertyValueSpecification","valueRequired":true,"valueName":"search_term_string"}}],"inLanguage":"es"},{"@type":"Organization","@id":"https:\/\/srokacompany.com\/es\/#organization","name":"SROKACOMPANY","alternateName":"SROKA","url":"https:\/\/srokacompany.com\/es\/","logo":{"@type":"ImageObject","inLanguage":"es","@id":"https:\/\/srokacompany.com\/es\/#\/schema\/logo\/image\/","url":"https:\/\/srokacompany.com\/wp-content\/uploads\/2021\/01\/logo-sroka-black-transpa.png","contentUrl":"https:\/\/srokacompany.com\/wp-content\/uploads\/2021\/01\/logo-sroka-black-transpa.png","width":1201,"height":342,"caption":"SROKACOMPANY"},"image":{"@id":"https:\/\/srokacompany.com\/es\/#\/schema\/logo\/image\/"},"sameAs":["https:\/\/www.facebook.com\/srokawatersports\/","https:\/\/www.instagram.com\/srokawatersports\/","https:\/\/www.youtube.com\/channel\/UCVLHHeaPIm-J5bdEUgxqtZA"]}]}},"uagb_featured_image_src":{"full":["https:\/\/srokacompany.com\/wp-content\/uploads\/2024\/02\/Artboard-Copy-8-2.png",1980,1857,false],"thumbnail":["https:\/\/srokacompany.com\/wp-content\/uploads\/2024\/02\/Artboard-Copy-8-2-150x150.png",150,150,true],"medium":["https:\/\/srokacompany.com\/wp-content\/uploads\/2024\/02\/Artboard-Copy-8-2-300x281.png",300,281,true],"medium_large":["https:\/\/srokacompany.com\/wp-content\/uploads\/2024\/02\/Artboard-Copy-8-2-768x720.png",768,720,true],"large":["https:\/\/srokacompany.com\/wp-content\/uploads\/2024\/02\/Artboard-Copy-8-2-1024x960.png",1024,960,true],"1536x1536":["https:\/\/srokacompany.com\/wp-content\/uploads\/2024\/02\/Artboard-Copy-8-2-1536x1441.png",1536,1441,true],"2048x2048":["https:\/\/srokacompany.com\/wp-content\/uploads\/2024\/02\/Artboard-Copy-8-2.png",1980,1857,false],"woocommerce_thumbnail":["https:\/\/srokacompany.com\/wp-content\/uploads\/2024\/02\/Artboard-Copy-8-2-600x563.png",600,563,true],"woocommerce_single":["https:\/\/srokacompany.com\/wp-content\/uploads\/2024\/02\/Artboard-Copy-8-2-600x563.png",600,563,true],"woocommerce_gallery_thumbnail":["https:\/\/srokacompany.com\/wp-content\/uploads\/2024\/02\/Artboard-Copy-8-2-100x100.png",100,100,true],"dgwt-wcas-product-suggestion":["https:\/\/srokacompany.com\/wp-content\/uploads\/2024\/02\/Artboard-Copy-8-2-64x60.png",64,60,true]},"uagb_author_info":{"display_name":"Bruno Sroka","author_link":"https:\/\/srokacompany.com\/es\/blog\/author\/"},"uagb_comment_info":0,"uagb_excerpt":"La LW Elite SROKA es la tabla de arbone Wingfoil Mid-Length Full Sandwich (de 5'7 a 6'6) para despegues ultra tempranos y m\u00e1ximo planeo. Ideal para Viento Ligero, Freeride y Downwind f\u00e1cil. Fin de serie","jetpack_sharing_enabled":true,"_links":{"self":[{"href":"https:\/\/srokacompany.com\/es\/wp-json\/wp\/v2\/product\/344592","targetHints":{"allow":["GET"]}}],"collection":[{"href":"https:\/\/srokacompany.com\/es\/wp-json\/wp\/v2\/product"}],"about":[{"href":"https:\/\/srokacompany.com\/es\/wp-json\/wp\/v2\/types\/product"}],"wp:featuredmedia":[{"embeddable":true,"href":"https:\/\/srokacompany.com\/es\/wp-json\/wp\/v2\/media\/344593"}],"wp:attachment":[{"href":"https:\/\/srokacompany.com\/es\/wp-json\/wp\/v2\/media?parent=344592"}],"wp:term":[{"taxonomy":"product_brand","embeddable":true,"href":"https:\/\/srokacompany.com\/es\/wp-json\/wp\/v2\/product_brand?post=344592"},{"taxonomy":"product_cat","embeddable":true,"href":"https:\/\/srokacompany.com\/es\/wp-json\/wp\/v2\/product_cat?post=344592"},{"taxonomy":"product_tag","embeddable":true,"href":"https:\/\/srokacompany.com\/es\/wp-json\/wp\/v2\/product_tag?post=344592"}],"curies":[{"name":"wp","href":"https:\/\/api.w.org\/{rel}","templated":true}]}}