{"id":344637,"date":"2024-07-01T07:17:00","date_gmt":"2024-07-01T07:17:00","guid":{"rendered":"https:\/\/srokacompany.com\/produit\/aleta-delantera-de-foil-820-control\/"},"modified":"2025-11-25T11:04:02","modified_gmt":"2025-11-25T09:04:02","slug":"aleta-delantera-de-foil-820-control","status":"publish","type":"product","link":"https:\/\/srokacompany.com\/es\/produit\/aleta-delantera-de-foil-820-control\/","title":{"rendered":"Foil 820 Control- Aleta delantera Freeride"},"content":{"rendered":"<hr>\n<p>El aler\u00f3n delantero <b>820 Control<\/b> es la referencia en versatilidad y facilidad de uso de la gama SROKA. Est\u00e1 dise\u00f1ada para pilotos que buscan un aler\u00f3n <b>\u00abplug and play\u00bb<\/b> que ofrezca el m\u00e1ximo control y un rendimiento accesible, capaz de adaptarse a todas las condiciones. <\/p>\n<h3>Simplicidad y rendimiento accesible<\/h3>\n<p>El 820 Control es un aut\u00e9ntico <b>4&#215;4<\/b> que destaca en <b>Freeride<\/b> y <b>Carving<\/b>.<\/p>\n<ul>\n<li><b>Despegue r\u00e1pido:<\/b> Gracias a su dise\u00f1o optimizado, despega c\u00f3modamente a partir de <b>15 nudos<\/b> para una embarcaci\u00f3n de 80 kg, lo que le garantiza maximizar su tiempo en el agua.<\/li>\n<li><b>Estabilidad y control:<\/b> Su dise\u00f1o garantiza <b>un control m\u00e1ximo<\/b> y <b>una estabilidad excepcional<\/b> sobre el eje, incluso cuando se levanta viento o el agua est\u00e1 agitada (choppy).<\/li>\n<li><b>F\u00e1cil de esculpir:<\/b> Te sorprender\u00e1 lo <b>suave<\/b> y <b>maniobrable<\/b> que es en las curvas, lo que facilita la realizaci\u00f3n de maniobras como trasluchadas o giros en las olas.<\/li>\n<\/ul>\n<p>&nbsp;<\/p>\n<h3>Programa y perfiles<\/h3>\n<p>El ala de control 820 es la elecci\u00f3n perfecta para :<\/p>\n<ul>\n<li><b>Wingfoil:<\/b> Ofrece una experiencia de freeride f\u00e1cil y fluida, sea cual sea el viento (rango de funcionamiento ideal <b>de 15 a 40 nudos<\/b>).<\/li>\n<li><b>Kitefoil:<\/b> Una cometa vers\u00e1til, f\u00e1cil, r\u00e1pida y divertida de girar.<\/li>\n<li><b>Surf foil<\/b>: Su facilidad de giro y estabilidad facilitan el paso por las olas.<\/li>\n<\/ul>\n<p>Es una elecci\u00f3n excelente para pilotos de nivel principiante y avanzado que buscan una vela <b>de alto rendimiento<\/b>, <b>sin complicaciones<\/b>, r\u00edgida y r\u00e1pida.<\/p>\n","protected":false},"excerpt":{"rendered":"<p><b class=\"\">Ala delantera 820 Control:<\/b> el <b class=\"\"> 4&#215;4<\/b> del freeride. Esta vela <g id=\"gid_2\">plug and play<\/g> ofrece <g id=\"gid_3\">un despegue f\u00e1cil<\/g> (a partir de 15 nudos), <g id=\"gid_4\">una estabilidad<\/g> s\u00f3lida como una roca y un <g id=\"gid_5\">manejo fluido<\/g> para realizar giros y trasluchadas sin esfuerzo. Su aliado para navegar c\u00f3modamente de <b class=\"\">15 a 40 nudos<\/b>.  <\/p>\n","protected":false},"featured_media":343863,"template":"","meta":{"_acf_changed":false,"_uag_custom_page_level_css":""},"product_brand":[],"product_cat":[3425,3603,4192,3424,4260],"product_tag":[3429,3427,3426],"class_list":{"0":"post-344637","1":"product","2":"type-product","3":"status-publish","4":"has-post-thumbnail","6":"product_cat-aletas-foil","7":"product_cat-promos-es","8":"product_cat-saldo-wing-foil","9":"product_cat-todas-nuestras-palas-de-control","10":"product_cat-viernes-negro","11":"product_tag-avanzado","12":"product_tag-ingenioso","13":"product_tag-principiante","15":"first","16":"instock","17":"sale","18":"taxable","19":"shipping-taxable","20":"purchasable","21":"product-type-simple"},"acf":[],"yoast_head":"<!-- This site is optimized with the Yoast SEO plugin v27.4 - https:\/\/yoast.com\/product\/yoast-seo-wordpress\/ -->\n<title>Foil 820 Control- Aleta delantera Freeride - SROKA Company<\/title>\n<meta name=\"description\" content=\"Foil de ala delantera 820 El control empieza muy pronto con un carveo f\u00e1cil y una velocidad m\u00e1xima alta. Si buscas una cometa f\u00e1cil y de alto rendimiento: control 820\" \/>\n<meta name=\"robots\" content=\"index, follow, max-snippet:-1, max-image-preview:large, max-video-preview:-1\" \/>\n<link rel=\"canonical\" href=\"https:\/\/srokacompany.com\/es\/produit\/aleta-delantera-de-foil-820-control\/\" \/>\n<meta property=\"og:locale\" content=\"es_ES\" \/>\n<meta property=\"og:type\" content=\"article\" \/>\n<meta property=\"og:title\" content=\"Foil 820 Control- Aleta delantera Freeride - SROKA Company\" \/>\n<meta property=\"og:description\" content=\"Foil de ala delantera 820 El control empieza muy pronto con un carveo f\u00e1cil y una velocidad m\u00e1xima alta. Si buscas una cometa f\u00e1cil y de alto rendimiento: control 820\" \/>\n<meta property=\"og:url\" content=\"https:\/\/srokacompany.com\/es\/produit\/aleta-delantera-de-foil-820-control\/\" \/>\n<meta property=\"og:site_name\" content=\"SROKA Company\" \/>\n<meta property=\"article:publisher\" content=\"https:\/\/www.facebook.com\/srokawatersports\/\" \/>\n<meta property=\"article:modified_time\" content=\"2025-11-25T09:04:02+00:00\" \/>\n<meta property=\"og:image\" content=\"https:\/\/srokacompany.com\/wp-content\/uploads\/2023\/07\/820-front-control.jpg\" \/>\n\t<meta property=\"og:image:width\" content=\"1480\" \/>\n\t<meta property=\"og:image:height\" content=\"2160\" \/>\n\t<meta property=\"og:image:type\" content=\"image\/jpeg\" \/>\n<meta name=\"twitter:label1\" content=\"Tiempo de lectura\" \/>\n\t<meta name=\"twitter:data1\" content=\"1 minuto\" \/>\n<script type=\"application\/ld+json\" class=\"yoast-schema-graph\">{\"@context\":\"https:\\\/\\\/schema.org\",\"@graph\":[{\"@type\":\"WebPage\",\"@id\":\"https:\\\/\\\/srokacompany.com\\\/es\\\/produit\\\/aleta-delantera-de-foil-820-control\\\/\",\"url\":\"https:\\\/\\\/srokacompany.com\\\/es\\\/produit\\\/aleta-delantera-de-foil-820-control\\\/\",\"name\":\"Foil 820 Control- Aleta delantera Freeride - SROKA Company\",\"isPartOf\":{\"@id\":\"https:\\\/\\\/srokacompany.com\\\/es\\\/#website\"},\"primaryImageOfPage\":{\"@id\":\"https:\\\/\\\/srokacompany.com\\\/es\\\/produit\\\/aleta-delantera-de-foil-820-control\\\/#primaryimage\"},\"image\":{\"@id\":\"https:\\\/\\\/srokacompany.com\\\/es\\\/produit\\\/aleta-delantera-de-foil-820-control\\\/#primaryimage\"},\"thumbnailUrl\":\"https:\\\/\\\/srokacompany.com\\\/wp-content\\\/uploads\\\/2023\\\/07\\\/820-front-control.jpg\",\"datePublished\":\"2024-07-01T07:17:00+00:00\",\"dateModified\":\"2025-11-25T09:04:02+00:00\",\"description\":\"Foil de ala delantera 820 El control empieza muy pronto con un carveo f\u00e1cil y una velocidad m\u00e1xima alta. Si buscas una cometa f\u00e1cil y de alto rendimiento: control 820\",\"breadcrumb\":{\"@id\":\"https:\\\/\\\/srokacompany.com\\\/es\\\/produit\\\/aleta-delantera-de-foil-820-control\\\/#breadcrumb\"},\"inLanguage\":\"es\",\"potentialAction\":[{\"@type\":\"ReadAction\",\"target\":[\"https:\\\/\\\/srokacompany.com\\\/es\\\/produit\\\/aleta-delantera-de-foil-820-control\\\/\"]}]},{\"@type\":\"ImageObject\",\"inLanguage\":\"es\",\"@id\":\"https:\\\/\\\/srokacompany.com\\\/es\\\/produit\\\/aleta-delantera-de-foil-820-control\\\/#primaryimage\",\"url\":\"https:\\\/\\\/srokacompany.com\\\/wp-content\\\/uploads\\\/2023\\\/07\\\/820-front-control.jpg\",\"contentUrl\":\"https:\\\/\\\/srokacompany.com\\\/wp-content\\\/uploads\\\/2023\\\/07\\\/820-front-control.jpg\",\"width\":1480,\"height\":2160},{\"@type\":\"BreadcrumbList\",\"@id\":\"https:\\\/\\\/srokacompany.com\\\/es\\\/produit\\\/aleta-delantera-de-foil-820-control\\\/#breadcrumb\",\"itemListElement\":[{\"@type\":\"ListItem\",\"position\":1,\"name\":\"Accueil\",\"item\":\"https:\\\/\\\/srokacompany.com\\\/es\\\/\"},{\"@type\":\"ListItem\",\"position\":2,\"name\":\"Tienda\",\"item\":\"https:\\\/\\\/srokacompany.com\\\/tienda\\\/\"},{\"@type\":\"ListItem\",\"position\":3,\"name\":\"Foil 820 Control- Aleta delantera Freeride\"}]},{\"@type\":\"WebSite\",\"@id\":\"https:\\\/\\\/srokacompany.com\\\/es\\\/#website\",\"url\":\"https:\\\/\\\/srokacompany.com\\\/es\\\/\",\"name\":\"SROKA Company\",\"description\":\"SUP, Kite, Foil, Wing\",\"publisher\":{\"@id\":\"https:\\\/\\\/srokacompany.com\\\/es\\\/#organization\"},\"potentialAction\":[{\"@type\":\"SearchAction\",\"target\":{\"@type\":\"EntryPoint\",\"urlTemplate\":\"https:\\\/\\\/srokacompany.com\\\/es\\\/?s={search_term_string}\"},\"query-input\":{\"@type\":\"PropertyValueSpecification\",\"valueRequired\":true,\"valueName\":\"search_term_string\"}}],\"inLanguage\":\"es\"},{\"@type\":\"Organization\",\"@id\":\"https:\\\/\\\/srokacompany.com\\\/es\\\/#organization\",\"name\":\"SROKACOMPANY\",\"alternateName\":\"SROKA\",\"url\":\"https:\\\/\\\/srokacompany.com\\\/es\\\/\",\"logo\":{\"@type\":\"ImageObject\",\"inLanguage\":\"es\",\"@id\":\"https:\\\/\\\/srokacompany.com\\\/es\\\/#\\\/schema\\\/logo\\\/image\\\/\",\"url\":\"https:\\\/\\\/srokacompany.com\\\/wp-content\\\/uploads\\\/2021\\\/01\\\/logo-sroka-black-transpa.png\",\"contentUrl\":\"https:\\\/\\\/srokacompany.com\\\/wp-content\\\/uploads\\\/2021\\\/01\\\/logo-sroka-black-transpa.png\",\"width\":1201,\"height\":342,\"caption\":\"SROKACOMPANY\"},\"image\":{\"@id\":\"https:\\\/\\\/srokacompany.com\\\/es\\\/#\\\/schema\\\/logo\\\/image\\\/\"},\"sameAs\":[\"https:\\\/\\\/www.facebook.com\\\/srokawatersports\\\/\",\"https:\\\/\\\/www.instagram.com\\\/srokawatersports\\\/\",\"https:\\\/\\\/www.youtube.com\\\/channel\\\/UCVLHHeaPIm-J5bdEUgxqtZA\"]}]}<\/script>\n<!-- \/ Yoast SEO plugin. -->","yoast_head_json":{"title":"Foil 820 Control- Aleta delantera Freeride - SROKA Company","description":"Foil de ala delantera 820 El control empieza muy pronto con un carveo f\u00e1cil y una velocidad m\u00e1xima alta. Si buscas una cometa f\u00e1cil y de alto rendimiento: control 820","robots":{"index":"index","follow":"follow","max-snippet":"max-snippet:-1","max-image-preview":"max-image-preview:large","max-video-preview":"max-video-preview:-1"},"canonical":"https:\/\/srokacompany.com\/es\/produit\/aleta-delantera-de-foil-820-control\/","og_locale":"es_ES","og_type":"article","og_title":"Foil 820 Control- Aleta delantera Freeride - SROKA Company","og_description":"Foil de ala delantera 820 El control empieza muy pronto con un carveo f\u00e1cil y una velocidad m\u00e1xima alta. Si buscas una cometa f\u00e1cil y de alto rendimiento: control 820","og_url":"https:\/\/srokacompany.com\/es\/produit\/aleta-delantera-de-foil-820-control\/","og_site_name":"SROKA Company","article_publisher":"https:\/\/www.facebook.com\/srokawatersports\/","article_modified_time":"2025-11-25T09:04:02+00:00","og_image":[{"width":1480,"height":2160,"url":"https:\/\/srokacompany.com\/wp-content\/uploads\/2023\/07\/820-front-control.jpg","type":"image\/jpeg"}],"twitter_misc":{"Tiempo de lectura":"1 minuto"},"schema":{"@context":"https:\/\/schema.org","@graph":[{"@type":"WebPage","@id":"https:\/\/srokacompany.com\/es\/produit\/aleta-delantera-de-foil-820-control\/","url":"https:\/\/srokacompany.com\/es\/produit\/aleta-delantera-de-foil-820-control\/","name":"Foil 820 Control- Aleta delantera Freeride - SROKA Company","isPartOf":{"@id":"https:\/\/srokacompany.com\/es\/#website"},"primaryImageOfPage":{"@id":"https:\/\/srokacompany.com\/es\/produit\/aleta-delantera-de-foil-820-control\/#primaryimage"},"image":{"@id":"https:\/\/srokacompany.com\/es\/produit\/aleta-delantera-de-foil-820-control\/#primaryimage"},"thumbnailUrl":"https:\/\/srokacompany.com\/wp-content\/uploads\/2023\/07\/820-front-control.jpg","datePublished":"2024-07-01T07:17:00+00:00","dateModified":"2025-11-25T09:04:02+00:00","description":"Foil de ala delantera 820 El control empieza muy pronto con un carveo f\u00e1cil y una velocidad m\u00e1xima alta. Si buscas una cometa f\u00e1cil y de alto rendimiento: control 820","breadcrumb":{"@id":"https:\/\/srokacompany.com\/es\/produit\/aleta-delantera-de-foil-820-control\/#breadcrumb"},"inLanguage":"es","potentialAction":[{"@type":"ReadAction","target":["https:\/\/srokacompany.com\/es\/produit\/aleta-delantera-de-foil-820-control\/"]}]},{"@type":"ImageObject","inLanguage":"es","@id":"https:\/\/srokacompany.com\/es\/produit\/aleta-delantera-de-foil-820-control\/#primaryimage","url":"https:\/\/srokacompany.com\/wp-content\/uploads\/2023\/07\/820-front-control.jpg","contentUrl":"https:\/\/srokacompany.com\/wp-content\/uploads\/2023\/07\/820-front-control.jpg","width":1480,"height":2160},{"@type":"BreadcrumbList","@id":"https:\/\/srokacompany.com\/es\/produit\/aleta-delantera-de-foil-820-control\/#breadcrumb","itemListElement":[{"@type":"ListItem","position":1,"name":"Accueil","item":"https:\/\/srokacompany.com\/es\/"},{"@type":"ListItem","position":2,"name":"Tienda","item":"https:\/\/srokacompany.com\/tienda\/"},{"@type":"ListItem","position":3,"name":"Foil 820 Control- Aleta delantera Freeride"}]},{"@type":"WebSite","@id":"https:\/\/srokacompany.com\/es\/#website","url":"https:\/\/srokacompany.com\/es\/","name":"SROKA Company","description":"SUP, Kite, Foil, Wing","publisher":{"@id":"https:\/\/srokacompany.com\/es\/#organization"},"potentialAction":[{"@type":"SearchAction","target":{"@type":"EntryPoint","urlTemplate":"https:\/\/srokacompany.com\/es\/?s={search_term_string}"},"query-input":{"@type":"PropertyValueSpecification","valueRequired":true,"valueName":"search_term_string"}}],"inLanguage":"es"},{"@type":"Organization","@id":"https:\/\/srokacompany.com\/es\/#organization","name":"SROKACOMPANY","alternateName":"SROKA","url":"https:\/\/srokacompany.com\/es\/","logo":{"@type":"ImageObject","inLanguage":"es","@id":"https:\/\/srokacompany.com\/es\/#\/schema\/logo\/image\/","url":"https:\/\/srokacompany.com\/wp-content\/uploads\/2021\/01\/logo-sroka-black-transpa.png","contentUrl":"https:\/\/srokacompany.com\/wp-content\/uploads\/2021\/01\/logo-sroka-black-transpa.png","width":1201,"height":342,"caption":"SROKACOMPANY"},"image":{"@id":"https:\/\/srokacompany.com\/es\/#\/schema\/logo\/image\/"},"sameAs":["https:\/\/www.facebook.com\/srokawatersports\/","https:\/\/www.instagram.com\/srokawatersports\/","https:\/\/www.youtube.com\/channel\/UCVLHHeaPIm-J5bdEUgxqtZA"]}]}},"uagb_featured_image_src":{"full":["https:\/\/srokacompany.com\/wp-content\/uploads\/2023\/07\/820-front-control.jpg",1480,2160,false],"thumbnail":["https:\/\/srokacompany.com\/wp-content\/uploads\/2023\/07\/820-front-control-150x150.jpg",150,150,true],"medium":["https:\/\/srokacompany.com\/wp-content\/uploads\/2023\/07\/820-front-control-206x300.jpg",206,300,true],"medium_large":["https:\/\/srokacompany.com\/wp-content\/uploads\/2023\/07\/820-front-control-768x1121.jpg",768,1121,true],"large":["https:\/\/srokacompany.com\/wp-content\/uploads\/2023\/07\/820-front-control-702x1024.jpg",702,1024,true],"1536x1536":["https:\/\/srokacompany.com\/wp-content\/uploads\/2023\/07\/820-front-control-1052x1536.jpg",1052,1536,true],"2048x2048":["https:\/\/srokacompany.com\/wp-content\/uploads\/2023\/07\/820-front-control-1403x2048.jpg",1403,2048,true],"woocommerce_thumbnail":["https:\/\/srokacompany.com\/wp-content\/uploads\/2023\/07\/820-front-control-600x876.jpg",600,876,true],"woocommerce_single":["https:\/\/srokacompany.com\/wp-content\/uploads\/2023\/07\/820-front-control-600x876.jpg",600,876,true],"woocommerce_gallery_thumbnail":["https:\/\/srokacompany.com\/wp-content\/uploads\/2023\/07\/820-front-control-100x100.jpg",100,100,true],"dgwt-wcas-product-suggestion":["https:\/\/srokacompany.com\/wp-content\/uploads\/2023\/07\/820-front-control.jpg",64,93,false]},"uagb_author_info":{"display_name":"Emmanuel DIJOUX","author_link":"https:\/\/srokacompany.com\/es\/blog\/author\/"},"uagb_comment_info":0,"uagb_excerpt":"Ala delantera 820 Control: el 4x4 del freeride. Esta vela plug and play ofrece un despegue f\u00e1cil (a partir de 15 nudos), una estabilidad s\u00f3lida como una roca y un manejo fluido para realizar giros y trasluchadas sin esfuerzo. Su aliado para navegar c\u00f3modamente de 15 a 40 nudos.","jetpack_sharing_enabled":true,"_links":{"self":[{"href":"https:\/\/srokacompany.com\/es\/wp-json\/wp\/v2\/product\/344637","targetHints":{"allow":["GET"]}}],"collection":[{"href":"https:\/\/srokacompany.com\/es\/wp-json\/wp\/v2\/product"}],"about":[{"href":"https:\/\/srokacompany.com\/es\/wp-json\/wp\/v2\/types\/product"}],"wp:featuredmedia":[{"embeddable":true,"href":"https:\/\/srokacompany.com\/es\/wp-json\/wp\/v2\/media\/343863"}],"wp:attachment":[{"href":"https:\/\/srokacompany.com\/es\/wp-json\/wp\/v2\/media?parent=344637"}],"wp:term":[{"taxonomy":"product_brand","embeddable":true,"href":"https:\/\/srokacompany.com\/es\/wp-json\/wp\/v2\/product_brand?post=344637"},{"taxonomy":"product_cat","embeddable":true,"href":"https:\/\/srokacompany.com\/es\/wp-json\/wp\/v2\/product_cat?post=344637"},{"taxonomy":"product_tag","embeddable":true,"href":"https:\/\/srokacompany.com\/es\/wp-json\/wp\/v2\/product_tag?post=344637"}],"curies":[{"name":"wp","href":"https:\/\/api.w.org\/{rel}","templated":true}]}}