{"id":344708,"date":"2019-02-21T14:31:43","date_gmt":"2019-02-21T14:31:43","guid":{"rendered":"https:\/\/srokacompany.com\/produit\/w-foil-wind-foil-freeride-performance\/"},"modified":"2025-11-21T18:11:24","modified_gmt":"2025-11-21T16:11:24","slug":"w-foil-wind-foil-freeride-performance","status":"publish","type":"product","link":"https:\/\/srokacompany.com\/es\/produit\/w-foil-wind-foil-freeride-performance\/","title":{"rendered":"W-Foil &#8211; Wind Foil Freeride Performance"},"content":{"rendered":"<hr>\n<h2>Viento Foil<\/h2>\n<div class=\"page\" title=\"P\u00e1gina 24\">\n<div class=\"section\">\n<div class=\"layoutArea\">\n<div class=\"column\">\n<p class=\"p2\"><span class=\"s1\">La Wind Foil 2020 se ha dise\u00f1ado utilizando los mejores materiales de carbono y aluminio. Se ha desarrollado con un nuevo <g id=\"gid_0\">perfil de ala delantera libre que es superr\u00e1pida y de alto rendimiento<\/g> para su superficie de 1000 cm2. La aleta trasera se ha redise\u00f1ado para proporcionar una excelente estabilidad.    <\/span>Nuestras alas son 100% de carbono preimpregnado sin espuma en el interior para un rendimiento y una resistencia perfectos. El m\u00e1stil es de aluminio anodizado de 60 micras para una m\u00e1xima rigidez, y el fuselaje es de aluminio de una sola pieza cortado directamente de la masa.   <span class=\"s1\">El ala delantera de 1000 cm2 le permite despegar muy pronto con vientos ligeros (6 nudos), ofreciendo una excelente velocidad con posibles picos de m\u00e1s de 25 nudos, combinando la alegr\u00eda de los vientos ligeros con la emoci\u00f3n de las carreras intensas con un perfil \u00fanico.  <\/span><span class=\"s1\">El m\u00e1stil est\u00e1 disponible en dos tama\u00f1os: 85 cm y 100 cm.<\/span><\/p>\n<p>El W-Foil Sroka fue dise\u00f1ado por <a href=\"https:\/\/www.facebook.com\/mabesurf\/\">J.B. Marchand<\/a>, el creador<a href=\"https:\/\/www.letelegramme.fr\/finistere\/brest\/planche-a-foil-record-mondial-de-vitesse-en-rade-de-brest-30-12-2020-12682077.php?fbclid=IwAR20NrOyyyci-vdRtrP8MA2IC-lHzpd5Li-BcaVmY3ubQJLjZKihtKpa0Rw\"> del windsurf m\u00e1s r\u00e1pido del mundo<\/a> foil. Estamos orgullosos de compartir con usted este saber hacer local y su extraordinaria excelencia.<\/p>\n<\/div>\n<blockquote class=\"wp-embedded-content\" data-secret=\"RkDJ0ZNABz\"><p><a href=\"https:\/\/srokacompany.com\/es\/especificaciones-tecnicas-de-las-alas-y-tablas-de-foil-sroka\/\">Caract\u00e9ristiques techniques des ailes et planches de foil Sroka<\/a><\/p><\/blockquote>\n<p><iframe loading=\"lazy\" class=\"wp-embedded-content\" sandbox=\"allow-scripts\" security=\"restricted\" style=\"position: absolute; visibility: hidden;\" title=\"\u00abCaract\u00e9ristiques techniques des ailes et planches de foil Sroka\u00bb \u2014 SROKA Company\" src=\"https:\/\/srokacompany.com\/es\/especificaciones-tecnicas-de-las-alas-y-tablas-de-foil-sroka\/embed\/#?secret=hhJbgnV63w#?secret=RkDJ0ZNABz\" data-secret=\"RkDJ0ZNABz\" width=\"500\" height=\"282\" frameborder=\"0\" marginwidth=\"0\" marginheight=\"0\" scrolling=\"no\"><\/iframe><\/p>\n<\/div>\n<\/div>\n<\/div>\n","protected":false},"excerpt":{"rendered":"<h2>Viento Foil<\/h2>\n<div class=\"page\" title=\"P\u00e1gina 24\">\n<div class=\"section\">\n<div class=\"layoutArea\">\n<div class=\"column\">\n<p class=\"p2\"><span class=\"s1\">La Wind Foil 2020 se ha dise\u00f1ado utilizando los mejores materiales de carbono y aluminio. Se ha desarrollado con un nuevo <strong>perfil de ala delantera libre que es superr\u00e1pida y de alto rendimiento<\/strong> para su superficie de 1000 cm2. La aleta trasera se ha redise\u00f1ado para proporcionar una excelente estabilidad.    <\/span>Nuestras alas son 100% de carbono preimpregnado sin espuma en el interior para un rendimiento y una resistencia perfectos. El m\u00e1stil es de aluminio anodizado de 60 micras para una m\u00e1xima rigidez, y el fuselaje es de aluminio de una sola pieza cortado directamente de la masa.   <span class=\"s1\">El ala delantera de 1000 cm2 le permite despegar muy pronto con vientos ligeros (6 nudos), ofreciendo una excelente velocidad con posibles picos de m\u00e1s de 25 nudos, combinando la alegr\u00eda de los vientos ligeros con la emoci\u00f3n de las carreras intensas con un perfil \u00fanico.  <\/span><span class=\"s1\">El m\u00e1stil est\u00e1 disponible en dos tama\u00f1os: 85 cm y 100 cm.<\/span><\/p>\n<p>El W-Foil Sroka fue dise\u00f1ado por <a href=\"https:\/\/www.facebook.com\/mabesurf\/\">J.B. Marchand<\/a>, el creador<a href=\"https:\/\/www.letelegramme.fr\/finistere\/brest\/planche-a-foil-record-mondial-de-vitesse-en-rade-de-brest-30-12-2020-12682077.php?fbclid=IwAR20NrOyyyci-vdRtrP8MA2IC-lHzpd5Li-BcaVmY3ubQJLjZKihtKpa0Rw\"> del windsurf m\u00e1s r\u00e1pido del mundo<\/a> foil. Estamos orgullosos de compartir con usted este saber hacer local y su extraordinaria excelencia.<\/p>\n<\/div>\n<\/div>\n<\/div>\n<\/div>\n","protected":false},"featured_media":338752,"template":"","meta":{"_acf_changed":false,"_uag_custom_page_level_css":""},"product_brand":[],"product_cat":[3480,3603,4221,4260],"product_tag":[],"class_list":{"0":"post-344708","1":"product","2":"type-product","3":"status-publish","4":"has-post-thumbnail","6":"product_cat-foil-es","7":"product_cat-promos-es","8":"product_cat-saldo-wind-foil","9":"product_cat-viernes-negro","11":"first","12":"instock","13":"sale","14":"taxable","15":"shipping-taxable","16":"purchasable","17":"product-type-variable"},"acf":[],"yoast_head":"<!-- This site is optimized with the Yoast SEO plugin v27.4 - https:\/\/yoast.com\/product\/yoast-seo-wordpress\/ -->\n<title>Wind Foil Sroka f\u00e1cil de montar y actualizar, \u00a1para que puedas volar al instante!<\/title>\n<meta name=\"description\" content=\"El Wind Foil Sroka, con su perfil High Aspect, es a la vez accesible y sorprendentemente r\u00e1pido en el agua. La mejor relaci\u00f3n calidad-precio.\" \/>\n<meta name=\"robots\" content=\"index, follow, max-snippet:-1, max-image-preview:large, max-video-preview:-1\" \/>\n<link rel=\"canonical\" href=\"https:\/\/srokacompany.com\/es\/produit\/w-foil-wind-foil-freeride-performance\/\" \/>\n<meta property=\"og:locale\" content=\"es_ES\" \/>\n<meta property=\"og:type\" content=\"article\" \/>\n<meta property=\"og:title\" content=\"Wind Foil Sroka f\u00e1cil de montar y actualizar, \u00a1para que puedas volar al instante!\" \/>\n<meta property=\"og:description\" content=\"El Wind Foil Sroka, con su perfil High Aspect, es a la vez accesible y sorprendentemente r\u00e1pido en el agua. La mejor relaci\u00f3n calidad-precio.\" \/>\n<meta property=\"og:url\" content=\"https:\/\/srokacompany.com\/es\/produit\/w-foil-wind-foil-freeride-performance\/\" \/>\n<meta property=\"og:site_name\" content=\"SROKA Company\" \/>\n<meta property=\"article:publisher\" content=\"https:\/\/www.facebook.com\/srokawatersports\/\" \/>\n<meta property=\"article:modified_time\" content=\"2025-11-21T16:11:24+00:00\" \/>\n<meta property=\"og:image\" content=\"https:\/\/srokacompany.com\/wp-content\/uploads\/2021\/04\/Windfoil.jpg\" \/>\n\t<meta property=\"og:image:width\" content=\"780\" \/>\n\t<meta property=\"og:image:height\" content=\"1040\" \/>\n\t<meta property=\"og:image:type\" content=\"image\/jpeg\" \/>\n<meta name=\"twitter:label1\" content=\"Tiempo de lectura\" \/>\n\t<meta name=\"twitter:data1\" content=\"1 minuto\" \/>\n<script type=\"application\/ld+json\" class=\"yoast-schema-graph\">{\"@context\":\"https:\\\/\\\/schema.org\",\"@graph\":[{\"@type\":\"WebPage\",\"@id\":\"https:\\\/\\\/srokacompany.com\\\/es\\\/produit\\\/w-foil-wind-foil-freeride-performance\\\/\",\"url\":\"https:\\\/\\\/srokacompany.com\\\/es\\\/produit\\\/w-foil-wind-foil-freeride-performance\\\/\",\"name\":\"Wind Foil Sroka f\u00e1cil de montar y actualizar, \u00a1para que puedas volar al instante!\",\"isPartOf\":{\"@id\":\"https:\\\/\\\/srokacompany.com\\\/es\\\/#website\"},\"primaryImageOfPage\":{\"@id\":\"https:\\\/\\\/srokacompany.com\\\/es\\\/produit\\\/w-foil-wind-foil-freeride-performance\\\/#primaryimage\"},\"image\":{\"@id\":\"https:\\\/\\\/srokacompany.com\\\/es\\\/produit\\\/w-foil-wind-foil-freeride-performance\\\/#primaryimage\"},\"thumbnailUrl\":\"https:\\\/\\\/srokacompany.com\\\/wp-content\\\/uploads\\\/2021\\\/04\\\/Windfoil.jpg\",\"datePublished\":\"2019-02-21T14:31:43+00:00\",\"dateModified\":\"2025-11-21T16:11:24+00:00\",\"description\":\"El Wind Foil Sroka, con su perfil High Aspect, es a la vez accesible y sorprendentemente r\u00e1pido en el agua. La mejor relaci\u00f3n calidad-precio.\",\"breadcrumb\":{\"@id\":\"https:\\\/\\\/srokacompany.com\\\/es\\\/produit\\\/w-foil-wind-foil-freeride-performance\\\/#breadcrumb\"},\"inLanguage\":\"es\",\"potentialAction\":[{\"@type\":\"ReadAction\",\"target\":[\"https:\\\/\\\/srokacompany.com\\\/es\\\/produit\\\/w-foil-wind-foil-freeride-performance\\\/\"]}]},{\"@type\":\"ImageObject\",\"inLanguage\":\"es\",\"@id\":\"https:\\\/\\\/srokacompany.com\\\/es\\\/produit\\\/w-foil-wind-foil-freeride-performance\\\/#primaryimage\",\"url\":\"https:\\\/\\\/srokacompany.com\\\/wp-content\\\/uploads\\\/2021\\\/04\\\/Windfoil.jpg\",\"contentUrl\":\"https:\\\/\\\/srokacompany.com\\\/wp-content\\\/uploads\\\/2021\\\/04\\\/Windfoil.jpg\",\"width\":780,\"height\":1040,\"caption\":\"Foil Windsurf freeride r\u00e1pido y de alto rendimiento de la empresa Sroka\"},{\"@type\":\"BreadcrumbList\",\"@id\":\"https:\\\/\\\/srokacompany.com\\\/es\\\/produit\\\/w-foil-wind-foil-freeride-performance\\\/#breadcrumb\",\"itemListElement\":[{\"@type\":\"ListItem\",\"position\":1,\"name\":\"Accueil\",\"item\":\"https:\\\/\\\/srokacompany.com\\\/es\\\/\"},{\"@type\":\"ListItem\",\"position\":2,\"name\":\"Tienda\",\"item\":\"https:\\\/\\\/srokacompany.com\\\/tienda\\\/\"},{\"@type\":\"ListItem\",\"position\":3,\"name\":\"W-Foil &#8211; Wind Foil Freeride Performance\"}]},{\"@type\":\"WebSite\",\"@id\":\"https:\\\/\\\/srokacompany.com\\\/es\\\/#website\",\"url\":\"https:\\\/\\\/srokacompany.com\\\/es\\\/\",\"name\":\"SROKA Company\",\"description\":\"SUP, Kite, Foil, Wing\",\"publisher\":{\"@id\":\"https:\\\/\\\/srokacompany.com\\\/es\\\/#organization\"},\"potentialAction\":[{\"@type\":\"SearchAction\",\"target\":{\"@type\":\"EntryPoint\",\"urlTemplate\":\"https:\\\/\\\/srokacompany.com\\\/es\\\/?s={search_term_string}\"},\"query-input\":{\"@type\":\"PropertyValueSpecification\",\"valueRequired\":true,\"valueName\":\"search_term_string\"}}],\"inLanguage\":\"es\"},{\"@type\":\"Organization\",\"@id\":\"https:\\\/\\\/srokacompany.com\\\/es\\\/#organization\",\"name\":\"SROKACOMPANY\",\"alternateName\":\"SROKA\",\"url\":\"https:\\\/\\\/srokacompany.com\\\/es\\\/\",\"logo\":{\"@type\":\"ImageObject\",\"inLanguage\":\"es\",\"@id\":\"https:\\\/\\\/srokacompany.com\\\/es\\\/#\\\/schema\\\/logo\\\/image\\\/\",\"url\":\"https:\\\/\\\/srokacompany.com\\\/wp-content\\\/uploads\\\/2021\\\/01\\\/logo-sroka-black-transpa.png\",\"contentUrl\":\"https:\\\/\\\/srokacompany.com\\\/wp-content\\\/uploads\\\/2021\\\/01\\\/logo-sroka-black-transpa.png\",\"width\":1201,\"height\":342,\"caption\":\"SROKACOMPANY\"},\"image\":{\"@id\":\"https:\\\/\\\/srokacompany.com\\\/es\\\/#\\\/schema\\\/logo\\\/image\\\/\"},\"sameAs\":[\"https:\\\/\\\/www.facebook.com\\\/srokawatersports\\\/\",\"https:\\\/\\\/www.instagram.com\\\/srokawatersports\\\/\",\"https:\\\/\\\/www.youtube.com\\\/channel\\\/UCVLHHeaPIm-J5bdEUgxqtZA\"]}]}<\/script>\n<!-- \/ Yoast SEO plugin. -->","yoast_head_json":{"title":"Wind Foil Sroka f\u00e1cil de montar y actualizar, \u00a1para que puedas volar al instante!","description":"El Wind Foil Sroka, con su perfil High Aspect, es a la vez accesible y sorprendentemente r\u00e1pido en el agua. La mejor relaci\u00f3n calidad-precio.","robots":{"index":"index","follow":"follow","max-snippet":"max-snippet:-1","max-image-preview":"max-image-preview:large","max-video-preview":"max-video-preview:-1"},"canonical":"https:\/\/srokacompany.com\/es\/produit\/w-foil-wind-foil-freeride-performance\/","og_locale":"es_ES","og_type":"article","og_title":"Wind Foil Sroka f\u00e1cil de montar y actualizar, \u00a1para que puedas volar al instante!","og_description":"El Wind Foil Sroka, con su perfil High Aspect, es a la vez accesible y sorprendentemente r\u00e1pido en el agua. La mejor relaci\u00f3n calidad-precio.","og_url":"https:\/\/srokacompany.com\/es\/produit\/w-foil-wind-foil-freeride-performance\/","og_site_name":"SROKA Company","article_publisher":"https:\/\/www.facebook.com\/srokawatersports\/","article_modified_time":"2025-11-21T16:11:24+00:00","og_image":[{"width":780,"height":1040,"url":"https:\/\/srokacompany.com\/wp-content\/uploads\/2021\/04\/Windfoil.jpg","type":"image\/jpeg"}],"twitter_misc":{"Tiempo de lectura":"1 minuto"},"schema":{"@context":"https:\/\/schema.org","@graph":[{"@type":"WebPage","@id":"https:\/\/srokacompany.com\/es\/produit\/w-foil-wind-foil-freeride-performance\/","url":"https:\/\/srokacompany.com\/es\/produit\/w-foil-wind-foil-freeride-performance\/","name":"Wind Foil Sroka f\u00e1cil de montar y actualizar, \u00a1para que puedas volar al instante!","isPartOf":{"@id":"https:\/\/srokacompany.com\/es\/#website"},"primaryImageOfPage":{"@id":"https:\/\/srokacompany.com\/es\/produit\/w-foil-wind-foil-freeride-performance\/#primaryimage"},"image":{"@id":"https:\/\/srokacompany.com\/es\/produit\/w-foil-wind-foil-freeride-performance\/#primaryimage"},"thumbnailUrl":"https:\/\/srokacompany.com\/wp-content\/uploads\/2021\/04\/Windfoil.jpg","datePublished":"2019-02-21T14:31:43+00:00","dateModified":"2025-11-21T16:11:24+00:00","description":"El Wind Foil Sroka, con su perfil High Aspect, es a la vez accesible y sorprendentemente r\u00e1pido en el agua. La mejor relaci\u00f3n calidad-precio.","breadcrumb":{"@id":"https:\/\/srokacompany.com\/es\/produit\/w-foil-wind-foil-freeride-performance\/#breadcrumb"},"inLanguage":"es","potentialAction":[{"@type":"ReadAction","target":["https:\/\/srokacompany.com\/es\/produit\/w-foil-wind-foil-freeride-performance\/"]}]},{"@type":"ImageObject","inLanguage":"es","@id":"https:\/\/srokacompany.com\/es\/produit\/w-foil-wind-foil-freeride-performance\/#primaryimage","url":"https:\/\/srokacompany.com\/wp-content\/uploads\/2021\/04\/Windfoil.jpg","contentUrl":"https:\/\/srokacompany.com\/wp-content\/uploads\/2021\/04\/Windfoil.jpg","width":780,"height":1040,"caption":"Foil Windsurf freeride r\u00e1pido y de alto rendimiento de la empresa Sroka"},{"@type":"BreadcrumbList","@id":"https:\/\/srokacompany.com\/es\/produit\/w-foil-wind-foil-freeride-performance\/#breadcrumb","itemListElement":[{"@type":"ListItem","position":1,"name":"Accueil","item":"https:\/\/srokacompany.com\/es\/"},{"@type":"ListItem","position":2,"name":"Tienda","item":"https:\/\/srokacompany.com\/tienda\/"},{"@type":"ListItem","position":3,"name":"W-Foil &#8211; Wind Foil Freeride Performance"}]},{"@type":"WebSite","@id":"https:\/\/srokacompany.com\/es\/#website","url":"https:\/\/srokacompany.com\/es\/","name":"SROKA Company","description":"SUP, Kite, Foil, Wing","publisher":{"@id":"https:\/\/srokacompany.com\/es\/#organization"},"potentialAction":[{"@type":"SearchAction","target":{"@type":"EntryPoint","urlTemplate":"https:\/\/srokacompany.com\/es\/?s={search_term_string}"},"query-input":{"@type":"PropertyValueSpecification","valueRequired":true,"valueName":"search_term_string"}}],"inLanguage":"es"},{"@type":"Organization","@id":"https:\/\/srokacompany.com\/es\/#organization","name":"SROKACOMPANY","alternateName":"SROKA","url":"https:\/\/srokacompany.com\/es\/","logo":{"@type":"ImageObject","inLanguage":"es","@id":"https:\/\/srokacompany.com\/es\/#\/schema\/logo\/image\/","url":"https:\/\/srokacompany.com\/wp-content\/uploads\/2021\/01\/logo-sroka-black-transpa.png","contentUrl":"https:\/\/srokacompany.com\/wp-content\/uploads\/2021\/01\/logo-sroka-black-transpa.png","width":1201,"height":342,"caption":"SROKACOMPANY"},"image":{"@id":"https:\/\/srokacompany.com\/es\/#\/schema\/logo\/image\/"},"sameAs":["https:\/\/www.facebook.com\/srokawatersports\/","https:\/\/www.instagram.com\/srokawatersports\/","https:\/\/www.youtube.com\/channel\/UCVLHHeaPIm-J5bdEUgxqtZA"]}]}},"uagb_featured_image_src":{"full":["https:\/\/srokacompany.com\/wp-content\/uploads\/2021\/04\/Windfoil.jpg",780,1040,false],"thumbnail":["https:\/\/srokacompany.com\/wp-content\/uploads\/2021\/04\/Windfoil-150x150.jpg",150,150,true],"medium":["https:\/\/srokacompany.com\/wp-content\/uploads\/2021\/04\/Windfoil-225x300.jpg",225,300,true],"medium_large":["https:\/\/srokacompany.com\/wp-content\/uploads\/2021\/04\/Windfoil-768x1024.jpg",768,1024,true],"large":["https:\/\/srokacompany.com\/wp-content\/uploads\/2021\/04\/Windfoil-768x1024.jpg",768,1024,true],"1536x1536":["https:\/\/srokacompany.com\/wp-content\/uploads\/2021\/04\/Windfoil.jpg",780,1040,false],"2048x2048":["https:\/\/srokacompany.com\/wp-content\/uploads\/2021\/04\/Windfoil.jpg",780,1040,false],"woocommerce_thumbnail":["https:\/\/srokacompany.com\/wp-content\/uploads\/2021\/04\/Windfoil-600x800.jpg",600,800,true],"woocommerce_single":["https:\/\/srokacompany.com\/wp-content\/uploads\/2021\/04\/Windfoil-600x800.jpg",600,800,true],"woocommerce_gallery_thumbnail":["https:\/\/srokacompany.com\/wp-content\/uploads\/2021\/04\/Windfoil-100x100.jpg",100,100,true],"dgwt-wcas-product-suggestion":["https:\/\/srokacompany.com\/wp-content\/uploads\/2021\/04\/Windfoil.jpg",64,85,false]},"uagb_author_info":{"display_name":"Bruno Sroka","author_link":"https:\/\/srokacompany.com\/es\/blog\/author\/"},"uagb_comment_info":0,"uagb_excerpt":"Viento Foil La Wind Foil 2020 se ha dise\u00f1ado utilizando los mejores materiales de carbono y aluminio. Se ha desarrollado con un nuevo perfil de ala delantera libre que es superr\u00e1pida y de alto rendimiento para su superficie de 1000 cm2. La aleta trasera se ha redise\u00f1ado para proporcionar una excelente estabilidad. Nuestras alas son&hellip;","jetpack_sharing_enabled":true,"_links":{"self":[{"href":"https:\/\/srokacompany.com\/es\/wp-json\/wp\/v2\/product\/344708","targetHints":{"allow":["GET"]}}],"collection":[{"href":"https:\/\/srokacompany.com\/es\/wp-json\/wp\/v2\/product"}],"about":[{"href":"https:\/\/srokacompany.com\/es\/wp-json\/wp\/v2\/types\/product"}],"wp:featuredmedia":[{"embeddable":true,"href":"https:\/\/srokacompany.com\/es\/wp-json\/wp\/v2\/media\/338752"}],"wp:attachment":[{"href":"https:\/\/srokacompany.com\/es\/wp-json\/wp\/v2\/media?parent=344708"}],"wp:term":[{"taxonomy":"product_brand","embeddable":true,"href":"https:\/\/srokacompany.com\/es\/wp-json\/wp\/v2\/product_brand?post=344708"},{"taxonomy":"product_cat","embeddable":true,"href":"https:\/\/srokacompany.com\/es\/wp-json\/wp\/v2\/product_cat?post=344708"},{"taxonomy":"product_tag","embeddable":true,"href":"https:\/\/srokacompany.com\/es\/wp-json\/wp\/v2\/product_tag?post=344708"}],"curies":[{"name":"wp","href":"https:\/\/api.w.org\/{rel}","templated":true}]}}