{"id":344747,"date":"2019-07-16T13:17:07","date_gmt":"2019-07-16T13:17:07","guid":{"rendered":"https:\/\/srokacompany.com\/produit\/s-foil-classic-sroka\/"},"modified":"2026-02-02T20:06:59","modified_gmt":"2026-02-02T18:06:59","slug":"s-foil-classic-sroka","status":"publish","type":"product","link":"https:\/\/srokacompany.com\/es\/produit\/s-foil-classic-sroka\/","title":{"rendered":"S-Foil Classic Sroka"},"content":{"rendered":"<hr>\n<h2>\u00a1Arranca y avanza con facilidad gracias a la S-Foil Sroka!<\/h2>\n<p>Sobrevuela las olas <strong>con facilidad<\/strong>, enlaza suaves curvas y descubre el <strong>placer \u00fanico<\/strong> de foil <strong>desde tu primer vuelo<\/strong>. Con la S-Foil Sroka, los principiantes pueden esperar una experiencia exitosa y gratificante <a href=\"https:\/\/srokacompany.com\/es\/blog\/como-virar-hacer-una-virada-en-wingfoil\/\">con ala<\/a>, mientras que los pilotos m\u00e1s experimentados pueden disfrutar de los vientos muy ligeros. <\/p>\n<p>Especialmente dise\u00f1ada para ayudarte a progresar r\u00e1pidamente sin ralentizarte, la S-Foil ha sido cuidadosamente redise\u00f1ada para mejorar su rendimiento, rigidez y ligereza. Es totalmente modular, con piezas intercambiables para adaptarse perfectamente a tu nivel y a tus progresos. <\/p>\n<h4>Los beneficios de S-Foil Sroka:<\/h4>\n<ul>\n<li><a href=\"https:\/\/srokacompany.com\/es\/produit\/aletas-delanteras-s-foil-classic\/\">Aletas delanteras Classic 1500, 1750 o 2000<\/a>, especialmente dise\u00f1adas para <strong>facilitar el despegue y la estabilidad<\/strong> para adaptarse a su tama\u00f1o.<\/li>\n<li>Un foil Classic est\u00e1ndar con un fuselaje de 68 cm y un vers\u00e1til estabilizador 300 para <strong>facilitar su manejo<\/strong>.<\/li>\n<li>M\u00e1stil de 80 cm incluido, ideal para principiantes, pero con diferentes opciones de tama\u00f1o para <strong>ayudarle a progresar<\/strong>.<\/li>\n<\/ul>\n<p>Adem\u00e1s de ser <strong>f\u00e1cil<\/strong> <strong>de aprender<\/strong>, la S-Foil est\u00e1 construida para <strong>ser duradera<\/strong> y <strong>resistente<\/strong>, utilizando materiales de alta calidad. Las aletas de carbono preimpregnado de alta calidad y las piezas de aluminio T6061 T6, utilizadas en la industria aeron\u00e1utica y naval, garantizan un rendimiento s\u00f3lido y duradero. <\/p>\n<p>Elegir la S-Foil Sroka significa optar por <strong>una foil que te seguir\u00e1 en tu evoluci\u00f3n<\/strong>, permiti\u00e9ndote progresar sin limitaciones. Un s\u00faper foil viento ligero que seguir\u00e1 siendo un compa\u00f1ero ideal incluso despu\u00e9s de que hayas adquirido experiencia. <\/p>\n<h4>Configuraci\u00f3n est\u00e1ndar vers\u00e1til :<\/h4>\n<ul>\n<li>Ideal para principiantes que deseen descubrir y practicar diversas disciplinas foil: <a href=\"https:\/\/srokacompany.com\/es\/blog\/como-virar-hacer-una-virada-en-wingfoil\/\">Wing Foil<\/a>SUP foil , Estela Foil, etc.<\/li>\n<li>Se suministra con un pr\u00e1ctico malet\u00edn de transporte y <a href=\"https:\/\/srokacompany.com\/es\/produit\/tornilleria-completa-para-placas-s-foil-y-sroka\/\">un completo kit de tornillos<\/a> para facilitar su uso.<\/li>\n<\/ul>\n","protected":false},"excerpt":{"rendered":"<ul>\n<li>Tama\u00f1os de m\u00e1stil opcionales: 55 cm \/ 70 cm \/ 90 cm<\/li>\n<li>Tama\u00f1os de fuselaje opcionales: 68 cm \/ 62 cm \/ 56 cm<\/li>\n<\/ul>\n<p>Su foil se entregar\u00e1 de serie con un m\u00e1stil de 80 cm y un fuselaje de 68 cm. Si desea modificar alguno de estos par\u00e1metros, p\u00f3ngase en contacto con nosotros en la siguiente direcci\u00f3n de correo electr\u00f3nico: contact@srokacompany.com <\/p>\n<p>El precio no variar\u00e1 en funci\u00f3n del m\u00e1stil o fuselaje elegido.<\/p>\n","protected":false},"featured_media":344749,"template":"","meta":{"_acf_changed":false,"_uag_custom_page_level_css":""},"product_brand":[],"product_cat":[3486,3480,3485,3724,3444],"product_tag":[3427,3426],"class_list":{"0":"post-344747","1":"product","2":"type-product","3":"status-publish","4":"has-post-thumbnail","6":"product_cat-ala-de-laminas-foil","7":"product_cat-foil-es","8":"product_cat-todas-las-laminas-de-aluminio","9":"product_cat-todas-nuestras-laminas-clasicas","10":"product_cat-wing-foil-es","11":"product_tag-ingenioso","12":"product_tag-principiante","13":"product_shipping_class-foil-unidad-completa-o-piezas-alas","15":"first","16":"instock","17":"sale","18":"taxable","19":"shipping-taxable","20":"purchasable","21":"product-type-variable"},"acf":[],"yoast_head":"<!-- This site is optimized with the Yoast SEO plugin v27.4 - https:\/\/yoast.com\/product\/yoast-seo-wordpress\/ -->\n<title>S-Foil Sroka - Gama cl\u00e1sica - SROKA Company<\/title>\n<meta name=\"description\" content=\"El nuevo Foil Classic es extremadamente vers\u00e1til: Surf, SUP, Kite, Wing, Wake &amp; Windfoil. \u00a1Alta calidad, mejor precio!\" \/>\n<meta name=\"robots\" content=\"index, follow, max-snippet:-1, max-image-preview:large, max-video-preview:-1\" \/>\n<link rel=\"canonical\" href=\"https:\/\/srokacompany.com\/es\/produit\/s-foil-classic-sroka\/\" \/>\n<meta property=\"og:locale\" content=\"es_ES\" \/>\n<meta property=\"og:type\" content=\"article\" \/>\n<meta property=\"og:title\" content=\"S-Foil Sroka - Gama cl\u00e1sica - SROKA Company\" \/>\n<meta property=\"og:description\" content=\"El nuevo Foil Classic es extremadamente vers\u00e1til: Surf, SUP, Kite, Wing, Wake &amp; Windfoil. \u00a1Alta calidad, mejor precio!\" \/>\n<meta property=\"og:url\" content=\"https:\/\/srokacompany.com\/es\/produit\/s-foil-classic-sroka\/\" \/>\n<meta property=\"og:site_name\" content=\"SROKA Company\" \/>\n<meta property=\"article:publisher\" content=\"https:\/\/www.facebook.com\/srokawatersports\/\" \/>\n<meta property=\"article:modified_time\" content=\"2026-02-02T18:06:59+00:00\" \/>\n<meta property=\"og:image\" content=\"https:\/\/srokacompany.com\/wp-content\/uploads\/2019\/07\/8.jpg\" \/>\n\t<meta property=\"og:image:width\" content=\"740\" \/>\n\t<meta property=\"og:image:height\" content=\"1080\" \/>\n\t<meta property=\"og:image:type\" content=\"image\/jpeg\" \/>\n<meta name=\"twitter:label1\" content=\"Tiempo de lectura\" \/>\n\t<meta name=\"twitter:data1\" content=\"1 minuto\" \/>\n<script type=\"application\/ld+json\" class=\"yoast-schema-graph\">{\"@context\":\"https:\\\/\\\/schema.org\",\"@graph\":[{\"@type\":\"WebPage\",\"@id\":\"https:\\\/\\\/srokacompany.com\\\/es\\\/produit\\\/s-foil-classic-sroka\\\/\",\"url\":\"https:\\\/\\\/srokacompany.com\\\/es\\\/produit\\\/s-foil-classic-sroka\\\/\",\"name\":\"S-Foil Sroka - Gama cl\u00e1sica - SROKA Company\",\"isPartOf\":{\"@id\":\"https:\\\/\\\/srokacompany.com\\\/es\\\/#website\"},\"primaryImageOfPage\":{\"@id\":\"https:\\\/\\\/srokacompany.com\\\/es\\\/produit\\\/s-foil-classic-sroka\\\/#primaryimage\"},\"image\":{\"@id\":\"https:\\\/\\\/srokacompany.com\\\/es\\\/produit\\\/s-foil-classic-sroka\\\/#primaryimage\"},\"thumbnailUrl\":\"https:\\\/\\\/srokacompany.com\\\/wp-content\\\/uploads\\\/2019\\\/07\\\/8.jpg\",\"datePublished\":\"2019-07-16T13:17:07+00:00\",\"dateModified\":\"2026-02-02T18:06:59+00:00\",\"description\":\"El nuevo Foil Classic es extremadamente vers\u00e1til: Surf, SUP, Kite, Wing, Wake & Windfoil. \u00a1Alta calidad, mejor precio!\",\"breadcrumb\":{\"@id\":\"https:\\\/\\\/srokacompany.com\\\/es\\\/produit\\\/s-foil-classic-sroka\\\/#breadcrumb\"},\"inLanguage\":\"es\",\"potentialAction\":[{\"@type\":\"ReadAction\",\"target\":[\"https:\\\/\\\/srokacompany.com\\\/es\\\/produit\\\/s-foil-classic-sroka\\\/\"]}]},{\"@type\":\"ImageObject\",\"inLanguage\":\"es\",\"@id\":\"https:\\\/\\\/srokacompany.com\\\/es\\\/produit\\\/s-foil-classic-sroka\\\/#primaryimage\",\"url\":\"https:\\\/\\\/srokacompany.com\\\/wp-content\\\/uploads\\\/2019\\\/07\\\/8.jpg\",\"contentUrl\":\"https:\\\/\\\/srokacompany.com\\\/wp-content\\\/uploads\\\/2019\\\/07\\\/8.jpg\",\"width\":740,\"height\":1080,\"caption\":\"S-Foil Sroka\"},{\"@type\":\"BreadcrumbList\",\"@id\":\"https:\\\/\\\/srokacompany.com\\\/es\\\/produit\\\/s-foil-classic-sroka\\\/#breadcrumb\",\"itemListElement\":[{\"@type\":\"ListItem\",\"position\":1,\"name\":\"Accueil\",\"item\":\"https:\\\/\\\/srokacompany.com\\\/es\\\/\"},{\"@type\":\"ListItem\",\"position\":2,\"name\":\"Tienda\",\"item\":\"https:\\\/\\\/srokacompany.com\\\/tienda\\\/\"},{\"@type\":\"ListItem\",\"position\":3,\"name\":\"S-Foil Classic Sroka\"}]},{\"@type\":\"WebSite\",\"@id\":\"https:\\\/\\\/srokacompany.com\\\/es\\\/#website\",\"url\":\"https:\\\/\\\/srokacompany.com\\\/es\\\/\",\"name\":\"SROKA Company\",\"description\":\"SUP, Kite, Foil, Wing\",\"publisher\":{\"@id\":\"https:\\\/\\\/srokacompany.com\\\/es\\\/#organization\"},\"potentialAction\":[{\"@type\":\"SearchAction\",\"target\":{\"@type\":\"EntryPoint\",\"urlTemplate\":\"https:\\\/\\\/srokacompany.com\\\/es\\\/?s={search_term_string}\"},\"query-input\":{\"@type\":\"PropertyValueSpecification\",\"valueRequired\":true,\"valueName\":\"search_term_string\"}}],\"inLanguage\":\"es\"},{\"@type\":\"Organization\",\"@id\":\"https:\\\/\\\/srokacompany.com\\\/es\\\/#organization\",\"name\":\"SROKACOMPANY\",\"alternateName\":\"SROKA\",\"url\":\"https:\\\/\\\/srokacompany.com\\\/es\\\/\",\"logo\":{\"@type\":\"ImageObject\",\"inLanguage\":\"es\",\"@id\":\"https:\\\/\\\/srokacompany.com\\\/es\\\/#\\\/schema\\\/logo\\\/image\\\/\",\"url\":\"https:\\\/\\\/srokacompany.com\\\/wp-content\\\/uploads\\\/2021\\\/01\\\/logo-sroka-black-transpa.png\",\"contentUrl\":\"https:\\\/\\\/srokacompany.com\\\/wp-content\\\/uploads\\\/2021\\\/01\\\/logo-sroka-black-transpa.png\",\"width\":1201,\"height\":342,\"caption\":\"SROKACOMPANY\"},\"image\":{\"@id\":\"https:\\\/\\\/srokacompany.com\\\/es\\\/#\\\/schema\\\/logo\\\/image\\\/\"},\"sameAs\":[\"https:\\\/\\\/www.facebook.com\\\/srokawatersports\\\/\",\"https:\\\/\\\/www.instagram.com\\\/srokawatersports\\\/\",\"https:\\\/\\\/www.youtube.com\\\/channel\\\/UCVLHHeaPIm-J5bdEUgxqtZA\"]}]}<\/script>\n<!-- \/ Yoast SEO plugin. -->","yoast_head_json":{"title":"S-Foil Sroka - Gama cl\u00e1sica - SROKA Company","description":"El nuevo Foil Classic es extremadamente vers\u00e1til: Surf, SUP, Kite, Wing, Wake & Windfoil. \u00a1Alta calidad, mejor precio!","robots":{"index":"index","follow":"follow","max-snippet":"max-snippet:-1","max-image-preview":"max-image-preview:large","max-video-preview":"max-video-preview:-1"},"canonical":"https:\/\/srokacompany.com\/es\/produit\/s-foil-classic-sroka\/","og_locale":"es_ES","og_type":"article","og_title":"S-Foil Sroka - Gama cl\u00e1sica - SROKA Company","og_description":"El nuevo Foil Classic es extremadamente vers\u00e1til: Surf, SUP, Kite, Wing, Wake & Windfoil. \u00a1Alta calidad, mejor precio!","og_url":"https:\/\/srokacompany.com\/es\/produit\/s-foil-classic-sroka\/","og_site_name":"SROKA Company","article_publisher":"https:\/\/www.facebook.com\/srokawatersports\/","article_modified_time":"2026-02-02T18:06:59+00:00","og_image":[{"width":740,"height":1080,"url":"https:\/\/srokacompany.com\/wp-content\/uploads\/2019\/07\/8.jpg","type":"image\/jpeg"}],"twitter_misc":{"Tiempo de lectura":"1 minuto"},"schema":{"@context":"https:\/\/schema.org","@graph":[{"@type":"WebPage","@id":"https:\/\/srokacompany.com\/es\/produit\/s-foil-classic-sroka\/","url":"https:\/\/srokacompany.com\/es\/produit\/s-foil-classic-sroka\/","name":"S-Foil Sroka - Gama cl\u00e1sica - SROKA Company","isPartOf":{"@id":"https:\/\/srokacompany.com\/es\/#website"},"primaryImageOfPage":{"@id":"https:\/\/srokacompany.com\/es\/produit\/s-foil-classic-sroka\/#primaryimage"},"image":{"@id":"https:\/\/srokacompany.com\/es\/produit\/s-foil-classic-sroka\/#primaryimage"},"thumbnailUrl":"https:\/\/srokacompany.com\/wp-content\/uploads\/2019\/07\/8.jpg","datePublished":"2019-07-16T13:17:07+00:00","dateModified":"2026-02-02T18:06:59+00:00","description":"El nuevo Foil Classic es extremadamente vers\u00e1til: Surf, SUP, Kite, Wing, Wake & Windfoil. \u00a1Alta calidad, mejor precio!","breadcrumb":{"@id":"https:\/\/srokacompany.com\/es\/produit\/s-foil-classic-sroka\/#breadcrumb"},"inLanguage":"es","potentialAction":[{"@type":"ReadAction","target":["https:\/\/srokacompany.com\/es\/produit\/s-foil-classic-sroka\/"]}]},{"@type":"ImageObject","inLanguage":"es","@id":"https:\/\/srokacompany.com\/es\/produit\/s-foil-classic-sroka\/#primaryimage","url":"https:\/\/srokacompany.com\/wp-content\/uploads\/2019\/07\/8.jpg","contentUrl":"https:\/\/srokacompany.com\/wp-content\/uploads\/2019\/07\/8.jpg","width":740,"height":1080,"caption":"S-Foil Sroka"},{"@type":"BreadcrumbList","@id":"https:\/\/srokacompany.com\/es\/produit\/s-foil-classic-sroka\/#breadcrumb","itemListElement":[{"@type":"ListItem","position":1,"name":"Accueil","item":"https:\/\/srokacompany.com\/es\/"},{"@type":"ListItem","position":2,"name":"Tienda","item":"https:\/\/srokacompany.com\/tienda\/"},{"@type":"ListItem","position":3,"name":"S-Foil Classic Sroka"}]},{"@type":"WebSite","@id":"https:\/\/srokacompany.com\/es\/#website","url":"https:\/\/srokacompany.com\/es\/","name":"SROKA Company","description":"SUP, Kite, Foil, Wing","publisher":{"@id":"https:\/\/srokacompany.com\/es\/#organization"},"potentialAction":[{"@type":"SearchAction","target":{"@type":"EntryPoint","urlTemplate":"https:\/\/srokacompany.com\/es\/?s={search_term_string}"},"query-input":{"@type":"PropertyValueSpecification","valueRequired":true,"valueName":"search_term_string"}}],"inLanguage":"es"},{"@type":"Organization","@id":"https:\/\/srokacompany.com\/es\/#organization","name":"SROKACOMPANY","alternateName":"SROKA","url":"https:\/\/srokacompany.com\/es\/","logo":{"@type":"ImageObject","inLanguage":"es","@id":"https:\/\/srokacompany.com\/es\/#\/schema\/logo\/image\/","url":"https:\/\/srokacompany.com\/wp-content\/uploads\/2021\/01\/logo-sroka-black-transpa.png","contentUrl":"https:\/\/srokacompany.com\/wp-content\/uploads\/2021\/01\/logo-sroka-black-transpa.png","width":1201,"height":342,"caption":"SROKACOMPANY"},"image":{"@id":"https:\/\/srokacompany.com\/es\/#\/schema\/logo\/image\/"},"sameAs":["https:\/\/www.facebook.com\/srokawatersports\/","https:\/\/www.instagram.com\/srokawatersports\/","https:\/\/www.youtube.com\/channel\/UCVLHHeaPIm-J5bdEUgxqtZA"]}]}},"uagb_featured_image_src":{"full":["https:\/\/srokacompany.com\/wp-content\/uploads\/2019\/07\/8.jpg",740,1080,false],"thumbnail":["https:\/\/srokacompany.com\/wp-content\/uploads\/2019\/07\/8-150x150.jpg",150,150,true],"medium":["https:\/\/srokacompany.com\/wp-content\/uploads\/2019\/07\/8-206x300.jpg",206,300,true],"medium_large":["https:\/\/srokacompany.com\/wp-content\/uploads\/2019\/07\/8.jpg",740,1080,false],"large":["https:\/\/srokacompany.com\/wp-content\/uploads\/2019\/07\/8-702x1024.jpg",702,1024,true],"1536x1536":["https:\/\/srokacompany.com\/wp-content\/uploads\/2019\/07\/8.jpg",740,1080,false],"2048x2048":["https:\/\/srokacompany.com\/wp-content\/uploads\/2019\/07\/8.jpg",740,1080,false],"woocommerce_thumbnail":["https:\/\/srokacompany.com\/wp-content\/uploads\/2019\/07\/8-600x876.jpg",600,876,true],"woocommerce_single":["https:\/\/srokacompany.com\/wp-content\/uploads\/2019\/07\/8-600x876.jpg",600,876,true],"woocommerce_gallery_thumbnail":["https:\/\/srokacompany.com\/wp-content\/uploads\/2019\/07\/8-100x100.jpg",100,100,true],"dgwt-wcas-product-suggestion":["https:\/\/srokacompany.com\/wp-content\/uploads\/2019\/07\/8-64x93.jpg",64,93,true]},"uagb_author_info":{"display_name":"Bruno Sroka","author_link":"https:\/\/srokacompany.com\/es\/blog\/author\/"},"uagb_comment_info":0,"uagb_excerpt":"Tama\u00f1os de m\u00e1stil opcionales: 55 cm \/ 70 cm \/ 90 cm Tama\u00f1os de fuselaje opcionales: 68 cm \/ 62 cm \/ 56 cm Su foil se entregar\u00e1 de serie con un m\u00e1stil de 80 cm y un fuselaje de 68 cm. Si desea modificar alguno de estos par\u00e1metros, p\u00f3ngase en contacto con nosotros en&hellip;","jetpack_sharing_enabled":true,"_links":{"self":[{"href":"https:\/\/srokacompany.com\/es\/wp-json\/wp\/v2\/product\/344747","targetHints":{"allow":["GET"]}}],"collection":[{"href":"https:\/\/srokacompany.com\/es\/wp-json\/wp\/v2\/product"}],"about":[{"href":"https:\/\/srokacompany.com\/es\/wp-json\/wp\/v2\/types\/product"}],"wp:featuredmedia":[{"embeddable":true,"href":"https:\/\/srokacompany.com\/es\/wp-json\/wp\/v2\/media\/344749"}],"wp:attachment":[{"href":"https:\/\/srokacompany.com\/es\/wp-json\/wp\/v2\/media?parent=344747"}],"wp:term":[{"taxonomy":"product_brand","embeddable":true,"href":"https:\/\/srokacompany.com\/es\/wp-json\/wp\/v2\/product_brand?post=344747"},{"taxonomy":"product_cat","embeddable":true,"href":"https:\/\/srokacompany.com\/es\/wp-json\/wp\/v2\/product_cat?post=344747"},{"taxonomy":"product_tag","embeddable":true,"href":"https:\/\/srokacompany.com\/es\/wp-json\/wp\/v2\/product_tag?post=344747"}],"curies":[{"name":"wp","href":"https:\/\/api.w.org\/{rel}","templated":true}]}}