{"id":344965,"date":"2019-07-31T09:38:04","date_gmt":"2019-07-31T09:38:04","guid":{"rendered":"https:\/\/srokacompany.com\/produit\/cometa-pack-foil-k-foil-aluminio-dos-juegos-de-quillas-tabla-160-x-52\/"},"modified":"2025-11-21T18:09:07","modified_gmt":"2025-11-21T16:09:07","slug":"cometa-pack-foil-k-foil-aluminio-dos-juegos-de-quillas-tabla-160-x-52","status":"publish","type":"product","link":"https:\/\/srokacompany.com\/es\/produit\/cometa-pack-foil-k-foil-aluminio-dos-juegos-de-quillas-tabla-160-x-52\/","title":{"rendered":"Cometa Pack Foil K-Foil aluminio + Dos juegos de quillas + Tabla 160 x 52"},"content":{"rendered":"<hr>\n<h2>Pack Kite Foil y tabla de kite<\/h2>\n<p>El <strong>pack de kite foil<\/strong> ideal e hiper accesible con el K-Foil de aluminio y la tabla de foil h\u00edbrida Kite \/ Surf 160&#215;52 de SROKA Company. Nuestra l\u00e1mina K de aluminio es escalable con el tiempo, todas las piezas son modificables e intercambiables. Y en 2021, para el lanzamiento de nuestro nuevo <a href=\"https:\/\/srokacompany.com\/es\/produit\/pack-alas-de-cometa-foil-k950-xxl-estabilizador\/\">juego de aletas y estabilizador K950<\/a>, ofrecemos un pack con dos juegos de aletas, una tabla y el<a href=\"https:\/\/srokacompany.com\/es\/eshop\/foil-es\/\"> K Foil<\/a> completo de aluminio.   Puede cambiar el tama\u00f1o de la aleta para adaptarse a su programa, para obtener la m\u00e1xima versatilidad. No m\u00e1s frustraciones, nuestros dos juegos de aletas cubrir\u00e1n todas las necesidades en todas las situaciones. Es una de las Kite foil m\u00e1s s\u00f3lidas del mercado, y la K-Foil tambi\u00e9n ha sido reconocida por la revista The Kite Mag como \u00a1EL freeride foil de 2019! Por \u00faltimo, si quieres aprender a surfear en foil, esta tabla es el compromiso perfecto cuando cambias foil para hacer paddle surf. <\/p>\n","protected":false},"excerpt":{"rendered":"<hr>\n<h2>Pack Kite Foil y tabla de kite<\/h2>\n<p>El <strong>pack de kite foil<\/strong> ideal e hiper accesible con el K-Foil de aluminio y la tabla de foil h\u00edbrida Kite \/ Surf 160&#215;52 de SROKA Company. Nuestra l\u00e1mina K de aluminio es escalable con el tiempo, todas las piezas son modificables e intercambiables. Y en 2021, para el lanzamiento de nuestro nuevo <a href=\"https:\/\/srokacompany.com\/es\/produit\/pack-alas-de-cometa-foil-k950-xxl-estabilizador\/\">juego de aletas y estabilizador K950<\/a>, ofrecemos un pack con dos juegos de aletas, una tabla y el<a href=\"https:\/\/srokacompany.com\/es\/eshop\/foil-es\/\"> K Foil<\/a> completo de aluminio.   Puede cambiar el tama\u00f1o de la aleta para adaptarse a su programa, para obtener la m\u00e1xima versatilidad. No m\u00e1s frustraciones, nuestros dos juegos de aletas cubrir\u00e1n todas las necesidades en todas las situaciones. Es una de las Kite foil m\u00e1s s\u00f3lidas del mercado, y la K-Foil tambi\u00e9n ha sido reconocida por la revista The Kite Mag como \u00a1EL freeride foil de 2019! Por \u00faltimo, si quieres aprender a surfear en foil, esta tabla es el compromiso perfecto cuando cambias foil para hacer paddle surf. <\/p>\n","protected":false},"featured_media":344966,"template":"","meta":{"_acf_changed":false,"_uag_custom_page_level_css":""},"product_brand":[],"product_cat":[3646,3480,3603,4260],"product_tag":[],"class_list":{"0":"post-344965","1":"product","2":"type-product","3":"status-publish","4":"has-post-thumbnail","6":"product_cat-equilibrio-de-la-cometa-foil","7":"product_cat-foil-es","8":"product_cat-promos-es","9":"product_cat-viernes-negro","10":"pa_surface-de-lailette-avant-650-cm2-es","12":"first","13":"instock","14":"sale","15":"taxable","16":"shipping-taxable","17":"purchasable","18":"product-type-variable"},"acf":[],"yoast_head":"<!-- This site is optimized with the Yoast SEO plugin v27.4 - https:\/\/yoast.com\/product\/yoast-seo-wordpress\/ -->\n<title>Pack Kite Foil K-Foil alu + foil tabla 160 x 52 por la empresa SROKA<\/title>\n<meta name=\"description\" content=\"El pack de kite con mejor relaci\u00f3n calidad-precio foil con la K-Foil SROKA, reconocida como LA referencia del kitesurf foil y la tabla h\u00edbrida de surf \/ kite de 5&#039;2 foil.\" \/>\n<meta name=\"robots\" content=\"index, follow, max-snippet:-1, max-image-preview:large, max-video-preview:-1\" \/>\n<link rel=\"canonical\" href=\"https:\/\/srokacompany.com\/es\/produit\/cometa-pack-foil-k-foil-aluminio-dos-juegos-de-quillas-tabla-160-x-52\/\" \/>\n<meta property=\"og:locale\" content=\"es_ES\" \/>\n<meta property=\"og:type\" content=\"article\" \/>\n<meta property=\"og:title\" content=\"Pack Kite Foil K-Foil alu + foil tabla 160 x 52 por la empresa SROKA\" \/>\n<meta property=\"og:description\" content=\"El pack de kite con mejor relaci\u00f3n calidad-precio foil con la K-Foil SROKA, reconocida como LA referencia del kitesurf foil y la tabla h\u00edbrida de surf \/ kite de 5&#039;2 foil.\" \/>\n<meta property=\"og:url\" content=\"https:\/\/srokacompany.com\/es\/produit\/cometa-pack-foil-k-foil-aluminio-dos-juegos-de-quillas-tabla-160-x-52\/\" \/>\n<meta property=\"og:site_name\" content=\"SROKA Company\" \/>\n<meta property=\"article:publisher\" content=\"https:\/\/www.facebook.com\/srokawatersports\/\" \/>\n<meta property=\"article:modified_time\" content=\"2025-11-21T16:09:07+00:00\" \/>\n<meta property=\"og:image\" content=\"https:\/\/srokacompany.com\/wp-content\/uploads\/2020\/12\/pack-aluminium-deux-jeux-dailettes-kite-foil-1.jpg\" \/>\n\t<meta property=\"og:image:width\" content=\"780\" \/>\n\t<meta property=\"og:image:height\" content=\"1040\" \/>\n\t<meta property=\"og:image:type\" content=\"image\/jpeg\" \/>\n<meta name=\"twitter:label1\" content=\"Tiempo de lectura\" \/>\n\t<meta name=\"twitter:data1\" content=\"1 minuto\" \/>\n<script type=\"application\/ld+json\" class=\"yoast-schema-graph\">{\"@context\":\"https:\\\/\\\/schema.org\",\"@graph\":[{\"@type\":\"WebPage\",\"@id\":\"https:\\\/\\\/srokacompany.com\\\/es\\\/produit\\\/cometa-pack-foil-k-foil-aluminio-dos-juegos-de-quillas-tabla-160-x-52\\\/\",\"url\":\"https:\\\/\\\/srokacompany.com\\\/es\\\/produit\\\/cometa-pack-foil-k-foil-aluminio-dos-juegos-de-quillas-tabla-160-x-52\\\/\",\"name\":\"Pack Kite Foil K-Foil alu + foil tabla 160 x 52 por la empresa SROKA\",\"isPartOf\":{\"@id\":\"https:\\\/\\\/srokacompany.com\\\/es\\\/#website\"},\"primaryImageOfPage\":{\"@id\":\"https:\\\/\\\/srokacompany.com\\\/es\\\/produit\\\/cometa-pack-foil-k-foil-aluminio-dos-juegos-de-quillas-tabla-160-x-52\\\/#primaryimage\"},\"image\":{\"@id\":\"https:\\\/\\\/srokacompany.com\\\/es\\\/produit\\\/cometa-pack-foil-k-foil-aluminio-dos-juegos-de-quillas-tabla-160-x-52\\\/#primaryimage\"},\"thumbnailUrl\":\"https:\\\/\\\/srokacompany.com\\\/wp-content\\\/uploads\\\/2020\\\/12\\\/pack-aluminium-deux-jeux-dailettes-kite-foil-1.jpg\",\"datePublished\":\"2019-07-31T09:38:04+00:00\",\"dateModified\":\"2025-11-21T16:09:07+00:00\",\"description\":\"El pack de kite con mejor relaci\u00f3n calidad-precio foil con la K-Foil SROKA, reconocida como LA referencia del kitesurf foil y la tabla h\u00edbrida de surf \\\/ kite de 5'2 foil.\",\"breadcrumb\":{\"@id\":\"https:\\\/\\\/srokacompany.com\\\/es\\\/produit\\\/cometa-pack-foil-k-foil-aluminio-dos-juegos-de-quillas-tabla-160-x-52\\\/#breadcrumb\"},\"inLanguage\":\"es\",\"potentialAction\":[{\"@type\":\"ReadAction\",\"target\":[\"https:\\\/\\\/srokacompany.com\\\/es\\\/produit\\\/cometa-pack-foil-k-foil-aluminio-dos-juegos-de-quillas-tabla-160-x-52\\\/\"]}]},{\"@type\":\"ImageObject\",\"inLanguage\":\"es\",\"@id\":\"https:\\\/\\\/srokacompany.com\\\/es\\\/produit\\\/cometa-pack-foil-k-foil-aluminio-dos-juegos-de-quillas-tabla-160-x-52\\\/#primaryimage\",\"url\":\"https:\\\/\\\/srokacompany.com\\\/wp-content\\\/uploads\\\/2020\\\/12\\\/pack-aluminium-deux-jeux-dailettes-kite-foil-1.jpg\",\"contentUrl\":\"https:\\\/\\\/srokacompany.com\\\/wp-content\\\/uploads\\\/2020\\\/12\\\/pack-aluminium-deux-jeux-dailettes-kite-foil-1.jpg\",\"width\":780,\"height\":1040,\"caption\":\"Pack kite foil\"},{\"@type\":\"BreadcrumbList\",\"@id\":\"https:\\\/\\\/srokacompany.com\\\/es\\\/produit\\\/cometa-pack-foil-k-foil-aluminio-dos-juegos-de-quillas-tabla-160-x-52\\\/#breadcrumb\",\"itemListElement\":[{\"@type\":\"ListItem\",\"position\":1,\"name\":\"Accueil\",\"item\":\"https:\\\/\\\/srokacompany.com\\\/es\\\/\"},{\"@type\":\"ListItem\",\"position\":2,\"name\":\"Tienda\",\"item\":\"https:\\\/\\\/srokacompany.com\\\/tienda\\\/\"},{\"@type\":\"ListItem\",\"position\":3,\"name\":\"Cometa Pack Foil K-Foil aluminio + Dos juegos de quillas + Tabla 160 x 52\"}]},{\"@type\":\"WebSite\",\"@id\":\"https:\\\/\\\/srokacompany.com\\\/es\\\/#website\",\"url\":\"https:\\\/\\\/srokacompany.com\\\/es\\\/\",\"name\":\"SROKA Company\",\"description\":\"SUP, Kite, Foil, Wing\",\"publisher\":{\"@id\":\"https:\\\/\\\/srokacompany.com\\\/es\\\/#organization\"},\"potentialAction\":[{\"@type\":\"SearchAction\",\"target\":{\"@type\":\"EntryPoint\",\"urlTemplate\":\"https:\\\/\\\/srokacompany.com\\\/es\\\/?s={search_term_string}\"},\"query-input\":{\"@type\":\"PropertyValueSpecification\",\"valueRequired\":true,\"valueName\":\"search_term_string\"}}],\"inLanguage\":\"es\"},{\"@type\":\"Organization\",\"@id\":\"https:\\\/\\\/srokacompany.com\\\/es\\\/#organization\",\"name\":\"SROKACOMPANY\",\"alternateName\":\"SROKA\",\"url\":\"https:\\\/\\\/srokacompany.com\\\/es\\\/\",\"logo\":{\"@type\":\"ImageObject\",\"inLanguage\":\"es\",\"@id\":\"https:\\\/\\\/srokacompany.com\\\/es\\\/#\\\/schema\\\/logo\\\/image\\\/\",\"url\":\"https:\\\/\\\/srokacompany.com\\\/wp-content\\\/uploads\\\/2021\\\/01\\\/logo-sroka-black-transpa.png\",\"contentUrl\":\"https:\\\/\\\/srokacompany.com\\\/wp-content\\\/uploads\\\/2021\\\/01\\\/logo-sroka-black-transpa.png\",\"width\":1201,\"height\":342,\"caption\":\"SROKACOMPANY\"},\"image\":{\"@id\":\"https:\\\/\\\/srokacompany.com\\\/es\\\/#\\\/schema\\\/logo\\\/image\\\/\"},\"sameAs\":[\"https:\\\/\\\/www.facebook.com\\\/srokawatersports\\\/\",\"https:\\\/\\\/www.instagram.com\\\/srokawatersports\\\/\",\"https:\\\/\\\/www.youtube.com\\\/channel\\\/UCVLHHeaPIm-J5bdEUgxqtZA\"]}]}<\/script>\n<!-- \/ Yoast SEO plugin. -->","yoast_head_json":{"title":"Pack Kite Foil K-Foil alu + foil tabla 160 x 52 por la empresa SROKA","description":"El pack de kite con mejor relaci\u00f3n calidad-precio foil con la K-Foil SROKA, reconocida como LA referencia del kitesurf foil y la tabla h\u00edbrida de surf \/ kite de 5'2 foil.","robots":{"index":"index","follow":"follow","max-snippet":"max-snippet:-1","max-image-preview":"max-image-preview:large","max-video-preview":"max-video-preview:-1"},"canonical":"https:\/\/srokacompany.com\/es\/produit\/cometa-pack-foil-k-foil-aluminio-dos-juegos-de-quillas-tabla-160-x-52\/","og_locale":"es_ES","og_type":"article","og_title":"Pack Kite Foil K-Foil alu + foil tabla 160 x 52 por la empresa SROKA","og_description":"El pack de kite con mejor relaci\u00f3n calidad-precio foil con la K-Foil SROKA, reconocida como LA referencia del kitesurf foil y la tabla h\u00edbrida de surf \/ kite de 5'2 foil.","og_url":"https:\/\/srokacompany.com\/es\/produit\/cometa-pack-foil-k-foil-aluminio-dos-juegos-de-quillas-tabla-160-x-52\/","og_site_name":"SROKA Company","article_publisher":"https:\/\/www.facebook.com\/srokawatersports\/","article_modified_time":"2025-11-21T16:09:07+00:00","og_image":[{"width":780,"height":1040,"url":"https:\/\/srokacompany.com\/wp-content\/uploads\/2020\/12\/pack-aluminium-deux-jeux-dailettes-kite-foil-1.jpg","type":"image\/jpeg"}],"twitter_misc":{"Tiempo de lectura":"1 minuto"},"schema":{"@context":"https:\/\/schema.org","@graph":[{"@type":"WebPage","@id":"https:\/\/srokacompany.com\/es\/produit\/cometa-pack-foil-k-foil-aluminio-dos-juegos-de-quillas-tabla-160-x-52\/","url":"https:\/\/srokacompany.com\/es\/produit\/cometa-pack-foil-k-foil-aluminio-dos-juegos-de-quillas-tabla-160-x-52\/","name":"Pack Kite Foil K-Foil alu + foil tabla 160 x 52 por la empresa SROKA","isPartOf":{"@id":"https:\/\/srokacompany.com\/es\/#website"},"primaryImageOfPage":{"@id":"https:\/\/srokacompany.com\/es\/produit\/cometa-pack-foil-k-foil-aluminio-dos-juegos-de-quillas-tabla-160-x-52\/#primaryimage"},"image":{"@id":"https:\/\/srokacompany.com\/es\/produit\/cometa-pack-foil-k-foil-aluminio-dos-juegos-de-quillas-tabla-160-x-52\/#primaryimage"},"thumbnailUrl":"https:\/\/srokacompany.com\/wp-content\/uploads\/2020\/12\/pack-aluminium-deux-jeux-dailettes-kite-foil-1.jpg","datePublished":"2019-07-31T09:38:04+00:00","dateModified":"2025-11-21T16:09:07+00:00","description":"El pack de kite con mejor relaci\u00f3n calidad-precio foil con la K-Foil SROKA, reconocida como LA referencia del kitesurf foil y la tabla h\u00edbrida de surf \/ kite de 5'2 foil.","breadcrumb":{"@id":"https:\/\/srokacompany.com\/es\/produit\/cometa-pack-foil-k-foil-aluminio-dos-juegos-de-quillas-tabla-160-x-52\/#breadcrumb"},"inLanguage":"es","potentialAction":[{"@type":"ReadAction","target":["https:\/\/srokacompany.com\/es\/produit\/cometa-pack-foil-k-foil-aluminio-dos-juegos-de-quillas-tabla-160-x-52\/"]}]},{"@type":"ImageObject","inLanguage":"es","@id":"https:\/\/srokacompany.com\/es\/produit\/cometa-pack-foil-k-foil-aluminio-dos-juegos-de-quillas-tabla-160-x-52\/#primaryimage","url":"https:\/\/srokacompany.com\/wp-content\/uploads\/2020\/12\/pack-aluminium-deux-jeux-dailettes-kite-foil-1.jpg","contentUrl":"https:\/\/srokacompany.com\/wp-content\/uploads\/2020\/12\/pack-aluminium-deux-jeux-dailettes-kite-foil-1.jpg","width":780,"height":1040,"caption":"Pack kite foil"},{"@type":"BreadcrumbList","@id":"https:\/\/srokacompany.com\/es\/produit\/cometa-pack-foil-k-foil-aluminio-dos-juegos-de-quillas-tabla-160-x-52\/#breadcrumb","itemListElement":[{"@type":"ListItem","position":1,"name":"Accueil","item":"https:\/\/srokacompany.com\/es\/"},{"@type":"ListItem","position":2,"name":"Tienda","item":"https:\/\/srokacompany.com\/tienda\/"},{"@type":"ListItem","position":3,"name":"Cometa Pack Foil K-Foil aluminio + Dos juegos de quillas + Tabla 160 x 52"}]},{"@type":"WebSite","@id":"https:\/\/srokacompany.com\/es\/#website","url":"https:\/\/srokacompany.com\/es\/","name":"SROKA Company","description":"SUP, Kite, Foil, Wing","publisher":{"@id":"https:\/\/srokacompany.com\/es\/#organization"},"potentialAction":[{"@type":"SearchAction","target":{"@type":"EntryPoint","urlTemplate":"https:\/\/srokacompany.com\/es\/?s={search_term_string}"},"query-input":{"@type":"PropertyValueSpecification","valueRequired":true,"valueName":"search_term_string"}}],"inLanguage":"es"},{"@type":"Organization","@id":"https:\/\/srokacompany.com\/es\/#organization","name":"SROKACOMPANY","alternateName":"SROKA","url":"https:\/\/srokacompany.com\/es\/","logo":{"@type":"ImageObject","inLanguage":"es","@id":"https:\/\/srokacompany.com\/es\/#\/schema\/logo\/image\/","url":"https:\/\/srokacompany.com\/wp-content\/uploads\/2021\/01\/logo-sroka-black-transpa.png","contentUrl":"https:\/\/srokacompany.com\/wp-content\/uploads\/2021\/01\/logo-sroka-black-transpa.png","width":1201,"height":342,"caption":"SROKACOMPANY"},"image":{"@id":"https:\/\/srokacompany.com\/es\/#\/schema\/logo\/image\/"},"sameAs":["https:\/\/www.facebook.com\/srokawatersports\/","https:\/\/www.instagram.com\/srokawatersports\/","https:\/\/www.youtube.com\/channel\/UCVLHHeaPIm-J5bdEUgxqtZA"]}]}},"uagb_featured_image_src":{"full":["https:\/\/srokacompany.com\/wp-content\/uploads\/2020\/12\/pack-aluminium-deux-jeux-dailettes-kite-foil-1.jpg",780,1040,false],"thumbnail":["https:\/\/srokacompany.com\/wp-content\/uploads\/2020\/12\/pack-aluminium-deux-jeux-dailettes-kite-foil-1-150x150.jpg",150,150,true],"medium":["https:\/\/srokacompany.com\/wp-content\/uploads\/2020\/12\/pack-aluminium-deux-jeux-dailettes-kite-foil-1-225x300.jpg",225,300,true],"medium_large":["https:\/\/srokacompany.com\/wp-content\/uploads\/2020\/12\/pack-aluminium-deux-jeux-dailettes-kite-foil-1-768x1024.jpg",768,1024,true],"large":["https:\/\/srokacompany.com\/wp-content\/uploads\/2020\/12\/pack-aluminium-deux-jeux-dailettes-kite-foil-1-768x1024.jpg",768,1024,true],"1536x1536":["https:\/\/srokacompany.com\/wp-content\/uploads\/2020\/12\/pack-aluminium-deux-jeux-dailettes-kite-foil-1.jpg",780,1040,false],"2048x2048":["https:\/\/srokacompany.com\/wp-content\/uploads\/2020\/12\/pack-aluminium-deux-jeux-dailettes-kite-foil-1.jpg",780,1040,false],"woocommerce_thumbnail":["https:\/\/srokacompany.com\/wp-content\/uploads\/2020\/12\/pack-aluminium-deux-jeux-dailettes-kite-foil-1-600x800.jpg",600,800,true],"woocommerce_single":["https:\/\/srokacompany.com\/wp-content\/uploads\/2020\/12\/pack-aluminium-deux-jeux-dailettes-kite-foil-1-600x800.jpg",600,800,true],"woocommerce_gallery_thumbnail":["https:\/\/srokacompany.com\/wp-content\/uploads\/2020\/12\/pack-aluminium-deux-jeux-dailettes-kite-foil-1-100x100.jpg",100,100,true],"dgwt-wcas-product-suggestion":["https:\/\/srokacompany.com\/wp-content\/uploads\/2020\/12\/pack-aluminium-deux-jeux-dailettes-kite-foil-1.jpg",64,85,false]},"uagb_author_info":{"display_name":"","author_link":"https:\/\/srokacompany.com\/es\/blog\/author\/"},"uagb_comment_info":0,"uagb_excerpt":"Pack Kite Foil y tabla de kite El pack de kite foil ideal e hiper accesible con el K-Foil de aluminio y la tabla de foil h\u00edbrida Kite \/ Surf 160x52 de SROKA Company. Nuestra l\u00e1mina K de aluminio es escalable con el tiempo, todas las piezas son modificables e intercambiables. Y en 2021, para&hellip;","jetpack_sharing_enabled":true,"_links":{"self":[{"href":"https:\/\/srokacompany.com\/es\/wp-json\/wp\/v2\/product\/344965","targetHints":{"allow":["GET"]}}],"collection":[{"href":"https:\/\/srokacompany.com\/es\/wp-json\/wp\/v2\/product"}],"about":[{"href":"https:\/\/srokacompany.com\/es\/wp-json\/wp\/v2\/types\/product"}],"wp:featuredmedia":[{"embeddable":true,"href":"https:\/\/srokacompany.com\/es\/wp-json\/wp\/v2\/media\/344966"}],"wp:attachment":[{"href":"https:\/\/srokacompany.com\/es\/wp-json\/wp\/v2\/media?parent=344965"}],"wp:term":[{"taxonomy":"product_brand","embeddable":true,"href":"https:\/\/srokacompany.com\/es\/wp-json\/wp\/v2\/product_brand?post=344965"},{"taxonomy":"product_cat","embeddable":true,"href":"https:\/\/srokacompany.com\/es\/wp-json\/wp\/v2\/product_cat?post=344965"},{"taxonomy":"product_tag","embeddable":true,"href":"https:\/\/srokacompany.com\/es\/wp-json\/wp\/v2\/product_tag?post=344965"}],"curies":[{"name":"wp","href":"https:\/\/api.w.org\/{rel}","templated":true}]}}