{"id":345013,"date":"2020-03-21T14:27:26","date_gmt":"2020-03-21T12:27:26","guid":{"rendered":"https:\/\/srokacompany.com\/produit\/correa-de-cadera-wingfoil-correa-de-cinturon\/"},"modified":"2025-11-03T12:06:51","modified_gmt":"2025-11-03T10:06:51","slug":"correa-de-cadera-wingfoil-correa-de-cinturon","status":"publish","type":"product","link":"https:\/\/srokacompany.com\/es\/produit\/correa-de-cadera-wingfoil-correa-de-cinturon\/","title":{"rendered":"Correa de cadera Wingfoil &#8211; Correa de cintur\u00f3n"},"content":{"rendered":"<p>La correa de ala foil para Foil es perfecta para todas las disciplinas siguientes: Downwind Wing Foil , Sup race y Sup foil<\/p>\n<hr>\n<h2 class=\"p1\">Correa de cadera para Wing foilSup foil y Downwind<\/h2>\n<p class=\"p1\">La correa de ala foil para Foil es perfecta para todas las disciplinas siguientes: Downwind Wing Foil , Sup race y Sup foil<\/p>\n<p class=\"p1\">la correa de cadera SROKA est\u00e1 dise\u00f1ada para reducir el arrastre<span class=\"Apple-converted-space\"> <\/span>de leash en el agua y tener los pies libres para moverte sin enredarte. Tambi\u00e9n puedes usarlo como Wingfoil para estar en contacto con la cometa y tener los pies libres para moverte sin enredarte. <span class=\"Apple-converted-space\"> <\/span>liberar las manos y estar m\u00e1s c\u00f3modo con los movimientos del ala. Es perfecto para toda la gama Sky rider, <a href=\"https:\/\/srokacompany.com\/es\/produit\/tabla-de-alas-hinchables-foil-sroka-v2\/\">Sroka Air<\/a> y <a href=\"https:\/\/srokacompany.com\/es\/produit\/surf-foil-46-fast-flyer\/\">Fast Flyer<\/a>. <\/p>\n<p class=\"p1\">Di\u00e1metro: de 92 a 112 cm.<\/p>\n","protected":false},"excerpt":{"rendered":"<p>La correa de ala foil para Foil es perfecta para todas las disciplinas siguientes: Downwind Wing Foil , Sup race y Sup foil<\/p>\n","protected":false},"featured_media":345016,"template":"","meta":{"_acf_changed":false,"_uag_custom_page_level_css":""},"product_brand":[],"product_cat":[3461,3565,3480,3444],"product_tag":[],"class_list":{"0":"post-345013","1":"product","2":"type-product","3":"status-publish","4":"has-post-thumbnail","6":"product_cat-accesorios-wing-foil","7":"product_cat-downwind-es","8":"product_cat-foil-es","9":"product_cat-wing-foil-es","10":"product_shipping_class-pequenos-envios","12":"first","13":"instock","14":"sale","15":"taxable","16":"shipping-taxable","17":"purchasable","18":"product-type-simple"},"acf":[],"yoast_head":"<!-- This site is optimized with the Yoast SEO plugin v27.4 - https:\/\/yoast.com\/product\/yoast-seo-wordpress\/ -->\n<title>Cintur\u00f3n de correa Wingfoil - cintur\u00f3n de cadera<\/title>\n<meta name=\"description\" content=\"Este leash wingoifl, cintur\u00f3n, es adecuado para Wingfoil, SupFoil y Downwind para reducir la resistencia en el agua de la leash y facilita el movimiento del pie.\" \/>\n<meta name=\"robots\" content=\"index, follow, max-snippet:-1, max-image-preview:large, max-video-preview:-1\" \/>\n<link rel=\"canonical\" href=\"https:\/\/srokacompany.com\/es\/produit\/correa-de-cadera-wingfoil-correa-de-cinturon\/\" \/>\n<meta property=\"og:locale\" content=\"es_ES\" \/>\n<meta property=\"og:type\" content=\"article\" \/>\n<meta property=\"og:title\" content=\"Cintur\u00f3n de correa Wingfoil - cintur\u00f3n de cadera\" \/>\n<meta property=\"og:description\" content=\"Este leash wingoifl, cintur\u00f3n, es adecuado para Wingfoil, SupFoil y Downwind para reducir la resistencia en el agua de la leash y facilita el movimiento del pie.\" \/>\n<meta property=\"og:url\" content=\"https:\/\/srokacompany.com\/es\/produit\/correa-de-cadera-wingfoil-correa-de-cinturon\/\" \/>\n<meta property=\"og:site_name\" content=\"SROKA Company\" \/>\n<meta property=\"article:publisher\" content=\"https:\/\/www.facebook.com\/srokawatersports\/\" \/>\n<meta property=\"article:modified_time\" content=\"2025-11-03T10:06:51+00:00\" \/>\n<meta property=\"og:image\" content=\"https:\/\/srokacompany.com\/wp-content\/uploads\/2020\/03\/leash-de-hanche-Wing-foil.jpg\" \/>\n\t<meta property=\"og:image:width\" content=\"417\" \/>\n\t<meta property=\"og:image:height\" content=\"417\" \/>\n\t<meta property=\"og:image:type\" content=\"image\/jpeg\" \/>\n<meta name=\"twitter:label1\" content=\"Tiempo de lectura\" \/>\n\t<meta name=\"twitter:data1\" content=\"1 minuto\" \/>\n<script type=\"application\/ld+json\" class=\"yoast-schema-graph\">{\"@context\":\"https:\\\/\\\/schema.org\",\"@graph\":[{\"@type\":\"WebPage\",\"@id\":\"https:\\\/\\\/srokacompany.com\\\/es\\\/produit\\\/correa-de-cadera-wingfoil-correa-de-cinturon\\\/\",\"url\":\"https:\\\/\\\/srokacompany.com\\\/es\\\/produit\\\/correa-de-cadera-wingfoil-correa-de-cinturon\\\/\",\"name\":\"Cintur\u00f3n de correa Wingfoil - cintur\u00f3n de cadera\",\"isPartOf\":{\"@id\":\"https:\\\/\\\/srokacompany.com\\\/es\\\/#website\"},\"primaryImageOfPage\":{\"@id\":\"https:\\\/\\\/srokacompany.com\\\/es\\\/produit\\\/correa-de-cadera-wingfoil-correa-de-cinturon\\\/#primaryimage\"},\"image\":{\"@id\":\"https:\\\/\\\/srokacompany.com\\\/es\\\/produit\\\/correa-de-cadera-wingfoil-correa-de-cinturon\\\/#primaryimage\"},\"thumbnailUrl\":\"https:\\\/\\\/srokacompany.com\\\/wp-content\\\/uploads\\\/2020\\\/03\\\/leash-de-hanche-Wing-foil.jpg\",\"datePublished\":\"2020-03-21T12:27:26+00:00\",\"dateModified\":\"2025-11-03T10:06:51+00:00\",\"description\":\"Este leash wingoifl, cintur\u00f3n, es adecuado para Wingfoil, SupFoil y Downwind para reducir la resistencia en el agua de la leash y facilita el movimiento del pie.\",\"breadcrumb\":{\"@id\":\"https:\\\/\\\/srokacompany.com\\\/es\\\/produit\\\/correa-de-cadera-wingfoil-correa-de-cinturon\\\/#breadcrumb\"},\"inLanguage\":\"es\",\"potentialAction\":[{\"@type\":\"ReadAction\",\"target\":[\"https:\\\/\\\/srokacompany.com\\\/es\\\/produit\\\/correa-de-cadera-wingfoil-correa-de-cinturon\\\/\"]}]},{\"@type\":\"ImageObject\",\"inLanguage\":\"es\",\"@id\":\"https:\\\/\\\/srokacompany.com\\\/es\\\/produit\\\/correa-de-cadera-wingfoil-correa-de-cinturon\\\/#primaryimage\",\"url\":\"https:\\\/\\\/srokacompany.com\\\/wp-content\\\/uploads\\\/2020\\\/03\\\/leash-de-hanche-Wing-foil.jpg\",\"contentUrl\":\"https:\\\/\\\/srokacompany.com\\\/wp-content\\\/uploads\\\/2020\\\/03\\\/leash-de-hanche-Wing-foil.jpg\",\"width\":417,\"height\":417},{\"@type\":\"BreadcrumbList\",\"@id\":\"https:\\\/\\\/srokacompany.com\\\/es\\\/produit\\\/correa-de-cadera-wingfoil-correa-de-cinturon\\\/#breadcrumb\",\"itemListElement\":[{\"@type\":\"ListItem\",\"position\":1,\"name\":\"Accueil\",\"item\":\"https:\\\/\\\/srokacompany.com\\\/es\\\/\"},{\"@type\":\"ListItem\",\"position\":2,\"name\":\"Tienda\",\"item\":\"https:\\\/\\\/srokacompany.com\\\/tienda\\\/\"},{\"@type\":\"ListItem\",\"position\":3,\"name\":\"Correa de cadera Wingfoil &#8211; Correa de cintur\u00f3n\"}]},{\"@type\":\"WebSite\",\"@id\":\"https:\\\/\\\/srokacompany.com\\\/es\\\/#website\",\"url\":\"https:\\\/\\\/srokacompany.com\\\/es\\\/\",\"name\":\"SROKA Company\",\"description\":\"SUP, Kite, Foil, Wing\",\"publisher\":{\"@id\":\"https:\\\/\\\/srokacompany.com\\\/es\\\/#organization\"},\"potentialAction\":[{\"@type\":\"SearchAction\",\"target\":{\"@type\":\"EntryPoint\",\"urlTemplate\":\"https:\\\/\\\/srokacompany.com\\\/es\\\/?s={search_term_string}\"},\"query-input\":{\"@type\":\"PropertyValueSpecification\",\"valueRequired\":true,\"valueName\":\"search_term_string\"}}],\"inLanguage\":\"es\"},{\"@type\":\"Organization\",\"@id\":\"https:\\\/\\\/srokacompany.com\\\/es\\\/#organization\",\"name\":\"SROKACOMPANY\",\"alternateName\":\"SROKA\",\"url\":\"https:\\\/\\\/srokacompany.com\\\/es\\\/\",\"logo\":{\"@type\":\"ImageObject\",\"inLanguage\":\"es\",\"@id\":\"https:\\\/\\\/srokacompany.com\\\/es\\\/#\\\/schema\\\/logo\\\/image\\\/\",\"url\":\"https:\\\/\\\/srokacompany.com\\\/wp-content\\\/uploads\\\/2021\\\/01\\\/logo-sroka-black-transpa.png\",\"contentUrl\":\"https:\\\/\\\/srokacompany.com\\\/wp-content\\\/uploads\\\/2021\\\/01\\\/logo-sroka-black-transpa.png\",\"width\":1201,\"height\":342,\"caption\":\"SROKACOMPANY\"},\"image\":{\"@id\":\"https:\\\/\\\/srokacompany.com\\\/es\\\/#\\\/schema\\\/logo\\\/image\\\/\"},\"sameAs\":[\"https:\\\/\\\/www.facebook.com\\\/srokawatersports\\\/\",\"https:\\\/\\\/www.instagram.com\\\/srokawatersports\\\/\",\"https:\\\/\\\/www.youtube.com\\\/channel\\\/UCVLHHeaPIm-J5bdEUgxqtZA\"]}]}<\/script>\n<!-- \/ Yoast SEO plugin. -->","yoast_head_json":{"title":"Cintur\u00f3n de correa Wingfoil - cintur\u00f3n de cadera","description":"Este leash wingoifl, cintur\u00f3n, es adecuado para Wingfoil, SupFoil y Downwind para reducir la resistencia en el agua de la leash y facilita el movimiento del pie.","robots":{"index":"index","follow":"follow","max-snippet":"max-snippet:-1","max-image-preview":"max-image-preview:large","max-video-preview":"max-video-preview:-1"},"canonical":"https:\/\/srokacompany.com\/es\/produit\/correa-de-cadera-wingfoil-correa-de-cinturon\/","og_locale":"es_ES","og_type":"article","og_title":"Cintur\u00f3n de correa Wingfoil - cintur\u00f3n de cadera","og_description":"Este leash wingoifl, cintur\u00f3n, es adecuado para Wingfoil, SupFoil y Downwind para reducir la resistencia en el agua de la leash y facilita el movimiento del pie.","og_url":"https:\/\/srokacompany.com\/es\/produit\/correa-de-cadera-wingfoil-correa-de-cinturon\/","og_site_name":"SROKA Company","article_publisher":"https:\/\/www.facebook.com\/srokawatersports\/","article_modified_time":"2025-11-03T10:06:51+00:00","og_image":[{"width":417,"height":417,"url":"https:\/\/srokacompany.com\/wp-content\/uploads\/2020\/03\/leash-de-hanche-Wing-foil.jpg","type":"image\/jpeg"}],"twitter_misc":{"Tiempo de lectura":"1 minuto"},"schema":{"@context":"https:\/\/schema.org","@graph":[{"@type":"WebPage","@id":"https:\/\/srokacompany.com\/es\/produit\/correa-de-cadera-wingfoil-correa-de-cinturon\/","url":"https:\/\/srokacompany.com\/es\/produit\/correa-de-cadera-wingfoil-correa-de-cinturon\/","name":"Cintur\u00f3n de correa Wingfoil - cintur\u00f3n de cadera","isPartOf":{"@id":"https:\/\/srokacompany.com\/es\/#website"},"primaryImageOfPage":{"@id":"https:\/\/srokacompany.com\/es\/produit\/correa-de-cadera-wingfoil-correa-de-cinturon\/#primaryimage"},"image":{"@id":"https:\/\/srokacompany.com\/es\/produit\/correa-de-cadera-wingfoil-correa-de-cinturon\/#primaryimage"},"thumbnailUrl":"https:\/\/srokacompany.com\/wp-content\/uploads\/2020\/03\/leash-de-hanche-Wing-foil.jpg","datePublished":"2020-03-21T12:27:26+00:00","dateModified":"2025-11-03T10:06:51+00:00","description":"Este leash wingoifl, cintur\u00f3n, es adecuado para Wingfoil, SupFoil y Downwind para reducir la resistencia en el agua de la leash y facilita el movimiento del pie.","breadcrumb":{"@id":"https:\/\/srokacompany.com\/es\/produit\/correa-de-cadera-wingfoil-correa-de-cinturon\/#breadcrumb"},"inLanguage":"es","potentialAction":[{"@type":"ReadAction","target":["https:\/\/srokacompany.com\/es\/produit\/correa-de-cadera-wingfoil-correa-de-cinturon\/"]}]},{"@type":"ImageObject","inLanguage":"es","@id":"https:\/\/srokacompany.com\/es\/produit\/correa-de-cadera-wingfoil-correa-de-cinturon\/#primaryimage","url":"https:\/\/srokacompany.com\/wp-content\/uploads\/2020\/03\/leash-de-hanche-Wing-foil.jpg","contentUrl":"https:\/\/srokacompany.com\/wp-content\/uploads\/2020\/03\/leash-de-hanche-Wing-foil.jpg","width":417,"height":417},{"@type":"BreadcrumbList","@id":"https:\/\/srokacompany.com\/es\/produit\/correa-de-cadera-wingfoil-correa-de-cinturon\/#breadcrumb","itemListElement":[{"@type":"ListItem","position":1,"name":"Accueil","item":"https:\/\/srokacompany.com\/es\/"},{"@type":"ListItem","position":2,"name":"Tienda","item":"https:\/\/srokacompany.com\/tienda\/"},{"@type":"ListItem","position":3,"name":"Correa de cadera Wingfoil &#8211; Correa de cintur\u00f3n"}]},{"@type":"WebSite","@id":"https:\/\/srokacompany.com\/es\/#website","url":"https:\/\/srokacompany.com\/es\/","name":"SROKA Company","description":"SUP, Kite, Foil, Wing","publisher":{"@id":"https:\/\/srokacompany.com\/es\/#organization"},"potentialAction":[{"@type":"SearchAction","target":{"@type":"EntryPoint","urlTemplate":"https:\/\/srokacompany.com\/es\/?s={search_term_string}"},"query-input":{"@type":"PropertyValueSpecification","valueRequired":true,"valueName":"search_term_string"}}],"inLanguage":"es"},{"@type":"Organization","@id":"https:\/\/srokacompany.com\/es\/#organization","name":"SROKACOMPANY","alternateName":"SROKA","url":"https:\/\/srokacompany.com\/es\/","logo":{"@type":"ImageObject","inLanguage":"es","@id":"https:\/\/srokacompany.com\/es\/#\/schema\/logo\/image\/","url":"https:\/\/srokacompany.com\/wp-content\/uploads\/2021\/01\/logo-sroka-black-transpa.png","contentUrl":"https:\/\/srokacompany.com\/wp-content\/uploads\/2021\/01\/logo-sroka-black-transpa.png","width":1201,"height":342,"caption":"SROKACOMPANY"},"image":{"@id":"https:\/\/srokacompany.com\/es\/#\/schema\/logo\/image\/"},"sameAs":["https:\/\/www.facebook.com\/srokawatersports\/","https:\/\/www.instagram.com\/srokawatersports\/","https:\/\/www.youtube.com\/channel\/UCVLHHeaPIm-J5bdEUgxqtZA"]}]}},"uagb_featured_image_src":{"full":["https:\/\/srokacompany.com\/wp-content\/uploads\/2020\/03\/leash-de-hanche-Wing-foil.jpg",417,417,false],"thumbnail":["https:\/\/srokacompany.com\/wp-content\/uploads\/2020\/03\/leash-de-hanche-Wing-foil-150x150.jpg",150,150,true],"medium":["https:\/\/srokacompany.com\/wp-content\/uploads\/2020\/03\/leash-de-hanche-Wing-foil-300x300.jpg",300,300,true],"medium_large":["https:\/\/srokacompany.com\/wp-content\/uploads\/2020\/03\/leash-de-hanche-Wing-foil.jpg",417,417,false],"large":["https:\/\/srokacompany.com\/wp-content\/uploads\/2020\/03\/leash-de-hanche-Wing-foil.jpg",417,417,false],"1536x1536":["https:\/\/srokacompany.com\/wp-content\/uploads\/2020\/03\/leash-de-hanche-Wing-foil.jpg",417,417,false],"2048x2048":["https:\/\/srokacompany.com\/wp-content\/uploads\/2020\/03\/leash-de-hanche-Wing-foil.jpg",417,417,false],"woocommerce_thumbnail":["https:\/\/srokacompany.com\/wp-content\/uploads\/2020\/03\/leash-de-hanche-Wing-foil.jpg",417,417,false],"woocommerce_single":["https:\/\/srokacompany.com\/wp-content\/uploads\/2020\/03\/leash-de-hanche-Wing-foil.jpg",417,417,false],"woocommerce_gallery_thumbnail":["https:\/\/srokacompany.com\/wp-content\/uploads\/2020\/03\/leash-de-hanche-Wing-foil-100x100.jpg",100,100,true],"dgwt-wcas-product-suggestion":["https:\/\/srokacompany.com\/wp-content\/uploads\/2020\/03\/leash-de-hanche-Wing-foil.jpg",64,64,false]},"uagb_author_info":{"display_name":"Bruno Sroka","author_link":"https:\/\/srokacompany.com\/es\/blog\/author\/"},"uagb_comment_info":0,"uagb_excerpt":"La correa de ala foil para Foil es perfecta para todas las disciplinas siguientes: Downwind Wing Foil , Sup race y Sup foil","jetpack_sharing_enabled":true,"_links":{"self":[{"href":"https:\/\/srokacompany.com\/es\/wp-json\/wp\/v2\/product\/345013","targetHints":{"allow":["GET"]}}],"collection":[{"href":"https:\/\/srokacompany.com\/es\/wp-json\/wp\/v2\/product"}],"about":[{"href":"https:\/\/srokacompany.com\/es\/wp-json\/wp\/v2\/types\/product"}],"wp:featuredmedia":[{"embeddable":true,"href":"https:\/\/srokacompany.com\/es\/wp-json\/wp\/v2\/media\/345016"}],"wp:attachment":[{"href":"https:\/\/srokacompany.com\/es\/wp-json\/wp\/v2\/media?parent=345013"}],"wp:term":[{"taxonomy":"product_brand","embeddable":true,"href":"https:\/\/srokacompany.com\/es\/wp-json\/wp\/v2\/product_brand?post=345013"},{"taxonomy":"product_cat","embeddable":true,"href":"https:\/\/srokacompany.com\/es\/wp-json\/wp\/v2\/product_cat?post=345013"},{"taxonomy":"product_tag","embeddable":true,"href":"https:\/\/srokacompany.com\/es\/wp-json\/wp\/v2\/product_tag?post=345013"}],"curies":[{"name":"wp","href":"https:\/\/api.w.org\/{rel}","templated":true}]}}