{"id":345055,"date":"2020-03-30T08:11:47","date_gmt":"2020-03-30T08:11:47","guid":{"rendered":"https:\/\/srokacompany.com\/produit\/bolsa-de-padel-hinchable-sroka\/"},"modified":"2025-06-26T17:59:52","modified_gmt":"2025-06-26T15:59:52","slug":"bolsa-de-padel-hinchable-sroka","status":"publish","type":"product","link":"https:\/\/srokacompany.com\/es\/produit\/bolsa-de-padel-hinchable-sroka\/","title":{"rendered":"Bolsa de p\u00e1del hinchable SROKA"},"content":{"rendered":"<hr>\n<div class=\"product-description\">\n<h2>Bolsas hinchables para Stand Up Paddle de alta calidad Sroka &#8211; Combina con tu estilo &#8211; Cualquier tama\u00f1o (Naranja o Azul)<\/h2>\n<p>Transporta y protege tu Stand Up Paddle Sroka con estilo gracias a nuestras bolsas de alta calidad. Con materiales duraderos y un dise\u00f1o a juego con tu modelo (naranja o azul), estas bolsas combinan funcionalidad y elegancia para vivir aventuras de remo inolvidables. <\/p>\n<h3>Transporte pr\u00e1ctico<\/h3>\n<p>Haz que viajar a tus lugares favoritos sea m\u00e1s f\u00e1cil con nuestra bolsa hinchable para Stand Up Paddle Sroka. Con un dise\u00f1o ergon\u00f3mico y correas acolchadas, esta bolsa garantiza un transporte c\u00f3modo y sin esfuerzo. Aprovecha al m\u00e1ximo cada sesi\u00f3n de remo sin preocuparte por el transporte de tu equipo.  <\/p>\n<h3>Protecci\u00f3n y durabilidad<\/h3>\n<p>Nuestra bolsa Sroka ofrece una protecci\u00f3n superior para su tabla hinchable, preservando su calidad y durabilidad. Fabricada con materiales resistentes, protege tu Stand Up Paddle de ara\u00f1azos y golpes, a la vez que es resistente a la intemperie. Para que pueda disfrutar de su equipo durante muchas temporadas.  <\/p>\n<h3>F\u00e1cil de guardar<\/h3>\n<p>Despu\u00e9s de un d\u00eda de remo, guarda tu Stand Up Paddle con facilidad en nuestra bolsa optimizada para un almacenamiento pr\u00e1ctico. Dise\u00f1ada para adaptarse perfectamente a su tabla hinchable, la bolsa se pliega f\u00e1cilmente y se desliza sin esfuerzo en su espacio de almacenamiento. Ahorra tiempo y espacio con esta ingeniosa bolsa.  <\/p>\n<p><!-- Replace the link below with the actual link to your product page or online store --><\/p>\n<p><strong>Dimensiones de la bolsa: <\/strong>95 cm x 498 cm x 30 cm<\/p>\n<\/div>\n","protected":false},"excerpt":{"rendered":"<p>Transporta y protege tu Sroka Stand Up Paddle con estilo gracias a nuestras bolsas de alta calidad.<\/p>\n","protected":false},"featured_media":345057,"template":"","meta":{"_acf_changed":false,"_uag_custom_page_level_css":""},"product_brand":[],"product_cat":[3597],"product_tag":[],"class_list":{"0":"post-345055","1":"product","2":"type-product","3":"status-publish","4":"has-post-thumbnail","6":"product_cat-accesorios-de-padel","8":"first","9":"instock","10":"sale","11":"taxable","12":"shipping-taxable","13":"purchasable","14":"product-type-variable","15":"has-default-attributes"},"acf":[],"yoast_head":"<!-- This site is optimized with the Yoast SEO plugin v27.4 - https:\/\/yoast.com\/product\/yoast-seo-wordpress\/ -->\n<title>Bolsas de P\u00e1del Hinchables de Alta Calidad | SROKA Company<\/title>\n<meta name=\"description\" content=\"Bolsas de alta calidad para palas hinchables: elegancia y protecci\u00f3n garantizadas. \u00a1Elija naranja o azul para proteger su equipo!\" \/>\n<meta name=\"robots\" content=\"index, follow, max-snippet:-1, max-image-preview:large, max-video-preview:-1\" \/>\n<link rel=\"canonical\" href=\"https:\/\/srokacompany.com\/es\/produit\/bolsa-de-padel-hinchable-sroka\/\" \/>\n<meta property=\"og:locale\" content=\"es_ES\" \/>\n<meta property=\"og:type\" content=\"article\" \/>\n<meta property=\"og:title\" content=\"Bolsas de P\u00e1del Hinchables de Alta Calidad | SROKA Company\" \/>\n<meta property=\"og:description\" content=\"Bolsas de alta calidad para palas hinchables: elegancia y protecci\u00f3n garantizadas. \u00a1Elija naranja o azul para proteger su equipo!\" \/>\n<meta property=\"og:url\" content=\"https:\/\/srokacompany.com\/es\/produit\/bolsa-de-padel-hinchable-sroka\/\" \/>\n<meta property=\"og:site_name\" content=\"SROKA Company\" \/>\n<meta property=\"article:publisher\" content=\"https:\/\/www.facebook.com\/srokawatersports\/\" \/>\n<meta property=\"article:modified_time\" content=\"2025-06-26T15:59:52+00:00\" \/>\n<meta property=\"og:image\" content=\"https:\/\/srokacompany.com\/wp-content\/uploads\/2017\/04\/Sac-malibu-bleuorange-scaled-e1645538439248.jpg\" \/>\n\t<meta property=\"og:image:width\" content=\"1920\" \/>\n\t<meta property=\"og:image:height\" content=\"1651\" \/>\n\t<meta property=\"og:image:type\" content=\"image\/jpeg\" \/>\n<meta name=\"twitter:label1\" content=\"Tiempo de lectura\" \/>\n\t<meta name=\"twitter:data1\" content=\"1 minuto\" \/>\n<script type=\"application\/ld+json\" class=\"yoast-schema-graph\">{\"@context\":\"https:\\\/\\\/schema.org\",\"@graph\":[{\"@type\":\"WebPage\",\"@id\":\"https:\\\/\\\/srokacompany.com\\\/es\\\/produit\\\/bolsa-de-padel-hinchable-sroka\\\/\",\"url\":\"https:\\\/\\\/srokacompany.com\\\/es\\\/produit\\\/bolsa-de-padel-hinchable-sroka\\\/\",\"name\":\"Bolsas de P\u00e1del Hinchables de Alta Calidad | SROKA Company\",\"isPartOf\":{\"@id\":\"https:\\\/\\\/srokacompany.com\\\/es\\\/#website\"},\"primaryImageOfPage\":{\"@id\":\"https:\\\/\\\/srokacompany.com\\\/es\\\/produit\\\/bolsa-de-padel-hinchable-sroka\\\/#primaryimage\"},\"image\":{\"@id\":\"https:\\\/\\\/srokacompany.com\\\/es\\\/produit\\\/bolsa-de-padel-hinchable-sroka\\\/#primaryimage\"},\"thumbnailUrl\":\"https:\\\/\\\/srokacompany.com\\\/wp-content\\\/uploads\\\/2017\\\/04\\\/Sac-malibu-bleuorange-scaled-e1645538439248.jpg\",\"datePublished\":\"2020-03-30T08:11:47+00:00\",\"dateModified\":\"2025-06-26T15:59:52+00:00\",\"description\":\"Bolsas de alta calidad para palas hinchables: elegancia y protecci\u00f3n garantizadas. \u00a1Elija naranja o azul para proteger su equipo!\",\"breadcrumb\":{\"@id\":\"https:\\\/\\\/srokacompany.com\\\/es\\\/produit\\\/bolsa-de-padel-hinchable-sroka\\\/#breadcrumb\"},\"inLanguage\":\"es\",\"potentialAction\":[{\"@type\":\"ReadAction\",\"target\":[\"https:\\\/\\\/srokacompany.com\\\/es\\\/produit\\\/bolsa-de-padel-hinchable-sroka\\\/\"]}]},{\"@type\":\"ImageObject\",\"inLanguage\":\"es\",\"@id\":\"https:\\\/\\\/srokacompany.com\\\/es\\\/produit\\\/bolsa-de-padel-hinchable-sroka\\\/#primaryimage\",\"url\":\"https:\\\/\\\/srokacompany.com\\\/wp-content\\\/uploads\\\/2017\\\/04\\\/Sac-malibu-bleuorange-scaled-e1645538439248.jpg\",\"contentUrl\":\"https:\\\/\\\/srokacompany.com\\\/wp-content\\\/uploads\\\/2017\\\/04\\\/Sac-malibu-bleuorange-scaled-e1645538439248.jpg\",\"width\":1920,\"height\":1651,\"caption\":\"Bolsa de transporte Malib\u00fa\"},{\"@type\":\"BreadcrumbList\",\"@id\":\"https:\\\/\\\/srokacompany.com\\\/es\\\/produit\\\/bolsa-de-padel-hinchable-sroka\\\/#breadcrumb\",\"itemListElement\":[{\"@type\":\"ListItem\",\"position\":1,\"name\":\"Accueil\",\"item\":\"https:\\\/\\\/srokacompany.com\\\/es\\\/\"},{\"@type\":\"ListItem\",\"position\":2,\"name\":\"Tienda\",\"item\":\"https:\\\/\\\/srokacompany.com\\\/tienda\\\/\"},{\"@type\":\"ListItem\",\"position\":3,\"name\":\"Bolsa de p\u00e1del hinchable SROKA\"}]},{\"@type\":\"WebSite\",\"@id\":\"https:\\\/\\\/srokacompany.com\\\/es\\\/#website\",\"url\":\"https:\\\/\\\/srokacompany.com\\\/es\\\/\",\"name\":\"SROKA Company\",\"description\":\"SUP, Kite, Foil, Wing\",\"publisher\":{\"@id\":\"https:\\\/\\\/srokacompany.com\\\/es\\\/#organization\"},\"potentialAction\":[{\"@type\":\"SearchAction\",\"target\":{\"@type\":\"EntryPoint\",\"urlTemplate\":\"https:\\\/\\\/srokacompany.com\\\/es\\\/?s={search_term_string}\"},\"query-input\":{\"@type\":\"PropertyValueSpecification\",\"valueRequired\":true,\"valueName\":\"search_term_string\"}}],\"inLanguage\":\"es\"},{\"@type\":\"Organization\",\"@id\":\"https:\\\/\\\/srokacompany.com\\\/es\\\/#organization\",\"name\":\"SROKACOMPANY\",\"alternateName\":\"SROKA\",\"url\":\"https:\\\/\\\/srokacompany.com\\\/es\\\/\",\"logo\":{\"@type\":\"ImageObject\",\"inLanguage\":\"es\",\"@id\":\"https:\\\/\\\/srokacompany.com\\\/es\\\/#\\\/schema\\\/logo\\\/image\\\/\",\"url\":\"https:\\\/\\\/srokacompany.com\\\/wp-content\\\/uploads\\\/2021\\\/01\\\/logo-sroka-black-transpa.png\",\"contentUrl\":\"https:\\\/\\\/srokacompany.com\\\/wp-content\\\/uploads\\\/2021\\\/01\\\/logo-sroka-black-transpa.png\",\"width\":1201,\"height\":342,\"caption\":\"SROKACOMPANY\"},\"image\":{\"@id\":\"https:\\\/\\\/srokacompany.com\\\/es\\\/#\\\/schema\\\/logo\\\/image\\\/\"},\"sameAs\":[\"https:\\\/\\\/www.facebook.com\\\/srokawatersports\\\/\",\"https:\\\/\\\/www.instagram.com\\\/srokawatersports\\\/\",\"https:\\\/\\\/www.youtube.com\\\/channel\\\/UCVLHHeaPIm-J5bdEUgxqtZA\"]}]}<\/script>\n<!-- \/ Yoast SEO plugin. -->","yoast_head_json":{"title":"Bolsas de P\u00e1del Hinchables de Alta Calidad | SROKA Company","description":"Bolsas de alta calidad para palas hinchables: elegancia y protecci\u00f3n garantizadas. \u00a1Elija naranja o azul para proteger su equipo!","robots":{"index":"index","follow":"follow","max-snippet":"max-snippet:-1","max-image-preview":"max-image-preview:large","max-video-preview":"max-video-preview:-1"},"canonical":"https:\/\/srokacompany.com\/es\/produit\/bolsa-de-padel-hinchable-sroka\/","og_locale":"es_ES","og_type":"article","og_title":"Bolsas de P\u00e1del Hinchables de Alta Calidad | SROKA Company","og_description":"Bolsas de alta calidad para palas hinchables: elegancia y protecci\u00f3n garantizadas. \u00a1Elija naranja o azul para proteger su equipo!","og_url":"https:\/\/srokacompany.com\/es\/produit\/bolsa-de-padel-hinchable-sroka\/","og_site_name":"SROKA Company","article_publisher":"https:\/\/www.facebook.com\/srokawatersports\/","article_modified_time":"2025-06-26T15:59:52+00:00","og_image":[{"width":1920,"height":1651,"url":"https:\/\/srokacompany.com\/wp-content\/uploads\/2017\/04\/Sac-malibu-bleuorange-scaled-e1645538439248.jpg","type":"image\/jpeg"}],"twitter_misc":{"Tiempo de lectura":"1 minuto"},"schema":{"@context":"https:\/\/schema.org","@graph":[{"@type":"WebPage","@id":"https:\/\/srokacompany.com\/es\/produit\/bolsa-de-padel-hinchable-sroka\/","url":"https:\/\/srokacompany.com\/es\/produit\/bolsa-de-padel-hinchable-sroka\/","name":"Bolsas de P\u00e1del Hinchables de Alta Calidad | SROKA Company","isPartOf":{"@id":"https:\/\/srokacompany.com\/es\/#website"},"primaryImageOfPage":{"@id":"https:\/\/srokacompany.com\/es\/produit\/bolsa-de-padel-hinchable-sroka\/#primaryimage"},"image":{"@id":"https:\/\/srokacompany.com\/es\/produit\/bolsa-de-padel-hinchable-sroka\/#primaryimage"},"thumbnailUrl":"https:\/\/srokacompany.com\/wp-content\/uploads\/2017\/04\/Sac-malibu-bleuorange-scaled-e1645538439248.jpg","datePublished":"2020-03-30T08:11:47+00:00","dateModified":"2025-06-26T15:59:52+00:00","description":"Bolsas de alta calidad para palas hinchables: elegancia y protecci\u00f3n garantizadas. \u00a1Elija naranja o azul para proteger su equipo!","breadcrumb":{"@id":"https:\/\/srokacompany.com\/es\/produit\/bolsa-de-padel-hinchable-sroka\/#breadcrumb"},"inLanguage":"es","potentialAction":[{"@type":"ReadAction","target":["https:\/\/srokacompany.com\/es\/produit\/bolsa-de-padel-hinchable-sroka\/"]}]},{"@type":"ImageObject","inLanguage":"es","@id":"https:\/\/srokacompany.com\/es\/produit\/bolsa-de-padel-hinchable-sroka\/#primaryimage","url":"https:\/\/srokacompany.com\/wp-content\/uploads\/2017\/04\/Sac-malibu-bleuorange-scaled-e1645538439248.jpg","contentUrl":"https:\/\/srokacompany.com\/wp-content\/uploads\/2017\/04\/Sac-malibu-bleuorange-scaled-e1645538439248.jpg","width":1920,"height":1651,"caption":"Bolsa de transporte Malib\u00fa"},{"@type":"BreadcrumbList","@id":"https:\/\/srokacompany.com\/es\/produit\/bolsa-de-padel-hinchable-sroka\/#breadcrumb","itemListElement":[{"@type":"ListItem","position":1,"name":"Accueil","item":"https:\/\/srokacompany.com\/es\/"},{"@type":"ListItem","position":2,"name":"Tienda","item":"https:\/\/srokacompany.com\/tienda\/"},{"@type":"ListItem","position":3,"name":"Bolsa de p\u00e1del hinchable SROKA"}]},{"@type":"WebSite","@id":"https:\/\/srokacompany.com\/es\/#website","url":"https:\/\/srokacompany.com\/es\/","name":"SROKA Company","description":"SUP, Kite, Foil, Wing","publisher":{"@id":"https:\/\/srokacompany.com\/es\/#organization"},"potentialAction":[{"@type":"SearchAction","target":{"@type":"EntryPoint","urlTemplate":"https:\/\/srokacompany.com\/es\/?s={search_term_string}"},"query-input":{"@type":"PropertyValueSpecification","valueRequired":true,"valueName":"search_term_string"}}],"inLanguage":"es"},{"@type":"Organization","@id":"https:\/\/srokacompany.com\/es\/#organization","name":"SROKACOMPANY","alternateName":"SROKA","url":"https:\/\/srokacompany.com\/es\/","logo":{"@type":"ImageObject","inLanguage":"es","@id":"https:\/\/srokacompany.com\/es\/#\/schema\/logo\/image\/","url":"https:\/\/srokacompany.com\/wp-content\/uploads\/2021\/01\/logo-sroka-black-transpa.png","contentUrl":"https:\/\/srokacompany.com\/wp-content\/uploads\/2021\/01\/logo-sroka-black-transpa.png","width":1201,"height":342,"caption":"SROKACOMPANY"},"image":{"@id":"https:\/\/srokacompany.com\/es\/#\/schema\/logo\/image\/"},"sameAs":["https:\/\/www.facebook.com\/srokawatersports\/","https:\/\/www.instagram.com\/srokawatersports\/","https:\/\/www.youtube.com\/channel\/UCVLHHeaPIm-J5bdEUgxqtZA"]}]}},"uagb_featured_image_src":{"full":["https:\/\/srokacompany.com\/wp-content\/uploads\/2017\/04\/Sac-malibu-bleuorange-scaled-e1645538439248.jpg",1920,1651,false],"thumbnail":["https:\/\/srokacompany.com\/wp-content\/uploads\/2017\/04\/Sac-malibu-bleuorange-scaled-e1645538439248-150x150.jpg",150,150,true],"medium":["https:\/\/srokacompany.com\/wp-content\/uploads\/2017\/04\/Sac-malibu-bleuorange-scaled-e1645538439248-300x258.jpg",300,258,true],"medium_large":["https:\/\/srokacompany.com\/wp-content\/uploads\/2017\/04\/Sac-malibu-bleuorange-scaled-e1645538439248-768x660.jpg",768,660,true],"large":["https:\/\/srokacompany.com\/wp-content\/uploads\/2017\/04\/Sac-malibu-bleuorange-scaled-e1645538439248-1024x881.jpg",1024,881,true],"1536x1536":["https:\/\/srokacompany.com\/wp-content\/uploads\/2017\/04\/Sac-malibu-bleuorange-scaled-e1645538439248-1536x1321.jpg",1536,1321,true],"2048x2048":["https:\/\/srokacompany.com\/wp-content\/uploads\/2017\/04\/Sac-malibu-bleuorange-scaled-e1645538439248.jpg",1920,1651,false],"woocommerce_thumbnail":["https:\/\/srokacompany.com\/wp-content\/uploads\/2017\/04\/Sac-malibu-bleuorange-scaled-e1645538439248-768x660.jpg",600,516,true],"woocommerce_single":["https:\/\/srokacompany.com\/wp-content\/uploads\/2017\/04\/Sac-malibu-bleuorange-scaled-e1645538439248-768x660.jpg",600,516,true],"woocommerce_gallery_thumbnail":["https:\/\/srokacompany.com\/wp-content\/uploads\/2017\/04\/Sac-malibu-bleuorange-scaled-e1645538439248-100x100.jpg",100,100,true],"dgwt-wcas-product-suggestion":["https:\/\/srokacompany.com\/wp-content\/uploads\/2017\/04\/Sac-malibu-bleuorange-scaled-e1645538439248.jpg",64,55,false]},"uagb_author_info":{"display_name":"Bruno Sroka","author_link":"https:\/\/srokacompany.com\/es\/blog\/author\/"},"uagb_comment_info":0,"uagb_excerpt":"Transporta y protege tu Sroka Stand Up Paddle con estilo gracias a nuestras bolsas de alta calidad.","jetpack_sharing_enabled":true,"_links":{"self":[{"href":"https:\/\/srokacompany.com\/es\/wp-json\/wp\/v2\/product\/345055","targetHints":{"allow":["GET"]}}],"collection":[{"href":"https:\/\/srokacompany.com\/es\/wp-json\/wp\/v2\/product"}],"about":[{"href":"https:\/\/srokacompany.com\/es\/wp-json\/wp\/v2\/types\/product"}],"wp:featuredmedia":[{"embeddable":true,"href":"https:\/\/srokacompany.com\/es\/wp-json\/wp\/v2\/media\/345057"}],"wp:attachment":[{"href":"https:\/\/srokacompany.com\/es\/wp-json\/wp\/v2\/media?parent=345055"}],"wp:term":[{"taxonomy":"product_brand","embeddable":true,"href":"https:\/\/srokacompany.com\/es\/wp-json\/wp\/v2\/product_brand?post=345055"},{"taxonomy":"product_cat","embeddable":true,"href":"https:\/\/srokacompany.com\/es\/wp-json\/wp\/v2\/product_cat?post=345055"},{"taxonomy":"product_tag","embeddable":true,"href":"https:\/\/srokacompany.com\/es\/wp-json\/wp\/v2\/product_tag?post=345055"}],"curies":[{"name":"wp","href":"https:\/\/api.w.org\/{rel}","templated":true}]}}