{"id":345115,"date":"2020-07-13T11:12:05","date_gmt":"2020-07-13T11:12:05","guid":{"rendered":"https:\/\/srokacompany.com\/produit\/surf-pack-foil-fast-flyer-46-s-foil\/"},"modified":"2025-06-26T17:55:21","modified_gmt":"2025-06-26T15:55:21","slug":"surf-pack-foil-fast-flyer-46-s-foil","status":"publish","type":"product","link":"https:\/\/srokacompany.com\/es\/produit\/surf-pack-foil-fast-flyer-46-s-foil\/","title":{"rendered":"Surf Pack Foil: Fast Flyer 4&#8217;6 + S Foil"},"content":{"rendered":"<hr>\n<h2 style=\"text-align: center;\">Surf Pack Foil completo con Fast Flyer y S-Foil<\/h2>\n<p>Este pack surf foil combina la versatilidad de la <strong>S-Foil<\/strong> con el equilibrio perfecto de la forma de la nueva <strong>Fast Flyer<\/strong> para ofrecerte el mejor nivel de rendimiento posible. Este conjunto listo para montar ser\u00e1 perfecto para los riders que deseen evolucionar hacia una pr\u00e1ctica m\u00e1s eficiente del foiling y acompa\u00f1ar\u00e1 al foiler a lo largo de su progresi\u00f3n. El pack \u00abFast Flyer\u00bb no es un simple pack de surf foil. Tambi\u00e9n es un pack multisoporte que te permitir\u00e1 practicar <strong>wing foil<\/strong>, <strong>kite foil<\/strong> o <strong>wake foil <\/strong>adem\u00e1s del surf foil.  <\/p>\n<p>Fabricada en Breta\u00f1a, esta tabla tiene una construcci\u00f3n Full Sandwich de fibra de vidrio. Esta <strong>construcci\u00f3n<\/strong> <strong>ligera<\/strong> pero <strong>s\u00faper resistente<\/strong> hace de la Fast Flyer una tabla muy <strong>duradera<\/strong>. Como prueba, nuestros modelos anteriores como la 152, que salieron del mismo taller, siguen en el agua&#8230; 7 a\u00f1os despu\u00e9s.  <\/p>\n","protected":false},"excerpt":{"rendered":"<p>Este pack surf foil combina la versatilidad de la <strong>S-Foil<\/strong> con el equilibrio perfecto de la forma de la nueva <strong>Fast Flyer<\/strong> para ofrecerte el mejor nivel de rendimiento posible.<\/p>\n","protected":false},"featured_media":345117,"template":"","meta":{"_acf_changed":false,"_uag_custom_page_level_css":""},"product_brand":[],"product_cat":[3480,3760,3469],"product_tag":[],"class_list":{"0":"post-345115","1":"product","2":"type-product","3":"status-publish","4":"has-post-thumbnail","6":"product_cat-foil-es","7":"product_cat-pack-surf-foil-es","8":"product_cat-surf-foil-es","10":"first","11":"instock","12":"taxable","13":"shipping-taxable","14":"purchasable","15":"product-type-woosb"},"acf":[],"yoast_head":"<!-- This site is optimized with the Yoast SEO plugin v27.4 - https:\/\/yoast.com\/product\/yoast-seo-wordpress\/ -->\n<title>Surf Pack Foil: Fast Flyer 4&#039;6 + S Foil - SROKA Company<\/title>\n<meta name=\"description\" content=\"Pack Surf completo Foil. Un paquete asequible de alto rendimiento. Surf, pumping o incluso ala foil experto, es el combo perfecto.\" \/>\n<meta name=\"robots\" content=\"index, follow, max-snippet:-1, max-image-preview:large, max-video-preview:-1\" \/>\n<link rel=\"canonical\" href=\"https:\/\/srokacompany.com\/es\/produit\/surf-pack-foil-fast-flyer-46-s-foil\/\" \/>\n<meta property=\"og:locale\" content=\"es_ES\" \/>\n<meta property=\"og:type\" content=\"article\" \/>\n<meta property=\"og:title\" content=\"Surf Pack Foil: Fast Flyer 4&#039;6 + S Foil - SROKA Company\" \/>\n<meta property=\"og:description\" content=\"Pack Surf completo Foil. Un paquete asequible de alto rendimiento. Surf, pumping o incluso ala foil experto, es el combo perfecto.\" \/>\n<meta property=\"og:url\" content=\"https:\/\/srokacompany.com\/es\/produit\/surf-pack-foil-fast-flyer-46-s-foil\/\" \/>\n<meta property=\"og:site_name\" content=\"SROKA Company\" \/>\n<meta property=\"article:publisher\" content=\"https:\/\/www.facebook.com\/srokawatersports\/\" \/>\n<meta property=\"article:modified_time\" content=\"2025-06-26T15:55:21+00:00\" \/>\n<meta property=\"og:image\" content=\"https:\/\/srokacompany.com\/wp-content\/uploads\/2020\/07\/PAck-surf-foil-fast-flyer-1.png\" \/>\n\t<meta property=\"og:image:width\" content=\"740\" \/>\n\t<meta property=\"og:image:height\" content=\"1080\" \/>\n\t<meta property=\"og:image:type\" content=\"image\/png\" \/>\n<meta name=\"twitter:label1\" content=\"Tiempo de lectura\" \/>\n\t<meta name=\"twitter:data1\" content=\"1 minuto\" \/>\n<script type=\"application\/ld+json\" class=\"yoast-schema-graph\">{\"@context\":\"https:\\\/\\\/schema.org\",\"@graph\":[{\"@type\":\"WebPage\",\"@id\":\"https:\\\/\\\/srokacompany.com\\\/es\\\/produit\\\/surf-pack-foil-fast-flyer-46-s-foil\\\/\",\"url\":\"https:\\\/\\\/srokacompany.com\\\/es\\\/produit\\\/surf-pack-foil-fast-flyer-46-s-foil\\\/\",\"name\":\"Surf Pack Foil: Fast Flyer 4'6 + S Foil - SROKA Company\",\"isPartOf\":{\"@id\":\"https:\\\/\\\/srokacompany.com\\\/es\\\/#website\"},\"primaryImageOfPage\":{\"@id\":\"https:\\\/\\\/srokacompany.com\\\/es\\\/produit\\\/surf-pack-foil-fast-flyer-46-s-foil\\\/#primaryimage\"},\"image\":{\"@id\":\"https:\\\/\\\/srokacompany.com\\\/es\\\/produit\\\/surf-pack-foil-fast-flyer-46-s-foil\\\/#primaryimage\"},\"thumbnailUrl\":\"https:\\\/\\\/srokacompany.com\\\/wp-content\\\/uploads\\\/2020\\\/07\\\/PAck-surf-foil-fast-flyer-1.png\",\"datePublished\":\"2020-07-13T11:12:05+00:00\",\"dateModified\":\"2025-06-26T15:55:21+00:00\",\"description\":\"Pack Surf completo Foil. Un paquete asequible de alto rendimiento. Surf, pumping o incluso ala foil experto, es el combo perfecto.\",\"breadcrumb\":{\"@id\":\"https:\\\/\\\/srokacompany.com\\\/es\\\/produit\\\/surf-pack-foil-fast-flyer-46-s-foil\\\/#breadcrumb\"},\"inLanguage\":\"es\",\"potentialAction\":[{\"@type\":\"ReadAction\",\"target\":[\"https:\\\/\\\/srokacompany.com\\\/es\\\/produit\\\/surf-pack-foil-fast-flyer-46-s-foil\\\/\"]}]},{\"@type\":\"ImageObject\",\"inLanguage\":\"es\",\"@id\":\"https:\\\/\\\/srokacompany.com\\\/es\\\/produit\\\/surf-pack-foil-fast-flyer-46-s-foil\\\/#primaryimage\",\"url\":\"https:\\\/\\\/srokacompany.com\\\/wp-content\\\/uploads\\\/2020\\\/07\\\/PAck-surf-foil-fast-flyer-1.png\",\"contentUrl\":\"https:\\\/\\\/srokacompany.com\\\/wp-content\\\/uploads\\\/2020\\\/07\\\/PAck-surf-foil-fast-flyer-1.png\",\"width\":740,\"height\":1080,\"caption\":\"Surf pack foil fast flyer SROKA\"},{\"@type\":\"BreadcrumbList\",\"@id\":\"https:\\\/\\\/srokacompany.com\\\/es\\\/produit\\\/surf-pack-foil-fast-flyer-46-s-foil\\\/#breadcrumb\",\"itemListElement\":[{\"@type\":\"ListItem\",\"position\":1,\"name\":\"Accueil\",\"item\":\"https:\\\/\\\/srokacompany.com\\\/es\\\/\"},{\"@type\":\"ListItem\",\"position\":2,\"name\":\"Tienda\",\"item\":\"https:\\\/\\\/srokacompany.com\\\/tienda\\\/\"},{\"@type\":\"ListItem\",\"position\":3,\"name\":\"Surf Pack Foil: Fast Flyer 4&#8217;6 + S Foil\"}]},{\"@type\":\"WebSite\",\"@id\":\"https:\\\/\\\/srokacompany.com\\\/es\\\/#website\",\"url\":\"https:\\\/\\\/srokacompany.com\\\/es\\\/\",\"name\":\"SROKA Company\",\"description\":\"SUP, Kite, Foil, Wing\",\"publisher\":{\"@id\":\"https:\\\/\\\/srokacompany.com\\\/es\\\/#organization\"},\"potentialAction\":[{\"@type\":\"SearchAction\",\"target\":{\"@type\":\"EntryPoint\",\"urlTemplate\":\"https:\\\/\\\/srokacompany.com\\\/es\\\/?s={search_term_string}\"},\"query-input\":{\"@type\":\"PropertyValueSpecification\",\"valueRequired\":true,\"valueName\":\"search_term_string\"}}],\"inLanguage\":\"es\"},{\"@type\":\"Organization\",\"@id\":\"https:\\\/\\\/srokacompany.com\\\/es\\\/#organization\",\"name\":\"SROKACOMPANY\",\"alternateName\":\"SROKA\",\"url\":\"https:\\\/\\\/srokacompany.com\\\/es\\\/\",\"logo\":{\"@type\":\"ImageObject\",\"inLanguage\":\"es\",\"@id\":\"https:\\\/\\\/srokacompany.com\\\/es\\\/#\\\/schema\\\/logo\\\/image\\\/\",\"url\":\"https:\\\/\\\/srokacompany.com\\\/wp-content\\\/uploads\\\/2021\\\/01\\\/logo-sroka-black-transpa.png\",\"contentUrl\":\"https:\\\/\\\/srokacompany.com\\\/wp-content\\\/uploads\\\/2021\\\/01\\\/logo-sroka-black-transpa.png\",\"width\":1201,\"height\":342,\"caption\":\"SROKACOMPANY\"},\"image\":{\"@id\":\"https:\\\/\\\/srokacompany.com\\\/es\\\/#\\\/schema\\\/logo\\\/image\\\/\"},\"sameAs\":[\"https:\\\/\\\/www.facebook.com\\\/srokawatersports\\\/\",\"https:\\\/\\\/www.instagram.com\\\/srokawatersports\\\/\",\"https:\\\/\\\/www.youtube.com\\\/channel\\\/UCVLHHeaPIm-J5bdEUgxqtZA\"]}]}<\/script>\n<!-- \/ Yoast SEO plugin. -->","yoast_head_json":{"title":"Surf Pack Foil: Fast Flyer 4'6 + S Foil - SROKA Company","description":"Pack Surf completo Foil. Un paquete asequible de alto rendimiento. Surf, pumping o incluso ala foil experto, es el combo perfecto.","robots":{"index":"index","follow":"follow","max-snippet":"max-snippet:-1","max-image-preview":"max-image-preview:large","max-video-preview":"max-video-preview:-1"},"canonical":"https:\/\/srokacompany.com\/es\/produit\/surf-pack-foil-fast-flyer-46-s-foil\/","og_locale":"es_ES","og_type":"article","og_title":"Surf Pack Foil: Fast Flyer 4'6 + S Foil - SROKA Company","og_description":"Pack Surf completo Foil. Un paquete asequible de alto rendimiento. Surf, pumping o incluso ala foil experto, es el combo perfecto.","og_url":"https:\/\/srokacompany.com\/es\/produit\/surf-pack-foil-fast-flyer-46-s-foil\/","og_site_name":"SROKA Company","article_publisher":"https:\/\/www.facebook.com\/srokawatersports\/","article_modified_time":"2025-06-26T15:55:21+00:00","og_image":[{"width":740,"height":1080,"url":"https:\/\/srokacompany.com\/wp-content\/uploads\/2020\/07\/PAck-surf-foil-fast-flyer-1.png","type":"image\/png"}],"twitter_misc":{"Tiempo de lectura":"1 minuto"},"schema":{"@context":"https:\/\/schema.org","@graph":[{"@type":"WebPage","@id":"https:\/\/srokacompany.com\/es\/produit\/surf-pack-foil-fast-flyer-46-s-foil\/","url":"https:\/\/srokacompany.com\/es\/produit\/surf-pack-foil-fast-flyer-46-s-foil\/","name":"Surf Pack Foil: Fast Flyer 4'6 + S Foil - SROKA Company","isPartOf":{"@id":"https:\/\/srokacompany.com\/es\/#website"},"primaryImageOfPage":{"@id":"https:\/\/srokacompany.com\/es\/produit\/surf-pack-foil-fast-flyer-46-s-foil\/#primaryimage"},"image":{"@id":"https:\/\/srokacompany.com\/es\/produit\/surf-pack-foil-fast-flyer-46-s-foil\/#primaryimage"},"thumbnailUrl":"https:\/\/srokacompany.com\/wp-content\/uploads\/2020\/07\/PAck-surf-foil-fast-flyer-1.png","datePublished":"2020-07-13T11:12:05+00:00","dateModified":"2025-06-26T15:55:21+00:00","description":"Pack Surf completo Foil. Un paquete asequible de alto rendimiento. Surf, pumping o incluso ala foil experto, es el combo perfecto.","breadcrumb":{"@id":"https:\/\/srokacompany.com\/es\/produit\/surf-pack-foil-fast-flyer-46-s-foil\/#breadcrumb"},"inLanguage":"es","potentialAction":[{"@type":"ReadAction","target":["https:\/\/srokacompany.com\/es\/produit\/surf-pack-foil-fast-flyer-46-s-foil\/"]}]},{"@type":"ImageObject","inLanguage":"es","@id":"https:\/\/srokacompany.com\/es\/produit\/surf-pack-foil-fast-flyer-46-s-foil\/#primaryimage","url":"https:\/\/srokacompany.com\/wp-content\/uploads\/2020\/07\/PAck-surf-foil-fast-flyer-1.png","contentUrl":"https:\/\/srokacompany.com\/wp-content\/uploads\/2020\/07\/PAck-surf-foil-fast-flyer-1.png","width":740,"height":1080,"caption":"Surf pack foil fast flyer SROKA"},{"@type":"BreadcrumbList","@id":"https:\/\/srokacompany.com\/es\/produit\/surf-pack-foil-fast-flyer-46-s-foil\/#breadcrumb","itemListElement":[{"@type":"ListItem","position":1,"name":"Accueil","item":"https:\/\/srokacompany.com\/es\/"},{"@type":"ListItem","position":2,"name":"Tienda","item":"https:\/\/srokacompany.com\/tienda\/"},{"@type":"ListItem","position":3,"name":"Surf Pack Foil: Fast Flyer 4&#8217;6 + S Foil"}]},{"@type":"WebSite","@id":"https:\/\/srokacompany.com\/es\/#website","url":"https:\/\/srokacompany.com\/es\/","name":"SROKA Company","description":"SUP, Kite, Foil, Wing","publisher":{"@id":"https:\/\/srokacompany.com\/es\/#organization"},"potentialAction":[{"@type":"SearchAction","target":{"@type":"EntryPoint","urlTemplate":"https:\/\/srokacompany.com\/es\/?s={search_term_string}"},"query-input":{"@type":"PropertyValueSpecification","valueRequired":true,"valueName":"search_term_string"}}],"inLanguage":"es"},{"@type":"Organization","@id":"https:\/\/srokacompany.com\/es\/#organization","name":"SROKACOMPANY","alternateName":"SROKA","url":"https:\/\/srokacompany.com\/es\/","logo":{"@type":"ImageObject","inLanguage":"es","@id":"https:\/\/srokacompany.com\/es\/#\/schema\/logo\/image\/","url":"https:\/\/srokacompany.com\/wp-content\/uploads\/2021\/01\/logo-sroka-black-transpa.png","contentUrl":"https:\/\/srokacompany.com\/wp-content\/uploads\/2021\/01\/logo-sroka-black-transpa.png","width":1201,"height":342,"caption":"SROKACOMPANY"},"image":{"@id":"https:\/\/srokacompany.com\/es\/#\/schema\/logo\/image\/"},"sameAs":["https:\/\/www.facebook.com\/srokawatersports\/","https:\/\/www.instagram.com\/srokawatersports\/","https:\/\/www.youtube.com\/channel\/UCVLHHeaPIm-J5bdEUgxqtZA"]}]}},"uagb_featured_image_src":{"full":["https:\/\/srokacompany.com\/wp-content\/uploads\/2020\/07\/PAck-surf-foil-fast-flyer-1.png",740,1080,false],"thumbnail":["https:\/\/srokacompany.com\/wp-content\/uploads\/2020\/07\/PAck-surf-foil-fast-flyer-1-150x150.png",150,150,true],"medium":["https:\/\/srokacompany.com\/wp-content\/uploads\/2020\/07\/PAck-surf-foil-fast-flyer-1-206x300.png",206,300,true],"medium_large":["https:\/\/srokacompany.com\/wp-content\/uploads\/2020\/07\/PAck-surf-foil-fast-flyer-1.png",740,1080,false],"large":["https:\/\/srokacompany.com\/wp-content\/uploads\/2020\/07\/PAck-surf-foil-fast-flyer-1-702x1024.png",702,1024,true],"1536x1536":["https:\/\/srokacompany.com\/wp-content\/uploads\/2020\/07\/PAck-surf-foil-fast-flyer-1.png",740,1080,false],"2048x2048":["https:\/\/srokacompany.com\/wp-content\/uploads\/2020\/07\/PAck-surf-foil-fast-flyer-1.png",740,1080,false],"woocommerce_thumbnail":["https:\/\/srokacompany.com\/wp-content\/uploads\/2020\/07\/PAck-surf-foil-fast-flyer-1-600x876.png",600,876,true],"woocommerce_single":["https:\/\/srokacompany.com\/wp-content\/uploads\/2020\/07\/PAck-surf-foil-fast-flyer-1-600x876.png",600,876,true],"woocommerce_gallery_thumbnail":["https:\/\/srokacompany.com\/wp-content\/uploads\/2020\/07\/PAck-surf-foil-fast-flyer-1-100x100.png",100,100,true],"dgwt-wcas-product-suggestion":["https:\/\/srokacompany.com\/wp-content\/uploads\/2020\/07\/PAck-surf-foil-fast-flyer-1.png",64,93,false]},"uagb_author_info":{"display_name":"Bruno Sroka","author_link":"https:\/\/srokacompany.com\/es\/blog\/author\/"},"uagb_comment_info":0,"uagb_excerpt":"Este pack surf foil combina la versatilidad de la S-Foil con el equilibrio perfecto de la forma de la nueva Fast Flyer para ofrecerte el mejor nivel de rendimiento posible.","jetpack_sharing_enabled":true,"_links":{"self":[{"href":"https:\/\/srokacompany.com\/es\/wp-json\/wp\/v2\/product\/345115","targetHints":{"allow":["GET"]}}],"collection":[{"href":"https:\/\/srokacompany.com\/es\/wp-json\/wp\/v2\/product"}],"about":[{"href":"https:\/\/srokacompany.com\/es\/wp-json\/wp\/v2\/types\/product"}],"wp:featuredmedia":[{"embeddable":true,"href":"https:\/\/srokacompany.com\/es\/wp-json\/wp\/v2\/media\/345117"}],"wp:attachment":[{"href":"https:\/\/srokacompany.com\/es\/wp-json\/wp\/v2\/media?parent=345115"}],"wp:term":[{"taxonomy":"product_brand","embeddable":true,"href":"https:\/\/srokacompany.com\/es\/wp-json\/wp\/v2\/product_brand?post=345115"},{"taxonomy":"product_cat","embeddable":true,"href":"https:\/\/srokacompany.com\/es\/wp-json\/wp\/v2\/product_cat?post=345115"},{"taxonomy":"product_tag","embeddable":true,"href":"https:\/\/srokacompany.com\/es\/wp-json\/wp\/v2\/product_tag?post=345115"}],"curies":[{"name":"wp","href":"https:\/\/api.w.org\/{rel}","templated":true}]}}