{"id":345244,"date":"2020-07-26T20:20:57","date_gmt":"2020-07-26T18:20:57","guid":{"rendered":"https:\/\/srokacompany.com\/produit\/platino-s-foil-2020-k-foil-aluminio\/"},"modified":"2025-06-26T17:55:23","modified_gmt":"2025-06-26T15:55:23","slug":"platino-s-foil-2020-k-foil-aluminio","status":"publish","type":"product","link":"https:\/\/srokacompany.com\/es\/produit\/platino-s-foil-2020-k-foil-aluminio\/","title":{"rendered":"Platino S-foil 2020 &amp; K-foil aluminio"},"content":{"rendered":"<hr>\n<h2>Plato giratorio S-foil &amp; K-foil aluminio<\/h2>\n<p>Esta placa es adecuada para todos los productos de aluminio de \u00faltima generaci\u00f3n S-Foil y K-foil de SROKA. Est\u00e1 fabricado en aluminio 6061 lo que le garantiza una muy buena resistencia en el medio acu\u00e1tico. Anodizado en negro, le permitir\u00e1 fijar todas las l\u00e1minas SROKA (S-Foil y <a href=\"https:\/\/srokacompany.com\/es\/eshop\/foil-es\/\">K-foil Alu<\/a>) a un pocket o a cualquier tabla con dos ra\u00edles US.<\/p>\n<p>Su sistema de fijaci\u00f3n en forma de U permite fijar r\u00e1pidamente la foil al tablero sin tener que retirar los 4 tornillos. Afloje los tornillos y deslice la placa. El m\u00e1stil se fija a la placa mediante 3 tornillos M6 que atraviesan la placa y entran en el m\u00e1stil. La placa se fija a la placa mediante 4 tornillos con boquillas. <strong>Tenga en cuenta que los tornillos se venden por separado<\/strong>. Puede encontrar paquetes de tornillos en nuestro sitio web:<\/p>\n<ul>\n<li>Pack completo de tornillos S Foil (incluye conector macho\/hembra)<\/li>\n<li><a href=\"https:\/\/srokacompany.com\/es\/produit\/escuadra-y-tornillos-para-us-box-doble-hidroala-x4\/\">Paquete de tornillos placa\/m\u00e1stil<\/a><\/li>\n<\/ul>\n<p><strong>Tenga en cuenta que esta placa s\u00f3lo es compatible con las piezas S-Foil y S-Foil 2020. No es compatible con la S-Foil 2021. <\/strong><\/p>\n","protected":false},"excerpt":{"rendered":"<p>Esta placa es adecuada para todos los productos de aluminio de \u00faltima generaci\u00f3n S-Foil y K-foil de SROKA.<\/p>\n","protected":false},"featured_media":345245,"template":"","meta":{"_acf_changed":false,"_uag_custom_page_level_css":""},"product_brand":[],"product_cat":[3603],"product_tag":[],"class_list":{"0":"post-345244","1":"product","2":"type-product","3":"status-publish","4":"has-post-thumbnail","6":"product_cat-promos-es","7":"product_shipping_class-pequenos-envios","9":"first","10":"instock","11":"taxable","12":"shipping-taxable","13":"purchasable","14":"product-type-simple"},"acf":[],"yoast_head":"<!-- This site is optimized with the Yoast SEO plugin v27.4 - https:\/\/yoast.com\/product\/yoast-seo-wordpress\/ -->\n<title>Platino S-foil 2020 &amp; K-foil aluminio - SROKA Company<\/title>\n<meta name=\"description\" content=\"Esta placa es el accesorio est\u00e1ndar que ofrecemos en todos los S-foil &amp; K-foil. Se puede montar en todas las alfombrillas SROKA Alu de \u00faltima generaci\u00f3n.\" \/>\n<meta name=\"robots\" content=\"index, follow, max-snippet:-1, max-image-preview:large, max-video-preview:-1\" \/>\n<link rel=\"canonical\" href=\"https:\/\/srokacompany.com\/es\/produit\/platino-s-foil-2020-k-foil-aluminio\/\" \/>\n<meta property=\"og:locale\" content=\"es_ES\" \/>\n<meta property=\"og:type\" content=\"article\" \/>\n<meta property=\"og:title\" content=\"Platino S-foil 2020 &amp; K-foil aluminio - SROKA Company\" \/>\n<meta property=\"og:description\" content=\"Esta placa es el accesorio est\u00e1ndar que ofrecemos en todos los S-foil &amp; K-foil. Se puede montar en todas las alfombrillas SROKA Alu de \u00faltima generaci\u00f3n.\" \/>\n<meta property=\"og:url\" content=\"https:\/\/srokacompany.com\/es\/produit\/platino-s-foil-2020-k-foil-aluminio\/\" \/>\n<meta property=\"og:site_name\" content=\"SROKA Company\" \/>\n<meta property=\"article:publisher\" content=\"https:\/\/www.facebook.com\/srokawatersports\/\" \/>\n<meta property=\"article:modified_time\" content=\"2025-06-26T15:55:23+00:00\" \/>\n<meta property=\"og:image\" content=\"https:\/\/srokacompany.com\/wp-content\/uploads\/2020\/07\/Platine-1.jpg\" \/>\n\t<meta property=\"og:image:width\" content=\"1560\" \/>\n\t<meta property=\"og:image:height\" content=\"2080\" \/>\n\t<meta property=\"og:image:type\" content=\"image\/jpeg\" \/>\n<meta name=\"twitter:label1\" content=\"Tiempo de lectura\" \/>\n\t<meta name=\"twitter:data1\" content=\"1 minuto\" \/>\n<script type=\"application\/ld+json\" class=\"yoast-schema-graph\">{\"@context\":\"https:\\\/\\\/schema.org\",\"@graph\":[{\"@type\":\"WebPage\",\"@id\":\"https:\\\/\\\/srokacompany.com\\\/es\\\/produit\\\/platino-s-foil-2020-k-foil-aluminio\\\/\",\"url\":\"https:\\\/\\\/srokacompany.com\\\/es\\\/produit\\\/platino-s-foil-2020-k-foil-aluminio\\\/\",\"name\":\"Platino S-foil 2020 &amp; K-foil aluminio - SROKA Company\",\"isPartOf\":{\"@id\":\"https:\\\/\\\/srokacompany.com\\\/es\\\/#website\"},\"primaryImageOfPage\":{\"@id\":\"https:\\\/\\\/srokacompany.com\\\/es\\\/produit\\\/platino-s-foil-2020-k-foil-aluminio\\\/#primaryimage\"},\"image\":{\"@id\":\"https:\\\/\\\/srokacompany.com\\\/es\\\/produit\\\/platino-s-foil-2020-k-foil-aluminio\\\/#primaryimage\"},\"thumbnailUrl\":\"https:\\\/\\\/srokacompany.com\\\/wp-content\\\/uploads\\\/2020\\\/07\\\/Platine-1.jpg\",\"datePublished\":\"2020-07-26T18:20:57+00:00\",\"dateModified\":\"2025-06-26T15:55:23+00:00\",\"description\":\"Esta placa es el accesorio est\u00e1ndar que ofrecemos en todos los S-foil & K-foil. Se puede montar en todas las alfombrillas SROKA Alu de \u00faltima generaci\u00f3n.\",\"breadcrumb\":{\"@id\":\"https:\\\/\\\/srokacompany.com\\\/es\\\/produit\\\/platino-s-foil-2020-k-foil-aluminio\\\/#breadcrumb\"},\"inLanguage\":\"es\",\"potentialAction\":[{\"@type\":\"ReadAction\",\"target\":[\"https:\\\/\\\/srokacompany.com\\\/es\\\/produit\\\/platino-s-foil-2020-k-foil-aluminio\\\/\"]}]},{\"@type\":\"ImageObject\",\"inLanguage\":\"es\",\"@id\":\"https:\\\/\\\/srokacompany.com\\\/es\\\/produit\\\/platino-s-foil-2020-k-foil-aluminio\\\/#primaryimage\",\"url\":\"https:\\\/\\\/srokacompany.com\\\/wp-content\\\/uploads\\\/2020\\\/07\\\/Platine-1.jpg\",\"contentUrl\":\"https:\\\/\\\/srokacompany.com\\\/wp-content\\\/uploads\\\/2020\\\/07\\\/Platine-1.jpg\",\"width\":1560,\"height\":2080,\"caption\":\"Placa de circuito impreso foil aluminio\"},{\"@type\":\"BreadcrumbList\",\"@id\":\"https:\\\/\\\/srokacompany.com\\\/es\\\/produit\\\/platino-s-foil-2020-k-foil-aluminio\\\/#breadcrumb\",\"itemListElement\":[{\"@type\":\"ListItem\",\"position\":1,\"name\":\"Accueil\",\"item\":\"https:\\\/\\\/srokacompany.com\\\/es\\\/\"},{\"@type\":\"ListItem\",\"position\":2,\"name\":\"Tienda\",\"item\":\"https:\\\/\\\/srokacompany.com\\\/tienda\\\/\"},{\"@type\":\"ListItem\",\"position\":3,\"name\":\"Platino S-foil 2020 &amp; K-foil aluminio\"}]},{\"@type\":\"WebSite\",\"@id\":\"https:\\\/\\\/srokacompany.com\\\/es\\\/#website\",\"url\":\"https:\\\/\\\/srokacompany.com\\\/es\\\/\",\"name\":\"SROKA Company\",\"description\":\"SUP, Kite, Foil, Wing\",\"publisher\":{\"@id\":\"https:\\\/\\\/srokacompany.com\\\/es\\\/#organization\"},\"potentialAction\":[{\"@type\":\"SearchAction\",\"target\":{\"@type\":\"EntryPoint\",\"urlTemplate\":\"https:\\\/\\\/srokacompany.com\\\/es\\\/?s={search_term_string}\"},\"query-input\":{\"@type\":\"PropertyValueSpecification\",\"valueRequired\":true,\"valueName\":\"search_term_string\"}}],\"inLanguage\":\"es\"},{\"@type\":\"Organization\",\"@id\":\"https:\\\/\\\/srokacompany.com\\\/es\\\/#organization\",\"name\":\"SROKACOMPANY\",\"alternateName\":\"SROKA\",\"url\":\"https:\\\/\\\/srokacompany.com\\\/es\\\/\",\"logo\":{\"@type\":\"ImageObject\",\"inLanguage\":\"es\",\"@id\":\"https:\\\/\\\/srokacompany.com\\\/es\\\/#\\\/schema\\\/logo\\\/image\\\/\",\"url\":\"https:\\\/\\\/srokacompany.com\\\/wp-content\\\/uploads\\\/2021\\\/01\\\/logo-sroka-black-transpa.png\",\"contentUrl\":\"https:\\\/\\\/srokacompany.com\\\/wp-content\\\/uploads\\\/2021\\\/01\\\/logo-sroka-black-transpa.png\",\"width\":1201,\"height\":342,\"caption\":\"SROKACOMPANY\"},\"image\":{\"@id\":\"https:\\\/\\\/srokacompany.com\\\/es\\\/#\\\/schema\\\/logo\\\/image\\\/\"},\"sameAs\":[\"https:\\\/\\\/www.facebook.com\\\/srokawatersports\\\/\",\"https:\\\/\\\/www.instagram.com\\\/srokawatersports\\\/\",\"https:\\\/\\\/www.youtube.com\\\/channel\\\/UCVLHHeaPIm-J5bdEUgxqtZA\"]}]}<\/script>\n<!-- \/ Yoast SEO plugin. -->","yoast_head_json":{"title":"Platino S-foil 2020 &amp; K-foil aluminio - SROKA Company","description":"Esta placa es el accesorio est\u00e1ndar que ofrecemos en todos los S-foil & K-foil. Se puede montar en todas las alfombrillas SROKA Alu de \u00faltima generaci\u00f3n.","robots":{"index":"index","follow":"follow","max-snippet":"max-snippet:-1","max-image-preview":"max-image-preview:large","max-video-preview":"max-video-preview:-1"},"canonical":"https:\/\/srokacompany.com\/es\/produit\/platino-s-foil-2020-k-foil-aluminio\/","og_locale":"es_ES","og_type":"article","og_title":"Platino S-foil 2020 &amp; K-foil aluminio - SROKA Company","og_description":"Esta placa es el accesorio est\u00e1ndar que ofrecemos en todos los S-foil & K-foil. Se puede montar en todas las alfombrillas SROKA Alu de \u00faltima generaci\u00f3n.","og_url":"https:\/\/srokacompany.com\/es\/produit\/platino-s-foil-2020-k-foil-aluminio\/","og_site_name":"SROKA Company","article_publisher":"https:\/\/www.facebook.com\/srokawatersports\/","article_modified_time":"2025-06-26T15:55:23+00:00","og_image":[{"width":1560,"height":2080,"url":"https:\/\/srokacompany.com\/wp-content\/uploads\/2020\/07\/Platine-1.jpg","type":"image\/jpeg"}],"twitter_misc":{"Tiempo de lectura":"1 minuto"},"schema":{"@context":"https:\/\/schema.org","@graph":[{"@type":"WebPage","@id":"https:\/\/srokacompany.com\/es\/produit\/platino-s-foil-2020-k-foil-aluminio\/","url":"https:\/\/srokacompany.com\/es\/produit\/platino-s-foil-2020-k-foil-aluminio\/","name":"Platino S-foil 2020 &amp; K-foil aluminio - SROKA Company","isPartOf":{"@id":"https:\/\/srokacompany.com\/es\/#website"},"primaryImageOfPage":{"@id":"https:\/\/srokacompany.com\/es\/produit\/platino-s-foil-2020-k-foil-aluminio\/#primaryimage"},"image":{"@id":"https:\/\/srokacompany.com\/es\/produit\/platino-s-foil-2020-k-foil-aluminio\/#primaryimage"},"thumbnailUrl":"https:\/\/srokacompany.com\/wp-content\/uploads\/2020\/07\/Platine-1.jpg","datePublished":"2020-07-26T18:20:57+00:00","dateModified":"2025-06-26T15:55:23+00:00","description":"Esta placa es el accesorio est\u00e1ndar que ofrecemos en todos los S-foil & K-foil. Se puede montar en todas las alfombrillas SROKA Alu de \u00faltima generaci\u00f3n.","breadcrumb":{"@id":"https:\/\/srokacompany.com\/es\/produit\/platino-s-foil-2020-k-foil-aluminio\/#breadcrumb"},"inLanguage":"es","potentialAction":[{"@type":"ReadAction","target":["https:\/\/srokacompany.com\/es\/produit\/platino-s-foil-2020-k-foil-aluminio\/"]}]},{"@type":"ImageObject","inLanguage":"es","@id":"https:\/\/srokacompany.com\/es\/produit\/platino-s-foil-2020-k-foil-aluminio\/#primaryimage","url":"https:\/\/srokacompany.com\/wp-content\/uploads\/2020\/07\/Platine-1.jpg","contentUrl":"https:\/\/srokacompany.com\/wp-content\/uploads\/2020\/07\/Platine-1.jpg","width":1560,"height":2080,"caption":"Placa de circuito impreso foil aluminio"},{"@type":"BreadcrumbList","@id":"https:\/\/srokacompany.com\/es\/produit\/platino-s-foil-2020-k-foil-aluminio\/#breadcrumb","itemListElement":[{"@type":"ListItem","position":1,"name":"Accueil","item":"https:\/\/srokacompany.com\/es\/"},{"@type":"ListItem","position":2,"name":"Tienda","item":"https:\/\/srokacompany.com\/tienda\/"},{"@type":"ListItem","position":3,"name":"Platino S-foil 2020 &amp; K-foil aluminio"}]},{"@type":"WebSite","@id":"https:\/\/srokacompany.com\/es\/#website","url":"https:\/\/srokacompany.com\/es\/","name":"SROKA Company","description":"SUP, Kite, Foil, Wing","publisher":{"@id":"https:\/\/srokacompany.com\/es\/#organization"},"potentialAction":[{"@type":"SearchAction","target":{"@type":"EntryPoint","urlTemplate":"https:\/\/srokacompany.com\/es\/?s={search_term_string}"},"query-input":{"@type":"PropertyValueSpecification","valueRequired":true,"valueName":"search_term_string"}}],"inLanguage":"es"},{"@type":"Organization","@id":"https:\/\/srokacompany.com\/es\/#organization","name":"SROKACOMPANY","alternateName":"SROKA","url":"https:\/\/srokacompany.com\/es\/","logo":{"@type":"ImageObject","inLanguage":"es","@id":"https:\/\/srokacompany.com\/es\/#\/schema\/logo\/image\/","url":"https:\/\/srokacompany.com\/wp-content\/uploads\/2021\/01\/logo-sroka-black-transpa.png","contentUrl":"https:\/\/srokacompany.com\/wp-content\/uploads\/2021\/01\/logo-sroka-black-transpa.png","width":1201,"height":342,"caption":"SROKACOMPANY"},"image":{"@id":"https:\/\/srokacompany.com\/es\/#\/schema\/logo\/image\/"},"sameAs":["https:\/\/www.facebook.com\/srokawatersports\/","https:\/\/www.instagram.com\/srokawatersports\/","https:\/\/www.youtube.com\/channel\/UCVLHHeaPIm-J5bdEUgxqtZA"]}]}},"uagb_featured_image_src":{"full":["https:\/\/srokacompany.com\/wp-content\/uploads\/2020\/07\/Platine-1.jpg",1560,2080,false],"thumbnail":["https:\/\/srokacompany.com\/wp-content\/uploads\/2020\/07\/Platine-1-150x150.jpg",150,150,true],"medium":["https:\/\/srokacompany.com\/wp-content\/uploads\/2020\/07\/Platine-1-225x300.jpg",225,300,true],"medium_large":["https:\/\/srokacompany.com\/wp-content\/uploads\/2020\/07\/Platine-1-768x1024.jpg",768,1024,true],"large":["https:\/\/srokacompany.com\/wp-content\/uploads\/2020\/07\/Platine-1-768x1024.jpg",768,1024,true],"1536x1536":["https:\/\/srokacompany.com\/wp-content\/uploads\/2020\/07\/Platine-1-1152x1536.jpg",1152,1536,true],"2048x2048":["https:\/\/srokacompany.com\/wp-content\/uploads\/2020\/07\/Platine-1-1536x2048.jpg",1536,2048,true],"woocommerce_thumbnail":["https:\/\/srokacompany.com\/wp-content\/uploads\/2020\/07\/Platine-1-600x800.jpg",600,800,true],"woocommerce_single":["https:\/\/srokacompany.com\/wp-content\/uploads\/2020\/07\/Platine-1-600x800.jpg",600,800,true],"woocommerce_gallery_thumbnail":["https:\/\/srokacompany.com\/wp-content\/uploads\/2020\/07\/Platine-1-100x100.jpg",100,100,true],"dgwt-wcas-product-suggestion":["https:\/\/srokacompany.com\/wp-content\/uploads\/2020\/07\/Platine-1.jpg",64,85,false]},"uagb_author_info":{"display_name":"Bruno Sroka","author_link":"https:\/\/srokacompany.com\/es\/blog\/author\/"},"uagb_comment_info":0,"uagb_excerpt":"Esta placa es adecuada para todos los productos de aluminio de \u00faltima generaci\u00f3n S-Foil y K-foil de SROKA.","jetpack_sharing_enabled":true,"_links":{"self":[{"href":"https:\/\/srokacompany.com\/es\/wp-json\/wp\/v2\/product\/345244","targetHints":{"allow":["GET"]}}],"collection":[{"href":"https:\/\/srokacompany.com\/es\/wp-json\/wp\/v2\/product"}],"about":[{"href":"https:\/\/srokacompany.com\/es\/wp-json\/wp\/v2\/types\/product"}],"wp:featuredmedia":[{"embeddable":true,"href":"https:\/\/srokacompany.com\/es\/wp-json\/wp\/v2\/media\/345245"}],"wp:attachment":[{"href":"https:\/\/srokacompany.com\/es\/wp-json\/wp\/v2\/media?parent=345244"}],"wp:term":[{"taxonomy":"product_brand","embeddable":true,"href":"https:\/\/srokacompany.com\/es\/wp-json\/wp\/v2\/product_brand?post=345244"},{"taxonomy":"product_cat","embeddable":true,"href":"https:\/\/srokacompany.com\/es\/wp-json\/wp\/v2\/product_cat?post=345244"},{"taxonomy":"product_tag","embeddable":true,"href":"https:\/\/srokacompany.com\/es\/wp-json\/wp\/v2\/product_tag?post=345244"}],"curies":[{"name":"wp","href":"https:\/\/api.w.org\/{rel}","templated":true}]}}