{"id":345342,"date":"2021-03-04T15:56:49","date_gmt":"2021-03-04T15:56:49","guid":{"rendered":"https:\/\/srokacompany.com\/produit\/pack-wing-foil-hinchable-sroka-air-v2\/"},"modified":"2025-10-31T19:14:03","modified_gmt":"2025-10-31T17:14:03","slug":"pack-wing-foil-hinchable-sroka-air-v2","status":"publish","type":"product","link":"https:\/\/srokacompany.com\/es\/produit\/pack-wing-foil-hinchable-sroka-air-v2\/","title":{"rendered":"Pack Wing Foil Hinchable Sroka Air V2"},"content":{"rendered":"<hr>\n<p>El <b>Pack wing foil hinchable Sroka Air V2<\/b> est\u00e1 dise\u00f1ado para riders que no quieren elegir entre la <b>facilidad de transporte<\/b> de un equipo hinchable y la <b>calidad de conducci\u00f3n<\/b> de una tabla r\u00edgida. Es el pack ideal para <b>viajeros<\/b> y principiantes que necesitan un equipo s\u00f3lido, de <b>f\u00e1cil acceso<\/b> y que ocupe <b>poco espacio<\/b>. <\/p>\n<h3>Componentes del envase<\/h3>\n<p>Este completo kit est\u00e1 optimizado para el aprendizaje y el progreso, a la vez que es ultracompacto:<\/p>\n<ol start=\"1\">\n<li><b>Tabla hinchable Sroka Air V2<\/b>\n<ul>\n<li><b>Filosof\u00eda:<\/b> Ofrecer una experiencia de conducci\u00f3n lo m\u00e1s parecida posible a la de una tabla r\u00edgida, a la vez que es <b>resistente a los impactos<\/b> y <b>f\u00e1cil de guardar<\/b>.<\/li>\n<li><b>Construcci\u00f3n clave:<\/b> Rigidez excepcional proporcionada por una <b>placa de carbono<\/b> bajo la cubierta, recubierta de una capa de PVC para protegerla. Esta tecnolog\u00eda solidifica la zona de fijaci\u00f3n del Foil, lo que confiere a la tabla una gran <b>capacidad de respuesta<\/b> y estabilidad en vuelo. <\/li>\n<li><b>Grosor optimizado:<\/b> El aumento del grosor a <b>12 cm<\/b> (6&#8243; en la versi\u00f3n anterior) significa que la tabla est\u00e1 m\u00e1s cerca del agua, lo que mejora la sensaci\u00f3n de deslizamiento y reduce la inercia, manteniendo la accesibilidad.<\/li>\n<li><b>Formas disponibles (seg\u00fan plantilla) :<\/b>\n<ul>\n<li><b>5&#8217;3 (115L &#8211; 120L):<\/b> Principiantes ligeros o jinetes experimentados.<\/li>\n<li><b>6&#8217;0 (144L):<\/b> Vers\u00e1til, para tallas intermedias que buscan polivalencia.<\/li>\n<li><b>6&#8217;4 (155L):<\/b> Ideal para <b>principiantes<\/b> y jinetes <b>m\u00e1s grandes<\/b> para una m\u00e1xima estabilidad.<\/li>\n<\/ul>\n<\/li>\n<\/ul>\n<\/li>\n<li><b>Wing SROKA V4 (5m\u00b2)<\/b>\n<ul>\n<li>Incluido en el pack por su versatilidad, potencia y ligereza. Es perfecto para aprender a despegar y para un vuelo estable. <\/li>\n<\/ul>\n<\/li>\n<li><b>SROKA Foil Classique 1750 Foil<\/b>\n<ul>\n<li>Este Foil es el est\u00e1ndar para principiantes, gracias a su gran sustentaci\u00f3n<b>(1750 cm\u00b2<\/b>), que facilita el despegue incluso con vientos flojos y ofrece una excelente estabilidad para los primeros vuelos.<\/li>\n<\/ul>\n<\/li>\n<\/ol>\n<p>&nbsp;<\/p>\n<h3>Caracter\u00edsticas principales de la mochila hinchable Air V2<\/h3>\n<ul>\n<li><b>Transporte y almacenamiento revolucionarios:<\/b> toda la mochila cabe en una <b>gran mochila con ruedas<\/b> (incluida). Es la soluci\u00f3n definitiva para viajar (bodega de avi\u00f3n sin coste adicional) o para guardarla en espacios reducidos. <\/li>\n<li><b>Rigidez inigualable:<\/b> Gracias a la <b>placa de carbono integrada<\/b>, la tabla <b>Sroka Air V2<\/b> es una de las tablas hinchables m\u00e1s r\u00edgidas del mercado, ofreciendo un control preciso.<\/li>\n<li><b>Accesibilidad y capacidad de actualizaci\u00f3n:<\/b> Es <b>100% accesible<\/b> para principiantes gracias a su volumen y estabilidad, pero tambi\u00e9n es lo suficientemente potente como para soportar riders hasta un nivel competente o incluso avanzado (ajustando el tama\u00f1o del Foil y los footstraps).<\/li>\n<li><b>Equipamiento completo:<\/b> El pack incluye :\n<ul>\n<li>El tablero Air V2.<\/li>\n<li>Wing V4.<\/li>\n<li>El Foil 1750 (con bolsa y tornillos).<\/li>\n<li>Una <b>bomba de doble acci\u00f3n<\/b> (para la tabla y el Wing).<\/li>\n<li>Board y Wing leashes.<\/li>\n<li>La <b>gran bolsa de transporte con ruedas<\/b>.<\/li>\n<\/ul>\n<\/li>\n<\/ul>\n<hr>\n<p>En resumen, si su prioridad es un equipo <b>f\u00e1cil de transportar, extremadamente duradero<\/b> y que no sacrifique demasiado la sensaci\u00f3n de deslizamiento para el aprendizaje, el <b>Pack wing foil hinchable Sroka Air V2<\/b> es la elecci\u00f3n ideal.<\/p>\n<p class=\"p3\">Si tiene dudas sobre qu\u00e9 Pack Wing Foil elegir, lea nuestro art\u00edculo<a href=\"https:\/\/srokacompany.com\/es\/blog\/pack-wing-foil-sroka-nuestro-consejo\/\"> \u00abC\u00f3mo elegir su pack wingfoil<\/a> \u00bb para ayudarle a tomar la decisi\u00f3n correcta.<\/p>\n<p><a href=\"https:\/\/srokacompany.com\/es\/produit\/pack-wing-foil-hinchable-sroka-air-v1\/\">El pack wingfoil hinchable est\u00e1 disponible con la tabla hinchable v1 y la vela v4 a <strong>1499 euros<\/strong>.  <\/a><\/p>\n","protected":false},"excerpt":{"rendered":"<p>El <b>Pack Hinchable SROKA Air V2<\/b> es el kit completo y <b>compacto<\/b> para <b>viajar<\/b> e <b>iniciarse f\u00e1cilmente<\/b> en el Wing foil. Tabla ultra r\u00edgida gracias a su <b>placa de carbono<\/b>, Foil <b>1750 V2<\/b> y Wing V4. <\/p>\n","protected":false},"featured_media":345375,"template":"","meta":{"_acf_changed":false,"_uag_custom_page_level_css":""},"product_brand":[],"product_cat":[3480,3670,3444],"product_tag":[3427,3426],"class_list":{"0":"post-345342","1":"product","2":"type-product","3":"status-publish","4":"has-post-thumbnail","6":"product_cat-foil-es","7":"product_cat-pack-wing-foil-tu-kit-completo-para-sensaciones-inolvidables","8":"product_cat-wing-foil-es","9":"product_tag-ingenioso","10":"product_tag-principiante","11":"product_shipping_class-pack-completo-de-alas-hinchables","13":"first","14":"instock","15":"taxable","16":"shipping-taxable","17":"purchasable","18":"product-type-woosb"},"acf":[],"yoast_head":"<!-- This site is optimized with the Yoast SEO plugin v27.2 - https:\/\/yoast.com\/product\/yoast-seo-wordpress\/ -->\n<title>Pack Wing Foil Hinchable Sroka Air V2 | Sroka<\/title>\n<meta name=\"description\" content=\"Aprov\u00e9chate del pack Wing Foil inflable Sroka Air V2: rendimiento, ligereza y durabilidad para sensaciones inigualables en el agua. Entrega r\u00e1pida en Francia.\" \/>\n<meta name=\"robots\" content=\"index, follow, max-snippet:-1, max-image-preview:large, max-video-preview:-1\" \/>\n<link rel=\"canonical\" href=\"https:\/\/srokacompany.com\/es\/produit\/pack-wing-foil-hinchable-sroka-air-v2\/\" \/>\n<meta property=\"og:locale\" content=\"es_ES\" \/>\n<meta property=\"og:type\" content=\"article\" \/>\n<meta property=\"og:title\" content=\"Pack Wing Foil Hinchable Sroka Air V2 | Sroka\" \/>\n<meta property=\"og:description\" content=\"Aprov\u00e9chate del pack Wing Foil inflable Sroka Air V2: rendimiento, ligereza y durabilidad para sensaciones inigualables en el agua. Entrega r\u00e1pida en Francia.\" \/>\n<meta property=\"og:url\" content=\"https:\/\/srokacompany.com\/es\/produit\/pack-wing-foil-hinchable-sroka-air-v2\/\" \/>\n<meta property=\"og:site_name\" content=\"SROKA Company\" \/>\n<meta property=\"article:publisher\" content=\"https:\/\/www.facebook.com\/srokawatersports\/\" \/>\n<meta property=\"article:modified_time\" content=\"2025-10-31T17:14:03+00:00\" \/>\n<meta property=\"og:image\" content=\"https:\/\/srokacompany.com\/wp-content\/uploads\/2022\/07\/2.jpg\" \/>\n\t<meta property=\"og:image:width\" content=\"1080\" \/>\n\t<meta property=\"og:image:height\" content=\"1080\" \/>\n\t<meta property=\"og:image:type\" content=\"image\/jpeg\" \/>\n<meta name=\"twitter:label1\" content=\"Tiempo de lectura\" \/>\n\t<meta name=\"twitter:data1\" content=\"3 minutos\" \/>\n<script type=\"application\/ld+json\" class=\"yoast-schema-graph\">{\"@context\":\"https:\/\/schema.org\",\"@graph\":[{\"@type\":\"WebPage\",\"@id\":\"https:\/\/srokacompany.com\/es\/produit\/pack-wing-foil-hinchable-sroka-air-v2\/\",\"url\":\"https:\/\/srokacompany.com\/es\/produit\/pack-wing-foil-hinchable-sroka-air-v2\/\",\"name\":\"Pack Wing Foil Hinchable Sroka Air V2 | Sroka\",\"isPartOf\":{\"@id\":\"https:\/\/srokacompany.com\/es\/#website\"},\"primaryImageOfPage\":{\"@id\":\"https:\/\/srokacompany.com\/es\/produit\/pack-wing-foil-hinchable-sroka-air-v2\/#primaryimage\"},\"image\":{\"@id\":\"https:\/\/srokacompany.com\/es\/produit\/pack-wing-foil-hinchable-sroka-air-v2\/#primaryimage\"},\"thumbnailUrl\":\"https:\/\/srokacompany.com\/wp-content\/uploads\/2022\/07\/2.jpg\",\"datePublished\":\"2021-03-04T15:56:49+00:00\",\"dateModified\":\"2025-10-31T17:14:03+00:00\",\"description\":\"Aprov\u00e9chate del pack Wing Foil inflable Sroka Air V2: rendimiento, ligereza y durabilidad para sensaciones inigualables en el agua. Entrega r\u00e1pida en Francia.\",\"breadcrumb\":{\"@id\":\"https:\/\/srokacompany.com\/es\/produit\/pack-wing-foil-hinchable-sroka-air-v2\/#breadcrumb\"},\"inLanguage\":\"es\",\"potentialAction\":[{\"@type\":\"ReadAction\",\"target\":[\"https:\/\/srokacompany.com\/es\/produit\/pack-wing-foil-hinchable-sroka-air-v2\/\"]}]},{\"@type\":\"ImageObject\",\"inLanguage\":\"es\",\"@id\":\"https:\/\/srokacompany.com\/es\/produit\/pack-wing-foil-hinchable-sroka-air-v2\/#primaryimage\",\"url\":\"https:\/\/srokacompany.com\/wp-content\/uploads\/2022\/07\/2.jpg\",\"contentUrl\":\"https:\/\/srokacompany.com\/wp-content\/uploads\/2022\/07\/2.jpg\",\"width\":1080,\"height\":1080,\"caption\":\"Pack Wing Foil Gonflable d\u00e9butant\"},{\"@type\":\"BreadcrumbList\",\"@id\":\"https:\/\/srokacompany.com\/es\/produit\/pack-wing-foil-hinchable-sroka-air-v2\/#breadcrumb\",\"itemListElement\":[{\"@type\":\"ListItem\",\"position\":1,\"name\":\"Accueil\",\"item\":\"https:\/\/srokacompany.com\/es\/\"},{\"@type\":\"ListItem\",\"position\":2,\"name\":\"Tienda\",\"item\":\"https:\/\/srokacompany.com\/tienda\/\"},{\"@type\":\"ListItem\",\"position\":3,\"name\":\"Pack Wing Foil Hinchable Sroka Air V2\"}]},{\"@type\":\"WebSite\",\"@id\":\"https:\/\/srokacompany.com\/es\/#website\",\"url\":\"https:\/\/srokacompany.com\/es\/\",\"name\":\"SROKA Company\",\"description\":\"SUP, Kite, Foil, Wing\",\"publisher\":{\"@id\":\"https:\/\/srokacompany.com\/es\/#organization\"},\"potentialAction\":[{\"@type\":\"SearchAction\",\"target\":{\"@type\":\"EntryPoint\",\"urlTemplate\":\"https:\/\/srokacompany.com\/es\/?s={search_term_string}\"},\"query-input\":{\"@type\":\"PropertyValueSpecification\",\"valueRequired\":true,\"valueName\":\"search_term_string\"}}],\"inLanguage\":\"es\"},{\"@type\":\"Organization\",\"@id\":\"https:\/\/srokacompany.com\/es\/#organization\",\"name\":\"SROKACOMPANY\",\"alternateName\":\"SROKA\",\"url\":\"https:\/\/srokacompany.com\/es\/\",\"logo\":{\"@type\":\"ImageObject\",\"inLanguage\":\"es\",\"@id\":\"https:\/\/srokacompany.com\/es\/#\/schema\/logo\/image\/\",\"url\":\"https:\/\/srokacompany.com\/wp-content\/uploads\/2021\/01\/logo-sroka-black-transpa.png\",\"contentUrl\":\"https:\/\/srokacompany.com\/wp-content\/uploads\/2021\/01\/logo-sroka-black-transpa.png\",\"width\":1201,\"height\":342,\"caption\":\"SROKACOMPANY\"},\"image\":{\"@id\":\"https:\/\/srokacompany.com\/es\/#\/schema\/logo\/image\/\"},\"sameAs\":[\"https:\/\/www.facebook.com\/srokawatersports\/\",\"https:\/\/www.instagram.com\/srokawatersports\/\",\"https:\/\/www.youtube.com\/channel\/UCVLHHeaPIm-J5bdEUgxqtZA\"]}]}<\/script>\n<!-- \/ Yoast SEO plugin. -->","yoast_head_json":{"title":"Pack Wing Foil Hinchable Sroka Air V2 | Sroka","description":"Aprov\u00e9chate del pack Wing Foil inflable Sroka Air V2: rendimiento, ligereza y durabilidad para sensaciones inigualables en el agua. Entrega r\u00e1pida en Francia.","robots":{"index":"index","follow":"follow","max-snippet":"max-snippet:-1","max-image-preview":"max-image-preview:large","max-video-preview":"max-video-preview:-1"},"canonical":"https:\/\/srokacompany.com\/es\/produit\/pack-wing-foil-hinchable-sroka-air-v2\/","og_locale":"es_ES","og_type":"article","og_title":"Pack Wing Foil Hinchable Sroka Air V2 | Sroka","og_description":"Aprov\u00e9chate del pack Wing Foil inflable Sroka Air V2: rendimiento, ligereza y durabilidad para sensaciones inigualables en el agua. Entrega r\u00e1pida en Francia.","og_url":"https:\/\/srokacompany.com\/es\/produit\/pack-wing-foil-hinchable-sroka-air-v2\/","og_site_name":"SROKA Company","article_publisher":"https:\/\/www.facebook.com\/srokawatersports\/","article_modified_time":"2025-10-31T17:14:03+00:00","og_image":[{"width":1080,"height":1080,"url":"https:\/\/srokacompany.com\/wp-content\/uploads\/2022\/07\/2.jpg","type":"image\/jpeg"}],"twitter_misc":{"Tiempo de lectura":"3 minutos"},"schema":{"@context":"https:\/\/schema.org","@graph":[{"@type":"WebPage","@id":"https:\/\/srokacompany.com\/es\/produit\/pack-wing-foil-hinchable-sroka-air-v2\/","url":"https:\/\/srokacompany.com\/es\/produit\/pack-wing-foil-hinchable-sroka-air-v2\/","name":"Pack Wing Foil Hinchable Sroka Air V2 | Sroka","isPartOf":{"@id":"https:\/\/srokacompany.com\/es\/#website"},"primaryImageOfPage":{"@id":"https:\/\/srokacompany.com\/es\/produit\/pack-wing-foil-hinchable-sroka-air-v2\/#primaryimage"},"image":{"@id":"https:\/\/srokacompany.com\/es\/produit\/pack-wing-foil-hinchable-sroka-air-v2\/#primaryimage"},"thumbnailUrl":"https:\/\/srokacompany.com\/wp-content\/uploads\/2022\/07\/2.jpg","datePublished":"2021-03-04T15:56:49+00:00","dateModified":"2025-10-31T17:14:03+00:00","description":"Aprov\u00e9chate del pack Wing Foil inflable Sroka Air V2: rendimiento, ligereza y durabilidad para sensaciones inigualables en el agua. Entrega r\u00e1pida en Francia.","breadcrumb":{"@id":"https:\/\/srokacompany.com\/es\/produit\/pack-wing-foil-hinchable-sroka-air-v2\/#breadcrumb"},"inLanguage":"es","potentialAction":[{"@type":"ReadAction","target":["https:\/\/srokacompany.com\/es\/produit\/pack-wing-foil-hinchable-sroka-air-v2\/"]}]},{"@type":"ImageObject","inLanguage":"es","@id":"https:\/\/srokacompany.com\/es\/produit\/pack-wing-foil-hinchable-sroka-air-v2\/#primaryimage","url":"https:\/\/srokacompany.com\/wp-content\/uploads\/2022\/07\/2.jpg","contentUrl":"https:\/\/srokacompany.com\/wp-content\/uploads\/2022\/07\/2.jpg","width":1080,"height":1080,"caption":"Pack Wing Foil Gonflable d\u00e9butant"},{"@type":"BreadcrumbList","@id":"https:\/\/srokacompany.com\/es\/produit\/pack-wing-foil-hinchable-sroka-air-v2\/#breadcrumb","itemListElement":[{"@type":"ListItem","position":1,"name":"Accueil","item":"https:\/\/srokacompany.com\/es\/"},{"@type":"ListItem","position":2,"name":"Tienda","item":"https:\/\/srokacompany.com\/tienda\/"},{"@type":"ListItem","position":3,"name":"Pack Wing Foil Hinchable Sroka Air V2"}]},{"@type":"WebSite","@id":"https:\/\/srokacompany.com\/es\/#website","url":"https:\/\/srokacompany.com\/es\/","name":"SROKA Company","description":"SUP, Kite, Foil, Wing","publisher":{"@id":"https:\/\/srokacompany.com\/es\/#organization"},"potentialAction":[{"@type":"SearchAction","target":{"@type":"EntryPoint","urlTemplate":"https:\/\/srokacompany.com\/es\/?s={search_term_string}"},"query-input":{"@type":"PropertyValueSpecification","valueRequired":true,"valueName":"search_term_string"}}],"inLanguage":"es"},{"@type":"Organization","@id":"https:\/\/srokacompany.com\/es\/#organization","name":"SROKACOMPANY","alternateName":"SROKA","url":"https:\/\/srokacompany.com\/es\/","logo":{"@type":"ImageObject","inLanguage":"es","@id":"https:\/\/srokacompany.com\/es\/#\/schema\/logo\/image\/","url":"https:\/\/srokacompany.com\/wp-content\/uploads\/2021\/01\/logo-sroka-black-transpa.png","contentUrl":"https:\/\/srokacompany.com\/wp-content\/uploads\/2021\/01\/logo-sroka-black-transpa.png","width":1201,"height":342,"caption":"SROKACOMPANY"},"image":{"@id":"https:\/\/srokacompany.com\/es\/#\/schema\/logo\/image\/"},"sameAs":["https:\/\/www.facebook.com\/srokawatersports\/","https:\/\/www.instagram.com\/srokawatersports\/","https:\/\/www.youtube.com\/channel\/UCVLHHeaPIm-J5bdEUgxqtZA"]}]}},"uagb_featured_image_src":{"full":["https:\/\/srokacompany.com\/wp-content\/uploads\/2022\/07\/2.jpg",1080,1080,false],"thumbnail":["https:\/\/srokacompany.com\/wp-content\/uploads\/2022\/07\/2-150x150.jpg",150,150,true],"medium":["https:\/\/srokacompany.com\/wp-content\/uploads\/2022\/07\/2-300x300.jpg",300,300,true],"medium_large":["https:\/\/srokacompany.com\/wp-content\/uploads\/2022\/07\/2-768x768.jpg",768,768,true],"large":["https:\/\/srokacompany.com\/wp-content\/uploads\/2022\/07\/2-1024x1024.jpg",1024,1024,true],"1536x1536":["https:\/\/srokacompany.com\/wp-content\/uploads\/2022\/07\/2.jpg",1080,1080,false],"2048x2048":["https:\/\/srokacompany.com\/wp-content\/uploads\/2022\/07\/2.jpg",1080,1080,false],"woocommerce_thumbnail":["https:\/\/srokacompany.com\/wp-content\/uploads\/2022\/07\/2-600x600.jpg",600,600,true],"woocommerce_single":["https:\/\/srokacompany.com\/wp-content\/uploads\/2022\/07\/2-600x600.jpg",600,600,true],"woocommerce_gallery_thumbnail":["https:\/\/srokacompany.com\/wp-content\/uploads\/2022\/07\/2-100x100.jpg",100,100,true],"dgwt-wcas-product-suggestion":["https:\/\/srokacompany.com\/wp-content\/uploads\/2022\/07\/2.jpg",64,64,false]},"uagb_author_info":{"display_name":"Tristan Dumard","author_link":"https:\/\/srokacompany.com\/es\/blog\/author\/"},"uagb_comment_info":0,"uagb_excerpt":"El Pack Hinchable SROKA Air V2 es el kit completo y compacto para viajar e iniciarse f\u00e1cilmente en el Wing foil. Tabla ultra r\u00edgida gracias a su placa de carbono, Foil 1750 V2 y Wing V4.","jetpack_sharing_enabled":true,"_links":{"self":[{"href":"https:\/\/srokacompany.com\/es\/wp-json\/wp\/v2\/product\/345342","targetHints":{"allow":["GET"]}}],"collection":[{"href":"https:\/\/srokacompany.com\/es\/wp-json\/wp\/v2\/product"}],"about":[{"href":"https:\/\/srokacompany.com\/es\/wp-json\/wp\/v2\/types\/product"}],"wp:featuredmedia":[{"embeddable":true,"href":"https:\/\/srokacompany.com\/es\/wp-json\/wp\/v2\/media\/345375"}],"wp:attachment":[{"href":"https:\/\/srokacompany.com\/es\/wp-json\/wp\/v2\/media?parent=345342"}],"wp:term":[{"taxonomy":"product_brand","embeddable":true,"href":"https:\/\/srokacompany.com\/es\/wp-json\/wp\/v2\/product_brand?post=345342"},{"taxonomy":"product_cat","embeddable":true,"href":"https:\/\/srokacompany.com\/es\/wp-json\/wp\/v2\/product_cat?post=345342"},{"taxonomy":"product_tag","embeddable":true,"href":"https:\/\/srokacompany.com\/es\/wp-json\/wp\/v2\/product_tag?post=345342"}],"curies":[{"name":"wp","href":"https:\/\/api.w.org\/{rel}","templated":true}]}}