{"id":345529,"date":"2022-07-08T14:32:06","date_gmt":"2022-07-08T12:32:06","guid":{"rendered":"https:\/\/srokacompany.com\/produit\/mochila-de-wing\/"},"modified":"2025-06-26T18:01:13","modified_gmt":"2025-06-26T16:01:13","slug":"mochila-de-wing","status":"publish","type":"product","link":"https:\/\/srokacompany.com\/es\/produit\/mochila-de-wing\/","title":{"rendered":"Mochila de Wing"},"content":{"rendered":"<hr>\n<h2>Mochila Sroka de Wing<\/h2>\n<p>La mochila para la Wing Sroka V3 tambi\u00e9n est\u00e1 disponible por separado. Hemos dise\u00f1ado una bolsa s\u00f3lida y pr\u00e1ctica para todos tus viajes:<\/p>\n<ul>\n<li>Tirantes ajustables<\/li>\n<li>Refuerzo lateral<\/li>\n<li>Bolsillo lateral para accesorios<\/li>\n<li>El\u00e1sticos laterales para cargar la bomba del ala<\/li>\n<\/ul>\n<p>Perfecta para llevar una o dos alas y su inflador en sus viajes, \u00a1y transportar sus accesorios al lugar con estilo y comodidad!<\/p>\n","protected":false},"excerpt":{"rendered":"<p>Mochila Sroka de Wing La mochila para la Wing Sroka V3 tambi\u00e9n est\u00e1 disponible por separado. Hemos dise\u00f1ado una bolsa s\u00f3lida y pr\u00e1ctica para todos tus viajes: Tirantes ajustables Refuerzo lateral Bolsillo lateral para accesorios El\u00e1sticos laterales para cargar la bomba del ala Perfecta para llevar una o dos alas y su inflador en sus [&hellip;]<\/p>\n","protected":false},"featured_media":345531,"template":"","meta":{"_acf_changed":false,"_uag_custom_page_level_css":""},"product_brand":[],"product_cat":[3483],"product_tag":[],"class_list":{"0":"post-345529","1":"product","2":"type-product","3":"status-publish","4":"has-post-thumbnail","6":"product_cat-gama-downwind-uha","7":"product_shipping_class-pequenos-envios","9":"first","10":"instock","11":"taxable","12":"shipping-taxable","13":"purchasable","14":"product-type-simple"},"acf":[],"yoast_head":"<!-- This site is optimized with the Yoast SEO plugin v27.2 - https:\/\/yoast.com\/product\/yoast-seo-wordpress\/ -->\n<title>Mochila de Wing - SROKA Company<\/title>\n<meta name=\"description\" content=\"La mochila para llevar c\u00f3modamente tu ala Sroka. Resistente y elegante, combina a la perfecci\u00f3n con la Wing V3.\" \/>\n<meta name=\"robots\" content=\"index, follow, max-snippet:-1, max-image-preview:large, max-video-preview:-1\" \/>\n<link rel=\"canonical\" href=\"https:\/\/srokacompany.com\/es\/produit\/mochila-de-wing\/\" \/>\n<meta property=\"og:locale\" content=\"es_ES\" \/>\n<meta property=\"og:type\" content=\"article\" \/>\n<meta property=\"og:title\" content=\"Mochila de Wing - SROKA Company\" \/>\n<meta property=\"og:description\" content=\"La mochila para llevar c\u00f3modamente tu ala Sroka. Resistente y elegante, combina a la perfecci\u00f3n con la Wing V3.\" \/>\n<meta property=\"og:url\" content=\"https:\/\/srokacompany.com\/es\/produit\/mochila-de-wing\/\" \/>\n<meta property=\"og:site_name\" content=\"SROKA Company\" \/>\n<meta property=\"article:publisher\" content=\"https:\/\/www.facebook.com\/srokawatersports\/\" \/>\n<meta property=\"article:modified_time\" content=\"2025-06-26T16:01:13+00:00\" \/>\n<meta property=\"og:image\" content=\"https:\/\/srokacompany.com\/wp-content\/uploads\/2022\/07\/Sac-sroka-pour-wing-V3-3.jpg\" \/>\n\t<meta property=\"og:image:width\" content=\"780\" \/>\n\t<meta property=\"og:image:height\" content=\"1040\" \/>\n\t<meta property=\"og:image:type\" content=\"image\/jpeg\" \/>\n<script type=\"application\/ld+json\" class=\"yoast-schema-graph\">{\"@context\":\"https:\/\/schema.org\",\"@graph\":[{\"@type\":\"WebPage\",\"@id\":\"https:\/\/srokacompany.com\/es\/produit\/mochila-de-wing\/\",\"url\":\"https:\/\/srokacompany.com\/es\/produit\/mochila-de-wing\/\",\"name\":\"Mochila de Wing - SROKA Company\",\"isPartOf\":{\"@id\":\"https:\/\/srokacompany.com\/es\/#website\"},\"primaryImageOfPage\":{\"@id\":\"https:\/\/srokacompany.com\/es\/produit\/mochila-de-wing\/#primaryimage\"},\"image\":{\"@id\":\"https:\/\/srokacompany.com\/es\/produit\/mochila-de-wing\/#primaryimage\"},\"thumbnailUrl\":\"https:\/\/srokacompany.com\/wp-content\/uploads\/2022\/07\/Sac-sroka-pour-wing-V3-3.jpg\",\"datePublished\":\"2022-07-08T12:32:06+00:00\",\"dateModified\":\"2025-06-26T16:01:13+00:00\",\"description\":\"La mochila para llevar c\u00f3modamente tu ala Sroka. Resistente y elegante, combina a la perfecci\u00f3n con la Wing V3.\",\"breadcrumb\":{\"@id\":\"https:\/\/srokacompany.com\/es\/produit\/mochila-de-wing\/#breadcrumb\"},\"inLanguage\":\"es\",\"potentialAction\":[{\"@type\":\"ReadAction\",\"target\":[\"https:\/\/srokacompany.com\/es\/produit\/mochila-de-wing\/\"]}]},{\"@type\":\"ImageObject\",\"inLanguage\":\"es\",\"@id\":\"https:\/\/srokacompany.com\/es\/produit\/mochila-de-wing\/#primaryimage\",\"url\":\"https:\/\/srokacompany.com\/wp-content\/uploads\/2022\/07\/Sac-sroka-pour-wing-V3-3.jpg\",\"contentUrl\":\"https:\/\/srokacompany.com\/wp-content\/uploads\/2022\/07\/Sac-sroka-pour-wing-V3-3.jpg\",\"width\":780,\"height\":1040},{\"@type\":\"BreadcrumbList\",\"@id\":\"https:\/\/srokacompany.com\/es\/produit\/mochila-de-wing\/#breadcrumb\",\"itemListElement\":[{\"@type\":\"ListItem\",\"position\":1,\"name\":\"Accueil\",\"item\":\"https:\/\/srokacompany.com\/es\/\"},{\"@type\":\"ListItem\",\"position\":2,\"name\":\"Tienda\",\"item\":\"https:\/\/srokacompany.com\/tienda\/\"},{\"@type\":\"ListItem\",\"position\":3,\"name\":\"Mochila de Wing\"}]},{\"@type\":\"WebSite\",\"@id\":\"https:\/\/srokacompany.com\/es\/#website\",\"url\":\"https:\/\/srokacompany.com\/es\/\",\"name\":\"SROKA Company\",\"description\":\"SUP, Kite, Foil, Wing\",\"publisher\":{\"@id\":\"https:\/\/srokacompany.com\/es\/#organization\"},\"potentialAction\":[{\"@type\":\"SearchAction\",\"target\":{\"@type\":\"EntryPoint\",\"urlTemplate\":\"https:\/\/srokacompany.com\/es\/?s={search_term_string}\"},\"query-input\":{\"@type\":\"PropertyValueSpecification\",\"valueRequired\":true,\"valueName\":\"search_term_string\"}}],\"inLanguage\":\"es\"},{\"@type\":\"Organization\",\"@id\":\"https:\/\/srokacompany.com\/es\/#organization\",\"name\":\"SROKACOMPANY\",\"alternateName\":\"SROKA\",\"url\":\"https:\/\/srokacompany.com\/es\/\",\"logo\":{\"@type\":\"ImageObject\",\"inLanguage\":\"es\",\"@id\":\"https:\/\/srokacompany.com\/es\/#\/schema\/logo\/image\/\",\"url\":\"https:\/\/srokacompany.com\/wp-content\/uploads\/2021\/01\/logo-sroka-black-transpa.png\",\"contentUrl\":\"https:\/\/srokacompany.com\/wp-content\/uploads\/2021\/01\/logo-sroka-black-transpa.png\",\"width\":1201,\"height\":342,\"caption\":\"SROKACOMPANY\"},\"image\":{\"@id\":\"https:\/\/srokacompany.com\/es\/#\/schema\/logo\/image\/\"},\"sameAs\":[\"https:\/\/www.facebook.com\/srokawatersports\/\",\"https:\/\/www.instagram.com\/srokawatersports\/\",\"https:\/\/www.youtube.com\/channel\/UCVLHHeaPIm-J5bdEUgxqtZA\"]}]}<\/script>\n<!-- \/ Yoast SEO plugin. -->","yoast_head_json":{"title":"Mochila de Wing - SROKA Company","description":"La mochila para llevar c\u00f3modamente tu ala Sroka. Resistente y elegante, combina a la perfecci\u00f3n con la Wing V3.","robots":{"index":"index","follow":"follow","max-snippet":"max-snippet:-1","max-image-preview":"max-image-preview:large","max-video-preview":"max-video-preview:-1"},"canonical":"https:\/\/srokacompany.com\/es\/produit\/mochila-de-wing\/","og_locale":"es_ES","og_type":"article","og_title":"Mochila de Wing - SROKA Company","og_description":"La mochila para llevar c\u00f3modamente tu ala Sroka. Resistente y elegante, combina a la perfecci\u00f3n con la Wing V3.","og_url":"https:\/\/srokacompany.com\/es\/produit\/mochila-de-wing\/","og_site_name":"SROKA Company","article_publisher":"https:\/\/www.facebook.com\/srokawatersports\/","article_modified_time":"2025-06-26T16:01:13+00:00","og_image":[{"width":780,"height":1040,"url":"https:\/\/srokacompany.com\/wp-content\/uploads\/2022\/07\/Sac-sroka-pour-wing-V3-3.jpg","type":"image\/jpeg"}],"schema":{"@context":"https:\/\/schema.org","@graph":[{"@type":"WebPage","@id":"https:\/\/srokacompany.com\/es\/produit\/mochila-de-wing\/","url":"https:\/\/srokacompany.com\/es\/produit\/mochila-de-wing\/","name":"Mochila de Wing - SROKA Company","isPartOf":{"@id":"https:\/\/srokacompany.com\/es\/#website"},"primaryImageOfPage":{"@id":"https:\/\/srokacompany.com\/es\/produit\/mochila-de-wing\/#primaryimage"},"image":{"@id":"https:\/\/srokacompany.com\/es\/produit\/mochila-de-wing\/#primaryimage"},"thumbnailUrl":"https:\/\/srokacompany.com\/wp-content\/uploads\/2022\/07\/Sac-sroka-pour-wing-V3-3.jpg","datePublished":"2022-07-08T12:32:06+00:00","dateModified":"2025-06-26T16:01:13+00:00","description":"La mochila para llevar c\u00f3modamente tu ala Sroka. Resistente y elegante, combina a la perfecci\u00f3n con la Wing V3.","breadcrumb":{"@id":"https:\/\/srokacompany.com\/es\/produit\/mochila-de-wing\/#breadcrumb"},"inLanguage":"es","potentialAction":[{"@type":"ReadAction","target":["https:\/\/srokacompany.com\/es\/produit\/mochila-de-wing\/"]}]},{"@type":"ImageObject","inLanguage":"es","@id":"https:\/\/srokacompany.com\/es\/produit\/mochila-de-wing\/#primaryimage","url":"https:\/\/srokacompany.com\/wp-content\/uploads\/2022\/07\/Sac-sroka-pour-wing-V3-3.jpg","contentUrl":"https:\/\/srokacompany.com\/wp-content\/uploads\/2022\/07\/Sac-sroka-pour-wing-V3-3.jpg","width":780,"height":1040},{"@type":"BreadcrumbList","@id":"https:\/\/srokacompany.com\/es\/produit\/mochila-de-wing\/#breadcrumb","itemListElement":[{"@type":"ListItem","position":1,"name":"Accueil","item":"https:\/\/srokacompany.com\/es\/"},{"@type":"ListItem","position":2,"name":"Tienda","item":"https:\/\/srokacompany.com\/tienda\/"},{"@type":"ListItem","position":3,"name":"Mochila de Wing"}]},{"@type":"WebSite","@id":"https:\/\/srokacompany.com\/es\/#website","url":"https:\/\/srokacompany.com\/es\/","name":"SROKA Company","description":"SUP, Kite, Foil, Wing","publisher":{"@id":"https:\/\/srokacompany.com\/es\/#organization"},"potentialAction":[{"@type":"SearchAction","target":{"@type":"EntryPoint","urlTemplate":"https:\/\/srokacompany.com\/es\/?s={search_term_string}"},"query-input":{"@type":"PropertyValueSpecification","valueRequired":true,"valueName":"search_term_string"}}],"inLanguage":"es"},{"@type":"Organization","@id":"https:\/\/srokacompany.com\/es\/#organization","name":"SROKACOMPANY","alternateName":"SROKA","url":"https:\/\/srokacompany.com\/es\/","logo":{"@type":"ImageObject","inLanguage":"es","@id":"https:\/\/srokacompany.com\/es\/#\/schema\/logo\/image\/","url":"https:\/\/srokacompany.com\/wp-content\/uploads\/2021\/01\/logo-sroka-black-transpa.png","contentUrl":"https:\/\/srokacompany.com\/wp-content\/uploads\/2021\/01\/logo-sroka-black-transpa.png","width":1201,"height":342,"caption":"SROKACOMPANY"},"image":{"@id":"https:\/\/srokacompany.com\/es\/#\/schema\/logo\/image\/"},"sameAs":["https:\/\/www.facebook.com\/srokawatersports\/","https:\/\/www.instagram.com\/srokawatersports\/","https:\/\/www.youtube.com\/channel\/UCVLHHeaPIm-J5bdEUgxqtZA"]}]}},"uagb_featured_image_src":{"full":["https:\/\/srokacompany.com\/wp-content\/uploads\/2022\/07\/Sac-sroka-pour-wing-V3-3.jpg",780,1040,false],"thumbnail":["https:\/\/srokacompany.com\/wp-content\/uploads\/2022\/07\/Sac-sroka-pour-wing-V3-3-150x150.jpg",150,150,true],"medium":["https:\/\/srokacompany.com\/wp-content\/uploads\/2022\/07\/Sac-sroka-pour-wing-V3-3-225x300.jpg",225,300,true],"medium_large":["https:\/\/srokacompany.com\/wp-content\/uploads\/2022\/07\/Sac-sroka-pour-wing-V3-3-768x1024.jpg",768,1024,true],"large":["https:\/\/srokacompany.com\/wp-content\/uploads\/2022\/07\/Sac-sroka-pour-wing-V3-3-768x1024.jpg",768,1024,true],"1536x1536":["https:\/\/srokacompany.com\/wp-content\/uploads\/2022\/07\/Sac-sroka-pour-wing-V3-3.jpg",780,1040,false],"2048x2048":["https:\/\/srokacompany.com\/wp-content\/uploads\/2022\/07\/Sac-sroka-pour-wing-V3-3.jpg",780,1040,false],"woocommerce_thumbnail":["https:\/\/srokacompany.com\/wp-content\/uploads\/2022\/07\/Sac-sroka-pour-wing-V3-3-600x800.jpg",600,800,true],"woocommerce_single":["https:\/\/srokacompany.com\/wp-content\/uploads\/2022\/07\/Sac-sroka-pour-wing-V3-3-600x800.jpg",600,800,true],"woocommerce_gallery_thumbnail":["https:\/\/srokacompany.com\/wp-content\/uploads\/2022\/07\/Sac-sroka-pour-wing-V3-3-100x100.jpg",100,100,true],"dgwt-wcas-product-suggestion":["https:\/\/srokacompany.com\/wp-content\/uploads\/2022\/07\/Sac-sroka-pour-wing-V3-3-64x85.jpg",64,85,true]},"uagb_author_info":{"display_name":"Tristan Dumard","author_link":"https:\/\/srokacompany.com\/es\/blog\/author\/"},"uagb_comment_info":0,"uagb_excerpt":"Mochila Sroka de Wing La mochila para la Wing Sroka V3 tambi\u00e9n est\u00e1 disponible por separado. Hemos dise\u00f1ado una bolsa s\u00f3lida y pr\u00e1ctica para todos tus viajes: Tirantes ajustables Refuerzo lateral Bolsillo lateral para accesorios El\u00e1sticos laterales para cargar la bomba del ala Perfecta para llevar una o dos alas y su inflador en sus&hellip;","jetpack_sharing_enabled":true,"_links":{"self":[{"href":"https:\/\/srokacompany.com\/es\/wp-json\/wp\/v2\/product\/345529","targetHints":{"allow":["GET"]}}],"collection":[{"href":"https:\/\/srokacompany.com\/es\/wp-json\/wp\/v2\/product"}],"about":[{"href":"https:\/\/srokacompany.com\/es\/wp-json\/wp\/v2\/types\/product"}],"wp:featuredmedia":[{"embeddable":true,"href":"https:\/\/srokacompany.com\/es\/wp-json\/wp\/v2\/media\/345531"}],"wp:attachment":[{"href":"https:\/\/srokacompany.com\/es\/wp-json\/wp\/v2\/media?parent=345529"}],"wp:term":[{"taxonomy":"product_brand","embeddable":true,"href":"https:\/\/srokacompany.com\/es\/wp-json\/wp\/v2\/product_brand?post=345529"},{"taxonomy":"product_cat","embeddable":true,"href":"https:\/\/srokacompany.com\/es\/wp-json\/wp\/v2\/product_cat?post=345529"},{"taxonomy":"product_tag","embeddable":true,"href":"https:\/\/srokacompany.com\/es\/wp-json\/wp\/v2\/product_tag?post=345529"}],"curies":[{"name":"wp","href":"https:\/\/api.w.org\/{rel}","templated":true}]}}