{"id":345602,"date":"2022-07-28T16:58:54","date_gmt":"2022-07-28T14:58:54","guid":{"rendered":"https:\/\/srokacompany.com\/produit\/pack-wing-foil-hinchable-sroka-air-v1\/"},"modified":"2025-12-18T12:52:48","modified_gmt":"2025-12-18T10:52:48","slug":"pack-wing-foil-hinchable-sroka-air-v1","status":"publish","type":"product","link":"https:\/\/srokacompany.com\/es\/produit\/pack-wing-foil-hinchable-sroka-air-v1\/","title":{"rendered":"Pack Wing Foil Hinchable Sroka Air V1"},"content":{"rendered":"<hr>\n<h2>Pack Wing Foil Hinchable Sroka &#8211; <a href=\"https:\/\/srokacompany.com\/es\/produit\/tabla-de-alas-hinchables-foil-sroka-v2\/\">Hinchable Aire 5&#8217;3, 6&#8217;o 6&#8217;4<\/a> &#8211; <a href=\"https:\/\/srokacompany.com\/es\/eshop\/alas-de-wing-foil\/\">Wing en 5m<\/a> &#8211; <a href=\"https:\/\/srokacompany.com\/es\/produit\/s-foil-classic-sroka\/\">S-Foil 1750<\/a>.<\/h2>\n<p>Entrega en un plazo de 1 a 3 d\u00edas laborables en Francia continental si el producto est\u00e1 en stock.<\/p>\n<p>Tanto si eres un principiante como un profesional del <a href=\"https:\/\/srokacompany.com\/es\/blog\/como-virar-hacer-una-virada-en-wingfoil\/\">wingfoil<\/a>, buscas un equipo de alto rendimiento, duradero y escalable. Para aquellos que necesitan espacio y viajar sin preocuparse por ello, hemos combinado todas las cualidades de una mochila de wingfoil de alta gama con su deseo de libertad. Hemos hecho todo lo posible para ofrecerte una tabla capaz de ofrecerte un m\u00e1ximo de sensaciones. Gracias a su <strong>placa de carbono<\/strong> cubierta con una capa protectora de PVC de primera calidad, el Sroka Air no tiene rival en su rigidez.<\/p>\n<p class=\"p1\" style=\"text-align: justify;\">Ofrecemos varios tama\u00f1os de tabla para adaptarse a su tama\u00f1o y habilidad en estos paquetes. Cuentan con un estuche est\u00e1ndar estadounidense de doble ra\u00edl. <\/p>\n<p class=\"p3\">Si tiene dudas <a href=\"https:\/\/srokacompany.com\/es\/blog\/pack-wing-foil-sroka-nuestro-consejo\/\">sobre qu\u00e9 Pack Wing Foil elegir<\/a>, lea nuestro art\u00edculo<a href=\"https:\/\/srokacompany.com\/es\/blog\/pack-wing-foil-sroka-nuestro-consejo\/\"> \u00abC\u00f3mo elegir su pack wingfoil<\/a> \u00bb para ayudarle a tomar la decisi\u00f3n correcta.<\/p>\n<p><a href=\"https:\/\/srokacompany.com\/es\/produit\/pack-wing-foil-hinchable-sroka-air-v2\/\">M\u00e1s informaci\u00f3n sobre el nuevo pack hinchable con las nuevas tablas V2 y el nuevo ala V4, disponible por <strong>2050 euros<\/strong>.<\/a><\/p>\n","protected":false},"excerpt":{"rendered":"<p>Pack Wing foil V1 hinchable completo . SFoil 1750, Wing 5 m V4 y tabla. Ideal para principiantes y aprendices r\u00e1pidos. Compacto \/ S\u00f3lido \/ F\u00e1cil   <\/p>\n","protected":false},"featured_media":345604,"template":"","meta":{"_acf_changed":false,"_uag_custom_page_level_css":""},"product_brand":[],"product_cat":[3480,3670,3444],"product_tag":[3427,3426],"class_list":{"0":"post-345602","1":"product","2":"type-product","3":"status-publish","4":"has-post-thumbnail","6":"product_cat-foil-es","7":"product_cat-pack-wing-foil-tu-kit-completo-para-sensaciones-inolvidables","8":"product_cat-wing-foil-es","9":"product_tag-ingenioso","10":"product_tag-principiante","11":"product_shipping_class-pack-completo-de-alas-hinchables","13":"first","14":"instock","15":"sale","16":"taxable","17":"shipping-taxable","18":"purchasable","19":"product-type-variable"},"acf":[],"yoast_head":"<!-- This site is optimized with the Yoast SEO plugin v27.4 - https:\/\/yoast.com\/product\/yoast-seo-wordpress\/ -->\n<title>Pack Wing Foil Hinchable Sroka Air V1 - SROKA Company<\/title>\n<meta name=\"description\" content=\"Pack Wing Foil Sroka completo con tabla hinchable Air 6&#039;4 o 6&#039;, S-Foil 1750 y Wing 5m a la mejor relaci\u00f3n calidad-precio.\" \/>\n<meta name=\"robots\" content=\"index, follow, max-snippet:-1, max-image-preview:large, max-video-preview:-1\" \/>\n<link rel=\"canonical\" href=\"https:\/\/srokacompany.com\/es\/produit\/pack-wing-foil-hinchable-sroka-air-v1\/\" \/>\n<meta property=\"og:locale\" content=\"es_ES\" \/>\n<meta property=\"og:type\" content=\"article\" \/>\n<meta property=\"og:title\" content=\"Pack Wing Foil Hinchable Sroka Air V1 - SROKA Company\" \/>\n<meta property=\"og:description\" content=\"Pack Wing Foil Sroka completo con tabla hinchable Air 6&#039;4 o 6&#039;, S-Foil 1750 y Wing 5m a la mejor relaci\u00f3n calidad-precio.\" \/>\n<meta property=\"og:url\" content=\"https:\/\/srokacompany.com\/es\/produit\/pack-wing-foil-hinchable-sroka-air-v1\/\" \/>\n<meta property=\"og:site_name\" content=\"SROKA Company\" \/>\n<meta property=\"article:publisher\" content=\"https:\/\/www.facebook.com\/srokawatersports\/\" \/>\n<meta property=\"article:modified_time\" content=\"2025-12-18T10:52:48+00:00\" \/>\n<meta property=\"og:image\" content=\"https:\/\/srokacompany.com\/wp-content\/uploads\/2022\/07\/3.jpg\" \/>\n\t<meta property=\"og:image:width\" content=\"1080\" \/>\n\t<meta property=\"og:image:height\" content=\"1080\" \/>\n\t<meta property=\"og:image:type\" content=\"image\/jpeg\" \/>\n<meta name=\"twitter:label1\" content=\"Tiempo de lectura\" \/>\n\t<meta name=\"twitter:data1\" content=\"1 minuto\" \/>\n<script type=\"application\/ld+json\" class=\"yoast-schema-graph\">{\"@context\":\"https:\\\/\\\/schema.org\",\"@graph\":[{\"@type\":\"WebPage\",\"@id\":\"https:\\\/\\\/srokacompany.com\\\/es\\\/produit\\\/pack-wing-foil-hinchable-sroka-air-v1\\\/\",\"url\":\"https:\\\/\\\/srokacompany.com\\\/es\\\/produit\\\/pack-wing-foil-hinchable-sroka-air-v1\\\/\",\"name\":\"Pack Wing Foil Hinchable Sroka Air V1 - SROKA Company\",\"isPartOf\":{\"@id\":\"https:\\\/\\\/srokacompany.com\\\/es\\\/#website\"},\"primaryImageOfPage\":{\"@id\":\"https:\\\/\\\/srokacompany.com\\\/es\\\/produit\\\/pack-wing-foil-hinchable-sroka-air-v1\\\/#primaryimage\"},\"image\":{\"@id\":\"https:\\\/\\\/srokacompany.com\\\/es\\\/produit\\\/pack-wing-foil-hinchable-sroka-air-v1\\\/#primaryimage\"},\"thumbnailUrl\":\"https:\\\/\\\/srokacompany.com\\\/wp-content\\\/uploads\\\/2022\\\/07\\\/3.jpg\",\"datePublished\":\"2022-07-28T14:58:54+00:00\",\"dateModified\":\"2025-12-18T10:52:48+00:00\",\"description\":\"Pack Wing Foil Sroka completo con tabla hinchable Air 6'4 o 6', S-Foil 1750 y Wing 5m a la mejor relaci\u00f3n calidad-precio.\",\"breadcrumb\":{\"@id\":\"https:\\\/\\\/srokacompany.com\\\/es\\\/produit\\\/pack-wing-foil-hinchable-sroka-air-v1\\\/#breadcrumb\"},\"inLanguage\":\"es\",\"potentialAction\":[{\"@type\":\"ReadAction\",\"target\":[\"https:\\\/\\\/srokacompany.com\\\/es\\\/produit\\\/pack-wing-foil-hinchable-sroka-air-v1\\\/\"]}]},{\"@type\":\"ImageObject\",\"inLanguage\":\"es\",\"@id\":\"https:\\\/\\\/srokacompany.com\\\/es\\\/produit\\\/pack-wing-foil-hinchable-sroka-air-v1\\\/#primaryimage\",\"url\":\"https:\\\/\\\/srokacompany.com\\\/wp-content\\\/uploads\\\/2022\\\/07\\\/3.jpg\",\"contentUrl\":\"https:\\\/\\\/srokacompany.com\\\/wp-content\\\/uploads\\\/2022\\\/07\\\/3.jpg\",\"width\":1080,\"height\":1080,\"caption\":\"Pack wing foil gonflable Air V1 SROKA\"},{\"@type\":\"BreadcrumbList\",\"@id\":\"https:\\\/\\\/srokacompany.com\\\/es\\\/produit\\\/pack-wing-foil-hinchable-sroka-air-v1\\\/#breadcrumb\",\"itemListElement\":[{\"@type\":\"ListItem\",\"position\":1,\"name\":\"Accueil\",\"item\":\"https:\\\/\\\/srokacompany.com\\\/es\\\/\"},{\"@type\":\"ListItem\",\"position\":2,\"name\":\"Tienda\",\"item\":\"https:\\\/\\\/srokacompany.com\\\/tienda\\\/\"},{\"@type\":\"ListItem\",\"position\":3,\"name\":\"Pack Wing Foil Hinchable Sroka Air V1\"}]},{\"@type\":\"WebSite\",\"@id\":\"https:\\\/\\\/srokacompany.com\\\/es\\\/#website\",\"url\":\"https:\\\/\\\/srokacompany.com\\\/es\\\/\",\"name\":\"SROKA Company\",\"description\":\"SUP, Kite, Foil, Wing\",\"publisher\":{\"@id\":\"https:\\\/\\\/srokacompany.com\\\/es\\\/#organization\"},\"potentialAction\":[{\"@type\":\"SearchAction\",\"target\":{\"@type\":\"EntryPoint\",\"urlTemplate\":\"https:\\\/\\\/srokacompany.com\\\/es\\\/?s={search_term_string}\"},\"query-input\":{\"@type\":\"PropertyValueSpecification\",\"valueRequired\":true,\"valueName\":\"search_term_string\"}}],\"inLanguage\":\"es\"},{\"@type\":\"Organization\",\"@id\":\"https:\\\/\\\/srokacompany.com\\\/es\\\/#organization\",\"name\":\"SROKACOMPANY\",\"alternateName\":\"SROKA\",\"url\":\"https:\\\/\\\/srokacompany.com\\\/es\\\/\",\"logo\":{\"@type\":\"ImageObject\",\"inLanguage\":\"es\",\"@id\":\"https:\\\/\\\/srokacompany.com\\\/es\\\/#\\\/schema\\\/logo\\\/image\\\/\",\"url\":\"https:\\\/\\\/srokacompany.com\\\/wp-content\\\/uploads\\\/2021\\\/01\\\/logo-sroka-black-transpa.png\",\"contentUrl\":\"https:\\\/\\\/srokacompany.com\\\/wp-content\\\/uploads\\\/2021\\\/01\\\/logo-sroka-black-transpa.png\",\"width\":1201,\"height\":342,\"caption\":\"SROKACOMPANY\"},\"image\":{\"@id\":\"https:\\\/\\\/srokacompany.com\\\/es\\\/#\\\/schema\\\/logo\\\/image\\\/\"},\"sameAs\":[\"https:\\\/\\\/www.facebook.com\\\/srokawatersports\\\/\",\"https:\\\/\\\/www.instagram.com\\\/srokawatersports\\\/\",\"https:\\\/\\\/www.youtube.com\\\/channel\\\/UCVLHHeaPIm-J5bdEUgxqtZA\"]}]}<\/script>\n<!-- \/ Yoast SEO plugin. -->","yoast_head_json":{"title":"Pack Wing Foil Hinchable Sroka Air V1 - SROKA Company","description":"Pack Wing Foil Sroka completo con tabla hinchable Air 6'4 o 6', S-Foil 1750 y Wing 5m a la mejor relaci\u00f3n calidad-precio.","robots":{"index":"index","follow":"follow","max-snippet":"max-snippet:-1","max-image-preview":"max-image-preview:large","max-video-preview":"max-video-preview:-1"},"canonical":"https:\/\/srokacompany.com\/es\/produit\/pack-wing-foil-hinchable-sroka-air-v1\/","og_locale":"es_ES","og_type":"article","og_title":"Pack Wing Foil Hinchable Sroka Air V1 - SROKA Company","og_description":"Pack Wing Foil Sroka completo con tabla hinchable Air 6'4 o 6', S-Foil 1750 y Wing 5m a la mejor relaci\u00f3n calidad-precio.","og_url":"https:\/\/srokacompany.com\/es\/produit\/pack-wing-foil-hinchable-sroka-air-v1\/","og_site_name":"SROKA Company","article_publisher":"https:\/\/www.facebook.com\/srokawatersports\/","article_modified_time":"2025-12-18T10:52:48+00:00","og_image":[{"width":1080,"height":1080,"url":"https:\/\/srokacompany.com\/wp-content\/uploads\/2022\/07\/3.jpg","type":"image\/jpeg"}],"twitter_misc":{"Tiempo de lectura":"1 minuto"},"schema":{"@context":"https:\/\/schema.org","@graph":[{"@type":"WebPage","@id":"https:\/\/srokacompany.com\/es\/produit\/pack-wing-foil-hinchable-sroka-air-v1\/","url":"https:\/\/srokacompany.com\/es\/produit\/pack-wing-foil-hinchable-sroka-air-v1\/","name":"Pack Wing Foil Hinchable Sroka Air V1 - SROKA Company","isPartOf":{"@id":"https:\/\/srokacompany.com\/es\/#website"},"primaryImageOfPage":{"@id":"https:\/\/srokacompany.com\/es\/produit\/pack-wing-foil-hinchable-sroka-air-v1\/#primaryimage"},"image":{"@id":"https:\/\/srokacompany.com\/es\/produit\/pack-wing-foil-hinchable-sroka-air-v1\/#primaryimage"},"thumbnailUrl":"https:\/\/srokacompany.com\/wp-content\/uploads\/2022\/07\/3.jpg","datePublished":"2022-07-28T14:58:54+00:00","dateModified":"2025-12-18T10:52:48+00:00","description":"Pack Wing Foil Sroka completo con tabla hinchable Air 6'4 o 6', S-Foil 1750 y Wing 5m a la mejor relaci\u00f3n calidad-precio.","breadcrumb":{"@id":"https:\/\/srokacompany.com\/es\/produit\/pack-wing-foil-hinchable-sroka-air-v1\/#breadcrumb"},"inLanguage":"es","potentialAction":[{"@type":"ReadAction","target":["https:\/\/srokacompany.com\/es\/produit\/pack-wing-foil-hinchable-sroka-air-v1\/"]}]},{"@type":"ImageObject","inLanguage":"es","@id":"https:\/\/srokacompany.com\/es\/produit\/pack-wing-foil-hinchable-sroka-air-v1\/#primaryimage","url":"https:\/\/srokacompany.com\/wp-content\/uploads\/2022\/07\/3.jpg","contentUrl":"https:\/\/srokacompany.com\/wp-content\/uploads\/2022\/07\/3.jpg","width":1080,"height":1080,"caption":"Pack wing foil gonflable Air V1 SROKA"},{"@type":"BreadcrumbList","@id":"https:\/\/srokacompany.com\/es\/produit\/pack-wing-foil-hinchable-sroka-air-v1\/#breadcrumb","itemListElement":[{"@type":"ListItem","position":1,"name":"Accueil","item":"https:\/\/srokacompany.com\/es\/"},{"@type":"ListItem","position":2,"name":"Tienda","item":"https:\/\/srokacompany.com\/tienda\/"},{"@type":"ListItem","position":3,"name":"Pack Wing Foil Hinchable Sroka Air V1"}]},{"@type":"WebSite","@id":"https:\/\/srokacompany.com\/es\/#website","url":"https:\/\/srokacompany.com\/es\/","name":"SROKA Company","description":"SUP, Kite, Foil, Wing","publisher":{"@id":"https:\/\/srokacompany.com\/es\/#organization"},"potentialAction":[{"@type":"SearchAction","target":{"@type":"EntryPoint","urlTemplate":"https:\/\/srokacompany.com\/es\/?s={search_term_string}"},"query-input":{"@type":"PropertyValueSpecification","valueRequired":true,"valueName":"search_term_string"}}],"inLanguage":"es"},{"@type":"Organization","@id":"https:\/\/srokacompany.com\/es\/#organization","name":"SROKACOMPANY","alternateName":"SROKA","url":"https:\/\/srokacompany.com\/es\/","logo":{"@type":"ImageObject","inLanguage":"es","@id":"https:\/\/srokacompany.com\/es\/#\/schema\/logo\/image\/","url":"https:\/\/srokacompany.com\/wp-content\/uploads\/2021\/01\/logo-sroka-black-transpa.png","contentUrl":"https:\/\/srokacompany.com\/wp-content\/uploads\/2021\/01\/logo-sroka-black-transpa.png","width":1201,"height":342,"caption":"SROKACOMPANY"},"image":{"@id":"https:\/\/srokacompany.com\/es\/#\/schema\/logo\/image\/"},"sameAs":["https:\/\/www.facebook.com\/srokawatersports\/","https:\/\/www.instagram.com\/srokawatersports\/","https:\/\/www.youtube.com\/channel\/UCVLHHeaPIm-J5bdEUgxqtZA"]}]}},"uagb_featured_image_src":{"full":["https:\/\/srokacompany.com\/wp-content\/uploads\/2022\/07\/3.jpg",1080,1080,false],"thumbnail":["https:\/\/srokacompany.com\/wp-content\/uploads\/2022\/07\/3-150x150.jpg",150,150,true],"medium":["https:\/\/srokacompany.com\/wp-content\/uploads\/2022\/07\/3-300x300.jpg",300,300,true],"medium_large":["https:\/\/srokacompany.com\/wp-content\/uploads\/2022\/07\/3-768x768.jpg",768,768,true],"large":["https:\/\/srokacompany.com\/wp-content\/uploads\/2022\/07\/3-1024x1024.jpg",1024,1024,true],"1536x1536":["https:\/\/srokacompany.com\/wp-content\/uploads\/2022\/07\/3.jpg",1080,1080,false],"2048x2048":["https:\/\/srokacompany.com\/wp-content\/uploads\/2022\/07\/3.jpg",1080,1080,false],"woocommerce_thumbnail":["https:\/\/srokacompany.com\/wp-content\/uploads\/2022\/07\/3-600x600.jpg",600,600,true],"woocommerce_single":["https:\/\/srokacompany.com\/wp-content\/uploads\/2022\/07\/3-600x600.jpg",600,600,true],"woocommerce_gallery_thumbnail":["https:\/\/srokacompany.com\/wp-content\/uploads\/2022\/07\/3-100x100.jpg",100,100,true],"dgwt-wcas-product-suggestion":["https:\/\/srokacompany.com\/wp-content\/uploads\/2022\/07\/3.jpg",64,64,false]},"uagb_author_info":{"display_name":"Tristan Dumard","author_link":"https:\/\/srokacompany.com\/es\/blog\/author\/"},"uagb_comment_info":0,"uagb_excerpt":"Pack Wing foil V1 hinchable completo . SFoil 1750, Wing 5 m V4 y tabla. Ideal para principiantes y aprendices r\u00e1pidos. Compacto \/ S\u00f3lido \/ F\u00e1cil","jetpack_sharing_enabled":true,"_links":{"self":[{"href":"https:\/\/srokacompany.com\/es\/wp-json\/wp\/v2\/product\/345602","targetHints":{"allow":["GET"]}}],"collection":[{"href":"https:\/\/srokacompany.com\/es\/wp-json\/wp\/v2\/product"}],"about":[{"href":"https:\/\/srokacompany.com\/es\/wp-json\/wp\/v2\/types\/product"}],"wp:featuredmedia":[{"embeddable":true,"href":"https:\/\/srokacompany.com\/es\/wp-json\/wp\/v2\/media\/345604"}],"wp:attachment":[{"href":"https:\/\/srokacompany.com\/es\/wp-json\/wp\/v2\/media?parent=345602"}],"wp:term":[{"taxonomy":"product_brand","embeddable":true,"href":"https:\/\/srokacompany.com\/es\/wp-json\/wp\/v2\/product_brand?post=345602"},{"taxonomy":"product_cat","embeddable":true,"href":"https:\/\/srokacompany.com\/es\/wp-json\/wp\/v2\/product_cat?post=345602"},{"taxonomy":"product_tag","embeddable":true,"href":"https:\/\/srokacompany.com\/es\/wp-json\/wp\/v2\/product_tag?post=345602"}],"curies":[{"name":"wp","href":"https:\/\/api.w.org\/{rel}","templated":true}]}}