{"id":345624,"date":"2022-07-21T16:26:04","date_gmt":"2022-07-21T16:26:04","guid":{"rendered":"https:\/\/srokacompany.com\/produit\/ha-950-speed-stab-240-juego-de-alas\/"},"modified":"2025-11-25T11:07:08","modified_gmt":"2025-11-25T09:07:08","slug":"ha-950-speed-stab-240-juego-de-alas","status":"publish","type":"product","link":"https:\/\/srokacompany.com\/es\/produit\/ha-950-speed-stab-240-juego-de-alas\/","title":{"rendered":"HA 950 Speed + stab 240 juego de alas"},"content":{"rendered":"<hr>\n<h2>Juego foil aler\u00f3n delantero de alto rendimiento HA 950 S y Stab 240<\/h2>\n<p>El combo de alas m\u00e1s potente de la gama de foil. La vela delantera High Aspect 950 Speed y su estabilizador High Aspect 240 trabajan en perfecta armon\u00eda para pulverizar tus records de velocidad, con un planeo incre\u00edble. Este conjunto de alas de bajo coste est\u00e1 dise\u00f1ado para pilotos experimentados de foil y surfistas de foil. Hemos trabajado los perfiles con sumo cuidado para ofrecerte un despegue a partir de 15 nudos de viento con un peso de s\u00f3lo 80 kg, y un mando supers\u00f3nico para un control absoluto a alta velocidad, todo ello con unas prestaciones inigualables.   <\/p>\n<p>Para surfear foil, este juego de alas de foil ofrece un bombeo sorprendente gracias a su elevada relaci\u00f3n de aspecto. El comportamiento muy sano y el original trabajo sobre el perfil permiten un inicio precoz en vuelo a la vez que desatan la velocidad de la foil para surfear olas r\u00e1pidas y potentes. Este combo mejora la maniobrabilidad de tu foil.  <\/p>\n<p>Con un ala foil, tendr\u00e1s una velocidad m\u00e1xima incre\u00edble. Sin embargo, el despegue es f\u00e1cil en condiciones de viento medias. La sensaci\u00f3n de planeo resultante es \u00fanica.  <\/p>\n<p>Ideal para ala foil (avanzado), cometa foil, viento foil, surf foil (avanzado, olas grandes, oleaje potente, remolcado).<\/p>\n<p>Recomendado con :<\/p>\n<ul>\n<li><a href=\"https:\/\/srokacompany.com\/es\/produit\/fuselaje-s-foil\/\">Fuselaje<\/a> de <b>62 cm<\/b> (configuraci\u00f3n <b>maniobrable<\/b>) o fuselaje est\u00e1ndar <b>de 68 cm<\/b> <b>(<\/b>configuraci\u00f3n de <b>velocidad<\/b>)<\/li>\n<li>M\u00e1stil de surf de 70\/80 cm foil &#8211; M\u00e1stil de ala de 80\/90 cm foil<\/li>\n<li>Sky Rider <a href=\"https:\/\/srokacompany.com\/es\/produit\/tablas-sky-rider-48-y-52\/\">4&#8217;8<\/a> &#8211; Sky Rider 5&#8217;5 &#8211; <a href=\"https:\/\/srokacompany.com\/es\/produit\/surf-foil-46-fast-flyer\/\">Fast Flyer 4&#8217;6<\/a><\/li>\n<\/ul>\n","protected":false},"excerpt":{"rendered":"<p><b>Set HA 950 Speed + Stab 240 Foil:<\/b> El combo <b>\u00abplug and play\u00bb<\/b> para un rendimiento asequible. Excelente <b>planeo<\/b>, <b>aceleraci\u00f3n fulgurante<\/b> y <b>maniobrabilidad<\/b> para <b>Wingfoil<\/b> (a partir de 13 nudos) y <b>Freestyle con vientos flojos<\/b> o simplemente<b> en navegaci\u00f3n libre.<\/b> Tu catalizador de emociones. <\/p>\n","protected":false},"featured_media":345626,"template":"","meta":{"_acf_changed":false,"_uag_custom_page_level_css":""},"product_brand":[],"product_cat":[3425,3480,3470,3444],"product_tag":[3429,3450,3427],"class_list":{"0":"post-345624","1":"product","2":"type-product","3":"status-publish","4":"has-post-thumbnail","6":"product_cat-aletas-foil","7":"product_cat-foil-es","8":"product_cat-todas-nuestras-cuchillas-de-alto-aspecto","9":"product_cat-wing-foil-es","10":"product_tag-avanzado","11":"product_tag-experto","12":"product_tag-ingenioso","13":"product_shipping_class-foil-unidad-completa-o-piezas-alas","15":"first","16":"instock","17":"sale","18":"taxable","19":"shipping-taxable","20":"purchasable","21":"product-type-variable"},"acf":[],"yoast_head":"<!-- This site is optimized with the Yoast SEO plugin v27.4 - https:\/\/yoast.com\/product\/yoast-seo-wordpress\/ -->\n<title>HA 950 Speed + stab 240 juego de alas - SROKA Company<\/title>\n<meta name=\"description\" content=\"El juego de alas High Aspect Sroka de foil incluye la nueva HA 950 S de alt\u00edsimo rendimiento y su estabilizador de 240\u00b0.\" \/>\n<meta name=\"robots\" content=\"index, follow, max-snippet:-1, max-image-preview:large, max-video-preview:-1\" \/>\n<link rel=\"canonical\" href=\"https:\/\/srokacompany.com\/es\/produit\/ha-950-speed-stab-240-juego-de-alas\/\" \/>\n<meta property=\"og:locale\" content=\"es_ES\" \/>\n<meta property=\"og:type\" content=\"article\" \/>\n<meta property=\"og:title\" content=\"HA 950 Speed + stab 240 juego de alas - SROKA Company\" \/>\n<meta property=\"og:description\" content=\"El juego de alas High Aspect Sroka de foil incluye la nueva HA 950 S de alt\u00edsimo rendimiento y su estabilizador de 240\u00b0.\" \/>\n<meta property=\"og:url\" content=\"https:\/\/srokacompany.com\/es\/produit\/ha-950-speed-stab-240-juego-de-alas\/\" \/>\n<meta property=\"og:site_name\" content=\"SROKA Company\" \/>\n<meta property=\"article:publisher\" content=\"https:\/\/www.facebook.com\/srokawatersports\/\" \/>\n<meta property=\"article:modified_time\" content=\"2025-11-25T09:07:08+00:00\" \/>\n<meta property=\"og:image\" content=\"https:\/\/srokacompany.com\/wp-content\/uploads\/2022\/07\/950-HA.jpg\" \/>\n\t<meta property=\"og:image:width\" content=\"1200\" \/>\n\t<meta property=\"og:image:height\" content=\"912\" \/>\n\t<meta property=\"og:image:type\" content=\"image\/jpeg\" \/>\n<meta name=\"twitter:label1\" content=\"Tiempo de lectura\" \/>\n\t<meta name=\"twitter:data1\" content=\"1 minuto\" \/>\n<script type=\"application\/ld+json\" class=\"yoast-schema-graph\">{\"@context\":\"https:\\\/\\\/schema.org\",\"@graph\":[{\"@type\":\"WebPage\",\"@id\":\"https:\\\/\\\/srokacompany.com\\\/es\\\/produit\\\/ha-950-speed-stab-240-juego-de-alas\\\/\",\"url\":\"https:\\\/\\\/srokacompany.com\\\/es\\\/produit\\\/ha-950-speed-stab-240-juego-de-alas\\\/\",\"name\":\"HA 950 Speed + stab 240 juego de alas - SROKA Company\",\"isPartOf\":{\"@id\":\"https:\\\/\\\/srokacompany.com\\\/es\\\/#website\"},\"primaryImageOfPage\":{\"@id\":\"https:\\\/\\\/srokacompany.com\\\/es\\\/produit\\\/ha-950-speed-stab-240-juego-de-alas\\\/#primaryimage\"},\"image\":{\"@id\":\"https:\\\/\\\/srokacompany.com\\\/es\\\/produit\\\/ha-950-speed-stab-240-juego-de-alas\\\/#primaryimage\"},\"thumbnailUrl\":\"https:\\\/\\\/srokacompany.com\\\/wp-content\\\/uploads\\\/2022\\\/07\\\/950-HA.jpg\",\"datePublished\":\"2022-07-21T16:26:04+00:00\",\"dateModified\":\"2025-11-25T09:07:08+00:00\",\"description\":\"El juego de alas High Aspect Sroka de foil incluye la nueva HA 950 S de alt\u00edsimo rendimiento y su estabilizador de 240\u00b0.\",\"breadcrumb\":{\"@id\":\"https:\\\/\\\/srokacompany.com\\\/es\\\/produit\\\/ha-950-speed-stab-240-juego-de-alas\\\/#breadcrumb\"},\"inLanguage\":\"es\",\"potentialAction\":[{\"@type\":\"ReadAction\",\"target\":[\"https:\\\/\\\/srokacompany.com\\\/es\\\/produit\\\/ha-950-speed-stab-240-juego-de-alas\\\/\"]}]},{\"@type\":\"ImageObject\",\"inLanguage\":\"es\",\"@id\":\"https:\\\/\\\/srokacompany.com\\\/es\\\/produit\\\/ha-950-speed-stab-240-juego-de-alas\\\/#primaryimage\",\"url\":\"https:\\\/\\\/srokacompany.com\\\/wp-content\\\/uploads\\\/2022\\\/07\\\/950-HA.jpg\",\"contentUrl\":\"https:\\\/\\\/srokacompany.com\\\/wp-content\\\/uploads\\\/2022\\\/07\\\/950-HA.jpg\",\"width\":1200,\"height\":912},{\"@type\":\"BreadcrumbList\",\"@id\":\"https:\\\/\\\/srokacompany.com\\\/es\\\/produit\\\/ha-950-speed-stab-240-juego-de-alas\\\/#breadcrumb\",\"itemListElement\":[{\"@type\":\"ListItem\",\"position\":1,\"name\":\"Accueil\",\"item\":\"https:\\\/\\\/srokacompany.com\\\/es\\\/\"},{\"@type\":\"ListItem\",\"position\":2,\"name\":\"Tienda\",\"item\":\"https:\\\/\\\/srokacompany.com\\\/tienda\\\/\"},{\"@type\":\"ListItem\",\"position\":3,\"name\":\"HA 950 Speed + stab 240 juego de alas\"}]},{\"@type\":\"WebSite\",\"@id\":\"https:\\\/\\\/srokacompany.com\\\/es\\\/#website\",\"url\":\"https:\\\/\\\/srokacompany.com\\\/es\\\/\",\"name\":\"SROKA Company\",\"description\":\"SUP, Kite, Foil, Wing\",\"publisher\":{\"@id\":\"https:\\\/\\\/srokacompany.com\\\/es\\\/#organization\"},\"potentialAction\":[{\"@type\":\"SearchAction\",\"target\":{\"@type\":\"EntryPoint\",\"urlTemplate\":\"https:\\\/\\\/srokacompany.com\\\/es\\\/?s={search_term_string}\"},\"query-input\":{\"@type\":\"PropertyValueSpecification\",\"valueRequired\":true,\"valueName\":\"search_term_string\"}}],\"inLanguage\":\"es\"},{\"@type\":\"Organization\",\"@id\":\"https:\\\/\\\/srokacompany.com\\\/es\\\/#organization\",\"name\":\"SROKACOMPANY\",\"alternateName\":\"SROKA\",\"url\":\"https:\\\/\\\/srokacompany.com\\\/es\\\/\",\"logo\":{\"@type\":\"ImageObject\",\"inLanguage\":\"es\",\"@id\":\"https:\\\/\\\/srokacompany.com\\\/es\\\/#\\\/schema\\\/logo\\\/image\\\/\",\"url\":\"https:\\\/\\\/srokacompany.com\\\/wp-content\\\/uploads\\\/2021\\\/01\\\/logo-sroka-black-transpa.png\",\"contentUrl\":\"https:\\\/\\\/srokacompany.com\\\/wp-content\\\/uploads\\\/2021\\\/01\\\/logo-sroka-black-transpa.png\",\"width\":1201,\"height\":342,\"caption\":\"SROKACOMPANY\"},\"image\":{\"@id\":\"https:\\\/\\\/srokacompany.com\\\/es\\\/#\\\/schema\\\/logo\\\/image\\\/\"},\"sameAs\":[\"https:\\\/\\\/www.facebook.com\\\/srokawatersports\\\/\",\"https:\\\/\\\/www.instagram.com\\\/srokawatersports\\\/\",\"https:\\\/\\\/www.youtube.com\\\/channel\\\/UCVLHHeaPIm-J5bdEUgxqtZA\"]}]}<\/script>\n<!-- \/ Yoast SEO plugin. -->","yoast_head_json":{"title":"HA 950 Speed + stab 240 juego de alas - SROKA Company","description":"El juego de alas High Aspect Sroka de foil incluye la nueva HA 950 S de alt\u00edsimo rendimiento y su estabilizador de 240\u00b0.","robots":{"index":"index","follow":"follow","max-snippet":"max-snippet:-1","max-image-preview":"max-image-preview:large","max-video-preview":"max-video-preview:-1"},"canonical":"https:\/\/srokacompany.com\/es\/produit\/ha-950-speed-stab-240-juego-de-alas\/","og_locale":"es_ES","og_type":"article","og_title":"HA 950 Speed + stab 240 juego de alas - SROKA Company","og_description":"El juego de alas High Aspect Sroka de foil incluye la nueva HA 950 S de alt\u00edsimo rendimiento y su estabilizador de 240\u00b0.","og_url":"https:\/\/srokacompany.com\/es\/produit\/ha-950-speed-stab-240-juego-de-alas\/","og_site_name":"SROKA Company","article_publisher":"https:\/\/www.facebook.com\/srokawatersports\/","article_modified_time":"2025-11-25T09:07:08+00:00","og_image":[{"width":1200,"height":912,"url":"https:\/\/srokacompany.com\/wp-content\/uploads\/2022\/07\/950-HA.jpg","type":"image\/jpeg"}],"twitter_misc":{"Tiempo de lectura":"1 minuto"},"schema":{"@context":"https:\/\/schema.org","@graph":[{"@type":"WebPage","@id":"https:\/\/srokacompany.com\/es\/produit\/ha-950-speed-stab-240-juego-de-alas\/","url":"https:\/\/srokacompany.com\/es\/produit\/ha-950-speed-stab-240-juego-de-alas\/","name":"HA 950 Speed + stab 240 juego de alas - SROKA Company","isPartOf":{"@id":"https:\/\/srokacompany.com\/es\/#website"},"primaryImageOfPage":{"@id":"https:\/\/srokacompany.com\/es\/produit\/ha-950-speed-stab-240-juego-de-alas\/#primaryimage"},"image":{"@id":"https:\/\/srokacompany.com\/es\/produit\/ha-950-speed-stab-240-juego-de-alas\/#primaryimage"},"thumbnailUrl":"https:\/\/srokacompany.com\/wp-content\/uploads\/2022\/07\/950-HA.jpg","datePublished":"2022-07-21T16:26:04+00:00","dateModified":"2025-11-25T09:07:08+00:00","description":"El juego de alas High Aspect Sroka de foil incluye la nueva HA 950 S de alt\u00edsimo rendimiento y su estabilizador de 240\u00b0.","breadcrumb":{"@id":"https:\/\/srokacompany.com\/es\/produit\/ha-950-speed-stab-240-juego-de-alas\/#breadcrumb"},"inLanguage":"es","potentialAction":[{"@type":"ReadAction","target":["https:\/\/srokacompany.com\/es\/produit\/ha-950-speed-stab-240-juego-de-alas\/"]}]},{"@type":"ImageObject","inLanguage":"es","@id":"https:\/\/srokacompany.com\/es\/produit\/ha-950-speed-stab-240-juego-de-alas\/#primaryimage","url":"https:\/\/srokacompany.com\/wp-content\/uploads\/2022\/07\/950-HA.jpg","contentUrl":"https:\/\/srokacompany.com\/wp-content\/uploads\/2022\/07\/950-HA.jpg","width":1200,"height":912},{"@type":"BreadcrumbList","@id":"https:\/\/srokacompany.com\/es\/produit\/ha-950-speed-stab-240-juego-de-alas\/#breadcrumb","itemListElement":[{"@type":"ListItem","position":1,"name":"Accueil","item":"https:\/\/srokacompany.com\/es\/"},{"@type":"ListItem","position":2,"name":"Tienda","item":"https:\/\/srokacompany.com\/tienda\/"},{"@type":"ListItem","position":3,"name":"HA 950 Speed + stab 240 juego de alas"}]},{"@type":"WebSite","@id":"https:\/\/srokacompany.com\/es\/#website","url":"https:\/\/srokacompany.com\/es\/","name":"SROKA Company","description":"SUP, Kite, Foil, Wing","publisher":{"@id":"https:\/\/srokacompany.com\/es\/#organization"},"potentialAction":[{"@type":"SearchAction","target":{"@type":"EntryPoint","urlTemplate":"https:\/\/srokacompany.com\/es\/?s={search_term_string}"},"query-input":{"@type":"PropertyValueSpecification","valueRequired":true,"valueName":"search_term_string"}}],"inLanguage":"es"},{"@type":"Organization","@id":"https:\/\/srokacompany.com\/es\/#organization","name":"SROKACOMPANY","alternateName":"SROKA","url":"https:\/\/srokacompany.com\/es\/","logo":{"@type":"ImageObject","inLanguage":"es","@id":"https:\/\/srokacompany.com\/es\/#\/schema\/logo\/image\/","url":"https:\/\/srokacompany.com\/wp-content\/uploads\/2021\/01\/logo-sroka-black-transpa.png","contentUrl":"https:\/\/srokacompany.com\/wp-content\/uploads\/2021\/01\/logo-sroka-black-transpa.png","width":1201,"height":342,"caption":"SROKACOMPANY"},"image":{"@id":"https:\/\/srokacompany.com\/es\/#\/schema\/logo\/image\/"},"sameAs":["https:\/\/www.facebook.com\/srokawatersports\/","https:\/\/www.instagram.com\/srokawatersports\/","https:\/\/www.youtube.com\/channel\/UCVLHHeaPIm-J5bdEUgxqtZA"]}]}},"uagb_featured_image_src":{"full":["https:\/\/srokacompany.com\/wp-content\/uploads\/2022\/07\/950-HA.jpg",1200,912,false],"thumbnail":["https:\/\/srokacompany.com\/wp-content\/uploads\/2022\/07\/950-HA-150x150.jpg",150,150,true],"medium":["https:\/\/srokacompany.com\/wp-content\/uploads\/2022\/07\/950-HA-300x228.jpg",300,228,true],"medium_large":["https:\/\/srokacompany.com\/wp-content\/uploads\/2022\/07\/950-HA-768x584.jpg",768,584,true],"large":["https:\/\/srokacompany.com\/wp-content\/uploads\/2022\/07\/950-HA-1024x778.jpg",1024,778,true],"1536x1536":["https:\/\/srokacompany.com\/wp-content\/uploads\/2022\/07\/950-HA.jpg",1200,912,false],"2048x2048":["https:\/\/srokacompany.com\/wp-content\/uploads\/2022\/07\/950-HA.jpg",1200,912,false],"woocommerce_thumbnail":["https:\/\/srokacompany.com\/wp-content\/uploads\/2022\/07\/950-HA-600x456.jpg",600,456,true],"woocommerce_single":["https:\/\/srokacompany.com\/wp-content\/uploads\/2022\/07\/950-HA-600x456.jpg",600,456,true],"woocommerce_gallery_thumbnail":["https:\/\/srokacompany.com\/wp-content\/uploads\/2022\/07\/950-HA-100x100.jpg",100,100,true],"dgwt-wcas-product-suggestion":["https:\/\/srokacompany.com\/wp-content\/uploads\/2022\/07\/950-HA.jpg",64,49,false]},"uagb_author_info":{"display_name":"Emmanuel DIJOUX","author_link":"https:\/\/srokacompany.com\/es\/blog\/author\/"},"uagb_comment_info":0,"uagb_excerpt":"Set HA 950 Speed + Stab 240 Foil: El combo \"plug and play\" para un rendimiento asequible. Excelente planeo, aceleraci\u00f3n fulgurante y maniobrabilidad para Wingfoil (a partir de 13 nudos) y Freestyle con vientos flojos o simplemente en navegaci\u00f3n libre. Tu catalizador de emociones.","jetpack_sharing_enabled":true,"_links":{"self":[{"href":"https:\/\/srokacompany.com\/es\/wp-json\/wp\/v2\/product\/345624","targetHints":{"allow":["GET"]}}],"collection":[{"href":"https:\/\/srokacompany.com\/es\/wp-json\/wp\/v2\/product"}],"about":[{"href":"https:\/\/srokacompany.com\/es\/wp-json\/wp\/v2\/types\/product"}],"wp:featuredmedia":[{"embeddable":true,"href":"https:\/\/srokacompany.com\/es\/wp-json\/wp\/v2\/media\/345626"}],"wp:attachment":[{"href":"https:\/\/srokacompany.com\/es\/wp-json\/wp\/v2\/media?parent=345624"}],"wp:term":[{"taxonomy":"product_brand","embeddable":true,"href":"https:\/\/srokacompany.com\/es\/wp-json\/wp\/v2\/product_brand?post=345624"},{"taxonomy":"product_cat","embeddable":true,"href":"https:\/\/srokacompany.com\/es\/wp-json\/wp\/v2\/product_cat?post=345624"},{"taxonomy":"product_tag","embeddable":true,"href":"https:\/\/srokacompany.com\/es\/wp-json\/wp\/v2\/product_tag?post=345624"}],"curies":[{"name":"wp","href":"https:\/\/api.w.org\/{rel}","templated":true}]}}