{"id":345665,"date":"2023-02-17T09:28:28","date_gmt":"2023-02-17T07:28:28","guid":{"rendered":"https:\/\/srokacompany.com\/produit\/wake-pack-foil-pocket-2023-s-foil\/"},"modified":"2025-06-26T18:01:37","modified_gmt":"2025-06-26T16:01:37","slug":"wake-pack-foil-pocket-2023-s-foil","status":"publish","type":"product","link":"https:\/\/srokacompany.com\/es\/produit\/wake-pack-foil-pocket-2023-s-foil\/","title":{"rendered":"Wake Pack Foil: Pocket 2023 + S-foil"},"content":{"rendered":"<hr>\n<h3><em>\u00abEl mejor combo para destacar en wake-foil\u00bb  <\/em><\/h3>\n<p>El pack incluye la tabla <strong>Pocket 2023<\/strong>, dise\u00f1ada para ofrecer una <strong>agilidad<\/strong> sin igual, y una S-Foil 1190 Lift o 1350 Lift. Si buscas la foil ideal para wake-foil, a la vez que ofrece <strong>un rendimiento excepcional en otras disciplinas<\/strong> como wing-foil o surf-foil, este pack es para ti. <\/p>\n<p><strong>Pocket 2023<\/strong>: Su construcci\u00f3n ultrarr\u00edgida y su tama\u00f1o compacto hacen que se sienta como uno m\u00e1s en foil, lo que le confiere una capacidad de respuesta excepcional. \u00a1Todo reacciona exactamente como se esperaba y es emocionante!<\/p>\n<p><strong>S-Foil 1190 y 1350 Lift<\/strong>: Estas alas de gran alargamiento le permitir\u00e1n planear sin l\u00edmites sobre cualquier ola de barco. Elija el <strong>1350<\/strong> Lift para los riders <strong>m\u00e1s altos<\/strong> (+85 kg) y para montar la 2\u00aa a la 4\u00aa ola del barco y el 1190 Lift para los riders m\u00e1s ligeros o para estar lo m\u00e1s cerca posible del barco en las olas m\u00e1s profundas. No recomendamos usar el 1190 Speed para wake surfing foil ya que es demasiado r\u00e1pido.<\/p>\n","protected":false},"excerpt":{"rendered":"<p>El pack incluye :<\/p>\n<ul>\n<li>una bomba de inflado<\/li>\n<li>una paleta de 3 partes desmontable y ajustable<\/li>\n<li>a leash<\/li>\n<li>1 aleta deslizante<\/li>\n<li>una bolsa de transporte ajustable<\/li>\n<li>un peque\u00f1o kit de reparaci\u00f3n y mantenimiento<\/li>\n<\/ul>\n","protected":false},"featured_media":345666,"template":"","meta":{"_acf_changed":false,"_uag_custom_page_level_css":""},"product_brand":[],"product_cat":[3483],"product_tag":[],"class_list":{"0":"post-345665","1":"product","2":"type-product","3":"status-publish","4":"has-post-thumbnail","6":"product_cat-gama-downwind-uha","8":"first","9":"instock","10":"taxable","11":"shipping-taxable","12":"purchasable","13":"product-type-woosb"},"acf":[],"yoast_head":"<!-- This site is optimized with the Yoast SEO plugin v27.4 - https:\/\/yoast.com\/product\/yoast-seo-wordpress\/ -->\n<title>Wake Pack Foil: Pocket 2023 + S-foil - SROKA Company<\/title>\n<meta name=\"description\" content=\"Desc\u00fabralo wake foil f\u00e1cilmente con este pack completo. Tabla compacta y ligera, vers\u00e1til y de alto rendimiento foil y pr\u00e1ctica bolsa de transporte.\" \/>\n<meta name=\"robots\" content=\"index, follow, max-snippet:-1, max-image-preview:large, max-video-preview:-1\" \/>\n<link rel=\"canonical\" href=\"https:\/\/srokacompany.com\/es\/produit\/wake-pack-foil-pocket-2023-s-foil\/\" \/>\n<meta property=\"og:locale\" content=\"es_ES\" \/>\n<meta property=\"og:type\" content=\"article\" \/>\n<meta property=\"og:title\" content=\"Wake Pack Foil: Pocket 2023 + S-foil - SROKA Company\" \/>\n<meta property=\"og:description\" content=\"Desc\u00fabralo wake foil f\u00e1cilmente con este pack completo. Tabla compacta y ligera, vers\u00e1til y de alto rendimiento foil y pr\u00e1ctica bolsa de transporte.\" \/>\n<meta property=\"og:url\" content=\"https:\/\/srokacompany.com\/es\/produit\/wake-pack-foil-pocket-2023-s-foil\/\" \/>\n<meta property=\"og:site_name\" content=\"SROKA Company\" \/>\n<meta property=\"article:publisher\" content=\"https:\/\/www.facebook.com\/srokawatersports\/\" \/>\n<meta property=\"article:modified_time\" content=\"2025-06-26T16:01:37+00:00\" \/>\n<meta property=\"og:image\" content=\"https:\/\/srokacompany.com\/wp-content\/uploads\/2023\/02\/Pack-wake-foil.png\" \/>\n\t<meta property=\"og:image:width\" content=\"740\" \/>\n\t<meta property=\"og:image:height\" content=\"1080\" \/>\n\t<meta property=\"og:image:type\" content=\"image\/png\" \/>\n<meta name=\"twitter:label1\" content=\"Tiempo de lectura\" \/>\n\t<meta name=\"twitter:data1\" content=\"1 minuto\" \/>\n<script type=\"application\/ld+json\" class=\"yoast-schema-graph\">{\"@context\":\"https:\\\/\\\/schema.org\",\"@graph\":[{\"@type\":\"WebPage\",\"@id\":\"https:\\\/\\\/srokacompany.com\\\/es\\\/produit\\\/wake-pack-foil-pocket-2023-s-foil\\\/\",\"url\":\"https:\\\/\\\/srokacompany.com\\\/es\\\/produit\\\/wake-pack-foil-pocket-2023-s-foil\\\/\",\"name\":\"Wake Pack Foil: Pocket 2023 + S-foil - SROKA Company\",\"isPartOf\":{\"@id\":\"https:\\\/\\\/srokacompany.com\\\/es\\\/#website\"},\"primaryImageOfPage\":{\"@id\":\"https:\\\/\\\/srokacompany.com\\\/es\\\/produit\\\/wake-pack-foil-pocket-2023-s-foil\\\/#primaryimage\"},\"image\":{\"@id\":\"https:\\\/\\\/srokacompany.com\\\/es\\\/produit\\\/wake-pack-foil-pocket-2023-s-foil\\\/#primaryimage\"},\"thumbnailUrl\":\"https:\\\/\\\/srokacompany.com\\\/wp-content\\\/uploads\\\/2023\\\/02\\\/Pack-wake-foil.png\",\"datePublished\":\"2023-02-17T07:28:28+00:00\",\"dateModified\":\"2025-06-26T16:01:37+00:00\",\"description\":\"Desc\u00fabralo wake foil f\u00e1cilmente con este pack completo. Tabla compacta y ligera, vers\u00e1til y de alto rendimiento foil y pr\u00e1ctica bolsa de transporte.\",\"breadcrumb\":{\"@id\":\"https:\\\/\\\/srokacompany.com\\\/es\\\/produit\\\/wake-pack-foil-pocket-2023-s-foil\\\/#breadcrumb\"},\"inLanguage\":\"es\",\"potentialAction\":[{\"@type\":\"ReadAction\",\"target\":[\"https:\\\/\\\/srokacompany.com\\\/es\\\/produit\\\/wake-pack-foil-pocket-2023-s-foil\\\/\"]}]},{\"@type\":\"ImageObject\",\"inLanguage\":\"es\",\"@id\":\"https:\\\/\\\/srokacompany.com\\\/es\\\/produit\\\/wake-pack-foil-pocket-2023-s-foil\\\/#primaryimage\",\"url\":\"https:\\\/\\\/srokacompany.com\\\/wp-content\\\/uploads\\\/2023\\\/02\\\/Pack-wake-foil.png\",\"contentUrl\":\"https:\\\/\\\/srokacompany.com\\\/wp-content\\\/uploads\\\/2023\\\/02\\\/Pack-wake-foil.png\",\"width\":740,\"height\":1080},{\"@type\":\"BreadcrumbList\",\"@id\":\"https:\\\/\\\/srokacompany.com\\\/es\\\/produit\\\/wake-pack-foil-pocket-2023-s-foil\\\/#breadcrumb\",\"itemListElement\":[{\"@type\":\"ListItem\",\"position\":1,\"name\":\"Accueil\",\"item\":\"https:\\\/\\\/srokacompany.com\\\/es\\\/\"},{\"@type\":\"ListItem\",\"position\":2,\"name\":\"Tienda\",\"item\":\"https:\\\/\\\/srokacompany.com\\\/tienda\\\/\"},{\"@type\":\"ListItem\",\"position\":3,\"name\":\"Wake Pack Foil: Pocket 2023 + S-foil\"}]},{\"@type\":\"WebSite\",\"@id\":\"https:\\\/\\\/srokacompany.com\\\/es\\\/#website\",\"url\":\"https:\\\/\\\/srokacompany.com\\\/es\\\/\",\"name\":\"SROKA Company\",\"description\":\"SUP, Kite, Foil, Wing\",\"publisher\":{\"@id\":\"https:\\\/\\\/srokacompany.com\\\/es\\\/#organization\"},\"potentialAction\":[{\"@type\":\"SearchAction\",\"target\":{\"@type\":\"EntryPoint\",\"urlTemplate\":\"https:\\\/\\\/srokacompany.com\\\/es\\\/?s={search_term_string}\"},\"query-input\":{\"@type\":\"PropertyValueSpecification\",\"valueRequired\":true,\"valueName\":\"search_term_string\"}}],\"inLanguage\":\"es\"},{\"@type\":\"Organization\",\"@id\":\"https:\\\/\\\/srokacompany.com\\\/es\\\/#organization\",\"name\":\"SROKACOMPANY\",\"alternateName\":\"SROKA\",\"url\":\"https:\\\/\\\/srokacompany.com\\\/es\\\/\",\"logo\":{\"@type\":\"ImageObject\",\"inLanguage\":\"es\",\"@id\":\"https:\\\/\\\/srokacompany.com\\\/es\\\/#\\\/schema\\\/logo\\\/image\\\/\",\"url\":\"https:\\\/\\\/srokacompany.com\\\/wp-content\\\/uploads\\\/2021\\\/01\\\/logo-sroka-black-transpa.png\",\"contentUrl\":\"https:\\\/\\\/srokacompany.com\\\/wp-content\\\/uploads\\\/2021\\\/01\\\/logo-sroka-black-transpa.png\",\"width\":1201,\"height\":342,\"caption\":\"SROKACOMPANY\"},\"image\":{\"@id\":\"https:\\\/\\\/srokacompany.com\\\/es\\\/#\\\/schema\\\/logo\\\/image\\\/\"},\"sameAs\":[\"https:\\\/\\\/www.facebook.com\\\/srokawatersports\\\/\",\"https:\\\/\\\/www.instagram.com\\\/srokawatersports\\\/\",\"https:\\\/\\\/www.youtube.com\\\/channel\\\/UCVLHHeaPIm-J5bdEUgxqtZA\"]}]}<\/script>\n<!-- \/ Yoast SEO plugin. -->","yoast_head_json":{"title":"Wake Pack Foil: Pocket 2023 + S-foil - SROKA Company","description":"Desc\u00fabralo wake foil f\u00e1cilmente con este pack completo. Tabla compacta y ligera, vers\u00e1til y de alto rendimiento foil y pr\u00e1ctica bolsa de transporte.","robots":{"index":"index","follow":"follow","max-snippet":"max-snippet:-1","max-image-preview":"max-image-preview:large","max-video-preview":"max-video-preview:-1"},"canonical":"https:\/\/srokacompany.com\/es\/produit\/wake-pack-foil-pocket-2023-s-foil\/","og_locale":"es_ES","og_type":"article","og_title":"Wake Pack Foil: Pocket 2023 + S-foil - SROKA Company","og_description":"Desc\u00fabralo wake foil f\u00e1cilmente con este pack completo. Tabla compacta y ligera, vers\u00e1til y de alto rendimiento foil y pr\u00e1ctica bolsa de transporte.","og_url":"https:\/\/srokacompany.com\/es\/produit\/wake-pack-foil-pocket-2023-s-foil\/","og_site_name":"SROKA Company","article_publisher":"https:\/\/www.facebook.com\/srokawatersports\/","article_modified_time":"2025-06-26T16:01:37+00:00","og_image":[{"width":740,"height":1080,"url":"https:\/\/srokacompany.com\/wp-content\/uploads\/2023\/02\/Pack-wake-foil.png","type":"image\/png"}],"twitter_misc":{"Tiempo de lectura":"1 minuto"},"schema":{"@context":"https:\/\/schema.org","@graph":[{"@type":"WebPage","@id":"https:\/\/srokacompany.com\/es\/produit\/wake-pack-foil-pocket-2023-s-foil\/","url":"https:\/\/srokacompany.com\/es\/produit\/wake-pack-foil-pocket-2023-s-foil\/","name":"Wake Pack Foil: Pocket 2023 + S-foil - SROKA Company","isPartOf":{"@id":"https:\/\/srokacompany.com\/es\/#website"},"primaryImageOfPage":{"@id":"https:\/\/srokacompany.com\/es\/produit\/wake-pack-foil-pocket-2023-s-foil\/#primaryimage"},"image":{"@id":"https:\/\/srokacompany.com\/es\/produit\/wake-pack-foil-pocket-2023-s-foil\/#primaryimage"},"thumbnailUrl":"https:\/\/srokacompany.com\/wp-content\/uploads\/2023\/02\/Pack-wake-foil.png","datePublished":"2023-02-17T07:28:28+00:00","dateModified":"2025-06-26T16:01:37+00:00","description":"Desc\u00fabralo wake foil f\u00e1cilmente con este pack completo. Tabla compacta y ligera, vers\u00e1til y de alto rendimiento foil y pr\u00e1ctica bolsa de transporte.","breadcrumb":{"@id":"https:\/\/srokacompany.com\/es\/produit\/wake-pack-foil-pocket-2023-s-foil\/#breadcrumb"},"inLanguage":"es","potentialAction":[{"@type":"ReadAction","target":["https:\/\/srokacompany.com\/es\/produit\/wake-pack-foil-pocket-2023-s-foil\/"]}]},{"@type":"ImageObject","inLanguage":"es","@id":"https:\/\/srokacompany.com\/es\/produit\/wake-pack-foil-pocket-2023-s-foil\/#primaryimage","url":"https:\/\/srokacompany.com\/wp-content\/uploads\/2023\/02\/Pack-wake-foil.png","contentUrl":"https:\/\/srokacompany.com\/wp-content\/uploads\/2023\/02\/Pack-wake-foil.png","width":740,"height":1080},{"@type":"BreadcrumbList","@id":"https:\/\/srokacompany.com\/es\/produit\/wake-pack-foil-pocket-2023-s-foil\/#breadcrumb","itemListElement":[{"@type":"ListItem","position":1,"name":"Accueil","item":"https:\/\/srokacompany.com\/es\/"},{"@type":"ListItem","position":2,"name":"Tienda","item":"https:\/\/srokacompany.com\/tienda\/"},{"@type":"ListItem","position":3,"name":"Wake Pack Foil: Pocket 2023 + S-foil"}]},{"@type":"WebSite","@id":"https:\/\/srokacompany.com\/es\/#website","url":"https:\/\/srokacompany.com\/es\/","name":"SROKA Company","description":"SUP, Kite, Foil, Wing","publisher":{"@id":"https:\/\/srokacompany.com\/es\/#organization"},"potentialAction":[{"@type":"SearchAction","target":{"@type":"EntryPoint","urlTemplate":"https:\/\/srokacompany.com\/es\/?s={search_term_string}"},"query-input":{"@type":"PropertyValueSpecification","valueRequired":true,"valueName":"search_term_string"}}],"inLanguage":"es"},{"@type":"Organization","@id":"https:\/\/srokacompany.com\/es\/#organization","name":"SROKACOMPANY","alternateName":"SROKA","url":"https:\/\/srokacompany.com\/es\/","logo":{"@type":"ImageObject","inLanguage":"es","@id":"https:\/\/srokacompany.com\/es\/#\/schema\/logo\/image\/","url":"https:\/\/srokacompany.com\/wp-content\/uploads\/2021\/01\/logo-sroka-black-transpa.png","contentUrl":"https:\/\/srokacompany.com\/wp-content\/uploads\/2021\/01\/logo-sroka-black-transpa.png","width":1201,"height":342,"caption":"SROKACOMPANY"},"image":{"@id":"https:\/\/srokacompany.com\/es\/#\/schema\/logo\/image\/"},"sameAs":["https:\/\/www.facebook.com\/srokawatersports\/","https:\/\/www.instagram.com\/srokawatersports\/","https:\/\/www.youtube.com\/channel\/UCVLHHeaPIm-J5bdEUgxqtZA"]}]}},"uagb_featured_image_src":{"full":["https:\/\/srokacompany.com\/wp-content\/uploads\/2023\/02\/Pack-wake-foil.png",740,1080,false],"thumbnail":["https:\/\/srokacompany.com\/wp-content\/uploads\/2023\/02\/Pack-wake-foil-150x150.png",150,150,true],"medium":["https:\/\/srokacompany.com\/wp-content\/uploads\/2023\/02\/Pack-wake-foil-206x300.png",206,300,true],"medium_large":["https:\/\/srokacompany.com\/wp-content\/uploads\/2023\/02\/Pack-wake-foil.png",740,1080,false],"large":["https:\/\/srokacompany.com\/wp-content\/uploads\/2023\/02\/Pack-wake-foil-702x1024.png",702,1024,true],"1536x1536":["https:\/\/srokacompany.com\/wp-content\/uploads\/2023\/02\/Pack-wake-foil.png",740,1080,false],"2048x2048":["https:\/\/srokacompany.com\/wp-content\/uploads\/2023\/02\/Pack-wake-foil.png",740,1080,false],"woocommerce_thumbnail":["https:\/\/srokacompany.com\/wp-content\/uploads\/2023\/02\/Pack-wake-foil-600x876.png",600,876,true],"woocommerce_single":["https:\/\/srokacompany.com\/wp-content\/uploads\/2023\/02\/Pack-wake-foil-600x876.png",600,876,true],"woocommerce_gallery_thumbnail":["https:\/\/srokacompany.com\/wp-content\/uploads\/2023\/02\/Pack-wake-foil-100x100.png",100,100,true],"dgwt-wcas-product-suggestion":["https:\/\/srokacompany.com\/wp-content\/uploads\/2023\/02\/Pack-wake-foil.png",64,93,false]},"uagb_author_info":{"display_name":"Emmanuel DIJOUX","author_link":"https:\/\/srokacompany.com\/es\/blog\/author\/"},"uagb_comment_info":0,"uagb_excerpt":"El pack incluye : una bomba de inflado una paleta de 3 partes desmontable y ajustable a leash 1 aleta deslizante una bolsa de transporte ajustable un peque\u00f1o kit de reparaci\u00f3n y mantenimiento","jetpack_sharing_enabled":true,"_links":{"self":[{"href":"https:\/\/srokacompany.com\/es\/wp-json\/wp\/v2\/product\/345665","targetHints":{"allow":["GET"]}}],"collection":[{"href":"https:\/\/srokacompany.com\/es\/wp-json\/wp\/v2\/product"}],"about":[{"href":"https:\/\/srokacompany.com\/es\/wp-json\/wp\/v2\/types\/product"}],"wp:featuredmedia":[{"embeddable":true,"href":"https:\/\/srokacompany.com\/es\/wp-json\/wp\/v2\/media\/345666"}],"wp:attachment":[{"href":"https:\/\/srokacompany.com\/es\/wp-json\/wp\/v2\/media?parent=345665"}],"wp:term":[{"taxonomy":"product_brand","embeddable":true,"href":"https:\/\/srokacompany.com\/es\/wp-json\/wp\/v2\/product_brand?post=345665"},{"taxonomy":"product_cat","embeddable":true,"href":"https:\/\/srokacompany.com\/es\/wp-json\/wp\/v2\/product_cat?post=345665"},{"taxonomy":"product_tag","embeddable":true,"href":"https:\/\/srokacompany.com\/es\/wp-json\/wp\/v2\/product_tag?post=345665"}],"curies":[{"name":"wp","href":"https:\/\/api.w.org\/{rel}","templated":true}]}}