{"id":345692,"date":"2022-08-17T15:10:09","date_gmt":"2022-08-17T15:10:09","guid":{"rendered":"https:\/\/srokacompany.com\/produit\/guardabarros-delantero-s-foil-high-aspect-1350-lift\/"},"modified":"2025-11-25T11:06:25","modified_gmt":"2025-11-25T09:06:25","slug":"guardabarros-delantero-s-foil-high-aspect-1350-lift","status":"publish","type":"product","link":"https:\/\/srokacompany.com\/es\/produit\/guardabarros-delantero-s-foil-high-aspect-1350-lift\/","title":{"rendered":"Guardabarros delantero S-Foil High Aspect 1350 Lift"},"content":{"rendered":"<hr>\n<h2>Aleta delantera 1350 HA L<\/h2>\n<p>La cometa High Aspect 1350 Lift front de foil te permitir\u00e1 deslizarte sin fin a favor del viento y reconectar peque\u00f1os trenes de swell con <strong>una facilidad<\/strong> desconcertante en surf foil, en wake foil o wingfoil en todas las condiciones. Esta cometa te har\u00e1 <strong>redescubrir tus spots de siempre<\/strong>. Podr\u00e1s jugar en <strong>tramos<\/strong> de agua <strong>picada<\/strong> que antes eran inaccesibles.  <\/p>\n<p>Muy f\u00e1cil de despegar, la HA 1350 L <strong>nunca baja una vez que est\u00e1 en el aire<\/strong>. Un simple bombeo, un tren de marejada inconsistente o una peque\u00f1a r\u00e1faga de viento es todo lo que necesitas para <strong>prolongar indefinidamente el placer de planear<\/strong>. Todo se ha hecho para ofrecerte un planeo m\u00e1gico e infinito, con el m\u00ednimo esfuerzo.  <\/p>\n<p>La HA 1350 Lift tambi\u00e9n es <strong>ideal para navegar por lagos<\/strong>, donde vuela magn\u00edficamente por las llanuras durante mucho tiempo. Podr\u00e1s aprovechar la m\u00e1s m\u00ednima brisa u ola para despegar y planear sin esfuerzo. <\/p>\n<p>El aler\u00f3n delantero HA 1350 es <strong>compatible con todos los fuselajes de la gama S-Foil y con todos los estabilizadores. <\/strong>Se suministra completo con tornillos y una cubierta protectora hecha a medida.<\/p>\n<p><a href=\"https:\/\/srokacompany.com\/es\/produit\/s-foil-elevador-high-aspect-1350\/\">Esta ala est\u00e1 disponible con la S-Foil completa por 1049 \u20ac.<\/a><\/p>\n","protected":false},"excerpt":{"rendered":"<p><b>Ala delantera HA 1350 Lift:<\/b> la campeona de <b>los vientos flojos<\/b>. Despegue ultra-r\u00e1pido (incluso sin dominar el bombeo) y <b>planeo infinito<\/b>. Ideal para <b>Wingfoil<\/b> (condiciones de lago o brisa), <b>Surf foil\/SUP<\/b> y <b>tipos grandes<\/b> que quieren maximizar el tiempo de vuelo con el m\u00ednimo esfuerzo.  <\/p>\n","protected":false},"featured_media":345694,"template":"","meta":{"_acf_changed":false,"_uag_custom_page_level_css":""},"product_brand":[],"product_cat":[3446,3425,3643,3470,3444],"product_tag":[3429,3450,3427],"class_list":{"0":"post-345692","1":"product","2":"type-product","3":"status-publish","4":"has-post-thumbnail","6":"product_cat-ailette-surf-foil-es","7":"product_cat-aletas-foil","8":"product_cat-arranque-en-muelle-y-bombeo","9":"product_cat-todas-nuestras-cuchillas-de-alto-aspecto","10":"product_cat-wing-foil-es","11":"product_tag-avanzado","12":"product_tag-experto","13":"product_tag-ingenioso","14":"product_shipping_class-foil-unidad-completa-o-piezas-alas","16":"first","17":"instock","18":"taxable","19":"shipping-taxable","20":"purchasable","21":"product-type-simple"},"acf":[],"yoast_head":"<!-- This site is optimized with the Yoast SEO plugin v27.4 - https:\/\/yoast.com\/product\/yoast-seo-wordpress\/ -->\n<title>Guardabarros delantero S-Foil High Aspect 1350 Lift - SROKA Company<\/title>\n<meta name=\"description\" content=\"El ala delantera Foil 1350 HA L con un RAtio de 9&#039;8 Aspect ser\u00e1 una bestia en vientos flojos. Ideal para lagos y vientos inconsistentes.\" \/>\n<meta name=\"robots\" content=\"index, follow, max-snippet:-1, max-image-preview:large, max-video-preview:-1\" \/>\n<link rel=\"canonical\" href=\"https:\/\/srokacompany.com\/es\/produit\/guardabarros-delantero-s-foil-high-aspect-1350-lift\/\" \/>\n<meta property=\"og:locale\" content=\"es_ES\" \/>\n<meta property=\"og:type\" content=\"article\" \/>\n<meta property=\"og:title\" content=\"Guardabarros delantero S-Foil High Aspect 1350 Lift - SROKA Company\" \/>\n<meta property=\"og:description\" content=\"El ala delantera Foil 1350 HA L con un RAtio de 9&#039;8 Aspect ser\u00e1 una bestia en vientos flojos. Ideal para lagos y vientos inconsistentes.\" \/>\n<meta property=\"og:url\" content=\"https:\/\/srokacompany.com\/es\/produit\/guardabarros-delantero-s-foil-high-aspect-1350-lift\/\" \/>\n<meta property=\"og:site_name\" content=\"SROKA Company\" \/>\n<meta property=\"article:publisher\" content=\"https:\/\/www.facebook.com\/srokawatersports\/\" \/>\n<meta property=\"article:modified_time\" content=\"2025-11-25T09:06:25+00:00\" \/>\n<meta property=\"og:image\" content=\"https:\/\/srokacompany.com\/wp-content\/uploads\/2022\/08\/Photo-produit-planche-foils-et-packs-8.png\" \/>\n\t<meta property=\"og:image:width\" content=\"740\" \/>\n\t<meta property=\"og:image:height\" content=\"1080\" \/>\n\t<meta property=\"og:image:type\" content=\"image\/png\" \/>\n<meta name=\"twitter:label1\" content=\"Tiempo de lectura\" \/>\n\t<meta name=\"twitter:data1\" content=\"1 minuto\" \/>\n<script type=\"application\/ld+json\" class=\"yoast-schema-graph\">{\"@context\":\"https:\\\/\\\/schema.org\",\"@graph\":[{\"@type\":\"WebPage\",\"@id\":\"https:\\\/\\\/srokacompany.com\\\/es\\\/produit\\\/guardabarros-delantero-s-foil-high-aspect-1350-lift\\\/\",\"url\":\"https:\\\/\\\/srokacompany.com\\\/es\\\/produit\\\/guardabarros-delantero-s-foil-high-aspect-1350-lift\\\/\",\"name\":\"Guardabarros delantero S-Foil High Aspect 1350 Lift - SROKA Company\",\"isPartOf\":{\"@id\":\"https:\\\/\\\/srokacompany.com\\\/es\\\/#website\"},\"primaryImageOfPage\":{\"@id\":\"https:\\\/\\\/srokacompany.com\\\/es\\\/produit\\\/guardabarros-delantero-s-foil-high-aspect-1350-lift\\\/#primaryimage\"},\"image\":{\"@id\":\"https:\\\/\\\/srokacompany.com\\\/es\\\/produit\\\/guardabarros-delantero-s-foil-high-aspect-1350-lift\\\/#primaryimage\"},\"thumbnailUrl\":\"https:\\\/\\\/srokacompany.com\\\/wp-content\\\/uploads\\\/2022\\\/08\\\/Photo-produit-planche-foils-et-packs-8.png\",\"datePublished\":\"2022-08-17T15:10:09+00:00\",\"dateModified\":\"2025-11-25T09:06:25+00:00\",\"description\":\"El ala delantera Foil 1350 HA L con un RAtio de 9'8 Aspect ser\u00e1 una bestia en vientos flojos. Ideal para lagos y vientos inconsistentes.\",\"breadcrumb\":{\"@id\":\"https:\\\/\\\/srokacompany.com\\\/es\\\/produit\\\/guardabarros-delantero-s-foil-high-aspect-1350-lift\\\/#breadcrumb\"},\"inLanguage\":\"es\",\"potentialAction\":[{\"@type\":\"ReadAction\",\"target\":[\"https:\\\/\\\/srokacompany.com\\\/es\\\/produit\\\/guardabarros-delantero-s-foil-high-aspect-1350-lift\\\/\"]}]},{\"@type\":\"ImageObject\",\"inLanguage\":\"es\",\"@id\":\"https:\\\/\\\/srokacompany.com\\\/es\\\/produit\\\/guardabarros-delantero-s-foil-high-aspect-1350-lift\\\/#primaryimage\",\"url\":\"https:\\\/\\\/srokacompany.com\\\/wp-content\\\/uploads\\\/2022\\\/08\\\/Photo-produit-planche-foils-et-packs-8.png\",\"contentUrl\":\"https:\\\/\\\/srokacompany.com\\\/wp-content\\\/uploads\\\/2022\\\/08\\\/Photo-produit-planche-foils-et-packs-8.png\",\"width\":740,\"height\":1080},{\"@type\":\"BreadcrumbList\",\"@id\":\"https:\\\/\\\/srokacompany.com\\\/es\\\/produit\\\/guardabarros-delantero-s-foil-high-aspect-1350-lift\\\/#breadcrumb\",\"itemListElement\":[{\"@type\":\"ListItem\",\"position\":1,\"name\":\"Accueil\",\"item\":\"https:\\\/\\\/srokacompany.com\\\/es\\\/\"},{\"@type\":\"ListItem\",\"position\":2,\"name\":\"Tienda\",\"item\":\"https:\\\/\\\/srokacompany.com\\\/tienda\\\/\"},{\"@type\":\"ListItem\",\"position\":3,\"name\":\"Guardabarros delantero S-Foil High Aspect 1350 Lift\"}]},{\"@type\":\"WebSite\",\"@id\":\"https:\\\/\\\/srokacompany.com\\\/es\\\/#website\",\"url\":\"https:\\\/\\\/srokacompany.com\\\/es\\\/\",\"name\":\"SROKA Company\",\"description\":\"SUP, Kite, Foil, Wing\",\"publisher\":{\"@id\":\"https:\\\/\\\/srokacompany.com\\\/es\\\/#organization\"},\"potentialAction\":[{\"@type\":\"SearchAction\",\"target\":{\"@type\":\"EntryPoint\",\"urlTemplate\":\"https:\\\/\\\/srokacompany.com\\\/es\\\/?s={search_term_string}\"},\"query-input\":{\"@type\":\"PropertyValueSpecification\",\"valueRequired\":true,\"valueName\":\"search_term_string\"}}],\"inLanguage\":\"es\"},{\"@type\":\"Organization\",\"@id\":\"https:\\\/\\\/srokacompany.com\\\/es\\\/#organization\",\"name\":\"SROKACOMPANY\",\"alternateName\":\"SROKA\",\"url\":\"https:\\\/\\\/srokacompany.com\\\/es\\\/\",\"logo\":{\"@type\":\"ImageObject\",\"inLanguage\":\"es\",\"@id\":\"https:\\\/\\\/srokacompany.com\\\/es\\\/#\\\/schema\\\/logo\\\/image\\\/\",\"url\":\"https:\\\/\\\/srokacompany.com\\\/wp-content\\\/uploads\\\/2021\\\/01\\\/logo-sroka-black-transpa.png\",\"contentUrl\":\"https:\\\/\\\/srokacompany.com\\\/wp-content\\\/uploads\\\/2021\\\/01\\\/logo-sroka-black-transpa.png\",\"width\":1201,\"height\":342,\"caption\":\"SROKACOMPANY\"},\"image\":{\"@id\":\"https:\\\/\\\/srokacompany.com\\\/es\\\/#\\\/schema\\\/logo\\\/image\\\/\"},\"sameAs\":[\"https:\\\/\\\/www.facebook.com\\\/srokawatersports\\\/\",\"https:\\\/\\\/www.instagram.com\\\/srokawatersports\\\/\",\"https:\\\/\\\/www.youtube.com\\\/channel\\\/UCVLHHeaPIm-J5bdEUgxqtZA\"]}]}<\/script>\n<!-- \/ Yoast SEO plugin. -->","yoast_head_json":{"title":"Guardabarros delantero S-Foil High Aspect 1350 Lift - SROKA Company","description":"El ala delantera Foil 1350 HA L con un RAtio de 9'8 Aspect ser\u00e1 una bestia en vientos flojos. Ideal para lagos y vientos inconsistentes.","robots":{"index":"index","follow":"follow","max-snippet":"max-snippet:-1","max-image-preview":"max-image-preview:large","max-video-preview":"max-video-preview:-1"},"canonical":"https:\/\/srokacompany.com\/es\/produit\/guardabarros-delantero-s-foil-high-aspect-1350-lift\/","og_locale":"es_ES","og_type":"article","og_title":"Guardabarros delantero S-Foil High Aspect 1350 Lift - SROKA Company","og_description":"El ala delantera Foil 1350 HA L con un RAtio de 9'8 Aspect ser\u00e1 una bestia en vientos flojos. Ideal para lagos y vientos inconsistentes.","og_url":"https:\/\/srokacompany.com\/es\/produit\/guardabarros-delantero-s-foil-high-aspect-1350-lift\/","og_site_name":"SROKA Company","article_publisher":"https:\/\/www.facebook.com\/srokawatersports\/","article_modified_time":"2025-11-25T09:06:25+00:00","og_image":[{"width":740,"height":1080,"url":"https:\/\/srokacompany.com\/wp-content\/uploads\/2022\/08\/Photo-produit-planche-foils-et-packs-8.png","type":"image\/png"}],"twitter_misc":{"Tiempo de lectura":"1 minuto"},"schema":{"@context":"https:\/\/schema.org","@graph":[{"@type":"WebPage","@id":"https:\/\/srokacompany.com\/es\/produit\/guardabarros-delantero-s-foil-high-aspect-1350-lift\/","url":"https:\/\/srokacompany.com\/es\/produit\/guardabarros-delantero-s-foil-high-aspect-1350-lift\/","name":"Guardabarros delantero S-Foil High Aspect 1350 Lift - SROKA Company","isPartOf":{"@id":"https:\/\/srokacompany.com\/es\/#website"},"primaryImageOfPage":{"@id":"https:\/\/srokacompany.com\/es\/produit\/guardabarros-delantero-s-foil-high-aspect-1350-lift\/#primaryimage"},"image":{"@id":"https:\/\/srokacompany.com\/es\/produit\/guardabarros-delantero-s-foil-high-aspect-1350-lift\/#primaryimage"},"thumbnailUrl":"https:\/\/srokacompany.com\/wp-content\/uploads\/2022\/08\/Photo-produit-planche-foils-et-packs-8.png","datePublished":"2022-08-17T15:10:09+00:00","dateModified":"2025-11-25T09:06:25+00:00","description":"El ala delantera Foil 1350 HA L con un RAtio de 9'8 Aspect ser\u00e1 una bestia en vientos flojos. Ideal para lagos y vientos inconsistentes.","breadcrumb":{"@id":"https:\/\/srokacompany.com\/es\/produit\/guardabarros-delantero-s-foil-high-aspect-1350-lift\/#breadcrumb"},"inLanguage":"es","potentialAction":[{"@type":"ReadAction","target":["https:\/\/srokacompany.com\/es\/produit\/guardabarros-delantero-s-foil-high-aspect-1350-lift\/"]}]},{"@type":"ImageObject","inLanguage":"es","@id":"https:\/\/srokacompany.com\/es\/produit\/guardabarros-delantero-s-foil-high-aspect-1350-lift\/#primaryimage","url":"https:\/\/srokacompany.com\/wp-content\/uploads\/2022\/08\/Photo-produit-planche-foils-et-packs-8.png","contentUrl":"https:\/\/srokacompany.com\/wp-content\/uploads\/2022\/08\/Photo-produit-planche-foils-et-packs-8.png","width":740,"height":1080},{"@type":"BreadcrumbList","@id":"https:\/\/srokacompany.com\/es\/produit\/guardabarros-delantero-s-foil-high-aspect-1350-lift\/#breadcrumb","itemListElement":[{"@type":"ListItem","position":1,"name":"Accueil","item":"https:\/\/srokacompany.com\/es\/"},{"@type":"ListItem","position":2,"name":"Tienda","item":"https:\/\/srokacompany.com\/tienda\/"},{"@type":"ListItem","position":3,"name":"Guardabarros delantero S-Foil High Aspect 1350 Lift"}]},{"@type":"WebSite","@id":"https:\/\/srokacompany.com\/es\/#website","url":"https:\/\/srokacompany.com\/es\/","name":"SROKA Company","description":"SUP, Kite, Foil, Wing","publisher":{"@id":"https:\/\/srokacompany.com\/es\/#organization"},"potentialAction":[{"@type":"SearchAction","target":{"@type":"EntryPoint","urlTemplate":"https:\/\/srokacompany.com\/es\/?s={search_term_string}"},"query-input":{"@type":"PropertyValueSpecification","valueRequired":true,"valueName":"search_term_string"}}],"inLanguage":"es"},{"@type":"Organization","@id":"https:\/\/srokacompany.com\/es\/#organization","name":"SROKACOMPANY","alternateName":"SROKA","url":"https:\/\/srokacompany.com\/es\/","logo":{"@type":"ImageObject","inLanguage":"es","@id":"https:\/\/srokacompany.com\/es\/#\/schema\/logo\/image\/","url":"https:\/\/srokacompany.com\/wp-content\/uploads\/2021\/01\/logo-sroka-black-transpa.png","contentUrl":"https:\/\/srokacompany.com\/wp-content\/uploads\/2021\/01\/logo-sroka-black-transpa.png","width":1201,"height":342,"caption":"SROKACOMPANY"},"image":{"@id":"https:\/\/srokacompany.com\/es\/#\/schema\/logo\/image\/"},"sameAs":["https:\/\/www.facebook.com\/srokawatersports\/","https:\/\/www.instagram.com\/srokawatersports\/","https:\/\/www.youtube.com\/channel\/UCVLHHeaPIm-J5bdEUgxqtZA"]}]}},"uagb_featured_image_src":{"full":["https:\/\/srokacompany.com\/wp-content\/uploads\/2022\/08\/Photo-produit-planche-foils-et-packs-8.png",740,1080,false],"thumbnail":["https:\/\/srokacompany.com\/wp-content\/uploads\/2022\/08\/Photo-produit-planche-foils-et-packs-8-150x150.png",150,150,true],"medium":["https:\/\/srokacompany.com\/wp-content\/uploads\/2022\/08\/Photo-produit-planche-foils-et-packs-8-206x300.png",206,300,true],"medium_large":["https:\/\/srokacompany.com\/wp-content\/uploads\/2022\/08\/Photo-produit-planche-foils-et-packs-8.png",740,1080,false],"large":["https:\/\/srokacompany.com\/wp-content\/uploads\/2022\/08\/Photo-produit-planche-foils-et-packs-8-702x1024.png",702,1024,true],"1536x1536":["https:\/\/srokacompany.com\/wp-content\/uploads\/2022\/08\/Photo-produit-planche-foils-et-packs-8.png",740,1080,false],"2048x2048":["https:\/\/srokacompany.com\/wp-content\/uploads\/2022\/08\/Photo-produit-planche-foils-et-packs-8.png",740,1080,false],"woocommerce_thumbnail":["https:\/\/srokacompany.com\/wp-content\/uploads\/2022\/08\/Photo-produit-planche-foils-et-packs-8-600x876.png",600,876,true],"woocommerce_single":["https:\/\/srokacompany.com\/wp-content\/uploads\/2022\/08\/Photo-produit-planche-foils-et-packs-8-600x876.png",600,876,true],"woocommerce_gallery_thumbnail":["https:\/\/srokacompany.com\/wp-content\/uploads\/2022\/08\/Photo-produit-planche-foils-et-packs-8-100x100.png",100,100,true],"dgwt-wcas-product-suggestion":["https:\/\/srokacompany.com\/wp-content\/uploads\/2022\/08\/Photo-produit-planche-foils-et-packs-8.png",64,93,false]},"uagb_author_info":{"display_name":"Tristan Dumard","author_link":"https:\/\/srokacompany.com\/es\/blog\/author\/"},"uagb_comment_info":0,"uagb_excerpt":"Ala delantera HA 1350 Lift: la campeona de los vientos flojos. Despegue ultra-r\u00e1pido (incluso sin dominar el bombeo) y planeo infinito. Ideal para Wingfoil (condiciones de lago o brisa), Surf foil\/SUP y tipos grandes que quieren maximizar el tiempo de vuelo con el m\u00ednimo esfuerzo.","jetpack_sharing_enabled":true,"_links":{"self":[{"href":"https:\/\/srokacompany.com\/es\/wp-json\/wp\/v2\/product\/345692","targetHints":{"allow":["GET"]}}],"collection":[{"href":"https:\/\/srokacompany.com\/es\/wp-json\/wp\/v2\/product"}],"about":[{"href":"https:\/\/srokacompany.com\/es\/wp-json\/wp\/v2\/types\/product"}],"wp:featuredmedia":[{"embeddable":true,"href":"https:\/\/srokacompany.com\/es\/wp-json\/wp\/v2\/media\/345694"}],"wp:attachment":[{"href":"https:\/\/srokacompany.com\/es\/wp-json\/wp\/v2\/media?parent=345692"}],"wp:term":[{"taxonomy":"product_brand","embeddable":true,"href":"https:\/\/srokacompany.com\/es\/wp-json\/wp\/v2\/product_brand?post=345692"},{"taxonomy":"product_cat","embeddable":true,"href":"https:\/\/srokacompany.com\/es\/wp-json\/wp\/v2\/product_cat?post=345692"},{"taxonomy":"product_tag","embeddable":true,"href":"https:\/\/srokacompany.com\/es\/wp-json\/wp\/v2\/product_tag?post=345692"}],"curies":[{"name":"wp","href":"https:\/\/api.w.org\/{rel}","templated":true}]}}