{"id":345713,"date":"2023-02-24T14:44:04","date_gmt":"2023-02-24T14:44:04","guid":{"rendered":"https:\/\/srokacompany.com\/produit\/s-foil-alto-aspecto-1190-onda\/"},"modified":"2025-11-25T10:37:33","modified_gmt":"2025-11-25T08:37:33","slug":"s-foil-alto-aspecto-1190-onda","status":"publish","type":"product","link":"https:\/\/srokacompany.com\/es\/produit\/s-foil-alto-aspecto-1190-onda\/","title":{"rendered":"S-Foil Alto Aspecto 1190 Onda"},"content":{"rendered":"<hr>\n<div class=\"group w-full text-gray-800 dark:text-gray-100 border-b border-black\/10 dark:border-gray-900\/50 bg-gray-50 dark:bg-[#444654]\">\n<div class=\"flex p-4 gap-4 text-base md:gap-6 md:max-w-2xl lg:max-w-[38rem] xl:max-w-3xl md:py-6 lg:px-0 m-auto\">\n<div class=\"relative flex w-[calc(100%-50px)] flex-col gap-1 md:gap-3 lg:w-[calc(100%-115px)]\">\n<div class=\"flex flex-grow flex-col gap-3\">\n<div class=\"min-h-[20px] flex items-start overflow-x-auto whitespace-pre-wrap break-words flex-col gap-4\">\n<div class=\"markdown prose w-full break-words dark:prose-invert light\">\n<p data-path-to-node=\"3\">Descubre la <b>SROKA Wave 1190 High Aspect Foil<\/b>, la cometa que concilia rendimiento, <b>estabilidad y accesibilidad<\/b> en un formato perfecto para domar las olas y destacar con vientos flojos. Dise\u00f1ada para <b>Wing foil<\/b> y <b>Surf foil<\/b>, esta cometa de 1190 cm\u00b2 encarna el equilibrio ideal entre una gran superficie para un despegue precoz y un ratio alto para un Glide y una maniobrabilidad excepcionales. <\/p>\n<p data-path-to-node=\"4\"><b>Despegue precoz y alto Glide:<\/b> Gracias a su perfil High Aspect, esta vela genera una sustentaci\u00f3n fenomenal a baja velocidad. \u00bfCu\u00e1l es el resultado? Despegas <b>antes<\/b>, incluso en condiciones de viento m\u00ednimo, maximizando tu tiempo de vuelo. Una vez en el aire, la Wave 1190 Foil ofrece <b>un planeo incomparable<\/b>, permiti\u00e9ndote bombear sin esfuerzo para mantener el vuelo entre r\u00e1fagas y <b>descender trenes de marejadilla<\/b> con una fluidez desconcertante.   <\/p>\n<p data-path-to-node=\"5\"><b>Manejabilidad \u00f3ptima en olas:<\/b> A pesar de su generosa superficie, el dise\u00f1o High Aspect (alas m\u00e1s finas y alargadas) garantiza <b>una manejabilidad excelente<\/b>. Este Foil es incre\u00edblemente sensible a la presi\u00f3n y a los cambios de direcci\u00f3n, lo que lo hace <b>ideal para las olas<\/b>. Encadenar\u00e1s giros cerrados y recortes con una precisi\u00f3n que nunca esperar\u00edas de una cometa de este tama\u00f1o.  <\/p>\n<p data-path-to-node=\"6\"><b>Versatilidad SROKA:<\/b> La Wave 1190 Foil es la respuesta para los ciclistas que no quieren elegir entre rendimiento y facilidad de uso.<\/p>\n<ul data-path-to-node=\"7\">\n<li>\n<p data-path-to-node=\"7,0,0\"><b>Wing foil:<\/b> Perfecto para vientos ligeros y medios, ofrece una gran estabilidad para maniobrar y navegar.<\/p>\n<\/li>\n<li>\n<p data-path-to-node=\"7,1,0\"><b>En Surf foil \/ SUP foil:<\/b> Es el maestro del bombeo, te permite coger olas suaves y volver a subir a la cima sin esfuerzo.<\/p>\n<\/li>\n<li>\n<p data-path-to-node=\"7,2,0\"><b>Compatibilidad:<\/b> Combina perfectamente con los m\u00e1stiles y fuselajes SROKA para construir la configuraci\u00f3n ideal para su nivel y condiciones de navegaci\u00f3n.<\/p>\n<\/li>\n<\/ul>\n<p data-path-to-node=\"8\"><b>Calidad y fiabilidad SROKA:<\/b> Fabricado con materiales compuestos de alta calidad, el Foil 1190 Wave garantiza <b>una rigidez duradera<\/b> y <b>una resistencia superior a<\/b> los impactos. Elegir SROKA significa invertir en un Foil dise\u00f1ado por entusiastas para ofrecerte la mejor experiencia de pilotaje posible, sesi\u00f3n tras sesi\u00f3n. <\/p>\n<p data-path-to-node=\"9\"><b>El Foil High Aspect 1190 Wave: El compromiso perfecto entre sustentaci\u00f3n y maniobrabilidad. El Foil vers\u00e1til para todas tus sesiones de Wing y Surf foil. <\/b><\/p>\n<\/div>\n<\/div>\n<\/div>\n<div class=\"flex justify-between lg:block\">\n<div class=\"text-gray-400 flex self-end lg:self-center justify-center mt-2 gap-2 md:gap-3 lg:gap-1 lg:absolute lg:top-0 lg:translate-x-full lg:right-0 lg:mt-0 lg:pl-2 visible\">Lea nuestro art\u00edculo sobre <a href=\"https:\/\/srokacompany.com\/es\/blog\/como-puede-hacer-que-su-foil-sea-mas-manejable\/\">c\u00f3mo hacer que su foil sea m\u00e1s maniobrable<\/a>.<\/div>\n<\/div>\n<\/div>\n<\/div>\n<\/div>\n","protected":false},"excerpt":{"rendered":"<p>Foil 1190 Wave aporta maniobrabilidad a las olas gracias a su Flex Control: una nueva forma de optimizar la eficacia del bombeo.<\/p>\n","protected":false},"featured_media":345724,"template":"","meta":{"_acf_changed":false,"_uag_custom_page_level_css":""},"product_brand":[],"product_cat":[3486,3480,3481,3469,3485,3539,3444],"product_tag":[3429,3450,3427],"class_list":{"0":"post-345713","1":"product","2":"type-product","3":"status-publish","4":"has-post-thumbnail","6":"product_cat-ala-de-laminas-foil","7":"product_cat-foil-es","8":"product_cat-laminas-de-surf-foil","9":"product_cat-surf-foil-es","10":"product_cat-todas-las-laminas-de-aluminio","11":"product_cat-todas-nuestras-laminas-de-alto-aspecto","12":"product_cat-wing-foil-es","13":"product_tag-avanzado","14":"product_tag-experto","15":"product_tag-ingenioso","16":"product_shipping_class-foil-unidad-completa-o-piezas-alas","18":"first","19":"instock","20":"taxable","21":"shipping-taxable","22":"purchasable","23":"product-type-variable","24":"has-default-attributes"},"acf":[],"yoast_head":"<!-- This site is optimized with the Yoast SEO plugin v27.4 - https:\/\/yoast.com\/product\/yoast-seo-wordpress\/ -->\n<title>Foil Sroka 1190 HA Waves | Surf foil | SROKA Company<\/title>\n<meta name=\"description\" content=\"Foil en 1190 HA es una ola Surf foil r\u00e1pida y sensible con control de flexi\u00f3n para una mayor eficacia de bombeo. Ideal para olas peque\u00f1as y medianas.\" \/>\n<meta name=\"robots\" content=\"index, follow, max-snippet:-1, max-image-preview:large, max-video-preview:-1\" \/>\n<link rel=\"canonical\" href=\"https:\/\/srokacompany.com\/es\/produit\/s-foil-alto-aspecto-1190-onda\/\" \/>\n<meta property=\"og:locale\" content=\"es_ES\" \/>\n<meta property=\"og:type\" content=\"article\" \/>\n<meta property=\"og:title\" content=\"Foil Sroka 1190 HA Waves | Surf foil | SROKA Company\" \/>\n<meta property=\"og:description\" content=\"Foil en 1190 HA es una ola Surf foil r\u00e1pida y sensible con control de flexi\u00f3n para una mayor eficacia de bombeo. Ideal para olas peque\u00f1as y medianas.\" \/>\n<meta property=\"og:url\" content=\"https:\/\/srokacompany.com\/es\/produit\/s-foil-alto-aspecto-1190-onda\/\" \/>\n<meta property=\"og:site_name\" content=\"SROKA Company\" \/>\n<meta property=\"article:publisher\" content=\"https:\/\/www.facebook.com\/srokawatersports\/\" \/>\n<meta property=\"article:modified_time\" content=\"2025-11-25T08:37:33+00:00\" \/>\n<meta property=\"og:image\" content=\"https:\/\/srokacompany.com\/wp-content\/uploads\/2023\/02\/1190-Wave-1.png\" \/>\n\t<meta property=\"og:image:width\" content=\"740\" \/>\n\t<meta property=\"og:image:height\" content=\"1080\" \/>\n\t<meta property=\"og:image:type\" content=\"image\/png\" \/>\n<meta name=\"twitter:label1\" content=\"Tiempo de lectura\" \/>\n\t<meta name=\"twitter:data1\" content=\"2 minutos\" \/>\n<script type=\"application\/ld+json\" class=\"yoast-schema-graph\">{\"@context\":\"https:\\\/\\\/schema.org\",\"@graph\":[{\"@type\":\"WebPage\",\"@id\":\"https:\\\/\\\/srokacompany.com\\\/es\\\/produit\\\/s-foil-alto-aspecto-1190-onda\\\/\",\"url\":\"https:\\\/\\\/srokacompany.com\\\/es\\\/produit\\\/s-foil-alto-aspecto-1190-onda\\\/\",\"name\":\"Foil Sroka 1190 HA Waves | Surf foil | SROKA Company\",\"isPartOf\":{\"@id\":\"https:\\\/\\\/srokacompany.com\\\/es\\\/#website\"},\"primaryImageOfPage\":{\"@id\":\"https:\\\/\\\/srokacompany.com\\\/es\\\/produit\\\/s-foil-alto-aspecto-1190-onda\\\/#primaryimage\"},\"image\":{\"@id\":\"https:\\\/\\\/srokacompany.com\\\/es\\\/produit\\\/s-foil-alto-aspecto-1190-onda\\\/#primaryimage\"},\"thumbnailUrl\":\"https:\\\/\\\/srokacompany.com\\\/wp-content\\\/uploads\\\/2023\\\/02\\\/1190-Wave-1.png\",\"datePublished\":\"2023-02-24T14:44:04+00:00\",\"dateModified\":\"2025-11-25T08:37:33+00:00\",\"description\":\"Foil en 1190 HA es una ola Surf foil r\u00e1pida y sensible con control de flexi\u00f3n para una mayor eficacia de bombeo. Ideal para olas peque\u00f1as y medianas.\",\"breadcrumb\":{\"@id\":\"https:\\\/\\\/srokacompany.com\\\/es\\\/produit\\\/s-foil-alto-aspecto-1190-onda\\\/#breadcrumb\"},\"inLanguage\":\"es\",\"potentialAction\":[{\"@type\":\"ReadAction\",\"target\":[\"https:\\\/\\\/srokacompany.com\\\/es\\\/produit\\\/s-foil-alto-aspecto-1190-onda\\\/\"]}]},{\"@type\":\"ImageObject\",\"inLanguage\":\"es\",\"@id\":\"https:\\\/\\\/srokacompany.com\\\/es\\\/produit\\\/s-foil-alto-aspecto-1190-onda\\\/#primaryimage\",\"url\":\"https:\\\/\\\/srokacompany.com\\\/wp-content\\\/uploads\\\/2023\\\/02\\\/1190-Wave-1.png\",\"contentUrl\":\"https:\\\/\\\/srokacompany.com\\\/wp-content\\\/uploads\\\/2023\\\/02\\\/1190-Wave-1.png\",\"width\":740,\"height\":1080,\"caption\":\"foil surf vague SROKA S-Foil HA 1190 Wave complet m\u00e2t fuselage\"},{\"@type\":\"BreadcrumbList\",\"@id\":\"https:\\\/\\\/srokacompany.com\\\/es\\\/produit\\\/s-foil-alto-aspecto-1190-onda\\\/#breadcrumb\",\"itemListElement\":[{\"@type\":\"ListItem\",\"position\":1,\"name\":\"Accueil\",\"item\":\"https:\\\/\\\/srokacompany.com\\\/es\\\/\"},{\"@type\":\"ListItem\",\"position\":2,\"name\":\"Tienda\",\"item\":\"https:\\\/\\\/srokacompany.com\\\/tienda\\\/\"},{\"@type\":\"ListItem\",\"position\":3,\"name\":\"S-Foil Alto Aspecto 1190 Onda\"}]},{\"@type\":\"WebSite\",\"@id\":\"https:\\\/\\\/srokacompany.com\\\/es\\\/#website\",\"url\":\"https:\\\/\\\/srokacompany.com\\\/es\\\/\",\"name\":\"SROKA Company\",\"description\":\"SUP, Kite, Foil, Wing\",\"publisher\":{\"@id\":\"https:\\\/\\\/srokacompany.com\\\/es\\\/#organization\"},\"potentialAction\":[{\"@type\":\"SearchAction\",\"target\":{\"@type\":\"EntryPoint\",\"urlTemplate\":\"https:\\\/\\\/srokacompany.com\\\/es\\\/?s={search_term_string}\"},\"query-input\":{\"@type\":\"PropertyValueSpecification\",\"valueRequired\":true,\"valueName\":\"search_term_string\"}}],\"inLanguage\":\"es\"},{\"@type\":\"Organization\",\"@id\":\"https:\\\/\\\/srokacompany.com\\\/es\\\/#organization\",\"name\":\"SROKACOMPANY\",\"alternateName\":\"SROKA\",\"url\":\"https:\\\/\\\/srokacompany.com\\\/es\\\/\",\"logo\":{\"@type\":\"ImageObject\",\"inLanguage\":\"es\",\"@id\":\"https:\\\/\\\/srokacompany.com\\\/es\\\/#\\\/schema\\\/logo\\\/image\\\/\",\"url\":\"https:\\\/\\\/srokacompany.com\\\/wp-content\\\/uploads\\\/2021\\\/01\\\/logo-sroka-black-transpa.png\",\"contentUrl\":\"https:\\\/\\\/srokacompany.com\\\/wp-content\\\/uploads\\\/2021\\\/01\\\/logo-sroka-black-transpa.png\",\"width\":1201,\"height\":342,\"caption\":\"SROKACOMPANY\"},\"image\":{\"@id\":\"https:\\\/\\\/srokacompany.com\\\/es\\\/#\\\/schema\\\/logo\\\/image\\\/\"},\"sameAs\":[\"https:\\\/\\\/www.facebook.com\\\/srokawatersports\\\/\",\"https:\\\/\\\/www.instagram.com\\\/srokawatersports\\\/\",\"https:\\\/\\\/www.youtube.com\\\/channel\\\/UCVLHHeaPIm-J5bdEUgxqtZA\"]}]}<\/script>\n<!-- \/ Yoast SEO plugin. -->","yoast_head_json":{"title":"Foil Sroka 1190 HA Waves | Surf foil | SROKA Company","description":"Foil en 1190 HA es una ola Surf foil r\u00e1pida y sensible con control de flexi\u00f3n para una mayor eficacia de bombeo. Ideal para olas peque\u00f1as y medianas.","robots":{"index":"index","follow":"follow","max-snippet":"max-snippet:-1","max-image-preview":"max-image-preview:large","max-video-preview":"max-video-preview:-1"},"canonical":"https:\/\/srokacompany.com\/es\/produit\/s-foil-alto-aspecto-1190-onda\/","og_locale":"es_ES","og_type":"article","og_title":"Foil Sroka 1190 HA Waves | Surf foil | SROKA Company","og_description":"Foil en 1190 HA es una ola Surf foil r\u00e1pida y sensible con control de flexi\u00f3n para una mayor eficacia de bombeo. Ideal para olas peque\u00f1as y medianas.","og_url":"https:\/\/srokacompany.com\/es\/produit\/s-foil-alto-aspecto-1190-onda\/","og_site_name":"SROKA Company","article_publisher":"https:\/\/www.facebook.com\/srokawatersports\/","article_modified_time":"2025-11-25T08:37:33+00:00","og_image":[{"width":740,"height":1080,"url":"https:\/\/srokacompany.com\/wp-content\/uploads\/2023\/02\/1190-Wave-1.png","type":"image\/png"}],"twitter_misc":{"Tiempo de lectura":"2 minutos"},"schema":{"@context":"https:\/\/schema.org","@graph":[{"@type":"WebPage","@id":"https:\/\/srokacompany.com\/es\/produit\/s-foil-alto-aspecto-1190-onda\/","url":"https:\/\/srokacompany.com\/es\/produit\/s-foil-alto-aspecto-1190-onda\/","name":"Foil Sroka 1190 HA Waves | Surf foil | SROKA Company","isPartOf":{"@id":"https:\/\/srokacompany.com\/es\/#website"},"primaryImageOfPage":{"@id":"https:\/\/srokacompany.com\/es\/produit\/s-foil-alto-aspecto-1190-onda\/#primaryimage"},"image":{"@id":"https:\/\/srokacompany.com\/es\/produit\/s-foil-alto-aspecto-1190-onda\/#primaryimage"},"thumbnailUrl":"https:\/\/srokacompany.com\/wp-content\/uploads\/2023\/02\/1190-Wave-1.png","datePublished":"2023-02-24T14:44:04+00:00","dateModified":"2025-11-25T08:37:33+00:00","description":"Foil en 1190 HA es una ola Surf foil r\u00e1pida y sensible con control de flexi\u00f3n para una mayor eficacia de bombeo. Ideal para olas peque\u00f1as y medianas.","breadcrumb":{"@id":"https:\/\/srokacompany.com\/es\/produit\/s-foil-alto-aspecto-1190-onda\/#breadcrumb"},"inLanguage":"es","potentialAction":[{"@type":"ReadAction","target":["https:\/\/srokacompany.com\/es\/produit\/s-foil-alto-aspecto-1190-onda\/"]}]},{"@type":"ImageObject","inLanguage":"es","@id":"https:\/\/srokacompany.com\/es\/produit\/s-foil-alto-aspecto-1190-onda\/#primaryimage","url":"https:\/\/srokacompany.com\/wp-content\/uploads\/2023\/02\/1190-Wave-1.png","contentUrl":"https:\/\/srokacompany.com\/wp-content\/uploads\/2023\/02\/1190-Wave-1.png","width":740,"height":1080,"caption":"foil surf vague SROKA S-Foil HA 1190 Wave complet m\u00e2t fuselage"},{"@type":"BreadcrumbList","@id":"https:\/\/srokacompany.com\/es\/produit\/s-foil-alto-aspecto-1190-onda\/#breadcrumb","itemListElement":[{"@type":"ListItem","position":1,"name":"Accueil","item":"https:\/\/srokacompany.com\/es\/"},{"@type":"ListItem","position":2,"name":"Tienda","item":"https:\/\/srokacompany.com\/tienda\/"},{"@type":"ListItem","position":3,"name":"S-Foil Alto Aspecto 1190 Onda"}]},{"@type":"WebSite","@id":"https:\/\/srokacompany.com\/es\/#website","url":"https:\/\/srokacompany.com\/es\/","name":"SROKA Company","description":"SUP, Kite, Foil, Wing","publisher":{"@id":"https:\/\/srokacompany.com\/es\/#organization"},"potentialAction":[{"@type":"SearchAction","target":{"@type":"EntryPoint","urlTemplate":"https:\/\/srokacompany.com\/es\/?s={search_term_string}"},"query-input":{"@type":"PropertyValueSpecification","valueRequired":true,"valueName":"search_term_string"}}],"inLanguage":"es"},{"@type":"Organization","@id":"https:\/\/srokacompany.com\/es\/#organization","name":"SROKACOMPANY","alternateName":"SROKA","url":"https:\/\/srokacompany.com\/es\/","logo":{"@type":"ImageObject","inLanguage":"es","@id":"https:\/\/srokacompany.com\/es\/#\/schema\/logo\/image\/","url":"https:\/\/srokacompany.com\/wp-content\/uploads\/2021\/01\/logo-sroka-black-transpa.png","contentUrl":"https:\/\/srokacompany.com\/wp-content\/uploads\/2021\/01\/logo-sroka-black-transpa.png","width":1201,"height":342,"caption":"SROKACOMPANY"},"image":{"@id":"https:\/\/srokacompany.com\/es\/#\/schema\/logo\/image\/"},"sameAs":["https:\/\/www.facebook.com\/srokawatersports\/","https:\/\/www.instagram.com\/srokawatersports\/","https:\/\/www.youtube.com\/channel\/UCVLHHeaPIm-J5bdEUgxqtZA"]}]}},"uagb_featured_image_src":{"full":["https:\/\/srokacompany.com\/wp-content\/uploads\/2023\/02\/1190-Wave-1.png",740,1080,false],"thumbnail":["https:\/\/srokacompany.com\/wp-content\/uploads\/2023\/02\/1190-Wave-1-150x150.png",150,150,true],"medium":["https:\/\/srokacompany.com\/wp-content\/uploads\/2023\/02\/1190-Wave-1-206x300.png",206,300,true],"medium_large":["https:\/\/srokacompany.com\/wp-content\/uploads\/2023\/02\/1190-Wave-1.png",740,1080,false],"large":["https:\/\/srokacompany.com\/wp-content\/uploads\/2023\/02\/1190-Wave-1-702x1024.png",702,1024,true],"1536x1536":["https:\/\/srokacompany.com\/wp-content\/uploads\/2023\/02\/1190-Wave-1.png",740,1080,false],"2048x2048":["https:\/\/srokacompany.com\/wp-content\/uploads\/2023\/02\/1190-Wave-1.png",740,1080,false],"woocommerce_thumbnail":["https:\/\/srokacompany.com\/wp-content\/uploads\/2023\/02\/1190-Wave-1-600x876.png",600,876,true],"woocommerce_single":["https:\/\/srokacompany.com\/wp-content\/uploads\/2023\/02\/1190-Wave-1-600x876.png",600,876,true],"woocommerce_gallery_thumbnail":["https:\/\/srokacompany.com\/wp-content\/uploads\/2023\/02\/1190-Wave-1-100x100.png",100,100,true],"dgwt-wcas-product-suggestion":["https:\/\/srokacompany.com\/wp-content\/uploads\/2023\/02\/1190-Wave-1.png",64,93,false]},"uagb_author_info":{"display_name":"Emmanuel DIJOUX","author_link":"https:\/\/srokacompany.com\/es\/blog\/author\/"},"uagb_comment_info":0,"uagb_excerpt":"Foil 1190 Wave aporta maniobrabilidad a las olas gracias a su Flex Control: una nueva forma de optimizar la eficacia del bombeo.","jetpack_sharing_enabled":true,"_links":{"self":[{"href":"https:\/\/srokacompany.com\/es\/wp-json\/wp\/v2\/product\/345713","targetHints":{"allow":["GET"]}}],"collection":[{"href":"https:\/\/srokacompany.com\/es\/wp-json\/wp\/v2\/product"}],"about":[{"href":"https:\/\/srokacompany.com\/es\/wp-json\/wp\/v2\/types\/product"}],"wp:featuredmedia":[{"embeddable":true,"href":"https:\/\/srokacompany.com\/es\/wp-json\/wp\/v2\/media\/345724"}],"wp:attachment":[{"href":"https:\/\/srokacompany.com\/es\/wp-json\/wp\/v2\/media?parent=345713"}],"wp:term":[{"taxonomy":"product_brand","embeddable":true,"href":"https:\/\/srokacompany.com\/es\/wp-json\/wp\/v2\/product_brand?post=345713"},{"taxonomy":"product_cat","embeddable":true,"href":"https:\/\/srokacompany.com\/es\/wp-json\/wp\/v2\/product_cat?post=345713"},{"taxonomy":"product_tag","embeddable":true,"href":"https:\/\/srokacompany.com\/es\/wp-json\/wp\/v2\/product_tag?post=345713"}],"curies":[{"name":"wp","href":"https:\/\/api.w.org\/{rel}","templated":true}]}}