{"id":345872,"date":"2023-03-06T13:28:57","date_gmt":"2023-03-06T11:28:57","guid":{"rendered":"https:\/\/srokacompany.com\/produit\/tabla-de-alas-foil-sky-rider-63\/"},"modified":"2025-10-31T19:11:01","modified_gmt":"2025-10-31T17:11:01","slug":"tabla-de-alas-foil-sky-rider-63","status":"publish","type":"product","link":"https:\/\/srokacompany.com\/es\/produit\/tabla-de-alas-foil-sky-rider-63\/","title":{"rendered":"Tabla de alas foil Sky Rider: 6&#8217;3"},"content":{"rendered":"<hr>\n<h3>\u00abProgresa r\u00e1pidamente y disfruta de un manejo que nunca te fallar\u00e1, un despegue f\u00e1cil incluso en aguas agitadas y la m\u00e1xima estabilidad con el Sky rider 6&#8217;3\u00bb.<\/h3>\n<p class=\"p1\">Este Sky rider 6&#8217;3 ha sido dise\u00f1ado para acompa\u00f1arle en sus <b>progresos<\/b> y permitirle <b>progresar<\/b> lo m\u00e1s r\u00e1pidamente posible con el m\u00e1ximo placer y facilidad.<\/p>\n<p class=\"p1\">Para mantener nuestro ADN de precios, hemos lanzado esta tabla Sky Rider en la misma l\u00ednea que las 5&#8217;2 y 4&#8217;8, manteniendo un <b>atractivo<\/b> <b>precio<\/b> de 1099 euros con IVA.<\/p>\n<p class=\"p1\">Las formas de estas nuevas tablas son <b>m\u00e1s<\/b> <b>compactas<\/b>, lo que reduce su longitud y aumenta su maniobrabilidad.<\/p>\n<p class=\"p1\">Nuestro objetivo es ofrecerle la mejor alternativa con el m\u00e1ximo rendimiento. Con esto en mente, nos atenemos a una <a href=\"https:\/\/srokacompany.com\/es\/blog\/como-se-construyen-las-tablas-de-wingfoil\/\">construcci\u00f3n <b>\u00edntegra en s\u00e1ndwich<\/b><\/a>. <span class=\"Apple-converted-space\">  <\/span>en el casco para hacerlo indestructible y garantizar que te acompa\u00f1e durante mucho tiempo. Se trata de una zona de gran tensi\u00f3n, sobre todo en la uni\u00f3n de la foil y un s\u00e1ndwich bajo las almohadillas, que garantiza la m\u00e1xima rigidez bajo los apoyos y evita que la cubierta se asiente bajo los talones durante los saltos, por ejemplo. Para aumentar a\u00fan m\u00e1s la rigidez del conjunto, se colocan dos capas de <b>carbono<\/b> en los ra\u00edles US.  <\/p>\n<p class=\"p1\">Todas las tablas est\u00e1n fabricadas con <b>fibra de vidrio<\/b> PVC Sandwich y <b>fibra de carbono<\/b>, seg\u00fan el modelo, con las fibras m\u00e1s resistentes del mercado.<\/p>\n","protected":false},"excerpt":{"rendered":"<p>\u00abProgresa r\u00e1pidamente y disfruta de un manejo que nunca te fallar\u00e1, un despegue f\u00e1cil incluso en aguas agitadas y la m\u00e1xima estabilidad con el Sky rider 6&#8217;3\u00bb. Este Sky rider 6&#8217;3 ha sido dise\u00f1ado para acompa\u00f1arle en sus progresos y permitirle progresar lo m\u00e1s r\u00e1pidamente posible con el m\u00e1ximo placer y facilidad. Para mantener nuestro [&hellip;]<\/p>\n","protected":false},"featured_media":345884,"template":"","meta":{"_acf_changed":false,"_uag_custom_page_level_css":""},"product_brand":[],"product_cat":[3523],"product_tag":[3426],"class_list":{"0":"post-345872","1":"product","2":"type-product","3":"status-publish","4":"has-post-thumbnail","6":"product_cat-tablas-wing-foil-mejor-precio","7":"product_tag-principiante","8":"product_shipping_class-unidad-de-tablero-duro","10":"first","11":"outofstock","12":"sale","13":"taxable","14":"shipping-taxable","15":"purchasable","16":"product-type-simple"},"acf":[],"yoast_head":"<!-- This site is optimized with the Yoast SEO plugin v27.4 - https:\/\/yoast.com\/product\/yoast-seo-wordpress\/ -->\n<title>Tabla de alas para principiantes Skyrider 6&#039;3<\/title>\n<meta name=\"description\" content=\"Avance r\u00e1pido, estabilidad y despegue f\u00e1cil. Descubre Sky Rider: prestaciones asequibles, dise\u00f1o s\u00f3lido en s\u00e1ndwich de PVC y fibra de vidrio.\" \/>\n<meta name=\"robots\" content=\"index, follow, max-snippet:-1, max-image-preview:large, max-video-preview:-1\" \/>\n<link rel=\"canonical\" href=\"https:\/\/srokacompany.com\/es\/produit\/tabla-de-alas-foil-sky-rider-63\/\" \/>\n<meta property=\"og:locale\" content=\"es_ES\" \/>\n<meta property=\"og:type\" content=\"article\" \/>\n<meta property=\"og:title\" content=\"Tabla de alas para principiantes Skyrider 6&#039;3\" \/>\n<meta property=\"og:description\" content=\"Avance r\u00e1pido, estabilidad y despegue f\u00e1cil. Descubre Sky Rider: prestaciones asequibles, dise\u00f1o s\u00f3lido en s\u00e1ndwich de PVC y fibra de vidrio.\" \/>\n<meta property=\"og:url\" content=\"https:\/\/srokacompany.com\/es\/produit\/tabla-de-alas-foil-sky-rider-63\/\" \/>\n<meta property=\"og:site_name\" content=\"SROKA Company\" \/>\n<meta property=\"article:publisher\" content=\"https:\/\/www.facebook.com\/srokawatersports\/\" \/>\n<meta property=\"article:modified_time\" content=\"2025-10-31T17:11:01+00:00\" \/>\n<meta property=\"og:image\" content=\"https:\/\/srokacompany.com\/wp-content\/uploads\/2023\/01\/63-2-1024x1024.png\" \/>\n\t<meta property=\"og:image:width\" content=\"1024\" \/>\n\t<meta property=\"og:image:height\" content=\"1024\" \/>\n\t<meta property=\"og:image:type\" content=\"image\/png\" \/>\n<meta name=\"twitter:label1\" content=\"Tiempo de lectura\" \/>\n\t<meta name=\"twitter:data1\" content=\"1 minuto\" \/>\n<script type=\"application\/ld+json\" class=\"yoast-schema-graph\">{\"@context\":\"https:\\\/\\\/schema.org\",\"@graph\":[{\"@type\":\"WebPage\",\"@id\":\"https:\\\/\\\/srokacompany.com\\\/es\\\/produit\\\/tabla-de-alas-foil-sky-rider-63\\\/\",\"url\":\"https:\\\/\\\/srokacompany.com\\\/es\\\/produit\\\/tabla-de-alas-foil-sky-rider-63\\\/\",\"name\":\"Tabla de alas para principiantes Skyrider 6'3\",\"isPartOf\":{\"@id\":\"https:\\\/\\\/srokacompany.com\\\/es\\\/#website\"},\"primaryImageOfPage\":{\"@id\":\"https:\\\/\\\/srokacompany.com\\\/es\\\/produit\\\/tabla-de-alas-foil-sky-rider-63\\\/#primaryimage\"},\"image\":{\"@id\":\"https:\\\/\\\/srokacompany.com\\\/es\\\/produit\\\/tabla-de-alas-foil-sky-rider-63\\\/#primaryimage\"},\"thumbnailUrl\":\"https:\\\/\\\/srokacompany.com\\\/wp-content\\\/uploads\\\/2023\\\/01\\\/63-2.png\",\"datePublished\":\"2023-03-06T11:28:57+00:00\",\"dateModified\":\"2025-10-31T17:11:01+00:00\",\"description\":\"Avance r\u00e1pido, estabilidad y despegue f\u00e1cil. Descubre Sky Rider: prestaciones asequibles, dise\u00f1o s\u00f3lido en s\u00e1ndwich de PVC y fibra de vidrio.\",\"breadcrumb\":{\"@id\":\"https:\\\/\\\/srokacompany.com\\\/es\\\/produit\\\/tabla-de-alas-foil-sky-rider-63\\\/#breadcrumb\"},\"inLanguage\":\"es\",\"potentialAction\":[{\"@type\":\"ReadAction\",\"target\":[\"https:\\\/\\\/srokacompany.com\\\/es\\\/produit\\\/tabla-de-alas-foil-sky-rider-63\\\/\"]}]},{\"@type\":\"ImageObject\",\"inLanguage\":\"es\",\"@id\":\"https:\\\/\\\/srokacompany.com\\\/es\\\/produit\\\/tabla-de-alas-foil-sky-rider-63\\\/#primaryimage\",\"url\":\"https:\\\/\\\/srokacompany.com\\\/wp-content\\\/uploads\\\/2023\\\/01\\\/63-2.png\",\"contentUrl\":\"https:\\\/\\\/srokacompany.com\\\/wp-content\\\/uploads\\\/2023\\\/01\\\/63-2.png\",\"width\":2048,\"height\":2048},{\"@type\":\"BreadcrumbList\",\"@id\":\"https:\\\/\\\/srokacompany.com\\\/es\\\/produit\\\/tabla-de-alas-foil-sky-rider-63\\\/#breadcrumb\",\"itemListElement\":[{\"@type\":\"ListItem\",\"position\":1,\"name\":\"Accueil\",\"item\":\"https:\\\/\\\/srokacompany.com\\\/es\\\/\"},{\"@type\":\"ListItem\",\"position\":2,\"name\":\"Tienda\",\"item\":\"https:\\\/\\\/srokacompany.com\\\/tienda\\\/\"},{\"@type\":\"ListItem\",\"position\":3,\"name\":\"Tabla de alas foil Sky Rider: 6&rsquo;3\"}]},{\"@type\":\"WebSite\",\"@id\":\"https:\\\/\\\/srokacompany.com\\\/es\\\/#website\",\"url\":\"https:\\\/\\\/srokacompany.com\\\/es\\\/\",\"name\":\"SROKA Company\",\"description\":\"SUP, Kite, Foil, Wing\",\"publisher\":{\"@id\":\"https:\\\/\\\/srokacompany.com\\\/es\\\/#organization\"},\"potentialAction\":[{\"@type\":\"SearchAction\",\"target\":{\"@type\":\"EntryPoint\",\"urlTemplate\":\"https:\\\/\\\/srokacompany.com\\\/es\\\/?s={search_term_string}\"},\"query-input\":{\"@type\":\"PropertyValueSpecification\",\"valueRequired\":true,\"valueName\":\"search_term_string\"}}],\"inLanguage\":\"es\"},{\"@type\":\"Organization\",\"@id\":\"https:\\\/\\\/srokacompany.com\\\/es\\\/#organization\",\"name\":\"SROKACOMPANY\",\"alternateName\":\"SROKA\",\"url\":\"https:\\\/\\\/srokacompany.com\\\/es\\\/\",\"logo\":{\"@type\":\"ImageObject\",\"inLanguage\":\"es\",\"@id\":\"https:\\\/\\\/srokacompany.com\\\/es\\\/#\\\/schema\\\/logo\\\/image\\\/\",\"url\":\"https:\\\/\\\/srokacompany.com\\\/wp-content\\\/uploads\\\/2021\\\/01\\\/logo-sroka-black-transpa.png\",\"contentUrl\":\"https:\\\/\\\/srokacompany.com\\\/wp-content\\\/uploads\\\/2021\\\/01\\\/logo-sroka-black-transpa.png\",\"width\":1201,\"height\":342,\"caption\":\"SROKACOMPANY\"},\"image\":{\"@id\":\"https:\\\/\\\/srokacompany.com\\\/es\\\/#\\\/schema\\\/logo\\\/image\\\/\"},\"sameAs\":[\"https:\\\/\\\/www.facebook.com\\\/srokawatersports\\\/\",\"https:\\\/\\\/www.instagram.com\\\/srokawatersports\\\/\",\"https:\\\/\\\/www.youtube.com\\\/channel\\\/UCVLHHeaPIm-J5bdEUgxqtZA\"]}]}<\/script>\n<!-- \/ Yoast SEO plugin. -->","yoast_head_json":{"title":"Tabla de alas para principiantes Skyrider 6'3","description":"Avance r\u00e1pido, estabilidad y despegue f\u00e1cil. Descubre Sky Rider: prestaciones asequibles, dise\u00f1o s\u00f3lido en s\u00e1ndwich de PVC y fibra de vidrio.","robots":{"index":"index","follow":"follow","max-snippet":"max-snippet:-1","max-image-preview":"max-image-preview:large","max-video-preview":"max-video-preview:-1"},"canonical":"https:\/\/srokacompany.com\/es\/produit\/tabla-de-alas-foil-sky-rider-63\/","og_locale":"es_ES","og_type":"article","og_title":"Tabla de alas para principiantes Skyrider 6'3","og_description":"Avance r\u00e1pido, estabilidad y despegue f\u00e1cil. Descubre Sky Rider: prestaciones asequibles, dise\u00f1o s\u00f3lido en s\u00e1ndwich de PVC y fibra de vidrio.","og_url":"https:\/\/srokacompany.com\/es\/produit\/tabla-de-alas-foil-sky-rider-63\/","og_site_name":"SROKA Company","article_publisher":"https:\/\/www.facebook.com\/srokawatersports\/","article_modified_time":"2025-10-31T17:11:01+00:00","og_image":[{"width":1024,"height":1024,"url":"https:\/\/srokacompany.com\/wp-content\/uploads\/2023\/01\/63-2-1024x1024.png","type":"image\/png"}],"twitter_misc":{"Tiempo de lectura":"1 minuto"},"schema":{"@context":"https:\/\/schema.org","@graph":[{"@type":"WebPage","@id":"https:\/\/srokacompany.com\/es\/produit\/tabla-de-alas-foil-sky-rider-63\/","url":"https:\/\/srokacompany.com\/es\/produit\/tabla-de-alas-foil-sky-rider-63\/","name":"Tabla de alas para principiantes Skyrider 6'3","isPartOf":{"@id":"https:\/\/srokacompany.com\/es\/#website"},"primaryImageOfPage":{"@id":"https:\/\/srokacompany.com\/es\/produit\/tabla-de-alas-foil-sky-rider-63\/#primaryimage"},"image":{"@id":"https:\/\/srokacompany.com\/es\/produit\/tabla-de-alas-foil-sky-rider-63\/#primaryimage"},"thumbnailUrl":"https:\/\/srokacompany.com\/wp-content\/uploads\/2023\/01\/63-2.png","datePublished":"2023-03-06T11:28:57+00:00","dateModified":"2025-10-31T17:11:01+00:00","description":"Avance r\u00e1pido, estabilidad y despegue f\u00e1cil. Descubre Sky Rider: prestaciones asequibles, dise\u00f1o s\u00f3lido en s\u00e1ndwich de PVC y fibra de vidrio.","breadcrumb":{"@id":"https:\/\/srokacompany.com\/es\/produit\/tabla-de-alas-foil-sky-rider-63\/#breadcrumb"},"inLanguage":"es","potentialAction":[{"@type":"ReadAction","target":["https:\/\/srokacompany.com\/es\/produit\/tabla-de-alas-foil-sky-rider-63\/"]}]},{"@type":"ImageObject","inLanguage":"es","@id":"https:\/\/srokacompany.com\/es\/produit\/tabla-de-alas-foil-sky-rider-63\/#primaryimage","url":"https:\/\/srokacompany.com\/wp-content\/uploads\/2023\/01\/63-2.png","contentUrl":"https:\/\/srokacompany.com\/wp-content\/uploads\/2023\/01\/63-2.png","width":2048,"height":2048},{"@type":"BreadcrumbList","@id":"https:\/\/srokacompany.com\/es\/produit\/tabla-de-alas-foil-sky-rider-63\/#breadcrumb","itemListElement":[{"@type":"ListItem","position":1,"name":"Accueil","item":"https:\/\/srokacompany.com\/es\/"},{"@type":"ListItem","position":2,"name":"Tienda","item":"https:\/\/srokacompany.com\/tienda\/"},{"@type":"ListItem","position":3,"name":"Tabla de alas foil Sky Rider: 6&rsquo;3"}]},{"@type":"WebSite","@id":"https:\/\/srokacompany.com\/es\/#website","url":"https:\/\/srokacompany.com\/es\/","name":"SROKA Company","description":"SUP, Kite, Foil, Wing","publisher":{"@id":"https:\/\/srokacompany.com\/es\/#organization"},"potentialAction":[{"@type":"SearchAction","target":{"@type":"EntryPoint","urlTemplate":"https:\/\/srokacompany.com\/es\/?s={search_term_string}"},"query-input":{"@type":"PropertyValueSpecification","valueRequired":true,"valueName":"search_term_string"}}],"inLanguage":"es"},{"@type":"Organization","@id":"https:\/\/srokacompany.com\/es\/#organization","name":"SROKACOMPANY","alternateName":"SROKA","url":"https:\/\/srokacompany.com\/es\/","logo":{"@type":"ImageObject","inLanguage":"es","@id":"https:\/\/srokacompany.com\/es\/#\/schema\/logo\/image\/","url":"https:\/\/srokacompany.com\/wp-content\/uploads\/2021\/01\/logo-sroka-black-transpa.png","contentUrl":"https:\/\/srokacompany.com\/wp-content\/uploads\/2021\/01\/logo-sroka-black-transpa.png","width":1201,"height":342,"caption":"SROKACOMPANY"},"image":{"@id":"https:\/\/srokacompany.com\/es\/#\/schema\/logo\/image\/"},"sameAs":["https:\/\/www.facebook.com\/srokawatersports\/","https:\/\/www.instagram.com\/srokawatersports\/","https:\/\/www.youtube.com\/channel\/UCVLHHeaPIm-J5bdEUgxqtZA"]}]}},"uagb_featured_image_src":{"full":["https:\/\/srokacompany.com\/wp-content\/uploads\/2023\/01\/63-2.png",2048,2048,false],"thumbnail":["https:\/\/srokacompany.com\/wp-content\/uploads\/2023\/01\/63-2-150x150.png",150,150,true],"medium":["https:\/\/srokacompany.com\/wp-content\/uploads\/2023\/01\/63-2-300x300.png",300,300,true],"medium_large":["https:\/\/srokacompany.com\/wp-content\/uploads\/2023\/01\/63-2-768x768.png",768,768,true],"large":["https:\/\/srokacompany.com\/wp-content\/uploads\/2023\/01\/63-2-1024x1024.png",1024,1024,true],"1536x1536":["https:\/\/srokacompany.com\/wp-content\/uploads\/2023\/01\/63-2-1536x1536.png",1536,1536,true],"2048x2048":["https:\/\/srokacompany.com\/wp-content\/uploads\/2023\/01\/63-2-2048x2048.png",2048,2048,true],"woocommerce_thumbnail":["https:\/\/srokacompany.com\/wp-content\/uploads\/2023\/01\/63-2-600x600.png",600,600,true],"woocommerce_single":["https:\/\/srokacompany.com\/wp-content\/uploads\/2023\/01\/63-2-600x600.png",600,600,true],"woocommerce_gallery_thumbnail":["https:\/\/srokacompany.com\/wp-content\/uploads\/2023\/01\/63-2-100x100.png",100,100,true],"dgwt-wcas-product-suggestion":["https:\/\/srokacompany.com\/wp-content\/uploads\/2023\/01\/63-2.png",64,64,false]},"uagb_author_info":{"display_name":"Jules Bustin","author_link":"https:\/\/srokacompany.com\/es\/blog\/author\/"},"uagb_comment_info":0,"uagb_excerpt":"\u00abProgresa r\u00e1pidamente y disfruta de un manejo que nunca te fallar\u00e1, un despegue f\u00e1cil incluso en aguas agitadas y la m\u00e1xima estabilidad con el Sky rider 6&#8217;3\u00bb. Este Sky rider 6&#8217;3 ha sido dise\u00f1ado para acompa\u00f1arle en sus progresos y permitirle progresar lo m\u00e1s r\u00e1pidamente posible con el m\u00e1ximo placer y facilidad. Para mantener nuestro&hellip;","jetpack_sharing_enabled":true,"_links":{"self":[{"href":"https:\/\/srokacompany.com\/es\/wp-json\/wp\/v2\/product\/345872","targetHints":{"allow":["GET"]}}],"collection":[{"href":"https:\/\/srokacompany.com\/es\/wp-json\/wp\/v2\/product"}],"about":[{"href":"https:\/\/srokacompany.com\/es\/wp-json\/wp\/v2\/types\/product"}],"wp:featuredmedia":[{"embeddable":true,"href":"https:\/\/srokacompany.com\/es\/wp-json\/wp\/v2\/media\/345884"}],"wp:attachment":[{"href":"https:\/\/srokacompany.com\/es\/wp-json\/wp\/v2\/media?parent=345872"}],"wp:term":[{"taxonomy":"product_brand","embeddable":true,"href":"https:\/\/srokacompany.com\/es\/wp-json\/wp\/v2\/product_brand?post=345872"},{"taxonomy":"product_cat","embeddable":true,"href":"https:\/\/srokacompany.com\/es\/wp-json\/wp\/v2\/product_cat?post=345872"},{"taxonomy":"product_tag","embeddable":true,"href":"https:\/\/srokacompany.com\/es\/wp-json\/wp\/v2\/product_tag?post=345872"}],"curies":[{"name":"wp","href":"https:\/\/api.w.org\/{rel}","templated":true}]}}