{"id":345988,"date":"2023-04-13T14:43:56","date_gmt":"2023-04-13T14:43:56","guid":{"rendered":"https:\/\/srokacompany.com\/produit\/paleta-hinchable-126-x-28-x-6-alpha-fusion-ocasion\/"},"modified":"2025-10-31T19:12:15","modified_gmt":"2025-10-31T17:12:15","slug":"paleta-hinchable-126-x-28-x-6-alpha-fusion-ocasion","status":"publish","type":"product","link":"https:\/\/srokacompany.com\/es\/produit\/paleta-hinchable-126-x-28-x-6-alpha-fusion-ocasion\/","title":{"rendered":"Paleta hinchable 12&#8217;6 x 28 x 6 Alpha Fusion &#8211; Ocasi\u00f3n"},"content":{"rendered":"<hr>\n<h2><strong>Modelo de segunda mano utilizado como modelo de exposici\u00f3n &#8211; 2 a\u00f1os de garant\u00eda  <\/strong><\/h2>\n<p><span style=\"font-weight: 400;\"><strong>Los remos Alpha<\/strong> son <a href=\"https:\/\/srokacompany.com\/es\/eshop\/palas-hinchables\/\">remos hinchables<\/a> de gama alta, dise\u00f1ados para deslizarse y <\/span><span style=\"font-weight: 400;\">y<\/span><span style=\"font-weight: 400;\"> aventura. <\/span> <span style=\"font-weight: 400;\">No hace falta ir muy lejos para superar tus l\u00edmites. El surf de remo es una forma estupenda de explorar tu entorno, cercano o lejano, de una manera diferente. <\/span><span style=\"font-weight: 400;\">  <\/span><\/p>\n<p><span style=\"font-weight: 400;\">La Alpha es una SUP hinchable ligera, r\u00edgida y extremadamente resistente, gracias a la tecnolog\u00eda Fusion, que utiliza cubierta y casco termosoldados, y 3 capas de PVC en los ra\u00edles. Su construcci\u00f3n Fusion optimiza el peso y la rigidez para afrontar cualquier reto. <\/span><span style=\"font-weight: 400;\">  para emprender una aventura.  <\/span><\/p>\n<p><span style=\"font-weight: 400;\">El uso del mejor dropstitch del mercado y PVC de embarcaciones semirr\u00edgidas profesionales hacen de nuestras SUP las tablas hinchables m\u00e1s resistentes del mercado.  <\/span><\/p>\n<p class=\"p1\"><span style=\"font-weight: 400;\">Un a\u00f1o m\u00e1s, hemos redise\u00f1ado las tablas para hacerlas at\u00edpicas, originales y \u00fanicas. Hemos puesto el acento en la aventura y la sed de libertad, con un dise\u00f1o inspirado en las cartas meteorol\u00f3gicas isob\u00e1ricas que utilizan los marineros y patrones que exploran alta mar.   <\/span><\/p>\n<p class=\"p1\"><span style=\"font-weight: 400;\">Ofrecemos dos opciones:  <\/span><\/p>\n<ol>\n<li style=\"list-style-type: none;\">\n<ol>\n<li class=\"p1\"><span style=\"font-weight: 400;\"><strong>El paquete est\u00e1ndar<\/strong> incluye<\/span><span style=\"font-weight: 400;\"> un remo, una bolsa de transporte con ruedas <\/span><span style=\"font-weight: 400;\">y la bomba de doble acci\u00f3n Sroka.<\/span><\/li>\n<\/ol>\n<\/li>\n<li class=\"p1\"><span style=\"font-weight: 400;\"><strong>El pack completo<\/strong> incluye un remo, una <a href=\"https:\/\/srokacompany.com\/es\/produit\/vario-paddle-50-carbono-desmontable-3-partes\/\">pala de carbono al 50% con hoja de pl\u00e1stico<\/a>, una bomba de remo el\u00e9ctrica, una bolsa de transporte con ruedas y <a href=\"https:\/\/srokacompany.com\/es\/produit\/bobina-de-correa-de-10\/\">un leash en espiral<\/a>. Le permite ir al agua de inmediato, sin limitaciones ni esfuerzo.<\/span><\/li>\n<\/ol>\n<p><a href=\"https:\/\/srokacompany.com\/es\/por-que-elegir-las-placas-sroka\/\" target=\"_blank\" rel=\"noopener noreferrer\">C\u00f3mo y por qu\u00e9 elegir los productos SROKA<\/a><\/p>\n","protected":false},"excerpt":{"rendered":"<p><span style=\"font-weight: 400;\"><strong>Los remos Alpha<\/strong> son <a href=\"https:\/\/srokacompany.com\/es\/eshop\/palas-hinchables\/\">remos hinchables<\/a> de gama alta dise\u00f1ados para deslizarse y <\/span><span style=\"font-weight: 400;\">y<\/span><span style=\"font-weight: 400;\"> aventura.<\/span><\/p>\n","protected":false},"featured_media":345990,"template":"","meta":{"_acf_changed":false,"_uag_custom_page_level_css":""},"product_brand":[],"product_cat":[3647,3692,3648],"product_tag":[],"class_list":{"0":"post-345988","1":"product","2":"type-product","3":"status-publish","4":"has-post-thumbnail","6":"product_cat-buenos-planes","7":"product_cat-equipos-de-segunda-mano","8":"product_cat-paleta-usada","9":"product_shipping_class-sup-unidad","11":"first","12":"instock","13":"taxable","14":"shipping-taxable","15":"purchasable","16":"product-type-variable","17":"has-default-attributes"},"acf":[],"yoast_head":"<!-- This site is optimized with the Yoast SEO plugin v27.4 - https:\/\/yoast.com\/product\/yoast-seo-wordpress\/ -->\n<title>Paddle Hinchable Alpha 12&#039;6x28 Fusion - SROKA Company<\/title>\n<meta name=\"description\" content=\"El remo hinchable Alpha 12&#039;6 x 28 x 6, de segunda mano, es una tabla de alto rendimiento en el agua. Es el remo ideal para el entrenamiento y la competici\u00f3n.\" \/>\n<meta name=\"robots\" content=\"index, follow, max-snippet:-1, max-image-preview:large, max-video-preview:-1\" \/>\n<link rel=\"canonical\" href=\"https:\/\/srokacompany.com\/es\/produit\/paleta-hinchable-126-x-28-x-6-alpha-fusion-ocasion\/\" \/>\n<meta property=\"og:locale\" content=\"es_ES\" \/>\n<meta property=\"og:type\" content=\"article\" \/>\n<meta property=\"og:title\" content=\"Paddle Hinchable Alpha 12&#039;6x28 Fusion - SROKA Company\" \/>\n<meta property=\"og:description\" content=\"El remo hinchable Alpha 12&#039;6 x 28 x 6, de segunda mano, es una tabla de alto rendimiento en el agua. Es el remo ideal para el entrenamiento y la competici\u00f3n.\" \/>\n<meta property=\"og:url\" content=\"https:\/\/srokacompany.com\/es\/produit\/paleta-hinchable-126-x-28-x-6-alpha-fusion-ocasion\/\" \/>\n<meta property=\"og:site_name\" content=\"SROKA Company\" \/>\n<meta property=\"article:publisher\" content=\"https:\/\/www.facebook.com\/srokawatersports\/\" \/>\n<meta property=\"article:modified_time\" content=\"2025-10-31T17:12:15+00:00\" \/>\n<meta property=\"og:image\" content=\"https:\/\/srokacompany.com\/wp-content\/uploads\/2023\/04\/126x28-6.jpg\" \/>\n\t<meta property=\"og:image:width\" content=\"1493\" \/>\n\t<meta property=\"og:image:height\" content=\"1991\" \/>\n\t<meta property=\"og:image:type\" content=\"image\/jpeg\" \/>\n<meta name=\"twitter:label1\" content=\"Tiempo de lectura\" \/>\n\t<meta name=\"twitter:data1\" content=\"1 minuto\" \/>\n<script type=\"application\/ld+json\" class=\"yoast-schema-graph\">{\"@context\":\"https:\\\/\\\/schema.org\",\"@graph\":[{\"@type\":\"WebPage\",\"@id\":\"https:\\\/\\\/srokacompany.com\\\/es\\\/produit\\\/paleta-hinchable-126-x-28-x-6-alpha-fusion-ocasion\\\/\",\"url\":\"https:\\\/\\\/srokacompany.com\\\/es\\\/produit\\\/paleta-hinchable-126-x-28-x-6-alpha-fusion-ocasion\\\/\",\"name\":\"Paddle Hinchable Alpha 12'6x28 Fusion - SROKA Company\",\"isPartOf\":{\"@id\":\"https:\\\/\\\/srokacompany.com\\\/es\\\/#website\"},\"primaryImageOfPage\":{\"@id\":\"https:\\\/\\\/srokacompany.com\\\/es\\\/produit\\\/paleta-hinchable-126-x-28-x-6-alpha-fusion-ocasion\\\/#primaryimage\"},\"image\":{\"@id\":\"https:\\\/\\\/srokacompany.com\\\/es\\\/produit\\\/paleta-hinchable-126-x-28-x-6-alpha-fusion-ocasion\\\/#primaryimage\"},\"thumbnailUrl\":\"https:\\\/\\\/srokacompany.com\\\/wp-content\\\/uploads\\\/2023\\\/04\\\/126x28-6.jpg\",\"datePublished\":\"2023-04-13T14:43:56+00:00\",\"dateModified\":\"2025-10-31T17:12:15+00:00\",\"description\":\"El remo hinchable Alpha 12'6 x 28 x 6, de segunda mano, es una tabla de alto rendimiento en el agua. Es el remo ideal para el entrenamiento y la competici\u00f3n.\",\"breadcrumb\":{\"@id\":\"https:\\\/\\\/srokacompany.com\\\/es\\\/produit\\\/paleta-hinchable-126-x-28-x-6-alpha-fusion-ocasion\\\/#breadcrumb\"},\"inLanguage\":\"es\",\"potentialAction\":[{\"@type\":\"ReadAction\",\"target\":[\"https:\\\/\\\/srokacompany.com\\\/es\\\/produit\\\/paleta-hinchable-126-x-28-x-6-alpha-fusion-ocasion\\\/\"]}]},{\"@type\":\"ImageObject\",\"inLanguage\":\"es\",\"@id\":\"https:\\\/\\\/srokacompany.com\\\/es\\\/produit\\\/paleta-hinchable-126-x-28-x-6-alpha-fusion-ocasion\\\/#primaryimage\",\"url\":\"https:\\\/\\\/srokacompany.com\\\/wp-content\\\/uploads\\\/2023\\\/04\\\/126x28-6.jpg\",\"contentUrl\":\"https:\\\/\\\/srokacompany.com\\\/wp-content\\\/uploads\\\/2023\\\/04\\\/126x28-6.jpg\",\"width\":1493,\"height\":1991},{\"@type\":\"BreadcrumbList\",\"@id\":\"https:\\\/\\\/srokacompany.com\\\/es\\\/produit\\\/paleta-hinchable-126-x-28-x-6-alpha-fusion-ocasion\\\/#breadcrumb\",\"itemListElement\":[{\"@type\":\"ListItem\",\"position\":1,\"name\":\"Accueil\",\"item\":\"https:\\\/\\\/srokacompany.com\\\/es\\\/\"},{\"@type\":\"ListItem\",\"position\":2,\"name\":\"Tienda\",\"item\":\"https:\\\/\\\/srokacompany.com\\\/tienda\\\/\"},{\"@type\":\"ListItem\",\"position\":3,\"name\":\"Paleta hinchable 12&rsquo;6 x 28 x 6 Alpha Fusion &#8211; Ocasi\u00f3n\"}]},{\"@type\":\"WebSite\",\"@id\":\"https:\\\/\\\/srokacompany.com\\\/es\\\/#website\",\"url\":\"https:\\\/\\\/srokacompany.com\\\/es\\\/\",\"name\":\"SROKA Company\",\"description\":\"SUP, Kite, Foil, Wing\",\"publisher\":{\"@id\":\"https:\\\/\\\/srokacompany.com\\\/es\\\/#organization\"},\"potentialAction\":[{\"@type\":\"SearchAction\",\"target\":{\"@type\":\"EntryPoint\",\"urlTemplate\":\"https:\\\/\\\/srokacompany.com\\\/es\\\/?s={search_term_string}\"},\"query-input\":{\"@type\":\"PropertyValueSpecification\",\"valueRequired\":true,\"valueName\":\"search_term_string\"}}],\"inLanguage\":\"es\"},{\"@type\":\"Organization\",\"@id\":\"https:\\\/\\\/srokacompany.com\\\/es\\\/#organization\",\"name\":\"SROKACOMPANY\",\"alternateName\":\"SROKA\",\"url\":\"https:\\\/\\\/srokacompany.com\\\/es\\\/\",\"logo\":{\"@type\":\"ImageObject\",\"inLanguage\":\"es\",\"@id\":\"https:\\\/\\\/srokacompany.com\\\/es\\\/#\\\/schema\\\/logo\\\/image\\\/\",\"url\":\"https:\\\/\\\/srokacompany.com\\\/wp-content\\\/uploads\\\/2021\\\/01\\\/logo-sroka-black-transpa.png\",\"contentUrl\":\"https:\\\/\\\/srokacompany.com\\\/wp-content\\\/uploads\\\/2021\\\/01\\\/logo-sroka-black-transpa.png\",\"width\":1201,\"height\":342,\"caption\":\"SROKACOMPANY\"},\"image\":{\"@id\":\"https:\\\/\\\/srokacompany.com\\\/es\\\/#\\\/schema\\\/logo\\\/image\\\/\"},\"sameAs\":[\"https:\\\/\\\/www.facebook.com\\\/srokawatersports\\\/\",\"https:\\\/\\\/www.instagram.com\\\/srokawatersports\\\/\",\"https:\\\/\\\/www.youtube.com\\\/channel\\\/UCVLHHeaPIm-J5bdEUgxqtZA\"]}]}<\/script>\n<!-- \/ Yoast SEO plugin. -->","yoast_head_json":{"title":"Paddle Hinchable Alpha 12'6x28 Fusion - SROKA Company","description":"El remo hinchable Alpha 12'6 x 28 x 6, de segunda mano, es una tabla de alto rendimiento en el agua. Es el remo ideal para el entrenamiento y la competici\u00f3n.","robots":{"index":"index","follow":"follow","max-snippet":"max-snippet:-1","max-image-preview":"max-image-preview:large","max-video-preview":"max-video-preview:-1"},"canonical":"https:\/\/srokacompany.com\/es\/produit\/paleta-hinchable-126-x-28-x-6-alpha-fusion-ocasion\/","og_locale":"es_ES","og_type":"article","og_title":"Paddle Hinchable Alpha 12'6x28 Fusion - SROKA Company","og_description":"El remo hinchable Alpha 12'6 x 28 x 6, de segunda mano, es una tabla de alto rendimiento en el agua. Es el remo ideal para el entrenamiento y la competici\u00f3n.","og_url":"https:\/\/srokacompany.com\/es\/produit\/paleta-hinchable-126-x-28-x-6-alpha-fusion-ocasion\/","og_site_name":"SROKA Company","article_publisher":"https:\/\/www.facebook.com\/srokawatersports\/","article_modified_time":"2025-10-31T17:12:15+00:00","og_image":[{"width":1493,"height":1991,"url":"https:\/\/srokacompany.com\/wp-content\/uploads\/2023\/04\/126x28-6.jpg","type":"image\/jpeg"}],"twitter_misc":{"Tiempo de lectura":"1 minuto"},"schema":{"@context":"https:\/\/schema.org","@graph":[{"@type":"WebPage","@id":"https:\/\/srokacompany.com\/es\/produit\/paleta-hinchable-126-x-28-x-6-alpha-fusion-ocasion\/","url":"https:\/\/srokacompany.com\/es\/produit\/paleta-hinchable-126-x-28-x-6-alpha-fusion-ocasion\/","name":"Paddle Hinchable Alpha 12'6x28 Fusion - SROKA Company","isPartOf":{"@id":"https:\/\/srokacompany.com\/es\/#website"},"primaryImageOfPage":{"@id":"https:\/\/srokacompany.com\/es\/produit\/paleta-hinchable-126-x-28-x-6-alpha-fusion-ocasion\/#primaryimage"},"image":{"@id":"https:\/\/srokacompany.com\/es\/produit\/paleta-hinchable-126-x-28-x-6-alpha-fusion-ocasion\/#primaryimage"},"thumbnailUrl":"https:\/\/srokacompany.com\/wp-content\/uploads\/2023\/04\/126x28-6.jpg","datePublished":"2023-04-13T14:43:56+00:00","dateModified":"2025-10-31T17:12:15+00:00","description":"El remo hinchable Alpha 12'6 x 28 x 6, de segunda mano, es una tabla de alto rendimiento en el agua. Es el remo ideal para el entrenamiento y la competici\u00f3n.","breadcrumb":{"@id":"https:\/\/srokacompany.com\/es\/produit\/paleta-hinchable-126-x-28-x-6-alpha-fusion-ocasion\/#breadcrumb"},"inLanguage":"es","potentialAction":[{"@type":"ReadAction","target":["https:\/\/srokacompany.com\/es\/produit\/paleta-hinchable-126-x-28-x-6-alpha-fusion-ocasion\/"]}]},{"@type":"ImageObject","inLanguage":"es","@id":"https:\/\/srokacompany.com\/es\/produit\/paleta-hinchable-126-x-28-x-6-alpha-fusion-ocasion\/#primaryimage","url":"https:\/\/srokacompany.com\/wp-content\/uploads\/2023\/04\/126x28-6.jpg","contentUrl":"https:\/\/srokacompany.com\/wp-content\/uploads\/2023\/04\/126x28-6.jpg","width":1493,"height":1991},{"@type":"BreadcrumbList","@id":"https:\/\/srokacompany.com\/es\/produit\/paleta-hinchable-126-x-28-x-6-alpha-fusion-ocasion\/#breadcrumb","itemListElement":[{"@type":"ListItem","position":1,"name":"Accueil","item":"https:\/\/srokacompany.com\/es\/"},{"@type":"ListItem","position":2,"name":"Tienda","item":"https:\/\/srokacompany.com\/tienda\/"},{"@type":"ListItem","position":3,"name":"Paleta hinchable 12&rsquo;6 x 28 x 6 Alpha Fusion &#8211; Ocasi\u00f3n"}]},{"@type":"WebSite","@id":"https:\/\/srokacompany.com\/es\/#website","url":"https:\/\/srokacompany.com\/es\/","name":"SROKA Company","description":"SUP, Kite, Foil, Wing","publisher":{"@id":"https:\/\/srokacompany.com\/es\/#organization"},"potentialAction":[{"@type":"SearchAction","target":{"@type":"EntryPoint","urlTemplate":"https:\/\/srokacompany.com\/es\/?s={search_term_string}"},"query-input":{"@type":"PropertyValueSpecification","valueRequired":true,"valueName":"search_term_string"}}],"inLanguage":"es"},{"@type":"Organization","@id":"https:\/\/srokacompany.com\/es\/#organization","name":"SROKACOMPANY","alternateName":"SROKA","url":"https:\/\/srokacompany.com\/es\/","logo":{"@type":"ImageObject","inLanguage":"es","@id":"https:\/\/srokacompany.com\/es\/#\/schema\/logo\/image\/","url":"https:\/\/srokacompany.com\/wp-content\/uploads\/2021\/01\/logo-sroka-black-transpa.png","contentUrl":"https:\/\/srokacompany.com\/wp-content\/uploads\/2021\/01\/logo-sroka-black-transpa.png","width":1201,"height":342,"caption":"SROKACOMPANY"},"image":{"@id":"https:\/\/srokacompany.com\/es\/#\/schema\/logo\/image\/"},"sameAs":["https:\/\/www.facebook.com\/srokawatersports\/","https:\/\/www.instagram.com\/srokawatersports\/","https:\/\/www.youtube.com\/channel\/UCVLHHeaPIm-J5bdEUgxqtZA"]}]}},"uagb_featured_image_src":{"full":["https:\/\/srokacompany.com\/wp-content\/uploads\/2023\/04\/126x28-6.jpg",1493,1991,false],"thumbnail":["https:\/\/srokacompany.com\/wp-content\/uploads\/2023\/04\/126x28-6-150x150.jpg",150,150,true],"medium":["https:\/\/srokacompany.com\/wp-content\/uploads\/2023\/04\/126x28-6-225x300.jpg",225,300,true],"medium_large":["https:\/\/srokacompany.com\/wp-content\/uploads\/2023\/04\/126x28-6-768x1024.jpg",768,1024,true],"large":["https:\/\/srokacompany.com\/wp-content\/uploads\/2023\/04\/126x28-6-768x1024.jpg",768,1024,true],"1536x1536":["https:\/\/srokacompany.com\/wp-content\/uploads\/2023\/04\/126x28-6-1152x1536.jpg",1152,1536,true],"2048x2048":["https:\/\/srokacompany.com\/wp-content\/uploads\/2023\/04\/126x28-6.jpg",1493,1991,false],"woocommerce_thumbnail":["https:\/\/srokacompany.com\/wp-content\/uploads\/2023\/04\/126x28-6-600x800.jpg",600,800,true],"woocommerce_single":["https:\/\/srokacompany.com\/wp-content\/uploads\/2023\/04\/126x28-6-600x800.jpg",600,800,true],"woocommerce_gallery_thumbnail":["https:\/\/srokacompany.com\/wp-content\/uploads\/2023\/04\/126x28-6-100x100.jpg",100,100,true],"dgwt-wcas-product-suggestion":["https:\/\/srokacompany.com\/wp-content\/uploads\/2023\/04\/126x28-6.jpg",64,85,false]},"uagb_author_info":{"display_name":"Emmanuel DIJOUX","author_link":"https:\/\/srokacompany.com\/es\/blog\/author\/"},"uagb_comment_info":0,"uagb_excerpt":"Los remos Alpha son remos hinchables de gama alta dise\u00f1ados para deslizarse y y aventura.","jetpack_sharing_enabled":true,"_links":{"self":[{"href":"https:\/\/srokacompany.com\/es\/wp-json\/wp\/v2\/product\/345988","targetHints":{"allow":["GET"]}}],"collection":[{"href":"https:\/\/srokacompany.com\/es\/wp-json\/wp\/v2\/product"}],"about":[{"href":"https:\/\/srokacompany.com\/es\/wp-json\/wp\/v2\/types\/product"}],"wp:featuredmedia":[{"embeddable":true,"href":"https:\/\/srokacompany.com\/es\/wp-json\/wp\/v2\/media\/345990"}],"wp:attachment":[{"href":"https:\/\/srokacompany.com\/es\/wp-json\/wp\/v2\/media?parent=345988"}],"wp:term":[{"taxonomy":"product_brand","embeddable":true,"href":"https:\/\/srokacompany.com\/es\/wp-json\/wp\/v2\/product_brand?post=345988"},{"taxonomy":"product_cat","embeddable":true,"href":"https:\/\/srokacompany.com\/es\/wp-json\/wp\/v2\/product_cat?post=345988"},{"taxonomy":"product_tag","embeddable":true,"href":"https:\/\/srokacompany.com\/es\/wp-json\/wp\/v2\/product_tag?post=345988"}],"curies":[{"name":"wp","href":"https:\/\/api.w.org\/{rel}","templated":true}]}}