{"id":346091,"date":"2023-06-07T08:43:27","date_gmt":"2023-06-07T06:43:27","guid":{"rendered":"https:\/\/srokacompany.com\/produit\/tabla-sky-rider-48-usada-wing-foil\/"},"modified":"2023-06-07T08:43:27","modified_gmt":"2023-06-07T06:43:27","slug":"tabla-sky-rider-48-usada-wing-foil","status":"publish","type":"product","link":"https:\/\/srokacompany.com\/es\/produit\/tabla-sky-rider-48-usada-wing-foil\/","title":{"rendered":"Tabla Sky Rider 4&#8217;8 Usada Wing Foil"},"content":{"rendered":"<hr>\n<h2>Sky Rider 4&#8217;8 WING FOIL BOARD USADO &#8211; <a href=\"https:\/\/srokacompany.com\/es\/produit\/tablas-sky-rider-48-y-52\/\">DESCRIPCI\u00d3N COMPLETA AQU\u00cd<\/a><\/h2>\n<p>  Hemos desarrollado esta gama de peque\u00f1os tableros de laminado para que siga progresando y mejorando. Hasta ahora, ofrec\u00edamos tablas con un volumen de m\u00e1s de 90 L. Pero con la progresi\u00f3n del nivel general de los riders, respondemos a sus expectativas con tablas m\u00e1s cortas, perfectas para saltar, para ir m\u00e1s r\u00e1pido, para tener m\u00e1s maniobrabilidad en las olas o en freestyle. Las Sky Rider 4&#8217;8 y 5&#8217;2 fueron creadas con esto en mente. Nuestro producto ha sido <strong>construido para durar<\/strong>. Hemos descubierto que, con demasiada frecuencia, las tablas tienen problemas de fragilidad, rotura, delaminaci\u00f3n y hundimiento de la cubierta cuando los riders exigen un rendimiento m\u00ednimo de su tabla foil. Por eso nos hemos mantenido fieles a nuestra filosof\u00eda: crear productos duraderos y de alto rendimiento eliminando al mismo tiempo el 99,9% del servicio postventa. No hay forma de que tu tabla se rompa despu\u00e9s de 15 sesiones o unos pocos saltos. La tabla Sky Rider 4&#8217;8 o 5&#8217;2 wingfoil es perfecta para <strong>freestyle<\/strong>, race o <strong>diversi\u00f3n<\/strong> en olas <strong>.<\/strong> Con una buena anchura de tabla, la estabilidad est\u00e1 ah\u00ed, especialmente en la salida. Estas tablas super vers\u00e1tiles son para riders intermedios y experimentados para llevar su riding al siguiente nivel.        <\/p>\n","protected":false},"excerpt":{"rendered":"<p>Sky Rider 4&#8217;8 WING FOIL BOARD USADO &#8211; DESCRIPCI\u00d3N COMPLETA AQU\u00cd Hemos desarrollado esta gama de peque\u00f1os tableros de laminado para que siga progresando y mejorando. Hasta ahora, ofrec\u00edamos tablas con un volumen de m\u00e1s de 90 L. Pero con la progresi\u00f3n del nivel general de los riders, respondemos a sus expectativas con tablas m\u00e1s [&hellip;]<\/p>\n","protected":false},"featured_media":0,"template":"","meta":{"_acf_changed":false,"_uag_custom_page_level_css":""},"product_brand":[],"product_cat":[3154],"product_tag":[],"class_list":{"0":"post-346091","1":"product","2":"type-product","3":"status-publish","5":"product_cat-tous-nos-foils-uha","7":"first","8":"instock","9":"taxable","10":"shipping-taxable","11":"product-type-simple"},"acf":[],"yoast_head":"<!-- This site is optimized with the Yoast SEO plugin v27.4 - https:\/\/yoast.com\/product\/yoast-seo-wordpress\/ -->\n<title>Tabla Sky Rider 4&#039;8 Usada Wing Foil - SROKA Company<\/title>\n<meta name=\"robots\" content=\"index, follow, max-snippet:-1, max-image-preview:large, max-video-preview:-1\" \/>\n<link rel=\"canonical\" href=\"https:\/\/srokacompany.com\/es\/produit\/tabla-sky-rider-48-usada-wing-foil\/\" \/>\n<meta property=\"og:locale\" content=\"es_ES\" \/>\n<meta property=\"og:type\" content=\"article\" \/>\n<meta property=\"og:title\" content=\"Tabla Sky Rider 4&#039;8 Usada Wing Foil - SROKA Company\" \/>\n<meta property=\"og:description\" content=\"Sky Rider 4&#8217;8 WING FOIL BOARD USADO &#8211; DESCRIPCI\u00d3N COMPLETA AQU\u00cd Hemos desarrollado esta gama de peque\u00f1os tableros de laminado para que siga progresando y mejorando. Hasta ahora, ofrec\u00edamos tablas con un volumen de m\u00e1s de 90 L. Pero con la progresi\u00f3n del nivel general de los riders, respondemos a sus expectativas con tablas m\u00e1s [&hellip;]\" \/>\n<meta property=\"og:url\" content=\"https:\/\/srokacompany.com\/es\/produit\/tabla-sky-rider-48-usada-wing-foil\/\" \/>\n<meta property=\"og:site_name\" content=\"SROKA Company\" \/>\n<meta property=\"article:publisher\" content=\"https:\/\/www.facebook.com\/srokawatersports\/\" \/>\n<meta name=\"twitter:label1\" content=\"Tiempo de lectura\" \/>\n\t<meta name=\"twitter:data1\" content=\"1 minuto\" \/>\n<script type=\"application\/ld+json\" class=\"yoast-schema-graph\">{\"@context\":\"https:\\\/\\\/schema.org\",\"@graph\":[{\"@type\":\"WebPage\",\"@id\":\"https:\\\/\\\/srokacompany.com\\\/es\\\/produit\\\/tabla-sky-rider-48-usada-wing-foil\\\/\",\"url\":\"https:\\\/\\\/srokacompany.com\\\/es\\\/produit\\\/tabla-sky-rider-48-usada-wing-foil\\\/\",\"name\":\"Tabla Sky Rider 4'8 Usada Wing Foil - SROKA Company\",\"isPartOf\":{\"@id\":\"https:\\\/\\\/srokacompany.com\\\/es\\\/#website\"},\"datePublished\":\"2023-06-07T06:43:27+00:00\",\"breadcrumb\":{\"@id\":\"https:\\\/\\\/srokacompany.com\\\/es\\\/produit\\\/tabla-sky-rider-48-usada-wing-foil\\\/#breadcrumb\"},\"inLanguage\":\"es\",\"potentialAction\":[{\"@type\":\"ReadAction\",\"target\":[\"https:\\\/\\\/srokacompany.com\\\/es\\\/produit\\\/tabla-sky-rider-48-usada-wing-foil\\\/\"]}]},{\"@type\":\"BreadcrumbList\",\"@id\":\"https:\\\/\\\/srokacompany.com\\\/es\\\/produit\\\/tabla-sky-rider-48-usada-wing-foil\\\/#breadcrumb\",\"itemListElement\":[{\"@type\":\"ListItem\",\"position\":1,\"name\":\"Accueil\",\"item\":\"https:\\\/\\\/srokacompany.com\\\/es\\\/\"},{\"@type\":\"ListItem\",\"position\":2,\"name\":\"Tienda\",\"item\":\"https:\\\/\\\/srokacompany.com\\\/tienda\\\/\"},{\"@type\":\"ListItem\",\"position\":3,\"name\":\"Tabla Sky Rider 4&#8217;8 Usada Wing Foil\"}]},{\"@type\":\"WebSite\",\"@id\":\"https:\\\/\\\/srokacompany.com\\\/es\\\/#website\",\"url\":\"https:\\\/\\\/srokacompany.com\\\/es\\\/\",\"name\":\"SROKA Company\",\"description\":\"SUP, Kite, Foil, Wing\",\"publisher\":{\"@id\":\"https:\\\/\\\/srokacompany.com\\\/es\\\/#organization\"},\"potentialAction\":[{\"@type\":\"SearchAction\",\"target\":{\"@type\":\"EntryPoint\",\"urlTemplate\":\"https:\\\/\\\/srokacompany.com\\\/es\\\/?s={search_term_string}\"},\"query-input\":{\"@type\":\"PropertyValueSpecification\",\"valueRequired\":true,\"valueName\":\"search_term_string\"}}],\"inLanguage\":\"es\"},{\"@type\":\"Organization\",\"@id\":\"https:\\\/\\\/srokacompany.com\\\/es\\\/#organization\",\"name\":\"SROKACOMPANY\",\"alternateName\":\"SROKA\",\"url\":\"https:\\\/\\\/srokacompany.com\\\/es\\\/\",\"logo\":{\"@type\":\"ImageObject\",\"inLanguage\":\"es\",\"@id\":\"https:\\\/\\\/srokacompany.com\\\/es\\\/#\\\/schema\\\/logo\\\/image\\\/\",\"url\":\"https:\\\/\\\/srokacompany.com\\\/wp-content\\\/uploads\\\/2021\\\/01\\\/logo-sroka-black-transpa.png\",\"contentUrl\":\"https:\\\/\\\/srokacompany.com\\\/wp-content\\\/uploads\\\/2021\\\/01\\\/logo-sroka-black-transpa.png\",\"width\":1201,\"height\":342,\"caption\":\"SROKACOMPANY\"},\"image\":{\"@id\":\"https:\\\/\\\/srokacompany.com\\\/es\\\/#\\\/schema\\\/logo\\\/image\\\/\"},\"sameAs\":[\"https:\\\/\\\/www.facebook.com\\\/srokawatersports\\\/\",\"https:\\\/\\\/www.instagram.com\\\/srokawatersports\\\/\",\"https:\\\/\\\/www.youtube.com\\\/channel\\\/UCVLHHeaPIm-J5bdEUgxqtZA\"]}]}<\/script>\n<!-- \/ Yoast SEO plugin. -->","yoast_head_json":{"title":"Tabla Sky Rider 4'8 Usada Wing Foil - SROKA Company","robots":{"index":"index","follow":"follow","max-snippet":"max-snippet:-1","max-image-preview":"max-image-preview:large","max-video-preview":"max-video-preview:-1"},"canonical":"https:\/\/srokacompany.com\/es\/produit\/tabla-sky-rider-48-usada-wing-foil\/","og_locale":"es_ES","og_type":"article","og_title":"Tabla Sky Rider 4'8 Usada Wing Foil - SROKA Company","og_description":"Sky Rider 4&#8217;8 WING FOIL BOARD USADO &#8211; DESCRIPCI\u00d3N COMPLETA AQU\u00cd Hemos desarrollado esta gama de peque\u00f1os tableros de laminado para que siga progresando y mejorando. Hasta ahora, ofrec\u00edamos tablas con un volumen de m\u00e1s de 90 L. Pero con la progresi\u00f3n del nivel general de los riders, respondemos a sus expectativas con tablas m\u00e1s [&hellip;]","og_url":"https:\/\/srokacompany.com\/es\/produit\/tabla-sky-rider-48-usada-wing-foil\/","og_site_name":"SROKA Company","article_publisher":"https:\/\/www.facebook.com\/srokawatersports\/","twitter_misc":{"Tiempo de lectura":"1 minuto"},"schema":{"@context":"https:\/\/schema.org","@graph":[{"@type":"WebPage","@id":"https:\/\/srokacompany.com\/es\/produit\/tabla-sky-rider-48-usada-wing-foil\/","url":"https:\/\/srokacompany.com\/es\/produit\/tabla-sky-rider-48-usada-wing-foil\/","name":"Tabla Sky Rider 4'8 Usada Wing Foil - SROKA Company","isPartOf":{"@id":"https:\/\/srokacompany.com\/es\/#website"},"datePublished":"2023-06-07T06:43:27+00:00","breadcrumb":{"@id":"https:\/\/srokacompany.com\/es\/produit\/tabla-sky-rider-48-usada-wing-foil\/#breadcrumb"},"inLanguage":"es","potentialAction":[{"@type":"ReadAction","target":["https:\/\/srokacompany.com\/es\/produit\/tabla-sky-rider-48-usada-wing-foil\/"]}]},{"@type":"BreadcrumbList","@id":"https:\/\/srokacompany.com\/es\/produit\/tabla-sky-rider-48-usada-wing-foil\/#breadcrumb","itemListElement":[{"@type":"ListItem","position":1,"name":"Accueil","item":"https:\/\/srokacompany.com\/es\/"},{"@type":"ListItem","position":2,"name":"Tienda","item":"https:\/\/srokacompany.com\/tienda\/"},{"@type":"ListItem","position":3,"name":"Tabla Sky Rider 4&#8217;8 Usada Wing Foil"}]},{"@type":"WebSite","@id":"https:\/\/srokacompany.com\/es\/#website","url":"https:\/\/srokacompany.com\/es\/","name":"SROKA Company","description":"SUP, Kite, Foil, Wing","publisher":{"@id":"https:\/\/srokacompany.com\/es\/#organization"},"potentialAction":[{"@type":"SearchAction","target":{"@type":"EntryPoint","urlTemplate":"https:\/\/srokacompany.com\/es\/?s={search_term_string}"},"query-input":{"@type":"PropertyValueSpecification","valueRequired":true,"valueName":"search_term_string"}}],"inLanguage":"es"},{"@type":"Organization","@id":"https:\/\/srokacompany.com\/es\/#organization","name":"SROKACOMPANY","alternateName":"SROKA","url":"https:\/\/srokacompany.com\/es\/","logo":{"@type":"ImageObject","inLanguage":"es","@id":"https:\/\/srokacompany.com\/es\/#\/schema\/logo\/image\/","url":"https:\/\/srokacompany.com\/wp-content\/uploads\/2021\/01\/logo-sroka-black-transpa.png","contentUrl":"https:\/\/srokacompany.com\/wp-content\/uploads\/2021\/01\/logo-sroka-black-transpa.png","width":1201,"height":342,"caption":"SROKACOMPANY"},"image":{"@id":"https:\/\/srokacompany.com\/es\/#\/schema\/logo\/image\/"},"sameAs":["https:\/\/www.facebook.com\/srokawatersports\/","https:\/\/www.instagram.com\/srokawatersports\/","https:\/\/www.youtube.com\/channel\/UCVLHHeaPIm-J5bdEUgxqtZA"]}]}},"uagb_featured_image_src":{"full":false,"thumbnail":false,"medium":false,"medium_large":false,"large":false,"1536x1536":false,"2048x2048":false,"woocommerce_thumbnail":false,"woocommerce_single":false,"woocommerce_gallery_thumbnail":false,"dgwt-wcas-product-suggestion":false},"uagb_author_info":{"display_name":"Emmanuel DIJOUX","author_link":"https:\/\/srokacompany.com\/es\/blog\/author\/"},"uagb_comment_info":0,"uagb_excerpt":"Sky Rider 4&#8217;8 WING FOIL BOARD USADO &#8211; DESCRIPCI\u00d3N COMPLETA AQU\u00cd Hemos desarrollado esta gama de peque\u00f1os tableros de laminado para que siga progresando y mejorando. Hasta ahora, ofrec\u00edamos tablas con un volumen de m\u00e1s de 90 L. Pero con la progresi\u00f3n del nivel general de los riders, respondemos a sus expectativas con tablas m\u00e1s&hellip;","jetpack_sharing_enabled":true,"_links":{"self":[{"href":"https:\/\/srokacompany.com\/es\/wp-json\/wp\/v2\/product\/346091","targetHints":{"allow":["GET"]}}],"collection":[{"href":"https:\/\/srokacompany.com\/es\/wp-json\/wp\/v2\/product"}],"about":[{"href":"https:\/\/srokacompany.com\/es\/wp-json\/wp\/v2\/types\/product"}],"wp:attachment":[{"href":"https:\/\/srokacompany.com\/es\/wp-json\/wp\/v2\/media?parent=346091"}],"wp:term":[{"taxonomy":"product_brand","embeddable":true,"href":"https:\/\/srokacompany.com\/es\/wp-json\/wp\/v2\/product_brand?post=346091"},{"taxonomy":"product_cat","embeddable":true,"href":"https:\/\/srokacompany.com\/es\/wp-json\/wp\/v2\/product_cat?post=346091"},{"taxonomy":"product_tag","embeddable":true,"href":"https:\/\/srokacompany.com\/es\/wp-json\/wp\/v2\/product_tag?post=346091"}],"curies":[{"name":"wp","href":"https:\/\/api.w.org\/{rel}","templated":true}]}}