{"id":346187,"date":"2017-12-26T14:45:15","date_gmt":"2017-12-26T12:45:15","guid":{"rendered":"https:\/\/srokacompany.com\/produit\/kite-foil-tabla-tabla-de-bolsillo-convertible-kitefoil-kitesurf-wake-foil-wakeboard\/"},"modified":"2025-06-27T00:05:45","modified_gmt":"2025-06-26T22:05:45","slug":"kite-foil-tabla-tabla-de-bolsillo-convertible-kitefoil-kitesurf-wake-foil-wakeboard","status":"publish","type":"product","link":"https:\/\/srokacompany.com\/es\/produit\/kite-foil-tabla-tabla-de-bolsillo-convertible-kitefoil-kitesurf-wake-foil-wakeboard\/","title":{"rendered":"Kite Foil tabla &#8211; Tabla de bolsillo convertible &#8211; Kitefoil \/ Kitesurf \/ Wake Foil \/ Wakeboard"},"content":{"rendered":"<p>Un tablero de l\u00e1mina f\u00e1cil, ligero y r\u00edgido a un precio inmejorable.<\/p>\n<hr>\n<h2>Kite Foil Board &#8211; Pocket &#8211; Wake Foil &#8211; Wakeboard<\/h2>\n<p>Esta Pocket Board te permite practicar tanto Kite Foil como Wake Foil pero tambi\u00e9n Wakeboard y Kitesurf (posibilidad de a\u00f1adir <a href=\"https:\/\/srokacompany.com\/es\/eshop\/alas-de-wing-foil\/\" target=\"_blank\" rel=\"noopener noreferrer\">aletas SROKA<\/a>). Construida en Francia (Breta\u00f1a), esta tabla s\u00f3lida y duradera se adapta a todos los foils del mercado. Equipada con inserciones, correas y aletas, esta tabla de bolsillo tiene varias cuerdas en su proa. Disponible en 125cm o 135cm. Su magn\u00edfico acabado no te dejar\u00e1 indiferente.<\/p>\n","protected":false},"excerpt":{"rendered":"<p>Un tablero de l\u00e1mina f\u00e1cil, ligero y r\u00edgido a un precio inmejorable.<\/p>\n","protected":false},"featured_media":346195,"template":"","meta":{"_acf_changed":false,"_uag_custom_page_level_css":""},"product_brand":[],"product_cat":[3603],"product_tag":[],"class_list":{"0":"post-346187","1":"product","2":"type-product","3":"status-publish","4":"has-post-thumbnail","6":"product_cat-promos-es","8":"first","9":"outofstock","10":"sale","11":"taxable","12":"shipping-taxable","13":"purchasable","14":"product-type-variable"},"acf":[],"yoast_head":"<!-- This site is optimized with the Yoast SEO plugin v27.4 - https:\/\/yoast.com\/product\/yoast-seo-wordpress\/ -->\n<title>Kite Foil tabla - La Pocket Board : Kite Foil \/ Wake Foil - SROKA Company<\/title>\n<meta name=\"description\" content=\"Kite Foil Tabla de alta gama. La Pocket Board ha sido desarrollada para hasta 4 disciplinas: Kite Foil, Kitesurf, Wake Foil y Wakeboard.\" \/>\n<meta name=\"robots\" content=\"index, follow, max-snippet:-1, max-image-preview:large, max-video-preview:-1\" \/>\n<link rel=\"canonical\" href=\"https:\/\/srokacompany.com\/es\/produit\/kite-foil-tabla-tabla-de-bolsillo-convertible-kitefoil-kitesurf-wake-foil-wakeboard\/\" \/>\n<meta property=\"og:locale\" content=\"es_ES\" \/>\n<meta property=\"og:type\" content=\"article\" \/>\n<meta property=\"og:title\" content=\"Kite Foil tabla - La Pocket Board : Kite Foil \/ Wake Foil - SROKA Company\" \/>\n<meta property=\"og:description\" content=\"Kite Foil Tabla de alta gama. La Pocket Board ha sido desarrollada para hasta 4 disciplinas: Kite Foil, Kitesurf, Wake Foil y Wakeboard.\" \/>\n<meta property=\"og:url\" content=\"https:\/\/srokacompany.com\/es\/produit\/kite-foil-tabla-tabla-de-bolsillo-convertible-kitefoil-kitesurf-wake-foil-wakeboard\/\" \/>\n<meta property=\"og:site_name\" content=\"SROKA Company\" \/>\n<meta property=\"article:publisher\" content=\"https:\/\/www.facebook.com\/srokawatersports\/\" \/>\n<meta property=\"article:modified_time\" content=\"2025-06-26T22:05:45+00:00\" \/>\n<meta property=\"og:image\" content=\"https:\/\/srokacompany.com\/wp-content\/uploads\/2017\/12\/Pocket-board-1.jpg\" \/>\n\t<meta property=\"og:image:width\" content=\"1560\" \/>\n\t<meta property=\"og:image:height\" content=\"2080\" \/>\n\t<meta property=\"og:image:type\" content=\"image\/jpeg\" \/>\n<script type=\"application\/ld+json\" class=\"yoast-schema-graph\">{\"@context\":\"https:\\\/\\\/schema.org\",\"@graph\":[{\"@type\":\"WebPage\",\"@id\":\"https:\\\/\\\/srokacompany.com\\\/es\\\/produit\\\/kite-foil-tabla-tabla-de-bolsillo-convertible-kitefoil-kitesurf-wake-foil-wakeboard\\\/\",\"url\":\"https:\\\/\\\/srokacompany.com\\\/es\\\/produit\\\/kite-foil-tabla-tabla-de-bolsillo-convertible-kitefoil-kitesurf-wake-foil-wakeboard\\\/\",\"name\":\"Kite Foil tabla - La Pocket Board : Kite Foil \\\/ Wake Foil - SROKA Company\",\"isPartOf\":{\"@id\":\"https:\\\/\\\/srokacompany.com\\\/es\\\/#website\"},\"primaryImageOfPage\":{\"@id\":\"https:\\\/\\\/srokacompany.com\\\/es\\\/produit\\\/kite-foil-tabla-tabla-de-bolsillo-convertible-kitefoil-kitesurf-wake-foil-wakeboard\\\/#primaryimage\"},\"image\":{\"@id\":\"https:\\\/\\\/srokacompany.com\\\/es\\\/produit\\\/kite-foil-tabla-tabla-de-bolsillo-convertible-kitefoil-kitesurf-wake-foil-wakeboard\\\/#primaryimage\"},\"thumbnailUrl\":\"https:\\\/\\\/srokacompany.com\\\/wp-content\\\/uploads\\\/2017\\\/12\\\/Pocket-board-1.jpg\",\"datePublished\":\"2017-12-26T12:45:15+00:00\",\"dateModified\":\"2025-06-26T22:05:45+00:00\",\"description\":\"Kite Foil Tabla de alta gama. La Pocket Board ha sido desarrollada para hasta 4 disciplinas: Kite Foil, Kitesurf, Wake Foil y Wakeboard.\",\"breadcrumb\":{\"@id\":\"https:\\\/\\\/srokacompany.com\\\/es\\\/produit\\\/kite-foil-tabla-tabla-de-bolsillo-convertible-kitefoil-kitesurf-wake-foil-wakeboard\\\/#breadcrumb\"},\"inLanguage\":\"es\",\"potentialAction\":[{\"@type\":\"ReadAction\",\"target\":[\"https:\\\/\\\/srokacompany.com\\\/es\\\/produit\\\/kite-foil-tabla-tabla-de-bolsillo-convertible-kitefoil-kitesurf-wake-foil-wakeboard\\\/\"]}]},{\"@type\":\"ImageObject\",\"inLanguage\":\"es\",\"@id\":\"https:\\\/\\\/srokacompany.com\\\/es\\\/produit\\\/kite-foil-tabla-tabla-de-bolsillo-convertible-kitefoil-kitesurf-wake-foil-wakeboard\\\/#primaryimage\",\"url\":\"https:\\\/\\\/srokacompany.com\\\/wp-content\\\/uploads\\\/2017\\\/12\\\/Pocket-board-1.jpg\",\"contentUrl\":\"https:\\\/\\\/srokacompany.com\\\/wp-content\\\/uploads\\\/2017\\\/12\\\/Pocket-board-1.jpg\",\"width\":1560,\"height\":2080,\"caption\":\"Tablero de bolsillo de la empresa Sroka\"},{\"@type\":\"BreadcrumbList\",\"@id\":\"https:\\\/\\\/srokacompany.com\\\/es\\\/produit\\\/kite-foil-tabla-tabla-de-bolsillo-convertible-kitefoil-kitesurf-wake-foil-wakeboard\\\/#breadcrumb\",\"itemListElement\":[{\"@type\":\"ListItem\",\"position\":1,\"name\":\"Accueil\",\"item\":\"https:\\\/\\\/srokacompany.com\\\/es\\\/\"},{\"@type\":\"ListItem\",\"position\":2,\"name\":\"Tienda\",\"item\":\"https:\\\/\\\/srokacompany.com\\\/tienda\\\/\"},{\"@type\":\"ListItem\",\"position\":3,\"name\":\"Kite Foil tabla &#8211; Tabla de bolsillo convertible &#8211; Kitefoil \\\/ Kitesurf \\\/ Wake Foil \\\/ Wakeboard\"}]},{\"@type\":\"WebSite\",\"@id\":\"https:\\\/\\\/srokacompany.com\\\/es\\\/#website\",\"url\":\"https:\\\/\\\/srokacompany.com\\\/es\\\/\",\"name\":\"SROKA Company\",\"description\":\"SUP, Kite, Foil, Wing\",\"publisher\":{\"@id\":\"https:\\\/\\\/srokacompany.com\\\/es\\\/#organization\"},\"potentialAction\":[{\"@type\":\"SearchAction\",\"target\":{\"@type\":\"EntryPoint\",\"urlTemplate\":\"https:\\\/\\\/srokacompany.com\\\/es\\\/?s={search_term_string}\"},\"query-input\":{\"@type\":\"PropertyValueSpecification\",\"valueRequired\":true,\"valueName\":\"search_term_string\"}}],\"inLanguage\":\"es\"},{\"@type\":\"Organization\",\"@id\":\"https:\\\/\\\/srokacompany.com\\\/es\\\/#organization\",\"name\":\"SROKACOMPANY\",\"alternateName\":\"SROKA\",\"url\":\"https:\\\/\\\/srokacompany.com\\\/es\\\/\",\"logo\":{\"@type\":\"ImageObject\",\"inLanguage\":\"es\",\"@id\":\"https:\\\/\\\/srokacompany.com\\\/es\\\/#\\\/schema\\\/logo\\\/image\\\/\",\"url\":\"https:\\\/\\\/srokacompany.com\\\/wp-content\\\/uploads\\\/2021\\\/01\\\/logo-sroka-black-transpa.png\",\"contentUrl\":\"https:\\\/\\\/srokacompany.com\\\/wp-content\\\/uploads\\\/2021\\\/01\\\/logo-sroka-black-transpa.png\",\"width\":1201,\"height\":342,\"caption\":\"SROKACOMPANY\"},\"image\":{\"@id\":\"https:\\\/\\\/srokacompany.com\\\/es\\\/#\\\/schema\\\/logo\\\/image\\\/\"},\"sameAs\":[\"https:\\\/\\\/www.facebook.com\\\/srokawatersports\\\/\",\"https:\\\/\\\/www.instagram.com\\\/srokawatersports\\\/\",\"https:\\\/\\\/www.youtube.com\\\/channel\\\/UCVLHHeaPIm-J5bdEUgxqtZA\"]}]}<\/script>\n<!-- \/ Yoast SEO plugin. -->","yoast_head_json":{"title":"Kite Foil tabla - La Pocket Board : Kite Foil \/ Wake Foil - SROKA Company","description":"Kite Foil Tabla de alta gama. La Pocket Board ha sido desarrollada para hasta 4 disciplinas: Kite Foil, Kitesurf, Wake Foil y Wakeboard.","robots":{"index":"index","follow":"follow","max-snippet":"max-snippet:-1","max-image-preview":"max-image-preview:large","max-video-preview":"max-video-preview:-1"},"canonical":"https:\/\/srokacompany.com\/es\/produit\/kite-foil-tabla-tabla-de-bolsillo-convertible-kitefoil-kitesurf-wake-foil-wakeboard\/","og_locale":"es_ES","og_type":"article","og_title":"Kite Foil tabla - La Pocket Board : Kite Foil \/ Wake Foil - SROKA Company","og_description":"Kite Foil Tabla de alta gama. La Pocket Board ha sido desarrollada para hasta 4 disciplinas: Kite Foil, Kitesurf, Wake Foil y Wakeboard.","og_url":"https:\/\/srokacompany.com\/es\/produit\/kite-foil-tabla-tabla-de-bolsillo-convertible-kitefoil-kitesurf-wake-foil-wakeboard\/","og_site_name":"SROKA Company","article_publisher":"https:\/\/www.facebook.com\/srokawatersports\/","article_modified_time":"2025-06-26T22:05:45+00:00","og_image":[{"width":1560,"height":2080,"url":"https:\/\/srokacompany.com\/wp-content\/uploads\/2017\/12\/Pocket-board-1.jpg","type":"image\/jpeg"}],"schema":{"@context":"https:\/\/schema.org","@graph":[{"@type":"WebPage","@id":"https:\/\/srokacompany.com\/es\/produit\/kite-foil-tabla-tabla-de-bolsillo-convertible-kitefoil-kitesurf-wake-foil-wakeboard\/","url":"https:\/\/srokacompany.com\/es\/produit\/kite-foil-tabla-tabla-de-bolsillo-convertible-kitefoil-kitesurf-wake-foil-wakeboard\/","name":"Kite Foil tabla - La Pocket Board : Kite Foil \/ Wake Foil - SROKA Company","isPartOf":{"@id":"https:\/\/srokacompany.com\/es\/#website"},"primaryImageOfPage":{"@id":"https:\/\/srokacompany.com\/es\/produit\/kite-foil-tabla-tabla-de-bolsillo-convertible-kitefoil-kitesurf-wake-foil-wakeboard\/#primaryimage"},"image":{"@id":"https:\/\/srokacompany.com\/es\/produit\/kite-foil-tabla-tabla-de-bolsillo-convertible-kitefoil-kitesurf-wake-foil-wakeboard\/#primaryimage"},"thumbnailUrl":"https:\/\/srokacompany.com\/wp-content\/uploads\/2017\/12\/Pocket-board-1.jpg","datePublished":"2017-12-26T12:45:15+00:00","dateModified":"2025-06-26T22:05:45+00:00","description":"Kite Foil Tabla de alta gama. La Pocket Board ha sido desarrollada para hasta 4 disciplinas: Kite Foil, Kitesurf, Wake Foil y Wakeboard.","breadcrumb":{"@id":"https:\/\/srokacompany.com\/es\/produit\/kite-foil-tabla-tabla-de-bolsillo-convertible-kitefoil-kitesurf-wake-foil-wakeboard\/#breadcrumb"},"inLanguage":"es","potentialAction":[{"@type":"ReadAction","target":["https:\/\/srokacompany.com\/es\/produit\/kite-foil-tabla-tabla-de-bolsillo-convertible-kitefoil-kitesurf-wake-foil-wakeboard\/"]}]},{"@type":"ImageObject","inLanguage":"es","@id":"https:\/\/srokacompany.com\/es\/produit\/kite-foil-tabla-tabla-de-bolsillo-convertible-kitefoil-kitesurf-wake-foil-wakeboard\/#primaryimage","url":"https:\/\/srokacompany.com\/wp-content\/uploads\/2017\/12\/Pocket-board-1.jpg","contentUrl":"https:\/\/srokacompany.com\/wp-content\/uploads\/2017\/12\/Pocket-board-1.jpg","width":1560,"height":2080,"caption":"Tablero de bolsillo de la empresa Sroka"},{"@type":"BreadcrumbList","@id":"https:\/\/srokacompany.com\/es\/produit\/kite-foil-tabla-tabla-de-bolsillo-convertible-kitefoil-kitesurf-wake-foil-wakeboard\/#breadcrumb","itemListElement":[{"@type":"ListItem","position":1,"name":"Accueil","item":"https:\/\/srokacompany.com\/es\/"},{"@type":"ListItem","position":2,"name":"Tienda","item":"https:\/\/srokacompany.com\/tienda\/"},{"@type":"ListItem","position":3,"name":"Kite Foil tabla &#8211; Tabla de bolsillo convertible &#8211; Kitefoil \/ Kitesurf \/ Wake Foil \/ Wakeboard"}]},{"@type":"WebSite","@id":"https:\/\/srokacompany.com\/es\/#website","url":"https:\/\/srokacompany.com\/es\/","name":"SROKA Company","description":"SUP, Kite, Foil, Wing","publisher":{"@id":"https:\/\/srokacompany.com\/es\/#organization"},"potentialAction":[{"@type":"SearchAction","target":{"@type":"EntryPoint","urlTemplate":"https:\/\/srokacompany.com\/es\/?s={search_term_string}"},"query-input":{"@type":"PropertyValueSpecification","valueRequired":true,"valueName":"search_term_string"}}],"inLanguage":"es"},{"@type":"Organization","@id":"https:\/\/srokacompany.com\/es\/#organization","name":"SROKACOMPANY","alternateName":"SROKA","url":"https:\/\/srokacompany.com\/es\/","logo":{"@type":"ImageObject","inLanguage":"es","@id":"https:\/\/srokacompany.com\/es\/#\/schema\/logo\/image\/","url":"https:\/\/srokacompany.com\/wp-content\/uploads\/2021\/01\/logo-sroka-black-transpa.png","contentUrl":"https:\/\/srokacompany.com\/wp-content\/uploads\/2021\/01\/logo-sroka-black-transpa.png","width":1201,"height":342,"caption":"SROKACOMPANY"},"image":{"@id":"https:\/\/srokacompany.com\/es\/#\/schema\/logo\/image\/"},"sameAs":["https:\/\/www.facebook.com\/srokawatersports\/","https:\/\/www.instagram.com\/srokawatersports\/","https:\/\/www.youtube.com\/channel\/UCVLHHeaPIm-J5bdEUgxqtZA"]}]}},"uagb_featured_image_src":{"full":["https:\/\/srokacompany.com\/wp-content\/uploads\/2017\/12\/Pocket-board-1.jpg",1560,2080,false],"thumbnail":["https:\/\/srokacompany.com\/wp-content\/uploads\/2017\/12\/Pocket-board-1-150x150.jpg",150,150,true],"medium":["https:\/\/srokacompany.com\/wp-content\/uploads\/2017\/12\/Pocket-board-1-225x300.jpg",225,300,true],"medium_large":["https:\/\/srokacompany.com\/wp-content\/uploads\/2017\/12\/Pocket-board-1-768x1024.jpg",768,1024,true],"large":["https:\/\/srokacompany.com\/wp-content\/uploads\/2017\/12\/Pocket-board-1-768x1024.jpg",768,1024,true],"1536x1536":["https:\/\/srokacompany.com\/wp-content\/uploads\/2017\/12\/Pocket-board-1-1152x1536.jpg",1152,1536,true],"2048x2048":["https:\/\/srokacompany.com\/wp-content\/uploads\/2017\/12\/Pocket-board-1-1536x2048.jpg",1536,2048,true],"woocommerce_thumbnail":["https:\/\/srokacompany.com\/wp-content\/uploads\/2017\/12\/Pocket-board-1-600x800.jpg",600,800,true],"woocommerce_single":["https:\/\/srokacompany.com\/wp-content\/uploads\/2017\/12\/Pocket-board-1-600x800.jpg",600,800,true],"woocommerce_gallery_thumbnail":["https:\/\/srokacompany.com\/wp-content\/uploads\/2017\/12\/Pocket-board-1-100x100.jpg",100,100,true],"dgwt-wcas-product-suggestion":["https:\/\/srokacompany.com\/wp-content\/uploads\/2017\/12\/Pocket-board-1.jpg",64,85,false]},"uagb_author_info":{"display_name":"Bruno Sroka","author_link":"https:\/\/srokacompany.com\/es\/blog\/author\/"},"uagb_comment_info":0,"uagb_excerpt":"Un tablero de l\u00e1mina f\u00e1cil, ligero y r\u00edgido a un precio inmejorable.","jetpack_sharing_enabled":true,"_links":{"self":[{"href":"https:\/\/srokacompany.com\/es\/wp-json\/wp\/v2\/product\/346187","targetHints":{"allow":["GET"]}}],"collection":[{"href":"https:\/\/srokacompany.com\/es\/wp-json\/wp\/v2\/product"}],"about":[{"href":"https:\/\/srokacompany.com\/es\/wp-json\/wp\/v2\/types\/product"}],"wp:featuredmedia":[{"embeddable":true,"href":"https:\/\/srokacompany.com\/es\/wp-json\/wp\/v2\/media\/346195"}],"wp:attachment":[{"href":"https:\/\/srokacompany.com\/es\/wp-json\/wp\/v2\/media?parent=346187"}],"wp:term":[{"taxonomy":"product_brand","embeddable":true,"href":"https:\/\/srokacompany.com\/es\/wp-json\/wp\/v2\/product_brand?post=346187"},{"taxonomy":"product_cat","embeddable":true,"href":"https:\/\/srokacompany.com\/es\/wp-json\/wp\/v2\/product_cat?post=346187"},{"taxonomy":"product_tag","embeddable":true,"href":"https:\/\/srokacompany.com\/es\/wp-json\/wp\/v2\/product_tag?post=346187"}],"curies":[{"name":"wp","href":"https:\/\/api.w.org\/{rel}","templated":true}]}}