{"id":346522,"date":"2018-01-10T05:33:12","date_gmt":"2018-01-10T05:33:12","guid":{"rendered":"https:\/\/srokacompany.com\/produit\/pala-regulable-50-carbono-plastico-palido-2-o-3-partes\/"},"modified":"2025-06-27T00:06:29","modified_gmt":"2025-06-26T22:06:29","slug":"pala-regulable-50-carbono-plastico-palido-2-o-3-partes","status":"publish","type":"product","link":"https:\/\/srokacompany.com\/es\/produit\/pala-regulable-50-carbono-plastico-palido-2-o-3-partes\/","title":{"rendered":"Pala regulable 50% carbono, pl\u00e1stico p\u00e1lido, 2 o 3 partes"},"content":{"rendered":"<hr>\n<h1><strong>Pala SUP eje ajustable 50% carbono y pl\u00e1stico p\u00e1lido en 2 o 3 partes<\/strong><\/h1>\n<p>Este <strong><a href=\"https:\/\/srokacompany.com\/es\/eshop\/tabla-de-paddle-surf\/\">remo ajustable Vario 50% carbono para SUP<\/a> (stand-up paddle), pl\u00e1stico p\u00e1lido 2-3 partes<\/strong>, tiene un eje 50% carbono para mayor ligereza y flexibilidad. La pala fabricada en fibra y pl\u00e1stico en un dise\u00f1o de carbono es agradable, f\u00e1cil y sobre todo resistente. Es ideal para los primeros golpes del remo y est\u00e1 disponible en 2 partes (ajustable) o 3 partes (ajustable y desmontable) para facilitar su uso. Es posible ajustar la longitud de la pala gracias al sistema de ajuste. En solo unos pocos movimientos, el tama\u00f1o se puede ajustar seg\u00fan sus deseos. Esta pala de carbono 50% es ajustable de 171 a 213 cm de largo y su pala mide 19 cm.<\/p>\n<p><strong>Descubra nuestra gama de Stand up Paddle:  <\/strong><\/p>\n<ul>\n<li><a href=\"https:\/\/srokacompany.com\/es\/eshop\/palas-hinchables\/\">Malibus<\/a> para la familia<\/li>\n<li>Alfas para la aventura<\/li>\n<li>El dise\u00f1o \u00fanico de <a href=\"https:\/\/srokacompany.com\/es\/produit\/pala-hinchable-para-mujer-girly-fusion\/\">Girly <\/a> <\/li>\n<li>Primeros precios con la calidad Sroka: la gama <a href=\"https:\/\/srokacompany.com\/es\/produit\/easy-116-segunda-mano\/\">Easy<\/a><\/li>\n<li><a href=\"https:\/\/srokacompany.com\/es\/eshop\/accesorios-de-padel\/\">Todos nuestros accesorios  <\/a><\/li>\n<\/ul>\n","protected":false},"excerpt":{"rendered":"<p>Este <strong><a href=\"https:\/\/srokacompany.com\/es\/eshop\/tabla-de-paddle-surf\/\">remo ajustable Vario 50% carbono para SUP<\/a> (stand-up paddle), pl\u00e1stico p\u00e1lido 2-3 partes<\/strong>, tiene un eje 50% carbono para mayor ligereza y flexibilidad.<\/p>\n","protected":false},"featured_media":346523,"template":"","meta":{"_acf_changed":false,"_uag_custom_page_level_css":""},"product_brand":[],"product_cat":[3597,3674],"product_tag":[],"class_list":{"0":"post-346522","1":"product","2":"type-product","3":"status-publish","4":"has-post-thumbnail","6":"product_cat-accesorios-de-padel","7":"product_cat-tabla-de-paddle-surf","9":"first","10":"instock","11":"taxable","12":"shipping-taxable","13":"purchasable","14":"product-type-variable"},"acf":[],"yoast_head":"<!-- This site is optimized with the Yoast SEO plugin v27.4 - https:\/\/yoast.com\/product\/yoast-seo-wordpress\/ -->\n<title>Pala SUP ajustable 50% carbono vario, pala 2-3 partes pl\u00e1stico<\/title>\n<meta name=\"description\" content=\"Esta pala de la empresa Sroka de SUP es ajustable, 50% carbono, pala de pl\u00e1stico y est\u00e1 disponible en 2 o 3 partes. Rendimiento al mejor precio.\" \/>\n<meta name=\"robots\" content=\"index, follow, max-snippet:-1, max-image-preview:large, max-video-preview:-1\" \/>\n<link rel=\"canonical\" href=\"https:\/\/srokacompany.com\/es\/produit\/pala-regulable-50-carbono-plastico-palido-2-o-3-partes\/\" \/>\n<meta property=\"og:locale\" content=\"es_ES\" \/>\n<meta property=\"og:type\" content=\"article\" \/>\n<meta property=\"og:title\" content=\"Pala SUP ajustable 50% carbono vario, pala 2-3 partes pl\u00e1stico\" \/>\n<meta property=\"og:description\" content=\"Esta pala de la empresa Sroka de SUP es ajustable, 50% carbono, pala de pl\u00e1stico y est\u00e1 disponible en 2 o 3 partes. Rendimiento al mejor precio.\" \/>\n<meta property=\"og:url\" content=\"https:\/\/srokacompany.com\/es\/produit\/pala-regulable-50-carbono-plastico-palido-2-o-3-partes\/\" \/>\n<meta property=\"og:site_name\" content=\"SROKA Company\" \/>\n<meta property=\"article:publisher\" content=\"https:\/\/www.facebook.com\/srokawatersports\/\" \/>\n<meta property=\"article:modified_time\" content=\"2025-06-26T22:06:29+00:00\" \/>\n<meta property=\"og:image\" content=\"https:\/\/srokacompany.com\/wp-content\/uploads\/2018\/01\/50-carbone-plastic-1.jpg\" \/>\n\t<meta property=\"og:image:width\" content=\"780\" \/>\n\t<meta property=\"og:image:height\" content=\"1040\" \/>\n\t<meta property=\"og:image:type\" content=\"image\/jpeg\" \/>\n<meta name=\"twitter:label1\" content=\"Tiempo de lectura\" \/>\n\t<meta name=\"twitter:data1\" content=\"1 minuto\" \/>\n<script type=\"application\/ld+json\" class=\"yoast-schema-graph\">{\"@context\":\"https:\\\/\\\/schema.org\",\"@graph\":[{\"@type\":\"WebPage\",\"@id\":\"https:\\\/\\\/srokacompany.com\\\/es\\\/produit\\\/pala-regulable-50-carbono-plastico-palido-2-o-3-partes\\\/\",\"url\":\"https:\\\/\\\/srokacompany.com\\\/es\\\/produit\\\/pala-regulable-50-carbono-plastico-palido-2-o-3-partes\\\/\",\"name\":\"Pala SUP ajustable 50% carbono vario, pala 2-3 partes pl\u00e1stico\",\"isPartOf\":{\"@id\":\"https:\\\/\\\/srokacompany.com\\\/es\\\/#website\"},\"primaryImageOfPage\":{\"@id\":\"https:\\\/\\\/srokacompany.com\\\/es\\\/produit\\\/pala-regulable-50-carbono-plastico-palido-2-o-3-partes\\\/#primaryimage\"},\"image\":{\"@id\":\"https:\\\/\\\/srokacompany.com\\\/es\\\/produit\\\/pala-regulable-50-carbono-plastico-palido-2-o-3-partes\\\/#primaryimage\"},\"thumbnailUrl\":\"https:\\\/\\\/srokacompany.com\\\/wp-content\\\/uploads\\\/2018\\\/01\\\/50-carbone-plastic-1.jpg\",\"datePublished\":\"2018-01-10T05:33:12+00:00\",\"dateModified\":\"2025-06-26T22:06:29+00:00\",\"description\":\"Esta pala de la empresa Sroka de SUP es ajustable, 50% carbono, pala de pl\u00e1stico y est\u00e1 disponible en 2 o 3 partes. Rendimiento al mejor precio.\",\"breadcrumb\":{\"@id\":\"https:\\\/\\\/srokacompany.com\\\/es\\\/produit\\\/pala-regulable-50-carbono-plastico-palido-2-o-3-partes\\\/#breadcrumb\"},\"inLanguage\":\"es\",\"potentialAction\":[{\"@type\":\"ReadAction\",\"target\":[\"https:\\\/\\\/srokacompany.com\\\/es\\\/produit\\\/pala-regulable-50-carbono-plastico-palido-2-o-3-partes\\\/\"]}]},{\"@type\":\"ImageObject\",\"inLanguage\":\"es\",\"@id\":\"https:\\\/\\\/srokacompany.com\\\/es\\\/produit\\\/pala-regulable-50-carbono-plastico-palido-2-o-3-partes\\\/#primaryimage\",\"url\":\"https:\\\/\\\/srokacompany.com\\\/wp-content\\\/uploads\\\/2018\\\/01\\\/50-carbone-plastic-1.jpg\",\"contentUrl\":\"https:\\\/\\\/srokacompany.com\\\/wp-content\\\/uploads\\\/2018\\\/01\\\/50-carbone-plastic-1.jpg\",\"width\":780,\"height\":1040,\"caption\":\"Pala de carbono para SUP Stand Up Paddle Sroka\"},{\"@type\":\"BreadcrumbList\",\"@id\":\"https:\\\/\\\/srokacompany.com\\\/es\\\/produit\\\/pala-regulable-50-carbono-plastico-palido-2-o-3-partes\\\/#breadcrumb\",\"itemListElement\":[{\"@type\":\"ListItem\",\"position\":1,\"name\":\"Accueil\",\"item\":\"https:\\\/\\\/srokacompany.com\\\/es\\\/\"},{\"@type\":\"ListItem\",\"position\":2,\"name\":\"Tienda\",\"item\":\"https:\\\/\\\/srokacompany.com\\\/tienda\\\/\"},{\"@type\":\"ListItem\",\"position\":3,\"name\":\"Pala regulable 50% carbono, pl\u00e1stico p\u00e1lido, 2 o 3 partes\"}]},{\"@type\":\"WebSite\",\"@id\":\"https:\\\/\\\/srokacompany.com\\\/es\\\/#website\",\"url\":\"https:\\\/\\\/srokacompany.com\\\/es\\\/\",\"name\":\"SROKA Company\",\"description\":\"SUP, Kite, Foil, Wing\",\"publisher\":{\"@id\":\"https:\\\/\\\/srokacompany.com\\\/es\\\/#organization\"},\"potentialAction\":[{\"@type\":\"SearchAction\",\"target\":{\"@type\":\"EntryPoint\",\"urlTemplate\":\"https:\\\/\\\/srokacompany.com\\\/es\\\/?s={search_term_string}\"},\"query-input\":{\"@type\":\"PropertyValueSpecification\",\"valueRequired\":true,\"valueName\":\"search_term_string\"}}],\"inLanguage\":\"es\"},{\"@type\":\"Organization\",\"@id\":\"https:\\\/\\\/srokacompany.com\\\/es\\\/#organization\",\"name\":\"SROKACOMPANY\",\"alternateName\":\"SROKA\",\"url\":\"https:\\\/\\\/srokacompany.com\\\/es\\\/\",\"logo\":{\"@type\":\"ImageObject\",\"inLanguage\":\"es\",\"@id\":\"https:\\\/\\\/srokacompany.com\\\/es\\\/#\\\/schema\\\/logo\\\/image\\\/\",\"url\":\"https:\\\/\\\/srokacompany.com\\\/wp-content\\\/uploads\\\/2021\\\/01\\\/logo-sroka-black-transpa.png\",\"contentUrl\":\"https:\\\/\\\/srokacompany.com\\\/wp-content\\\/uploads\\\/2021\\\/01\\\/logo-sroka-black-transpa.png\",\"width\":1201,\"height\":342,\"caption\":\"SROKACOMPANY\"},\"image\":{\"@id\":\"https:\\\/\\\/srokacompany.com\\\/es\\\/#\\\/schema\\\/logo\\\/image\\\/\"},\"sameAs\":[\"https:\\\/\\\/www.facebook.com\\\/srokawatersports\\\/\",\"https:\\\/\\\/www.instagram.com\\\/srokawatersports\\\/\",\"https:\\\/\\\/www.youtube.com\\\/channel\\\/UCVLHHeaPIm-J5bdEUgxqtZA\"]}]}<\/script>\n<!-- \/ Yoast SEO plugin. -->","yoast_head_json":{"title":"Pala SUP ajustable 50% carbono vario, pala 2-3 partes pl\u00e1stico","description":"Esta pala de la empresa Sroka de SUP es ajustable, 50% carbono, pala de pl\u00e1stico y est\u00e1 disponible en 2 o 3 partes. Rendimiento al mejor precio.","robots":{"index":"index","follow":"follow","max-snippet":"max-snippet:-1","max-image-preview":"max-image-preview:large","max-video-preview":"max-video-preview:-1"},"canonical":"https:\/\/srokacompany.com\/es\/produit\/pala-regulable-50-carbono-plastico-palido-2-o-3-partes\/","og_locale":"es_ES","og_type":"article","og_title":"Pala SUP ajustable 50% carbono vario, pala 2-3 partes pl\u00e1stico","og_description":"Esta pala de la empresa Sroka de SUP es ajustable, 50% carbono, pala de pl\u00e1stico y est\u00e1 disponible en 2 o 3 partes. Rendimiento al mejor precio.","og_url":"https:\/\/srokacompany.com\/es\/produit\/pala-regulable-50-carbono-plastico-palido-2-o-3-partes\/","og_site_name":"SROKA Company","article_publisher":"https:\/\/www.facebook.com\/srokawatersports\/","article_modified_time":"2025-06-26T22:06:29+00:00","og_image":[{"width":780,"height":1040,"url":"https:\/\/srokacompany.com\/wp-content\/uploads\/2018\/01\/50-carbone-plastic-1.jpg","type":"image\/jpeg"}],"twitter_misc":{"Tiempo de lectura":"1 minuto"},"schema":{"@context":"https:\/\/schema.org","@graph":[{"@type":"WebPage","@id":"https:\/\/srokacompany.com\/es\/produit\/pala-regulable-50-carbono-plastico-palido-2-o-3-partes\/","url":"https:\/\/srokacompany.com\/es\/produit\/pala-regulable-50-carbono-plastico-palido-2-o-3-partes\/","name":"Pala SUP ajustable 50% carbono vario, pala 2-3 partes pl\u00e1stico","isPartOf":{"@id":"https:\/\/srokacompany.com\/es\/#website"},"primaryImageOfPage":{"@id":"https:\/\/srokacompany.com\/es\/produit\/pala-regulable-50-carbono-plastico-palido-2-o-3-partes\/#primaryimage"},"image":{"@id":"https:\/\/srokacompany.com\/es\/produit\/pala-regulable-50-carbono-plastico-palido-2-o-3-partes\/#primaryimage"},"thumbnailUrl":"https:\/\/srokacompany.com\/wp-content\/uploads\/2018\/01\/50-carbone-plastic-1.jpg","datePublished":"2018-01-10T05:33:12+00:00","dateModified":"2025-06-26T22:06:29+00:00","description":"Esta pala de la empresa Sroka de SUP es ajustable, 50% carbono, pala de pl\u00e1stico y est\u00e1 disponible en 2 o 3 partes. Rendimiento al mejor precio.","breadcrumb":{"@id":"https:\/\/srokacompany.com\/es\/produit\/pala-regulable-50-carbono-plastico-palido-2-o-3-partes\/#breadcrumb"},"inLanguage":"es","potentialAction":[{"@type":"ReadAction","target":["https:\/\/srokacompany.com\/es\/produit\/pala-regulable-50-carbono-plastico-palido-2-o-3-partes\/"]}]},{"@type":"ImageObject","inLanguage":"es","@id":"https:\/\/srokacompany.com\/es\/produit\/pala-regulable-50-carbono-plastico-palido-2-o-3-partes\/#primaryimage","url":"https:\/\/srokacompany.com\/wp-content\/uploads\/2018\/01\/50-carbone-plastic-1.jpg","contentUrl":"https:\/\/srokacompany.com\/wp-content\/uploads\/2018\/01\/50-carbone-plastic-1.jpg","width":780,"height":1040,"caption":"Pala de carbono para SUP Stand Up Paddle Sroka"},{"@type":"BreadcrumbList","@id":"https:\/\/srokacompany.com\/es\/produit\/pala-regulable-50-carbono-plastico-palido-2-o-3-partes\/#breadcrumb","itemListElement":[{"@type":"ListItem","position":1,"name":"Accueil","item":"https:\/\/srokacompany.com\/es\/"},{"@type":"ListItem","position":2,"name":"Tienda","item":"https:\/\/srokacompany.com\/tienda\/"},{"@type":"ListItem","position":3,"name":"Pala regulable 50% carbono, pl\u00e1stico p\u00e1lido, 2 o 3 partes"}]},{"@type":"WebSite","@id":"https:\/\/srokacompany.com\/es\/#website","url":"https:\/\/srokacompany.com\/es\/","name":"SROKA Company","description":"SUP, Kite, Foil, Wing","publisher":{"@id":"https:\/\/srokacompany.com\/es\/#organization"},"potentialAction":[{"@type":"SearchAction","target":{"@type":"EntryPoint","urlTemplate":"https:\/\/srokacompany.com\/es\/?s={search_term_string}"},"query-input":{"@type":"PropertyValueSpecification","valueRequired":true,"valueName":"search_term_string"}}],"inLanguage":"es"},{"@type":"Organization","@id":"https:\/\/srokacompany.com\/es\/#organization","name":"SROKACOMPANY","alternateName":"SROKA","url":"https:\/\/srokacompany.com\/es\/","logo":{"@type":"ImageObject","inLanguage":"es","@id":"https:\/\/srokacompany.com\/es\/#\/schema\/logo\/image\/","url":"https:\/\/srokacompany.com\/wp-content\/uploads\/2021\/01\/logo-sroka-black-transpa.png","contentUrl":"https:\/\/srokacompany.com\/wp-content\/uploads\/2021\/01\/logo-sroka-black-transpa.png","width":1201,"height":342,"caption":"SROKACOMPANY"},"image":{"@id":"https:\/\/srokacompany.com\/es\/#\/schema\/logo\/image\/"},"sameAs":["https:\/\/www.facebook.com\/srokawatersports\/","https:\/\/www.instagram.com\/srokawatersports\/","https:\/\/www.youtube.com\/channel\/UCVLHHeaPIm-J5bdEUgxqtZA"]}]}},"uagb_featured_image_src":{"full":["https:\/\/srokacompany.com\/wp-content\/uploads\/2018\/01\/50-carbone-plastic-1.jpg",780,1040,false],"thumbnail":["https:\/\/srokacompany.com\/wp-content\/uploads\/2018\/01\/50-carbone-plastic-1-150x150.jpg",150,150,true],"medium":["https:\/\/srokacompany.com\/wp-content\/uploads\/2018\/01\/50-carbone-plastic-1-225x300.jpg",225,300,true],"medium_large":["https:\/\/srokacompany.com\/wp-content\/uploads\/2018\/01\/50-carbone-plastic-1-768x1024.jpg",768,1024,true],"large":["https:\/\/srokacompany.com\/wp-content\/uploads\/2018\/01\/50-carbone-plastic-1-768x1024.jpg",768,1024,true],"1536x1536":["https:\/\/srokacompany.com\/wp-content\/uploads\/2018\/01\/50-carbone-plastic-1.jpg",780,1040,false],"2048x2048":["https:\/\/srokacompany.com\/wp-content\/uploads\/2018\/01\/50-carbone-plastic-1.jpg",780,1040,false],"woocommerce_thumbnail":["https:\/\/srokacompany.com\/wp-content\/uploads\/2018\/01\/50-carbone-plastic-1-600x800.jpg",600,800,true],"woocommerce_single":["https:\/\/srokacompany.com\/wp-content\/uploads\/2018\/01\/50-carbone-plastic-1-600x800.jpg",600,800,true],"woocommerce_gallery_thumbnail":["https:\/\/srokacompany.com\/wp-content\/uploads\/2018\/01\/50-carbone-plastic-1-100x100.jpg",100,100,true],"dgwt-wcas-product-suggestion":["https:\/\/srokacompany.com\/wp-content\/uploads\/2018\/01\/50-carbone-plastic-1.jpg",64,85,false]},"uagb_author_info":{"display_name":"Bruno Sroka","author_link":"https:\/\/srokacompany.com\/es\/blog\/author\/"},"uagb_comment_info":0,"uagb_excerpt":"Este remo ajustable Vario 50% carbono para SUP (stand-up paddle), pl\u00e1stico p\u00e1lido 2-3 partes, tiene un eje 50% carbono para mayor ligereza y flexibilidad.","jetpack_sharing_enabled":true,"_links":{"self":[{"href":"https:\/\/srokacompany.com\/es\/wp-json\/wp\/v2\/product\/346522","targetHints":{"allow":["GET"]}}],"collection":[{"href":"https:\/\/srokacompany.com\/es\/wp-json\/wp\/v2\/product"}],"about":[{"href":"https:\/\/srokacompany.com\/es\/wp-json\/wp\/v2\/types\/product"}],"wp:featuredmedia":[{"embeddable":true,"href":"https:\/\/srokacompany.com\/es\/wp-json\/wp\/v2\/media\/346523"}],"wp:attachment":[{"href":"https:\/\/srokacompany.com\/es\/wp-json\/wp\/v2\/media?parent=346522"}],"wp:term":[{"taxonomy":"product_brand","embeddable":true,"href":"https:\/\/srokacompany.com\/es\/wp-json\/wp\/v2\/product_brand?post=346522"},{"taxonomy":"product_cat","embeddable":true,"href":"https:\/\/srokacompany.com\/es\/wp-json\/wp\/v2\/product_cat?post=346522"},{"taxonomy":"product_tag","embeddable":true,"href":"https:\/\/srokacompany.com\/es\/wp-json\/wp\/v2\/product_tag?post=346522"}],"curies":[{"name":"wp","href":"https:\/\/api.w.org\/{rel}","templated":true}]}}