{"id":346533,"date":"2018-01-10T11:15:52","date_gmt":"2018-01-10T11:15:52","guid":{"rendered":"https:\/\/srokacompany.com\/produit\/pala-hinchable-xl-gigante\/"},"modified":"2026-02-06T19:55:15","modified_gmt":"2026-02-06T17:55:15","slug":"pala-hinchable-xl-gigante","status":"publish","type":"product","link":"https:\/\/srokacompany.com\/es\/produit\/pala-hinchable-xl-gigante\/","title":{"rendered":"Pala hinchable XL gigante"},"content":{"rendered":"<hr>\n<h2><strong>CON LA FAMILIA Y LOS AMIGOS:  <\/strong><\/h2>\n<p>Le Sup G\u00e9ant XL<span style=\"font-size: 16px;\">  200% de placer  <\/span><span class=\"s1\">Nuestra serie XL ha sido desarrollada para compartir tu pasi\u00f3n por el remo con otras personas. De 2 a 6 personas, \u00a1salid juntos al agua para divertiros a\u00fan m\u00e1s!   <\/span><span class=\"s1\">Completamente renovada este a\u00f1o, la gama XL ha evolucionado para ser m\u00e1s divertida y m\u00e1s pr\u00e1ctica.<span class=\"Apple-converted-space\"> <\/span>La versi\u00f3n XL puede transportar hasta 6 personas. R\u00e1pido en los desplazamientos y f\u00e1cil de inflar gracias a sus dos v\u00e1lvulas, este Sup se adapta perfectamente a la navegaci\u00f3n de crucero o sobre las olas.   <\/span><span class=\"s1\">La gama XL est\u00e1 reforzada y, por tanto, es m\u00e1s duradera en el tiempo. Somos una de las \u00fanicas marcas que soportan altas temperaturas.   <\/span><span class=\"s1\">Para compartir buenos momentos con los amigos o la familia, \u00a1opte por la gama XL!  <\/span><\/p>\n<h3><a href=\"https:\/\/srokacompany.com\/es\/por-que-elegir-las-placas-sroka\/\" target=\"_blank\" rel=\"noopener noreferrer\">Por qu\u00e9 elegir los productos SROKA<\/a><\/h3>\n<p class=\"p1\"><span class=\"s1\"> <\/span><\/p>\n","protected":false},"excerpt":{"rendered":"<p>SUP Gean XL para hasta 6 personas<\/p>\n","protected":false},"featured_media":346536,"template":"","meta":{"_acf_changed":false,"_uag_custom_page_level_css":""},"product_brand":[],"product_cat":[3888,3612],"product_tag":[],"class_list":{"0":"post-346533","1":"product","2":"type-product","3":"status-publish","4":"has-post-thumbnail","6":"product_cat-junta-de-sup","7":"product_cat-palas-hinchables","8":"product_shipping_class-sup-gigantes","10":"first","11":"onbackorder","12":"taxable","13":"shipping-taxable","14":"purchasable","15":"product-type-simple"},"acf":[],"yoast_head":"<!-- This site is optimized with the Yoast SEO plugin v27.4 - https:\/\/yoast.com\/product\/yoast-seo-wordpress\/ -->\n<title>Pala hinchable gigante XL para 2-6 personas - SROKA Company<\/title>\n<meta name=\"description\" content=\"Este estable remo hinchable Giant XL permite remar juntos de 2 a 6 personas. Ideal para el r\u00edo, las olas o simplemente pasar el rato.\" \/>\n<meta name=\"robots\" content=\"index, follow, max-snippet:-1, max-image-preview:large, max-video-preview:-1\" \/>\n<link rel=\"canonical\" href=\"https:\/\/srokacompany.com\/es\/produit\/pala-hinchable-xl-gigante\/\" \/>\n<meta property=\"og:locale\" content=\"es_ES\" \/>\n<meta property=\"og:type\" content=\"article\" \/>\n<meta property=\"og:title\" content=\"Pala hinchable gigante XL para 2-6 personas - SROKA Company\" \/>\n<meta property=\"og:description\" content=\"Este estable remo hinchable Giant XL permite remar juntos de 2 a 6 personas. Ideal para el r\u00edo, las olas o simplemente pasar el rato.\" \/>\n<meta property=\"og:url\" content=\"https:\/\/srokacompany.com\/es\/produit\/pala-hinchable-xl-gigante\/\" \/>\n<meta property=\"og:site_name\" content=\"SROKA Company\" \/>\n<meta property=\"article:publisher\" content=\"https:\/\/www.facebook.com\/srokawatersports\/\" \/>\n<meta property=\"article:modified_time\" content=\"2026-02-06T17:55:15+00:00\" \/>\n<meta property=\"og:image\" content=\"https:\/\/srokacompany.com\/wp-content\/uploads\/2018\/01\/Sup-geant-XL.jpg\" \/>\n\t<meta property=\"og:image:width\" content=\"780\" \/>\n\t<meta property=\"og:image:height\" content=\"1040\" \/>\n\t<meta property=\"og:image:type\" content=\"image\/jpeg\" \/>\n<meta name=\"twitter:label1\" content=\"Tiempo de lectura\" \/>\n\t<meta name=\"twitter:data1\" content=\"1 minuto\" \/>\n<script type=\"application\/ld+json\" class=\"yoast-schema-graph\">{\"@context\":\"https:\\\/\\\/schema.org\",\"@graph\":[{\"@type\":\"WebPage\",\"@id\":\"https:\\\/\\\/srokacompany.com\\\/es\\\/produit\\\/pala-hinchable-xl-gigante\\\/\",\"url\":\"https:\\\/\\\/srokacompany.com\\\/es\\\/produit\\\/pala-hinchable-xl-gigante\\\/\",\"name\":\"Pala hinchable gigante XL para 2-6 personas - SROKA Company\",\"isPartOf\":{\"@id\":\"https:\\\/\\\/srokacompany.com\\\/es\\\/#website\"},\"primaryImageOfPage\":{\"@id\":\"https:\\\/\\\/srokacompany.com\\\/es\\\/produit\\\/pala-hinchable-xl-gigante\\\/#primaryimage\"},\"image\":{\"@id\":\"https:\\\/\\\/srokacompany.com\\\/es\\\/produit\\\/pala-hinchable-xl-gigante\\\/#primaryimage\"},\"thumbnailUrl\":\"https:\\\/\\\/srokacompany.com\\\/wp-content\\\/uploads\\\/2018\\\/01\\\/Sup-geant-XL.jpg\",\"datePublished\":\"2018-01-10T11:15:52+00:00\",\"dateModified\":\"2026-02-06T17:55:15+00:00\",\"description\":\"Este estable remo hinchable Giant XL permite remar juntos de 2 a 6 personas. Ideal para el r\u00edo, las olas o simplemente pasar el rato.\",\"breadcrumb\":{\"@id\":\"https:\\\/\\\/srokacompany.com\\\/es\\\/produit\\\/pala-hinchable-xl-gigante\\\/#breadcrumb\"},\"inLanguage\":\"es\",\"potentialAction\":[{\"@type\":\"ReadAction\",\"target\":[\"https:\\\/\\\/srokacompany.com\\\/es\\\/produit\\\/pala-hinchable-xl-gigante\\\/\"]}]},{\"@type\":\"ImageObject\",\"inLanguage\":\"es\",\"@id\":\"https:\\\/\\\/srokacompany.com\\\/es\\\/produit\\\/pala-hinchable-xl-gigante\\\/#primaryimage\",\"url\":\"https:\\\/\\\/srokacompany.com\\\/wp-content\\\/uploads\\\/2018\\\/01\\\/Sup-geant-XL.jpg\",\"contentUrl\":\"https:\\\/\\\/srokacompany.com\\\/wp-content\\\/uploads\\\/2018\\\/01\\\/Sup-geant-XL.jpg\",\"width\":780,\"height\":1040,\"caption\":\"Sup geant XL\"},{\"@type\":\"BreadcrumbList\",\"@id\":\"https:\\\/\\\/srokacompany.com\\\/es\\\/produit\\\/pala-hinchable-xl-gigante\\\/#breadcrumb\",\"itemListElement\":[{\"@type\":\"ListItem\",\"position\":1,\"name\":\"Accueil\",\"item\":\"https:\\\/\\\/srokacompany.com\\\/es\\\/\"},{\"@type\":\"ListItem\",\"position\":2,\"name\":\"Tienda\",\"item\":\"https:\\\/\\\/srokacompany.com\\\/tienda\\\/\"},{\"@type\":\"ListItem\",\"position\":3,\"name\":\"Pala hinchable XL gigante\"}]},{\"@type\":\"WebSite\",\"@id\":\"https:\\\/\\\/srokacompany.com\\\/es\\\/#website\",\"url\":\"https:\\\/\\\/srokacompany.com\\\/es\\\/\",\"name\":\"SROKA Company\",\"description\":\"SUP, Kite, Foil, Wing\",\"publisher\":{\"@id\":\"https:\\\/\\\/srokacompany.com\\\/es\\\/#organization\"},\"potentialAction\":[{\"@type\":\"SearchAction\",\"target\":{\"@type\":\"EntryPoint\",\"urlTemplate\":\"https:\\\/\\\/srokacompany.com\\\/es\\\/?s={search_term_string}\"},\"query-input\":{\"@type\":\"PropertyValueSpecification\",\"valueRequired\":true,\"valueName\":\"search_term_string\"}}],\"inLanguage\":\"es\"},{\"@type\":\"Organization\",\"@id\":\"https:\\\/\\\/srokacompany.com\\\/es\\\/#organization\",\"name\":\"SROKACOMPANY\",\"alternateName\":\"SROKA\",\"url\":\"https:\\\/\\\/srokacompany.com\\\/es\\\/\",\"logo\":{\"@type\":\"ImageObject\",\"inLanguage\":\"es\",\"@id\":\"https:\\\/\\\/srokacompany.com\\\/es\\\/#\\\/schema\\\/logo\\\/image\\\/\",\"url\":\"https:\\\/\\\/srokacompany.com\\\/wp-content\\\/uploads\\\/2021\\\/01\\\/logo-sroka-black-transpa.png\",\"contentUrl\":\"https:\\\/\\\/srokacompany.com\\\/wp-content\\\/uploads\\\/2021\\\/01\\\/logo-sroka-black-transpa.png\",\"width\":1201,\"height\":342,\"caption\":\"SROKACOMPANY\"},\"image\":{\"@id\":\"https:\\\/\\\/srokacompany.com\\\/es\\\/#\\\/schema\\\/logo\\\/image\\\/\"},\"sameAs\":[\"https:\\\/\\\/www.facebook.com\\\/srokawatersports\\\/\",\"https:\\\/\\\/www.instagram.com\\\/srokawatersports\\\/\",\"https:\\\/\\\/www.youtube.com\\\/channel\\\/UCVLHHeaPIm-J5bdEUgxqtZA\"]}]}<\/script>\n<!-- \/ Yoast SEO plugin. -->","yoast_head_json":{"title":"Pala hinchable gigante XL para 2-6 personas - SROKA Company","description":"Este estable remo hinchable Giant XL permite remar juntos de 2 a 6 personas. Ideal para el r\u00edo, las olas o simplemente pasar el rato.","robots":{"index":"index","follow":"follow","max-snippet":"max-snippet:-1","max-image-preview":"max-image-preview:large","max-video-preview":"max-video-preview:-1"},"canonical":"https:\/\/srokacompany.com\/es\/produit\/pala-hinchable-xl-gigante\/","og_locale":"es_ES","og_type":"article","og_title":"Pala hinchable gigante XL para 2-6 personas - SROKA Company","og_description":"Este estable remo hinchable Giant XL permite remar juntos de 2 a 6 personas. Ideal para el r\u00edo, las olas o simplemente pasar el rato.","og_url":"https:\/\/srokacompany.com\/es\/produit\/pala-hinchable-xl-gigante\/","og_site_name":"SROKA Company","article_publisher":"https:\/\/www.facebook.com\/srokawatersports\/","article_modified_time":"2026-02-06T17:55:15+00:00","og_image":[{"width":780,"height":1040,"url":"https:\/\/srokacompany.com\/wp-content\/uploads\/2018\/01\/Sup-geant-XL.jpg","type":"image\/jpeg"}],"twitter_misc":{"Tiempo de lectura":"1 minuto"},"schema":{"@context":"https:\/\/schema.org","@graph":[{"@type":"WebPage","@id":"https:\/\/srokacompany.com\/es\/produit\/pala-hinchable-xl-gigante\/","url":"https:\/\/srokacompany.com\/es\/produit\/pala-hinchable-xl-gigante\/","name":"Pala hinchable gigante XL para 2-6 personas - SROKA Company","isPartOf":{"@id":"https:\/\/srokacompany.com\/es\/#website"},"primaryImageOfPage":{"@id":"https:\/\/srokacompany.com\/es\/produit\/pala-hinchable-xl-gigante\/#primaryimage"},"image":{"@id":"https:\/\/srokacompany.com\/es\/produit\/pala-hinchable-xl-gigante\/#primaryimage"},"thumbnailUrl":"https:\/\/srokacompany.com\/wp-content\/uploads\/2018\/01\/Sup-geant-XL.jpg","datePublished":"2018-01-10T11:15:52+00:00","dateModified":"2026-02-06T17:55:15+00:00","description":"Este estable remo hinchable Giant XL permite remar juntos de 2 a 6 personas. Ideal para el r\u00edo, las olas o simplemente pasar el rato.","breadcrumb":{"@id":"https:\/\/srokacompany.com\/es\/produit\/pala-hinchable-xl-gigante\/#breadcrumb"},"inLanguage":"es","potentialAction":[{"@type":"ReadAction","target":["https:\/\/srokacompany.com\/es\/produit\/pala-hinchable-xl-gigante\/"]}]},{"@type":"ImageObject","inLanguage":"es","@id":"https:\/\/srokacompany.com\/es\/produit\/pala-hinchable-xl-gigante\/#primaryimage","url":"https:\/\/srokacompany.com\/wp-content\/uploads\/2018\/01\/Sup-geant-XL.jpg","contentUrl":"https:\/\/srokacompany.com\/wp-content\/uploads\/2018\/01\/Sup-geant-XL.jpg","width":780,"height":1040,"caption":"Sup geant XL"},{"@type":"BreadcrumbList","@id":"https:\/\/srokacompany.com\/es\/produit\/pala-hinchable-xl-gigante\/#breadcrumb","itemListElement":[{"@type":"ListItem","position":1,"name":"Accueil","item":"https:\/\/srokacompany.com\/es\/"},{"@type":"ListItem","position":2,"name":"Tienda","item":"https:\/\/srokacompany.com\/tienda\/"},{"@type":"ListItem","position":3,"name":"Pala hinchable XL gigante"}]},{"@type":"WebSite","@id":"https:\/\/srokacompany.com\/es\/#website","url":"https:\/\/srokacompany.com\/es\/","name":"SROKA Company","description":"SUP, Kite, Foil, Wing","publisher":{"@id":"https:\/\/srokacompany.com\/es\/#organization"},"potentialAction":[{"@type":"SearchAction","target":{"@type":"EntryPoint","urlTemplate":"https:\/\/srokacompany.com\/es\/?s={search_term_string}"},"query-input":{"@type":"PropertyValueSpecification","valueRequired":true,"valueName":"search_term_string"}}],"inLanguage":"es"},{"@type":"Organization","@id":"https:\/\/srokacompany.com\/es\/#organization","name":"SROKACOMPANY","alternateName":"SROKA","url":"https:\/\/srokacompany.com\/es\/","logo":{"@type":"ImageObject","inLanguage":"es","@id":"https:\/\/srokacompany.com\/es\/#\/schema\/logo\/image\/","url":"https:\/\/srokacompany.com\/wp-content\/uploads\/2021\/01\/logo-sroka-black-transpa.png","contentUrl":"https:\/\/srokacompany.com\/wp-content\/uploads\/2021\/01\/logo-sroka-black-transpa.png","width":1201,"height":342,"caption":"SROKACOMPANY"},"image":{"@id":"https:\/\/srokacompany.com\/es\/#\/schema\/logo\/image\/"},"sameAs":["https:\/\/www.facebook.com\/srokawatersports\/","https:\/\/www.instagram.com\/srokawatersports\/","https:\/\/www.youtube.com\/channel\/UCVLHHeaPIm-J5bdEUgxqtZA"]}]}},"uagb_featured_image_src":{"full":["https:\/\/srokacompany.com\/wp-content\/uploads\/2018\/01\/Sup-geant-XL.jpg",780,1040,false],"thumbnail":["https:\/\/srokacompany.com\/wp-content\/uploads\/2018\/01\/Sup-geant-XL-150x150.jpg",150,150,true],"medium":["https:\/\/srokacompany.com\/wp-content\/uploads\/2018\/01\/Sup-geant-XL-225x300.jpg",225,300,true],"medium_large":["https:\/\/srokacompany.com\/wp-content\/uploads\/2018\/01\/Sup-geant-XL-768x1024.jpg",768,1024,true],"large":["https:\/\/srokacompany.com\/wp-content\/uploads\/2018\/01\/Sup-geant-XL-768x1024.jpg",768,1024,true],"1536x1536":["https:\/\/srokacompany.com\/wp-content\/uploads\/2018\/01\/Sup-geant-XL.jpg",780,1040,false],"2048x2048":["https:\/\/srokacompany.com\/wp-content\/uploads\/2018\/01\/Sup-geant-XL.jpg",780,1040,false],"woocommerce_thumbnail":["https:\/\/srokacompany.com\/wp-content\/uploads\/2018\/01\/Sup-geant-XL-600x800.jpg",600,800,true],"woocommerce_single":["https:\/\/srokacompany.com\/wp-content\/uploads\/2018\/01\/Sup-geant-XL-600x800.jpg",600,800,true],"woocommerce_gallery_thumbnail":["https:\/\/srokacompany.com\/wp-content\/uploads\/2018\/01\/Sup-geant-XL-100x100.jpg",100,100,true],"dgwt-wcas-product-suggestion":["https:\/\/srokacompany.com\/wp-content\/uploads\/2018\/01\/Sup-geant-XL.jpg",64,85,false]},"uagb_author_info":{"display_name":"Bruno Sroka","author_link":"https:\/\/srokacompany.com\/es\/blog\/author\/"},"uagb_comment_info":0,"uagb_excerpt":"SUP Gean XL para hasta 6 personas","jetpack_sharing_enabled":true,"_links":{"self":[{"href":"https:\/\/srokacompany.com\/es\/wp-json\/wp\/v2\/product\/346533","targetHints":{"allow":["GET"]}}],"collection":[{"href":"https:\/\/srokacompany.com\/es\/wp-json\/wp\/v2\/product"}],"about":[{"href":"https:\/\/srokacompany.com\/es\/wp-json\/wp\/v2\/types\/product"}],"wp:featuredmedia":[{"embeddable":true,"href":"https:\/\/srokacompany.com\/es\/wp-json\/wp\/v2\/media\/346536"}],"wp:attachment":[{"href":"https:\/\/srokacompany.com\/es\/wp-json\/wp\/v2\/media?parent=346533"}],"wp:term":[{"taxonomy":"product_brand","embeddable":true,"href":"https:\/\/srokacompany.com\/es\/wp-json\/wp\/v2\/product_brand?post=346533"},{"taxonomy":"product_cat","embeddable":true,"href":"https:\/\/srokacompany.com\/es\/wp-json\/wp\/v2\/product_cat?post=346533"},{"taxonomy":"product_tag","embeddable":true,"href":"https:\/\/srokacompany.com\/es\/wp-json\/wp\/v2\/product_tag?post=346533"}],"curies":[{"name":"wp","href":"https:\/\/api.w.org\/{rel}","templated":true}]}}