{"id":346561,"date":"2018-01-10T20:20:14","date_gmt":"2018-01-10T20:20:14","guid":{"rendered":"https:\/\/srokacompany.com\/produit\/windsup-hinchable-106x32x6-fusion\/"},"modified":"2025-10-31T19:15:27","modified_gmt":"2025-10-31T17:15:27","slug":"windsup-hinchable-106x32x6-fusion","status":"publish","type":"product","link":"https:\/\/srokacompany.com\/es\/produit\/windsup-hinchable-106x32x6-fusion\/","title":{"rendered":"Windsup hinchable 10&#8217;6x32x6 &#8211; Fusion"},"content":{"rendered":"<hr>\n<h2><strong>WINDSUP HINCHABLE = M\u00c1XIMA VERSATILIDAD<\/strong><\/h2>\n<p>\u00a1La WindSUP Malibu 10&#8217;6 hinchable es una tabla de Stand-Up paddle hinchable que se puede transformar en una tabla de windsurf o en un kayak! Una tabla 3 en 1, \u00bfqu\u00e9 m\u00e1s se puede pedir?<br \/>\nPara esta Windsup 10&#8217;6 Fusion hinchable, hemos mantenido la misma facilidad de uso y estabilidad que la Malibu 10&#8217;6 Fusion. Hemos a\u00f1adido puntos de fijaci\u00f3n para un asiento y un pie de m\u00e1stil para una vela. Hay dos ra\u00edles US en el casco. Uno est\u00e1 situado en la parte trasera para fijar la aleta trasera, mientras que el segundo ra\u00edl est\u00e1 situado en el centro de la tabla para instalar una orza para un mejor rendimiento en ce\u00f1ida.<br \/>\nPara usar esta tabla como SUP, simplemente quita la aleta central, y tu tabla funcionar\u00e1 como un remo normal. Esta Windsup viene con un pie de m\u00e1stil integrado (sin la vela) para facilitar la instalaci\u00f3n de cualquier aparejo de tabla.<br \/>\nLas almohadillas Eva en relieve son muy c\u00f3modas bajo los pies y proporcionan un agarre excelente para todas las maniobras. Su aspecto at\u00edpico y su acabado de calidad no le dejar\u00e1n indiferente. Su red de cubierta permite fijar una peque\u00f1a bolsa de transporte en la parte delantera. Adem\u00e1s, el equipo SROKA le proporcionar\u00e1 una bolsa de transporte para guardar de forma \u00f3ptima el SUP desinflado. La calidad de la bolsa y su comodidad te har\u00e1n olvidar que llevas una pala.        <\/p>\n<h3><a href=\"https:\/\/srokacompany.com\/es\/por-que-elegir-las-placas-sroka\/\" target=\"_blank\" rel=\"noopener noreferrer\">Por qu\u00e9 elegir los productos SROKA<\/a><\/h3>\n","protected":false},"excerpt":{"rendered":"<p>\u00a1La WindSUP Malibu 10&#8217;6 hinchable es una tabla de Stand-Up paddle hinchable que se puede transformar en una tabla de windsurf o en un kayak! Una tabla 3 en 1, \u00bfqu\u00e9 m\u00e1s se puede pedir? <\/p>\n","protected":false},"featured_media":346565,"template":"","meta":{"_acf_changed":false,"_uag_custom_page_level_css":""},"product_brand":[],"product_cat":[3888,3613,3612,3603],"product_tag":[3429,3427,3426],"class_list":{"0":"post-346561","1":"product","2":"type-product","3":"status-publish","4":"has-post-thumbnail","6":"product_cat-junta-de-sup","7":"product_cat-pack-de-remo-hinchable","8":"product_cat-palas-hinchables","9":"product_cat-promos-es","10":"product_tag-avanzado","11":"product_tag-ingenioso","12":"product_tag-principiante","13":"product_shipping_class-sup-unidad","15":"first","16":"outofstock","17":"sale","18":"taxable","19":"shipping-taxable","20":"purchasable","21":"product-type-variable"},"acf":[],"yoast_head":"<!-- This site is optimized with the Yoast SEO plugin v27.4 - https:\/\/yoast.com\/product\/yoast-seo-wordpress\/ -->\n<title>Windsup hinchable 10&#039;6 Fusion -SROKA Company - Watersports<\/title>\n<meta name=\"description\" content=\"El windsup hinchable SROKA 10&#039;6 Fusion es el todoterreno de SROKA. Windsup, Stand up paddle o kayak, este sup inflable lo hace todo.\" \/>\n<meta name=\"robots\" content=\"index, follow, max-snippet:-1, max-image-preview:large, max-video-preview:-1\" \/>\n<link rel=\"canonical\" href=\"https:\/\/srokacompany.com\/es\/produit\/windsup-hinchable-106x32x6-fusion\/\" \/>\n<meta property=\"og:locale\" content=\"es_ES\" \/>\n<meta property=\"og:type\" content=\"article\" \/>\n<meta property=\"og:title\" content=\"Windsup hinchable 10&#039;6 Fusion -SROKA Company - Watersports\" \/>\n<meta property=\"og:description\" content=\"El windsup hinchable SROKA 10&#039;6 Fusion es el todoterreno de SROKA. Windsup, Stand up paddle o kayak, este sup inflable lo hace todo.\" \/>\n<meta property=\"og:url\" content=\"https:\/\/srokacompany.com\/es\/produit\/windsup-hinchable-106x32x6-fusion\/\" \/>\n<meta property=\"og:site_name\" content=\"SROKA Company\" \/>\n<meta property=\"article:publisher\" content=\"https:\/\/www.facebook.com\/srokawatersports\/\" \/>\n<meta property=\"article:modified_time\" content=\"2025-10-31T17:15:27+00:00\" \/>\n<meta property=\"og:image\" content=\"https:\/\/srokacompany.com\/wp-content\/uploads\/2018\/01\/imageproduit-windsup.png\" \/>\n\t<meta property=\"og:image:width\" content=\"780\" \/>\n\t<meta property=\"og:image:height\" content=\"1040\" \/>\n\t<meta property=\"og:image:type\" content=\"image\/png\" \/>\n<meta name=\"twitter:label1\" content=\"Tiempo de lectura\" \/>\n\t<meta name=\"twitter:data1\" content=\"1 minuto\" \/>\n<script type=\"application\/ld+json\" class=\"yoast-schema-graph\">{\"@context\":\"https:\\\/\\\/schema.org\",\"@graph\":[{\"@type\":\"WebPage\",\"@id\":\"https:\\\/\\\/srokacompany.com\\\/es\\\/produit\\\/windsup-hinchable-106x32x6-fusion\\\/\",\"url\":\"https:\\\/\\\/srokacompany.com\\\/es\\\/produit\\\/windsup-hinchable-106x32x6-fusion\\\/\",\"name\":\"Windsup hinchable 10'6 Fusion -SROKA Company - Watersports\",\"isPartOf\":{\"@id\":\"https:\\\/\\\/srokacompany.com\\\/es\\\/#website\"},\"primaryImageOfPage\":{\"@id\":\"https:\\\/\\\/srokacompany.com\\\/es\\\/produit\\\/windsup-hinchable-106x32x6-fusion\\\/#primaryimage\"},\"image\":{\"@id\":\"https:\\\/\\\/srokacompany.com\\\/es\\\/produit\\\/windsup-hinchable-106x32x6-fusion\\\/#primaryimage\"},\"thumbnailUrl\":\"https:\\\/\\\/srokacompany.com\\\/wp-content\\\/uploads\\\/2018\\\/01\\\/imageproduit-windsup.png\",\"datePublished\":\"2018-01-10T20:20:14+00:00\",\"dateModified\":\"2025-10-31T17:15:27+00:00\",\"description\":\"El windsup hinchable SROKA 10'6 Fusion es el todoterreno de SROKA. Windsup, Stand up paddle o kayak, este sup inflable lo hace todo.\",\"breadcrumb\":{\"@id\":\"https:\\\/\\\/srokacompany.com\\\/es\\\/produit\\\/windsup-hinchable-106x32x6-fusion\\\/#breadcrumb\"},\"inLanguage\":\"es\",\"potentialAction\":[{\"@type\":\"ReadAction\",\"target\":[\"https:\\\/\\\/srokacompany.com\\\/es\\\/produit\\\/windsup-hinchable-106x32x6-fusion\\\/\"]}]},{\"@type\":\"ImageObject\",\"inLanguage\":\"es\",\"@id\":\"https:\\\/\\\/srokacompany.com\\\/es\\\/produit\\\/windsup-hinchable-106x32x6-fusion\\\/#primaryimage\",\"url\":\"https:\\\/\\\/srokacompany.com\\\/wp-content\\\/uploads\\\/2018\\\/01\\\/imageproduit-windsup.png\",\"contentUrl\":\"https:\\\/\\\/srokacompany.com\\\/wp-content\\\/uploads\\\/2018\\\/01\\\/imageproduit-windsup.png\",\"width\":780,\"height\":1040,\"caption\":\"windsup sroka paddle board convertible en tabla de windsurf\"},{\"@type\":\"BreadcrumbList\",\"@id\":\"https:\\\/\\\/srokacompany.com\\\/es\\\/produit\\\/windsup-hinchable-106x32x6-fusion\\\/#breadcrumb\",\"itemListElement\":[{\"@type\":\"ListItem\",\"position\":1,\"name\":\"Accueil\",\"item\":\"https:\\\/\\\/srokacompany.com\\\/es\\\/\"},{\"@type\":\"ListItem\",\"position\":2,\"name\":\"Tienda\",\"item\":\"https:\\\/\\\/srokacompany.com\\\/tienda\\\/\"},{\"@type\":\"ListItem\",\"position\":3,\"name\":\"Windsup hinchable 10&rsquo;6x32x6 &#8211; Fusion\"}]},{\"@type\":\"WebSite\",\"@id\":\"https:\\\/\\\/srokacompany.com\\\/es\\\/#website\",\"url\":\"https:\\\/\\\/srokacompany.com\\\/es\\\/\",\"name\":\"SROKA Company\",\"description\":\"SUP, Kite, Foil, Wing\",\"publisher\":{\"@id\":\"https:\\\/\\\/srokacompany.com\\\/es\\\/#organization\"},\"potentialAction\":[{\"@type\":\"SearchAction\",\"target\":{\"@type\":\"EntryPoint\",\"urlTemplate\":\"https:\\\/\\\/srokacompany.com\\\/es\\\/?s={search_term_string}\"},\"query-input\":{\"@type\":\"PropertyValueSpecification\",\"valueRequired\":true,\"valueName\":\"search_term_string\"}}],\"inLanguage\":\"es\"},{\"@type\":\"Organization\",\"@id\":\"https:\\\/\\\/srokacompany.com\\\/es\\\/#organization\",\"name\":\"SROKACOMPANY\",\"alternateName\":\"SROKA\",\"url\":\"https:\\\/\\\/srokacompany.com\\\/es\\\/\",\"logo\":{\"@type\":\"ImageObject\",\"inLanguage\":\"es\",\"@id\":\"https:\\\/\\\/srokacompany.com\\\/es\\\/#\\\/schema\\\/logo\\\/image\\\/\",\"url\":\"https:\\\/\\\/srokacompany.com\\\/wp-content\\\/uploads\\\/2021\\\/01\\\/logo-sroka-black-transpa.png\",\"contentUrl\":\"https:\\\/\\\/srokacompany.com\\\/wp-content\\\/uploads\\\/2021\\\/01\\\/logo-sroka-black-transpa.png\",\"width\":1201,\"height\":342,\"caption\":\"SROKACOMPANY\"},\"image\":{\"@id\":\"https:\\\/\\\/srokacompany.com\\\/es\\\/#\\\/schema\\\/logo\\\/image\\\/\"},\"sameAs\":[\"https:\\\/\\\/www.facebook.com\\\/srokawatersports\\\/\",\"https:\\\/\\\/www.instagram.com\\\/srokawatersports\\\/\",\"https:\\\/\\\/www.youtube.com\\\/channel\\\/UCVLHHeaPIm-J5bdEUgxqtZA\"]}]}<\/script>\n<!-- \/ Yoast SEO plugin. -->","yoast_head_json":{"title":"Windsup hinchable 10'6 Fusion -SROKA Company - Watersports","description":"El windsup hinchable SROKA 10'6 Fusion es el todoterreno de SROKA. Windsup, Stand up paddle o kayak, este sup inflable lo hace todo.","robots":{"index":"index","follow":"follow","max-snippet":"max-snippet:-1","max-image-preview":"max-image-preview:large","max-video-preview":"max-video-preview:-1"},"canonical":"https:\/\/srokacompany.com\/es\/produit\/windsup-hinchable-106x32x6-fusion\/","og_locale":"es_ES","og_type":"article","og_title":"Windsup hinchable 10'6 Fusion -SROKA Company - Watersports","og_description":"El windsup hinchable SROKA 10'6 Fusion es el todoterreno de SROKA. Windsup, Stand up paddle o kayak, este sup inflable lo hace todo.","og_url":"https:\/\/srokacompany.com\/es\/produit\/windsup-hinchable-106x32x6-fusion\/","og_site_name":"SROKA Company","article_publisher":"https:\/\/www.facebook.com\/srokawatersports\/","article_modified_time":"2025-10-31T17:15:27+00:00","og_image":[{"width":780,"height":1040,"url":"https:\/\/srokacompany.com\/wp-content\/uploads\/2018\/01\/imageproduit-windsup.png","type":"image\/png"}],"twitter_misc":{"Tiempo de lectura":"1 minuto"},"schema":{"@context":"https:\/\/schema.org","@graph":[{"@type":"WebPage","@id":"https:\/\/srokacompany.com\/es\/produit\/windsup-hinchable-106x32x6-fusion\/","url":"https:\/\/srokacompany.com\/es\/produit\/windsup-hinchable-106x32x6-fusion\/","name":"Windsup hinchable 10'6 Fusion -SROKA Company - Watersports","isPartOf":{"@id":"https:\/\/srokacompany.com\/es\/#website"},"primaryImageOfPage":{"@id":"https:\/\/srokacompany.com\/es\/produit\/windsup-hinchable-106x32x6-fusion\/#primaryimage"},"image":{"@id":"https:\/\/srokacompany.com\/es\/produit\/windsup-hinchable-106x32x6-fusion\/#primaryimage"},"thumbnailUrl":"https:\/\/srokacompany.com\/wp-content\/uploads\/2018\/01\/imageproduit-windsup.png","datePublished":"2018-01-10T20:20:14+00:00","dateModified":"2025-10-31T17:15:27+00:00","description":"El windsup hinchable SROKA 10'6 Fusion es el todoterreno de SROKA. Windsup, Stand up paddle o kayak, este sup inflable lo hace todo.","breadcrumb":{"@id":"https:\/\/srokacompany.com\/es\/produit\/windsup-hinchable-106x32x6-fusion\/#breadcrumb"},"inLanguage":"es","potentialAction":[{"@type":"ReadAction","target":["https:\/\/srokacompany.com\/es\/produit\/windsup-hinchable-106x32x6-fusion\/"]}]},{"@type":"ImageObject","inLanguage":"es","@id":"https:\/\/srokacompany.com\/es\/produit\/windsup-hinchable-106x32x6-fusion\/#primaryimage","url":"https:\/\/srokacompany.com\/wp-content\/uploads\/2018\/01\/imageproduit-windsup.png","contentUrl":"https:\/\/srokacompany.com\/wp-content\/uploads\/2018\/01\/imageproduit-windsup.png","width":780,"height":1040,"caption":"windsup sroka paddle board convertible en tabla de windsurf"},{"@type":"BreadcrumbList","@id":"https:\/\/srokacompany.com\/es\/produit\/windsup-hinchable-106x32x6-fusion\/#breadcrumb","itemListElement":[{"@type":"ListItem","position":1,"name":"Accueil","item":"https:\/\/srokacompany.com\/es\/"},{"@type":"ListItem","position":2,"name":"Tienda","item":"https:\/\/srokacompany.com\/tienda\/"},{"@type":"ListItem","position":3,"name":"Windsup hinchable 10&rsquo;6x32x6 &#8211; Fusion"}]},{"@type":"WebSite","@id":"https:\/\/srokacompany.com\/es\/#website","url":"https:\/\/srokacompany.com\/es\/","name":"SROKA Company","description":"SUP, Kite, Foil, Wing","publisher":{"@id":"https:\/\/srokacompany.com\/es\/#organization"},"potentialAction":[{"@type":"SearchAction","target":{"@type":"EntryPoint","urlTemplate":"https:\/\/srokacompany.com\/es\/?s={search_term_string}"},"query-input":{"@type":"PropertyValueSpecification","valueRequired":true,"valueName":"search_term_string"}}],"inLanguage":"es"},{"@type":"Organization","@id":"https:\/\/srokacompany.com\/es\/#organization","name":"SROKACOMPANY","alternateName":"SROKA","url":"https:\/\/srokacompany.com\/es\/","logo":{"@type":"ImageObject","inLanguage":"es","@id":"https:\/\/srokacompany.com\/es\/#\/schema\/logo\/image\/","url":"https:\/\/srokacompany.com\/wp-content\/uploads\/2021\/01\/logo-sroka-black-transpa.png","contentUrl":"https:\/\/srokacompany.com\/wp-content\/uploads\/2021\/01\/logo-sroka-black-transpa.png","width":1201,"height":342,"caption":"SROKACOMPANY"},"image":{"@id":"https:\/\/srokacompany.com\/es\/#\/schema\/logo\/image\/"},"sameAs":["https:\/\/www.facebook.com\/srokawatersports\/","https:\/\/www.instagram.com\/srokawatersports\/","https:\/\/www.youtube.com\/channel\/UCVLHHeaPIm-J5bdEUgxqtZA"]}]}},"uagb_featured_image_src":{"full":["https:\/\/srokacompany.com\/wp-content\/uploads\/2018\/01\/imageproduit-windsup.png",780,1040,false],"thumbnail":["https:\/\/srokacompany.com\/wp-content\/uploads\/2018\/01\/imageproduit-windsup-150x150.png",150,150,true],"medium":["https:\/\/srokacompany.com\/wp-content\/uploads\/2018\/01\/imageproduit-windsup-225x300.png",225,300,true],"medium_large":["https:\/\/srokacompany.com\/wp-content\/uploads\/2018\/01\/imageproduit-windsup-768x1024.png",768,1024,true],"large":["https:\/\/srokacompany.com\/wp-content\/uploads\/2018\/01\/imageproduit-windsup-768x1024.png",768,1024,true],"1536x1536":["https:\/\/srokacompany.com\/wp-content\/uploads\/2018\/01\/imageproduit-windsup.png",780,1040,false],"2048x2048":["https:\/\/srokacompany.com\/wp-content\/uploads\/2018\/01\/imageproduit-windsup.png",780,1040,false],"woocommerce_thumbnail":["https:\/\/srokacompany.com\/wp-content\/uploads\/2018\/01\/imageproduit-windsup-600x800.png",600,800,true],"woocommerce_single":["https:\/\/srokacompany.com\/wp-content\/uploads\/2018\/01\/imageproduit-windsup-600x800.png",600,800,true],"woocommerce_gallery_thumbnail":["https:\/\/srokacompany.com\/wp-content\/uploads\/2018\/01\/imageproduit-windsup-100x100.png",100,100,true],"dgwt-wcas-product-suggestion":["https:\/\/srokacompany.com\/wp-content\/uploads\/2018\/01\/imageproduit-windsup.png",64,85,false]},"uagb_author_info":{"display_name":"Bruno Sroka","author_link":"https:\/\/srokacompany.com\/es\/blog\/author\/"},"uagb_comment_info":0,"uagb_excerpt":"\u00a1La WindSUP Malibu 10'6 hinchable es una tabla de Stand-Up paddle hinchable que se puede transformar en una tabla de windsurf o en un kayak! Una tabla 3 en 1, \u00bfqu\u00e9 m\u00e1s se puede pedir?","jetpack_sharing_enabled":true,"_links":{"self":[{"href":"https:\/\/srokacompany.com\/es\/wp-json\/wp\/v2\/product\/346561","targetHints":{"allow":["GET"]}}],"collection":[{"href":"https:\/\/srokacompany.com\/es\/wp-json\/wp\/v2\/product"}],"about":[{"href":"https:\/\/srokacompany.com\/es\/wp-json\/wp\/v2\/types\/product"}],"wp:featuredmedia":[{"embeddable":true,"href":"https:\/\/srokacompany.com\/es\/wp-json\/wp\/v2\/media\/346565"}],"wp:attachment":[{"href":"https:\/\/srokacompany.com\/es\/wp-json\/wp\/v2\/media?parent=346561"}],"wp:term":[{"taxonomy":"product_brand","embeddable":true,"href":"https:\/\/srokacompany.com\/es\/wp-json\/wp\/v2\/product_brand?post=346561"},{"taxonomy":"product_cat","embeddable":true,"href":"https:\/\/srokacompany.com\/es\/wp-json\/wp\/v2\/product_cat?post=346561"},{"taxonomy":"product_tag","embeddable":true,"href":"https:\/\/srokacompany.com\/es\/wp-json\/wp\/v2\/product_tag?post=346561"}],"curies":[{"name":"wp","href":"https:\/\/api.w.org\/{rel}","templated":true}]}}