{"id":346639,"date":"2018-01-10T14:36:55","date_gmt":"2018-01-10T14:36:55","guid":{"rendered":"https:\/\/srokacompany.com\/produit\/pala-hinchable-gigante-xxl\/"},"modified":"2026-02-06T19:48:30","modified_gmt":"2026-02-06T17:48:30","slug":"pala-hinchable-gigante-xxl","status":"publish","type":"product","link":"https:\/\/srokacompany.com\/es\/produit\/pala-hinchable-gigante-xxl\/","title":{"rendered":"Pala hinchable gigante XXL"},"content":{"rendered":"<hr>\n<h2><strong>CON LA FAMILIA Y LOS AMIGOS:<\/strong><\/h2>\n<div class=\"page\" title=\"P\u00e1gina 1\">\n<div class=\"section\">\n<div class=\"layoutArea\">\n<div class=\"column\">\n<p>Si el Sup XL es 200% divertido, entonces el XXL es 300% divertido.<br \/>\nNuestra serie XL ha sido desarrollada para compartir tu pasi\u00f3n por el remo con los dem\u00e1s. De 2 a 8 personas, este remo hinchable XXL es perfecto para descubrir los placeres del paddle surf con amigos. Adem\u00e1s, esta tabla es apta para descubrir olas peque\u00f1as con un barco que puede acomodar hasta 8 personas. Esto lo convierte en un producto ideal para familias numerosas o grandes grupos de amigos.<\/p>\n<p>El equipo de SROKA da mucha importancia a los productos duraderos, por eso hemos reforzado (a\u00f1adido m\u00e1s capas a los ra\u00edles) la gama XL, para conseguir la m\u00e1xima durabilidad con el paso del tiempo. La ventaja de este refuerzo es que tambi\u00e9n permite que la pala soporte altas temperaturas. <\/p>\n<p>Si quiere divertirse como nunca, opte por la gama XXL.<br \/>\nNo lo dude m\u00e1s.<\/p>\n<\/div>\n<\/div>\n<\/div>\n<\/div>\n<h3><a href=\"https:\/\/srokacompany.com\/es\/por-que-elegir-las-placas-sroka\/\" target=\"_blank\" rel=\"noopener noreferrer\">Por qu\u00e9 elegir los productos SROKA<\/a><\/h3>\n<p class=\"p1\"><span class=\"s1\"> <\/span><\/p>\n","protected":false},"excerpt":{"rendered":"<p>Paddle XXL para hasta 10 personas<\/p>\n","protected":false},"featured_media":346650,"template":"","meta":{"_acf_changed":false,"_uag_custom_page_level_css":""},"product_brand":[],"product_cat":[3888,3612],"product_tag":[3426],"class_list":{"0":"post-346639","1":"product","2":"type-product","3":"status-publish","4":"has-post-thumbnail","6":"product_cat-junta-de-sup","7":"product_cat-palas-hinchables","8":"product_tag-principiante","9":"product_shipping_class-sup-gigantes","11":"first","12":"onbackorder","13":"taxable","14":"shipping-taxable","15":"purchasable","16":"product-type-simple"},"acf":[],"yoast_head":"<!-- This site is optimized with the Yoast SEO plugin v27.4 - https:\/\/yoast.com\/product\/yoast-seo-wordpress\/ -->\n<title>Pala hinchable gigante XXL para 2-8 personas - SROKA Company<\/title>\n<meta name=\"description\" content=\"El remo hinchable Giant XXL est\u00e1 dise\u00f1ado para compartir. Para 2 a 8 personas, este SUP es ideal para divertirse en el agua y en las olas con los amigos.\" \/>\n<meta name=\"robots\" content=\"index, follow, max-snippet:-1, max-image-preview:large, max-video-preview:-1\" \/>\n<link rel=\"canonical\" href=\"https:\/\/srokacompany.com\/es\/produit\/pala-hinchable-gigante-xxl\/\" \/>\n<meta property=\"og:locale\" content=\"es_ES\" \/>\n<meta property=\"og:type\" content=\"article\" \/>\n<meta property=\"og:title\" content=\"Pala hinchable gigante XXL para 2-8 personas - SROKA Company\" \/>\n<meta property=\"og:description\" content=\"El remo hinchable Giant XXL est\u00e1 dise\u00f1ado para compartir. Para 2 a 8 personas, este SUP es ideal para divertirse en el agua y en las olas con los amigos.\" \/>\n<meta property=\"og:url\" content=\"https:\/\/srokacompany.com\/es\/produit\/pala-hinchable-gigante-xxl\/\" \/>\n<meta property=\"og:site_name\" content=\"SROKA Company\" \/>\n<meta property=\"article:publisher\" content=\"https:\/\/www.facebook.com\/srokawatersports\/\" \/>\n<meta property=\"article:modified_time\" content=\"2026-02-06T17:48:30+00:00\" \/>\n<meta property=\"og:image\" content=\"https:\/\/srokacompany.com\/wp-content\/uploads\/2018\/01\/Sup-geant-XXL-.jpg\" \/>\n\t<meta property=\"og:image:width\" content=\"780\" \/>\n\t<meta property=\"og:image:height\" content=\"1040\" \/>\n\t<meta property=\"og:image:type\" content=\"image\/jpeg\" \/>\n<meta name=\"twitter:label1\" content=\"Tiempo de lectura\" \/>\n\t<meta name=\"twitter:data1\" content=\"1 minuto\" \/>\n<script type=\"application\/ld+json\" class=\"yoast-schema-graph\">{\"@context\":\"https:\\\/\\\/schema.org\",\"@graph\":[{\"@type\":\"WebPage\",\"@id\":\"https:\\\/\\\/srokacompany.com\\\/es\\\/produit\\\/pala-hinchable-gigante-xxl\\\/\",\"url\":\"https:\\\/\\\/srokacompany.com\\\/es\\\/produit\\\/pala-hinchable-gigante-xxl\\\/\",\"name\":\"Pala hinchable gigante XXL para 2-8 personas - SROKA Company\",\"isPartOf\":{\"@id\":\"https:\\\/\\\/srokacompany.com\\\/es\\\/#website\"},\"primaryImageOfPage\":{\"@id\":\"https:\\\/\\\/srokacompany.com\\\/es\\\/produit\\\/pala-hinchable-gigante-xxl\\\/#primaryimage\"},\"image\":{\"@id\":\"https:\\\/\\\/srokacompany.com\\\/es\\\/produit\\\/pala-hinchable-gigante-xxl\\\/#primaryimage\"},\"thumbnailUrl\":\"https:\\\/\\\/srokacompany.com\\\/wp-content\\\/uploads\\\/2018\\\/01\\\/Sup-geant-XXL-.jpg\",\"datePublished\":\"2018-01-10T14:36:55+00:00\",\"dateModified\":\"2026-02-06T17:48:30+00:00\",\"description\":\"El remo hinchable Giant XXL est\u00e1 dise\u00f1ado para compartir. Para 2 a 8 personas, este SUP es ideal para divertirse en el agua y en las olas con los amigos.\",\"breadcrumb\":{\"@id\":\"https:\\\/\\\/srokacompany.com\\\/es\\\/produit\\\/pala-hinchable-gigante-xxl\\\/#breadcrumb\"},\"inLanguage\":\"es\",\"potentialAction\":[{\"@type\":\"ReadAction\",\"target\":[\"https:\\\/\\\/srokacompany.com\\\/es\\\/produit\\\/pala-hinchable-gigante-xxl\\\/\"]}]},{\"@type\":\"ImageObject\",\"inLanguage\":\"es\",\"@id\":\"https:\\\/\\\/srokacompany.com\\\/es\\\/produit\\\/pala-hinchable-gigante-xxl\\\/#primaryimage\",\"url\":\"https:\\\/\\\/srokacompany.com\\\/wp-content\\\/uploads\\\/2018\\\/01\\\/Sup-geant-XXL-.jpg\",\"contentUrl\":\"https:\\\/\\\/srokacompany.com\\\/wp-content\\\/uploads\\\/2018\\\/01\\\/Sup-geant-XXL-.jpg\",\"width\":780,\"height\":1040,\"caption\":\"Sup geant XXL\"},{\"@type\":\"BreadcrumbList\",\"@id\":\"https:\\\/\\\/srokacompany.com\\\/es\\\/produit\\\/pala-hinchable-gigante-xxl\\\/#breadcrumb\",\"itemListElement\":[{\"@type\":\"ListItem\",\"position\":1,\"name\":\"Accueil\",\"item\":\"https:\\\/\\\/srokacompany.com\\\/es\\\/\"},{\"@type\":\"ListItem\",\"position\":2,\"name\":\"Tienda\",\"item\":\"https:\\\/\\\/srokacompany.com\\\/tienda\\\/\"},{\"@type\":\"ListItem\",\"position\":3,\"name\":\"Pala hinchable gigante XXL\"}]},{\"@type\":\"WebSite\",\"@id\":\"https:\\\/\\\/srokacompany.com\\\/es\\\/#website\",\"url\":\"https:\\\/\\\/srokacompany.com\\\/es\\\/\",\"name\":\"SROKA Company\",\"description\":\"SUP, Kite, Foil, Wing\",\"publisher\":{\"@id\":\"https:\\\/\\\/srokacompany.com\\\/es\\\/#organization\"},\"potentialAction\":[{\"@type\":\"SearchAction\",\"target\":{\"@type\":\"EntryPoint\",\"urlTemplate\":\"https:\\\/\\\/srokacompany.com\\\/es\\\/?s={search_term_string}\"},\"query-input\":{\"@type\":\"PropertyValueSpecification\",\"valueRequired\":true,\"valueName\":\"search_term_string\"}}],\"inLanguage\":\"es\"},{\"@type\":\"Organization\",\"@id\":\"https:\\\/\\\/srokacompany.com\\\/es\\\/#organization\",\"name\":\"SROKACOMPANY\",\"alternateName\":\"SROKA\",\"url\":\"https:\\\/\\\/srokacompany.com\\\/es\\\/\",\"logo\":{\"@type\":\"ImageObject\",\"inLanguage\":\"es\",\"@id\":\"https:\\\/\\\/srokacompany.com\\\/es\\\/#\\\/schema\\\/logo\\\/image\\\/\",\"url\":\"https:\\\/\\\/srokacompany.com\\\/wp-content\\\/uploads\\\/2021\\\/01\\\/logo-sroka-black-transpa.png\",\"contentUrl\":\"https:\\\/\\\/srokacompany.com\\\/wp-content\\\/uploads\\\/2021\\\/01\\\/logo-sroka-black-transpa.png\",\"width\":1201,\"height\":342,\"caption\":\"SROKACOMPANY\"},\"image\":{\"@id\":\"https:\\\/\\\/srokacompany.com\\\/es\\\/#\\\/schema\\\/logo\\\/image\\\/\"},\"sameAs\":[\"https:\\\/\\\/www.facebook.com\\\/srokawatersports\\\/\",\"https:\\\/\\\/www.instagram.com\\\/srokawatersports\\\/\",\"https:\\\/\\\/www.youtube.com\\\/channel\\\/UCVLHHeaPIm-J5bdEUgxqtZA\"]}]}<\/script>\n<!-- \/ Yoast SEO plugin. -->","yoast_head_json":{"title":"Pala hinchable gigante XXL para 2-8 personas - SROKA Company","description":"El remo hinchable Giant XXL est\u00e1 dise\u00f1ado para compartir. Para 2 a 8 personas, este SUP es ideal para divertirse en el agua y en las olas con los amigos.","robots":{"index":"index","follow":"follow","max-snippet":"max-snippet:-1","max-image-preview":"max-image-preview:large","max-video-preview":"max-video-preview:-1"},"canonical":"https:\/\/srokacompany.com\/es\/produit\/pala-hinchable-gigante-xxl\/","og_locale":"es_ES","og_type":"article","og_title":"Pala hinchable gigante XXL para 2-8 personas - SROKA Company","og_description":"El remo hinchable Giant XXL est\u00e1 dise\u00f1ado para compartir. Para 2 a 8 personas, este SUP es ideal para divertirse en el agua y en las olas con los amigos.","og_url":"https:\/\/srokacompany.com\/es\/produit\/pala-hinchable-gigante-xxl\/","og_site_name":"SROKA Company","article_publisher":"https:\/\/www.facebook.com\/srokawatersports\/","article_modified_time":"2026-02-06T17:48:30+00:00","og_image":[{"width":780,"height":1040,"url":"https:\/\/srokacompany.com\/wp-content\/uploads\/2018\/01\/Sup-geant-XXL-.jpg","type":"image\/jpeg"}],"twitter_misc":{"Tiempo de lectura":"1 minuto"},"schema":{"@context":"https:\/\/schema.org","@graph":[{"@type":"WebPage","@id":"https:\/\/srokacompany.com\/es\/produit\/pala-hinchable-gigante-xxl\/","url":"https:\/\/srokacompany.com\/es\/produit\/pala-hinchable-gigante-xxl\/","name":"Pala hinchable gigante XXL para 2-8 personas - SROKA Company","isPartOf":{"@id":"https:\/\/srokacompany.com\/es\/#website"},"primaryImageOfPage":{"@id":"https:\/\/srokacompany.com\/es\/produit\/pala-hinchable-gigante-xxl\/#primaryimage"},"image":{"@id":"https:\/\/srokacompany.com\/es\/produit\/pala-hinchable-gigante-xxl\/#primaryimage"},"thumbnailUrl":"https:\/\/srokacompany.com\/wp-content\/uploads\/2018\/01\/Sup-geant-XXL-.jpg","datePublished":"2018-01-10T14:36:55+00:00","dateModified":"2026-02-06T17:48:30+00:00","description":"El remo hinchable Giant XXL est\u00e1 dise\u00f1ado para compartir. Para 2 a 8 personas, este SUP es ideal para divertirse en el agua y en las olas con los amigos.","breadcrumb":{"@id":"https:\/\/srokacompany.com\/es\/produit\/pala-hinchable-gigante-xxl\/#breadcrumb"},"inLanguage":"es","potentialAction":[{"@type":"ReadAction","target":["https:\/\/srokacompany.com\/es\/produit\/pala-hinchable-gigante-xxl\/"]}]},{"@type":"ImageObject","inLanguage":"es","@id":"https:\/\/srokacompany.com\/es\/produit\/pala-hinchable-gigante-xxl\/#primaryimage","url":"https:\/\/srokacompany.com\/wp-content\/uploads\/2018\/01\/Sup-geant-XXL-.jpg","contentUrl":"https:\/\/srokacompany.com\/wp-content\/uploads\/2018\/01\/Sup-geant-XXL-.jpg","width":780,"height":1040,"caption":"Sup geant XXL"},{"@type":"BreadcrumbList","@id":"https:\/\/srokacompany.com\/es\/produit\/pala-hinchable-gigante-xxl\/#breadcrumb","itemListElement":[{"@type":"ListItem","position":1,"name":"Accueil","item":"https:\/\/srokacompany.com\/es\/"},{"@type":"ListItem","position":2,"name":"Tienda","item":"https:\/\/srokacompany.com\/tienda\/"},{"@type":"ListItem","position":3,"name":"Pala hinchable gigante XXL"}]},{"@type":"WebSite","@id":"https:\/\/srokacompany.com\/es\/#website","url":"https:\/\/srokacompany.com\/es\/","name":"SROKA Company","description":"SUP, Kite, Foil, Wing","publisher":{"@id":"https:\/\/srokacompany.com\/es\/#organization"},"potentialAction":[{"@type":"SearchAction","target":{"@type":"EntryPoint","urlTemplate":"https:\/\/srokacompany.com\/es\/?s={search_term_string}"},"query-input":{"@type":"PropertyValueSpecification","valueRequired":true,"valueName":"search_term_string"}}],"inLanguage":"es"},{"@type":"Organization","@id":"https:\/\/srokacompany.com\/es\/#organization","name":"SROKACOMPANY","alternateName":"SROKA","url":"https:\/\/srokacompany.com\/es\/","logo":{"@type":"ImageObject","inLanguage":"es","@id":"https:\/\/srokacompany.com\/es\/#\/schema\/logo\/image\/","url":"https:\/\/srokacompany.com\/wp-content\/uploads\/2021\/01\/logo-sroka-black-transpa.png","contentUrl":"https:\/\/srokacompany.com\/wp-content\/uploads\/2021\/01\/logo-sroka-black-transpa.png","width":1201,"height":342,"caption":"SROKACOMPANY"},"image":{"@id":"https:\/\/srokacompany.com\/es\/#\/schema\/logo\/image\/"},"sameAs":["https:\/\/www.facebook.com\/srokawatersports\/","https:\/\/www.instagram.com\/srokawatersports\/","https:\/\/www.youtube.com\/channel\/UCVLHHeaPIm-J5bdEUgxqtZA"]}]}},"uagb_featured_image_src":{"full":["https:\/\/srokacompany.com\/wp-content\/uploads\/2018\/01\/Sup-geant-XXL-.jpg",780,1040,false],"thumbnail":["https:\/\/srokacompany.com\/wp-content\/uploads\/2018\/01\/Sup-geant-XXL--150x150.jpg",150,150,true],"medium":["https:\/\/srokacompany.com\/wp-content\/uploads\/2018\/01\/Sup-geant-XXL--225x300.jpg",225,300,true],"medium_large":["https:\/\/srokacompany.com\/wp-content\/uploads\/2018\/01\/Sup-geant-XXL--768x1024.jpg",768,1024,true],"large":["https:\/\/srokacompany.com\/wp-content\/uploads\/2018\/01\/Sup-geant-XXL--768x1024.jpg",768,1024,true],"1536x1536":["https:\/\/srokacompany.com\/wp-content\/uploads\/2018\/01\/Sup-geant-XXL-.jpg",780,1040,false],"2048x2048":["https:\/\/srokacompany.com\/wp-content\/uploads\/2018\/01\/Sup-geant-XXL-.jpg",780,1040,false],"woocommerce_thumbnail":["https:\/\/srokacompany.com\/wp-content\/uploads\/2018\/01\/Sup-geant-XXL--600x800.jpg",600,800,true],"woocommerce_single":["https:\/\/srokacompany.com\/wp-content\/uploads\/2018\/01\/Sup-geant-XXL--600x800.jpg",600,800,true],"woocommerce_gallery_thumbnail":["https:\/\/srokacompany.com\/wp-content\/uploads\/2018\/01\/Sup-geant-XXL--100x100.jpg",100,100,true],"dgwt-wcas-product-suggestion":["https:\/\/srokacompany.com\/wp-content\/uploads\/2018\/01\/Sup-geant-XXL-.jpg",64,85,false]},"uagb_author_info":{"display_name":"Bruno Sroka","author_link":"https:\/\/srokacompany.com\/es\/blog\/author\/"},"uagb_comment_info":0,"uagb_excerpt":"Paddle XXL para hasta 10 personas","jetpack_sharing_enabled":true,"_links":{"self":[{"href":"https:\/\/srokacompany.com\/es\/wp-json\/wp\/v2\/product\/346639","targetHints":{"allow":["GET"]}}],"collection":[{"href":"https:\/\/srokacompany.com\/es\/wp-json\/wp\/v2\/product"}],"about":[{"href":"https:\/\/srokacompany.com\/es\/wp-json\/wp\/v2\/types\/product"}],"wp:featuredmedia":[{"embeddable":true,"href":"https:\/\/srokacompany.com\/es\/wp-json\/wp\/v2\/media\/346650"}],"wp:attachment":[{"href":"https:\/\/srokacompany.com\/es\/wp-json\/wp\/v2\/media?parent=346639"}],"wp:term":[{"taxonomy":"product_brand","embeddable":true,"href":"https:\/\/srokacompany.com\/es\/wp-json\/wp\/v2\/product_brand?post=346639"},{"taxonomy":"product_cat","embeddable":true,"href":"https:\/\/srokacompany.com\/es\/wp-json\/wp\/v2\/product_cat?post=346639"},{"taxonomy":"product_tag","embeddable":true,"href":"https:\/\/srokacompany.com\/es\/wp-json\/wp\/v2\/product_tag?post=346639"}],"curies":[{"name":"wp","href":"https:\/\/api.w.org\/{rel}","templated":true}]}}