{"id":346698,"date":"2018-01-16T13:48:45","date_gmt":"2018-01-16T11:48:45","guid":{"rendered":"https:\/\/srokacompany.com\/produit\/correa-recta-9\/"},"modified":"2025-06-27T00:05:14","modified_gmt":"2025-06-26T22:05:14","slug":"correa-recta-9","status":"publish","type":"product","link":"https:\/\/srokacompany.com\/es\/produit\/correa-recta-9\/","title":{"rendered":"Correa recta 9"},"content":{"rendered":"<hr>\n<h1>Correa SUP 9&#8242; derecha<\/h1>\n<p>Este leash SUP 9&#8242; recto para surf, <a href=\"https:\/\/srokacompany.com\/es\/eshop\/tablas-wing-foil-mejor-precio\/\">foil<\/a> <strong>y <a href=\"https:\/\/srokacompany.com\/es\/produit\/stand-up-paddle-duo\/\">stand up paddle hinchable<\/a><\/strong> est\u00e1 dise\u00f1ado para mantenerte a ti y a tu equipo a salvo en cualquier situaci\u00f3n. Su di\u00e1metro de 8 mm en PU proporciona una excelente resistencia y se puede utilizar en todas las condiciones. El c\u00f3modo neopreno alrededor del tobillo permite un agarre agradable y seguro, as\u00ed como una \u00f3ptima resistencia al medio marino y acu\u00e1tico. Es compatible con todas nuestras tablas hinchables SUP, pero tambi\u00e9n con <a href=\"https:\/\/srokacompany.com\/es\/blog\/como-virar-hacer-una-virada-en-wingfoil\/\">nuestras tablas foil<\/a> y se puede utilizar para nuestras <a href=\"https:\/\/srokacompany.com\/es\/eshop\/alas-de-wing-foil\/\">Sroka Wings<\/a>.<\/p>\n","protected":false},"excerpt":{"rendered":"<p>Este leash SUP 9&#8242; recto para surf, <a href=\"https:\/\/srokacompany.com\/es\/eshop\/tablas-wing-foil-mejor-precio\/\">foil<\/a> <strong>y <a href=\"https:\/\/srokacompany.com\/es\/produit\/stand-up-paddle-duo\/\">stand up paddle hinchable<\/a><\/strong> est\u00e1 dise\u00f1ado para mantenerte a ti y a tu equipo a salvo en cualquier situaci\u00f3n. Su di\u00e1metro de 8 mm en PU proporciona una excelente resistencia y se puede utilizar en todas las condiciones. El c\u00f3modo neopreno alrededor del tobillo permite un agarre agradable y seguro, as\u00ed como una \u00f3ptima resistencia al medio marino y acu\u00e1tico. Es compatible con todas nuestras tablas hinchables SUP, pero tambi\u00e9n con <a href=\"https:\/\/srokacompany.com\/es\/blog\/como-virar-hacer-una-virada-en-wingfoil\/\">nuestras tablas foil<\/a> y se puede utilizar para nuestras <a href=\"https:\/\/srokacompany.com\/es\/eshop\/alas-de-wing-foil\/\">Sroka Wings<\/a>.<\/p>\n","protected":false},"featured_media":346699,"template":"","meta":{"_acf_changed":false,"_uag_custom_page_level_css":""},"product_brand":[],"product_cat":[3597,3908,3612,3444],"product_tag":[],"class_list":{"0":"post-346698","1":"product","2":"type-product","3":"status-publish","4":"has-post-thumbnail","6":"product_cat-accesorios-de-padel","7":"product_cat-pala-con-correa","8":"product_cat-palas-hinchables","9":"product_cat-wing-foil-es","10":"product_shipping_class-pequenos-envios","12":"first","13":"instock","14":"taxable","15":"shipping-taxable","16":"purchasable","17":"product-type-variable"},"acf":[],"yoast_head":"<!-- This site is optimized with the Yoast SEO plugin v27.4 - https:\/\/yoast.com\/product\/yoast-seo-wordpress\/ -->\n<title>Correa recta de 9&#039; para SUP y surf - SROKA Company - Accesorios<\/title>\n<meta name=\"description\" content=\"Este leash 9 &#039;recta para SUP para el surf y stand up paddle inflable es perfecto para el surf, foil o stand up paddle boarding.\" \/>\n<meta name=\"robots\" content=\"index, follow, max-snippet:-1, max-image-preview:large, max-video-preview:-1\" \/>\n<link rel=\"canonical\" href=\"https:\/\/srokacompany.com\/es\/produit\/correa-recta-9\/\" \/>\n<meta property=\"og:locale\" content=\"es_ES\" \/>\n<meta property=\"og:type\" content=\"article\" \/>\n<meta property=\"og:title\" content=\"Correa recta de 9&#039; para SUP y surf - SROKA Company - Accesorios\" \/>\n<meta property=\"og:description\" content=\"Este leash 9 &#039;recta para SUP para el surf y stand up paddle inflable es perfecto para el surf, foil o stand up paddle boarding.\" \/>\n<meta property=\"og:url\" content=\"https:\/\/srokacompany.com\/es\/produit\/correa-recta-9\/\" \/>\n<meta property=\"og:site_name\" content=\"SROKA Company\" \/>\n<meta property=\"article:publisher\" content=\"https:\/\/www.facebook.com\/srokawatersports\/\" \/>\n<meta property=\"article:modified_time\" content=\"2025-06-26T22:05:14+00:00\" \/>\n<meta property=\"og:image\" content=\"https:\/\/srokacompany.com\/wp-content\/uploads\/2018\/01\/full-set-leash-9-straight-sketch.jpg\" \/>\n\t<meta property=\"og:image:width\" content=\"780\" \/>\n\t<meta property=\"og:image:height\" content=\"1040\" \/>\n\t<meta property=\"og:image:type\" content=\"image\/jpeg\" \/>\n<meta name=\"twitter:label1\" content=\"Tiempo de lectura\" \/>\n\t<meta name=\"twitter:data1\" content=\"1 minuto\" \/>\n<script type=\"application\/ld+json\" class=\"yoast-schema-graph\">{\"@context\":\"https:\\\/\\\/schema.org\",\"@graph\":[{\"@type\":\"WebPage\",\"@id\":\"https:\\\/\\\/srokacompany.com\\\/es\\\/produit\\\/correa-recta-9\\\/\",\"url\":\"https:\\\/\\\/srokacompany.com\\\/es\\\/produit\\\/correa-recta-9\\\/\",\"name\":\"Correa recta de 9' para SUP y surf - SROKA Company - Accesorios\",\"isPartOf\":{\"@id\":\"https:\\\/\\\/srokacompany.com\\\/es\\\/#website\"},\"primaryImageOfPage\":{\"@id\":\"https:\\\/\\\/srokacompany.com\\\/es\\\/produit\\\/correa-recta-9\\\/#primaryimage\"},\"image\":{\"@id\":\"https:\\\/\\\/srokacompany.com\\\/es\\\/produit\\\/correa-recta-9\\\/#primaryimage\"},\"thumbnailUrl\":\"https:\\\/\\\/srokacompany.com\\\/wp-content\\\/uploads\\\/2018\\\/01\\\/full-set-leash-9-straight-sketch.jpg\",\"datePublished\":\"2018-01-16T11:48:45+00:00\",\"dateModified\":\"2025-06-26T22:05:14+00:00\",\"description\":\"Este leash 9 'recta para SUP para el surf y stand up paddle inflable es perfecto para el surf, foil o stand up paddle boarding.\",\"breadcrumb\":{\"@id\":\"https:\\\/\\\/srokacompany.com\\\/es\\\/produit\\\/correa-recta-9\\\/#breadcrumb\"},\"inLanguage\":\"es\",\"potentialAction\":[{\"@type\":\"ReadAction\",\"target\":[\"https:\\\/\\\/srokacompany.com\\\/es\\\/produit\\\/correa-recta-9\\\/\"]}]},{\"@type\":\"ImageObject\",\"inLanguage\":\"es\",\"@id\":\"https:\\\/\\\/srokacompany.com\\\/es\\\/produit\\\/correa-recta-9\\\/#primaryimage\",\"url\":\"https:\\\/\\\/srokacompany.com\\\/wp-content\\\/uploads\\\/2018\\\/01\\\/full-set-leash-9-straight-sketch.jpg\",\"contentUrl\":\"https:\\\/\\\/srokacompany.com\\\/wp-content\\\/uploads\\\/2018\\\/01\\\/full-set-leash-9-straight-sketch.jpg\",\"width\":780,\"height\":1040,\"caption\":\"Correa en espiral de 10' ultrarresistente\"},{\"@type\":\"BreadcrumbList\",\"@id\":\"https:\\\/\\\/srokacompany.com\\\/es\\\/produit\\\/correa-recta-9\\\/#breadcrumb\",\"itemListElement\":[{\"@type\":\"ListItem\",\"position\":1,\"name\":\"Accueil\",\"item\":\"https:\\\/\\\/srokacompany.com\\\/es\\\/\"},{\"@type\":\"ListItem\",\"position\":2,\"name\":\"Tienda\",\"item\":\"https:\\\/\\\/srokacompany.com\\\/tienda\\\/\"},{\"@type\":\"ListItem\",\"position\":3,\"name\":\"Correa recta 9\"}]},{\"@type\":\"WebSite\",\"@id\":\"https:\\\/\\\/srokacompany.com\\\/es\\\/#website\",\"url\":\"https:\\\/\\\/srokacompany.com\\\/es\\\/\",\"name\":\"SROKA Company\",\"description\":\"SUP, Kite, Foil, Wing\",\"publisher\":{\"@id\":\"https:\\\/\\\/srokacompany.com\\\/es\\\/#organization\"},\"potentialAction\":[{\"@type\":\"SearchAction\",\"target\":{\"@type\":\"EntryPoint\",\"urlTemplate\":\"https:\\\/\\\/srokacompany.com\\\/es\\\/?s={search_term_string}\"},\"query-input\":{\"@type\":\"PropertyValueSpecification\",\"valueRequired\":true,\"valueName\":\"search_term_string\"}}],\"inLanguage\":\"es\"},{\"@type\":\"Organization\",\"@id\":\"https:\\\/\\\/srokacompany.com\\\/es\\\/#organization\",\"name\":\"SROKACOMPANY\",\"alternateName\":\"SROKA\",\"url\":\"https:\\\/\\\/srokacompany.com\\\/es\\\/\",\"logo\":{\"@type\":\"ImageObject\",\"inLanguage\":\"es\",\"@id\":\"https:\\\/\\\/srokacompany.com\\\/es\\\/#\\\/schema\\\/logo\\\/image\\\/\",\"url\":\"https:\\\/\\\/srokacompany.com\\\/wp-content\\\/uploads\\\/2021\\\/01\\\/logo-sroka-black-transpa.png\",\"contentUrl\":\"https:\\\/\\\/srokacompany.com\\\/wp-content\\\/uploads\\\/2021\\\/01\\\/logo-sroka-black-transpa.png\",\"width\":1201,\"height\":342,\"caption\":\"SROKACOMPANY\"},\"image\":{\"@id\":\"https:\\\/\\\/srokacompany.com\\\/es\\\/#\\\/schema\\\/logo\\\/image\\\/\"},\"sameAs\":[\"https:\\\/\\\/www.facebook.com\\\/srokawatersports\\\/\",\"https:\\\/\\\/www.instagram.com\\\/srokawatersports\\\/\",\"https:\\\/\\\/www.youtube.com\\\/channel\\\/UCVLHHeaPIm-J5bdEUgxqtZA\"]}]}<\/script>\n<!-- \/ Yoast SEO plugin. -->","yoast_head_json":{"title":"Correa recta de 9' para SUP y surf - SROKA Company - Accesorios","description":"Este leash 9 'recta para SUP para el surf y stand up paddle inflable es perfecto para el surf, foil o stand up paddle boarding.","robots":{"index":"index","follow":"follow","max-snippet":"max-snippet:-1","max-image-preview":"max-image-preview:large","max-video-preview":"max-video-preview:-1"},"canonical":"https:\/\/srokacompany.com\/es\/produit\/correa-recta-9\/","og_locale":"es_ES","og_type":"article","og_title":"Correa recta de 9' para SUP y surf - SROKA Company - Accesorios","og_description":"Este leash 9 'recta para SUP para el surf y stand up paddle inflable es perfecto para el surf, foil o stand up paddle boarding.","og_url":"https:\/\/srokacompany.com\/es\/produit\/correa-recta-9\/","og_site_name":"SROKA Company","article_publisher":"https:\/\/www.facebook.com\/srokawatersports\/","article_modified_time":"2025-06-26T22:05:14+00:00","og_image":[{"width":780,"height":1040,"url":"https:\/\/srokacompany.com\/wp-content\/uploads\/2018\/01\/full-set-leash-9-straight-sketch.jpg","type":"image\/jpeg"}],"twitter_misc":{"Tiempo de lectura":"1 minuto"},"schema":{"@context":"https:\/\/schema.org","@graph":[{"@type":"WebPage","@id":"https:\/\/srokacompany.com\/es\/produit\/correa-recta-9\/","url":"https:\/\/srokacompany.com\/es\/produit\/correa-recta-9\/","name":"Correa recta de 9' para SUP y surf - SROKA Company - Accesorios","isPartOf":{"@id":"https:\/\/srokacompany.com\/es\/#website"},"primaryImageOfPage":{"@id":"https:\/\/srokacompany.com\/es\/produit\/correa-recta-9\/#primaryimage"},"image":{"@id":"https:\/\/srokacompany.com\/es\/produit\/correa-recta-9\/#primaryimage"},"thumbnailUrl":"https:\/\/srokacompany.com\/wp-content\/uploads\/2018\/01\/full-set-leash-9-straight-sketch.jpg","datePublished":"2018-01-16T11:48:45+00:00","dateModified":"2025-06-26T22:05:14+00:00","description":"Este leash 9 'recta para SUP para el surf y stand up paddle inflable es perfecto para el surf, foil o stand up paddle boarding.","breadcrumb":{"@id":"https:\/\/srokacompany.com\/es\/produit\/correa-recta-9\/#breadcrumb"},"inLanguage":"es","potentialAction":[{"@type":"ReadAction","target":["https:\/\/srokacompany.com\/es\/produit\/correa-recta-9\/"]}]},{"@type":"ImageObject","inLanguage":"es","@id":"https:\/\/srokacompany.com\/es\/produit\/correa-recta-9\/#primaryimage","url":"https:\/\/srokacompany.com\/wp-content\/uploads\/2018\/01\/full-set-leash-9-straight-sketch.jpg","contentUrl":"https:\/\/srokacompany.com\/wp-content\/uploads\/2018\/01\/full-set-leash-9-straight-sketch.jpg","width":780,"height":1040,"caption":"Correa en espiral de 10' ultrarresistente"},{"@type":"BreadcrumbList","@id":"https:\/\/srokacompany.com\/es\/produit\/correa-recta-9\/#breadcrumb","itemListElement":[{"@type":"ListItem","position":1,"name":"Accueil","item":"https:\/\/srokacompany.com\/es\/"},{"@type":"ListItem","position":2,"name":"Tienda","item":"https:\/\/srokacompany.com\/tienda\/"},{"@type":"ListItem","position":3,"name":"Correa recta 9"}]},{"@type":"WebSite","@id":"https:\/\/srokacompany.com\/es\/#website","url":"https:\/\/srokacompany.com\/es\/","name":"SROKA Company","description":"SUP, Kite, Foil, Wing","publisher":{"@id":"https:\/\/srokacompany.com\/es\/#organization"},"potentialAction":[{"@type":"SearchAction","target":{"@type":"EntryPoint","urlTemplate":"https:\/\/srokacompany.com\/es\/?s={search_term_string}"},"query-input":{"@type":"PropertyValueSpecification","valueRequired":true,"valueName":"search_term_string"}}],"inLanguage":"es"},{"@type":"Organization","@id":"https:\/\/srokacompany.com\/es\/#organization","name":"SROKACOMPANY","alternateName":"SROKA","url":"https:\/\/srokacompany.com\/es\/","logo":{"@type":"ImageObject","inLanguage":"es","@id":"https:\/\/srokacompany.com\/es\/#\/schema\/logo\/image\/","url":"https:\/\/srokacompany.com\/wp-content\/uploads\/2021\/01\/logo-sroka-black-transpa.png","contentUrl":"https:\/\/srokacompany.com\/wp-content\/uploads\/2021\/01\/logo-sroka-black-transpa.png","width":1201,"height":342,"caption":"SROKACOMPANY"},"image":{"@id":"https:\/\/srokacompany.com\/es\/#\/schema\/logo\/image\/"},"sameAs":["https:\/\/www.facebook.com\/srokawatersports\/","https:\/\/www.instagram.com\/srokawatersports\/","https:\/\/www.youtube.com\/channel\/UCVLHHeaPIm-J5bdEUgxqtZA"]}]}},"uagb_featured_image_src":{"full":["https:\/\/srokacompany.com\/wp-content\/uploads\/2018\/01\/full-set-leash-9-straight-sketch.jpg",780,1040,false],"thumbnail":["https:\/\/srokacompany.com\/wp-content\/uploads\/2018\/01\/full-set-leash-9-straight-sketch-150x150.jpg",150,150,true],"medium":["https:\/\/srokacompany.com\/wp-content\/uploads\/2018\/01\/full-set-leash-9-straight-sketch-225x300.jpg",225,300,true],"medium_large":["https:\/\/srokacompany.com\/wp-content\/uploads\/2018\/01\/full-set-leash-9-straight-sketch-768x1024.jpg",768,1024,true],"large":["https:\/\/srokacompany.com\/wp-content\/uploads\/2018\/01\/full-set-leash-9-straight-sketch-768x1024.jpg",768,1024,true],"1536x1536":["https:\/\/srokacompany.com\/wp-content\/uploads\/2018\/01\/full-set-leash-9-straight-sketch.jpg",780,1040,false],"2048x2048":["https:\/\/srokacompany.com\/wp-content\/uploads\/2018\/01\/full-set-leash-9-straight-sketch.jpg",780,1040,false],"woocommerce_thumbnail":["https:\/\/srokacompany.com\/wp-content\/uploads\/2018\/01\/full-set-leash-9-straight-sketch-600x800.jpg",600,800,true],"woocommerce_single":["https:\/\/srokacompany.com\/wp-content\/uploads\/2018\/01\/full-set-leash-9-straight-sketch-600x800.jpg",600,800,true],"woocommerce_gallery_thumbnail":["https:\/\/srokacompany.com\/wp-content\/uploads\/2018\/01\/full-set-leash-9-straight-sketch-100x100.jpg",100,100,true],"dgwt-wcas-product-suggestion":["https:\/\/srokacompany.com\/wp-content\/uploads\/2018\/01\/full-set-leash-9-straight-sketch.jpg",64,85,false]},"uagb_author_info":{"display_name":"Bruno Sroka","author_link":"https:\/\/srokacompany.com\/es\/blog\/author\/"},"uagb_comment_info":0,"uagb_excerpt":"Este leash SUP 9' recto para surf, foil y stand up paddle hinchable est\u00e1 dise\u00f1ado para mantenerte a ti y a tu equipo a salvo en cualquier situaci\u00f3n. Su di\u00e1metro de 8 mm en PU proporciona una excelente resistencia y se puede utilizar en todas las condiciones. El c\u00f3modo neopreno alrededor del tobillo permite un&hellip;","jetpack_sharing_enabled":true,"_links":{"self":[{"href":"https:\/\/srokacompany.com\/es\/wp-json\/wp\/v2\/product\/346698","targetHints":{"allow":["GET"]}}],"collection":[{"href":"https:\/\/srokacompany.com\/es\/wp-json\/wp\/v2\/product"}],"about":[{"href":"https:\/\/srokacompany.com\/es\/wp-json\/wp\/v2\/types\/product"}],"wp:featuredmedia":[{"embeddable":true,"href":"https:\/\/srokacompany.com\/es\/wp-json\/wp\/v2\/media\/346699"}],"wp:attachment":[{"href":"https:\/\/srokacompany.com\/es\/wp-json\/wp\/v2\/media?parent=346698"}],"wp:term":[{"taxonomy":"product_brand","embeddable":true,"href":"https:\/\/srokacompany.com\/es\/wp-json\/wp\/v2\/product_brand?post=346698"},{"taxonomy":"product_cat","embeddable":true,"href":"https:\/\/srokacompany.com\/es\/wp-json\/wp\/v2\/product_cat?post=346698"},{"taxonomy":"product_tag","embeddable":true,"href":"https:\/\/srokacompany.com\/es\/wp-json\/wp\/v2\/product_tag?post=346698"}],"curies":[{"name":"wp","href":"https:\/\/api.w.org\/{rel}","templated":true}]}}