{"id":346709,"date":"2018-01-16T14:27:50","date_gmt":"2018-01-16T12:27:50","guid":{"rendered":"https:\/\/srokacompany.com\/produit\/bobina-de-correa-de-10\/"},"modified":"2025-06-27T00:07:26","modified_gmt":"2025-06-26T22:07:26","slug":"bobina-de-correa-de-10","status":"publish","type":"product","link":"https:\/\/srokacompany.com\/es\/produit\/bobina-de-correa-de-10\/","title":{"rendered":"Bobina de correa de 10"},"content":{"rendered":"<hr>\n<h1>Correa de 10&#8242; para SUP y Wingfoil<\/h1>\n<p>Ofrecemos una gama de leash bobina (tel\u00e9fono) en diferentes colores (negro, blanco, rojo, azul y verde). Hemos prestado especial atenci\u00f3n a la calidad de la leash con un di\u00e1metro de 8 mm y un bonito acabado. Esta <strong>correa de 10&#8242; para SUP P\u00e1del<\/strong> ha sido probada con \u00e9xito en todo tipo de condiciones por Bruno SROKA en Breta\u00f1a.<br \/>\nEl leash debe colocarse en el pie trasero a la altura del tobillo para un uso \u00f3ptimo.  <\/p>\n<p>Compatible con <a href=\"https:\/\/srokacompany.com\/es\/eshop\/palas-hinchables\/\">Stand up Paddle<\/a> y windsurf. <a href=\"https:\/\/srokacompany.com\/es\/eshop\/foil-es\/\">Foil<\/a>.<\/p>\n","protected":false},"excerpt":{"rendered":"<p>Ofrecemos una gama de leash bobina (tel\u00e9fono) en diferentes colores (negro, blanco, rojo, azul y verde). Hemos prestado especial atenci\u00f3n a la calidad de la leash con un di\u00e1metro de 8 mm y un bonito acabado. Esta <strong>correa de 10&#8242; para SUP<\/strong> ha sido probada con \u00e9xito en todo tipo de condiciones por Bruno SROKA en Breta\u00f1a. La leash debe colocarse en el pie trasero a la altura del tobillo para un uso \u00f3ptimo.   <\/p>\n","protected":false},"featured_media":337063,"template":"","meta":{"_acf_changed":false,"_uag_custom_page_level_css":""},"product_brand":[],"product_cat":[3597,3584,3583,3908,3612,3444],"product_tag":[],"class_list":{"0":"post-346709","1":"product","2":"type-product","3":"status-publish","4":"has-post-thumbnail","6":"product_cat-accesorios-de-padel","7":"product_cat-accesorios-de-surf-foil","8":"product_cat-accesorios-foil","9":"product_cat-pala-con-correa","10":"product_cat-palas-hinchables","11":"product_cat-wing-foil-es","12":"product_shipping_class-pequenos-envios","14":"first","15":"instock","16":"taxable","17":"shipping-taxable","18":"purchasable","19":"product-type-variable","20":"has-default-attributes"},"acf":[],"yoast_head":"<!-- This site is optimized with the Yoast SEO plugin v27.4 - https:\/\/yoast.com\/product\/yoast-seo-wordpress\/ -->\n<title>Bobina de correa de 10 - SROKA Company - Accesorios para Stand up Paddle<\/title>\n<meta name=\"description\" content=\"Esta correa en espiral de 10&#039; para SUP es perfecta para Stand up paddle, surf y foil. Di\u00e1metro de 8 mm y 4 colores.\" \/>\n<meta name=\"robots\" content=\"index, follow, max-snippet:-1, max-image-preview:large, max-video-preview:-1\" \/>\n<link rel=\"canonical\" href=\"https:\/\/srokacompany.com\/es\/produit\/bobina-de-correa-de-10\/\" \/>\n<meta property=\"og:locale\" content=\"es_ES\" \/>\n<meta property=\"og:type\" content=\"article\" \/>\n<meta property=\"og:title\" content=\"Bobina de correa de 10 - SROKA Company - Accesorios para Stand up Paddle\" \/>\n<meta property=\"og:description\" content=\"Esta correa en espiral de 10&#039; para SUP es perfecta para Stand up paddle, surf y foil. Di\u00e1metro de 8 mm y 4 colores.\" \/>\n<meta property=\"og:url\" content=\"https:\/\/srokacompany.com\/es\/produit\/bobina-de-correa-de-10\/\" \/>\n<meta property=\"og:site_name\" content=\"SROKA Company\" \/>\n<meta property=\"article:publisher\" content=\"https:\/\/www.facebook.com\/srokawatersports\/\" \/>\n<meta property=\"article:modified_time\" content=\"2025-06-26T22:07:26+00:00\" \/>\n<meta property=\"og:image\" content=\"https:\/\/srokacompany.com\/wp-content\/uploads\/2018\/01\/full-set-coiled-leash-10-sketch.jpg\" \/>\n\t<meta property=\"og:image:width\" content=\"780\" \/>\n\t<meta property=\"og:image:height\" content=\"1040\" \/>\n\t<meta property=\"og:image:type\" content=\"image\/jpeg\" \/>\n<script type=\"application\/ld+json\" class=\"yoast-schema-graph\">{\"@context\":\"https:\\\/\\\/schema.org\",\"@graph\":[{\"@type\":\"WebPage\",\"@id\":\"https:\\\/\\\/srokacompany.com\\\/es\\\/produit\\\/bobina-de-correa-de-10\\\/\",\"url\":\"https:\\\/\\\/srokacompany.com\\\/es\\\/produit\\\/bobina-de-correa-de-10\\\/\",\"name\":\"Bobina de correa de 10 - SROKA Company - Accesorios para Stand up Paddle\",\"isPartOf\":{\"@id\":\"https:\\\/\\\/srokacompany.com\\\/es\\\/#website\"},\"primaryImageOfPage\":{\"@id\":\"https:\\\/\\\/srokacompany.com\\\/es\\\/produit\\\/bobina-de-correa-de-10\\\/#primaryimage\"},\"image\":{\"@id\":\"https:\\\/\\\/srokacompany.com\\\/es\\\/produit\\\/bobina-de-correa-de-10\\\/#primaryimage\"},\"thumbnailUrl\":\"https:\\\/\\\/srokacompany.com\\\/wp-content\\\/uploads\\\/2018\\\/01\\\/full-set-coiled-leash-10-sketch.jpg\",\"datePublished\":\"2018-01-16T12:27:50+00:00\",\"dateModified\":\"2025-06-26T22:07:26+00:00\",\"description\":\"Esta correa en espiral de 10' para SUP es perfecta para Stand up paddle, surf y foil. Di\u00e1metro de 8 mm y 4 colores.\",\"breadcrumb\":{\"@id\":\"https:\\\/\\\/srokacompany.com\\\/es\\\/produit\\\/bobina-de-correa-de-10\\\/#breadcrumb\"},\"inLanguage\":\"es\",\"potentialAction\":[{\"@type\":\"ReadAction\",\"target\":[\"https:\\\/\\\/srokacompany.com\\\/es\\\/produit\\\/bobina-de-correa-de-10\\\/\"]}]},{\"@type\":\"ImageObject\",\"inLanguage\":\"es\",\"@id\":\"https:\\\/\\\/srokacompany.com\\\/es\\\/produit\\\/bobina-de-correa-de-10\\\/#primaryimage\",\"url\":\"https:\\\/\\\/srokacompany.com\\\/wp-content\\\/uploads\\\/2018\\\/01\\\/full-set-coiled-leash-10-sketch.jpg\",\"contentUrl\":\"https:\\\/\\\/srokacompany.com\\\/wp-content\\\/uploads\\\/2018\\\/01\\\/full-set-coiled-leash-10-sketch.jpg\",\"width\":780,\"height\":1040,\"caption\":\"Correa en espiral de 10' ultrarresistente\"},{\"@type\":\"BreadcrumbList\",\"@id\":\"https:\\\/\\\/srokacompany.com\\\/es\\\/produit\\\/bobina-de-correa-de-10\\\/#breadcrumb\",\"itemListElement\":[{\"@type\":\"ListItem\",\"position\":1,\"name\":\"Accueil\",\"item\":\"https:\\\/\\\/srokacompany.com\\\/es\\\/\"},{\"@type\":\"ListItem\",\"position\":2,\"name\":\"Tienda\",\"item\":\"https:\\\/\\\/srokacompany.com\\\/tienda\\\/\"},{\"@type\":\"ListItem\",\"position\":3,\"name\":\"Bobina de correa de 10\"}]},{\"@type\":\"WebSite\",\"@id\":\"https:\\\/\\\/srokacompany.com\\\/es\\\/#website\",\"url\":\"https:\\\/\\\/srokacompany.com\\\/es\\\/\",\"name\":\"SROKA Company\",\"description\":\"SUP, Kite, Foil, Wing\",\"publisher\":{\"@id\":\"https:\\\/\\\/srokacompany.com\\\/es\\\/#organization\"},\"potentialAction\":[{\"@type\":\"SearchAction\",\"target\":{\"@type\":\"EntryPoint\",\"urlTemplate\":\"https:\\\/\\\/srokacompany.com\\\/es\\\/?s={search_term_string}\"},\"query-input\":{\"@type\":\"PropertyValueSpecification\",\"valueRequired\":true,\"valueName\":\"search_term_string\"}}],\"inLanguage\":\"es\"},{\"@type\":\"Organization\",\"@id\":\"https:\\\/\\\/srokacompany.com\\\/es\\\/#organization\",\"name\":\"SROKACOMPANY\",\"alternateName\":\"SROKA\",\"url\":\"https:\\\/\\\/srokacompany.com\\\/es\\\/\",\"logo\":{\"@type\":\"ImageObject\",\"inLanguage\":\"es\",\"@id\":\"https:\\\/\\\/srokacompany.com\\\/es\\\/#\\\/schema\\\/logo\\\/image\\\/\",\"url\":\"https:\\\/\\\/srokacompany.com\\\/wp-content\\\/uploads\\\/2021\\\/01\\\/logo-sroka-black-transpa.png\",\"contentUrl\":\"https:\\\/\\\/srokacompany.com\\\/wp-content\\\/uploads\\\/2021\\\/01\\\/logo-sroka-black-transpa.png\",\"width\":1201,\"height\":342,\"caption\":\"SROKACOMPANY\"},\"image\":{\"@id\":\"https:\\\/\\\/srokacompany.com\\\/es\\\/#\\\/schema\\\/logo\\\/image\\\/\"},\"sameAs\":[\"https:\\\/\\\/www.facebook.com\\\/srokawatersports\\\/\",\"https:\\\/\\\/www.instagram.com\\\/srokawatersports\\\/\",\"https:\\\/\\\/www.youtube.com\\\/channel\\\/UCVLHHeaPIm-J5bdEUgxqtZA\"]}]}<\/script>\n<!-- \/ Yoast SEO plugin. -->","yoast_head_json":{"title":"Bobina de correa de 10 - SROKA Company - Accesorios para Stand up Paddle","description":"Esta correa en espiral de 10' para SUP es perfecta para Stand up paddle, surf y foil. Di\u00e1metro de 8 mm y 4 colores.","robots":{"index":"index","follow":"follow","max-snippet":"max-snippet:-1","max-image-preview":"max-image-preview:large","max-video-preview":"max-video-preview:-1"},"canonical":"https:\/\/srokacompany.com\/es\/produit\/bobina-de-correa-de-10\/","og_locale":"es_ES","og_type":"article","og_title":"Bobina de correa de 10 - SROKA Company - Accesorios para Stand up Paddle","og_description":"Esta correa en espiral de 10' para SUP es perfecta para Stand up paddle, surf y foil. Di\u00e1metro de 8 mm y 4 colores.","og_url":"https:\/\/srokacompany.com\/es\/produit\/bobina-de-correa-de-10\/","og_site_name":"SROKA Company","article_publisher":"https:\/\/www.facebook.com\/srokawatersports\/","article_modified_time":"2025-06-26T22:07:26+00:00","og_image":[{"width":780,"height":1040,"url":"https:\/\/srokacompany.com\/wp-content\/uploads\/2018\/01\/full-set-coiled-leash-10-sketch.jpg","type":"image\/jpeg"}],"schema":{"@context":"https:\/\/schema.org","@graph":[{"@type":"WebPage","@id":"https:\/\/srokacompany.com\/es\/produit\/bobina-de-correa-de-10\/","url":"https:\/\/srokacompany.com\/es\/produit\/bobina-de-correa-de-10\/","name":"Bobina de correa de 10 - SROKA Company - Accesorios para Stand up Paddle","isPartOf":{"@id":"https:\/\/srokacompany.com\/es\/#website"},"primaryImageOfPage":{"@id":"https:\/\/srokacompany.com\/es\/produit\/bobina-de-correa-de-10\/#primaryimage"},"image":{"@id":"https:\/\/srokacompany.com\/es\/produit\/bobina-de-correa-de-10\/#primaryimage"},"thumbnailUrl":"https:\/\/srokacompany.com\/wp-content\/uploads\/2018\/01\/full-set-coiled-leash-10-sketch.jpg","datePublished":"2018-01-16T12:27:50+00:00","dateModified":"2025-06-26T22:07:26+00:00","description":"Esta correa en espiral de 10' para SUP es perfecta para Stand up paddle, surf y foil. Di\u00e1metro de 8 mm y 4 colores.","breadcrumb":{"@id":"https:\/\/srokacompany.com\/es\/produit\/bobina-de-correa-de-10\/#breadcrumb"},"inLanguage":"es","potentialAction":[{"@type":"ReadAction","target":["https:\/\/srokacompany.com\/es\/produit\/bobina-de-correa-de-10\/"]}]},{"@type":"ImageObject","inLanguage":"es","@id":"https:\/\/srokacompany.com\/es\/produit\/bobina-de-correa-de-10\/#primaryimage","url":"https:\/\/srokacompany.com\/wp-content\/uploads\/2018\/01\/full-set-coiled-leash-10-sketch.jpg","contentUrl":"https:\/\/srokacompany.com\/wp-content\/uploads\/2018\/01\/full-set-coiled-leash-10-sketch.jpg","width":780,"height":1040,"caption":"Correa en espiral de 10' ultrarresistente"},{"@type":"BreadcrumbList","@id":"https:\/\/srokacompany.com\/es\/produit\/bobina-de-correa-de-10\/#breadcrumb","itemListElement":[{"@type":"ListItem","position":1,"name":"Accueil","item":"https:\/\/srokacompany.com\/es\/"},{"@type":"ListItem","position":2,"name":"Tienda","item":"https:\/\/srokacompany.com\/tienda\/"},{"@type":"ListItem","position":3,"name":"Bobina de correa de 10"}]},{"@type":"WebSite","@id":"https:\/\/srokacompany.com\/es\/#website","url":"https:\/\/srokacompany.com\/es\/","name":"SROKA Company","description":"SUP, Kite, Foil, Wing","publisher":{"@id":"https:\/\/srokacompany.com\/es\/#organization"},"potentialAction":[{"@type":"SearchAction","target":{"@type":"EntryPoint","urlTemplate":"https:\/\/srokacompany.com\/es\/?s={search_term_string}"},"query-input":{"@type":"PropertyValueSpecification","valueRequired":true,"valueName":"search_term_string"}}],"inLanguage":"es"},{"@type":"Organization","@id":"https:\/\/srokacompany.com\/es\/#organization","name":"SROKACOMPANY","alternateName":"SROKA","url":"https:\/\/srokacompany.com\/es\/","logo":{"@type":"ImageObject","inLanguage":"es","@id":"https:\/\/srokacompany.com\/es\/#\/schema\/logo\/image\/","url":"https:\/\/srokacompany.com\/wp-content\/uploads\/2021\/01\/logo-sroka-black-transpa.png","contentUrl":"https:\/\/srokacompany.com\/wp-content\/uploads\/2021\/01\/logo-sroka-black-transpa.png","width":1201,"height":342,"caption":"SROKACOMPANY"},"image":{"@id":"https:\/\/srokacompany.com\/es\/#\/schema\/logo\/image\/"},"sameAs":["https:\/\/www.facebook.com\/srokawatersports\/","https:\/\/www.instagram.com\/srokawatersports\/","https:\/\/www.youtube.com\/channel\/UCVLHHeaPIm-J5bdEUgxqtZA"]}]}},"uagb_featured_image_src":{"full":["https:\/\/srokacompany.com\/wp-content\/uploads\/2018\/01\/full-set-coiled-leash-10-sketch.jpg",780,1040,false],"thumbnail":["https:\/\/srokacompany.com\/wp-content\/uploads\/2018\/01\/full-set-coiled-leash-10-sketch-150x150.jpg",150,150,true],"medium":["https:\/\/srokacompany.com\/wp-content\/uploads\/2018\/01\/full-set-coiled-leash-10-sketch-225x300.jpg",225,300,true],"medium_large":["https:\/\/srokacompany.com\/wp-content\/uploads\/2018\/01\/full-set-coiled-leash-10-sketch-768x1024.jpg",768,1024,true],"large":["https:\/\/srokacompany.com\/wp-content\/uploads\/2018\/01\/full-set-coiled-leash-10-sketch-768x1024.jpg",768,1024,true],"1536x1536":["https:\/\/srokacompany.com\/wp-content\/uploads\/2018\/01\/full-set-coiled-leash-10-sketch.jpg",780,1040,false],"2048x2048":["https:\/\/srokacompany.com\/wp-content\/uploads\/2018\/01\/full-set-coiled-leash-10-sketch.jpg",780,1040,false],"woocommerce_thumbnail":["https:\/\/srokacompany.com\/wp-content\/uploads\/2018\/01\/full-set-coiled-leash-10-sketch-600x800.jpg",600,800,true],"woocommerce_single":["https:\/\/srokacompany.com\/wp-content\/uploads\/2018\/01\/full-set-coiled-leash-10-sketch-600x800.jpg",600,800,true],"woocommerce_gallery_thumbnail":["https:\/\/srokacompany.com\/wp-content\/uploads\/2018\/01\/full-set-coiled-leash-10-sketch-100x100.jpg",100,100,true],"dgwt-wcas-product-suggestion":["https:\/\/srokacompany.com\/wp-content\/uploads\/2018\/01\/full-set-coiled-leash-10-sketch.jpg",64,85,false]},"uagb_author_info":{"display_name":"Bruno Sroka","author_link":"https:\/\/srokacompany.com\/es\/blog\/author\/"},"uagb_comment_info":0,"uagb_excerpt":"Ofrecemos una gama de leash bobina (tel\u00e9fono) en diferentes colores (negro, blanco, rojo, azul y verde). Hemos prestado especial atenci\u00f3n a la calidad de la leash con un di\u00e1metro de 8 mm y un bonito acabado. Esta correa de 10' para SUP ha sido probada con \u00e9xito en todo tipo de condiciones por Bruno SROKA&hellip;","jetpack_sharing_enabled":true,"_links":{"self":[{"href":"https:\/\/srokacompany.com\/es\/wp-json\/wp\/v2\/product\/346709","targetHints":{"allow":["GET"]}}],"collection":[{"href":"https:\/\/srokacompany.com\/es\/wp-json\/wp\/v2\/product"}],"about":[{"href":"https:\/\/srokacompany.com\/es\/wp-json\/wp\/v2\/types\/product"}],"wp:featuredmedia":[{"embeddable":true,"href":"https:\/\/srokacompany.com\/es\/wp-json\/wp\/v2\/media\/337063"}],"wp:attachment":[{"href":"https:\/\/srokacompany.com\/es\/wp-json\/wp\/v2\/media?parent=346709"}],"wp:term":[{"taxonomy":"product_brand","embeddable":true,"href":"https:\/\/srokacompany.com\/es\/wp-json\/wp\/v2\/product_brand?post=346709"},{"taxonomy":"product_cat","embeddable":true,"href":"https:\/\/srokacompany.com\/es\/wp-json\/wp\/v2\/product_cat?post=346709"},{"taxonomy":"product_tag","embeddable":true,"href":"https:\/\/srokacompany.com\/es\/wp-json\/wp\/v2\/product_tag?post=346709"}],"curies":[{"name":"wp","href":"https:\/\/api.w.org\/{rel}","templated":true}]}}