{"id":346789,"date":"2018-03-02T08:56:46","date_gmt":"2018-03-02T08:56:46","guid":{"rendered":"https:\/\/srokacompany.com\/produit\/pala-hinchable-escuela-103x34x6\/"},"modified":"2025-11-03T12:07:17","modified_gmt":"2025-11-03T10:07:17","slug":"pala-hinchable-escuela-103x34x6","status":"publish","type":"product","link":"https:\/\/srokacompany.com\/es\/produit\/pala-hinchable-escuela-103x34x6\/","title":{"rendered":"Pala hinchable Escuela 10&#8217;3x34x6"},"content":{"rendered":"<p data-start=\"163\" data-end=\"509\">Descubra la tabla hinchable <strong data-start=\"194\" data-end=\"218\">School 10&#8217;3 \u00d7 34 \u00d7 6<\/strong> de SROKA, dise\u00f1ada para clubes, escuelas o usuarios exigentes. Gracias a su construcci\u00f3n reforzada con <strong data-start=\"322\" data-end=\"356\">4 capas de PVC en los ra\u00edles<\/strong>, esta tabla <strong data-start=\"379\" data-end=\"411\">es extremadamente resistente<\/strong> y apta para <strong data-start=\"443\" data-end=\"468\">un uso intensivo<\/strong>. <\/p>\n<p data-start=\"511\" data-end=\"740\">Con un volumen de 350 litros, unas dimensiones de 314 cm x 86 cm x 15 cm (es decir, aproximadamente 10&#8217;3 x 34 x 6) y un peso ligero de unos 11 kg, es estable, manejable y f\u00e1cil de transportar.<\/p>\n<p data-start=\"742\" data-end=\"943\">La tecnolog\u00eda \u00abFusion\u00bb (ensamblaje de PVC + costura de ca\u00edda de alta gama) mejora la rigidez en casi un 30%, al tiempo que permite el inflado a los 15-17 PSI recomendados.<\/p>\n<p data-start=\"945\" data-end=\"1187\">Dise\u00f1ada para una estructura familiar o de alquiler, esta tabla ofrece un <strong data-start=\"1022\" data-end=\"1053\">programa de iniciaci\u00f3n\/monta\u00f1ismo<\/strong> del 100%, una excelente estabilidad (100%) e incluso puede acoger a un pasajero adicional.<\/p>\n<p data-start=\"1189\" data-end=\"1395\">Las asas de transporte en la parte delantera y trasera facilitan su manejo, y los colores visibles (rojo\/amarillo) aumentan la seguridad y la visibilidad en el agua.  <span class=\"\" data-state=\"closed\"><span class=\"ms-1 inline-flex max-w-full items-center relative top-[-0.094rem] animate-[show_150ms_ease-in]\" data-testid=\"webpage-citation-pill\"><a class=\"flex h-4.5 overflow-hidden rounded-xl px-2 text-[9px] font-medium transition-colors duration-150 ease-in-out text-token-text-secondary! bg-[#F4F4F4]! dark:bg-[#303030]!\" href=\"https:\/\/srokacompany.com\/es\/produit\/pala-hinchable-escuela-103x34x6\/\" target=\"_blank\" rel=\"noopener\"><span class=\"relative start-0 bottom-0 flex h-full w-full items-center\"><span class=\"flex h-4 w-full items-center justify-between overflow-hidden\"><span class=\"max-w-[15ch] grow truncate overflow-hidden text-center\">Empresa SROKA<\/span><\/span><\/span><\/a><\/span><\/span><\/p>\n<p data-start=\"1397\" data-end=\"1653\">Al elegir la School 10&#8217;3, est\u00e1 optando por una tabla hinchable duradera y muy resistente que es f\u00e1cil de guardar y transportar, al tiempo que ofrece un deslizamiento comparable al de una tabla r\u00edgida. Perfecta para clubes, escuelas o un uso familiar intensivo. <\/p>\n","protected":false},"excerpt":{"rendered":"<p>Tabla hinchable resistente para clubes y ocio: 10&#8217;3 x 34&#8243; x 6&#8243;, 300 L, 11 kg. 4 capas de PVC + tecnolog\u00eda Fusion = m\u00e1xima rigidez. Ideal para touring, iniciaci\u00f3n y uso intensivo. Muy estable, f\u00e1cil de transportar.   <\/p>\n","protected":false},"featured_media":346791,"template":"","meta":{"_acf_changed":false,"_uag_custom_page_level_css":""},"product_brand":[],"product_cat":[3888,3612],"product_tag":[3427,3426],"class_list":{"0":"post-346789","1":"product","2":"type-product","3":"status-publish","4":"has-post-thumbnail","6":"product_cat-junta-de-sup","7":"product_cat-palas-hinchables","8":"product_tag-ingenioso","9":"product_tag-principiante","10":"product_shipping_class-sup-unidad","12":"first","13":"instock","14":"taxable","15":"shipping-taxable","16":"purchasable","17":"product-type-simple"},"acf":[],"yoast_head":"<!-- This site is optimized with the Yoast SEO plugin v27.4 - https:\/\/yoast.com\/product\/yoast-seo-wordpress\/ -->\n<title>Pala hinchable Escuela 10&#039;3x34&quot; - SROKA Company<\/title>\n<meta name=\"description\" content=\"El remo hinchable escolar 10&#039;3x34 para empresas de alquiler y clubes ha sido dise\u00f1ado para satisfacer sus necesidades de alquiler intensivo o de clases.\" \/>\n<meta name=\"robots\" content=\"index, follow, max-snippet:-1, max-image-preview:large, max-video-preview:-1\" \/>\n<link rel=\"canonical\" href=\"https:\/\/srokacompany.com\/es\/produit\/pala-hinchable-escuela-103x34x6\/\" \/>\n<meta property=\"og:locale\" content=\"es_ES\" \/>\n<meta property=\"og:type\" content=\"article\" \/>\n<meta property=\"og:title\" content=\"Pala hinchable Escuela 10&#039;3x34&quot; - SROKA Company\" \/>\n<meta property=\"og:description\" content=\"El remo hinchable escolar 10&#039;3x34 para empresas de alquiler y clubes ha sido dise\u00f1ado para satisfacer sus necesidades de alquiler intensivo o de clases.\" \/>\n<meta property=\"og:url\" content=\"https:\/\/srokacompany.com\/es\/produit\/pala-hinchable-escuela-103x34x6\/\" \/>\n<meta property=\"og:site_name\" content=\"SROKA Company\" \/>\n<meta property=\"article:publisher\" content=\"https:\/\/www.facebook.com\/srokawatersports\/\" \/>\n<meta property=\"article:modified_time\" content=\"2025-11-03T10:07:17+00:00\" \/>\n<meta property=\"og:image\" content=\"https:\/\/srokacompany.com\/wp-content\/uploads\/2018\/03\/school-103-orange-loueur.jpg\" \/>\n\t<meta property=\"og:image:width\" content=\"780\" \/>\n\t<meta property=\"og:image:height\" content=\"1040\" \/>\n\t<meta property=\"og:image:type\" content=\"image\/jpeg\" \/>\n<meta name=\"twitter:label1\" content=\"Tiempo de lectura\" \/>\n\t<meta name=\"twitter:data1\" content=\"1 minuto\" \/>\n<script type=\"application\/ld+json\" class=\"yoast-schema-graph\">{\"@context\":\"https:\\\/\\\/schema.org\",\"@graph\":[{\"@type\":\"WebPage\",\"@id\":\"https:\\\/\\\/srokacompany.com\\\/es\\\/produit\\\/pala-hinchable-escuela-103x34x6\\\/\",\"url\":\"https:\\\/\\\/srokacompany.com\\\/es\\\/produit\\\/pala-hinchable-escuela-103x34x6\\\/\",\"name\":\"Pala hinchable Escuela 10'3x34\\\" - SROKA Company\",\"isPartOf\":{\"@id\":\"https:\\\/\\\/srokacompany.com\\\/es\\\/#website\"},\"primaryImageOfPage\":{\"@id\":\"https:\\\/\\\/srokacompany.com\\\/es\\\/produit\\\/pala-hinchable-escuela-103x34x6\\\/#primaryimage\"},\"image\":{\"@id\":\"https:\\\/\\\/srokacompany.com\\\/es\\\/produit\\\/pala-hinchable-escuela-103x34x6\\\/#primaryimage\"},\"thumbnailUrl\":\"https:\\\/\\\/srokacompany.com\\\/wp-content\\\/uploads\\\/2018\\\/03\\\/school-103-orange-loueur.jpg\",\"datePublished\":\"2018-03-02T08:56:46+00:00\",\"dateModified\":\"2025-11-03T10:07:17+00:00\",\"description\":\"El remo hinchable escolar 10'3x34 para empresas de alquiler y clubes ha sido dise\u00f1ado para satisfacer sus necesidades de alquiler intensivo o de clases.\",\"breadcrumb\":{\"@id\":\"https:\\\/\\\/srokacompany.com\\\/es\\\/produit\\\/pala-hinchable-escuela-103x34x6\\\/#breadcrumb\"},\"inLanguage\":\"es\",\"potentialAction\":[{\"@type\":\"ReadAction\",\"target\":[\"https:\\\/\\\/srokacompany.com\\\/es\\\/produit\\\/pala-hinchable-escuela-103x34x6\\\/\"]}]},{\"@type\":\"ImageObject\",\"inLanguage\":\"es\",\"@id\":\"https:\\\/\\\/srokacompany.com\\\/es\\\/produit\\\/pala-hinchable-escuela-103x34x6\\\/#primaryimage\",\"url\":\"https:\\\/\\\/srokacompany.com\\\/wp-content\\\/uploads\\\/2018\\\/03\\\/school-103-orange-loueur.jpg\",\"contentUrl\":\"https:\\\/\\\/srokacompany.com\\\/wp-content\\\/uploads\\\/2018\\\/03\\\/school-103-orange-loueur.jpg\",\"width\":780,\"height\":1040,\"caption\":\"SUP alquiler de hinchables Escuela\"},{\"@type\":\"BreadcrumbList\",\"@id\":\"https:\\\/\\\/srokacompany.com\\\/es\\\/produit\\\/pala-hinchable-escuela-103x34x6\\\/#breadcrumb\",\"itemListElement\":[{\"@type\":\"ListItem\",\"position\":1,\"name\":\"Accueil\",\"item\":\"https:\\\/\\\/srokacompany.com\\\/es\\\/\"},{\"@type\":\"ListItem\",\"position\":2,\"name\":\"Tienda\",\"item\":\"https:\\\/\\\/srokacompany.com\\\/tienda\\\/\"},{\"@type\":\"ListItem\",\"position\":3,\"name\":\"Pala hinchable Escuela 10&rsquo;3x34x6\"}]},{\"@type\":\"WebSite\",\"@id\":\"https:\\\/\\\/srokacompany.com\\\/es\\\/#website\",\"url\":\"https:\\\/\\\/srokacompany.com\\\/es\\\/\",\"name\":\"SROKA Company\",\"description\":\"SUP, Kite, Foil, Wing\",\"publisher\":{\"@id\":\"https:\\\/\\\/srokacompany.com\\\/es\\\/#organization\"},\"potentialAction\":[{\"@type\":\"SearchAction\",\"target\":{\"@type\":\"EntryPoint\",\"urlTemplate\":\"https:\\\/\\\/srokacompany.com\\\/es\\\/?s={search_term_string}\"},\"query-input\":{\"@type\":\"PropertyValueSpecification\",\"valueRequired\":true,\"valueName\":\"search_term_string\"}}],\"inLanguage\":\"es\"},{\"@type\":\"Organization\",\"@id\":\"https:\\\/\\\/srokacompany.com\\\/es\\\/#organization\",\"name\":\"SROKACOMPANY\",\"alternateName\":\"SROKA\",\"url\":\"https:\\\/\\\/srokacompany.com\\\/es\\\/\",\"logo\":{\"@type\":\"ImageObject\",\"inLanguage\":\"es\",\"@id\":\"https:\\\/\\\/srokacompany.com\\\/es\\\/#\\\/schema\\\/logo\\\/image\\\/\",\"url\":\"https:\\\/\\\/srokacompany.com\\\/wp-content\\\/uploads\\\/2021\\\/01\\\/logo-sroka-black-transpa.png\",\"contentUrl\":\"https:\\\/\\\/srokacompany.com\\\/wp-content\\\/uploads\\\/2021\\\/01\\\/logo-sroka-black-transpa.png\",\"width\":1201,\"height\":342,\"caption\":\"SROKACOMPANY\"},\"image\":{\"@id\":\"https:\\\/\\\/srokacompany.com\\\/es\\\/#\\\/schema\\\/logo\\\/image\\\/\"},\"sameAs\":[\"https:\\\/\\\/www.facebook.com\\\/srokawatersports\\\/\",\"https:\\\/\\\/www.instagram.com\\\/srokawatersports\\\/\",\"https:\\\/\\\/www.youtube.com\\\/channel\\\/UCVLHHeaPIm-J5bdEUgxqtZA\"]}]}<\/script>\n<!-- \/ Yoast SEO plugin. -->","yoast_head_json":{"title":"Pala hinchable Escuela 10'3x34\" - SROKA Company","description":"El remo hinchable escolar 10'3x34 para empresas de alquiler y clubes ha sido dise\u00f1ado para satisfacer sus necesidades de alquiler intensivo o de clases.","robots":{"index":"index","follow":"follow","max-snippet":"max-snippet:-1","max-image-preview":"max-image-preview:large","max-video-preview":"max-video-preview:-1"},"canonical":"https:\/\/srokacompany.com\/es\/produit\/pala-hinchable-escuela-103x34x6\/","og_locale":"es_ES","og_type":"article","og_title":"Pala hinchable Escuela 10'3x34\" - SROKA Company","og_description":"El remo hinchable escolar 10'3x34 para empresas de alquiler y clubes ha sido dise\u00f1ado para satisfacer sus necesidades de alquiler intensivo o de clases.","og_url":"https:\/\/srokacompany.com\/es\/produit\/pala-hinchable-escuela-103x34x6\/","og_site_name":"SROKA Company","article_publisher":"https:\/\/www.facebook.com\/srokawatersports\/","article_modified_time":"2025-11-03T10:07:17+00:00","og_image":[{"width":780,"height":1040,"url":"https:\/\/srokacompany.com\/wp-content\/uploads\/2018\/03\/school-103-orange-loueur.jpg","type":"image\/jpeg"}],"twitter_misc":{"Tiempo de lectura":"1 minuto"},"schema":{"@context":"https:\/\/schema.org","@graph":[{"@type":"WebPage","@id":"https:\/\/srokacompany.com\/es\/produit\/pala-hinchable-escuela-103x34x6\/","url":"https:\/\/srokacompany.com\/es\/produit\/pala-hinchable-escuela-103x34x6\/","name":"Pala hinchable Escuela 10'3x34\" - SROKA Company","isPartOf":{"@id":"https:\/\/srokacompany.com\/es\/#website"},"primaryImageOfPage":{"@id":"https:\/\/srokacompany.com\/es\/produit\/pala-hinchable-escuela-103x34x6\/#primaryimage"},"image":{"@id":"https:\/\/srokacompany.com\/es\/produit\/pala-hinchable-escuela-103x34x6\/#primaryimage"},"thumbnailUrl":"https:\/\/srokacompany.com\/wp-content\/uploads\/2018\/03\/school-103-orange-loueur.jpg","datePublished":"2018-03-02T08:56:46+00:00","dateModified":"2025-11-03T10:07:17+00:00","description":"El remo hinchable escolar 10'3x34 para empresas de alquiler y clubes ha sido dise\u00f1ado para satisfacer sus necesidades de alquiler intensivo o de clases.","breadcrumb":{"@id":"https:\/\/srokacompany.com\/es\/produit\/pala-hinchable-escuela-103x34x6\/#breadcrumb"},"inLanguage":"es","potentialAction":[{"@type":"ReadAction","target":["https:\/\/srokacompany.com\/es\/produit\/pala-hinchable-escuela-103x34x6\/"]}]},{"@type":"ImageObject","inLanguage":"es","@id":"https:\/\/srokacompany.com\/es\/produit\/pala-hinchable-escuela-103x34x6\/#primaryimage","url":"https:\/\/srokacompany.com\/wp-content\/uploads\/2018\/03\/school-103-orange-loueur.jpg","contentUrl":"https:\/\/srokacompany.com\/wp-content\/uploads\/2018\/03\/school-103-orange-loueur.jpg","width":780,"height":1040,"caption":"SUP alquiler de hinchables Escuela"},{"@type":"BreadcrumbList","@id":"https:\/\/srokacompany.com\/es\/produit\/pala-hinchable-escuela-103x34x6\/#breadcrumb","itemListElement":[{"@type":"ListItem","position":1,"name":"Accueil","item":"https:\/\/srokacompany.com\/es\/"},{"@type":"ListItem","position":2,"name":"Tienda","item":"https:\/\/srokacompany.com\/tienda\/"},{"@type":"ListItem","position":3,"name":"Pala hinchable Escuela 10&rsquo;3x34x6"}]},{"@type":"WebSite","@id":"https:\/\/srokacompany.com\/es\/#website","url":"https:\/\/srokacompany.com\/es\/","name":"SROKA Company","description":"SUP, Kite, Foil, Wing","publisher":{"@id":"https:\/\/srokacompany.com\/es\/#organization"},"potentialAction":[{"@type":"SearchAction","target":{"@type":"EntryPoint","urlTemplate":"https:\/\/srokacompany.com\/es\/?s={search_term_string}"},"query-input":{"@type":"PropertyValueSpecification","valueRequired":true,"valueName":"search_term_string"}}],"inLanguage":"es"},{"@type":"Organization","@id":"https:\/\/srokacompany.com\/es\/#organization","name":"SROKACOMPANY","alternateName":"SROKA","url":"https:\/\/srokacompany.com\/es\/","logo":{"@type":"ImageObject","inLanguage":"es","@id":"https:\/\/srokacompany.com\/es\/#\/schema\/logo\/image\/","url":"https:\/\/srokacompany.com\/wp-content\/uploads\/2021\/01\/logo-sroka-black-transpa.png","contentUrl":"https:\/\/srokacompany.com\/wp-content\/uploads\/2021\/01\/logo-sroka-black-transpa.png","width":1201,"height":342,"caption":"SROKACOMPANY"},"image":{"@id":"https:\/\/srokacompany.com\/es\/#\/schema\/logo\/image\/"},"sameAs":["https:\/\/www.facebook.com\/srokawatersports\/","https:\/\/www.instagram.com\/srokawatersports\/","https:\/\/www.youtube.com\/channel\/UCVLHHeaPIm-J5bdEUgxqtZA"]}]}},"uagb_featured_image_src":{"full":["https:\/\/srokacompany.com\/wp-content\/uploads\/2018\/03\/school-103-orange-loueur.jpg",780,1040,false],"thumbnail":["https:\/\/srokacompany.com\/wp-content\/uploads\/2018\/03\/school-103-orange-loueur-150x150.jpg",150,150,true],"medium":["https:\/\/srokacompany.com\/wp-content\/uploads\/2018\/03\/school-103-orange-loueur-225x300.jpg",225,300,true],"medium_large":["https:\/\/srokacompany.com\/wp-content\/uploads\/2018\/03\/school-103-orange-loueur-768x1024.jpg",768,1024,true],"large":["https:\/\/srokacompany.com\/wp-content\/uploads\/2018\/03\/school-103-orange-loueur-768x1024.jpg",768,1024,true],"1536x1536":["https:\/\/srokacompany.com\/wp-content\/uploads\/2018\/03\/school-103-orange-loueur.jpg",780,1040,false],"2048x2048":["https:\/\/srokacompany.com\/wp-content\/uploads\/2018\/03\/school-103-orange-loueur.jpg",780,1040,false],"woocommerce_thumbnail":["https:\/\/srokacompany.com\/wp-content\/uploads\/2018\/03\/school-103-orange-loueur-600x800.jpg",600,800,true],"woocommerce_single":["https:\/\/srokacompany.com\/wp-content\/uploads\/2018\/03\/school-103-orange-loueur-600x800.jpg",600,800,true],"woocommerce_gallery_thumbnail":["https:\/\/srokacompany.com\/wp-content\/uploads\/2018\/03\/school-103-orange-loueur-100x100.jpg",100,100,true],"dgwt-wcas-product-suggestion":["https:\/\/srokacompany.com\/wp-content\/uploads\/2018\/03\/school-103-orange-loueur.jpg",64,85,false]},"uagb_author_info":{"display_name":"Bruno Sroka","author_link":"https:\/\/srokacompany.com\/es\/blog\/author\/"},"uagb_comment_info":0,"uagb_excerpt":"Tabla hinchable resistente para clubes y ocio: 10'3 x 34\" x 6\", 300 L, 11 kg. 4 capas de PVC + tecnolog\u00eda Fusion = m\u00e1xima rigidez. Ideal para touring, iniciaci\u00f3n y uso intensivo. Muy estable, f\u00e1cil de transportar.","jetpack_sharing_enabled":true,"_links":{"self":[{"href":"https:\/\/srokacompany.com\/es\/wp-json\/wp\/v2\/product\/346789","targetHints":{"allow":["GET"]}}],"collection":[{"href":"https:\/\/srokacompany.com\/es\/wp-json\/wp\/v2\/product"}],"about":[{"href":"https:\/\/srokacompany.com\/es\/wp-json\/wp\/v2\/types\/product"}],"wp:featuredmedia":[{"embeddable":true,"href":"https:\/\/srokacompany.com\/es\/wp-json\/wp\/v2\/media\/346791"}],"wp:attachment":[{"href":"https:\/\/srokacompany.com\/es\/wp-json\/wp\/v2\/media?parent=346789"}],"wp:term":[{"taxonomy":"product_brand","embeddable":true,"href":"https:\/\/srokacompany.com\/es\/wp-json\/wp\/v2\/product_brand?post=346789"},{"taxonomy":"product_cat","embeddable":true,"href":"https:\/\/srokacompany.com\/es\/wp-json\/wp\/v2\/product_cat?post=346789"},{"taxonomy":"product_tag","embeddable":true,"href":"https:\/\/srokacompany.com\/es\/wp-json\/wp\/v2\/product_tag?post=346789"}],"curies":[{"name":"wp","href":"https:\/\/api.w.org\/{rel}","templated":true}]}}