{"id":346790,"date":"2018-06-22T12:10:37","date_gmt":"2018-06-22T12:10:37","guid":{"rendered":"https:\/\/srokacompany.com\/produit\/foot-straps-para-wingfoil-kitesurf-surf-foil-windfoil\/"},"modified":"2025-10-31T19:15:04","modified_gmt":"2025-10-31T17:15:04","slug":"foot-straps-para-wingfoil-kitesurf-surf-foil-windfoil","status":"publish","type":"product","link":"https:\/\/srokacompany.com\/es\/produit\/foot-straps-para-wingfoil-kitesurf-surf-foil-windfoil\/","title":{"rendered":"Foot Straps para WingFoil \/ Kitesurf \/ Surf Foil \/ Windfoil"},"content":{"rendered":"<hr>\n<h2><strong>CORREAS PARA PIES<\/strong> FOIL SROKA<\/h2>\n<p>Los Foot Straps Foil SROKA han sido dise\u00f1ados para ofrecerte la m\u00e1xima sujeci\u00f3n y comodidad al surfear cualquier deporte. Ajusta correctamente el pie en los Foot Straps y te convertir\u00e1s en uno con tu tabla. Sentir\u00e1s cada movimiento de tu tabla con el m\u00e1ximo control.  <\/p>\n<ul>\n<li class=\"first\">Juego de Footstraps (cualquier n\u00famero) para los siguientes deportes: Kitefoil, Kite Surf, <a href=\"https:\/\/srokacompany.com\/es\/blog\/lanzarote-un-destino-de-ensueno-para-wing-foil\/\">WingFoil<\/a>, Windfoil, Sup Foil, <a href=\"https:\/\/srokacompany.com\/es\/eshop\/surf-foil-es\/\">Surf Foil<\/a>, WakeFoil<\/li>\n<li>Dimensiones est\u00e1ndar para adaptarse a todos los tableros<\/li>\n<li>Construcci\u00f3n de espuma de triple densidad para una mayor comodidad con neopreno para un m\u00e1ximo confort en contacto con el pie.<\/li>\n<li>Fijaciones ajustables con 3 posiciones para la longitud y 3 para la anchura en cada extremo de las correas ( 9 agujeros)<\/li>\n<li class=\"last\">Ligero, c\u00f3modo y duradero<\/li>\n<\/ul>\n","protected":false},"excerpt":{"rendered":"<hr>\n<h2><strong>CORREAS PARA PIES<\/strong> FOIL SROKA<\/h2>\n<p>Los Foot Straps Foil SROKA han sido dise\u00f1ados para ofrecerte la m\u00e1xima sujeci\u00f3n y comodidad al surfear cualquier deporte. Ajusta correctamente el pie en los Foot Straps y te convertir\u00e1s en uno con tu tabla. Sentir\u00e1s cada movimiento de tu tabla con el m\u00e1ximo control.  <\/p>\n<ul>\n<li class=\"first\">Juego de Footstraps (cualquier n\u00famero) para los siguientes deportes: Kitefoil, Kite Surf, <a href=\"https:\/\/srokacompany.com\/es\/blog\/lanzarote-un-destino-de-ensueno-para-wing-foil\/\">WingFoil<\/a>, Windfoil, Sup Foil, <a href=\"https:\/\/srokacompany.com\/es\/eshop\/surf-foil-es\/\">Surf Foil<\/a>, WakeFoil<\/li>\n<li>Dimensiones est\u00e1ndar para adaptarse a todos los tableros<\/li>\n<li>Construcci\u00f3n de espuma de triple densidad para una mayor comodidad con neopreno para un m\u00e1ximo confort en contacto con el pie.<\/li>\n<li>Fijaciones ajustables con 3 posiciones para la longitud y 3 para la anchura en cada extremo de las correas ( 9 agujeros)<\/li>\n<li class=\"last\">Ligero, c\u00f3modo y duradero<\/li>\n<\/ul>\n<p>&nbsp;<\/p>\n","protected":false},"featured_media":346801,"template":"","meta":{"_acf_changed":false,"_uag_custom_page_level_css":""},"product_brand":[],"product_cat":[3865,3704,3584,3583,3461,3565,3480,3864,3469,3444],"product_tag":[],"class_list":{"0":"post-346790","1":"product","2":"type-product","3":"status-publish","4":"has-post-thumbnail","6":"product_cat-accesorios-adicionales-foil","7":"product_cat-accesorios-contra-el-viento","8":"product_cat-accesorios-de-surf-foil","9":"product_cat-accesorios-foil","10":"product_cat-accesorios-wing-foil","11":"product_cat-downwind-es","12":"product_cat-foil-es","13":"product_cat-sup-foil","14":"product_cat-surf-foil-es","15":"product_cat-wing-foil-es","16":"product_shipping_class-pequenos-envios","18":"first","19":"instock","20":"taxable","21":"shipping-taxable","22":"purchasable","23":"product-type-variable","24":"has-default-attributes"},"acf":[],"yoast_head":"<!-- This site is optimized with the Yoast SEO plugin v27.4 - https:\/\/yoast.com\/product\/yoast-seo-wordpress\/ -->\n<title>- Foot Straps x3 para Kitesurf, Windsurf y deportes acu\u00e1ticos Foil SROKA Company<\/title>\n<meta name=\"description\" content=\"\u00a1Correas para los pies c\u00f3modas y duraderas para tu actividad favorita: kitesurf, kite foil, windsurf, windfoil, wing foil o surf foil!\" \/>\n<meta name=\"robots\" content=\"index, follow, max-snippet:-1, max-image-preview:large, max-video-preview:-1\" \/>\n<link rel=\"canonical\" href=\"https:\/\/srokacompany.com\/es\/produit\/foot-straps-para-wingfoil-kitesurf-surf-foil-windfoil\/\" \/>\n<meta property=\"og:locale\" content=\"es_ES\" \/>\n<meta property=\"og:type\" content=\"article\" \/>\n<meta property=\"og:title\" content=\"- Foot Straps x3 para Kitesurf, Windsurf y deportes acu\u00e1ticos Foil SROKA Company\" \/>\n<meta property=\"og:description\" content=\"\u00a1Correas para los pies c\u00f3modas y duraderas para tu actividad favorita: kitesurf, kite foil, windsurf, windfoil, wing foil o surf foil!\" \/>\n<meta property=\"og:url\" content=\"https:\/\/srokacompany.com\/es\/produit\/foot-straps-para-wingfoil-kitesurf-surf-foil-windfoil\/\" \/>\n<meta property=\"og:site_name\" content=\"SROKA Company\" \/>\n<meta property=\"article:publisher\" content=\"https:\/\/www.facebook.com\/srokawatersports\/\" \/>\n<meta property=\"article:modified_time\" content=\"2025-10-31T17:15:04+00:00\" \/>\n<meta property=\"og:image\" content=\"https:\/\/srokacompany.com\/wp-content\/uploads\/2018\/06\/Straps6.jpg\" \/>\n\t<meta property=\"og:image:width\" content=\"780\" \/>\n\t<meta property=\"og:image:height\" content=\"1040\" \/>\n\t<meta property=\"og:image:type\" content=\"image\/jpeg\" \/>\n<meta name=\"twitter:label1\" content=\"Tiempo de lectura\" \/>\n\t<meta name=\"twitter:data1\" content=\"1 minuto\" \/>\n<script type=\"application\/ld+json\" class=\"yoast-schema-graph\">{\"@context\":\"https:\\\/\\\/schema.org\",\"@graph\":[{\"@type\":\"WebPage\",\"@id\":\"https:\\\/\\\/srokacompany.com\\\/es\\\/produit\\\/foot-straps-para-wingfoil-kitesurf-surf-foil-windfoil\\\/\",\"url\":\"https:\\\/\\\/srokacompany.com\\\/es\\\/produit\\\/foot-straps-para-wingfoil-kitesurf-surf-foil-windfoil\\\/\",\"name\":\"- Foot Straps x3 para Kitesurf, Windsurf y deportes acu\u00e1ticos Foil SROKA Company\",\"isPartOf\":{\"@id\":\"https:\\\/\\\/srokacompany.com\\\/es\\\/#website\"},\"primaryImageOfPage\":{\"@id\":\"https:\\\/\\\/srokacompany.com\\\/es\\\/produit\\\/foot-straps-para-wingfoil-kitesurf-surf-foil-windfoil\\\/#primaryimage\"},\"image\":{\"@id\":\"https:\\\/\\\/srokacompany.com\\\/es\\\/produit\\\/foot-straps-para-wingfoil-kitesurf-surf-foil-windfoil\\\/#primaryimage\"},\"thumbnailUrl\":\"https:\\\/\\\/srokacompany.com\\\/wp-content\\\/uploads\\\/2018\\\/06\\\/Straps6.jpg\",\"datePublished\":\"2018-06-22T12:10:37+00:00\",\"dateModified\":\"2025-10-31T17:15:04+00:00\",\"description\":\"\u00a1Correas para los pies c\u00f3modas y duraderas para tu actividad favorita: kitesurf, kite foil, windsurf, windfoil, wing foil o surf foil!\",\"breadcrumb\":{\"@id\":\"https:\\\/\\\/srokacompany.com\\\/es\\\/produit\\\/foot-straps-para-wingfoil-kitesurf-surf-foil-windfoil\\\/#breadcrumb\"},\"inLanguage\":\"es\",\"potentialAction\":[{\"@type\":\"ReadAction\",\"target\":[\"https:\\\/\\\/srokacompany.com\\\/es\\\/produit\\\/foot-straps-para-wingfoil-kitesurf-surf-foil-windfoil\\\/\"]}]},{\"@type\":\"ImageObject\",\"inLanguage\":\"es\",\"@id\":\"https:\\\/\\\/srokacompany.com\\\/es\\\/produit\\\/foot-straps-para-wingfoil-kitesurf-surf-foil-windfoil\\\/#primaryimage\",\"url\":\"https:\\\/\\\/srokacompany.com\\\/wp-content\\\/uploads\\\/2018\\\/06\\\/Straps6.jpg\",\"contentUrl\":\"https:\\\/\\\/srokacompany.com\\\/wp-content\\\/uploads\\\/2018\\\/06\\\/Straps6.jpg\",\"width\":780,\"height\":1040,\"caption\":\"Correas que combinan negocios y placer\"},{\"@type\":\"BreadcrumbList\",\"@id\":\"https:\\\/\\\/srokacompany.com\\\/es\\\/produit\\\/foot-straps-para-wingfoil-kitesurf-surf-foil-windfoil\\\/#breadcrumb\",\"itemListElement\":[{\"@type\":\"ListItem\",\"position\":1,\"name\":\"Accueil\",\"item\":\"https:\\\/\\\/srokacompany.com\\\/es\\\/\"},{\"@type\":\"ListItem\",\"position\":2,\"name\":\"Tienda\",\"item\":\"https:\\\/\\\/srokacompany.com\\\/tienda\\\/\"},{\"@type\":\"ListItem\",\"position\":3,\"name\":\"Foot Straps para WingFoil \\\/ Kitesurf \\\/ Surf Foil \\\/ Windfoil\"}]},{\"@type\":\"WebSite\",\"@id\":\"https:\\\/\\\/srokacompany.com\\\/es\\\/#website\",\"url\":\"https:\\\/\\\/srokacompany.com\\\/es\\\/\",\"name\":\"SROKA Company\",\"description\":\"SUP, Kite, Foil, Wing\",\"publisher\":{\"@id\":\"https:\\\/\\\/srokacompany.com\\\/es\\\/#organization\"},\"potentialAction\":[{\"@type\":\"SearchAction\",\"target\":{\"@type\":\"EntryPoint\",\"urlTemplate\":\"https:\\\/\\\/srokacompany.com\\\/es\\\/?s={search_term_string}\"},\"query-input\":{\"@type\":\"PropertyValueSpecification\",\"valueRequired\":true,\"valueName\":\"search_term_string\"}}],\"inLanguage\":\"es\"},{\"@type\":\"Organization\",\"@id\":\"https:\\\/\\\/srokacompany.com\\\/es\\\/#organization\",\"name\":\"SROKACOMPANY\",\"alternateName\":\"SROKA\",\"url\":\"https:\\\/\\\/srokacompany.com\\\/es\\\/\",\"logo\":{\"@type\":\"ImageObject\",\"inLanguage\":\"es\",\"@id\":\"https:\\\/\\\/srokacompany.com\\\/es\\\/#\\\/schema\\\/logo\\\/image\\\/\",\"url\":\"https:\\\/\\\/srokacompany.com\\\/wp-content\\\/uploads\\\/2021\\\/01\\\/logo-sroka-black-transpa.png\",\"contentUrl\":\"https:\\\/\\\/srokacompany.com\\\/wp-content\\\/uploads\\\/2021\\\/01\\\/logo-sroka-black-transpa.png\",\"width\":1201,\"height\":342,\"caption\":\"SROKACOMPANY\"},\"image\":{\"@id\":\"https:\\\/\\\/srokacompany.com\\\/es\\\/#\\\/schema\\\/logo\\\/image\\\/\"},\"sameAs\":[\"https:\\\/\\\/www.facebook.com\\\/srokawatersports\\\/\",\"https:\\\/\\\/www.instagram.com\\\/srokawatersports\\\/\",\"https:\\\/\\\/www.youtube.com\\\/channel\\\/UCVLHHeaPIm-J5bdEUgxqtZA\"]}]}<\/script>\n<!-- \/ Yoast SEO plugin. -->","yoast_head_json":{"title":"- Foot Straps x3 para Kitesurf, Windsurf y deportes acu\u00e1ticos Foil SROKA Company","description":"\u00a1Correas para los pies c\u00f3modas y duraderas para tu actividad favorita: kitesurf, kite foil, windsurf, windfoil, wing foil o surf foil!","robots":{"index":"index","follow":"follow","max-snippet":"max-snippet:-1","max-image-preview":"max-image-preview:large","max-video-preview":"max-video-preview:-1"},"canonical":"https:\/\/srokacompany.com\/es\/produit\/foot-straps-para-wingfoil-kitesurf-surf-foil-windfoil\/","og_locale":"es_ES","og_type":"article","og_title":"- Foot Straps x3 para Kitesurf, Windsurf y deportes acu\u00e1ticos Foil SROKA Company","og_description":"\u00a1Correas para los pies c\u00f3modas y duraderas para tu actividad favorita: kitesurf, kite foil, windsurf, windfoil, wing foil o surf foil!","og_url":"https:\/\/srokacompany.com\/es\/produit\/foot-straps-para-wingfoil-kitesurf-surf-foil-windfoil\/","og_site_name":"SROKA Company","article_publisher":"https:\/\/www.facebook.com\/srokawatersports\/","article_modified_time":"2025-10-31T17:15:04+00:00","og_image":[{"width":780,"height":1040,"url":"https:\/\/srokacompany.com\/wp-content\/uploads\/2018\/06\/Straps6.jpg","type":"image\/jpeg"}],"twitter_misc":{"Tiempo de lectura":"1 minuto"},"schema":{"@context":"https:\/\/schema.org","@graph":[{"@type":"WebPage","@id":"https:\/\/srokacompany.com\/es\/produit\/foot-straps-para-wingfoil-kitesurf-surf-foil-windfoil\/","url":"https:\/\/srokacompany.com\/es\/produit\/foot-straps-para-wingfoil-kitesurf-surf-foil-windfoil\/","name":"- Foot Straps x3 para Kitesurf, Windsurf y deportes acu\u00e1ticos Foil SROKA Company","isPartOf":{"@id":"https:\/\/srokacompany.com\/es\/#website"},"primaryImageOfPage":{"@id":"https:\/\/srokacompany.com\/es\/produit\/foot-straps-para-wingfoil-kitesurf-surf-foil-windfoil\/#primaryimage"},"image":{"@id":"https:\/\/srokacompany.com\/es\/produit\/foot-straps-para-wingfoil-kitesurf-surf-foil-windfoil\/#primaryimage"},"thumbnailUrl":"https:\/\/srokacompany.com\/wp-content\/uploads\/2018\/06\/Straps6.jpg","datePublished":"2018-06-22T12:10:37+00:00","dateModified":"2025-10-31T17:15:04+00:00","description":"\u00a1Correas para los pies c\u00f3modas y duraderas para tu actividad favorita: kitesurf, kite foil, windsurf, windfoil, wing foil o surf foil!","breadcrumb":{"@id":"https:\/\/srokacompany.com\/es\/produit\/foot-straps-para-wingfoil-kitesurf-surf-foil-windfoil\/#breadcrumb"},"inLanguage":"es","potentialAction":[{"@type":"ReadAction","target":["https:\/\/srokacompany.com\/es\/produit\/foot-straps-para-wingfoil-kitesurf-surf-foil-windfoil\/"]}]},{"@type":"ImageObject","inLanguage":"es","@id":"https:\/\/srokacompany.com\/es\/produit\/foot-straps-para-wingfoil-kitesurf-surf-foil-windfoil\/#primaryimage","url":"https:\/\/srokacompany.com\/wp-content\/uploads\/2018\/06\/Straps6.jpg","contentUrl":"https:\/\/srokacompany.com\/wp-content\/uploads\/2018\/06\/Straps6.jpg","width":780,"height":1040,"caption":"Correas que combinan negocios y placer"},{"@type":"BreadcrumbList","@id":"https:\/\/srokacompany.com\/es\/produit\/foot-straps-para-wingfoil-kitesurf-surf-foil-windfoil\/#breadcrumb","itemListElement":[{"@type":"ListItem","position":1,"name":"Accueil","item":"https:\/\/srokacompany.com\/es\/"},{"@type":"ListItem","position":2,"name":"Tienda","item":"https:\/\/srokacompany.com\/tienda\/"},{"@type":"ListItem","position":3,"name":"Foot Straps para WingFoil \/ Kitesurf \/ Surf Foil \/ Windfoil"}]},{"@type":"WebSite","@id":"https:\/\/srokacompany.com\/es\/#website","url":"https:\/\/srokacompany.com\/es\/","name":"SROKA Company","description":"SUP, Kite, Foil, Wing","publisher":{"@id":"https:\/\/srokacompany.com\/es\/#organization"},"potentialAction":[{"@type":"SearchAction","target":{"@type":"EntryPoint","urlTemplate":"https:\/\/srokacompany.com\/es\/?s={search_term_string}"},"query-input":{"@type":"PropertyValueSpecification","valueRequired":true,"valueName":"search_term_string"}}],"inLanguage":"es"},{"@type":"Organization","@id":"https:\/\/srokacompany.com\/es\/#organization","name":"SROKACOMPANY","alternateName":"SROKA","url":"https:\/\/srokacompany.com\/es\/","logo":{"@type":"ImageObject","inLanguage":"es","@id":"https:\/\/srokacompany.com\/es\/#\/schema\/logo\/image\/","url":"https:\/\/srokacompany.com\/wp-content\/uploads\/2021\/01\/logo-sroka-black-transpa.png","contentUrl":"https:\/\/srokacompany.com\/wp-content\/uploads\/2021\/01\/logo-sroka-black-transpa.png","width":1201,"height":342,"caption":"SROKACOMPANY"},"image":{"@id":"https:\/\/srokacompany.com\/es\/#\/schema\/logo\/image\/"},"sameAs":["https:\/\/www.facebook.com\/srokawatersports\/","https:\/\/www.instagram.com\/srokawatersports\/","https:\/\/www.youtube.com\/channel\/UCVLHHeaPIm-J5bdEUgxqtZA"]}]}},"uagb_featured_image_src":{"full":["https:\/\/srokacompany.com\/wp-content\/uploads\/2018\/06\/Straps6.jpg",780,1040,false],"thumbnail":["https:\/\/srokacompany.com\/wp-content\/uploads\/2018\/06\/Straps6-150x150.jpg",150,150,true],"medium":["https:\/\/srokacompany.com\/wp-content\/uploads\/2018\/06\/Straps6-225x300.jpg",225,300,true],"medium_large":["https:\/\/srokacompany.com\/wp-content\/uploads\/2018\/06\/Straps6-768x1024.jpg",768,1024,true],"large":["https:\/\/srokacompany.com\/wp-content\/uploads\/2018\/06\/Straps6-768x1024.jpg",768,1024,true],"1536x1536":["https:\/\/srokacompany.com\/wp-content\/uploads\/2018\/06\/Straps6.jpg",780,1040,false],"2048x2048":["https:\/\/srokacompany.com\/wp-content\/uploads\/2018\/06\/Straps6.jpg",780,1040,false],"woocommerce_thumbnail":["https:\/\/srokacompany.com\/wp-content\/uploads\/2018\/06\/Straps6-600x800.jpg",600,800,true],"woocommerce_single":["https:\/\/srokacompany.com\/wp-content\/uploads\/2018\/06\/Straps6-600x800.jpg",600,800,true],"woocommerce_gallery_thumbnail":["https:\/\/srokacompany.com\/wp-content\/uploads\/2018\/06\/Straps6-100x100.jpg",100,100,true],"dgwt-wcas-product-suggestion":["https:\/\/srokacompany.com\/wp-content\/uploads\/2018\/06\/Straps6.jpg",64,85,false]},"uagb_author_info":{"display_name":"Audrey Triquenaux","author_link":"https:\/\/srokacompany.com\/es\/blog\/author\/"},"uagb_comment_info":0,"uagb_excerpt":"CORREAS PARA PIES FOIL SROKA Los Foot Straps Foil SROKA han sido dise\u00f1ados para ofrecerte la m\u00e1xima sujeci\u00f3n y comodidad al surfear cualquier deporte. Ajusta correctamente el pie en los Foot Straps y te convertir\u00e1s en uno con tu tabla. Sentir\u00e1s cada movimiento de tu tabla con el m\u00e1ximo control. Juego de Footstraps (cualquier n\u00famero)&hellip;","jetpack_sharing_enabled":true,"_links":{"self":[{"href":"https:\/\/srokacompany.com\/es\/wp-json\/wp\/v2\/product\/346790","targetHints":{"allow":["GET"]}}],"collection":[{"href":"https:\/\/srokacompany.com\/es\/wp-json\/wp\/v2\/product"}],"about":[{"href":"https:\/\/srokacompany.com\/es\/wp-json\/wp\/v2\/types\/product"}],"wp:featuredmedia":[{"embeddable":true,"href":"https:\/\/srokacompany.com\/es\/wp-json\/wp\/v2\/media\/346801"}],"wp:attachment":[{"href":"https:\/\/srokacompany.com\/es\/wp-json\/wp\/v2\/media?parent=346790"}],"wp:term":[{"taxonomy":"product_brand","embeddable":true,"href":"https:\/\/srokacompany.com\/es\/wp-json\/wp\/v2\/product_brand?post=346790"},{"taxonomy":"product_cat","embeddable":true,"href":"https:\/\/srokacompany.com\/es\/wp-json\/wp\/v2\/product_cat?post=346790"},{"taxonomy":"product_tag","embeddable":true,"href":"https:\/\/srokacompany.com\/es\/wp-json\/wp\/v2\/product_tag?post=346790"}],"curies":[{"name":"wp","href":"https:\/\/api.w.org\/{rel}","templated":true}]}}