{"id":346984,"date":"2018-11-02T15:16:56","date_gmt":"2018-11-02T13:16:56","guid":{"rendered":"https:\/\/srokacompany.com\/produit\/cubierta-protectora-para-windfoil-montado\/"},"modified":"2025-06-27T00:06:53","modified_gmt":"2025-06-26T22:06:53","slug":"cubierta-protectora-para-windfoil-montado","status":"publish","type":"product","link":"https:\/\/srokacompany.com\/es\/produit\/cubierta-protectora-para-windfoil-montado\/","title":{"rendered":"Cubierta protectora para Windfoil montado"},"content":{"rendered":"<hr>\n<h2>BOLSA PROTECTORA PARA LA ALETA MONTADA<\/h2>\n<p>Esta bolsa protectora es una bolsa de transporte perfecta para transportar y proteger su windfoil montado o semimontado sin tener que desmontarlo. Protege el guardabarros delantero y trasero de ara\u00f1azos y peque\u00f1os golpes del uso diario a la vez que evita posibles cortes. Perfecto para llevarlo en el coche antes o despu\u00e9s de tu sesi\u00f3n de Windfoiling. Su W-foil puede transportarse con o sin m\u00e1stil.<\/p>\n<p>Compatible con 1250 Classic &#8211; K950 y todos los guardabarros K-Foil aluminio y carbono &#8211; el W-Foil<\/p>\n<p>Para comprobar que su foil es compatible con la cubierta,<a href=\"https:\/\/srokacompany.com\/es\/especificaciones-tecnicas-de-las-alas-y-tablas-de-foil-sroka\/\"> siga este enlace con todas las dimensiones del guardabarros delantero para foil Sroka <\/a>.  <\/p>\n","protected":false},"excerpt":{"rendered":"<hr>\n<h2>BOLSA PROTECTORA PARA LA ALETA MONTADA<\/h2>\n<p>Esta bolsa protectora es una bolsa de transporte perfecta para transportar y proteger su windfoil montado o semimontado sin tener que desmontarlo. Protege el guardabarros delantero y trasero de ara\u00f1azos y peque\u00f1os golpes del uso diario a la vez que evita posibles cortes. Perfecto para llevarlo en el coche antes o despu\u00e9s de tu sesi\u00f3n de Windfoiling. Su W-foil puede transportarse con o sin m\u00e1stil.<\/p>\n<p>Compatible con 1250 Classic &#8211; K950 y todos los guardabarros K-Foil aluminio y carbono &#8211; el W-Foil<\/p>\n<p>Para comprobar que su foil es compatible con la cubierta,<a href=\"https:\/\/srokacompany.com\/es\/especificaciones-tecnicas-de-las-alas-y-tablas-de-foil-sroka\/\"> siga este enlace con todas las dimensiones del guardabarros delantero para foil Sroka <\/a>.  <\/p>\n","protected":false},"featured_media":347000,"template":"","meta":{"_acf_changed":false,"_uag_custom_page_level_css":""},"product_brand":[],"product_cat":[3483],"product_tag":[],"class_list":{"0":"post-346984","1":"product","2":"type-product","3":"status-publish","4":"has-post-thumbnail","6":"product_cat-gama-downwind-uha","8":"first","9":"instock","10":"taxable","11":"shipping-taxable","12":"purchasable","13":"product-type-simple"},"acf":[],"yoast_head":"<!-- This site is optimized with the Yoast SEO plugin v27.4 - https:\/\/yoast.com\/product\/yoast-seo-wordpress\/ -->\n<title>Funda protectora para Windfoil montado - SROKA Watersports<\/title>\n<meta name=\"description\" content=\"Esta funda protectora es perfecta para transportar y proteger su parapente montado: ala-fuselaje-estabilizador con o sin m\u00e1stil.\" \/>\n<meta name=\"robots\" content=\"index, follow, max-snippet:-1, max-image-preview:large, max-video-preview:-1\" \/>\n<link rel=\"canonical\" href=\"https:\/\/srokacompany.com\/es\/produit\/cubierta-protectora-para-windfoil-montado\/\" \/>\n<meta property=\"og:locale\" content=\"es_ES\" \/>\n<meta property=\"og:type\" content=\"article\" \/>\n<meta property=\"og:title\" content=\"Funda protectora para Windfoil montado - SROKA Watersports\" \/>\n<meta property=\"og:description\" content=\"Esta funda protectora es perfecta para transportar y proteger su parapente montado: ala-fuselaje-estabilizador con o sin m\u00e1stil.\" \/>\n<meta property=\"og:url\" content=\"https:\/\/srokacompany.com\/es\/produit\/cubierta-protectora-para-windfoil-montado\/\" \/>\n<meta property=\"og:site_name\" content=\"SROKA Company\" \/>\n<meta property=\"article:publisher\" content=\"https:\/\/www.facebook.com\/srokawatersports\/\" \/>\n<meta property=\"article:modified_time\" content=\"2025-06-26T22:06:53+00:00\" \/>\n<meta property=\"og:image\" content=\"https:\/\/srokacompany.com\/wp-content\/uploads\/2018\/10\/windfoil-housse-sroka-2.jpg\" \/>\n\t<meta property=\"og:image:width\" content=\"780\" \/>\n\t<meta property=\"og:image:height\" content=\"1040\" \/>\n\t<meta property=\"og:image:type\" content=\"image\/jpeg\" \/>\n<meta name=\"twitter:label1\" content=\"Tiempo de lectura\" \/>\n\t<meta name=\"twitter:data1\" content=\"1 minuto\" \/>\n<script type=\"application\/ld+json\" class=\"yoast-schema-graph\">{\"@context\":\"https:\\\/\\\/schema.org\",\"@graph\":[{\"@type\":\"WebPage\",\"@id\":\"https:\\\/\\\/srokacompany.com\\\/es\\\/produit\\\/cubierta-protectora-para-windfoil-montado\\\/\",\"url\":\"https:\\\/\\\/srokacompany.com\\\/es\\\/produit\\\/cubierta-protectora-para-windfoil-montado\\\/\",\"name\":\"Funda protectora para Windfoil montado - SROKA Watersports\",\"isPartOf\":{\"@id\":\"https:\\\/\\\/srokacompany.com\\\/es\\\/#website\"},\"primaryImageOfPage\":{\"@id\":\"https:\\\/\\\/srokacompany.com\\\/es\\\/produit\\\/cubierta-protectora-para-windfoil-montado\\\/#primaryimage\"},\"image\":{\"@id\":\"https:\\\/\\\/srokacompany.com\\\/es\\\/produit\\\/cubierta-protectora-para-windfoil-montado\\\/#primaryimage\"},\"thumbnailUrl\":\"https:\\\/\\\/srokacompany.com\\\/wp-content\\\/uploads\\\/2018\\\/10\\\/windfoil-housse-sroka-2.jpg\",\"datePublished\":\"2018-11-02T13:16:56+00:00\",\"dateModified\":\"2025-06-26T22:06:53+00:00\",\"description\":\"Esta funda protectora es perfecta para transportar y proteger su parapente montado: ala-fuselaje-estabilizador con o sin m\u00e1stil.\",\"breadcrumb\":{\"@id\":\"https:\\\/\\\/srokacompany.com\\\/es\\\/produit\\\/cubierta-protectora-para-windfoil-montado\\\/#breadcrumb\"},\"inLanguage\":\"es\",\"potentialAction\":[{\"@type\":\"ReadAction\",\"target\":[\"https:\\\/\\\/srokacompany.com\\\/es\\\/produit\\\/cubierta-protectora-para-windfoil-montado\\\/\"]}]},{\"@type\":\"ImageObject\",\"inLanguage\":\"es\",\"@id\":\"https:\\\/\\\/srokacompany.com\\\/es\\\/produit\\\/cubierta-protectora-para-windfoil-montado\\\/#primaryimage\",\"url\":\"https:\\\/\\\/srokacompany.com\\\/wp-content\\\/uploads\\\/2018\\\/10\\\/windfoil-housse-sroka-2.jpg\",\"contentUrl\":\"https:\\\/\\\/srokacompany.com\\\/wp-content\\\/uploads\\\/2018\\\/10\\\/windfoil-housse-sroka-2.jpg\",\"width\":780,\"height\":1040,\"caption\":\"La cubierta protectora del Windfoil montado protege la aleta delantera, el fuselaje y el estabilizador horizontal.\"},{\"@type\":\"BreadcrumbList\",\"@id\":\"https:\\\/\\\/srokacompany.com\\\/es\\\/produit\\\/cubierta-protectora-para-windfoil-montado\\\/#breadcrumb\",\"itemListElement\":[{\"@type\":\"ListItem\",\"position\":1,\"name\":\"Accueil\",\"item\":\"https:\\\/\\\/srokacompany.com\\\/es\\\/\"},{\"@type\":\"ListItem\",\"position\":2,\"name\":\"Tienda\",\"item\":\"https:\\\/\\\/srokacompany.com\\\/tienda\\\/\"},{\"@type\":\"ListItem\",\"position\":3,\"name\":\"Cubierta protectora para Windfoil montado\"}]},{\"@type\":\"WebSite\",\"@id\":\"https:\\\/\\\/srokacompany.com\\\/es\\\/#website\",\"url\":\"https:\\\/\\\/srokacompany.com\\\/es\\\/\",\"name\":\"SROKA Company\",\"description\":\"SUP, Kite, Foil, Wing\",\"publisher\":{\"@id\":\"https:\\\/\\\/srokacompany.com\\\/es\\\/#organization\"},\"potentialAction\":[{\"@type\":\"SearchAction\",\"target\":{\"@type\":\"EntryPoint\",\"urlTemplate\":\"https:\\\/\\\/srokacompany.com\\\/es\\\/?s={search_term_string}\"},\"query-input\":{\"@type\":\"PropertyValueSpecification\",\"valueRequired\":true,\"valueName\":\"search_term_string\"}}],\"inLanguage\":\"es\"},{\"@type\":\"Organization\",\"@id\":\"https:\\\/\\\/srokacompany.com\\\/es\\\/#organization\",\"name\":\"SROKACOMPANY\",\"alternateName\":\"SROKA\",\"url\":\"https:\\\/\\\/srokacompany.com\\\/es\\\/\",\"logo\":{\"@type\":\"ImageObject\",\"inLanguage\":\"es\",\"@id\":\"https:\\\/\\\/srokacompany.com\\\/es\\\/#\\\/schema\\\/logo\\\/image\\\/\",\"url\":\"https:\\\/\\\/srokacompany.com\\\/wp-content\\\/uploads\\\/2021\\\/01\\\/logo-sroka-black-transpa.png\",\"contentUrl\":\"https:\\\/\\\/srokacompany.com\\\/wp-content\\\/uploads\\\/2021\\\/01\\\/logo-sroka-black-transpa.png\",\"width\":1201,\"height\":342,\"caption\":\"SROKACOMPANY\"},\"image\":{\"@id\":\"https:\\\/\\\/srokacompany.com\\\/es\\\/#\\\/schema\\\/logo\\\/image\\\/\"},\"sameAs\":[\"https:\\\/\\\/www.facebook.com\\\/srokawatersports\\\/\",\"https:\\\/\\\/www.instagram.com\\\/srokawatersports\\\/\",\"https:\\\/\\\/www.youtube.com\\\/channel\\\/UCVLHHeaPIm-J5bdEUgxqtZA\"]}]}<\/script>\n<!-- \/ Yoast SEO plugin. -->","yoast_head_json":{"title":"Funda protectora para Windfoil montado - SROKA Watersports","description":"Esta funda protectora es perfecta para transportar y proteger su parapente montado: ala-fuselaje-estabilizador con o sin m\u00e1stil.","robots":{"index":"index","follow":"follow","max-snippet":"max-snippet:-1","max-image-preview":"max-image-preview:large","max-video-preview":"max-video-preview:-1"},"canonical":"https:\/\/srokacompany.com\/es\/produit\/cubierta-protectora-para-windfoil-montado\/","og_locale":"es_ES","og_type":"article","og_title":"Funda protectora para Windfoil montado - SROKA Watersports","og_description":"Esta funda protectora es perfecta para transportar y proteger su parapente montado: ala-fuselaje-estabilizador con o sin m\u00e1stil.","og_url":"https:\/\/srokacompany.com\/es\/produit\/cubierta-protectora-para-windfoil-montado\/","og_site_name":"SROKA Company","article_publisher":"https:\/\/www.facebook.com\/srokawatersports\/","article_modified_time":"2025-06-26T22:06:53+00:00","og_image":[{"width":780,"height":1040,"url":"https:\/\/srokacompany.com\/wp-content\/uploads\/2018\/10\/windfoil-housse-sroka-2.jpg","type":"image\/jpeg"}],"twitter_misc":{"Tiempo de lectura":"1 minuto"},"schema":{"@context":"https:\/\/schema.org","@graph":[{"@type":"WebPage","@id":"https:\/\/srokacompany.com\/es\/produit\/cubierta-protectora-para-windfoil-montado\/","url":"https:\/\/srokacompany.com\/es\/produit\/cubierta-protectora-para-windfoil-montado\/","name":"Funda protectora para Windfoil montado - SROKA Watersports","isPartOf":{"@id":"https:\/\/srokacompany.com\/es\/#website"},"primaryImageOfPage":{"@id":"https:\/\/srokacompany.com\/es\/produit\/cubierta-protectora-para-windfoil-montado\/#primaryimage"},"image":{"@id":"https:\/\/srokacompany.com\/es\/produit\/cubierta-protectora-para-windfoil-montado\/#primaryimage"},"thumbnailUrl":"https:\/\/srokacompany.com\/wp-content\/uploads\/2018\/10\/windfoil-housse-sroka-2.jpg","datePublished":"2018-11-02T13:16:56+00:00","dateModified":"2025-06-26T22:06:53+00:00","description":"Esta funda protectora es perfecta para transportar y proteger su parapente montado: ala-fuselaje-estabilizador con o sin m\u00e1stil.","breadcrumb":{"@id":"https:\/\/srokacompany.com\/es\/produit\/cubierta-protectora-para-windfoil-montado\/#breadcrumb"},"inLanguage":"es","potentialAction":[{"@type":"ReadAction","target":["https:\/\/srokacompany.com\/es\/produit\/cubierta-protectora-para-windfoil-montado\/"]}]},{"@type":"ImageObject","inLanguage":"es","@id":"https:\/\/srokacompany.com\/es\/produit\/cubierta-protectora-para-windfoil-montado\/#primaryimage","url":"https:\/\/srokacompany.com\/wp-content\/uploads\/2018\/10\/windfoil-housse-sroka-2.jpg","contentUrl":"https:\/\/srokacompany.com\/wp-content\/uploads\/2018\/10\/windfoil-housse-sroka-2.jpg","width":780,"height":1040,"caption":"La cubierta protectora del Windfoil montado protege la aleta delantera, el fuselaje y el estabilizador horizontal."},{"@type":"BreadcrumbList","@id":"https:\/\/srokacompany.com\/es\/produit\/cubierta-protectora-para-windfoil-montado\/#breadcrumb","itemListElement":[{"@type":"ListItem","position":1,"name":"Accueil","item":"https:\/\/srokacompany.com\/es\/"},{"@type":"ListItem","position":2,"name":"Tienda","item":"https:\/\/srokacompany.com\/tienda\/"},{"@type":"ListItem","position":3,"name":"Cubierta protectora para Windfoil montado"}]},{"@type":"WebSite","@id":"https:\/\/srokacompany.com\/es\/#website","url":"https:\/\/srokacompany.com\/es\/","name":"SROKA Company","description":"SUP, Kite, Foil, Wing","publisher":{"@id":"https:\/\/srokacompany.com\/es\/#organization"},"potentialAction":[{"@type":"SearchAction","target":{"@type":"EntryPoint","urlTemplate":"https:\/\/srokacompany.com\/es\/?s={search_term_string}"},"query-input":{"@type":"PropertyValueSpecification","valueRequired":true,"valueName":"search_term_string"}}],"inLanguage":"es"},{"@type":"Organization","@id":"https:\/\/srokacompany.com\/es\/#organization","name":"SROKACOMPANY","alternateName":"SROKA","url":"https:\/\/srokacompany.com\/es\/","logo":{"@type":"ImageObject","inLanguage":"es","@id":"https:\/\/srokacompany.com\/es\/#\/schema\/logo\/image\/","url":"https:\/\/srokacompany.com\/wp-content\/uploads\/2021\/01\/logo-sroka-black-transpa.png","contentUrl":"https:\/\/srokacompany.com\/wp-content\/uploads\/2021\/01\/logo-sroka-black-transpa.png","width":1201,"height":342,"caption":"SROKACOMPANY"},"image":{"@id":"https:\/\/srokacompany.com\/es\/#\/schema\/logo\/image\/"},"sameAs":["https:\/\/www.facebook.com\/srokawatersports\/","https:\/\/www.instagram.com\/srokawatersports\/","https:\/\/www.youtube.com\/channel\/UCVLHHeaPIm-J5bdEUgxqtZA"]}]}},"uagb_featured_image_src":{"full":["https:\/\/srokacompany.com\/wp-content\/uploads\/2018\/10\/windfoil-housse-sroka-2.jpg",780,1040,false],"thumbnail":["https:\/\/srokacompany.com\/wp-content\/uploads\/2018\/10\/windfoil-housse-sroka-2-150x150.jpg",150,150,true],"medium":["https:\/\/srokacompany.com\/wp-content\/uploads\/2018\/10\/windfoil-housse-sroka-2-225x300.jpg",225,300,true],"medium_large":["https:\/\/srokacompany.com\/wp-content\/uploads\/2018\/10\/windfoil-housse-sroka-2-768x1024.jpg",768,1024,true],"large":["https:\/\/srokacompany.com\/wp-content\/uploads\/2018\/10\/windfoil-housse-sroka-2-768x1024.jpg",768,1024,true],"1536x1536":["https:\/\/srokacompany.com\/wp-content\/uploads\/2018\/10\/windfoil-housse-sroka-2.jpg",780,1040,false],"2048x2048":["https:\/\/srokacompany.com\/wp-content\/uploads\/2018\/10\/windfoil-housse-sroka-2.jpg",780,1040,false],"woocommerce_thumbnail":["https:\/\/srokacompany.com\/wp-content\/uploads\/2018\/10\/windfoil-housse-sroka-2-600x800.jpg",600,800,true],"woocommerce_single":["https:\/\/srokacompany.com\/wp-content\/uploads\/2018\/10\/windfoil-housse-sroka-2-600x800.jpg",600,800,true],"woocommerce_gallery_thumbnail":["https:\/\/srokacompany.com\/wp-content\/uploads\/2018\/10\/windfoil-housse-sroka-2-100x100.jpg",100,100,true],"dgwt-wcas-product-suggestion":["https:\/\/srokacompany.com\/wp-content\/uploads\/2018\/10\/windfoil-housse-sroka-2.jpg",64,85,false]},"uagb_author_info":{"display_name":"Deimantina Sroka","author_link":"https:\/\/srokacompany.com\/es\/blog\/author\/"},"uagb_comment_info":0,"uagb_excerpt":"BOLSA PROTECTORA PARA LA ALETA MONTADA Esta bolsa protectora es una bolsa de transporte perfecta para transportar y proteger su windfoil montado o semimontado sin tener que desmontarlo. Protege el guardabarros delantero y trasero de ara\u00f1azos y peque\u00f1os golpes del uso diario a la vez que evita posibles cortes. Perfecto para llevarlo en el coche&hellip;","jetpack_sharing_enabled":true,"_links":{"self":[{"href":"https:\/\/srokacompany.com\/es\/wp-json\/wp\/v2\/product\/346984","targetHints":{"allow":["GET"]}}],"collection":[{"href":"https:\/\/srokacompany.com\/es\/wp-json\/wp\/v2\/product"}],"about":[{"href":"https:\/\/srokacompany.com\/es\/wp-json\/wp\/v2\/types\/product"}],"wp:featuredmedia":[{"embeddable":true,"href":"https:\/\/srokacompany.com\/es\/wp-json\/wp\/v2\/media\/347000"}],"wp:attachment":[{"href":"https:\/\/srokacompany.com\/es\/wp-json\/wp\/v2\/media?parent=346984"}],"wp:term":[{"taxonomy":"product_brand","embeddable":true,"href":"https:\/\/srokacompany.com\/es\/wp-json\/wp\/v2\/product_brand?post=346984"},{"taxonomy":"product_cat","embeddable":true,"href":"https:\/\/srokacompany.com\/es\/wp-json\/wp\/v2\/product_cat?post=346984"},{"taxonomy":"product_tag","embeddable":true,"href":"https:\/\/srokacompany.com\/es\/wp-json\/wp\/v2\/product_tag?post=346984"}],"curies":[{"name":"wp","href":"https:\/\/api.w.org\/{rel}","templated":true}]}}