{"id":347357,"date":"2017-04-24T07:26:01","date_gmt":"2017-04-24T07:26:01","guid":{"rendered":"https:\/\/srokacompany.com\/produit\/remo-hinchable-alpha-fusion\/"},"modified":"2025-12-18T12:24:00","modified_gmt":"2025-12-18T10:24:00","slug":"remo-hinchable-alpha-fusion","status":"publish","type":"product","link":"https:\/\/srokacompany.com\/es\/produit\/remo-hinchable-alpha-fusion\/","title":{"rendered":"Remo hinchable Alpha Fusion"},"content":{"rendered":"<hr>\n<h2><strong>PURA ENERG\u00cdA<\/strong><\/h2>\n<p><span style=\"font-weight: 400;\"><strong>Los remos Alpha<\/strong> son <a href=\"https:\/\/srokacompany.com\/es\/eshop\/palas-hinchables\/\">remos hinchables<\/a> de gama alta, dise\u00f1ados para deslizarse y <\/span><span style=\"font-weight: 400;\">y<\/span><span style=\"font-weight: 400;\"> aventura. <\/span> <span style=\"font-weight: 400;\">No hace falta ir muy lejos para superar tus l\u00edmites. El surf de remo es una forma estupenda de explorar tu entorno, cercano o lejano, de una manera diferente. <\/span><span style=\"font-weight: 400;\">  <\/span><\/p>\n<p><span style=\"font-weight: 400;\">La Alpha es una SUP hinchable ligera, r\u00edgida y extremadamente resistente, gracias a la tecnolog\u00eda Fusion, que utiliza cubierta y casco termosoldados, y 3 capas de PVC en los ra\u00edles. Su construcci\u00f3n Fusion optimiza el peso y la rigidez para afrontar cualquier reto. <\/span><span style=\"font-weight: 400;\">  para emprender una aventura.  <\/span><\/p>\n<p><span style=\"font-weight: 400;\">El uso del mejor dropstitch del mercado y PVC de embarcaciones semirr\u00edgidas profesionales hacen de nuestras SUP las tablas hinchables m\u00e1s resistentes del mercado.  <\/span><\/p>\n<p class=\"p1\"><span style=\"font-weight: 400;\">Un a\u00f1o m\u00e1s, hemos redise\u00f1ado las tablas para hacerlas at\u00edpicas, originales y \u00fanicas. Hemos puesto el acento en la aventura y la sed de libertad, con un dise\u00f1o inspirado en las cartas meteorol\u00f3gicas isob\u00e1ricas que utilizan los marineros y patrones que exploran alta mar.   <\/span><\/p>\n<p class=\"p1\"><span style=\"font-weight: 400;\">Ofrecemos dos opciones:  <\/span><\/p>\n<ol>\n<li style=\"list-style-type: none;\">\n<ol>\n<li class=\"p1\"><span style=\"font-weight: 400;\"><strong>El paquete est\u00e1ndar<\/strong> incluye<\/span><span style=\"font-weight: 400;\"> un remo, una bolsa de transporte con ruedas <\/span><span style=\"font-weight: 400;\">y la bomba de doble acci\u00f3n Sroka.<\/span><\/li>\n<li class=\"p1\"><span style=\"font-weight: 400;\"><strong>El pack completo<\/strong> incluye un remo, <a href=\"https:\/\/srokacompany.com\/es\/produit\/pala-de-aluminio-ajustable-en-2-o-3-partes\/\">una pala de aluminio de 3 piezas<\/a>, una bolsa de transporte con ruedas y una <a href=\"https:\/\/srokacompany.com\/es\/produit\/bobina-de-correa-de-10\/\">bobinaleash <\/a>. Le permite ir al agua de inmediato, sin limitaciones ni esfuerzo.<\/span><\/li>\n<\/ol>\n<\/li>\n<\/ol>\n<p><a href=\"https:\/\/srokacompany.com\/es\/por-que-elegir-las-placas-sroka\/\" target=\"_blank\" rel=\"noopener noreferrer\">C\u00f3mo y por qu\u00e9 elegir los productos SROKA<\/a><\/p>\n<p>&nbsp;<\/p>\n<p>El 12&#8217;6x 30 tiene 5 pulgadas de grosor y no tiene las 2 asas naranjas en la parte delantera.<\/p>\n<p>&nbsp;<\/p>\n","protected":false},"excerpt":{"rendered":"<p>SUP hinchable est\u00e1ndar Alpha. Remo 100% sport touring. \u00a1Ideal para la aventura!  <\/p>\n","protected":false},"featured_media":347381,"template":"","meta":{"_acf_changed":false,"_uag_custom_page_level_css":""},"product_brand":[],"product_cat":[3888,3613,3612],"product_tag":[3429,3450,3427],"class_list":{"0":"post-347357","1":"product","2":"type-product","3":"status-publish","4":"has-post-thumbnail","6":"product_cat-junta-de-sup","7":"product_cat-pack-de-remo-hinchable","8":"product_cat-palas-hinchables","9":"product_tag-avanzado","10":"product_tag-experto","11":"product_tag-ingenioso","12":"product_shipping_class-sup-unidad","14":"first","15":"instock","16":"sale","17":"taxable","18":"shipping-taxable","19":"purchasable","20":"product-type-variable"},"acf":[],"yoast_head":"<!-- This site is optimized with the Yoast SEO plugin v27.4 - https:\/\/yoast.com\/product\/yoast-seo-wordpress\/ -->\n<title>Pala hinchable - Colecci\u00f3n Alpha - Premium - SROKA Company<\/title>\n<meta name=\"description\" content=\"Descubre las palas hinchables Alpha premium, dise\u00f1adas para el deslizamiento y la aventura. Ligeras, r\u00edgidas y resistentes gracias a la tecnolog\u00eda Fusion.\" \/>\n<meta name=\"robots\" content=\"index, follow, max-snippet:-1, max-image-preview:large, max-video-preview:-1\" \/>\n<link rel=\"canonical\" href=\"https:\/\/srokacompany.com\/es\/produit\/remo-hinchable-alpha-fusion\/\" \/>\n<meta property=\"og:locale\" content=\"es_ES\" \/>\n<meta property=\"og:type\" content=\"article\" \/>\n<meta property=\"og:title\" content=\"Pala hinchable - Colecci\u00f3n Alpha - Premium - SROKA Company\" \/>\n<meta property=\"og:description\" content=\"Descubre las palas hinchables Alpha premium, dise\u00f1adas para el deslizamiento y la aventura. Ligeras, r\u00edgidas y resistentes gracias a la tecnolog\u00eda Fusion.\" \/>\n<meta property=\"og:url\" content=\"https:\/\/srokacompany.com\/es\/produit\/remo-hinchable-alpha-fusion\/\" \/>\n<meta property=\"og:site_name\" content=\"SROKA Company\" \/>\n<meta property=\"article:publisher\" content=\"https:\/\/www.facebook.com\/srokawatersports\/\" \/>\n<meta property=\"article:modified_time\" content=\"2025-12-18T10:24:00+00:00\" \/>\n<meta property=\"og:image\" content=\"https:\/\/srokacompany.com\/wp-content\/uploads\/2017\/04\/imageproduit-alpha.png\" \/>\n\t<meta property=\"og:image:width\" content=\"780\" \/>\n\t<meta property=\"og:image:height\" content=\"1040\" \/>\n\t<meta property=\"og:image:type\" content=\"image\/png\" \/>\n<meta name=\"twitter:label1\" content=\"Tiempo de lectura\" \/>\n\t<meta name=\"twitter:data1\" content=\"1 minuto\" \/>\n<script type=\"application\/ld+json\" class=\"yoast-schema-graph\">{\"@context\":\"https:\\\/\\\/schema.org\",\"@graph\":[{\"@type\":\"WebPage\",\"@id\":\"https:\\\/\\\/srokacompany.com\\\/es\\\/produit\\\/remo-hinchable-alpha-fusion\\\/\",\"url\":\"https:\\\/\\\/srokacompany.com\\\/es\\\/produit\\\/remo-hinchable-alpha-fusion\\\/\",\"name\":\"Pala hinchable - Colecci\u00f3n Alpha - Premium - SROKA Company\",\"isPartOf\":{\"@id\":\"https:\\\/\\\/srokacompany.com\\\/es\\\/#website\"},\"primaryImageOfPage\":{\"@id\":\"https:\\\/\\\/srokacompany.com\\\/es\\\/produit\\\/remo-hinchable-alpha-fusion\\\/#primaryimage\"},\"image\":{\"@id\":\"https:\\\/\\\/srokacompany.com\\\/es\\\/produit\\\/remo-hinchable-alpha-fusion\\\/#primaryimage\"},\"thumbnailUrl\":\"https:\\\/\\\/srokacompany.com\\\/wp-content\\\/uploads\\\/2017\\\/04\\\/imageproduit-alpha.png\",\"datePublished\":\"2017-04-24T07:26:01+00:00\",\"dateModified\":\"2025-12-18T10:24:00+00:00\",\"description\":\"Descubre las palas hinchables Alpha premium, dise\u00f1adas para el deslizamiento y la aventura. Ligeras, r\u00edgidas y resistentes gracias a la tecnolog\u00eda Fusion.\",\"breadcrumb\":{\"@id\":\"https:\\\/\\\/srokacompany.com\\\/es\\\/produit\\\/remo-hinchable-alpha-fusion\\\/#breadcrumb\"},\"inLanguage\":\"es\",\"potentialAction\":[{\"@type\":\"ReadAction\",\"target\":[\"https:\\\/\\\/srokacompany.com\\\/es\\\/produit\\\/remo-hinchable-alpha-fusion\\\/\"]}]},{\"@type\":\"ImageObject\",\"inLanguage\":\"es\",\"@id\":\"https:\\\/\\\/srokacompany.com\\\/es\\\/produit\\\/remo-hinchable-alpha-fusion\\\/#primaryimage\",\"url\":\"https:\\\/\\\/srokacompany.com\\\/wp-content\\\/uploads\\\/2017\\\/04\\\/imageproduit-alpha.png\",\"contentUrl\":\"https:\\\/\\\/srokacompany.com\\\/wp-content\\\/uploads\\\/2017\\\/04\\\/imageproduit-alpha.png\",\"width\":780,\"height\":1040,\"caption\":\"hinchable paddle race \\\/ touring sroka\"},{\"@type\":\"BreadcrumbList\",\"@id\":\"https:\\\/\\\/srokacompany.com\\\/es\\\/produit\\\/remo-hinchable-alpha-fusion\\\/#breadcrumb\",\"itemListElement\":[{\"@type\":\"ListItem\",\"position\":1,\"name\":\"Accueil\",\"item\":\"https:\\\/\\\/srokacompany.com\\\/es\\\/\"},{\"@type\":\"ListItem\",\"position\":2,\"name\":\"Tienda\",\"item\":\"https:\\\/\\\/srokacompany.com\\\/tienda\\\/\"},{\"@type\":\"ListItem\",\"position\":3,\"name\":\"Remo hinchable Alpha Fusion\"}]},{\"@type\":\"WebSite\",\"@id\":\"https:\\\/\\\/srokacompany.com\\\/es\\\/#website\",\"url\":\"https:\\\/\\\/srokacompany.com\\\/es\\\/\",\"name\":\"SROKA Company\",\"description\":\"SUP, Kite, Foil, Wing\",\"publisher\":{\"@id\":\"https:\\\/\\\/srokacompany.com\\\/es\\\/#organization\"},\"potentialAction\":[{\"@type\":\"SearchAction\",\"target\":{\"@type\":\"EntryPoint\",\"urlTemplate\":\"https:\\\/\\\/srokacompany.com\\\/es\\\/?s={search_term_string}\"},\"query-input\":{\"@type\":\"PropertyValueSpecification\",\"valueRequired\":true,\"valueName\":\"search_term_string\"}}],\"inLanguage\":\"es\"},{\"@type\":\"Organization\",\"@id\":\"https:\\\/\\\/srokacompany.com\\\/es\\\/#organization\",\"name\":\"SROKACOMPANY\",\"alternateName\":\"SROKA\",\"url\":\"https:\\\/\\\/srokacompany.com\\\/es\\\/\",\"logo\":{\"@type\":\"ImageObject\",\"inLanguage\":\"es\",\"@id\":\"https:\\\/\\\/srokacompany.com\\\/es\\\/#\\\/schema\\\/logo\\\/image\\\/\",\"url\":\"https:\\\/\\\/srokacompany.com\\\/wp-content\\\/uploads\\\/2021\\\/01\\\/logo-sroka-black-transpa.png\",\"contentUrl\":\"https:\\\/\\\/srokacompany.com\\\/wp-content\\\/uploads\\\/2021\\\/01\\\/logo-sroka-black-transpa.png\",\"width\":1201,\"height\":342,\"caption\":\"SROKACOMPANY\"},\"image\":{\"@id\":\"https:\\\/\\\/srokacompany.com\\\/es\\\/#\\\/schema\\\/logo\\\/image\\\/\"},\"sameAs\":[\"https:\\\/\\\/www.facebook.com\\\/srokawatersports\\\/\",\"https:\\\/\\\/www.instagram.com\\\/srokawatersports\\\/\",\"https:\\\/\\\/www.youtube.com\\\/channel\\\/UCVLHHeaPIm-J5bdEUgxqtZA\"]}]}<\/script>\n<!-- \/ Yoast SEO plugin. -->","yoast_head_json":{"title":"Pala hinchable - Colecci\u00f3n Alpha - Premium - SROKA Company","description":"Descubre las palas hinchables Alpha premium, dise\u00f1adas para el deslizamiento y la aventura. Ligeras, r\u00edgidas y resistentes gracias a la tecnolog\u00eda Fusion.","robots":{"index":"index","follow":"follow","max-snippet":"max-snippet:-1","max-image-preview":"max-image-preview:large","max-video-preview":"max-video-preview:-1"},"canonical":"https:\/\/srokacompany.com\/es\/produit\/remo-hinchable-alpha-fusion\/","og_locale":"es_ES","og_type":"article","og_title":"Pala hinchable - Colecci\u00f3n Alpha - Premium - SROKA Company","og_description":"Descubre las palas hinchables Alpha premium, dise\u00f1adas para el deslizamiento y la aventura. Ligeras, r\u00edgidas y resistentes gracias a la tecnolog\u00eda Fusion.","og_url":"https:\/\/srokacompany.com\/es\/produit\/remo-hinchable-alpha-fusion\/","og_site_name":"SROKA Company","article_publisher":"https:\/\/www.facebook.com\/srokawatersports\/","article_modified_time":"2025-12-18T10:24:00+00:00","og_image":[{"width":780,"height":1040,"url":"https:\/\/srokacompany.com\/wp-content\/uploads\/2017\/04\/imageproduit-alpha.png","type":"image\/png"}],"twitter_misc":{"Tiempo de lectura":"1 minuto"},"schema":{"@context":"https:\/\/schema.org","@graph":[{"@type":"WebPage","@id":"https:\/\/srokacompany.com\/es\/produit\/remo-hinchable-alpha-fusion\/","url":"https:\/\/srokacompany.com\/es\/produit\/remo-hinchable-alpha-fusion\/","name":"Pala hinchable - Colecci\u00f3n Alpha - Premium - SROKA Company","isPartOf":{"@id":"https:\/\/srokacompany.com\/es\/#website"},"primaryImageOfPage":{"@id":"https:\/\/srokacompany.com\/es\/produit\/remo-hinchable-alpha-fusion\/#primaryimage"},"image":{"@id":"https:\/\/srokacompany.com\/es\/produit\/remo-hinchable-alpha-fusion\/#primaryimage"},"thumbnailUrl":"https:\/\/srokacompany.com\/wp-content\/uploads\/2017\/04\/imageproduit-alpha.png","datePublished":"2017-04-24T07:26:01+00:00","dateModified":"2025-12-18T10:24:00+00:00","description":"Descubre las palas hinchables Alpha premium, dise\u00f1adas para el deslizamiento y la aventura. Ligeras, r\u00edgidas y resistentes gracias a la tecnolog\u00eda Fusion.","breadcrumb":{"@id":"https:\/\/srokacompany.com\/es\/produit\/remo-hinchable-alpha-fusion\/#breadcrumb"},"inLanguage":"es","potentialAction":[{"@type":"ReadAction","target":["https:\/\/srokacompany.com\/es\/produit\/remo-hinchable-alpha-fusion\/"]}]},{"@type":"ImageObject","inLanguage":"es","@id":"https:\/\/srokacompany.com\/es\/produit\/remo-hinchable-alpha-fusion\/#primaryimage","url":"https:\/\/srokacompany.com\/wp-content\/uploads\/2017\/04\/imageproduit-alpha.png","contentUrl":"https:\/\/srokacompany.com\/wp-content\/uploads\/2017\/04\/imageproduit-alpha.png","width":780,"height":1040,"caption":"hinchable paddle race \/ touring sroka"},{"@type":"BreadcrumbList","@id":"https:\/\/srokacompany.com\/es\/produit\/remo-hinchable-alpha-fusion\/#breadcrumb","itemListElement":[{"@type":"ListItem","position":1,"name":"Accueil","item":"https:\/\/srokacompany.com\/es\/"},{"@type":"ListItem","position":2,"name":"Tienda","item":"https:\/\/srokacompany.com\/tienda\/"},{"@type":"ListItem","position":3,"name":"Remo hinchable Alpha Fusion"}]},{"@type":"WebSite","@id":"https:\/\/srokacompany.com\/es\/#website","url":"https:\/\/srokacompany.com\/es\/","name":"SROKA Company","description":"SUP, Kite, Foil, Wing","publisher":{"@id":"https:\/\/srokacompany.com\/es\/#organization"},"potentialAction":[{"@type":"SearchAction","target":{"@type":"EntryPoint","urlTemplate":"https:\/\/srokacompany.com\/es\/?s={search_term_string}"},"query-input":{"@type":"PropertyValueSpecification","valueRequired":true,"valueName":"search_term_string"}}],"inLanguage":"es"},{"@type":"Organization","@id":"https:\/\/srokacompany.com\/es\/#organization","name":"SROKACOMPANY","alternateName":"SROKA","url":"https:\/\/srokacompany.com\/es\/","logo":{"@type":"ImageObject","inLanguage":"es","@id":"https:\/\/srokacompany.com\/es\/#\/schema\/logo\/image\/","url":"https:\/\/srokacompany.com\/wp-content\/uploads\/2021\/01\/logo-sroka-black-transpa.png","contentUrl":"https:\/\/srokacompany.com\/wp-content\/uploads\/2021\/01\/logo-sroka-black-transpa.png","width":1201,"height":342,"caption":"SROKACOMPANY"},"image":{"@id":"https:\/\/srokacompany.com\/es\/#\/schema\/logo\/image\/"},"sameAs":["https:\/\/www.facebook.com\/srokawatersports\/","https:\/\/www.instagram.com\/srokawatersports\/","https:\/\/www.youtube.com\/channel\/UCVLHHeaPIm-J5bdEUgxqtZA"]}]}},"uagb_featured_image_src":{"full":["https:\/\/srokacompany.com\/wp-content\/uploads\/2017\/04\/imageproduit-alpha.png",780,1040,false],"thumbnail":["https:\/\/srokacompany.com\/wp-content\/uploads\/2017\/04\/imageproduit-alpha-150x150.png",150,150,true],"medium":["https:\/\/srokacompany.com\/wp-content\/uploads\/2017\/04\/imageproduit-alpha-225x300.png",225,300,true],"medium_large":["https:\/\/srokacompany.com\/wp-content\/uploads\/2017\/04\/imageproduit-alpha-768x1024.png",768,1024,true],"large":["https:\/\/srokacompany.com\/wp-content\/uploads\/2017\/04\/imageproduit-alpha-768x1024.png",768,1024,true],"1536x1536":["https:\/\/srokacompany.com\/wp-content\/uploads\/2017\/04\/imageproduit-alpha.png",780,1040,false],"2048x2048":["https:\/\/srokacompany.com\/wp-content\/uploads\/2017\/04\/imageproduit-alpha.png",780,1040,false],"woocommerce_thumbnail":["https:\/\/srokacompany.com\/wp-content\/uploads\/2017\/04\/imageproduit-alpha-600x800.png",600,800,true],"woocommerce_single":["https:\/\/srokacompany.com\/wp-content\/uploads\/2017\/04\/imageproduit-alpha-600x800.png",600,800,true],"woocommerce_gallery_thumbnail":["https:\/\/srokacompany.com\/wp-content\/uploads\/2017\/04\/imageproduit-alpha-100x100.png",100,100,true],"dgwt-wcas-product-suggestion":["https:\/\/srokacompany.com\/wp-content\/uploads\/2017\/04\/imageproduit-alpha.png",64,85,false]},"uagb_author_info":{"display_name":"Bruno Sroka","author_link":"https:\/\/srokacompany.com\/es\/blog\/author\/"},"uagb_comment_info":0,"uagb_excerpt":"SUP hinchable est\u00e1ndar Alpha. Remo 100% sport touring. \u00a1Ideal para la aventura!","jetpack_sharing_enabled":true,"_links":{"self":[{"href":"https:\/\/srokacompany.com\/es\/wp-json\/wp\/v2\/product\/347357","targetHints":{"allow":["GET"]}}],"collection":[{"href":"https:\/\/srokacompany.com\/es\/wp-json\/wp\/v2\/product"}],"about":[{"href":"https:\/\/srokacompany.com\/es\/wp-json\/wp\/v2\/types\/product"}],"wp:featuredmedia":[{"embeddable":true,"href":"https:\/\/srokacompany.com\/es\/wp-json\/wp\/v2\/media\/347381"}],"wp:attachment":[{"href":"https:\/\/srokacompany.com\/es\/wp-json\/wp\/v2\/media?parent=347357"}],"wp:term":[{"taxonomy":"product_brand","embeddable":true,"href":"https:\/\/srokacompany.com\/es\/wp-json\/wp\/v2\/product_brand?post=347357"},{"taxonomy":"product_cat","embeddable":true,"href":"https:\/\/srokacompany.com\/es\/wp-json\/wp\/v2\/product_cat?post=347357"},{"taxonomy":"product_tag","embeddable":true,"href":"https:\/\/srokacompany.com\/es\/wp-json\/wp\/v2\/product_tag?post=347357"}],"curies":[{"name":"wp","href":"https:\/\/api.w.org\/{rel}","templated":true}]}}