{"id":347460,"date":"2017-04-24T07:26:27","date_gmt":"2017-04-24T07:26:27","guid":{"rendered":"https:\/\/srokacompany.com\/produit\/remo-hinchable-malibu-fusion\/"},"modified":"2026-02-19T16:58:24","modified_gmt":"2026-02-19T14:58:24","slug":"remo-hinchable-malibu-fusion","status":"publish","type":"product","link":"https:\/\/srokacompany.com\/es\/produit\/remo-hinchable-malibu-fusion\/","title":{"rendered":"Remo hinchable Malibu Fusion"},"content":{"rendered":"<hr>\n<h2><strong>Lleve a la familia a navegar con el Malibu 10&#8242; y 10&#8217;6<\/strong><\/h2>\n<p><span style=\"font-weight: 400;\">El <\/span><a href=\"https:\/\/srokacompany.com\/es\/produit\/stand-up-paddle-duo\/\"><span style=\"font-weight: 400;\">SUP inflable<\/span><\/a><span style=\"font-weight: 400;\">  La Malibu 10&#8217;6 Fusion es perfecta para principiantes, iniciaci\u00f3n y salidas en familia. Si buscas una tabla superligera y polivalente para todos los usos de la familia, la Malibu 10&#8217;6 es la tuya. Este modelo de SUP es nuestro superventas, y no es para menos.    <\/span><span style=\"font-weight: 400;\">Su reputaci\u00f3n se basa en su estabilidad, solidez, durabilidad y versatilidad.  <\/span><\/p>\n<p><span style=\"font-weight: 400;\">Su hermano peque\u00f1o, el Malibu 10&#8242;, es m\u00e1s estrecho, corto y delgado, y ofrece las mismas ventajas para los navegantes m\u00e1s peque\u00f1os. Estos modelos han sido dise\u00f1ados para cualquiera que busque un SUP \u00fanico y vers\u00e1til. <\/span><span style=\"font-weight: 400;\"> <\/span><\/p>\n<p>PD: El 10&#8242; est\u00e1 en azul y el 10&#8217;6 en naranja.<\/p>\n<p><a href=\"https:\/\/srokacompany.com\/es\/por-que-elegir-las-placas-sroka\/\"><span style=\"font-weight: 400;\">Por qu\u00e9 elegir los productos SROKA<\/span><\/a><\/p>\n","protected":false},"excerpt":{"rendered":"<p>Pack est\u00e1ndar de SUP hinchable Malibu Fusion 10&#8242; y 10&#8217;6. 10&#8242;: 30% surf, 70% paseo; 10&#8217;6: 100% paseo. <\/p>\n","protected":false},"featured_media":347462,"template":"","meta":{"_acf_changed":false,"_uag_custom_page_level_css":""},"product_brand":[],"product_cat":[3888,3613,3612,4260],"product_tag":[3427,3426],"class_list":{"0":"post-347460","1":"product","2":"type-product","3":"status-publish","4":"has-post-thumbnail","6":"product_cat-junta-de-sup","7":"product_cat-pack-de-remo-hinchable","8":"product_cat-palas-hinchables","9":"product_cat-viernes-negro","10":"product_tag-ingenioso","11":"product_tag-principiante","13":"first","14":"instock","15":"sale","16":"taxable","17":"shipping-taxable","18":"purchasable","19":"product-type-variable","20":"has-default-attributes"},"acf":[],"yoast_head":"<!-- This site is optimized with the Yoast SEO plugin v27.4 - https:\/\/yoast.com\/product\/yoast-seo-wordpress\/ -->\n<title>Paleta hinchable de gama alta - Colecci\u00f3n Malibu - SROKA Company<\/title>\n<meta name=\"description\" content=\"SUP hinchable 10&#039;6 Malibu Fusion. Stand up paddle de gama alta para toda la familia. La mejor calidad al mejor precio de Sroka.\" \/>\n<meta name=\"robots\" content=\"index, follow, max-snippet:-1, max-image-preview:large, max-video-preview:-1\" \/>\n<link rel=\"canonical\" href=\"https:\/\/srokacompany.com\/es\/produit\/remo-hinchable-malibu-fusion\/\" \/>\n<meta property=\"og:locale\" content=\"es_ES\" \/>\n<meta property=\"og:type\" content=\"article\" \/>\n<meta property=\"og:title\" content=\"Paleta hinchable de gama alta - Colecci\u00f3n Malibu - SROKA Company\" \/>\n<meta property=\"og:description\" content=\"SUP hinchable 10&#039;6 Malibu Fusion. Stand up paddle de gama alta para toda la familia. La mejor calidad al mejor precio de Sroka.\" \/>\n<meta property=\"og:url\" content=\"https:\/\/srokacompany.com\/es\/produit\/remo-hinchable-malibu-fusion\/\" \/>\n<meta property=\"og:site_name\" content=\"SROKA Company\" \/>\n<meta property=\"article:publisher\" content=\"https:\/\/www.facebook.com\/srokawatersports\/\" \/>\n<meta property=\"article:modified_time\" content=\"2026-02-19T14:58:24+00:00\" \/>\n<meta property=\"og:image\" content=\"https:\/\/srokacompany.com\/wp-content\/uploads\/2017\/04\/imageproduit-malibu.png\" \/>\n\t<meta property=\"og:image:width\" content=\"780\" \/>\n\t<meta property=\"og:image:height\" content=\"1040\" \/>\n\t<meta property=\"og:image:type\" content=\"image\/png\" \/>\n<meta name=\"twitter:label1\" content=\"Tiempo de lectura\" \/>\n\t<meta name=\"twitter:data1\" content=\"1 minuto\" \/>\n<script type=\"application\/ld+json\" class=\"yoast-schema-graph\">{\"@context\":\"https:\\\/\\\/schema.org\",\"@graph\":[{\"@type\":\"WebPage\",\"@id\":\"https:\\\/\\\/srokacompany.com\\\/es\\\/produit\\\/remo-hinchable-malibu-fusion\\\/\",\"url\":\"https:\\\/\\\/srokacompany.com\\\/es\\\/produit\\\/remo-hinchable-malibu-fusion\\\/\",\"name\":\"Paleta hinchable de gama alta - Colecci\u00f3n Malibu - SROKA Company\",\"isPartOf\":{\"@id\":\"https:\\\/\\\/srokacompany.com\\\/es\\\/#website\"},\"primaryImageOfPage\":{\"@id\":\"https:\\\/\\\/srokacompany.com\\\/es\\\/produit\\\/remo-hinchable-malibu-fusion\\\/#primaryimage\"},\"image\":{\"@id\":\"https:\\\/\\\/srokacompany.com\\\/es\\\/produit\\\/remo-hinchable-malibu-fusion\\\/#primaryimage\"},\"thumbnailUrl\":\"https:\\\/\\\/srokacompany.com\\\/wp-content\\\/uploads\\\/2017\\\/04\\\/imageproduit-malibu.png\",\"datePublished\":\"2017-04-24T07:26:27+00:00\",\"dateModified\":\"2026-02-19T14:58:24+00:00\",\"description\":\"SUP hinchable 10'6 Malibu Fusion. Stand up paddle de gama alta para toda la familia. La mejor calidad al mejor precio de Sroka.\",\"breadcrumb\":{\"@id\":\"https:\\\/\\\/srokacompany.com\\\/es\\\/produit\\\/remo-hinchable-malibu-fusion\\\/#breadcrumb\"},\"inLanguage\":\"es\",\"potentialAction\":[{\"@type\":\"ReadAction\",\"target\":[\"https:\\\/\\\/srokacompany.com\\\/es\\\/produit\\\/remo-hinchable-malibu-fusion\\\/\"]}]},{\"@type\":\"ImageObject\",\"inLanguage\":\"es\",\"@id\":\"https:\\\/\\\/srokacompany.com\\\/es\\\/produit\\\/remo-hinchable-malibu-fusion\\\/#primaryimage\",\"url\":\"https:\\\/\\\/srokacompany.com\\\/wp-content\\\/uploads\\\/2017\\\/04\\\/imageproduit-malibu.png\",\"contentUrl\":\"https:\\\/\\\/srokacompany.com\\\/wp-content\\\/uploads\\\/2017\\\/04\\\/imageproduit-malibu.png\",\"width\":780,\"height\":1040,\"caption\":\"sroka paddle hinchable para toda la familia\"},{\"@type\":\"BreadcrumbList\",\"@id\":\"https:\\\/\\\/srokacompany.com\\\/es\\\/produit\\\/remo-hinchable-malibu-fusion\\\/#breadcrumb\",\"itemListElement\":[{\"@type\":\"ListItem\",\"position\":1,\"name\":\"Accueil\",\"item\":\"https:\\\/\\\/srokacompany.com\\\/es\\\/\"},{\"@type\":\"ListItem\",\"position\":2,\"name\":\"Tienda\",\"item\":\"https:\\\/\\\/srokacompany.com\\\/tienda\\\/\"},{\"@type\":\"ListItem\",\"position\":3,\"name\":\"Remo hinchable Malibu Fusion\"}]},{\"@type\":\"WebSite\",\"@id\":\"https:\\\/\\\/srokacompany.com\\\/es\\\/#website\",\"url\":\"https:\\\/\\\/srokacompany.com\\\/es\\\/\",\"name\":\"SROKA Company\",\"description\":\"SUP, Kite, Foil, Wing\",\"publisher\":{\"@id\":\"https:\\\/\\\/srokacompany.com\\\/es\\\/#organization\"},\"potentialAction\":[{\"@type\":\"SearchAction\",\"target\":{\"@type\":\"EntryPoint\",\"urlTemplate\":\"https:\\\/\\\/srokacompany.com\\\/es\\\/?s={search_term_string}\"},\"query-input\":{\"@type\":\"PropertyValueSpecification\",\"valueRequired\":true,\"valueName\":\"search_term_string\"}}],\"inLanguage\":\"es\"},{\"@type\":\"Organization\",\"@id\":\"https:\\\/\\\/srokacompany.com\\\/es\\\/#organization\",\"name\":\"SROKACOMPANY\",\"alternateName\":\"SROKA\",\"url\":\"https:\\\/\\\/srokacompany.com\\\/es\\\/\",\"logo\":{\"@type\":\"ImageObject\",\"inLanguage\":\"es\",\"@id\":\"https:\\\/\\\/srokacompany.com\\\/es\\\/#\\\/schema\\\/logo\\\/image\\\/\",\"url\":\"https:\\\/\\\/srokacompany.com\\\/wp-content\\\/uploads\\\/2021\\\/01\\\/logo-sroka-black-transpa.png\",\"contentUrl\":\"https:\\\/\\\/srokacompany.com\\\/wp-content\\\/uploads\\\/2021\\\/01\\\/logo-sroka-black-transpa.png\",\"width\":1201,\"height\":342,\"caption\":\"SROKACOMPANY\"},\"image\":{\"@id\":\"https:\\\/\\\/srokacompany.com\\\/es\\\/#\\\/schema\\\/logo\\\/image\\\/\"},\"sameAs\":[\"https:\\\/\\\/www.facebook.com\\\/srokawatersports\\\/\",\"https:\\\/\\\/www.instagram.com\\\/srokawatersports\\\/\",\"https:\\\/\\\/www.youtube.com\\\/channel\\\/UCVLHHeaPIm-J5bdEUgxqtZA\"]}]}<\/script>\n<!-- \/ Yoast SEO plugin. -->","yoast_head_json":{"title":"Paleta hinchable de gama alta - Colecci\u00f3n Malibu - SROKA Company","description":"SUP hinchable 10'6 Malibu Fusion. Stand up paddle de gama alta para toda la familia. La mejor calidad al mejor precio de Sroka.","robots":{"index":"index","follow":"follow","max-snippet":"max-snippet:-1","max-image-preview":"max-image-preview:large","max-video-preview":"max-video-preview:-1"},"canonical":"https:\/\/srokacompany.com\/es\/produit\/remo-hinchable-malibu-fusion\/","og_locale":"es_ES","og_type":"article","og_title":"Paleta hinchable de gama alta - Colecci\u00f3n Malibu - SROKA Company","og_description":"SUP hinchable 10'6 Malibu Fusion. Stand up paddle de gama alta para toda la familia. La mejor calidad al mejor precio de Sroka.","og_url":"https:\/\/srokacompany.com\/es\/produit\/remo-hinchable-malibu-fusion\/","og_site_name":"SROKA Company","article_publisher":"https:\/\/www.facebook.com\/srokawatersports\/","article_modified_time":"2026-02-19T14:58:24+00:00","og_image":[{"width":780,"height":1040,"url":"https:\/\/srokacompany.com\/wp-content\/uploads\/2017\/04\/imageproduit-malibu.png","type":"image\/png"}],"twitter_misc":{"Tiempo de lectura":"1 minuto"},"schema":{"@context":"https:\/\/schema.org","@graph":[{"@type":"WebPage","@id":"https:\/\/srokacompany.com\/es\/produit\/remo-hinchable-malibu-fusion\/","url":"https:\/\/srokacompany.com\/es\/produit\/remo-hinchable-malibu-fusion\/","name":"Paleta hinchable de gama alta - Colecci\u00f3n Malibu - SROKA Company","isPartOf":{"@id":"https:\/\/srokacompany.com\/es\/#website"},"primaryImageOfPage":{"@id":"https:\/\/srokacompany.com\/es\/produit\/remo-hinchable-malibu-fusion\/#primaryimage"},"image":{"@id":"https:\/\/srokacompany.com\/es\/produit\/remo-hinchable-malibu-fusion\/#primaryimage"},"thumbnailUrl":"https:\/\/srokacompany.com\/wp-content\/uploads\/2017\/04\/imageproduit-malibu.png","datePublished":"2017-04-24T07:26:27+00:00","dateModified":"2026-02-19T14:58:24+00:00","description":"SUP hinchable 10'6 Malibu Fusion. Stand up paddle de gama alta para toda la familia. La mejor calidad al mejor precio de Sroka.","breadcrumb":{"@id":"https:\/\/srokacompany.com\/es\/produit\/remo-hinchable-malibu-fusion\/#breadcrumb"},"inLanguage":"es","potentialAction":[{"@type":"ReadAction","target":["https:\/\/srokacompany.com\/es\/produit\/remo-hinchable-malibu-fusion\/"]}]},{"@type":"ImageObject","inLanguage":"es","@id":"https:\/\/srokacompany.com\/es\/produit\/remo-hinchable-malibu-fusion\/#primaryimage","url":"https:\/\/srokacompany.com\/wp-content\/uploads\/2017\/04\/imageproduit-malibu.png","contentUrl":"https:\/\/srokacompany.com\/wp-content\/uploads\/2017\/04\/imageproduit-malibu.png","width":780,"height":1040,"caption":"sroka paddle hinchable para toda la familia"},{"@type":"BreadcrumbList","@id":"https:\/\/srokacompany.com\/es\/produit\/remo-hinchable-malibu-fusion\/#breadcrumb","itemListElement":[{"@type":"ListItem","position":1,"name":"Accueil","item":"https:\/\/srokacompany.com\/es\/"},{"@type":"ListItem","position":2,"name":"Tienda","item":"https:\/\/srokacompany.com\/tienda\/"},{"@type":"ListItem","position":3,"name":"Remo hinchable Malibu Fusion"}]},{"@type":"WebSite","@id":"https:\/\/srokacompany.com\/es\/#website","url":"https:\/\/srokacompany.com\/es\/","name":"SROKA Company","description":"SUP, Kite, Foil, Wing","publisher":{"@id":"https:\/\/srokacompany.com\/es\/#organization"},"potentialAction":[{"@type":"SearchAction","target":{"@type":"EntryPoint","urlTemplate":"https:\/\/srokacompany.com\/es\/?s={search_term_string}"},"query-input":{"@type":"PropertyValueSpecification","valueRequired":true,"valueName":"search_term_string"}}],"inLanguage":"es"},{"@type":"Organization","@id":"https:\/\/srokacompany.com\/es\/#organization","name":"SROKACOMPANY","alternateName":"SROKA","url":"https:\/\/srokacompany.com\/es\/","logo":{"@type":"ImageObject","inLanguage":"es","@id":"https:\/\/srokacompany.com\/es\/#\/schema\/logo\/image\/","url":"https:\/\/srokacompany.com\/wp-content\/uploads\/2021\/01\/logo-sroka-black-transpa.png","contentUrl":"https:\/\/srokacompany.com\/wp-content\/uploads\/2021\/01\/logo-sroka-black-transpa.png","width":1201,"height":342,"caption":"SROKACOMPANY"},"image":{"@id":"https:\/\/srokacompany.com\/es\/#\/schema\/logo\/image\/"},"sameAs":["https:\/\/www.facebook.com\/srokawatersports\/","https:\/\/www.instagram.com\/srokawatersports\/","https:\/\/www.youtube.com\/channel\/UCVLHHeaPIm-J5bdEUgxqtZA"]}]}},"uagb_featured_image_src":{"full":["https:\/\/srokacompany.com\/wp-content\/uploads\/2017\/04\/imageproduit-malibu.png",780,1040,false],"thumbnail":["https:\/\/srokacompany.com\/wp-content\/uploads\/2017\/04\/imageproduit-malibu-150x150.png",150,150,true],"medium":["https:\/\/srokacompany.com\/wp-content\/uploads\/2017\/04\/imageproduit-malibu-225x300.png",225,300,true],"medium_large":["https:\/\/srokacompany.com\/wp-content\/uploads\/2017\/04\/imageproduit-malibu-768x1024.png",768,1024,true],"large":["https:\/\/srokacompany.com\/wp-content\/uploads\/2017\/04\/imageproduit-malibu-768x1024.png",768,1024,true],"1536x1536":["https:\/\/srokacompany.com\/wp-content\/uploads\/2017\/04\/imageproduit-malibu.png",780,1040,false],"2048x2048":["https:\/\/srokacompany.com\/wp-content\/uploads\/2017\/04\/imageproduit-malibu.png",780,1040,false],"woocommerce_thumbnail":["https:\/\/srokacompany.com\/wp-content\/uploads\/2017\/04\/imageproduit-malibu-600x800.png",600,800,true],"woocommerce_single":["https:\/\/srokacompany.com\/wp-content\/uploads\/2017\/04\/imageproduit-malibu-600x800.png",600,800,true],"woocommerce_gallery_thumbnail":["https:\/\/srokacompany.com\/wp-content\/uploads\/2017\/04\/imageproduit-malibu-100x100.png",100,100,true],"dgwt-wcas-product-suggestion":["https:\/\/srokacompany.com\/wp-content\/uploads\/2017\/04\/imageproduit-malibu.png",64,85,false]},"uagb_author_info":{"display_name":"Bruno Sroka","author_link":"https:\/\/srokacompany.com\/es\/blog\/author\/"},"uagb_comment_info":0,"uagb_excerpt":"Pack est\u00e1ndar de SUP hinchable Malibu Fusion 10' y 10'6. 10': 30% surf, 70% paseo; 10'6: 100% paseo.","jetpack_sharing_enabled":true,"_links":{"self":[{"href":"https:\/\/srokacompany.com\/es\/wp-json\/wp\/v2\/product\/347460","targetHints":{"allow":["GET"]}}],"collection":[{"href":"https:\/\/srokacompany.com\/es\/wp-json\/wp\/v2\/product"}],"about":[{"href":"https:\/\/srokacompany.com\/es\/wp-json\/wp\/v2\/types\/product"}],"wp:featuredmedia":[{"embeddable":true,"href":"https:\/\/srokacompany.com\/es\/wp-json\/wp\/v2\/media\/347462"}],"wp:attachment":[{"href":"https:\/\/srokacompany.com\/es\/wp-json\/wp\/v2\/media?parent=347460"}],"wp:term":[{"taxonomy":"product_brand","embeddable":true,"href":"https:\/\/srokacompany.com\/es\/wp-json\/wp\/v2\/product_brand?post=347460"},{"taxonomy":"product_cat","embeddable":true,"href":"https:\/\/srokacompany.com\/es\/wp-json\/wp\/v2\/product_cat?post=347460"},{"taxonomy":"product_tag","embeddable":true,"href":"https:\/\/srokacompany.com\/es\/wp-json\/wp\/v2\/product_tag?post=347460"}],"curies":[{"name":"wp","href":"https:\/\/api.w.org\/{rel}","templated":true}]}}