{"id":348801,"date":"2023-09-05T14:11:44","date_gmt":"2023-09-05T14:11:44","guid":{"rendered":"https:\/\/srokacompany.com\/produit\/mastil-de-carbono-elite-14-mm-85-cm-fuselaje\/"},"modified":"2026-02-05T18:26:27","modified_gmt":"2026-02-05T16:26:27","slug":"mastil-de-carbono-elite-14-mm-85-cm-fuselaje","status":"publish","type":"product","link":"https:\/\/srokacompany.com\/es\/produit\/mastil-de-carbono-elite-14-mm-85-cm-fuselaje\/","title":{"rendered":"M\u00e1stil de carbono Elite 14 mm | 85 cm + fuselaje"},"content":{"rendered":"<h2 data-path-to-node=\"2\">\u00bfPor qu\u00e9 elegir el m\u00e1stil de carbono HM Elite 14 mm para tus sesiones?<\/h2>\n<p data-path-to-node=\"3\">El <b data-path-to-node=\"3\" data-index-in-node=\"3\">m\u00e1stil de carbono HM Elite 14mm<\/b> representa el pin\u00e1culo de la ingenier\u00eda de Sroka Company. <b data-path-to-node=\"3\" data-index-in-node=\"86\">Est\u00e1<\/b> dise\u00f1ado espec\u00edficamente para riders de Wing foil, Surf foil y Kite foil que buscan un rendimiento sin concesiones. Este perfil de 14 mm, con 140 capas de carbono de alto m\u00f3dulo, es una proeza t\u00e9cnica que redefine el deslizamiento de alta gama. <\/p>\n<h3 data-path-to-node=\"4\">Un perfil delgado para la m\u00e1xima velocidad<\/h3>\n<p data-path-to-node=\"5\">Mientras que el est\u00e1ndar del mercado ronda los 15-16 mm, <b data-path-to-node=\"5\" data-index-in-node=\"61\">nuestro m\u00e1stil de mayor rendimiento<\/b> reduce significativamente la resistencia hidrodin\u00e1mica sin perder rigidez. Y lo que <b data-path-to-node=\"5\" data-index-in-node=\"172\">es m\u00e1s<\/b>, esta finura significa que puede alcanzar velocidades m\u00e1ximas m\u00e1s altas. Tambi\u00e9n ofrece un deslizamiento mucho m\u00e1s fluido y \u00abtransparente\u00bb por el agua. Como <b data-path-to-node=\"5\" data-index-in-node=\"347\">resultado,<\/b> cada brazada est\u00e1 optimizada para transformar tu energ\u00eda en velocidad pura. <\/p>\n<h3 data-path-to-node=\"6\">Tecnolog\u00eda M40J de carbono de alto m\u00f3dulo (HM)<\/h3>\n<p data-path-to-node=\"7\">Para compensar su delgado perfil y mantener una rigidez absoluta, utilizamos exclusivamente fibra de carbono M40J de alto m\u00f3dulo. <b data-path-to-node=\"7\" data-index-in-node=\"140\">Adem\u00e1s,<\/b> esta construcci\u00f3n de alta gama garantiza..:<\/p>\n<ul data-path-to-node=\"8\">\n<li>\n<p data-path-to-node=\"8,0,0\"><b data-path-to-node=\"8,0,0\" data-index-in-node=\"0\">Extrema rigidez a la torsi\u00f3n<\/b>: no se observa ninguna deformaci\u00f3n, incluso bajo las cargas m\u00e1s fuertes.<\/p>\n<\/li>\n<li>\n<p data-path-to-node=\"8,1,0\"><b data-path-to-node=\"8,1,0\" data-index-in-node=\"0\">Transmisi\u00f3n directa<\/b>: <b data-path-to-node=\"8,1,0\" data-index-in-node=\"27\">por eso<\/b> cada movimiento se transmite instant\u00e1neamente al Foil.<\/p>\n<\/li>\n<li>\n<p data-path-to-node=\"8,2,0\"><b data-path-to-node=\"8,2,0\" data-index-in-node=\"0\">Rigidez \u00f3ptima<\/b>: esto significa que puede presionar con fuerza sin que el perfil se deforme bajo la carga.<\/p>\n<\/li>\n<\/ul>\n<h3 data-path-to-node=\"9\">Sensaci\u00f3n en el agua con el m\u00e1stil de carbono HM Elite de 14 mm<\/h3>\n<p data-path-to-node=\"10\">Al navegar, <b data-path-to-node=\"10\" data-index-in-node=\"15\">este perfil ultrafino<\/b> ofrece una respuesta instant\u00e1nea. Su dise\u00f1o <b data-path-to-node=\"10\" data-index-in-node=\"87\">tambi\u00e9n<\/b> reduce la resistencia y las vibraciones a altas velocidades. Sin <b data-path-to-node=\"10\" data-index-in-node=\"154\">embargo<\/b>, para preservar el rendimiento de su equipo, recomendamos enjuagarlo con regularidad. <b data-path-to-node=\"10\" data-index-in-node=\"255\">Tambi\u00e9n<\/b> recomendamos el uso de fundas protectoras para evitar da\u00f1os accidentales durante el transporte. <\/p>\n<h3 data-path-to-node=\"11\">Compatibilidad y modularidad<\/h3>\n<p data-path-to-node=\"12\">Este pack incluye un fuselaje de carbono HM o un fuselaje de aluminio aeron\u00e1utico 6061-T6 <b data-path-to-node=\"12\" data-index-in-node=\"75\">, lo<\/b> que garantiza una durabilidad excepcional. El m\u00e1stil de carbono Elite 14mm de 85mm es totalmente compatible con nuestras gamas de alas High Aspect y S-Line. <b data-path-to-node=\"12\" data-index-in-node=\"218\">Por lo tanto,<\/b> si ya dispone de un equipo Sroka, se adaptar\u00e1 perfectamente a su configuraci\u00f3n actual. <b data-path-to-node=\"12\" data-index-in-node=\"325\">Por \u00faltimo,<\/b> para aquellos que buscan m\u00e1s versatilidad, echa un vistazo a nuestro <a class=\"ng-star-inserted\" href=\"https:\/\/srokacompany.com\/produit\/mat-carbone-16-mm-85-cm-fuselage\/\" target=\"_blank\" rel=\"noopener\">m\u00e1stil de carbono Solo de 16 mm<\/a>, que ofrece un excelente compromiso entre accesibilidad y rendimiento. <\/p>\n<p data-path-to-node=\"13\">Para m\u00e1s informaci\u00f3n sobre el <b data-path-to-node=\"13\" data-index-in-node=\"32\">m\u00e1stil de carbono HM Elite 14mm<\/b>, <a class=\"ng-star-inserted\" href=\"https:\/\/www.google.com\/search?q=LIEN_VERS_VOTRE_VIDEO_OU_ARTICLE\" target=\"_blank\" rel=\"noopener\">siga este enlace<\/a>.<\/p>\n","protected":false},"excerpt":{"rendered":"<p>El <b data-path-to-node=\"10,0\" data-index-in-node=\"4\">m\u00e1stil de carbono HM Elite de 14 mm<\/b> es el buque insignia de la gama Sroka. Con s\u00f3lo 14 mm de grosor, este <b data-path-to-node=\"10,0\" data-index-in-node=\"100\">m\u00e1stil HM Elite 14 mm de carbono 100% de alto m\u00f3dulo<\/b> reduce la resistencia al m\u00ednimo para conseguir la m\u00e1xima velocidad con la m\u00e1xima resistencia y rigidez.<\/p>\n","protected":false},"featured_media":348802,"template":"","meta":{"_acf_changed":false,"_uag_custom_page_level_css":""},"product_brand":[],"product_cat":[3486,3521,3480,3701,3487,3481,3698,3482,3444],"product_tag":[3429,3450,3427],"class_list":{"0":"post-348801","1":"product","2":"type-product","3":"status-publish","4":"has-post-thumbnail","6":"product_cat-ala-de-laminas-foil","7":"product_cat-elite-es","8":"product_cat-foil-es","9":"product_cat-foil-gama-elite","10":"product_cat-laminas-de-aluminio-carbono-dockstart","11":"product_cat-laminas-de-surf-foil","12":"product_cat-todas-las-laminas-de-carbono","13":"product_cat-todos-nuestros-sup-foil-foils-a-favor-del-viento","14":"product_cat-wing-foil-es","15":"product_tag-avanzado","16":"product_tag-experto","17":"product_tag-ingenioso","18":"product_shipping_class-foil-unidad-completa-o-piezas-alas","20":"first","21":"instock","22":"taxable","23":"shipping-taxable","24":"purchasable","25":"product-type-variable"},"acf":[],"yoast_head":"<!-- This site is optimized with the Yoast SEO plugin v27.4 - https:\/\/yoast.com\/product\/yoast-seo-wordpress\/ -->\n<title>M\u00e1stil de carbono HM Elite 14mm - Ultimate Performance | Sroka<\/title>\n<meta name=\"description\" content=\"Descubra el m\u00e1stil de carbono HM Elite 14mm Sroka. Perfil ultrafino, carbono M40J de alto m\u00f3dulo y rigidez extrema para un planeo sin concesiones. Fuselaje incluido\" \/>\n<meta name=\"robots\" content=\"index, follow, max-snippet:-1, max-image-preview:large, max-video-preview:-1\" \/>\n<link rel=\"canonical\" href=\"https:\/\/srokacompany.com\/es\/produit\/mastil-de-carbono-elite-14-mm-85-cm-fuselaje\/\" \/>\n<meta property=\"og:locale\" content=\"es_ES\" \/>\n<meta property=\"og:type\" content=\"article\" \/>\n<meta property=\"og:title\" content=\"M\u00e1stil de carbono HM Elite 14mm - Ultimate Performance | Sroka\" \/>\n<meta property=\"og:description\" content=\"Descubra el m\u00e1stil de carbono HM Elite 14mm Sroka. Perfil ultrafino, carbono M40J de alto m\u00f3dulo y rigidez extrema para un planeo sin concesiones. Fuselaje incluido\" \/>\n<meta property=\"og:url\" content=\"https:\/\/srokacompany.com\/es\/produit\/mastil-de-carbono-elite-14-mm-85-cm-fuselaje\/\" \/>\n<meta property=\"og:site_name\" content=\"SROKA Company\" \/>\n<meta property=\"article:publisher\" content=\"https:\/\/www.facebook.com\/srokawatersports\/\" \/>\n<meta property=\"article:modified_time\" content=\"2026-02-05T16:26:27+00:00\" \/>\n<meta property=\"og:image\" content=\"https:\/\/srokacompany.com\/wp-content\/uploads\/2023\/09\/mat-fuselage-ELITE-fond-transparent_.png\" \/>\n\t<meta property=\"og:image:width\" content=\"2048\" \/>\n\t<meta property=\"og:image:height\" content=\"2730\" \/>\n\t<meta property=\"og:image:type\" content=\"image\/png\" \/>\n<meta name=\"twitter:label1\" content=\"Tiempo de lectura\" \/>\n\t<meta name=\"twitter:data1\" content=\"2 minutos\" \/>\n<script type=\"application\/ld+json\" class=\"yoast-schema-graph\">{\"@context\":\"https:\\\/\\\/schema.org\",\"@graph\":[{\"@type\":\"WebPage\",\"@id\":\"https:\\\/\\\/srokacompany.com\\\/es\\\/produit\\\/mastil-de-carbono-elite-14-mm-85-cm-fuselaje\\\/\",\"url\":\"https:\\\/\\\/srokacompany.com\\\/es\\\/produit\\\/mastil-de-carbono-elite-14-mm-85-cm-fuselaje\\\/\",\"name\":\"M\u00e1stil de carbono HM Elite 14mm - Ultimate Performance | Sroka\",\"isPartOf\":{\"@id\":\"https:\\\/\\\/srokacompany.com\\\/es\\\/#website\"},\"primaryImageOfPage\":{\"@id\":\"https:\\\/\\\/srokacompany.com\\\/es\\\/produit\\\/mastil-de-carbono-elite-14-mm-85-cm-fuselaje\\\/#primaryimage\"},\"image\":{\"@id\":\"https:\\\/\\\/srokacompany.com\\\/es\\\/produit\\\/mastil-de-carbono-elite-14-mm-85-cm-fuselaje\\\/#primaryimage\"},\"thumbnailUrl\":\"https:\\\/\\\/srokacompany.com\\\/wp-content\\\/uploads\\\/2023\\\/09\\\/mat-fuselage-ELITE-fond-transparent_.png\",\"datePublished\":\"2023-09-05T14:11:44+00:00\",\"dateModified\":\"2026-02-05T16:26:27+00:00\",\"description\":\"Descubra el m\u00e1stil de carbono HM Elite 14mm Sroka. Perfil ultrafino, carbono M40J de alto m\u00f3dulo y rigidez extrema para un planeo sin concesiones. Fuselaje incluido\",\"breadcrumb\":{\"@id\":\"https:\\\/\\\/srokacompany.com\\\/es\\\/produit\\\/mastil-de-carbono-elite-14-mm-85-cm-fuselaje\\\/#breadcrumb\"},\"inLanguage\":\"es\",\"potentialAction\":[{\"@type\":\"ReadAction\",\"target\":[\"https:\\\/\\\/srokacompany.com\\\/es\\\/produit\\\/mastil-de-carbono-elite-14-mm-85-cm-fuselaje\\\/\"]}]},{\"@type\":\"ImageObject\",\"inLanguage\":\"es\",\"@id\":\"https:\\\/\\\/srokacompany.com\\\/es\\\/produit\\\/mastil-de-carbono-elite-14-mm-85-cm-fuselaje\\\/#primaryimage\",\"url\":\"https:\\\/\\\/srokacompany.com\\\/wp-content\\\/uploads\\\/2023\\\/09\\\/mat-fuselage-ELITE-fond-transparent_.png\",\"contentUrl\":\"https:\\\/\\\/srokacompany.com\\\/wp-content\\\/uploads\\\/2023\\\/09\\\/mat-fuselage-ELITE-fond-transparent_.png\",\"width\":2048,\"height\":2730,\"caption\":\"Pack HM Elite de m\u00e1stil de carbono de 14 mm y fuselaje de aluminio aeron\u00e1utico\"},{\"@type\":\"BreadcrumbList\",\"@id\":\"https:\\\/\\\/srokacompany.com\\\/es\\\/produit\\\/mastil-de-carbono-elite-14-mm-85-cm-fuselaje\\\/#breadcrumb\",\"itemListElement\":[{\"@type\":\"ListItem\",\"position\":1,\"name\":\"Accueil\",\"item\":\"https:\\\/\\\/srokacompany.com\\\/es\\\/\"},{\"@type\":\"ListItem\",\"position\":2,\"name\":\"Tienda\",\"item\":\"https:\\\/\\\/srokacompany.com\\\/tienda\\\/\"},{\"@type\":\"ListItem\",\"position\":3,\"name\":\"M\u00e1stil de carbono Elite 14 mm | 85 cm + fuselaje\"}]},{\"@type\":\"WebSite\",\"@id\":\"https:\\\/\\\/srokacompany.com\\\/es\\\/#website\",\"url\":\"https:\\\/\\\/srokacompany.com\\\/es\\\/\",\"name\":\"SROKA Company\",\"description\":\"SUP, Kite, Foil, Wing\",\"publisher\":{\"@id\":\"https:\\\/\\\/srokacompany.com\\\/es\\\/#organization\"},\"potentialAction\":[{\"@type\":\"SearchAction\",\"target\":{\"@type\":\"EntryPoint\",\"urlTemplate\":\"https:\\\/\\\/srokacompany.com\\\/es\\\/?s={search_term_string}\"},\"query-input\":{\"@type\":\"PropertyValueSpecification\",\"valueRequired\":true,\"valueName\":\"search_term_string\"}}],\"inLanguage\":\"es\"},{\"@type\":\"Organization\",\"@id\":\"https:\\\/\\\/srokacompany.com\\\/es\\\/#organization\",\"name\":\"SROKACOMPANY\",\"alternateName\":\"SROKA\",\"url\":\"https:\\\/\\\/srokacompany.com\\\/es\\\/\",\"logo\":{\"@type\":\"ImageObject\",\"inLanguage\":\"es\",\"@id\":\"https:\\\/\\\/srokacompany.com\\\/es\\\/#\\\/schema\\\/logo\\\/image\\\/\",\"url\":\"https:\\\/\\\/srokacompany.com\\\/wp-content\\\/uploads\\\/2021\\\/01\\\/logo-sroka-black-transpa.png\",\"contentUrl\":\"https:\\\/\\\/srokacompany.com\\\/wp-content\\\/uploads\\\/2021\\\/01\\\/logo-sroka-black-transpa.png\",\"width\":1201,\"height\":342,\"caption\":\"SROKACOMPANY\"},\"image\":{\"@id\":\"https:\\\/\\\/srokacompany.com\\\/es\\\/#\\\/schema\\\/logo\\\/image\\\/\"},\"sameAs\":[\"https:\\\/\\\/www.facebook.com\\\/srokawatersports\\\/\",\"https:\\\/\\\/www.instagram.com\\\/srokawatersports\\\/\",\"https:\\\/\\\/www.youtube.com\\\/channel\\\/UCVLHHeaPIm-J5bdEUgxqtZA\"]}]}<\/script>\n<!-- \/ Yoast SEO plugin. -->","yoast_head_json":{"title":"M\u00e1stil de carbono HM Elite 14mm - Ultimate Performance | Sroka","description":"Descubra el m\u00e1stil de carbono HM Elite 14mm Sroka. Perfil ultrafino, carbono M40J de alto m\u00f3dulo y rigidez extrema para un planeo sin concesiones. Fuselaje incluido","robots":{"index":"index","follow":"follow","max-snippet":"max-snippet:-1","max-image-preview":"max-image-preview:large","max-video-preview":"max-video-preview:-1"},"canonical":"https:\/\/srokacompany.com\/es\/produit\/mastil-de-carbono-elite-14-mm-85-cm-fuselaje\/","og_locale":"es_ES","og_type":"article","og_title":"M\u00e1stil de carbono HM Elite 14mm - Ultimate Performance | Sroka","og_description":"Descubra el m\u00e1stil de carbono HM Elite 14mm Sroka. Perfil ultrafino, carbono M40J de alto m\u00f3dulo y rigidez extrema para un planeo sin concesiones. Fuselaje incluido","og_url":"https:\/\/srokacompany.com\/es\/produit\/mastil-de-carbono-elite-14-mm-85-cm-fuselaje\/","og_site_name":"SROKA Company","article_publisher":"https:\/\/www.facebook.com\/srokawatersports\/","article_modified_time":"2026-02-05T16:26:27+00:00","og_image":[{"width":2048,"height":2730,"url":"https:\/\/srokacompany.com\/wp-content\/uploads\/2023\/09\/mat-fuselage-ELITE-fond-transparent_.png","type":"image\/png"}],"twitter_misc":{"Tiempo de lectura":"2 minutos"},"schema":{"@context":"https:\/\/schema.org","@graph":[{"@type":"WebPage","@id":"https:\/\/srokacompany.com\/es\/produit\/mastil-de-carbono-elite-14-mm-85-cm-fuselaje\/","url":"https:\/\/srokacompany.com\/es\/produit\/mastil-de-carbono-elite-14-mm-85-cm-fuselaje\/","name":"M\u00e1stil de carbono HM Elite 14mm - Ultimate Performance | Sroka","isPartOf":{"@id":"https:\/\/srokacompany.com\/es\/#website"},"primaryImageOfPage":{"@id":"https:\/\/srokacompany.com\/es\/produit\/mastil-de-carbono-elite-14-mm-85-cm-fuselaje\/#primaryimage"},"image":{"@id":"https:\/\/srokacompany.com\/es\/produit\/mastil-de-carbono-elite-14-mm-85-cm-fuselaje\/#primaryimage"},"thumbnailUrl":"https:\/\/srokacompany.com\/wp-content\/uploads\/2023\/09\/mat-fuselage-ELITE-fond-transparent_.png","datePublished":"2023-09-05T14:11:44+00:00","dateModified":"2026-02-05T16:26:27+00:00","description":"Descubra el m\u00e1stil de carbono HM Elite 14mm Sroka. Perfil ultrafino, carbono M40J de alto m\u00f3dulo y rigidez extrema para un planeo sin concesiones. Fuselaje incluido","breadcrumb":{"@id":"https:\/\/srokacompany.com\/es\/produit\/mastil-de-carbono-elite-14-mm-85-cm-fuselaje\/#breadcrumb"},"inLanguage":"es","potentialAction":[{"@type":"ReadAction","target":["https:\/\/srokacompany.com\/es\/produit\/mastil-de-carbono-elite-14-mm-85-cm-fuselaje\/"]}]},{"@type":"ImageObject","inLanguage":"es","@id":"https:\/\/srokacompany.com\/es\/produit\/mastil-de-carbono-elite-14-mm-85-cm-fuselaje\/#primaryimage","url":"https:\/\/srokacompany.com\/wp-content\/uploads\/2023\/09\/mat-fuselage-ELITE-fond-transparent_.png","contentUrl":"https:\/\/srokacompany.com\/wp-content\/uploads\/2023\/09\/mat-fuselage-ELITE-fond-transparent_.png","width":2048,"height":2730,"caption":"Pack HM Elite de m\u00e1stil de carbono de 14 mm y fuselaje de aluminio aeron\u00e1utico"},{"@type":"BreadcrumbList","@id":"https:\/\/srokacompany.com\/es\/produit\/mastil-de-carbono-elite-14-mm-85-cm-fuselaje\/#breadcrumb","itemListElement":[{"@type":"ListItem","position":1,"name":"Accueil","item":"https:\/\/srokacompany.com\/es\/"},{"@type":"ListItem","position":2,"name":"Tienda","item":"https:\/\/srokacompany.com\/tienda\/"},{"@type":"ListItem","position":3,"name":"M\u00e1stil de carbono Elite 14 mm | 85 cm + fuselaje"}]},{"@type":"WebSite","@id":"https:\/\/srokacompany.com\/es\/#website","url":"https:\/\/srokacompany.com\/es\/","name":"SROKA Company","description":"SUP, Kite, Foil, Wing","publisher":{"@id":"https:\/\/srokacompany.com\/es\/#organization"},"potentialAction":[{"@type":"SearchAction","target":{"@type":"EntryPoint","urlTemplate":"https:\/\/srokacompany.com\/es\/?s={search_term_string}"},"query-input":{"@type":"PropertyValueSpecification","valueRequired":true,"valueName":"search_term_string"}}],"inLanguage":"es"},{"@type":"Organization","@id":"https:\/\/srokacompany.com\/es\/#organization","name":"SROKACOMPANY","alternateName":"SROKA","url":"https:\/\/srokacompany.com\/es\/","logo":{"@type":"ImageObject","inLanguage":"es","@id":"https:\/\/srokacompany.com\/es\/#\/schema\/logo\/image\/","url":"https:\/\/srokacompany.com\/wp-content\/uploads\/2021\/01\/logo-sroka-black-transpa.png","contentUrl":"https:\/\/srokacompany.com\/wp-content\/uploads\/2021\/01\/logo-sroka-black-transpa.png","width":1201,"height":342,"caption":"SROKACOMPANY"},"image":{"@id":"https:\/\/srokacompany.com\/es\/#\/schema\/logo\/image\/"},"sameAs":["https:\/\/www.facebook.com\/srokawatersports\/","https:\/\/www.instagram.com\/srokawatersports\/","https:\/\/www.youtube.com\/channel\/UCVLHHeaPIm-J5bdEUgxqtZA"]}]}},"uagb_featured_image_src":{"full":["https:\/\/srokacompany.com\/wp-content\/uploads\/2023\/09\/mat-fuselage-ELITE-fond-transparent_.png",2048,2730,false],"thumbnail":["https:\/\/srokacompany.com\/wp-content\/uploads\/2023\/09\/mat-fuselage-ELITE-fond-transparent_-150x150.png",150,150,true],"medium":["https:\/\/srokacompany.com\/wp-content\/uploads\/2023\/09\/mat-fuselage-ELITE-fond-transparent_-225x300.png",225,300,true],"medium_large":["https:\/\/srokacompany.com\/wp-content\/uploads\/2023\/09\/mat-fuselage-ELITE-fond-transparent_-768x1024.png",768,1024,true],"large":["https:\/\/srokacompany.com\/wp-content\/uploads\/2023\/09\/mat-fuselage-ELITE-fond-transparent_-768x1024.png",768,1024,true],"1536x1536":["https:\/\/srokacompany.com\/wp-content\/uploads\/2023\/09\/mat-fuselage-ELITE-fond-transparent_-1152x1536.png",1152,1536,true],"2048x2048":["https:\/\/srokacompany.com\/wp-content\/uploads\/2023\/09\/mat-fuselage-ELITE-fond-transparent_-1536x2048.png",1536,2048,true],"woocommerce_thumbnail":["https:\/\/srokacompany.com\/wp-content\/uploads\/2023\/09\/mat-fuselage-ELITE-fond-transparent_-600x800.png",600,800,true],"woocommerce_single":["https:\/\/srokacompany.com\/wp-content\/uploads\/2023\/09\/mat-fuselage-ELITE-fond-transparent_-600x800.png",600,800,true],"woocommerce_gallery_thumbnail":["https:\/\/srokacompany.com\/wp-content\/uploads\/2023\/09\/mat-fuselage-ELITE-fond-transparent_-100x100.png",100,100,true],"dgwt-wcas-product-suggestion":["https:\/\/srokacompany.com\/wp-content\/uploads\/2023\/09\/mat-fuselage-ELITE-fond-transparent_.png",64,85,false]},"uagb_author_info":{"display_name":"Emmanuel DIJOUX","author_link":"https:\/\/srokacompany.com\/es\/blog\/author\/"},"uagb_comment_info":0,"uagb_excerpt":"El m\u00e1stil de carbono HM Elite de 14 mm es el buque insignia de la gama Sroka. Con s\u00f3lo 14 mm de grosor, este m\u00e1stil HM Elite 14 mm de carbono 100% de alto m\u00f3dulo reduce la resistencia al m\u00ednimo para conseguir la m\u00e1xima velocidad con la m\u00e1xima resistencia y rigidez.","jetpack_sharing_enabled":true,"_links":{"self":[{"href":"https:\/\/srokacompany.com\/es\/wp-json\/wp\/v2\/product\/348801","targetHints":{"allow":["GET"]}}],"collection":[{"href":"https:\/\/srokacompany.com\/es\/wp-json\/wp\/v2\/product"}],"about":[{"href":"https:\/\/srokacompany.com\/es\/wp-json\/wp\/v2\/types\/product"}],"wp:featuredmedia":[{"embeddable":true,"href":"https:\/\/srokacompany.com\/es\/wp-json\/wp\/v2\/media\/348802"}],"wp:attachment":[{"href":"https:\/\/srokacompany.com\/es\/wp-json\/wp\/v2\/media?parent=348801"}],"wp:term":[{"taxonomy":"product_brand","embeddable":true,"href":"https:\/\/srokacompany.com\/es\/wp-json\/wp\/v2\/product_brand?post=348801"},{"taxonomy":"product_cat","embeddable":true,"href":"https:\/\/srokacompany.com\/es\/wp-json\/wp\/v2\/product_cat?post=348801"},{"taxonomy":"product_tag","embeddable":true,"href":"https:\/\/srokacompany.com\/es\/wp-json\/wp\/v2\/product_tag?post=348801"}],"curies":[{"name":"wp","href":"https:\/\/api.w.org\/{rel}","templated":true}]}}