{"id":354014,"date":"2025-09-29T10:25:19","date_gmt":"2025-09-29T08:25:19","guid":{"rendered":"https:\/\/srokacompany.com\/produit\/pack-bomba-foil-2000-ha-l-sroka\/"},"modified":"2025-11-04T13:12:27","modified_gmt":"2025-11-04T11:12:27","slug":"pack-bomba-foil-2000-ha-l-sroka","status":"publish","type":"product","link":"https:\/\/srokacompany.com\/es\/produit\/pack-bomba-foil-2000-ha-l-sroka\/","title":{"rendered":"Pack Bomba Foil 2000 HA L &#8211; SROKA"},"content":{"rendered":"<p>Descubre el SROKA Pump Foil Pack, el combo ideal para riders de todos los niveles que buscan sobresalir en <b>pumping<\/b> y <b>dockstarting<\/b>. Este conjunto, dise\u00f1ado para el rendimiento y la simplicidad, le ofrece una soluci\u00f3n completa para volar en el agua y encadenar las carreras m\u00e1s largas. Tanto si eres un <b>principiante<\/b> ambicioso como un <b>experto<\/b> experimentado, este pack est\u00e1 dise\u00f1ado para ti.  <\/p>\n<h4><b>El Pump Board 85: su aliado para un despegue f\u00e1cil<\/b><\/h4>\n<p>La Pump Board 85 es una aut\u00e9ntica proeza de dise\u00f1o y tecnolog\u00eda. Con un peso de s\u00f3lo <b>1,6 kg<\/b>, esta tabla ultraligera est\u00e1 dise\u00f1ada para maximizar tu energ\u00eda durante la fase de despegue. Su construcci\u00f3n de PVC de alta densidad y sus largueros de <b>carbono<\/b> garantizan una rigidez y una capacidad de respuesta inigualables. El casco perfectamente plano y el rocker delantero facilitan las salidas y perdonan los errores, mientras que la cubierta de doble c\u00f3ncavo te proporciona un control directo y preciso.   <\/p>\n<h4><b>El Foil HA 2000: m\u00e1xima potencia de bombeo<\/b><\/h4>\n<p>En el coraz\u00f3n de este pack, el <b>Foil HA 2000<\/b> es una revoluci\u00f3n para el bombeo. Su ala delantera <b>de 2000 cm\u00b2<\/b> con perfil High Aspect genera <b>una sustentaci\u00f3n fenomenal<\/b> incluso a velocidades muy bajas, permiti\u00e9ndote despegar con un m\u00ednimo de movimiento. Su construcci\u00f3n <b>en carbono preimpregnado<\/b> le confiere una rigidez s\u00f3lida como una roca, convirtiendo cada bombeo en una potente aceleraci\u00f3n. Estable y maniobrable, es perfecta para aprender y para batir tus propios r\u00e9cords de planeo.   <\/p>\n<h4><b>Una mochila dise\u00f1ada para crecer contigo<\/b><\/h4>\n<p>Una de las mayores ventajas de este pack es su <b>capacidad de actualizaci\u00f3n<\/b>. El Foil es totalmente <b>intercambiable<\/b> con todos los m\u00e1stiles y fuselajes de la gama S-Foil, lo que le permite adaptar su configuraci\u00f3n a medida que avanza. Puedes cambiar f\u00e1cilmente a otras alas para ganar velocidad o versatilidad. Es una inversi\u00f3n inteligente que te acompa\u00f1ar\u00e1 durante toda tu carrera como piloto.   <\/p>\n","protected":false},"excerpt":{"rendered":"<p>Descubre el Pump Foil Pack de SROKA, el combo perfecto para iniciarse y destacar en el <strong>Foil de Bombeo y el dockstart<\/strong>. Combina la ultraligera Pump Board 85 con el foil High Aspect HA 2000 para un deslizamiento sin fin y un progreso fulgurante. <\/p>\n<p><span style=\"color: #ff0000;\"><strong>Primera entrega 15 de noviembre de 2025<\/strong><\/span><\/p>\n","protected":false},"featured_media":353556,"template":"","meta":{"_acf_changed":false,"_uag_custom_page_level_css":""},"product_brand":[],"product_cat":[3643,4220,3667],"product_tag":[3427,3426],"class_list":{"0":"post-354014","1":"product","2":"type-product","3":"status-publish","4":"has-post-thumbnail","6":"product_cat-arranque-en-muelle-y-bombeo","7":"product_cat-pack-dockstart","8":"product_cat-todas-nuestras-tablas-dockstart","9":"product_tag-ingenioso","10":"product_tag-principiante","11":"product_shipping_class-pack-wing-complet-dure-es","13":"first","14":"instock","15":"taxable","16":"shipping-taxable","17":"purchasable","18":"product-type-simple"},"acf":[],"yoast_head":"<!-- This site is optimized with the Yoast SEO plugin v27.4 - https:\/\/yoast.com\/product\/yoast-seo-wordpress\/ -->\n<title>Pack Bomba Foil 2000 HA L - SROKA - SROKA Company<\/title>\n<meta name=\"description\" content=\"El Pump Foil Pack de SROKA es el combo perfecto para mejorar tus habilidades con el pump foil. Combina el Pump Board 85 y el S-Foil HA 2000 para un deslizamiento sin fin.\" \/>\n<meta name=\"robots\" content=\"index, follow, max-snippet:-1, max-image-preview:large, max-video-preview:-1\" \/>\n<link rel=\"canonical\" href=\"https:\/\/srokacompany.com\/es\/produit\/pack-bomba-foil-2000-ha-l-sroka\/\" \/>\n<meta property=\"og:locale\" content=\"es_ES\" \/>\n<meta property=\"og:type\" content=\"article\" \/>\n<meta property=\"og:title\" content=\"Pack Bomba Foil 2000 HA L - SROKA - SROKA Company\" \/>\n<meta property=\"og:description\" content=\"El Pump Foil Pack de SROKA es el combo perfecto para mejorar tus habilidades con el pump foil. Combina el Pump Board 85 y el S-Foil HA 2000 para un deslizamiento sin fin.\" \/>\n<meta property=\"og:url\" content=\"https:\/\/srokacompany.com\/es\/produit\/pack-bomba-foil-2000-ha-l-sroka\/\" \/>\n<meta property=\"og:site_name\" content=\"SROKA Company\" \/>\n<meta property=\"article:publisher\" content=\"https:\/\/www.facebook.com\/srokawatersports\/\" \/>\n<meta property=\"article:modified_time\" content=\"2025-11-04T11:12:27+00:00\" \/>\n<meta property=\"og:image\" content=\"https:\/\/srokacompany.com\/wp-content\/uploads\/2025\/09\/pump-pack-foil-scaled.png\" \/>\n\t<meta property=\"og:image:width\" content=\"2560\" \/>\n\t<meta property=\"og:image:height\" content=\"2159\" \/>\n\t<meta property=\"og:image:type\" content=\"image\/png\" \/>\n<meta name=\"twitter:label1\" content=\"Tiempo de lectura\" \/>\n\t<meta name=\"twitter:data1\" content=\"2 minutos\" \/>\n<script type=\"application\/ld+json\" class=\"yoast-schema-graph\">{\"@context\":\"https:\\\/\\\/schema.org\",\"@graph\":[{\"@type\":\"WebPage\",\"@id\":\"https:\\\/\\\/srokacompany.com\\\/es\\\/produit\\\/pack-bomba-foil-2000-ha-l-sroka\\\/\",\"url\":\"https:\\\/\\\/srokacompany.com\\\/es\\\/produit\\\/pack-bomba-foil-2000-ha-l-sroka\\\/\",\"name\":\"Pack Bomba Foil 2000 HA L - SROKA - SROKA Company\",\"isPartOf\":{\"@id\":\"https:\\\/\\\/srokacompany.com\\\/es\\\/#website\"},\"primaryImageOfPage\":{\"@id\":\"https:\\\/\\\/srokacompany.com\\\/es\\\/produit\\\/pack-bomba-foil-2000-ha-l-sroka\\\/#primaryimage\"},\"image\":{\"@id\":\"https:\\\/\\\/srokacompany.com\\\/es\\\/produit\\\/pack-bomba-foil-2000-ha-l-sroka\\\/#primaryimage\"},\"thumbnailUrl\":\"https:\\\/\\\/srokacompany.com\\\/wp-content\\\/uploads\\\/2025\\\/09\\\/pump-pack-foil-scaled.png\",\"datePublished\":\"2025-09-29T08:25:19+00:00\",\"dateModified\":\"2025-11-04T11:12:27+00:00\",\"description\":\"El Pump Foil Pack de SROKA es el combo perfecto para mejorar tus habilidades con el pump foil. Combina el Pump Board 85 y el S-Foil HA 2000 para un deslizamiento sin fin.\",\"breadcrumb\":{\"@id\":\"https:\\\/\\\/srokacompany.com\\\/es\\\/produit\\\/pack-bomba-foil-2000-ha-l-sroka\\\/#breadcrumb\"},\"inLanguage\":\"es\",\"potentialAction\":[{\"@type\":\"ReadAction\",\"target\":[\"https:\\\/\\\/srokacompany.com\\\/es\\\/produit\\\/pack-bomba-foil-2000-ha-l-sroka\\\/\"]}]},{\"@type\":\"ImageObject\",\"inLanguage\":\"es\",\"@id\":\"https:\\\/\\\/srokacompany.com\\\/es\\\/produit\\\/pack-bomba-foil-2000-ha-l-sroka\\\/#primaryimage\",\"url\":\"https:\\\/\\\/srokacompany.com\\\/wp-content\\\/uploads\\\/2025\\\/09\\\/pump-pack-foil-scaled.png\",\"contentUrl\":\"https:\\\/\\\/srokacompany.com\\\/wp-content\\\/uploads\\\/2025\\\/09\\\/pump-pack-foil-scaled.png\",\"width\":2560,\"height\":2159},{\"@type\":\"BreadcrumbList\",\"@id\":\"https:\\\/\\\/srokacompany.com\\\/es\\\/produit\\\/pack-bomba-foil-2000-ha-l-sroka\\\/#breadcrumb\",\"itemListElement\":[{\"@type\":\"ListItem\",\"position\":1,\"name\":\"Accueil\",\"item\":\"https:\\\/\\\/srokacompany.com\\\/es\\\/\"},{\"@type\":\"ListItem\",\"position\":2,\"name\":\"Tienda\",\"item\":\"https:\\\/\\\/srokacompany.com\\\/tienda\\\/\"},{\"@type\":\"ListItem\",\"position\":3,\"name\":\"Pack Bomba Foil 2000 HA L &#8211; SROKA\"}]},{\"@type\":\"WebSite\",\"@id\":\"https:\\\/\\\/srokacompany.com\\\/es\\\/#website\",\"url\":\"https:\\\/\\\/srokacompany.com\\\/es\\\/\",\"name\":\"SROKA Company\",\"description\":\"SUP, Kite, Foil, Wing\",\"publisher\":{\"@id\":\"https:\\\/\\\/srokacompany.com\\\/es\\\/#organization\"},\"potentialAction\":[{\"@type\":\"SearchAction\",\"target\":{\"@type\":\"EntryPoint\",\"urlTemplate\":\"https:\\\/\\\/srokacompany.com\\\/es\\\/?s={search_term_string}\"},\"query-input\":{\"@type\":\"PropertyValueSpecification\",\"valueRequired\":true,\"valueName\":\"search_term_string\"}}],\"inLanguage\":\"es\"},{\"@type\":\"Organization\",\"@id\":\"https:\\\/\\\/srokacompany.com\\\/es\\\/#organization\",\"name\":\"SROKACOMPANY\",\"alternateName\":\"SROKA\",\"url\":\"https:\\\/\\\/srokacompany.com\\\/es\\\/\",\"logo\":{\"@type\":\"ImageObject\",\"inLanguage\":\"es\",\"@id\":\"https:\\\/\\\/srokacompany.com\\\/es\\\/#\\\/schema\\\/logo\\\/image\\\/\",\"url\":\"https:\\\/\\\/srokacompany.com\\\/wp-content\\\/uploads\\\/2021\\\/01\\\/logo-sroka-black-transpa.png\",\"contentUrl\":\"https:\\\/\\\/srokacompany.com\\\/wp-content\\\/uploads\\\/2021\\\/01\\\/logo-sroka-black-transpa.png\",\"width\":1201,\"height\":342,\"caption\":\"SROKACOMPANY\"},\"image\":{\"@id\":\"https:\\\/\\\/srokacompany.com\\\/es\\\/#\\\/schema\\\/logo\\\/image\\\/\"},\"sameAs\":[\"https:\\\/\\\/www.facebook.com\\\/srokawatersports\\\/\",\"https:\\\/\\\/www.instagram.com\\\/srokawatersports\\\/\",\"https:\\\/\\\/www.youtube.com\\\/channel\\\/UCVLHHeaPIm-J5bdEUgxqtZA\"]}]}<\/script>\n<!-- \/ Yoast SEO plugin. -->","yoast_head_json":{"title":"Pack Bomba Foil 2000 HA L - SROKA - SROKA Company","description":"El Pump Foil Pack de SROKA es el combo perfecto para mejorar tus habilidades con el pump foil. Combina el Pump Board 85 y el S-Foil HA 2000 para un deslizamiento sin fin.","robots":{"index":"index","follow":"follow","max-snippet":"max-snippet:-1","max-image-preview":"max-image-preview:large","max-video-preview":"max-video-preview:-1"},"canonical":"https:\/\/srokacompany.com\/es\/produit\/pack-bomba-foil-2000-ha-l-sroka\/","og_locale":"es_ES","og_type":"article","og_title":"Pack Bomba Foil 2000 HA L - SROKA - SROKA Company","og_description":"El Pump Foil Pack de SROKA es el combo perfecto para mejorar tus habilidades con el pump foil. Combina el Pump Board 85 y el S-Foil HA 2000 para un deslizamiento sin fin.","og_url":"https:\/\/srokacompany.com\/es\/produit\/pack-bomba-foil-2000-ha-l-sroka\/","og_site_name":"SROKA Company","article_publisher":"https:\/\/www.facebook.com\/srokawatersports\/","article_modified_time":"2025-11-04T11:12:27+00:00","og_image":[{"width":2560,"height":2159,"url":"https:\/\/srokacompany.com\/wp-content\/uploads\/2025\/09\/pump-pack-foil-scaled.png","type":"image\/png"}],"twitter_misc":{"Tiempo de lectura":"2 minutos"},"schema":{"@context":"https:\/\/schema.org","@graph":[{"@type":"WebPage","@id":"https:\/\/srokacompany.com\/es\/produit\/pack-bomba-foil-2000-ha-l-sroka\/","url":"https:\/\/srokacompany.com\/es\/produit\/pack-bomba-foil-2000-ha-l-sroka\/","name":"Pack Bomba Foil 2000 HA L - SROKA - SROKA Company","isPartOf":{"@id":"https:\/\/srokacompany.com\/es\/#website"},"primaryImageOfPage":{"@id":"https:\/\/srokacompany.com\/es\/produit\/pack-bomba-foil-2000-ha-l-sroka\/#primaryimage"},"image":{"@id":"https:\/\/srokacompany.com\/es\/produit\/pack-bomba-foil-2000-ha-l-sroka\/#primaryimage"},"thumbnailUrl":"https:\/\/srokacompany.com\/wp-content\/uploads\/2025\/09\/pump-pack-foil-scaled.png","datePublished":"2025-09-29T08:25:19+00:00","dateModified":"2025-11-04T11:12:27+00:00","description":"El Pump Foil Pack de SROKA es el combo perfecto para mejorar tus habilidades con el pump foil. Combina el Pump Board 85 y el S-Foil HA 2000 para un deslizamiento sin fin.","breadcrumb":{"@id":"https:\/\/srokacompany.com\/es\/produit\/pack-bomba-foil-2000-ha-l-sroka\/#breadcrumb"},"inLanguage":"es","potentialAction":[{"@type":"ReadAction","target":["https:\/\/srokacompany.com\/es\/produit\/pack-bomba-foil-2000-ha-l-sroka\/"]}]},{"@type":"ImageObject","inLanguage":"es","@id":"https:\/\/srokacompany.com\/es\/produit\/pack-bomba-foil-2000-ha-l-sroka\/#primaryimage","url":"https:\/\/srokacompany.com\/wp-content\/uploads\/2025\/09\/pump-pack-foil-scaled.png","contentUrl":"https:\/\/srokacompany.com\/wp-content\/uploads\/2025\/09\/pump-pack-foil-scaled.png","width":2560,"height":2159},{"@type":"BreadcrumbList","@id":"https:\/\/srokacompany.com\/es\/produit\/pack-bomba-foil-2000-ha-l-sroka\/#breadcrumb","itemListElement":[{"@type":"ListItem","position":1,"name":"Accueil","item":"https:\/\/srokacompany.com\/es\/"},{"@type":"ListItem","position":2,"name":"Tienda","item":"https:\/\/srokacompany.com\/tienda\/"},{"@type":"ListItem","position":3,"name":"Pack Bomba Foil 2000 HA L &#8211; SROKA"}]},{"@type":"WebSite","@id":"https:\/\/srokacompany.com\/es\/#website","url":"https:\/\/srokacompany.com\/es\/","name":"SROKA Company","description":"SUP, Kite, Foil, Wing","publisher":{"@id":"https:\/\/srokacompany.com\/es\/#organization"},"potentialAction":[{"@type":"SearchAction","target":{"@type":"EntryPoint","urlTemplate":"https:\/\/srokacompany.com\/es\/?s={search_term_string}"},"query-input":{"@type":"PropertyValueSpecification","valueRequired":true,"valueName":"search_term_string"}}],"inLanguage":"es"},{"@type":"Organization","@id":"https:\/\/srokacompany.com\/es\/#organization","name":"SROKACOMPANY","alternateName":"SROKA","url":"https:\/\/srokacompany.com\/es\/","logo":{"@type":"ImageObject","inLanguage":"es","@id":"https:\/\/srokacompany.com\/es\/#\/schema\/logo\/image\/","url":"https:\/\/srokacompany.com\/wp-content\/uploads\/2021\/01\/logo-sroka-black-transpa.png","contentUrl":"https:\/\/srokacompany.com\/wp-content\/uploads\/2021\/01\/logo-sroka-black-transpa.png","width":1201,"height":342,"caption":"SROKACOMPANY"},"image":{"@id":"https:\/\/srokacompany.com\/es\/#\/schema\/logo\/image\/"},"sameAs":["https:\/\/www.facebook.com\/srokawatersports\/","https:\/\/www.instagram.com\/srokawatersports\/","https:\/\/www.youtube.com\/channel\/UCVLHHeaPIm-J5bdEUgxqtZA"]}]}},"uagb_featured_image_src":{"full":["https:\/\/srokacompany.com\/wp-content\/uploads\/2025\/09\/pump-pack-foil-scaled.png",2560,2159,false],"thumbnail":["https:\/\/srokacompany.com\/wp-content\/uploads\/2025\/09\/pump-pack-foil-150x150.png",150,150,true],"medium":["https:\/\/srokacompany.com\/wp-content\/uploads\/2025\/09\/pump-pack-foil-300x253.png",300,253,true],"medium_large":["https:\/\/srokacompany.com\/wp-content\/uploads\/2025\/09\/pump-pack-foil-768x648.png",768,648,true],"large":["https:\/\/srokacompany.com\/wp-content\/uploads\/2025\/09\/pump-pack-foil-1024x864.png",1024,864,true],"1536x1536":["https:\/\/srokacompany.com\/wp-content\/uploads\/2025\/09\/pump-pack-foil-1536x1296.png",1536,1296,true],"2048x2048":["https:\/\/srokacompany.com\/wp-content\/uploads\/2025\/09\/pump-pack-foil-2048x1727.png",2048,1727,true],"woocommerce_thumbnail":["https:\/\/srokacompany.com\/wp-content\/uploads\/2025\/09\/pump-pack-foil-600x506.png",600,506,true],"woocommerce_single":["https:\/\/srokacompany.com\/wp-content\/uploads\/2025\/09\/pump-pack-foil-600x506.png",600,506,true],"woocommerce_gallery_thumbnail":["https:\/\/srokacompany.com\/wp-content\/uploads\/2025\/09\/pump-pack-foil-100x100.png",100,100,true],"dgwt-wcas-product-suggestion":["https:\/\/srokacompany.com\/wp-content\/uploads\/2025\/09\/pump-pack-foil-64x54.png",64,54,true]},"uagb_author_info":{"display_name":"Bruno Sroka","author_link":"https:\/\/srokacompany.com\/es\/blog\/author\/"},"uagb_comment_info":0,"uagb_excerpt":"Descubre el Pump Foil Pack de SROKA, el combo perfecto para iniciarse y destacar en el Foil de Bombeo y el dockstart. Combina la ultraligera Pump Board 85 con el foil High Aspect HA 2000 para un deslizamiento sin fin y un progreso fulgurante. Primera entrega 15 de noviembre de 2025","jetpack_sharing_enabled":true,"_links":{"self":[{"href":"https:\/\/srokacompany.com\/es\/wp-json\/wp\/v2\/product\/354014","targetHints":{"allow":["GET"]}}],"collection":[{"href":"https:\/\/srokacompany.com\/es\/wp-json\/wp\/v2\/product"}],"about":[{"href":"https:\/\/srokacompany.com\/es\/wp-json\/wp\/v2\/types\/product"}],"wp:featuredmedia":[{"embeddable":true,"href":"https:\/\/srokacompany.com\/es\/wp-json\/wp\/v2\/media\/353556"}],"wp:attachment":[{"href":"https:\/\/srokacompany.com\/es\/wp-json\/wp\/v2\/media?parent=354014"}],"wp:term":[{"taxonomy":"product_brand","embeddable":true,"href":"https:\/\/srokacompany.com\/es\/wp-json\/wp\/v2\/product_brand?post=354014"},{"taxonomy":"product_cat","embeddable":true,"href":"https:\/\/srokacompany.com\/es\/wp-json\/wp\/v2\/product_cat?post=354014"},{"taxonomy":"product_tag","embeddable":true,"href":"https:\/\/srokacompany.com\/es\/wp-json\/wp\/v2\/product_tag?post=354014"}],"curies":[{"name":"wp","href":"https:\/\/api.w.org\/{rel}","templated":true}]}}