{"id":354015,"date":"2025-09-22T09:16:20","date_gmt":"2025-09-22T07:16:20","guid":{"rendered":"https:\/\/srokacompany.com\/produit\/pack-wing-foil-easyrider\/"},"modified":"2026-02-11T12:01:26","modified_gmt":"2026-02-11T10:01:26","slug":"pack-wing-foil-easyrider","status":"publish","type":"product","link":"https:\/\/srokacompany.com\/es\/produit\/pack-wing-foil-easyrider\/","title":{"rendered":"Pack wing foil para principiantes Easyrider"},"content":{"rendered":"<p>El <b>Pack wing foil para principiantes SROKA EasyRider<\/b> est\u00e1 dise\u00f1ado espec\u00edficamente para <b>principiantes<\/b> y todos aquellos que quieran aprender Wing foil de una manera <b>f\u00e1cil, r\u00e1pida y asequible<\/b>. Es el pack <b>\u00abstarter\u00bb<\/b> de SROKA, que ofrece un equilibrio perfecto entre <b>estabilidad, facilidad de despegue<\/b> y <b>un precio atractivo<\/b>. <\/p>\n<h3>Composici\u00f3n t\u00e9cnica del <b data-path-to-node=\"7,1,1,0,0\" data-index-in-node=\"36\">Pack wing foil para principiantes Easyrider<\/b><\/h3>\n<p>Este completo pack incluye tres elementos cruciales, optimizados para la fase de aprendizaje: Rapid learning wing foil material<\/p>\n<ol start=\"1\">\n<li><b>Tabla Easy Rider 5&#8217;7 (112L)<\/b>\n<ul>\n<li><b>Programa:<\/b> Principiante \/ Progresi\u00f3n.<\/li>\n<li><b>Volumen:<\/b> <b>112 litros<\/b> (para una estatura t\u00edpica de 1,70 m). Este generoso volumen garantiza <b>la m\u00e1xima estabilidad<\/b> en el agua, incluso antes del despegue, algo esencial para las primeras sesiones. <\/li>\n<li><b>Objetivo: Una<\/b> tabla dise\u00f1ada para <b>un despegue ultra f\u00e1cil<\/b> y para tranquilizar al navegante novato de Wing foil.<\/li>\n<\/ul>\n<\/li>\n<li><a href=\"https:\/\/srokacompany.com\/es\/produit\/wing-v4-sroka\/\"><b>Wing V4 SROKA 5 m\u00b2<\/b><\/a>\n<ul>\n<li><b>Programa:<\/b> Polivalencia \/ Freeride.<\/li>\n<li><b>Tama\u00f1o:<\/b> Generalmente se ofrece en <b>5 m\u00b2<\/b>, el tama\u00f1o m\u00e1s vers\u00e1til para una talla media en condiciones de viento moderado (ideal para aprender).<\/li>\n<li><b><span class=\"citation-48\">Caracter\u00edsticas:<\/span><\/b><span class=\"citation-48\"> Como se mencion\u00f3 anteriormente, el <\/span><b><span class=\"citation-48\">Wing V4<\/span><\/b><span class=\"citation-48\"> es famoso por su <\/span><b><span class=\"citation-48\">potencia, estabilidad y facilidad de control<\/span><\/b><span class=\"citation-48 citation-end-48\"> gracias sobre todo a sus mangos r\u00edgidos y a su corta envergadura.<\/span> Impulsa al usuario por el aire con <b>una suavidad incomparable<\/b>.<\/li>\n<\/ul>\n<\/li>\n<li><a href=\"https:\/\/srokacompany.com\/es\/produit\/alas-delanteras-progress-wing-foil-para-principiantes\/\"><b>SROKA Foil 1750 V2 Foil<\/b><\/a>\n<ul>\n<li><b>Programa:<\/b> Accesibilidad \/ Capacidad de carga.<\/li>\n<li><b>Superficie:<\/b> <b>1750 cm\u00b2<\/b> (gran superficie).<\/li>\n<li><b>Objetivo:<\/b> El ala delantera <b>de 1750 cm\u00b2<\/b> es muy <b>portante<\/b> y <b>estable<\/b> (alargamiento medio). Permite <b>despegar a velocidades muy bajas<\/b> (a partir de 8 nudos de viento) y garantiza <b>un control intuitivo<\/b> para los primeros vuelos. Su rigidez y su dise\u00f1o modular garantizan que siga siendo utilizable incluso despu\u00e9s de la fase de puesta en marcha.  <\/li>\n<\/ul>\n<\/li>\n<\/ol>\n<p>&nbsp;<\/p>\n<h3>\u00bfCu\u00e1les son las ventajas de este pack tan f\u00e1cil de aprender?<\/h3>\n<ul>\n<li><b>Arranque confidencial:<\/b> La combinaci\u00f3n de un <b>gran volumen de tabla<\/b> y un <b>Foil de gran capacidad de carga<\/b> garantiza una flotaci\u00f3n y un vuelo estables desde los primeros intentos.<\/li>\n<li><b>Progreso r\u00e1pido:<\/b> El equipo est\u00e1 dise\u00f1ado para perdonar los errores y simplificar las maniobras, permitiendo al usuario concentrarse en el equilibrio y el pilotaje.<\/li>\n<li><b>Excelente relaci\u00f3n calidad-precio:<\/b> al comprar un pack completo, se beneficia de un <b>precio m\u00e1s bajo<\/b> que al comprar los componentes por separado, lo que hace que el Wing foil sea m\u00e1s asequible.<\/li>\n<li><b>Kit completo:<\/b> El pack incluye todo lo necesario para navegar (tabla, Wing, Foil, <b>leash<\/b>, <b>bomba<\/b> y bolsas de transporte).<\/li>\n<\/ul>\n<p>El Pack Easy Rider es la soluci\u00f3n todo en uno para cualquiera que quiera descubrir el Wing foil sin renunciar a la calidad y la durabilidad, al tiempo que <b>facilita el aprendizaje<\/b>.<\/p>\n<p><a href=\"https:\/\/www.youtube.com\/watch?v=9OKb_jEgJag\">Ver el v\u00eddeo del paquete de alas  <\/a><\/p>\n","protected":false},"excerpt":{"rendered":"<p><strong>El<\/strong><b data-path-to-node=\"10,0\" data-index-in-node=\"4\">Pack Wing foil para principiantes<\/b> SROKA <strong>Easyrider<\/strong> es la soluci\u00f3n ideal para aprender a hacer Wing foil con confianza. Es <a href=\"https:\/\/srokacompany.com\/es\/eshop\/pack-wing-foil-tu-kit-completo-para-sensaciones-inolvidables\/\">un pack para realizar con \u00e9xito los primeros vuelos.<\/a> Incluye una tabla ultraestable <b data-path-to-node=\"10,0\" data-index-in-node=\"129\">Easyrider 5&#8217;7 (112L<\/b> ), una vers\u00e1til <b data-path-to-node=\"10,0\" data-index-in-node=\"168\"><a href=\"https:\/\/srokacompany.com\/es\/produit\/wing-v4-sroka\/\">Wing V4<\/a> de 5m\u00b2<\/b> y el <b data-path-to-node=\"10,0\" data-index-in-node=\"201\">Wing foil 1750 V2<\/b>, famoso por su sustentaci\u00f3n y suavidad. Dise\u00f1ado por Bruno Sroka para eliminar la frustraci\u00f3n de los principiantes.<\/p>\n","protected":false},"featured_media":353428,"template":"","meta":{"_acf_changed":false,"_uag_custom_page_level_css":""},"product_brand":[],"product_cat":[3670,3444],"product_tag":[3426],"class_list":{"0":"post-354015","1":"product","2":"type-product","3":"status-publish","4":"has-post-thumbnail","6":"product_cat-pack-wing-foil-tu-kit-completo-para-sensaciones-inolvidables","7":"product_cat-wing-foil-es","8":"product_tag-principiante","9":"product_shipping_class-pack-wing-complet-dure-es","11":"first","12":"instock","13":"taxable","14":"shipping-taxable","15":"purchasable","16":"product-type-simple"},"acf":[],"yoast_head":"<!-- This site is optimized with the Yoast SEO plugin v27.4 - https:\/\/yoast.com\/product\/yoast-seo-wordpress\/ -->\n<title>Pack wing foil para principiantes Easyrider : Board, foil + Wing - SROKA Company<\/title>\n<meta name=\"description\" content=\"Descubre el Pack wing foil completo para principiantes Easyrider de Sroka. Incluye: tabla estable 112L, Foil 1750 V2 y Wing V4. El kit ideal para principiantes.\" \/>\n<meta name=\"robots\" content=\"index, follow, max-snippet:-1, max-image-preview:large, max-video-preview:-1\" \/>\n<link rel=\"canonical\" href=\"https:\/\/srokacompany.com\/es\/produit\/pack-wing-foil-easyrider\/\" \/>\n<meta property=\"og:locale\" content=\"es_ES\" \/>\n<meta property=\"og:type\" content=\"article\" \/>\n<meta property=\"og:title\" content=\"Pack wing foil para principiantes Easyrider : Board, foil + Wing - SROKA Company\" \/>\n<meta property=\"og:description\" content=\"Descubre el Pack wing foil completo para principiantes Easyrider de Sroka. Incluye: tabla estable 112L, Foil 1750 V2 y Wing V4. El kit ideal para principiantes.\" \/>\n<meta property=\"og:url\" content=\"https:\/\/srokacompany.com\/es\/produit\/pack-wing-foil-easyrider\/\" \/>\n<meta property=\"og:site_name\" content=\"SROKA Company\" \/>\n<meta property=\"article:publisher\" content=\"https:\/\/www.facebook.com\/srokawatersports\/\" \/>\n<meta property=\"article:modified_time\" content=\"2026-02-11T10:01:26+00:00\" \/>\n<meta property=\"og:image\" content=\"https:\/\/srokacompany.com\/wp-content\/uploads\/2025\/09\/Pack-Wing-foil-Easyrider--scaled.png\" \/>\n\t<meta property=\"og:image:width\" content=\"2560\" \/>\n\t<meta property=\"og:image:height\" content=\"2161\" \/>\n\t<meta property=\"og:image:type\" content=\"image\/png\" \/>\n<meta name=\"twitter:label1\" content=\"Tiempo de lectura\" \/>\n\t<meta name=\"twitter:data1\" content=\"2 minutos\" \/>\n<script type=\"application\/ld+json\" class=\"yoast-schema-graph\">{\"@context\":\"https:\\\/\\\/schema.org\",\"@graph\":[{\"@type\":\"WebPage\",\"@id\":\"https:\\\/\\\/srokacompany.com\\\/es\\\/produit\\\/pack-wing-foil-easyrider\\\/\",\"url\":\"https:\\\/\\\/srokacompany.com\\\/es\\\/produit\\\/pack-wing-foil-easyrider\\\/\",\"name\":\"Pack wing foil para principiantes Easyrider : Board, foil + Wing - SROKA Company\",\"isPartOf\":{\"@id\":\"https:\\\/\\\/srokacompany.com\\\/es\\\/#website\"},\"primaryImageOfPage\":{\"@id\":\"https:\\\/\\\/srokacompany.com\\\/es\\\/produit\\\/pack-wing-foil-easyrider\\\/#primaryimage\"},\"image\":{\"@id\":\"https:\\\/\\\/srokacompany.com\\\/es\\\/produit\\\/pack-wing-foil-easyrider\\\/#primaryimage\"},\"thumbnailUrl\":\"https:\\\/\\\/srokacompany.com\\\/wp-content\\\/uploads\\\/2025\\\/09\\\/Pack-Wing-foil-Easyrider--scaled.png\",\"datePublished\":\"2025-09-22T07:16:20+00:00\",\"dateModified\":\"2026-02-11T10:01:26+00:00\",\"description\":\"Descubre el Pack wing foil completo para principiantes Easyrider de Sroka. Incluye: tabla estable 112L, Foil 1750 V2 y Wing V4. El kit ideal para principiantes.\",\"breadcrumb\":{\"@id\":\"https:\\\/\\\/srokacompany.com\\\/es\\\/produit\\\/pack-wing-foil-easyrider\\\/#breadcrumb\"},\"inLanguage\":\"es\",\"potentialAction\":[{\"@type\":\"ReadAction\",\"target\":[\"https:\\\/\\\/srokacompany.com\\\/es\\\/produit\\\/pack-wing-foil-easyrider\\\/\"]}]},{\"@type\":\"ImageObject\",\"inLanguage\":\"es\",\"@id\":\"https:\\\/\\\/srokacompany.com\\\/es\\\/produit\\\/pack-wing-foil-easyrider\\\/#primaryimage\",\"url\":\"https:\\\/\\\/srokacompany.com\\\/wp-content\\\/uploads\\\/2025\\\/09\\\/Pack-Wing-foil-Easyrider--scaled.png\",\"contentUrl\":\"https:\\\/\\\/srokacompany.com\\\/wp-content\\\/uploads\\\/2025\\\/09\\\/Pack-Wing-foil-Easyrider--scaled.png\",\"width\":2560,\"height\":2161,\"caption\":\"Pack completo Easyrider Sroka Beginner Wing foil\"},{\"@type\":\"BreadcrumbList\",\"@id\":\"https:\\\/\\\/srokacompany.com\\\/es\\\/produit\\\/pack-wing-foil-easyrider\\\/#breadcrumb\",\"itemListElement\":[{\"@type\":\"ListItem\",\"position\":1,\"name\":\"Accueil\",\"item\":\"https:\\\/\\\/srokacompany.com\\\/es\\\/\"},{\"@type\":\"ListItem\",\"position\":2,\"name\":\"Tienda\",\"item\":\"https:\\\/\\\/srokacompany.com\\\/tienda\\\/\"},{\"@type\":\"ListItem\",\"position\":3,\"name\":\"Pack wing foil para principiantes Easyrider\"}]},{\"@type\":\"WebSite\",\"@id\":\"https:\\\/\\\/srokacompany.com\\\/es\\\/#website\",\"url\":\"https:\\\/\\\/srokacompany.com\\\/es\\\/\",\"name\":\"SROKA Company\",\"description\":\"SUP, Kite, Foil, Wing\",\"publisher\":{\"@id\":\"https:\\\/\\\/srokacompany.com\\\/es\\\/#organization\"},\"potentialAction\":[{\"@type\":\"SearchAction\",\"target\":{\"@type\":\"EntryPoint\",\"urlTemplate\":\"https:\\\/\\\/srokacompany.com\\\/es\\\/?s={search_term_string}\"},\"query-input\":{\"@type\":\"PropertyValueSpecification\",\"valueRequired\":true,\"valueName\":\"search_term_string\"}}],\"inLanguage\":\"es\"},{\"@type\":\"Organization\",\"@id\":\"https:\\\/\\\/srokacompany.com\\\/es\\\/#organization\",\"name\":\"SROKACOMPANY\",\"alternateName\":\"SROKA\",\"url\":\"https:\\\/\\\/srokacompany.com\\\/es\\\/\",\"logo\":{\"@type\":\"ImageObject\",\"inLanguage\":\"es\",\"@id\":\"https:\\\/\\\/srokacompany.com\\\/es\\\/#\\\/schema\\\/logo\\\/image\\\/\",\"url\":\"https:\\\/\\\/srokacompany.com\\\/wp-content\\\/uploads\\\/2021\\\/01\\\/logo-sroka-black-transpa.png\",\"contentUrl\":\"https:\\\/\\\/srokacompany.com\\\/wp-content\\\/uploads\\\/2021\\\/01\\\/logo-sroka-black-transpa.png\",\"width\":1201,\"height\":342,\"caption\":\"SROKACOMPANY\"},\"image\":{\"@id\":\"https:\\\/\\\/srokacompany.com\\\/es\\\/#\\\/schema\\\/logo\\\/image\\\/\"},\"sameAs\":[\"https:\\\/\\\/www.facebook.com\\\/srokawatersports\\\/\",\"https:\\\/\\\/www.instagram.com\\\/srokawatersports\\\/\",\"https:\\\/\\\/www.youtube.com\\\/channel\\\/UCVLHHeaPIm-J5bdEUgxqtZA\"]}]}<\/script>\n<!-- \/ Yoast SEO plugin. -->","yoast_head_json":{"title":"Pack wing foil para principiantes Easyrider : Board, foil + Wing - SROKA Company","description":"Descubre el Pack wing foil completo para principiantes Easyrider de Sroka. Incluye: tabla estable 112L, Foil 1750 V2 y Wing V4. El kit ideal para principiantes.","robots":{"index":"index","follow":"follow","max-snippet":"max-snippet:-1","max-image-preview":"max-image-preview:large","max-video-preview":"max-video-preview:-1"},"canonical":"https:\/\/srokacompany.com\/es\/produit\/pack-wing-foil-easyrider\/","og_locale":"es_ES","og_type":"article","og_title":"Pack wing foil para principiantes Easyrider : Board, foil + Wing - SROKA Company","og_description":"Descubre el Pack wing foil completo para principiantes Easyrider de Sroka. Incluye: tabla estable 112L, Foil 1750 V2 y Wing V4. El kit ideal para principiantes.","og_url":"https:\/\/srokacompany.com\/es\/produit\/pack-wing-foil-easyrider\/","og_site_name":"SROKA Company","article_publisher":"https:\/\/www.facebook.com\/srokawatersports\/","article_modified_time":"2026-02-11T10:01:26+00:00","og_image":[{"width":2560,"height":2161,"url":"https:\/\/srokacompany.com\/wp-content\/uploads\/2025\/09\/Pack-Wing-foil-Easyrider--scaled.png","type":"image\/png"}],"twitter_misc":{"Tiempo de lectura":"2 minutos"},"schema":{"@context":"https:\/\/schema.org","@graph":[{"@type":"WebPage","@id":"https:\/\/srokacompany.com\/es\/produit\/pack-wing-foil-easyrider\/","url":"https:\/\/srokacompany.com\/es\/produit\/pack-wing-foil-easyrider\/","name":"Pack wing foil para principiantes Easyrider : Board, foil + Wing - SROKA Company","isPartOf":{"@id":"https:\/\/srokacompany.com\/es\/#website"},"primaryImageOfPage":{"@id":"https:\/\/srokacompany.com\/es\/produit\/pack-wing-foil-easyrider\/#primaryimage"},"image":{"@id":"https:\/\/srokacompany.com\/es\/produit\/pack-wing-foil-easyrider\/#primaryimage"},"thumbnailUrl":"https:\/\/srokacompany.com\/wp-content\/uploads\/2025\/09\/Pack-Wing-foil-Easyrider--scaled.png","datePublished":"2025-09-22T07:16:20+00:00","dateModified":"2026-02-11T10:01:26+00:00","description":"Descubre el Pack wing foil completo para principiantes Easyrider de Sroka. Incluye: tabla estable 112L, Foil 1750 V2 y Wing V4. El kit ideal para principiantes.","breadcrumb":{"@id":"https:\/\/srokacompany.com\/es\/produit\/pack-wing-foil-easyrider\/#breadcrumb"},"inLanguage":"es","potentialAction":[{"@type":"ReadAction","target":["https:\/\/srokacompany.com\/es\/produit\/pack-wing-foil-easyrider\/"]}]},{"@type":"ImageObject","inLanguage":"es","@id":"https:\/\/srokacompany.com\/es\/produit\/pack-wing-foil-easyrider\/#primaryimage","url":"https:\/\/srokacompany.com\/wp-content\/uploads\/2025\/09\/Pack-Wing-foil-Easyrider--scaled.png","contentUrl":"https:\/\/srokacompany.com\/wp-content\/uploads\/2025\/09\/Pack-Wing-foil-Easyrider--scaled.png","width":2560,"height":2161,"caption":"Pack completo Easyrider Sroka Beginner Wing foil"},{"@type":"BreadcrumbList","@id":"https:\/\/srokacompany.com\/es\/produit\/pack-wing-foil-easyrider\/#breadcrumb","itemListElement":[{"@type":"ListItem","position":1,"name":"Accueil","item":"https:\/\/srokacompany.com\/es\/"},{"@type":"ListItem","position":2,"name":"Tienda","item":"https:\/\/srokacompany.com\/tienda\/"},{"@type":"ListItem","position":3,"name":"Pack wing foil para principiantes Easyrider"}]},{"@type":"WebSite","@id":"https:\/\/srokacompany.com\/es\/#website","url":"https:\/\/srokacompany.com\/es\/","name":"SROKA Company","description":"SUP, Kite, Foil, Wing","publisher":{"@id":"https:\/\/srokacompany.com\/es\/#organization"},"potentialAction":[{"@type":"SearchAction","target":{"@type":"EntryPoint","urlTemplate":"https:\/\/srokacompany.com\/es\/?s={search_term_string}"},"query-input":{"@type":"PropertyValueSpecification","valueRequired":true,"valueName":"search_term_string"}}],"inLanguage":"es"},{"@type":"Organization","@id":"https:\/\/srokacompany.com\/es\/#organization","name":"SROKACOMPANY","alternateName":"SROKA","url":"https:\/\/srokacompany.com\/es\/","logo":{"@type":"ImageObject","inLanguage":"es","@id":"https:\/\/srokacompany.com\/es\/#\/schema\/logo\/image\/","url":"https:\/\/srokacompany.com\/wp-content\/uploads\/2021\/01\/logo-sroka-black-transpa.png","contentUrl":"https:\/\/srokacompany.com\/wp-content\/uploads\/2021\/01\/logo-sroka-black-transpa.png","width":1201,"height":342,"caption":"SROKACOMPANY"},"image":{"@id":"https:\/\/srokacompany.com\/es\/#\/schema\/logo\/image\/"},"sameAs":["https:\/\/www.facebook.com\/srokawatersports\/","https:\/\/www.instagram.com\/srokawatersports\/","https:\/\/www.youtube.com\/channel\/UCVLHHeaPIm-J5bdEUgxqtZA"]}]}},"uagb_featured_image_src":{"full":["https:\/\/srokacompany.com\/wp-content\/uploads\/2025\/09\/Pack-Wing-foil-Easyrider--scaled.png",2560,2161,false],"thumbnail":["https:\/\/srokacompany.com\/wp-content\/uploads\/2025\/09\/Pack-Wing-foil-Easyrider--150x150.png",150,150,true],"medium":["https:\/\/srokacompany.com\/wp-content\/uploads\/2025\/09\/Pack-Wing-foil-Easyrider--300x253.png",300,253,true],"medium_large":["https:\/\/srokacompany.com\/wp-content\/uploads\/2025\/09\/Pack-Wing-foil-Easyrider--768x648.png",768,648,true],"large":["https:\/\/srokacompany.com\/wp-content\/uploads\/2025\/09\/Pack-Wing-foil-Easyrider--1024x864.png",1024,864,true],"1536x1536":["https:\/\/srokacompany.com\/wp-content\/uploads\/2025\/09\/Pack-Wing-foil-Easyrider--1536x1297.png",1536,1297,true],"2048x2048":["https:\/\/srokacompany.com\/wp-content\/uploads\/2025\/09\/Pack-Wing-foil-Easyrider--2048x1729.png",2048,1729,true],"woocommerce_thumbnail":["https:\/\/srokacompany.com\/wp-content\/uploads\/2025\/09\/Pack-Wing-foil-Easyrider--600x506.png",600,506,true],"woocommerce_single":["https:\/\/srokacompany.com\/wp-content\/uploads\/2025\/09\/Pack-Wing-foil-Easyrider--600x506.png",600,506,true],"woocommerce_gallery_thumbnail":["https:\/\/srokacompany.com\/wp-content\/uploads\/2025\/09\/Pack-Wing-foil-Easyrider--100x100.png",100,100,true],"dgwt-wcas-product-suggestion":["https:\/\/srokacompany.com\/wp-content\/uploads\/2025\/09\/Pack-Wing-foil-Easyrider--64x54.png",64,54,true]},"uagb_author_info":{"display_name":"Bruno Sroka","author_link":"https:\/\/srokacompany.com\/es\/blog\/author\/"},"uagb_comment_info":0,"uagb_excerpt":"ElPack Wing foil para principiantes SROKA Easyrider es la soluci\u00f3n ideal para aprender a hacer Wing foil con confianza. Es un pack para realizar con \u00e9xito los primeros vuelos. Incluye una tabla ultraestable Easyrider 5'7 (112L ), una vers\u00e1til Wing V4 de 5m\u00b2 y el Wing foil 1750 V2, famoso por su sustentaci\u00f3n y suavidad.&hellip;","jetpack_sharing_enabled":true,"_links":{"self":[{"href":"https:\/\/srokacompany.com\/es\/wp-json\/wp\/v2\/product\/354015","targetHints":{"allow":["GET"]}}],"collection":[{"href":"https:\/\/srokacompany.com\/es\/wp-json\/wp\/v2\/product"}],"about":[{"href":"https:\/\/srokacompany.com\/es\/wp-json\/wp\/v2\/types\/product"}],"wp:featuredmedia":[{"embeddable":true,"href":"https:\/\/srokacompany.com\/es\/wp-json\/wp\/v2\/media\/353428"}],"wp:attachment":[{"href":"https:\/\/srokacompany.com\/es\/wp-json\/wp\/v2\/media?parent=354015"}],"wp:term":[{"taxonomy":"product_brand","embeddable":true,"href":"https:\/\/srokacompany.com\/es\/wp-json\/wp\/v2\/product_brand?post=354015"},{"taxonomy":"product_cat","embeddable":true,"href":"https:\/\/srokacompany.com\/es\/wp-json\/wp\/v2\/product_cat?post=354015"},{"taxonomy":"product_tag","embeddable":true,"href":"https:\/\/srokacompany.com\/es\/wp-json\/wp\/v2\/product_tag?post=354015"}],"curies":[{"name":"wp","href":"https:\/\/api.w.org\/{rel}","templated":true}]}}