{"id":354017,"date":"2025-09-10T12:13:13","date_gmt":"2025-09-10T10:13:13","guid":{"rendered":"https:\/\/srokacompany.com\/produit\/fuselaje-de-aluminio-para-elite-o-solo-foil-de-carbono\/"},"modified":"2025-09-10T12:13:13","modified_gmt":"2025-09-10T10:13:13","slug":"fuselaje-de-aluminio-para-elite-o-solo-foil-de-carbono","status":"publish","type":"product","link":"https:\/\/srokacompany.com\/es\/produit\/fuselaje-de-aluminio-para-elite-o-solo-foil-de-carbono\/","title":{"rendered":"Fuselaje de aluminio para Elite o solo Foil de carbono"},"content":{"rendered":"<p>Para su Foil de carbono Solo o Elite, los fuselajes de aluminio est\u00e1n dise\u00f1ados para adaptarse a su estilo de navegaci\u00f3n. Cada tama\u00f1o tiene un objetivo espec\u00edfico: darle mayor estabilidad o maniobrabilidad. Un fuselaje m\u00e1s largo le proporciona mayor estabilidad en el eje longitudinal. Por el contrario, el fuselaje de 63 cm hace que su Foil sea mucho m\u00e1s maniobrable y reactivo, perfecto para giros cerrados y cambios r\u00e1pidos de direcci\u00f3n.   <\/p>\n","protected":false},"excerpt":{"rendered":"<p>Para su Foil de carbono Solo o Elite, los fuselajes de aluminio est\u00e1n dise\u00f1ados para adaptarse a su estilo de navegaci\u00f3n. Cada tama\u00f1o tiene un objetivo espec\u00edfico: darle mayor estabilidad o maniobrabilidad. Un fuselaje m\u00e1s largo le proporciona una mayor estabilidad en el eje longitudinal, ideal para la velocidad en l\u00ednea recta. Por el contrario, el fuselaje de 63 cm hace que su Foil sea mucho m\u00e1s maniobrable y reactivo, perfecto para giros cerrados y cambios r\u00e1pidos de direcci\u00f3n.   <\/p>\n","protected":false},"featured_media":353226,"template":"","meta":{"_acf_changed":false,"_uag_custom_page_level_css":""},"product_brand":[],"product_cat":[3865,3584,4219,3583,3461,3483],"product_tag":[],"class_list":{"0":"post-354017","1":"product","2":"type-product","3":"status-publish","4":"has-post-thumbnail","6":"product_cat-accesorios-adicionales-foil","7":"product_cat-accesorios-de-surf-foil","8":"product_cat-accesorios-dockstart","9":"product_cat-accesorios-foil","10":"product_cat-accesorios-wing-foil","11":"product_cat-gama-downwind-uha","13":"first","14":"instock","15":"taxable","16":"shipping-taxable","17":"purchasable","18":"product-type-variable"},"acf":[],"yoast_head":"<!-- This site is optimized with the Yoast SEO plugin v27.4 - https:\/\/yoast.com\/product\/yoast-seo-wordpress\/ -->\n<title>Fuselaje de aluminio para Elite o solo Foil de carbono - SROKA Company<\/title>\n<meta name=\"description\" content=\"Descubra el Fuselaje de Aluminio para Foil de Carbono. Dise\u00f1ado para pilotos exigentes. Ideal para salto: extrema rigidez y durabilidad.\" \/>\n<meta name=\"robots\" content=\"index, follow, max-snippet:-1, max-image-preview:large, max-video-preview:-1\" \/>\n<link rel=\"canonical\" href=\"https:\/\/srokacompany.com\/es\/produit\/fuselaje-de-aluminio-para-elite-o-solo-foil-de-carbono\/\" \/>\n<meta property=\"og:locale\" content=\"es_ES\" \/>\n<meta property=\"og:type\" content=\"article\" \/>\n<meta property=\"og:title\" content=\"Fuselaje de aluminio para Elite o solo Foil de carbono - SROKA Company\" \/>\n<meta property=\"og:description\" content=\"Descubra el Fuselaje de Aluminio para Foil de Carbono. Dise\u00f1ado para pilotos exigentes. Ideal para salto: extrema rigidez y durabilidad.\" \/>\n<meta property=\"og:url\" content=\"https:\/\/srokacompany.com\/es\/produit\/fuselaje-de-aluminio-para-elite-o-solo-foil-de-carbono\/\" \/>\n<meta property=\"og:site_name\" content=\"SROKA Company\" \/>\n<meta property=\"article:publisher\" content=\"https:\/\/www.facebook.com\/srokawatersports\/\" \/>\n<meta property=\"og:image\" content=\"https:\/\/srokacompany.com\/wp-content\/uploads\/2025\/09\/blend300625153927.png\" \/>\n\t<meta property=\"og:image:width\" content=\"1365\" \/>\n\t<meta property=\"og:image:height\" content=\"1024\" \/>\n\t<meta property=\"og:image:type\" content=\"image\/png\" \/>\n<script type=\"application\/ld+json\" class=\"yoast-schema-graph\">{\"@context\":\"https:\\\/\\\/schema.org\",\"@graph\":[{\"@type\":\"WebPage\",\"@id\":\"https:\\\/\\\/srokacompany.com\\\/es\\\/produit\\\/fuselaje-de-aluminio-para-elite-o-solo-foil-de-carbono\\\/\",\"url\":\"https:\\\/\\\/srokacompany.com\\\/es\\\/produit\\\/fuselaje-de-aluminio-para-elite-o-solo-foil-de-carbono\\\/\",\"name\":\"Fuselaje de aluminio para Elite o solo Foil de carbono - SROKA Company\",\"isPartOf\":{\"@id\":\"https:\\\/\\\/srokacompany.com\\\/es\\\/#website\"},\"primaryImageOfPage\":{\"@id\":\"https:\\\/\\\/srokacompany.com\\\/es\\\/produit\\\/fuselaje-de-aluminio-para-elite-o-solo-foil-de-carbono\\\/#primaryimage\"},\"image\":{\"@id\":\"https:\\\/\\\/srokacompany.com\\\/es\\\/produit\\\/fuselaje-de-aluminio-para-elite-o-solo-foil-de-carbono\\\/#primaryimage\"},\"thumbnailUrl\":\"https:\\\/\\\/srokacompany.com\\\/wp-content\\\/uploads\\\/2025\\\/09\\\/blend300625153927.png\",\"datePublished\":\"2025-09-10T10:13:13+00:00\",\"description\":\"Descubra el Fuselaje de Aluminio para Foil de Carbono. Dise\u00f1ado para pilotos exigentes. Ideal para salto: extrema rigidez y durabilidad.\",\"breadcrumb\":{\"@id\":\"https:\\\/\\\/srokacompany.com\\\/es\\\/produit\\\/fuselaje-de-aluminio-para-elite-o-solo-foil-de-carbono\\\/#breadcrumb\"},\"inLanguage\":\"es\",\"potentialAction\":[{\"@type\":\"ReadAction\",\"target\":[\"https:\\\/\\\/srokacompany.com\\\/es\\\/produit\\\/fuselaje-de-aluminio-para-elite-o-solo-foil-de-carbono\\\/\"]}]},{\"@type\":\"ImageObject\",\"inLanguage\":\"es\",\"@id\":\"https:\\\/\\\/srokacompany.com\\\/es\\\/produit\\\/fuselaje-de-aluminio-para-elite-o-solo-foil-de-carbono\\\/#primaryimage\",\"url\":\"https:\\\/\\\/srokacompany.com\\\/wp-content\\\/uploads\\\/2025\\\/09\\\/blend300625153927.png\",\"contentUrl\":\"https:\\\/\\\/srokacompany.com\\\/wp-content\\\/uploads\\\/2025\\\/09\\\/blend300625153927.png\",\"width\":1365,\"height\":1024},{\"@type\":\"BreadcrumbList\",\"@id\":\"https:\\\/\\\/srokacompany.com\\\/es\\\/produit\\\/fuselaje-de-aluminio-para-elite-o-solo-foil-de-carbono\\\/#breadcrumb\",\"itemListElement\":[{\"@type\":\"ListItem\",\"position\":1,\"name\":\"Accueil\",\"item\":\"https:\\\/\\\/srokacompany.com\\\/es\\\/\"},{\"@type\":\"ListItem\",\"position\":2,\"name\":\"Tienda\",\"item\":\"https:\\\/\\\/srokacompany.com\\\/tienda\\\/\"},{\"@type\":\"ListItem\",\"position\":3,\"name\":\"Fuselaje de aluminio para Elite o solo Foil de carbono\"}]},{\"@type\":\"WebSite\",\"@id\":\"https:\\\/\\\/srokacompany.com\\\/es\\\/#website\",\"url\":\"https:\\\/\\\/srokacompany.com\\\/es\\\/\",\"name\":\"SROKA Company\",\"description\":\"SUP, Kite, Foil, Wing\",\"publisher\":{\"@id\":\"https:\\\/\\\/srokacompany.com\\\/es\\\/#organization\"},\"potentialAction\":[{\"@type\":\"SearchAction\",\"target\":{\"@type\":\"EntryPoint\",\"urlTemplate\":\"https:\\\/\\\/srokacompany.com\\\/es\\\/?s={search_term_string}\"},\"query-input\":{\"@type\":\"PropertyValueSpecification\",\"valueRequired\":true,\"valueName\":\"search_term_string\"}}],\"inLanguage\":\"es\"},{\"@type\":\"Organization\",\"@id\":\"https:\\\/\\\/srokacompany.com\\\/es\\\/#organization\",\"name\":\"SROKACOMPANY\",\"alternateName\":\"SROKA\",\"url\":\"https:\\\/\\\/srokacompany.com\\\/es\\\/\",\"logo\":{\"@type\":\"ImageObject\",\"inLanguage\":\"es\",\"@id\":\"https:\\\/\\\/srokacompany.com\\\/es\\\/#\\\/schema\\\/logo\\\/image\\\/\",\"url\":\"https:\\\/\\\/srokacompany.com\\\/wp-content\\\/uploads\\\/2021\\\/01\\\/logo-sroka-black-transpa.png\",\"contentUrl\":\"https:\\\/\\\/srokacompany.com\\\/wp-content\\\/uploads\\\/2021\\\/01\\\/logo-sroka-black-transpa.png\",\"width\":1201,\"height\":342,\"caption\":\"SROKACOMPANY\"},\"image\":{\"@id\":\"https:\\\/\\\/srokacompany.com\\\/es\\\/#\\\/schema\\\/logo\\\/image\\\/\"},\"sameAs\":[\"https:\\\/\\\/www.facebook.com\\\/srokawatersports\\\/\",\"https:\\\/\\\/www.instagram.com\\\/srokawatersports\\\/\",\"https:\\\/\\\/www.youtube.com\\\/channel\\\/UCVLHHeaPIm-J5bdEUgxqtZA\"]}]}<\/script>\n<!-- \/ Yoast SEO plugin. -->","yoast_head_json":{"title":"Fuselaje de aluminio para Elite o solo Foil de carbono - SROKA Company","description":"Descubra el Fuselaje de Aluminio para Foil de Carbono. Dise\u00f1ado para pilotos exigentes. Ideal para salto: extrema rigidez y durabilidad.","robots":{"index":"index","follow":"follow","max-snippet":"max-snippet:-1","max-image-preview":"max-image-preview:large","max-video-preview":"max-video-preview:-1"},"canonical":"https:\/\/srokacompany.com\/es\/produit\/fuselaje-de-aluminio-para-elite-o-solo-foil-de-carbono\/","og_locale":"es_ES","og_type":"article","og_title":"Fuselaje de aluminio para Elite o solo Foil de carbono - SROKA Company","og_description":"Descubra el Fuselaje de Aluminio para Foil de Carbono. Dise\u00f1ado para pilotos exigentes. Ideal para salto: extrema rigidez y durabilidad.","og_url":"https:\/\/srokacompany.com\/es\/produit\/fuselaje-de-aluminio-para-elite-o-solo-foil-de-carbono\/","og_site_name":"SROKA Company","article_publisher":"https:\/\/www.facebook.com\/srokawatersports\/","og_image":[{"width":1365,"height":1024,"url":"https:\/\/srokacompany.com\/wp-content\/uploads\/2025\/09\/blend300625153927.png","type":"image\/png"}],"schema":{"@context":"https:\/\/schema.org","@graph":[{"@type":"WebPage","@id":"https:\/\/srokacompany.com\/es\/produit\/fuselaje-de-aluminio-para-elite-o-solo-foil-de-carbono\/","url":"https:\/\/srokacompany.com\/es\/produit\/fuselaje-de-aluminio-para-elite-o-solo-foil-de-carbono\/","name":"Fuselaje de aluminio para Elite o solo Foil de carbono - SROKA Company","isPartOf":{"@id":"https:\/\/srokacompany.com\/es\/#website"},"primaryImageOfPage":{"@id":"https:\/\/srokacompany.com\/es\/produit\/fuselaje-de-aluminio-para-elite-o-solo-foil-de-carbono\/#primaryimage"},"image":{"@id":"https:\/\/srokacompany.com\/es\/produit\/fuselaje-de-aluminio-para-elite-o-solo-foil-de-carbono\/#primaryimage"},"thumbnailUrl":"https:\/\/srokacompany.com\/wp-content\/uploads\/2025\/09\/blend300625153927.png","datePublished":"2025-09-10T10:13:13+00:00","description":"Descubra el Fuselaje de Aluminio para Foil de Carbono. Dise\u00f1ado para pilotos exigentes. Ideal para salto: extrema rigidez y durabilidad.","breadcrumb":{"@id":"https:\/\/srokacompany.com\/es\/produit\/fuselaje-de-aluminio-para-elite-o-solo-foil-de-carbono\/#breadcrumb"},"inLanguage":"es","potentialAction":[{"@type":"ReadAction","target":["https:\/\/srokacompany.com\/es\/produit\/fuselaje-de-aluminio-para-elite-o-solo-foil-de-carbono\/"]}]},{"@type":"ImageObject","inLanguage":"es","@id":"https:\/\/srokacompany.com\/es\/produit\/fuselaje-de-aluminio-para-elite-o-solo-foil-de-carbono\/#primaryimage","url":"https:\/\/srokacompany.com\/wp-content\/uploads\/2025\/09\/blend300625153927.png","contentUrl":"https:\/\/srokacompany.com\/wp-content\/uploads\/2025\/09\/blend300625153927.png","width":1365,"height":1024},{"@type":"BreadcrumbList","@id":"https:\/\/srokacompany.com\/es\/produit\/fuselaje-de-aluminio-para-elite-o-solo-foil-de-carbono\/#breadcrumb","itemListElement":[{"@type":"ListItem","position":1,"name":"Accueil","item":"https:\/\/srokacompany.com\/es\/"},{"@type":"ListItem","position":2,"name":"Tienda","item":"https:\/\/srokacompany.com\/tienda\/"},{"@type":"ListItem","position":3,"name":"Fuselaje de aluminio para Elite o solo Foil de carbono"}]},{"@type":"WebSite","@id":"https:\/\/srokacompany.com\/es\/#website","url":"https:\/\/srokacompany.com\/es\/","name":"SROKA Company","description":"SUP, Kite, Foil, Wing","publisher":{"@id":"https:\/\/srokacompany.com\/es\/#organization"},"potentialAction":[{"@type":"SearchAction","target":{"@type":"EntryPoint","urlTemplate":"https:\/\/srokacompany.com\/es\/?s={search_term_string}"},"query-input":{"@type":"PropertyValueSpecification","valueRequired":true,"valueName":"search_term_string"}}],"inLanguage":"es"},{"@type":"Organization","@id":"https:\/\/srokacompany.com\/es\/#organization","name":"SROKACOMPANY","alternateName":"SROKA","url":"https:\/\/srokacompany.com\/es\/","logo":{"@type":"ImageObject","inLanguage":"es","@id":"https:\/\/srokacompany.com\/es\/#\/schema\/logo\/image\/","url":"https:\/\/srokacompany.com\/wp-content\/uploads\/2021\/01\/logo-sroka-black-transpa.png","contentUrl":"https:\/\/srokacompany.com\/wp-content\/uploads\/2021\/01\/logo-sroka-black-transpa.png","width":1201,"height":342,"caption":"SROKACOMPANY"},"image":{"@id":"https:\/\/srokacompany.com\/es\/#\/schema\/logo\/image\/"},"sameAs":["https:\/\/www.facebook.com\/srokawatersports\/","https:\/\/www.instagram.com\/srokawatersports\/","https:\/\/www.youtube.com\/channel\/UCVLHHeaPIm-J5bdEUgxqtZA"]}]}},"uagb_featured_image_src":{"full":["https:\/\/srokacompany.com\/wp-content\/uploads\/2025\/09\/blend300625153927.png",1365,1024,false],"thumbnail":["https:\/\/srokacompany.com\/wp-content\/uploads\/2025\/09\/blend300625153927-150x150.png",150,150,true],"medium":["https:\/\/srokacompany.com\/wp-content\/uploads\/2025\/09\/blend300625153927-300x225.png",300,225,true],"medium_large":["https:\/\/srokacompany.com\/wp-content\/uploads\/2025\/09\/blend300625153927-768x576.png",768,576,true],"large":["https:\/\/srokacompany.com\/wp-content\/uploads\/2025\/09\/blend300625153927-1024x768.png",1024,768,true],"1536x1536":["https:\/\/srokacompany.com\/wp-content\/uploads\/2025\/09\/blend300625153927.png",1365,1024,false],"2048x2048":["https:\/\/srokacompany.com\/wp-content\/uploads\/2025\/09\/blend300625153927.png",1365,1024,false],"woocommerce_thumbnail":["https:\/\/srokacompany.com\/wp-content\/uploads\/2025\/09\/blend300625153927-600x450.png",600,450,true],"woocommerce_single":["https:\/\/srokacompany.com\/wp-content\/uploads\/2025\/09\/blend300625153927-600x450.png",600,450,true],"woocommerce_gallery_thumbnail":["https:\/\/srokacompany.com\/wp-content\/uploads\/2025\/09\/blend300625153927-100x100.png",100,100,true],"dgwt-wcas-product-suggestion":["https:\/\/srokacompany.com\/wp-content\/uploads\/2025\/09\/blend300625153927-64x48.png",64,48,true]},"uagb_author_info":{"display_name":"Bruno Sroka","author_link":"https:\/\/srokacompany.com\/es\/blog\/author\/"},"uagb_comment_info":0,"uagb_excerpt":"Para su Foil de carbono Solo o Elite, los fuselajes de aluminio est\u00e1n dise\u00f1ados para adaptarse a su estilo de navegaci\u00f3n. Cada tama\u00f1o tiene un objetivo espec\u00edfico: darle mayor estabilidad o maniobrabilidad. Un fuselaje m\u00e1s largo le proporciona una mayor estabilidad en el eje longitudinal, ideal para la velocidad en l\u00ednea recta. Por el contrario,&hellip;","jetpack_sharing_enabled":true,"_links":{"self":[{"href":"https:\/\/srokacompany.com\/es\/wp-json\/wp\/v2\/product\/354017","targetHints":{"allow":["GET"]}}],"collection":[{"href":"https:\/\/srokacompany.com\/es\/wp-json\/wp\/v2\/product"}],"about":[{"href":"https:\/\/srokacompany.com\/es\/wp-json\/wp\/v2\/types\/product"}],"wp:featuredmedia":[{"embeddable":true,"href":"https:\/\/srokacompany.com\/es\/wp-json\/wp\/v2\/media\/353226"}],"wp:attachment":[{"href":"https:\/\/srokacompany.com\/es\/wp-json\/wp\/v2\/media?parent=354017"}],"wp:term":[{"taxonomy":"product_brand","embeddable":true,"href":"https:\/\/srokacompany.com\/es\/wp-json\/wp\/v2\/product_brand?post=354017"},{"taxonomy":"product_cat","embeddable":true,"href":"https:\/\/srokacompany.com\/es\/wp-json\/wp\/v2\/product_cat?post=354017"},{"taxonomy":"product_tag","embeddable":true,"href":"https:\/\/srokacompany.com\/es\/wp-json\/wp\/v2\/product_tag?post=354017"}],"curies":[{"name":"wp","href":"https:\/\/api.w.org\/{rel}","templated":true}]}}