{"id":354026,"date":"2025-09-16T16:47:36","date_gmt":"2025-09-16T14:47:36","guid":{"rendered":"https:\/\/srokacompany.com\/produit\/junta-de-la-bomba-85\/"},"modified":"2026-01-04T17:37:10","modified_gmt":"2026-01-04T15:37:10","slug":"junta-de-la-bomba-85","status":"publish","type":"product","link":"https:\/\/srokacompany.com\/es\/produit\/junta-de-la-bomba-85\/","title":{"rendered":"Junta de la bomba 85"},"content":{"rendered":"<p>Sum\u00e9rgete en el mundo del <b>Pump Foil<\/b> con una de las tablas m\u00e1s ligeras y con mayor capacidad de respuesta del mercado: la <b>SROKA Pump Board 85<\/b>. Dise\u00f1ada espec\u00edficamente para <b>pumping<\/b> y <b>dockstarting<\/b>, esta revolucionaria tabla pesa solo <b>1,7 kg<\/b> y es la extensi\u00f3n perfecta de tu foil. <\/p>\n<h3>Rendimiento extremo: m\u00e1xima ligereza y rigidez<\/h3>\n<p>El \u00e9xito de una sesi\u00f3n de <b>Pump Foil<\/b> depende de la transmisi\u00f3n directa de energ\u00eda. El <b>Pump Board 85<\/b> destaca gracias a su avanzada construcci\u00f3n: <\/p>\n<ul>\n<li><b>Peso r\u00e9cord:<\/b> con s\u00f3lo <b>1,6 kg<\/b>, es una de las <b>tablas de bombeo<\/b> m\u00e1s ligeras, lo que minimiza el esfuerzo f\u00edsico necesario para mantener el vuelo.<\/li>\n<li><b>Construcci\u00f3n avanzada:<\/b> Construida alrededor de un n\u00facleo de <b>PVC de alta densidad<\/b> y <i>largueros<\/i> integrados, la tabla est\u00e1 completamente envuelta en <b>carbono<\/b>. Esta configuraci\u00f3n garantiza <b>una rigidez extrema<\/b> y una conexi\u00f3n ultra directa con el Foil, sin p\u00e9rdida de potencia. <\/li>\n<\/ul>\n<p>&nbsp;<\/p>\n<h3>Forma optimizada para facilitar el despegue (Dockstart)<\/h3>\n<p>La forma de la <b>Pump Board 85<\/b> se ha estudiado meticulosamente para maximizar la eficacia en parado y en vuelo: <\/p>\n<ul>\n<li><b>Despegue instant\u00e1neo:<\/b> Su <b>casco perfectamente plano<\/b> proporciona un excelente planeo y facilita alcanzar la velocidad de despegue para <b>atracar<\/b> con \u00e9xito en todo momento.<\/li>\n<li><b>Control y confort:<\/b> El <b>doble c\u00f3ncavo<\/b> de la cubierta proporciona a la tabla un mejor tacto, aumentando el control preciso del Foil en los giros. El agarre completo de la cubierta (sin <i>almohadillas de EVA<\/i>) garantiza <b>la capacidad de respuesta<\/b> sin tiempo de retraso bajo los pies. <\/li>\n<li><b>Seguridad en vuelo:<\/b> se ha incorporado un ligero <i>balanceo<\/i> en la parte delantera para facilitar el <b>\u00abaterrizaje<\/b>\u00ab, lo que le permite volver a despegar sin esfuerzo despu\u00e9s de rozar la superficie del agua.<\/li>\n<\/ul>\n<p>&nbsp;<\/p>\n<h3>Tu arma de bombeo multiusos<\/h3>\n<p>El  <b>Pump Board 85<\/b> es una tabla 100% dedicada, dise\u00f1ada para superar los l\u00edmites del <b>Foil de bombeo<\/b>: <\/p>\n<ul>\n<li><b>Adaptabilidad total:<\/b> se adapta a todos los niveles (de principiante a experto) y es compatible con todos los Foil del mercado equipados con un accesorio de placa.<\/li>\n<li><b>Ideal para Dockstart:<\/b> Su estabilidad y su volumen optimizado (8L) la convierten en la referencia tanto para <b>Dockstart<\/b> como para <i>Beachstart<\/i> o <i>Rockstart<\/i>.<\/li>\n<\/ul>\n<p>Elige la <b>SROKA Pump Board 85<\/b> para convertir cada sesi\u00f3n en un paseo sin fin, haciendo de tu tabla una verdadera extensi\u00f3n de tu Foil.<\/p>\n","protected":false},"excerpt":{"rendered":"<p>Pump Foil Board Ultra-Light 1.6kg &#8211; M\u00e1xima Rigidez y Reactividad<\/p>\n<p>Domina el Foil de bombeo con nuestra revolucionaria tabla de <b>1,7 kg<\/b>. Dise\u00f1ada para <b>una rigidez y capacidad de respuesta extremas<\/b>, ofrece una conexi\u00f3n directa con tu Foil. Su forma optimizada y su agarre ultraeficiente garantizan arranques exitosos y sesiones de bombeo interminables. Apta para todos los niveles y todos los Foils.     <b>\u00a1El arma definitiva para bombear sin esfuerzo!<\/b><\/p>\n<p><strong><span style=\"color: #ff0000;\">En stock<\/span><\/strong><\/p>\n","protected":false},"featured_media":353329,"template":"","meta":{"_acf_changed":false,"_uag_custom_page_level_css":""},"product_brand":[],"product_cat":[3643,3667],"product_tag":[3429,3450,3426],"class_list":{"0":"post-354026","1":"product","2":"type-product","3":"status-publish","4":"has-post-thumbnail","6":"product_cat-arranque-en-muelle-y-bombeo","7":"product_cat-todas-nuestras-tablas-dockstart","8":"product_tag-avanzado","9":"product_tag-experto","10":"product_tag-principiante","11":"product_shipping_class-tablero-de-la-bomba","13":"first","14":"instock","15":"taxable","16":"shipping-taxable","17":"purchasable","18":"product-type-simple"},"acf":[],"yoast_head":"<!-- This site is optimized with the Yoast SEO plugin v27.4 - https:\/\/yoast.com\/product\/yoast-seo-wordpress\/ -->\n<title>Junta de la bomba 85 - SROKA Company<\/title>\n<meta name=\"description\" content=\"Descubre la SROKA Pump Board 85. Dise\u00f1ada para el Foil con bomba, su construcci\u00f3n ultraligera te ofrece un deslizamiento y una comodidad incomparables.\" \/>\n<meta name=\"robots\" content=\"index, follow, max-snippet:-1, max-image-preview:large, max-video-preview:-1\" \/>\n<link rel=\"canonical\" href=\"https:\/\/srokacompany.com\/es\/produit\/junta-de-la-bomba-85\/\" \/>\n<meta property=\"og:locale\" content=\"es_ES\" \/>\n<meta property=\"og:type\" content=\"article\" \/>\n<meta property=\"og:title\" content=\"Junta de la bomba 85 - SROKA Company\" \/>\n<meta property=\"og:description\" content=\"Descubre la SROKA Pump Board 85. Dise\u00f1ada para el Foil con bomba, su construcci\u00f3n ultraligera te ofrece un deslizamiento y una comodidad incomparables.\" \/>\n<meta property=\"og:url\" content=\"https:\/\/srokacompany.com\/es\/produit\/junta-de-la-bomba-85\/\" \/>\n<meta property=\"og:site_name\" content=\"SROKA Company\" \/>\n<meta property=\"article:publisher\" content=\"https:\/\/www.facebook.com\/srokawatersports\/\" \/>\n<meta property=\"article:modified_time\" content=\"2026-01-04T15:37:10+00:00\" \/>\n<meta property=\"og:image\" content=\"https:\/\/srokacompany.com\/wp-content\/uploads\/2025\/09\/pb85-1-scaled.png\" \/>\n\t<meta property=\"og:image:width\" content=\"2560\" \/>\n\t<meta property=\"og:image:height\" content=\"2159\" \/>\n\t<meta property=\"og:image:type\" content=\"image\/png\" \/>\n<meta name=\"twitter:label1\" content=\"Tiempo de lectura\" \/>\n\t<meta name=\"twitter:data1\" content=\"2 minutos\" \/>\n<script type=\"application\/ld+json\" class=\"yoast-schema-graph\">{\"@context\":\"https:\\\/\\\/schema.org\",\"@graph\":[{\"@type\":\"WebPage\",\"@id\":\"https:\\\/\\\/srokacompany.com\\\/es\\\/produit\\\/junta-de-la-bomba-85\\\/\",\"url\":\"https:\\\/\\\/srokacompany.com\\\/es\\\/produit\\\/junta-de-la-bomba-85\\\/\",\"name\":\"Junta de la bomba 85 - SROKA Company\",\"isPartOf\":{\"@id\":\"https:\\\/\\\/srokacompany.com\\\/es\\\/#website\"},\"primaryImageOfPage\":{\"@id\":\"https:\\\/\\\/srokacompany.com\\\/es\\\/produit\\\/junta-de-la-bomba-85\\\/#primaryimage\"},\"image\":{\"@id\":\"https:\\\/\\\/srokacompany.com\\\/es\\\/produit\\\/junta-de-la-bomba-85\\\/#primaryimage\"},\"thumbnailUrl\":\"https:\\\/\\\/srokacompany.com\\\/wp-content\\\/uploads\\\/2025\\\/09\\\/pb85-1-scaled.png\",\"datePublished\":\"2025-09-16T14:47:36+00:00\",\"dateModified\":\"2026-01-04T15:37:10+00:00\",\"description\":\"Descubre la SROKA Pump Board 85. Dise\u00f1ada para el Foil con bomba, su construcci\u00f3n ultraligera te ofrece un deslizamiento y una comodidad incomparables.\",\"breadcrumb\":{\"@id\":\"https:\\\/\\\/srokacompany.com\\\/es\\\/produit\\\/junta-de-la-bomba-85\\\/#breadcrumb\"},\"inLanguage\":\"es\",\"potentialAction\":[{\"@type\":\"ReadAction\",\"target\":[\"https:\\\/\\\/srokacompany.com\\\/es\\\/produit\\\/junta-de-la-bomba-85\\\/\"]}]},{\"@type\":\"ImageObject\",\"inLanguage\":\"es\",\"@id\":\"https:\\\/\\\/srokacompany.com\\\/es\\\/produit\\\/junta-de-la-bomba-85\\\/#primaryimage\",\"url\":\"https:\\\/\\\/srokacompany.com\\\/wp-content\\\/uploads\\\/2025\\\/09\\\/pb85-1-scaled.png\",\"contentUrl\":\"https:\\\/\\\/srokacompany.com\\\/wp-content\\\/uploads\\\/2025\\\/09\\\/pb85-1-scaled.png\",\"width\":2560,\"height\":2159},{\"@type\":\"BreadcrumbList\",\"@id\":\"https:\\\/\\\/srokacompany.com\\\/es\\\/produit\\\/junta-de-la-bomba-85\\\/#breadcrumb\",\"itemListElement\":[{\"@type\":\"ListItem\",\"position\":1,\"name\":\"Accueil\",\"item\":\"https:\\\/\\\/srokacompany.com\\\/es\\\/\"},{\"@type\":\"ListItem\",\"position\":2,\"name\":\"Tienda\",\"item\":\"https:\\\/\\\/srokacompany.com\\\/tienda\\\/\"},{\"@type\":\"ListItem\",\"position\":3,\"name\":\"Junta de la bomba 85\"}]},{\"@type\":\"WebSite\",\"@id\":\"https:\\\/\\\/srokacompany.com\\\/es\\\/#website\",\"url\":\"https:\\\/\\\/srokacompany.com\\\/es\\\/\",\"name\":\"SROKA Company\",\"description\":\"SUP, Kite, Foil, Wing\",\"publisher\":{\"@id\":\"https:\\\/\\\/srokacompany.com\\\/es\\\/#organization\"},\"potentialAction\":[{\"@type\":\"SearchAction\",\"target\":{\"@type\":\"EntryPoint\",\"urlTemplate\":\"https:\\\/\\\/srokacompany.com\\\/es\\\/?s={search_term_string}\"},\"query-input\":{\"@type\":\"PropertyValueSpecification\",\"valueRequired\":true,\"valueName\":\"search_term_string\"}}],\"inLanguage\":\"es\"},{\"@type\":\"Organization\",\"@id\":\"https:\\\/\\\/srokacompany.com\\\/es\\\/#organization\",\"name\":\"SROKACOMPANY\",\"alternateName\":\"SROKA\",\"url\":\"https:\\\/\\\/srokacompany.com\\\/es\\\/\",\"logo\":{\"@type\":\"ImageObject\",\"inLanguage\":\"es\",\"@id\":\"https:\\\/\\\/srokacompany.com\\\/es\\\/#\\\/schema\\\/logo\\\/image\\\/\",\"url\":\"https:\\\/\\\/srokacompany.com\\\/wp-content\\\/uploads\\\/2021\\\/01\\\/logo-sroka-black-transpa.png\",\"contentUrl\":\"https:\\\/\\\/srokacompany.com\\\/wp-content\\\/uploads\\\/2021\\\/01\\\/logo-sroka-black-transpa.png\",\"width\":1201,\"height\":342,\"caption\":\"SROKACOMPANY\"},\"image\":{\"@id\":\"https:\\\/\\\/srokacompany.com\\\/es\\\/#\\\/schema\\\/logo\\\/image\\\/\"},\"sameAs\":[\"https:\\\/\\\/www.facebook.com\\\/srokawatersports\\\/\",\"https:\\\/\\\/www.instagram.com\\\/srokawatersports\\\/\",\"https:\\\/\\\/www.youtube.com\\\/channel\\\/UCVLHHeaPIm-J5bdEUgxqtZA\"]}]}<\/script>\n<!-- \/ Yoast SEO plugin. -->","yoast_head_json":{"title":"Junta de la bomba 85 - SROKA Company","description":"Descubre la SROKA Pump Board 85. Dise\u00f1ada para el Foil con bomba, su construcci\u00f3n ultraligera te ofrece un deslizamiento y una comodidad incomparables.","robots":{"index":"index","follow":"follow","max-snippet":"max-snippet:-1","max-image-preview":"max-image-preview:large","max-video-preview":"max-video-preview:-1"},"canonical":"https:\/\/srokacompany.com\/es\/produit\/junta-de-la-bomba-85\/","og_locale":"es_ES","og_type":"article","og_title":"Junta de la bomba 85 - SROKA Company","og_description":"Descubre la SROKA Pump Board 85. Dise\u00f1ada para el Foil con bomba, su construcci\u00f3n ultraligera te ofrece un deslizamiento y una comodidad incomparables.","og_url":"https:\/\/srokacompany.com\/es\/produit\/junta-de-la-bomba-85\/","og_site_name":"SROKA Company","article_publisher":"https:\/\/www.facebook.com\/srokawatersports\/","article_modified_time":"2026-01-04T15:37:10+00:00","og_image":[{"width":2560,"height":2159,"url":"https:\/\/srokacompany.com\/wp-content\/uploads\/2025\/09\/pb85-1-scaled.png","type":"image\/png"}],"twitter_misc":{"Tiempo de lectura":"2 minutos"},"schema":{"@context":"https:\/\/schema.org","@graph":[{"@type":"WebPage","@id":"https:\/\/srokacompany.com\/es\/produit\/junta-de-la-bomba-85\/","url":"https:\/\/srokacompany.com\/es\/produit\/junta-de-la-bomba-85\/","name":"Junta de la bomba 85 - SROKA Company","isPartOf":{"@id":"https:\/\/srokacompany.com\/es\/#website"},"primaryImageOfPage":{"@id":"https:\/\/srokacompany.com\/es\/produit\/junta-de-la-bomba-85\/#primaryimage"},"image":{"@id":"https:\/\/srokacompany.com\/es\/produit\/junta-de-la-bomba-85\/#primaryimage"},"thumbnailUrl":"https:\/\/srokacompany.com\/wp-content\/uploads\/2025\/09\/pb85-1-scaled.png","datePublished":"2025-09-16T14:47:36+00:00","dateModified":"2026-01-04T15:37:10+00:00","description":"Descubre la SROKA Pump Board 85. Dise\u00f1ada para el Foil con bomba, su construcci\u00f3n ultraligera te ofrece un deslizamiento y una comodidad incomparables.","breadcrumb":{"@id":"https:\/\/srokacompany.com\/es\/produit\/junta-de-la-bomba-85\/#breadcrumb"},"inLanguage":"es","potentialAction":[{"@type":"ReadAction","target":["https:\/\/srokacompany.com\/es\/produit\/junta-de-la-bomba-85\/"]}]},{"@type":"ImageObject","inLanguage":"es","@id":"https:\/\/srokacompany.com\/es\/produit\/junta-de-la-bomba-85\/#primaryimage","url":"https:\/\/srokacompany.com\/wp-content\/uploads\/2025\/09\/pb85-1-scaled.png","contentUrl":"https:\/\/srokacompany.com\/wp-content\/uploads\/2025\/09\/pb85-1-scaled.png","width":2560,"height":2159},{"@type":"BreadcrumbList","@id":"https:\/\/srokacompany.com\/es\/produit\/junta-de-la-bomba-85\/#breadcrumb","itemListElement":[{"@type":"ListItem","position":1,"name":"Accueil","item":"https:\/\/srokacompany.com\/es\/"},{"@type":"ListItem","position":2,"name":"Tienda","item":"https:\/\/srokacompany.com\/tienda\/"},{"@type":"ListItem","position":3,"name":"Junta de la bomba 85"}]},{"@type":"WebSite","@id":"https:\/\/srokacompany.com\/es\/#website","url":"https:\/\/srokacompany.com\/es\/","name":"SROKA Company","description":"SUP, Kite, Foil, Wing","publisher":{"@id":"https:\/\/srokacompany.com\/es\/#organization"},"potentialAction":[{"@type":"SearchAction","target":{"@type":"EntryPoint","urlTemplate":"https:\/\/srokacompany.com\/es\/?s={search_term_string}"},"query-input":{"@type":"PropertyValueSpecification","valueRequired":true,"valueName":"search_term_string"}}],"inLanguage":"es"},{"@type":"Organization","@id":"https:\/\/srokacompany.com\/es\/#organization","name":"SROKACOMPANY","alternateName":"SROKA","url":"https:\/\/srokacompany.com\/es\/","logo":{"@type":"ImageObject","inLanguage":"es","@id":"https:\/\/srokacompany.com\/es\/#\/schema\/logo\/image\/","url":"https:\/\/srokacompany.com\/wp-content\/uploads\/2021\/01\/logo-sroka-black-transpa.png","contentUrl":"https:\/\/srokacompany.com\/wp-content\/uploads\/2021\/01\/logo-sroka-black-transpa.png","width":1201,"height":342,"caption":"SROKACOMPANY"},"image":{"@id":"https:\/\/srokacompany.com\/es\/#\/schema\/logo\/image\/"},"sameAs":["https:\/\/www.facebook.com\/srokawatersports\/","https:\/\/www.instagram.com\/srokawatersports\/","https:\/\/www.youtube.com\/channel\/UCVLHHeaPIm-J5bdEUgxqtZA"]}]}},"uagb_featured_image_src":{"full":["https:\/\/srokacompany.com\/wp-content\/uploads\/2025\/09\/pb85-1-scaled.png",2560,2159,false],"thumbnail":["https:\/\/srokacompany.com\/wp-content\/uploads\/2025\/09\/pb85-1-150x150.png",150,150,true],"medium":["https:\/\/srokacompany.com\/wp-content\/uploads\/2025\/09\/pb85-1-300x253.png",300,253,true],"medium_large":["https:\/\/srokacompany.com\/wp-content\/uploads\/2025\/09\/pb85-1-768x648.png",768,648,true],"large":["https:\/\/srokacompany.com\/wp-content\/uploads\/2025\/09\/pb85-1-1024x864.png",1024,864,true],"1536x1536":["https:\/\/srokacompany.com\/wp-content\/uploads\/2025\/09\/pb85-1-1536x1296.png",1536,1296,true],"2048x2048":["https:\/\/srokacompany.com\/wp-content\/uploads\/2025\/09\/pb85-1-2048x1727.png",2048,1727,true],"woocommerce_thumbnail":["https:\/\/srokacompany.com\/wp-content\/uploads\/2025\/09\/pb85-1-600x506.png",600,506,true],"woocommerce_single":["https:\/\/srokacompany.com\/wp-content\/uploads\/2025\/09\/pb85-1-600x506.png",600,506,true],"woocommerce_gallery_thumbnail":["https:\/\/srokacompany.com\/wp-content\/uploads\/2025\/09\/pb85-1-100x100.png",100,100,true],"dgwt-wcas-product-suggestion":["https:\/\/srokacompany.com\/wp-content\/uploads\/2025\/09\/pb85-1-64x54.png",64,54,true]},"uagb_author_info":{"display_name":"Bruno Sroka","author_link":"https:\/\/srokacompany.com\/es\/blog\/author\/"},"uagb_comment_info":0,"uagb_excerpt":"Pump Foil Board Ultra-Light 1.6kg - M\u00e1xima Rigidez y Reactividad Domina el Foil de bombeo con nuestra revolucionaria tabla de 1,7 kg. Dise\u00f1ada para una rigidez y capacidad de respuesta extremas, ofrece una conexi\u00f3n directa con tu Foil. Su forma optimizada y su agarre ultraeficiente garantizan arranques exitosos y sesiones de bombeo interminables. Apta para&hellip;","jetpack_sharing_enabled":true,"_links":{"self":[{"href":"https:\/\/srokacompany.com\/es\/wp-json\/wp\/v2\/product\/354026","targetHints":{"allow":["GET"]}}],"collection":[{"href":"https:\/\/srokacompany.com\/es\/wp-json\/wp\/v2\/product"}],"about":[{"href":"https:\/\/srokacompany.com\/es\/wp-json\/wp\/v2\/types\/product"}],"wp:featuredmedia":[{"embeddable":true,"href":"https:\/\/srokacompany.com\/es\/wp-json\/wp\/v2\/media\/353329"}],"wp:attachment":[{"href":"https:\/\/srokacompany.com\/es\/wp-json\/wp\/v2\/media?parent=354026"}],"wp:term":[{"taxonomy":"product_brand","embeddable":true,"href":"https:\/\/srokacompany.com\/es\/wp-json\/wp\/v2\/product_brand?post=354026"},{"taxonomy":"product_cat","embeddable":true,"href":"https:\/\/srokacompany.com\/es\/wp-json\/wp\/v2\/product_cat?post=354026"},{"taxonomy":"product_tag","embeddable":true,"href":"https:\/\/srokacompany.com\/es\/wp-json\/wp\/v2\/product_tag?post=354026"}],"curies":[{"name":"wp","href":"https:\/\/api.w.org\/{rel}","templated":true}]}}