{"id":354029,"date":"2025-09-09T15:09:41","date_gmt":"2025-09-09T13:09:41","guid":{"rendered":"https:\/\/srokacompany.com\/produit\/tabla-de-gama-downwind-dw-83-v2-elite\/"},"modified":"2026-01-23T11:20:45","modified_gmt":"2026-01-23T09:20:45","slug":"tabla-de-gama-downwind-dw-83-v2-elite","status":"publish","type":"product","link":"https:\/\/srokacompany.com\/es\/produit\/tabla-de-gama-downwind-dw-83-v2-elite\/","title":{"rendered":"Tabla de gama Downwind DW 8&#8217;3 V2 Elite"},"content":{"rendered":"<p>La <b>tabla SROKA Downwind DW 8&#8217;3 V2<\/b> de la <b>gama Elite<\/b> es la versi\u00f3n definitiva de nuestra m\u00e1quina <b>Downwind<\/b>. Redise\u00f1ada para riders que buscan el m\u00e1ximo deslizamiento y rendimiento, esta tabla <b>Full Carbon<\/b> destaca en <b>SUP Foil Downwind<\/b>, <b>Wingfoil Light Wind<\/b> y <i>Para Wing<\/i>. <\/p>\n<p>&nbsp;<\/p>\n<h3>Rendimiento V2: mayor deslizamiento y facilidad de uso<\/h3>\n<p>Los principales cambios de <b>la V2<\/b> se centran en la optimizaci\u00f3n de la <i>forma<\/i> para mejorar significativamente la estabilidad y el rendimiento:  <\/p>\n<ul>\n<li><b>Mayor estabilidad (a pesar de la delgadez):<\/b> La mayor <b>planicidad del casco<\/b> maximiza la estabilidad en aguas bravas, lo que facilita la experiencia y la hace m\u00e1s accesible a una amplia gama de pilotos (de principiante a experto).<\/li>\n<li><b>Bombeo<\/b> <b>y maniobrabilidad:<\/b> Un <b>rocker de cola<\/b> significativamente mayor facilita el <b>bombeo<\/b> y la maniobrabilidad en marejadas, permitiendo relanzar el Foil con mayor eficacia.<\/li>\n<li><b>Despegue ultrapreciso:<\/b> La<i>silueta<\/i> estirada, combinada con el casco plano y el volumen reenfocado, garantiza <b>un planeo excepcional<\/b> para alcanzar una velocidad de despegue \u00f3ptima con el m\u00ednimo esfuerzo, esencial para remar <b>Downwind<\/b> o <b>Wingfoil<\/b> con vientos flojos (a partir de 5-6 nudos).<\/li>\n<\/ul>\n<p>&nbsp;<\/p>\n<h3>Construcci\u00f3n totalmente de carbono SROKA Elite<\/h3>\n<p>&nbsp;<\/p>\n<p>Dise\u00f1ada para ofrecer <b>durabilidad<\/b> y <b>capacidad de respuesta<\/b>, la <b>DW 8&#8217;3 V2<\/b> es la compa\u00f1era ideal para los Elite Carbon Foil:<\/p>\n<ul>\n<li><b>M\u00e1xima rigidez:<\/b> construcci\u00f3n <b>totalmente de carbono <\/b> y triple capa de carbono en los ra\u00edles. Esta estructura garantiza <b>una rigidez<\/b> extrema, ofreciendo <b>un gran control<\/b> y una capacidad de respuesta crucial para una conducci\u00f3n precisa. <\/li>\n<li><b>Resistencia \u00f3ptima:<\/b> Los <b>ra\u00edles US<\/b> y los insertos de <i>las correas<\/i> est\u00e1n reforzados con bloques de PVC, lo que garantiza una resistencia inigualable para soportar las tensiones del <b>Foil Downwind<\/b>.<\/li>\n<li><b>Equipamiento:<\/b> La tabla viene con una <b>funda de alta gama<\/b> (espuma de 10 mm) que permite transportarla con el Foil colocado.<\/li>\n<\/ul>\n<p>La <b>DW 8&#8217;3 V2<\/b> es la tabla elegida por los riders que quieren superar sus l\u00edmites y aprovechar al m\u00e1ximo los trenes de olas.<\/p>\n","protected":false},"excerpt":{"rendered":"<p>La nueva <b class=\"\">DW 8&#8217;3 V2 Elite<\/b> SROKA, una <b class=\"\">tabla Downwind Full Carbon<\/b> redise\u00f1ada para <b class=\"\">un planeo excepcional<\/b> y un <b class=\"\">despegue ultra f\u00e1cil<\/b>. Mayor estabilidad, maniobrabilidad \u00f3ptima y f\u00e1cil bombeo. Ideal para <b class=\"\">SUP Foil Downwind<\/b> y <b class=\"\">Wingfoil Light Wind<\/b>.  <\/p>\n","protected":false},"featured_media":352404,"template":"","meta":{"_acf_changed":false,"_uag_custom_page_level_css":""},"product_brand":[],"product_cat":[3565,3521,3483,3566,3525],"product_tag":[3429,3527,3450],"class_list":{"0":"post-354029","1":"product","2":"type-product","3":"status-publish","4":"has-post-thumbnail","6":"product_cat-downwind-es","7":"product_cat-elite-es","8":"product_cat-gama-downwind-uha","9":"product_cat-tablas-downwind-domine-el-oleaje-con-rendimiento-y-placer","10":"product_cat-tablero-de-la-gama-elite","11":"product_tag-avanzado","12":"product_tag-elite-es","13":"product_tag-experto","14":"product_shipping_class-tablero-2025","16":"first","17":"instock","18":"taxable","19":"shipping-taxable","20":"purchasable","21":"product-type-variable"},"acf":[],"yoast_head":"<!-- This site is optimized with the Yoast SEO plugin v27.4 - https:\/\/yoast.com\/product\/yoast-seo-wordpress\/ -->\n<title>Tabla de gama Downwind DW 8&#039;3 V2 Elite - SROKA Company<\/title>\n<meta name=\"description\" content=\"La Downwind DW 8&#039;3 V2 de la gama Elite es una tabla dedicada al downwind. Para cualquiera que busque rendimiento, rigidez y facilidad de uso.\" \/>\n<meta name=\"robots\" content=\"index, follow, max-snippet:-1, max-image-preview:large, max-video-preview:-1\" \/>\n<link rel=\"canonical\" href=\"https:\/\/srokacompany.com\/es\/produit\/tabla-de-gama-downwind-dw-83-v2-elite\/\" \/>\n<meta property=\"og:locale\" content=\"es_ES\" \/>\n<meta property=\"og:type\" content=\"article\" \/>\n<meta property=\"og:title\" content=\"Tabla de gama Downwind DW 8&#039;3 V2 Elite - SROKA Company\" \/>\n<meta property=\"og:description\" content=\"La Downwind DW 8&#039;3 V2 de la gama Elite es una tabla dedicada al downwind. Para cualquiera que busque rendimiento, rigidez y facilidad de uso.\" \/>\n<meta property=\"og:url\" content=\"https:\/\/srokacompany.com\/es\/produit\/tabla-de-gama-downwind-dw-83-v2-elite\/\" \/>\n<meta property=\"og:site_name\" content=\"SROKA Company\" \/>\n<meta property=\"article:publisher\" content=\"https:\/\/www.facebook.com\/srokawatersports\/\" \/>\n<meta property=\"article:modified_time\" content=\"2026-01-23T09:20:45+00:00\" \/>\n<meta property=\"og:image\" content=\"https:\/\/srokacompany.com\/wp-content\/uploads\/2025\/07\/GDW83.png\" \/>\n\t<meta property=\"og:image:width\" content=\"720\" \/>\n\t<meta property=\"og:image:height\" content=\"960\" \/>\n\t<meta property=\"og:image:type\" content=\"image\/png\" \/>\n<meta name=\"twitter:label1\" content=\"Tiempo de lectura\" \/>\n\t<meta name=\"twitter:data1\" content=\"2 minutos\" \/>\n<script type=\"application\/ld+json\" class=\"yoast-schema-graph\">{\"@context\":\"https:\\\/\\\/schema.org\",\"@graph\":[{\"@type\":\"WebPage\",\"@id\":\"https:\\\/\\\/srokacompany.com\\\/es\\\/produit\\\/tabla-de-gama-downwind-dw-83-v2-elite\\\/\",\"url\":\"https:\\\/\\\/srokacompany.com\\\/es\\\/produit\\\/tabla-de-gama-downwind-dw-83-v2-elite\\\/\",\"name\":\"Tabla de gama Downwind DW 8'3 V2 Elite - SROKA Company\",\"isPartOf\":{\"@id\":\"https:\\\/\\\/srokacompany.com\\\/es\\\/#website\"},\"primaryImageOfPage\":{\"@id\":\"https:\\\/\\\/srokacompany.com\\\/es\\\/produit\\\/tabla-de-gama-downwind-dw-83-v2-elite\\\/#primaryimage\"},\"image\":{\"@id\":\"https:\\\/\\\/srokacompany.com\\\/es\\\/produit\\\/tabla-de-gama-downwind-dw-83-v2-elite\\\/#primaryimage\"},\"thumbnailUrl\":\"https:\\\/\\\/srokacompany.com\\\/wp-content\\\/uploads\\\/2025\\\/07\\\/GDW83.png\",\"datePublished\":\"2025-09-09T13:09:41+00:00\",\"dateModified\":\"2026-01-23T09:20:45+00:00\",\"description\":\"La Downwind DW 8'3 V2 de la gama Elite es una tabla dedicada al downwind. Para cualquiera que busque rendimiento, rigidez y facilidad de uso.\",\"breadcrumb\":{\"@id\":\"https:\\\/\\\/srokacompany.com\\\/es\\\/produit\\\/tabla-de-gama-downwind-dw-83-v2-elite\\\/#breadcrumb\"},\"inLanguage\":\"es\",\"potentialAction\":[{\"@type\":\"ReadAction\",\"target\":[\"https:\\\/\\\/srokacompany.com\\\/es\\\/produit\\\/tabla-de-gama-downwind-dw-83-v2-elite\\\/\"]}]},{\"@type\":\"ImageObject\",\"inLanguage\":\"es\",\"@id\":\"https:\\\/\\\/srokacompany.com\\\/es\\\/produit\\\/tabla-de-gama-downwind-dw-83-v2-elite\\\/#primaryimage\",\"url\":\"https:\\\/\\\/srokacompany.com\\\/wp-content\\\/uploads\\\/2025\\\/07\\\/GDW83.png\",\"contentUrl\":\"https:\\\/\\\/srokacompany.com\\\/wp-content\\\/uploads\\\/2025\\\/07\\\/GDW83.png\",\"width\":720,\"height\":960,\"caption\":\"Downwind DW 8'3 V2\"},{\"@type\":\"BreadcrumbList\",\"@id\":\"https:\\\/\\\/srokacompany.com\\\/es\\\/produit\\\/tabla-de-gama-downwind-dw-83-v2-elite\\\/#breadcrumb\",\"itemListElement\":[{\"@type\":\"ListItem\",\"position\":1,\"name\":\"Accueil\",\"item\":\"https:\\\/\\\/srokacompany.com\\\/es\\\/\"},{\"@type\":\"ListItem\",\"position\":2,\"name\":\"Tienda\",\"item\":\"https:\\\/\\\/srokacompany.com\\\/tienda\\\/\"},{\"@type\":\"ListItem\",\"position\":3,\"name\":\"Tabla de gama Downwind DW 8&rsquo;3 V2 Elite\"}]},{\"@type\":\"WebSite\",\"@id\":\"https:\\\/\\\/srokacompany.com\\\/es\\\/#website\",\"url\":\"https:\\\/\\\/srokacompany.com\\\/es\\\/\",\"name\":\"SROKA Company\",\"description\":\"SUP, Kite, Foil, Wing\",\"publisher\":{\"@id\":\"https:\\\/\\\/srokacompany.com\\\/es\\\/#organization\"},\"potentialAction\":[{\"@type\":\"SearchAction\",\"target\":{\"@type\":\"EntryPoint\",\"urlTemplate\":\"https:\\\/\\\/srokacompany.com\\\/es\\\/?s={search_term_string}\"},\"query-input\":{\"@type\":\"PropertyValueSpecification\",\"valueRequired\":true,\"valueName\":\"search_term_string\"}}],\"inLanguage\":\"es\"},{\"@type\":\"Organization\",\"@id\":\"https:\\\/\\\/srokacompany.com\\\/es\\\/#organization\",\"name\":\"SROKACOMPANY\",\"alternateName\":\"SROKA\",\"url\":\"https:\\\/\\\/srokacompany.com\\\/es\\\/\",\"logo\":{\"@type\":\"ImageObject\",\"inLanguage\":\"es\",\"@id\":\"https:\\\/\\\/srokacompany.com\\\/es\\\/#\\\/schema\\\/logo\\\/image\\\/\",\"url\":\"https:\\\/\\\/srokacompany.com\\\/wp-content\\\/uploads\\\/2021\\\/01\\\/logo-sroka-black-transpa.png\",\"contentUrl\":\"https:\\\/\\\/srokacompany.com\\\/wp-content\\\/uploads\\\/2021\\\/01\\\/logo-sroka-black-transpa.png\",\"width\":1201,\"height\":342,\"caption\":\"SROKACOMPANY\"},\"image\":{\"@id\":\"https:\\\/\\\/srokacompany.com\\\/es\\\/#\\\/schema\\\/logo\\\/image\\\/\"},\"sameAs\":[\"https:\\\/\\\/www.facebook.com\\\/srokawatersports\\\/\",\"https:\\\/\\\/www.instagram.com\\\/srokawatersports\\\/\",\"https:\\\/\\\/www.youtube.com\\\/channel\\\/UCVLHHeaPIm-J5bdEUgxqtZA\"]}]}<\/script>\n<!-- \/ Yoast SEO plugin. -->","yoast_head_json":{"title":"Tabla de gama Downwind DW 8'3 V2 Elite - SROKA Company","description":"La Downwind DW 8'3 V2 de la gama Elite es una tabla dedicada al downwind. Para cualquiera que busque rendimiento, rigidez y facilidad de uso.","robots":{"index":"index","follow":"follow","max-snippet":"max-snippet:-1","max-image-preview":"max-image-preview:large","max-video-preview":"max-video-preview:-1"},"canonical":"https:\/\/srokacompany.com\/es\/produit\/tabla-de-gama-downwind-dw-83-v2-elite\/","og_locale":"es_ES","og_type":"article","og_title":"Tabla de gama Downwind DW 8'3 V2 Elite - SROKA Company","og_description":"La Downwind DW 8'3 V2 de la gama Elite es una tabla dedicada al downwind. Para cualquiera que busque rendimiento, rigidez y facilidad de uso.","og_url":"https:\/\/srokacompany.com\/es\/produit\/tabla-de-gama-downwind-dw-83-v2-elite\/","og_site_name":"SROKA Company","article_publisher":"https:\/\/www.facebook.com\/srokawatersports\/","article_modified_time":"2026-01-23T09:20:45+00:00","og_image":[{"width":720,"height":960,"url":"https:\/\/srokacompany.com\/wp-content\/uploads\/2025\/07\/GDW83.png","type":"image\/png"}],"twitter_misc":{"Tiempo de lectura":"2 minutos"},"schema":{"@context":"https:\/\/schema.org","@graph":[{"@type":"WebPage","@id":"https:\/\/srokacompany.com\/es\/produit\/tabla-de-gama-downwind-dw-83-v2-elite\/","url":"https:\/\/srokacompany.com\/es\/produit\/tabla-de-gama-downwind-dw-83-v2-elite\/","name":"Tabla de gama Downwind DW 8'3 V2 Elite - SROKA Company","isPartOf":{"@id":"https:\/\/srokacompany.com\/es\/#website"},"primaryImageOfPage":{"@id":"https:\/\/srokacompany.com\/es\/produit\/tabla-de-gama-downwind-dw-83-v2-elite\/#primaryimage"},"image":{"@id":"https:\/\/srokacompany.com\/es\/produit\/tabla-de-gama-downwind-dw-83-v2-elite\/#primaryimage"},"thumbnailUrl":"https:\/\/srokacompany.com\/wp-content\/uploads\/2025\/07\/GDW83.png","datePublished":"2025-09-09T13:09:41+00:00","dateModified":"2026-01-23T09:20:45+00:00","description":"La Downwind DW 8'3 V2 de la gama Elite es una tabla dedicada al downwind. Para cualquiera que busque rendimiento, rigidez y facilidad de uso.","breadcrumb":{"@id":"https:\/\/srokacompany.com\/es\/produit\/tabla-de-gama-downwind-dw-83-v2-elite\/#breadcrumb"},"inLanguage":"es","potentialAction":[{"@type":"ReadAction","target":["https:\/\/srokacompany.com\/es\/produit\/tabla-de-gama-downwind-dw-83-v2-elite\/"]}]},{"@type":"ImageObject","inLanguage":"es","@id":"https:\/\/srokacompany.com\/es\/produit\/tabla-de-gama-downwind-dw-83-v2-elite\/#primaryimage","url":"https:\/\/srokacompany.com\/wp-content\/uploads\/2025\/07\/GDW83.png","contentUrl":"https:\/\/srokacompany.com\/wp-content\/uploads\/2025\/07\/GDW83.png","width":720,"height":960,"caption":"Downwind DW 8'3 V2"},{"@type":"BreadcrumbList","@id":"https:\/\/srokacompany.com\/es\/produit\/tabla-de-gama-downwind-dw-83-v2-elite\/#breadcrumb","itemListElement":[{"@type":"ListItem","position":1,"name":"Accueil","item":"https:\/\/srokacompany.com\/es\/"},{"@type":"ListItem","position":2,"name":"Tienda","item":"https:\/\/srokacompany.com\/tienda\/"},{"@type":"ListItem","position":3,"name":"Tabla de gama Downwind DW 8&rsquo;3 V2 Elite"}]},{"@type":"WebSite","@id":"https:\/\/srokacompany.com\/es\/#website","url":"https:\/\/srokacompany.com\/es\/","name":"SROKA Company","description":"SUP, Kite, Foil, Wing","publisher":{"@id":"https:\/\/srokacompany.com\/es\/#organization"},"potentialAction":[{"@type":"SearchAction","target":{"@type":"EntryPoint","urlTemplate":"https:\/\/srokacompany.com\/es\/?s={search_term_string}"},"query-input":{"@type":"PropertyValueSpecification","valueRequired":true,"valueName":"search_term_string"}}],"inLanguage":"es"},{"@type":"Organization","@id":"https:\/\/srokacompany.com\/es\/#organization","name":"SROKACOMPANY","alternateName":"SROKA","url":"https:\/\/srokacompany.com\/es\/","logo":{"@type":"ImageObject","inLanguage":"es","@id":"https:\/\/srokacompany.com\/es\/#\/schema\/logo\/image\/","url":"https:\/\/srokacompany.com\/wp-content\/uploads\/2021\/01\/logo-sroka-black-transpa.png","contentUrl":"https:\/\/srokacompany.com\/wp-content\/uploads\/2021\/01\/logo-sroka-black-transpa.png","width":1201,"height":342,"caption":"SROKACOMPANY"},"image":{"@id":"https:\/\/srokacompany.com\/es\/#\/schema\/logo\/image\/"},"sameAs":["https:\/\/www.facebook.com\/srokawatersports\/","https:\/\/www.instagram.com\/srokawatersports\/","https:\/\/www.youtube.com\/channel\/UCVLHHeaPIm-J5bdEUgxqtZA"]}]}},"uagb_featured_image_src":{"full":["https:\/\/srokacompany.com\/wp-content\/uploads\/2025\/07\/GDW83.png",720,960,false],"thumbnail":["https:\/\/srokacompany.com\/wp-content\/uploads\/2025\/07\/GDW83-150x150.png",150,150,true],"medium":["https:\/\/srokacompany.com\/wp-content\/uploads\/2025\/07\/GDW83-225x300.png",225,300,true],"medium_large":["https:\/\/srokacompany.com\/wp-content\/uploads\/2025\/07\/GDW83.png",720,960,false],"large":["https:\/\/srokacompany.com\/wp-content\/uploads\/2025\/07\/GDW83.png",720,960,false],"1536x1536":["https:\/\/srokacompany.com\/wp-content\/uploads\/2025\/07\/GDW83.png",720,960,false],"2048x2048":["https:\/\/srokacompany.com\/wp-content\/uploads\/2025\/07\/GDW83.png",720,960,false],"woocommerce_thumbnail":["https:\/\/srokacompany.com\/wp-content\/uploads\/2025\/07\/GDW83-600x800.png",600,800,true],"woocommerce_single":["https:\/\/srokacompany.com\/wp-content\/uploads\/2025\/07\/GDW83-600x800.png",600,800,true],"woocommerce_gallery_thumbnail":["https:\/\/srokacompany.com\/wp-content\/uploads\/2025\/07\/GDW83-100x100.png",100,100,true],"dgwt-wcas-product-suggestion":["https:\/\/srokacompany.com\/wp-content\/uploads\/2025\/07\/GDW83-64x85.png",64,85,true]},"uagb_author_info":{"display_name":"Bruno Sroka","author_link":"https:\/\/srokacompany.com\/es\/blog\/author\/"},"uagb_comment_info":0,"uagb_excerpt":"La nueva DW 8'3 V2 Elite SROKA, una tabla Downwind Full Carbon redise\u00f1ada para un planeo excepcional y un despegue ultra f\u00e1cil. Mayor estabilidad, maniobrabilidad \u00f3ptima y f\u00e1cil bombeo. Ideal para SUP Foil Downwind y Wingfoil Light Wind.","jetpack_sharing_enabled":true,"_links":{"self":[{"href":"https:\/\/srokacompany.com\/es\/wp-json\/wp\/v2\/product\/354029","targetHints":{"allow":["GET"]}}],"collection":[{"href":"https:\/\/srokacompany.com\/es\/wp-json\/wp\/v2\/product"}],"about":[{"href":"https:\/\/srokacompany.com\/es\/wp-json\/wp\/v2\/types\/product"}],"wp:featuredmedia":[{"embeddable":true,"href":"https:\/\/srokacompany.com\/es\/wp-json\/wp\/v2\/media\/352404"}],"wp:attachment":[{"href":"https:\/\/srokacompany.com\/es\/wp-json\/wp\/v2\/media?parent=354029"}],"wp:term":[{"taxonomy":"product_brand","embeddable":true,"href":"https:\/\/srokacompany.com\/es\/wp-json\/wp\/v2\/product_brand?post=354029"},{"taxonomy":"product_cat","embeddable":true,"href":"https:\/\/srokacompany.com\/es\/wp-json\/wp\/v2\/product_cat?post=354029"},{"taxonomy":"product_tag","embeddable":true,"href":"https:\/\/srokacompany.com\/es\/wp-json\/wp\/v2\/product_tag?post=354029"}],"curies":[{"name":"wp","href":"https:\/\/api.w.org\/{rel}","templated":true}]}}