{"id":354582,"date":"2026-01-12T16:28:08","date_gmt":"2026-01-12T14:28:08","guid":{"rendered":"https:\/\/srokacompany.com\/produit\/alas-delanteras-progress-wing-foil-para-principiantes\/"},"modified":"2026-01-15T10:15:34","modified_gmt":"2026-01-15T08:15:34","slug":"alas-delanteras-progress-wing-foil-para-principiantes","status":"publish","type":"product","link":"https:\/\/srokacompany.com\/es\/produit\/alas-delanteras-progress-wing-foil-para-principiantes\/","title":{"rendered":"Wing foil Progress: ideal para los principiantes (1500-2200)"},"content":{"rendered":"<h3 data-path-to-node=\"9\">Gama Sroka Progress: la nueva generaci\u00f3n de Wing foil para principiantes y regatistas avanzados de Wing foil.<\/h3>\n<p data-path-to-node=\"10\">La gama <b data-path-to-node=\"10\" data-index-in-node=\"9\">Sroka<\/b> Progress redefine el aprendizaje del Foil. Dise\u00f1ada como una evoluci\u00f3n directa de nuestra gama cl\u00e1sica, esta nueva generaci\u00f3n de aletas delanteras Wing foil es f\u00e1cil de empezar y ha sido completamente redise\u00f1ada para eliminar el estr\u00e9s de las primeras etapas. Tanto si est\u00e1s empezando, descubriendo la actividad o progresando, la forma de ala delantera \u00abProgress\u00bb es tu mejor aliada para volar con facilidad y serenidad y empezar con buen pie.<\/p>\n<h3 data-path-to-node=\"11\">Estabilidad absoluta y despegue garantizado<\/h3>\n<p data-path-to-node=\"12\">Nuestro objetivo prioritario: <b data-path-to-node=\"12\" data-index-in-node=\"32\">la estabilidad total<\/b>. Con una cuerda generosa (mayor distancia entre el borde de ataque y el borde de fuga) y una envergadura tranquilizadora, esta ala delantera ofrece una sustentaci\u00f3n inmediata para un despegue f\u00e1cil en Wing foil.<\/p>\n<ul data-path-to-node=\"13\">\n<li>\n<p data-path-to-node=\"13,0,0\"><b data-path-to-node=\"13,0,0\" data-index-in-node=\"0\">Despegue ultrarr\u00e1pido:<\/b> Vuele a muy baja velocidad, incluso con poco viento.<\/p>\n<\/li>\n<li>\n<p data-path-to-node=\"13,1,0\"><b data-path-to-node=\"13,1,0\" data-index-in-node=\"0\">Control del balanceo:<\/b> El vuelo es predecible, limitando los movimientos par\u00e1sitos para una actitud de vuelo serena.<\/p>\n<\/li>\n<li>\n<p data-path-to-node=\"13,2,0\"><b data-path-to-node=\"13,2,0\" data-index-in-node=\"0\">M\u00e1xima tolerancia:<\/b> Su geometr\u00eda elimina los errores de colocaci\u00f3n de los pies y los cambios bruscos de zapata.<\/p>\n<\/li>\n<\/ul>\n<h3 data-path-to-node=\"14\">Mejoras t\u00e9cnicas: \u00bfPor qu\u00e9 la gama Progress lo cambia todo?<\/h3>\n<p data-path-to-node=\"15\">En comparaci\u00f3n con la antigua gama cl\u00e1sica, <b data-path-to-node=\"15\" data-index-in-node=\"45\">Sroka<\/b> Progress ofrece ganancias netas de rendimiento:<\/p>\n<ul data-path-to-node=\"16\">\n<li>\n<p data-path-to-node=\"16,0,0\"><b data-path-to-node=\"16,0,0\" data-index-in-node=\"0\">Perfil un 20% m\u00e1s fino:<\/b> Hemos reducido el grosor para disminuir la resistencia en un 20%. El resultado: mayor Vmax y mucho mejor planeo. <\/p>\n<\/li>\n<li>\n<p data-path-to-node=\"16,1,0\"><b data-path-to-node=\"16,1,0\" data-index-in-node=\"0\">Mejor conexi\u00f3n:<\/b> Esta ganancia de planeo le permite mantenerse en el aire durante m\u00e1s tiempo, lo que facilita el aprendizaje de las trasluchadas y viradas.<\/p>\n<\/li>\n<li>\n<p data-path-to-node=\"16,2,0\"><b data-path-to-node=\"16,2,0\" data-index-in-node=\"0\">Gama ultracompleta:<\/b> la llegada de la nueva <b data-path-to-node=\"16,2,0\" data-index-in-node=\"48\">talla XXXL 2200 cm\u00b2<\/b> permite a los pilotos m\u00e1s corpulentos despegar sin esfuerzo, incluso en condiciones de viento marginal.<\/p>\n<\/li>\n<\/ul>\n<h3 data-path-to-node=\"17\">Polivalencia de Wingfoil, Dockstart y SUP Foil<\/h3>\n<p data-path-to-node=\"18\">Este aler\u00f3n delantero no s\u00f3lo rinde bien en Wingfoil. Su potencia y sustentaci\u00f3n lo hacen ideal para : <\/p>\n<ol start=\"1\" data-path-to-node=\"19\">\n<li>\n<p data-path-to-node=\"19,0,0\"><b data-path-to-node=\"19,0,0\" data-index-in-node=\"0\">Dockstart:<\/b> Aprende a bombear sobre una plataforma estable.<\/p>\n<\/li>\n<li>\n<p data-path-to-node=\"19,1,0\"><b data-path-to-node=\"19,1,0\" data-index-in-node=\"0\">El SUP Foil:<\/b> Para atrapar las ondulaciones m\u00e1s peque\u00f1as y suaves.<\/p>\n<\/li>\n<li>\n<p data-path-to-node=\"19,2,0\"><b data-path-to-node=\"19,2,0\" data-index-in-node=\"0\">Educaci\u00f3n:<\/b> La primera elecci\u00f3n de las escuelas de vela por su seguridad y r\u00e1pida progresi\u00f3n.<\/p>\n<\/li>\n<\/ol>\n<h3 data-path-to-node=\"20\">Caracter\u00edsticas de vuelo :<\/h3>\n<ul data-path-to-node=\"21\">\n<li>\n<p data-path-to-node=\"21,0,0\"><b data-path-to-node=\"21,0,0\" data-index-in-node=\"0\">Sensaci\u00f3n:<\/b> Deslizamiento fluido, amortiguado e intuitivo.<\/p>\n<\/li>\n<li>\n<p data-path-to-node=\"21,1,0\"><b data-path-to-node=\"21,1,0\" data-index-in-node=\"0\">Objetivo:<\/b> Adquirir los fundamentos del vuelo y lograr transiciones exitosas sin frustraciones.<\/p>\n<\/li>\n<li>\n<p data-path-to-node=\"21,2,0\"><b data-path-to-node=\"21,2,0\" data-index-in-node=\"0\">Compatibilidad:<\/b> ecosistema Foil.<\/p>\n<\/li>\n<\/ul>\n","protected":false},"excerpt":{"rendered":"<p data-path-to-node=\"4\"><b data-path-to-node=\"4\" data-index-in-node=\"0\">Domina tus primeros vuelos con la vela delantera Sroka Progress, la evoluci\u00f3n ultraestable de nuestra gama cl\u00e1sica.<\/b> Especialmente dise\u00f1ada para principiantes y para aquellos que quieren progresar serenamente en <b data-path-to-node=\"4\" data-index-in-node=\"178\">Wingfoil,<\/b> esta nueva generaci\u00f3n de winglets de carbono ofrece <b data-path-to-node=\"4\" data-index-in-node=\"269\">una estabilidad absoluta<\/b> y un <b data-path-to-node=\"4\" data-index-in-node=\"293\">despegue inmediato a baja velocidad<\/b>.<\/p>\n<p data-path-to-node=\"5\">Gracias a su perfil refinado (20% m\u00e1s fino), disfrutar\u00e1s de un <b data-path-to-node=\"5\" data-index-in-node=\"74\">planeo fluido con un 20% menos de resistencia<\/b>, lo que te facilitar\u00e1 la transici\u00f3n y tus primeras trasluchadas. Disponible en las tallas <b data-path-to-node=\"5\" data-index-in-node=\"192\">L (1500)<\/b> a la nueva <b data-path-to-node=\"5\" data-index-in-node=\"215\">XXXL (2200)<\/b> para pilotos m\u00e1s grandes, el ala Progress es la plataforma m\u00e1s tolerante e intuitiva para una sesi\u00f3n sin estr\u00e9s. <i data-path-to-node=\"4\" data-index-in-node=\"382\">Compatible con todos los fuselajes Foil de SROKA.<\/i><\/p>\n<p data-path-to-node=\"5\"><strong>1500 -2000 y 2200 en stock. 1750 en stock <\/strong><\/p>\n","protected":false},"featured_media":354801,"template":"","meta":{"_acf_changed":false,"_uag_custom_page_level_css":""},"product_brand":[],"product_cat":[3425,3781],"product_tag":[],"class_list":{"0":"post-354582","1":"product","2":"type-product","3":"status-publish","4":"has-post-thumbnail","6":"product_cat-aletas-foil","7":"product_cat-todas-nuestras-aletas-clasicas","8":"product_shipping_class-foil-unidad-completa-o-piezas-alas","10":"first","11":"instock","12":"taxable","13":"shipping-taxable","14":"purchasable","15":"product-type-variable"},"acf":[],"yoast_head":"<!-- This site is optimized with the Yoast SEO plugin v27.4 - https:\/\/yoast.com\/product\/yoast-seo-wordpress\/ -->\n<title>Wing foil principiante - Sroka Progress (Estable y f\u00e1cil)<\/title>\n<meta name=\"description\" content=\"Descubre el ala delantera Sroka Progress, dise\u00f1ada para aprender Wing foil f\u00e1cilmente. 20% m\u00e1s de planeo, estabilidad absoluta. Compatible con Foil. Entrega en 24\/48h.\" \/>\n<meta name=\"robots\" content=\"index, follow, max-snippet:-1, max-image-preview:large, max-video-preview:-1\" \/>\n<link rel=\"canonical\" href=\"https:\/\/srokacompany.com\/es\/produit\/alas-delanteras-progress-wing-foil-para-principiantes\/\" \/>\n<meta property=\"og:locale\" content=\"es_ES\" \/>\n<meta property=\"og:type\" content=\"article\" \/>\n<meta property=\"og:title\" content=\"Wing foil principiante - Sroka Progress (Estable y f\u00e1cil)\" \/>\n<meta property=\"og:description\" content=\"Descubre el ala delantera Sroka Progress, dise\u00f1ada para aprender Wing foil f\u00e1cilmente. 20% m\u00e1s de planeo, estabilidad absoluta. Compatible con Foil. Entrega en 24\/48h.\" \/>\n<meta property=\"og:url\" content=\"https:\/\/srokacompany.com\/es\/produit\/alas-delanteras-progress-wing-foil-para-principiantes\/\" \/>\n<meta property=\"og:site_name\" content=\"SROKA Company\" \/>\n<meta property=\"article:publisher\" content=\"https:\/\/www.facebook.com\/srokawatersports\/\" \/>\n<meta property=\"article:modified_time\" content=\"2026-01-15T08:15:34+00:00\" \/>\n<meta property=\"og:image\" content=\"https:\/\/srokacompany.com\/wp-content\/uploads\/2025\/12\/SKY-RIDER-1-e1766133207520.png\" \/>\n\t<meta property=\"og:image:width\" content=\"361\" \/>\n\t<meta property=\"og:image:height\" content=\"400\" \/>\n\t<meta property=\"og:image:type\" content=\"image\/png\" \/>\n<meta name=\"twitter:label1\" content=\"Tiempo de lectura\" \/>\n\t<meta name=\"twitter:data1\" content=\"2 minutos\" \/>\n<script type=\"application\/ld+json\" class=\"yoast-schema-graph\">{\"@context\":\"https:\\\/\\\/schema.org\",\"@graph\":[{\"@type\":\"WebPage\",\"@id\":\"https:\\\/\\\/srokacompany.com\\\/es\\\/produit\\\/alas-delanteras-progress-wing-foil-para-principiantes\\\/\",\"url\":\"https:\\\/\\\/srokacompany.com\\\/es\\\/produit\\\/alas-delanteras-progress-wing-foil-para-principiantes\\\/\",\"name\":\"Wing foil principiante - Sroka Progress (Estable y f\u00e1cil)\",\"isPartOf\":{\"@id\":\"https:\\\/\\\/srokacompany.com\\\/es\\\/#website\"},\"primaryImageOfPage\":{\"@id\":\"https:\\\/\\\/srokacompany.com\\\/es\\\/produit\\\/alas-delanteras-progress-wing-foil-para-principiantes\\\/#primaryimage\"},\"image\":{\"@id\":\"https:\\\/\\\/srokacompany.com\\\/es\\\/produit\\\/alas-delanteras-progress-wing-foil-para-principiantes\\\/#primaryimage\"},\"thumbnailUrl\":\"https:\\\/\\\/srokacompany.com\\\/wp-content\\\/uploads\\\/2026\\\/01\\\/aile-avant-de-foil-gamme-progress-1.png\",\"datePublished\":\"2026-01-12T14:28:08+00:00\",\"dateModified\":\"2026-01-15T08:15:34+00:00\",\"description\":\"Descubre el ala delantera Sroka Progress, dise\u00f1ada para aprender Wing foil f\u00e1cilmente. 20% m\u00e1s de planeo, estabilidad absoluta. Compatible con Foil. Entrega en 24\\\/48h.\",\"breadcrumb\":{\"@id\":\"https:\\\/\\\/srokacompany.com\\\/es\\\/produit\\\/alas-delanteras-progress-wing-foil-para-principiantes\\\/#breadcrumb\"},\"inLanguage\":\"es\",\"potentialAction\":[{\"@type\":\"ReadAction\",\"target\":[\"https:\\\/\\\/srokacompany.com\\\/es\\\/produit\\\/alas-delanteras-progress-wing-foil-para-principiantes\\\/\"]}]},{\"@type\":\"ImageObject\",\"inLanguage\":\"es\",\"@id\":\"https:\\\/\\\/srokacompany.com\\\/es\\\/produit\\\/alas-delanteras-progress-wing-foil-para-principiantes\\\/#primaryimage\",\"url\":\"https:\\\/\\\/srokacompany.com\\\/wp-content\\\/uploads\\\/2026\\\/01\\\/aile-avant-de-foil-gamme-progress-1.png\",\"contentUrl\":\"https:\\\/\\\/srokacompany.com\\\/wp-content\\\/uploads\\\/2026\\\/01\\\/aile-avant-de-foil-gamme-progress-1.png\",\"width\":587,\"height\":587,\"caption\":\"Comparatif tailles ailettes Sroka Progress 1500, 1750, 2000 et 2200 cm2\"},{\"@type\":\"BreadcrumbList\",\"@id\":\"https:\\\/\\\/srokacompany.com\\\/es\\\/produit\\\/alas-delanteras-progress-wing-foil-para-principiantes\\\/#breadcrumb\",\"itemListElement\":[{\"@type\":\"ListItem\",\"position\":1,\"name\":\"Accueil\",\"item\":\"https:\\\/\\\/srokacompany.com\\\/es\\\/\"},{\"@type\":\"ListItem\",\"position\":2,\"name\":\"Tienda\",\"item\":\"https:\\\/\\\/srokacompany.com\\\/tienda\\\/\"},{\"@type\":\"ListItem\",\"position\":3,\"name\":\"Wing foil Progress: ideal para los principiantes (1500-2200)\"}]},{\"@type\":\"WebSite\",\"@id\":\"https:\\\/\\\/srokacompany.com\\\/es\\\/#website\",\"url\":\"https:\\\/\\\/srokacompany.com\\\/es\\\/\",\"name\":\"SROKA Company\",\"description\":\"SUP, Kite, Foil, Wing\",\"publisher\":{\"@id\":\"https:\\\/\\\/srokacompany.com\\\/es\\\/#organization\"},\"potentialAction\":[{\"@type\":\"SearchAction\",\"target\":{\"@type\":\"EntryPoint\",\"urlTemplate\":\"https:\\\/\\\/srokacompany.com\\\/es\\\/?s={search_term_string}\"},\"query-input\":{\"@type\":\"PropertyValueSpecification\",\"valueRequired\":true,\"valueName\":\"search_term_string\"}}],\"inLanguage\":\"es\"},{\"@type\":\"Organization\",\"@id\":\"https:\\\/\\\/srokacompany.com\\\/es\\\/#organization\",\"name\":\"SROKACOMPANY\",\"alternateName\":\"SROKA\",\"url\":\"https:\\\/\\\/srokacompany.com\\\/es\\\/\",\"logo\":{\"@type\":\"ImageObject\",\"inLanguage\":\"es\",\"@id\":\"https:\\\/\\\/srokacompany.com\\\/es\\\/#\\\/schema\\\/logo\\\/image\\\/\",\"url\":\"https:\\\/\\\/srokacompany.com\\\/wp-content\\\/uploads\\\/2021\\\/01\\\/logo-sroka-black-transpa.png\",\"contentUrl\":\"https:\\\/\\\/srokacompany.com\\\/wp-content\\\/uploads\\\/2021\\\/01\\\/logo-sroka-black-transpa.png\",\"width\":1201,\"height\":342,\"caption\":\"SROKACOMPANY\"},\"image\":{\"@id\":\"https:\\\/\\\/srokacompany.com\\\/es\\\/#\\\/schema\\\/logo\\\/image\\\/\"},\"sameAs\":[\"https:\\\/\\\/www.facebook.com\\\/srokawatersports\\\/\",\"https:\\\/\\\/www.instagram.com\\\/srokawatersports\\\/\",\"https:\\\/\\\/www.youtube.com\\\/channel\\\/UCVLHHeaPIm-J5bdEUgxqtZA\"]}]}<\/script>\n<!-- \/ Yoast SEO plugin. -->","yoast_head_json":{"title":"Wing foil principiante - Sroka Progress (Estable y f\u00e1cil)","description":"Descubre el ala delantera Sroka Progress, dise\u00f1ada para aprender Wing foil f\u00e1cilmente. 20% m\u00e1s de planeo, estabilidad absoluta. Compatible con Foil. Entrega en 24\/48h.","robots":{"index":"index","follow":"follow","max-snippet":"max-snippet:-1","max-image-preview":"max-image-preview:large","max-video-preview":"max-video-preview:-1"},"canonical":"https:\/\/srokacompany.com\/es\/produit\/alas-delanteras-progress-wing-foil-para-principiantes\/","og_locale":"es_ES","og_type":"article","og_title":"Wing foil principiante - Sroka Progress (Estable y f\u00e1cil)","og_description":"Descubre el ala delantera Sroka Progress, dise\u00f1ada para aprender Wing foil f\u00e1cilmente. 20% m\u00e1s de planeo, estabilidad absoluta. Compatible con Foil. Entrega en 24\/48h.","og_url":"https:\/\/srokacompany.com\/es\/produit\/alas-delanteras-progress-wing-foil-para-principiantes\/","og_site_name":"SROKA Company","article_publisher":"https:\/\/www.facebook.com\/srokawatersports\/","article_modified_time":"2026-01-15T08:15:34+00:00","og_image":[{"width":361,"height":400,"url":"https:\/\/srokacompany.com\/wp-content\/uploads\/2025\/12\/SKY-RIDER-1-e1766133207520.png","type":"image\/png"}],"twitter_misc":{"Tiempo de lectura":"2 minutos"},"schema":{"@context":"https:\/\/schema.org","@graph":[{"@type":"WebPage","@id":"https:\/\/srokacompany.com\/es\/produit\/alas-delanteras-progress-wing-foil-para-principiantes\/","url":"https:\/\/srokacompany.com\/es\/produit\/alas-delanteras-progress-wing-foil-para-principiantes\/","name":"Wing foil principiante - Sroka Progress (Estable y f\u00e1cil)","isPartOf":{"@id":"https:\/\/srokacompany.com\/es\/#website"},"primaryImageOfPage":{"@id":"https:\/\/srokacompany.com\/es\/produit\/alas-delanteras-progress-wing-foil-para-principiantes\/#primaryimage"},"image":{"@id":"https:\/\/srokacompany.com\/es\/produit\/alas-delanteras-progress-wing-foil-para-principiantes\/#primaryimage"},"thumbnailUrl":"https:\/\/srokacompany.com\/wp-content\/uploads\/2026\/01\/aile-avant-de-foil-gamme-progress-1.png","datePublished":"2026-01-12T14:28:08+00:00","dateModified":"2026-01-15T08:15:34+00:00","description":"Descubre el ala delantera Sroka Progress, dise\u00f1ada para aprender Wing foil f\u00e1cilmente. 20% m\u00e1s de planeo, estabilidad absoluta. Compatible con Foil. Entrega en 24\/48h.","breadcrumb":{"@id":"https:\/\/srokacompany.com\/es\/produit\/alas-delanteras-progress-wing-foil-para-principiantes\/#breadcrumb"},"inLanguage":"es","potentialAction":[{"@type":"ReadAction","target":["https:\/\/srokacompany.com\/es\/produit\/alas-delanteras-progress-wing-foil-para-principiantes\/"]}]},{"@type":"ImageObject","inLanguage":"es","@id":"https:\/\/srokacompany.com\/es\/produit\/alas-delanteras-progress-wing-foil-para-principiantes\/#primaryimage","url":"https:\/\/srokacompany.com\/wp-content\/uploads\/2026\/01\/aile-avant-de-foil-gamme-progress-1.png","contentUrl":"https:\/\/srokacompany.com\/wp-content\/uploads\/2026\/01\/aile-avant-de-foil-gamme-progress-1.png","width":587,"height":587,"caption":"Comparatif tailles ailettes Sroka Progress 1500, 1750, 2000 et 2200 cm2"},{"@type":"BreadcrumbList","@id":"https:\/\/srokacompany.com\/es\/produit\/alas-delanteras-progress-wing-foil-para-principiantes\/#breadcrumb","itemListElement":[{"@type":"ListItem","position":1,"name":"Accueil","item":"https:\/\/srokacompany.com\/es\/"},{"@type":"ListItem","position":2,"name":"Tienda","item":"https:\/\/srokacompany.com\/tienda\/"},{"@type":"ListItem","position":3,"name":"Wing foil Progress: ideal para los principiantes (1500-2200)"}]},{"@type":"WebSite","@id":"https:\/\/srokacompany.com\/es\/#website","url":"https:\/\/srokacompany.com\/es\/","name":"SROKA Company","description":"SUP, Kite, Foil, Wing","publisher":{"@id":"https:\/\/srokacompany.com\/es\/#organization"},"potentialAction":[{"@type":"SearchAction","target":{"@type":"EntryPoint","urlTemplate":"https:\/\/srokacompany.com\/es\/?s={search_term_string}"},"query-input":{"@type":"PropertyValueSpecification","valueRequired":true,"valueName":"search_term_string"}}],"inLanguage":"es"},{"@type":"Organization","@id":"https:\/\/srokacompany.com\/es\/#organization","name":"SROKACOMPANY","alternateName":"SROKA","url":"https:\/\/srokacompany.com\/es\/","logo":{"@type":"ImageObject","inLanguage":"es","@id":"https:\/\/srokacompany.com\/es\/#\/schema\/logo\/image\/","url":"https:\/\/srokacompany.com\/wp-content\/uploads\/2021\/01\/logo-sroka-black-transpa.png","contentUrl":"https:\/\/srokacompany.com\/wp-content\/uploads\/2021\/01\/logo-sroka-black-transpa.png","width":1201,"height":342,"caption":"SROKACOMPANY"},"image":{"@id":"https:\/\/srokacompany.com\/es\/#\/schema\/logo\/image\/"},"sameAs":["https:\/\/www.facebook.com\/srokawatersports\/","https:\/\/www.instagram.com\/srokawatersports\/","https:\/\/www.youtube.com\/channel\/UCVLHHeaPIm-J5bdEUgxqtZA"]}]}},"uagb_featured_image_src":{"full":["https:\/\/srokacompany.com\/wp-content\/uploads\/2026\/01\/aile-avant-de-foil-gamme-progress-1.png",587,587,false],"thumbnail":["https:\/\/srokacompany.com\/wp-content\/uploads\/2026\/01\/aile-avant-de-foil-gamme-progress-1-150x150.png",150,150,true],"medium":["https:\/\/srokacompany.com\/wp-content\/uploads\/2026\/01\/aile-avant-de-foil-gamme-progress-1-300x300.png",300,300,true],"medium_large":["https:\/\/srokacompany.com\/wp-content\/uploads\/2026\/01\/aile-avant-de-foil-gamme-progress-1.png",587,587,false],"large":["https:\/\/srokacompany.com\/wp-content\/uploads\/2026\/01\/aile-avant-de-foil-gamme-progress-1.png",587,587,false],"1536x1536":["https:\/\/srokacompany.com\/wp-content\/uploads\/2026\/01\/aile-avant-de-foil-gamme-progress-1.png",587,587,false],"2048x2048":["https:\/\/srokacompany.com\/wp-content\/uploads\/2026\/01\/aile-avant-de-foil-gamme-progress-1.png",587,587,false],"woocommerce_thumbnail":["https:\/\/srokacompany.com\/wp-content\/uploads\/2026\/01\/aile-avant-de-foil-gamme-progress-1.png",587,587,false],"woocommerce_single":["https:\/\/srokacompany.com\/wp-content\/uploads\/2026\/01\/aile-avant-de-foil-gamme-progress-1.png",587,587,false],"woocommerce_gallery_thumbnail":["https:\/\/srokacompany.com\/wp-content\/uploads\/2026\/01\/aile-avant-de-foil-gamme-progress-1-100x100.png",100,100,true],"dgwt-wcas-product-suggestion":["https:\/\/srokacompany.com\/wp-content\/uploads\/2026\/01\/aile-avant-de-foil-gamme-progress-1-64x64.png",64,64,true]},"uagb_author_info":{"display_name":"Bruno Sroka","author_link":"https:\/\/srokacompany.com\/es\/blog\/author\/"},"uagb_comment_info":0,"uagb_excerpt":"Domina tus primeros vuelos con la vela delantera Sroka Progress, la evoluci\u00f3n ultraestable de nuestra gama cl\u00e1sica. Especialmente dise\u00f1ada para principiantes y para aquellos que quieren progresar serenamente en Wingfoil, esta nueva generaci\u00f3n de winglets de carbono ofrece una estabilidad absoluta y un despegue inmediato a baja velocidad. Gracias a su perfil refinado (20% m\u00e1s&hellip;","jetpack_sharing_enabled":true,"_links":{"self":[{"href":"https:\/\/srokacompany.com\/es\/wp-json\/wp\/v2\/product\/354582","targetHints":{"allow":["GET"]}}],"collection":[{"href":"https:\/\/srokacompany.com\/es\/wp-json\/wp\/v2\/product"}],"about":[{"href":"https:\/\/srokacompany.com\/es\/wp-json\/wp\/v2\/types\/product"}],"wp:featuredmedia":[{"embeddable":true,"href":"https:\/\/srokacompany.com\/es\/wp-json\/wp\/v2\/media\/354801"}],"wp:attachment":[{"href":"https:\/\/srokacompany.com\/es\/wp-json\/wp\/v2\/media?parent=354582"}],"wp:term":[{"taxonomy":"product_brand","embeddable":true,"href":"https:\/\/srokacompany.com\/es\/wp-json\/wp\/v2\/product_brand?post=354582"},{"taxonomy":"product_cat","embeddable":true,"href":"https:\/\/srokacompany.com\/es\/wp-json\/wp\/v2\/product_cat?post=354582"},{"taxonomy":"product_tag","embeddable":true,"href":"https:\/\/srokacompany.com\/es\/wp-json\/wp\/v2\/product_tag?post=354582"}],"curies":[{"name":"wp","href":"https:\/\/api.w.org\/{rel}","templated":true}]}}