{"id":354776,"date":"2026-01-23T11:18:45","date_gmt":"2026-01-23T09:18:45","guid":{"rendered":"https:\/\/srokacompany.com\/produit\/tabla-mid-lenght-lw-v2\/"},"modified":"2026-02-04T19:07:21","modified_gmt":"2026-02-04T17:07:21","slug":"tabla-mid-lenght-lw-v2","status":"publish","type":"product","link":"https:\/\/srokacompany.com\/es\/produit\/tabla-mid-lenght-lw-v2\/","title":{"rendered":"Tabla Mid-Lenght LW &#8211; V2"},"content":{"rendered":"<h3 data-path-to-node=\"8\"><strong>Tabla Wing foil Mid-Lenght: \u00bfLa revoluci\u00f3n del viento flojo?<\/strong><\/h3>\n<p data-path-to-node=\"9\">La <b data-path-to-node=\"4,1,1,0\" data-index-in-node=\"4\">tabla Wing foil Mid-Length<\/b> Elite LW es la respuesta de Sroka a la tendencia del mercado hacia formas m\u00e1s largas y delgadas. El <b data-path-to-node=\"9\" data-index-in-node=\"98\">Sroka Mid-Length V2<\/b> es la elecci\u00f3n <b data-path-to-node=\"9\" data-index-in-node=\"142\">de alto rendimiento<\/b> para navegantes exigentes que quieren navegar con vientos flojos. Combinando la velocidad del casco de una tabla Downwind con la ergonom\u00eda de una tabla Wing cl\u00e1sica, hemos creado una <b data-path-to-node=\"9\" data-index-in-node=\"315\">especialista en vientos flojos<\/b> capaz de un rendimiento extremo.<\/p>\n<h3 data-path-to-node=\"10\"><b data-path-to-node=\"10\" data-index-in-node=\"0\">Construcci\u00f3n de carbono Elite indestructible.<\/b><\/h3>\n<p data-path-to-node=\"10\">Cada tabla est\u00e1 fabricada con <b data-path-to-node=\"10\" data-index-in-node=\"87\">Full Sandwich Carbon<\/b>, una tecnolog\u00eda de primera calidad que garantiza la m\u00e1xima rigidez. A diferencia de las construcciones convencionales, el s\u00e1ndwich de PVC\/carbono de la gama Elite permite que la energ\u00eda se transmita directamente de sus soportes al Foil. Esta rigidez es la clave para bombear eficientemente y despegar con una aleta m\u00e1s peque\u00f1a, aumentando tu velocidad y tu disfrute del vuelo.<\/p>\n<p data-path-to-node=\"11\"><b data-path-to-node=\"11\" data-index-in-node=\"0\">La revoluci\u00f3n de la estabilidad lateral<\/b> La gran novedad de esta V2 reside en su equilibrio optimizado. Al a\u00f1adir una pulgada a la anchura de la tabla (de 20&#8243; a 23&#8243; seg\u00fan el modelo), hemos respondido a las necesidades de los navegantes intermedios y expertos en mar gruesa. La anchura extra facilita el levantarse de rodillas y colocar la tabla perpendicular al eje longitudinal, haciendo que la tabla <b data-path-to-node=\"11\" data-index-in-node=\"405\">sea mucho m\u00e1s sencilla e intuitiva<\/b> en condiciones duras, sin perder un \u00e1pice de rendimiento en el despegue.  <\/p>\n<p data-path-to-node=\"12\"><b data-path-to-node=\"12\" data-index-in-node=\"0\">Un quiver polivalente: Wing, SUP y Downwind<\/b> Gracias a su shape h\u00edbrido y a sus 4 tallas (5&#8217;4, 5&#8217;8, 6&#8217;0 y 6&#8217;4), esta tabla es una verdadera plataforma multisoporte. Destaca en <b data-path-to-node=\"12\" data-index-in-node=\"186\">Wing foil Light Wind<\/b>, pero su excepcional planeo tambi\u00e9n la convierte en una aliada formidable para el <b data-path-to-node=\"12\" data-index-in-node=\"285\">SUP Foil<\/b> y el <b data-path-to-node=\"12\" data-index-in-node=\"300\">Downwind f\u00e1cil<\/b>. Con su funda de gama alta incluida, est\u00e1 lista para llevarte a todos los lugares del mundo.  <\/p>\n<p><b data-path-to-node=\"16,0\" data-index-in-node=\"0\">Experiencia de Sroka:<\/b> Como <b data-path-to-node=\"16,0\" data-index-in-node=\"30\">especialista en viento ligero<\/b>, la empresa Sroka desarrolla formas <b data-path-to-node=\"16,0\" data-index-in-node=\"88\">de alto rendimiento<\/b> que optimizan el flujo laminar. La gama Mid-Length V2 (5&#8217;4 a 6&#8217;4) es el resultado de pruebas intensivas para ofrecer la mejor eficacia del mercado mundial de Wingfoil.<\/p>\n<h3>\u00bfPor qu\u00e9 elegir la tabla Wing foil Mid-Length Elite LW?<\/h3>\n<p>La <b data-path-to-node=\"7,1\" data-index-in-node=\"4\">tabla Wing foil Mid-Length<\/b> Elite LW est\u00e1 dise\u00f1ada para maximizar tu tiempo en el agua. Gracias a su construcci\u00f3n totalmente de carbono, esta <b data-path-to-node=\"7,1\" data-index-in-node=\"135\">tabla Wing foil Mid-Length<\/b> ofrece una rigidez perfecta para el bombeo. Para optimizar su rendimiento, le recomendamos que lo combine con uno de nuestros <a class=\"ng-star-inserted\" href=\"https:\/\/srokacompany.com\/eshop\/foils\/tous-les-foils-carbone\/\" target=\"_blank\" rel=\"noopener\">Foils de carbono Sroka<\/a>. Tambi\u00e9n puedes ver esta <b data-path-to-node=\"7,1\" data-index-in-node=\"349\">tabla Wing foil Mid-Length<\/b> en acci\u00f3n en nuestro canal de <a class=\"ng-star-inserted\" href=\"https:\/\/www.youtube.com\/@SrokaCompany\" target=\"_blank\" rel=\"noopener\">YouTube de Sroka Company<\/a>.<\/p>\n","protected":false},"excerpt":{"rendered":"<p>La <b data-path-to-node=\"4,0\" data-index-in-node=\"4\">tabla Wing foil Mid-Length<\/b> Elite LW es la especialista en vientos flojos. Gracias a su forma alargada, esta <b data-path-to-node=\"4,0\" data-index-in-node=\"109\">tabla Wing foil Mid-Length<\/b> ofrece un deslizamiento excepcional para despegar antes que cualquier otra tabla cl\u00e1sica.<\/p>\n<p><i data-path-to-node=\"8\" data-index-in-node=\"429\">Disponible en 4 tallas: 5&#8217;4, 5&#8217;8, 6&#8217;0 y 6&#8217;4.  <\/i><span style=\"color: #ff0000;\"><em>(Estas dos primeras tallas, 5&#8217;4 y 5&#8217;8, est\u00e1n disponibles para pedidos durante todo el a\u00f1o, con un plazo de entrega de 40 d\u00edas. La 6&#8217;0 y la versi\u00f3n LW 6&#8217;4 de la Ultra-Light 6&#8217;4 est\u00e1n en stock).<\/em><\/span><\/p>\n","protected":false},"featured_media":354684,"template":"","meta":{"_acf_changed":false,"_uag_custom_page_level_css":""},"product_brand":[],"product_cat":[3521,3523,3525,3444],"product_tag":[],"class_list":{"0":"post-354776","1":"product","2":"type-product","3":"status-publish","4":"has-post-thumbnail","6":"product_cat-elite-es","7":"product_cat-tablas-wing-foil-mejor-precio","8":"product_cat-tablero-de-la-gama-elite","9":"product_cat-wing-foil-es","10":"product_shipping_class-tablero-2025","12":"first","13":"instock","14":"taxable","15":"shipping-taxable","16":"purchasable","17":"product-type-variable"},"acf":[],"yoast_head":"<!-- This site is optimized with the Yoast SEO plugin v27.4 - https:\/\/yoast.com\/product\/yoast-seo-wordpress\/ -->\n<title>Tabla Wing foil Mid-Length | Sroka Elite LW | Deslizamiento &amp; Estabilidad<\/title>\n<meta name=\"description\" content=\"Wing foil Mid-Length V2 Tabla Mid-Length de alto rendimiento, aut\u00e9ntica especialista en viento flojo para salidas tempranas. Construcci\u00f3n Sandwich de carbono.\" \/>\n<meta name=\"robots\" content=\"index, follow, max-snippet:-1, max-image-preview:large, max-video-preview:-1\" \/>\n<link rel=\"canonical\" href=\"https:\/\/srokacompany.com\/es\/produit\/tabla-mid-lenght-lw-v2\/\" \/>\n<meta property=\"og:locale\" content=\"es_ES\" \/>\n<meta property=\"og:type\" content=\"article\" \/>\n<meta property=\"og:title\" content=\"Tabla Wing foil Mid-Length | Sroka Elite LW | Deslizamiento &amp; Estabilidad\" \/>\n<meta property=\"og:description\" content=\"Wing foil Mid-Length V2 Tabla Mid-Length de alto rendimiento, aut\u00e9ntica especialista en viento flojo para salidas tempranas. Construcci\u00f3n Sandwich de carbono.\" \/>\n<meta property=\"og:url\" content=\"https:\/\/srokacompany.com\/es\/produit\/tabla-mid-lenght-lw-v2\/\" \/>\n<meta property=\"og:site_name\" content=\"SROKA Company\" \/>\n<meta property=\"article:publisher\" content=\"https:\/\/www.facebook.com\/srokawatersports\/\" \/>\n<meta property=\"article:modified_time\" content=\"2026-02-04T17:07:21+00:00\" \/>\n<meta property=\"og:image\" content=\"https:\/\/srokacompany.com\/wp-content\/uploads\/2026\/01\/LW-Mid-lenght-wing-foil-SROKA-High-performance.png\" \/>\n\t<meta property=\"og:image:width\" content=\"1612\" \/>\n\t<meta property=\"og:image:height\" content=\"1512\" \/>\n\t<meta property=\"og:image:type\" content=\"image\/png\" \/>\n<meta name=\"twitter:label1\" content=\"Tiempo de lectura\" \/>\n\t<meta name=\"twitter:data1\" content=\"2 minutos\" \/>\n<script type=\"application\/ld+json\" class=\"yoast-schema-graph\">{\"@context\":\"https:\\\/\\\/schema.org\",\"@graph\":[{\"@type\":\"WebPage\",\"@id\":\"https:\\\/\\\/srokacompany.com\\\/es\\\/produit\\\/tabla-mid-lenght-lw-v2\\\/\",\"url\":\"https:\\\/\\\/srokacompany.com\\\/es\\\/produit\\\/tabla-mid-lenght-lw-v2\\\/\",\"name\":\"Tabla Wing foil Mid-Length | Sroka Elite LW | Deslizamiento & Estabilidad\",\"isPartOf\":{\"@id\":\"https:\\\/\\\/srokacompany.com\\\/es\\\/#website\"},\"primaryImageOfPage\":{\"@id\":\"https:\\\/\\\/srokacompany.com\\\/es\\\/produit\\\/tabla-mid-lenght-lw-v2\\\/#primaryimage\"},\"image\":{\"@id\":\"https:\\\/\\\/srokacompany.com\\\/es\\\/produit\\\/tabla-mid-lenght-lw-v2\\\/#primaryimage\"},\"thumbnailUrl\":\"https:\\\/\\\/srokacompany.com\\\/wp-content\\\/uploads\\\/2026\\\/01\\\/LW-Mid-lenght-wing-foil-SROKA-High-performance.png\",\"datePublished\":\"2026-01-23T09:18:45+00:00\",\"dateModified\":\"2026-02-04T17:07:21+00:00\",\"description\":\"Wing foil Mid-Length V2 Tabla Mid-Length de alto rendimiento, aut\u00e9ntica especialista en viento flojo para salidas tempranas. Construcci\u00f3n Sandwich de carbono.\",\"breadcrumb\":{\"@id\":\"https:\\\/\\\/srokacompany.com\\\/es\\\/produit\\\/tabla-mid-lenght-lw-v2\\\/#breadcrumb\"},\"inLanguage\":\"es\",\"potentialAction\":[{\"@type\":\"ReadAction\",\"target\":[\"https:\\\/\\\/srokacompany.com\\\/es\\\/produit\\\/tabla-mid-lenght-lw-v2\\\/\"]}]},{\"@type\":\"ImageObject\",\"inLanguage\":\"es\",\"@id\":\"https:\\\/\\\/srokacompany.com\\\/es\\\/produit\\\/tabla-mid-lenght-lw-v2\\\/#primaryimage\",\"url\":\"https:\\\/\\\/srokacompany.com\\\/wp-content\\\/uploads\\\/2026\\\/01\\\/LW-Mid-lenght-wing-foil-SROKA-High-performance.png\",\"contentUrl\":\"https:\\\/\\\/srokacompany.com\\\/wp-content\\\/uploads\\\/2026\\\/01\\\/LW-Mid-lenght-wing-foil-SROKA-High-performance.png\",\"width\":1612,\"height\":1512,\"caption\":\"Planche-wingfoil-mid-length-V2-Sroka-carbone-6-4, detail-shape-mid-length-V2-high-performance\"},{\"@type\":\"BreadcrumbList\",\"@id\":\"https:\\\/\\\/srokacompany.com\\\/es\\\/produit\\\/tabla-mid-lenght-lw-v2\\\/#breadcrumb\",\"itemListElement\":[{\"@type\":\"ListItem\",\"position\":1,\"name\":\"Accueil\",\"item\":\"https:\\\/\\\/srokacompany.com\\\/es\\\/\"},{\"@type\":\"ListItem\",\"position\":2,\"name\":\"Tienda\",\"item\":\"https:\\\/\\\/srokacompany.com\\\/tienda\\\/\"},{\"@type\":\"ListItem\",\"position\":3,\"name\":\"Tabla Mid-Lenght LW &#8211; V2\"}]},{\"@type\":\"WebSite\",\"@id\":\"https:\\\/\\\/srokacompany.com\\\/es\\\/#website\",\"url\":\"https:\\\/\\\/srokacompany.com\\\/es\\\/\",\"name\":\"SROKA Company\",\"description\":\"SUP, Kite, Foil, Wing\",\"publisher\":{\"@id\":\"https:\\\/\\\/srokacompany.com\\\/es\\\/#organization\"},\"potentialAction\":[{\"@type\":\"SearchAction\",\"target\":{\"@type\":\"EntryPoint\",\"urlTemplate\":\"https:\\\/\\\/srokacompany.com\\\/es\\\/?s={search_term_string}\"},\"query-input\":{\"@type\":\"PropertyValueSpecification\",\"valueRequired\":true,\"valueName\":\"search_term_string\"}}],\"inLanguage\":\"es\"},{\"@type\":\"Organization\",\"@id\":\"https:\\\/\\\/srokacompany.com\\\/es\\\/#organization\",\"name\":\"SROKACOMPANY\",\"alternateName\":\"SROKA\",\"url\":\"https:\\\/\\\/srokacompany.com\\\/es\\\/\",\"logo\":{\"@type\":\"ImageObject\",\"inLanguage\":\"es\",\"@id\":\"https:\\\/\\\/srokacompany.com\\\/es\\\/#\\\/schema\\\/logo\\\/image\\\/\",\"url\":\"https:\\\/\\\/srokacompany.com\\\/wp-content\\\/uploads\\\/2021\\\/01\\\/logo-sroka-black-transpa.png\",\"contentUrl\":\"https:\\\/\\\/srokacompany.com\\\/wp-content\\\/uploads\\\/2021\\\/01\\\/logo-sroka-black-transpa.png\",\"width\":1201,\"height\":342,\"caption\":\"SROKACOMPANY\"},\"image\":{\"@id\":\"https:\\\/\\\/srokacompany.com\\\/es\\\/#\\\/schema\\\/logo\\\/image\\\/\"},\"sameAs\":[\"https:\\\/\\\/www.facebook.com\\\/srokawatersports\\\/\",\"https:\\\/\\\/www.instagram.com\\\/srokawatersports\\\/\",\"https:\\\/\\\/www.youtube.com\\\/channel\\\/UCVLHHeaPIm-J5bdEUgxqtZA\"]}]}<\/script>\n<!-- \/ Yoast SEO plugin. -->","yoast_head_json":{"title":"Tabla Wing foil Mid-Length | Sroka Elite LW | Deslizamiento & Estabilidad","description":"Wing foil Mid-Length V2 Tabla Mid-Length de alto rendimiento, aut\u00e9ntica especialista en viento flojo para salidas tempranas. Construcci\u00f3n Sandwich de carbono.","robots":{"index":"index","follow":"follow","max-snippet":"max-snippet:-1","max-image-preview":"max-image-preview:large","max-video-preview":"max-video-preview:-1"},"canonical":"https:\/\/srokacompany.com\/es\/produit\/tabla-mid-lenght-lw-v2\/","og_locale":"es_ES","og_type":"article","og_title":"Tabla Wing foil Mid-Length | Sroka Elite LW | Deslizamiento & Estabilidad","og_description":"Wing foil Mid-Length V2 Tabla Mid-Length de alto rendimiento, aut\u00e9ntica especialista en viento flojo para salidas tempranas. Construcci\u00f3n Sandwich de carbono.","og_url":"https:\/\/srokacompany.com\/es\/produit\/tabla-mid-lenght-lw-v2\/","og_site_name":"SROKA Company","article_publisher":"https:\/\/www.facebook.com\/srokawatersports\/","article_modified_time":"2026-02-04T17:07:21+00:00","og_image":[{"width":1612,"height":1512,"url":"https:\/\/srokacompany.com\/wp-content\/uploads\/2026\/01\/LW-Mid-lenght-wing-foil-SROKA-High-performance.png","type":"image\/png"}],"twitter_misc":{"Tiempo de lectura":"2 minutos"},"schema":{"@context":"https:\/\/schema.org","@graph":[{"@type":"WebPage","@id":"https:\/\/srokacompany.com\/es\/produit\/tabla-mid-lenght-lw-v2\/","url":"https:\/\/srokacompany.com\/es\/produit\/tabla-mid-lenght-lw-v2\/","name":"Tabla Wing foil Mid-Length | Sroka Elite LW | Deslizamiento & Estabilidad","isPartOf":{"@id":"https:\/\/srokacompany.com\/es\/#website"},"primaryImageOfPage":{"@id":"https:\/\/srokacompany.com\/es\/produit\/tabla-mid-lenght-lw-v2\/#primaryimage"},"image":{"@id":"https:\/\/srokacompany.com\/es\/produit\/tabla-mid-lenght-lw-v2\/#primaryimage"},"thumbnailUrl":"https:\/\/srokacompany.com\/wp-content\/uploads\/2026\/01\/LW-Mid-lenght-wing-foil-SROKA-High-performance.png","datePublished":"2026-01-23T09:18:45+00:00","dateModified":"2026-02-04T17:07:21+00:00","description":"Wing foil Mid-Length V2 Tabla Mid-Length de alto rendimiento, aut\u00e9ntica especialista en viento flojo para salidas tempranas. Construcci\u00f3n Sandwich de carbono.","breadcrumb":{"@id":"https:\/\/srokacompany.com\/es\/produit\/tabla-mid-lenght-lw-v2\/#breadcrumb"},"inLanguage":"es","potentialAction":[{"@type":"ReadAction","target":["https:\/\/srokacompany.com\/es\/produit\/tabla-mid-lenght-lw-v2\/"]}]},{"@type":"ImageObject","inLanguage":"es","@id":"https:\/\/srokacompany.com\/es\/produit\/tabla-mid-lenght-lw-v2\/#primaryimage","url":"https:\/\/srokacompany.com\/wp-content\/uploads\/2026\/01\/LW-Mid-lenght-wing-foil-SROKA-High-performance.png","contentUrl":"https:\/\/srokacompany.com\/wp-content\/uploads\/2026\/01\/LW-Mid-lenght-wing-foil-SROKA-High-performance.png","width":1612,"height":1512,"caption":"Planche-wingfoil-mid-length-V2-Sroka-carbone-6-4, detail-shape-mid-length-V2-high-performance"},{"@type":"BreadcrumbList","@id":"https:\/\/srokacompany.com\/es\/produit\/tabla-mid-lenght-lw-v2\/#breadcrumb","itemListElement":[{"@type":"ListItem","position":1,"name":"Accueil","item":"https:\/\/srokacompany.com\/es\/"},{"@type":"ListItem","position":2,"name":"Tienda","item":"https:\/\/srokacompany.com\/tienda\/"},{"@type":"ListItem","position":3,"name":"Tabla Mid-Lenght LW &#8211; V2"}]},{"@type":"WebSite","@id":"https:\/\/srokacompany.com\/es\/#website","url":"https:\/\/srokacompany.com\/es\/","name":"SROKA Company","description":"SUP, Kite, Foil, Wing","publisher":{"@id":"https:\/\/srokacompany.com\/es\/#organization"},"potentialAction":[{"@type":"SearchAction","target":{"@type":"EntryPoint","urlTemplate":"https:\/\/srokacompany.com\/es\/?s={search_term_string}"},"query-input":{"@type":"PropertyValueSpecification","valueRequired":true,"valueName":"search_term_string"}}],"inLanguage":"es"},{"@type":"Organization","@id":"https:\/\/srokacompany.com\/es\/#organization","name":"SROKACOMPANY","alternateName":"SROKA","url":"https:\/\/srokacompany.com\/es\/","logo":{"@type":"ImageObject","inLanguage":"es","@id":"https:\/\/srokacompany.com\/es\/#\/schema\/logo\/image\/","url":"https:\/\/srokacompany.com\/wp-content\/uploads\/2021\/01\/logo-sroka-black-transpa.png","contentUrl":"https:\/\/srokacompany.com\/wp-content\/uploads\/2021\/01\/logo-sroka-black-transpa.png","width":1201,"height":342,"caption":"SROKACOMPANY"},"image":{"@id":"https:\/\/srokacompany.com\/es\/#\/schema\/logo\/image\/"},"sameAs":["https:\/\/www.facebook.com\/srokawatersports\/","https:\/\/www.instagram.com\/srokawatersports\/","https:\/\/www.youtube.com\/channel\/UCVLHHeaPIm-J5bdEUgxqtZA"]}]}},"uagb_featured_image_src":{"full":["https:\/\/srokacompany.com\/wp-content\/uploads\/2026\/01\/LW-Mid-lenght-wing-foil-SROKA-High-performance.png",1612,1512,false],"thumbnail":["https:\/\/srokacompany.com\/wp-content\/uploads\/2026\/01\/LW-Mid-lenght-wing-foil-SROKA-High-performance-150x150.png",150,150,true],"medium":["https:\/\/srokacompany.com\/wp-content\/uploads\/2026\/01\/LW-Mid-lenght-wing-foil-SROKA-High-performance-300x281.png",300,281,true],"medium_large":["https:\/\/srokacompany.com\/wp-content\/uploads\/2026\/01\/LW-Mid-lenght-wing-foil-SROKA-High-performance-768x720.png",768,720,true],"large":["https:\/\/srokacompany.com\/wp-content\/uploads\/2026\/01\/LW-Mid-lenght-wing-foil-SROKA-High-performance-1024x960.png",1024,960,true],"1536x1536":["https:\/\/srokacompany.com\/wp-content\/uploads\/2026\/01\/LW-Mid-lenght-wing-foil-SROKA-High-performance-1536x1441.png",1536,1441,true],"2048x2048":["https:\/\/srokacompany.com\/wp-content\/uploads\/2026\/01\/LW-Mid-lenght-wing-foil-SROKA-High-performance.png",1612,1512,false],"woocommerce_thumbnail":["https:\/\/srokacompany.com\/wp-content\/uploads\/2026\/01\/LW-Mid-lenght-wing-foil-SROKA-High-performance-600x563.png",600,563,true],"woocommerce_single":["https:\/\/srokacompany.com\/wp-content\/uploads\/2026\/01\/LW-Mid-lenght-wing-foil-SROKA-High-performance-600x563.png",600,563,true],"woocommerce_gallery_thumbnail":["https:\/\/srokacompany.com\/wp-content\/uploads\/2026\/01\/LW-Mid-lenght-wing-foil-SROKA-High-performance-100x100.png",100,100,true],"dgwt-wcas-product-suggestion":["https:\/\/srokacompany.com\/wp-content\/uploads\/2026\/01\/LW-Mid-lenght-wing-foil-SROKA-High-performance-64x60.png",64,60,true]},"uagb_author_info":{"display_name":"Bruno Sroka","author_link":"https:\/\/srokacompany.com\/es\/blog\/author\/"},"uagb_comment_info":0,"uagb_excerpt":"La tabla Wing foil Mid-Length Elite LW es la especialista en vientos flojos. Gracias a su forma alargada, esta tabla Wing foil Mid-Length ofrece un deslizamiento excepcional para despegar antes que cualquier otra tabla cl\u00e1sica. Disponible en 4 tallas: 5'4, 5'8, 6'0 y 6'4. (Estas dos primeras tallas, 5'4 y 5'8, est\u00e1n disponibles para pedidos&hellip;","jetpack_sharing_enabled":true,"_links":{"self":[{"href":"https:\/\/srokacompany.com\/es\/wp-json\/wp\/v2\/product\/354776","targetHints":{"allow":["GET"]}}],"collection":[{"href":"https:\/\/srokacompany.com\/es\/wp-json\/wp\/v2\/product"}],"about":[{"href":"https:\/\/srokacompany.com\/es\/wp-json\/wp\/v2\/types\/product"}],"wp:featuredmedia":[{"embeddable":true,"href":"https:\/\/srokacompany.com\/es\/wp-json\/wp\/v2\/media\/354684"}],"wp:attachment":[{"href":"https:\/\/srokacompany.com\/es\/wp-json\/wp\/v2\/media?parent=354776"}],"wp:term":[{"taxonomy":"product_brand","embeddable":true,"href":"https:\/\/srokacompany.com\/es\/wp-json\/wp\/v2\/product_brand?post=354776"},{"taxonomy":"product_cat","embeddable":true,"href":"https:\/\/srokacompany.com\/es\/wp-json\/wp\/v2\/product_cat?post=354776"},{"taxonomy":"product_tag","embeddable":true,"href":"https:\/\/srokacompany.com\/es\/wp-json\/wp\/v2\/product_tag?post=354776"}],"curies":[{"name":"wp","href":"https:\/\/api.w.org\/{rel}","templated":true}]}}