{"id":354828,"date":"2026-02-03T16:59:21","date_gmt":"2026-02-03T14:59:21","guid":{"rendered":"https:\/\/srokacompany.com\/produit\/aleron-delantero-dw-900\/"},"modified":"2026-02-04T19:03:46","modified_gmt":"2026-02-04T17:03:46","slug":"aleron-delantero-dw-900","status":"publish","type":"product","link":"https:\/\/srokacompany.com\/es\/produit\/aleron-delantero-dw-900\/","title":{"rendered":"Aler\u00f3n delantero Foil DW 900"},"content":{"rendered":"<p class=\"p1\"><b>El ala delantera DW 900 foil est\u00e1 dise\u00f1ada para ofrecer un planeo incomparable en Downwind y Wing foil.<\/b><\/p>\n<p class=\"p2\">El<b>DW 900<\/b> est\u00e1 redefiniendo los est\u00e1ndares del parapente de alta mar. Con un perfil a\u00fan m\u00e1s fino y una envergadura optimizada (relaci\u00f3n de aspecto de 14) para minimizar la resistencia, permite despegar pronto y mantener una velocidad media y m\u00e1xima impresionantes. Es el equipo ideal para convertir la menor ondulaci\u00f3n en un vuelo sin fin.  <\/p>\n<h3 class=\"p3\"><b>Especificaciones t\u00e9cnicas del DW 900<\/b><\/h3>\n<p class=\"p2\">Desarrollada espec\u00edficamente para los entusiastas exigentes del Downwind y el Wing foil, el<b>ala frontal DW 900<\/b> cuenta con :<\/p>\n<ul class=\"ul1\">\n<li class=\"li2\"><b>Una relaci\u00f3n de aspecto de 14:<\/b> elevaci\u00f3n optimizada para una resistencia m\u00ednima. Cuanto mayor sea la relaci\u00f3n de aspecto, mayor ser\u00e1 la velocidad media. <\/li>\n<li class=\"li2\"><b>Construcci\u00f3n totalmente de carbono con una secci\u00f3n de carbono HM (alto m\u00f3dulo):<\/b> M\u00e1xima rigidez para una transmisi\u00f3n directa de la energ\u00eda. Afinar las cuerdas significa hacer m\u00e1s r\u00edgida la aleta delantera para maximizar la rigidez. Por eso utilizamos m\u00e1s carbono de alto m\u00f3dulo y de mejor calidad.  <\/li>\n<li class=\"li2\"><b>Perfil ultrafino:<\/b> Dise\u00f1ado para cortar el agua con una eficiencia aerodin\u00e1mica superior.<\/li>\n<\/ul>\n<h3 class=\"p3\"><b>\u00bfPor qu\u00e9 elegir el ala DW 900 en lugar de un ala Foil UHA?<\/b><\/h3>\n<p class=\"p2\">A diferencia de la gama UHA (Ultra High Aspect), el<b>ala Foil DW 900<\/b> est\u00e1 optimizada para mantener el vuelo a baja velocidad durante las fases intensas de bombeo. Ofrece la sustentaci\u00f3n de un ala de 1100 cm\u00b2 con la agilidad y velocidad de una de 900 cm\u00b2. Tanto si est\u00e1s cruzando zonas tranquilas en Downwind como volando libre en Wing foil, esta vela es la elecci\u00f3n para el rendimiento puro. La alt\u00edsima velocidad media te sorprender\u00e1.   <\/p>\n<p class=\"p2\"><span class=\"s1\"><a href=\"https:\/\/srokacompany.com\/es\/eshop\/paletas-de-viento-descendente\/\">La gama UHA<\/a><\/span> ya no ser\u00e1 un 4&#215;4 polivalente. la gama DW se centrar\u00e1 m\u00e1s en el planeo y menos en la resistencia aerodin\u00e1mica. El control del cabeceo requerir\u00e1 un poco m\u00e1s de precisi\u00f3n, pero el planeo ser\u00e1 mucho mejor.<\/p>\n<p class=\"p2\"><b>Consejos de expertos para su mejor rendimiento:<\/b><\/p>\n<p class=\"p2\">Para terminar, te recomendamos que combines esta vela con <a href=\"https:\/\/srokacompany.com\/es\/produit\/mastil-de-carbono-elite-14-mm-85-cm-fuselaje\/\"><span class=\"s1\">el m\u00e1stil de carbono Hm Elite 14 mm<\/span><\/a> o <a href=\"https:\/\/srokacompany.com\/es\/produit\/mastil-solo-carbono-16-mm-85-cm-fuselaje\/\"><span class=\"s1\">el m\u00e1stil Solo HM de 16 mm.<\/span><\/a> Una configuraci\u00f3n r\u00edgida es esencial para transmitir la precisi\u00f3n de este perfil de ala delantera a tu tabla. <a href=\"https:\/\/www.youtube.com\/watch?v=0Q7GFd8HUko&amp;t=15s\"><span class=\"s1\">Para m\u00e1s detalles t\u00e9cnicos sobre el tuning,<\/span><\/a><\/p>\n","protected":false},"excerpt":{"rendered":"<h3 class=\"p1\"><b>Aletas delanteras Foil DW 900: Deslizamiento, velocidad y rendimiento<\/b><\/h3>\n<p class=\"p2\">El<b data-path-to-node=\"6,0\" data-index-in-node=\"3\">ala delantera DW 900<\/b> SROKA<b data-path-to-node=\"6,0\" data-index-in-node=\"3\">foil<\/b> est\u00e1 dise\u00f1ada para Downwind y Wing foil de alto rendimiento. Con un Aspect Ratio (AR) de 14, este <b data-path-to-node=\"6,0\" data-index-in-node=\"140\">Foil delantero DW<\/b> 900 ofrece un planeo infinito y una eficacia de bombeo inigualable. Sustituye la elevaci\u00f3n de una UHA 1100 por la velocidad de una 900 cm2. que ofrece una experiencia excepcional para <b>pilotos avanzados y expertos. <\/b>Esta gama est\u00e1 totalmente dedicada a maximizar el planeo y la velocidad minimizando la resistencia aerodin\u00e1mica.<\/p>\n<p class=\"p2\">Descubrir\u00e1 una velocidad punta impresionante, ya sea durante sus sesiones de Downwind o de Wing foil. La gama DW incluye actualmente. <\/p>\n","protected":false},"featured_media":352667,"template":"","meta":{"_acf_changed":false,"_uag_custom_page_level_css":""},"product_brand":[],"product_cat":[3446,3425,3448,3449],"product_tag":[3429,3450],"class_list":{"0":"post-354828","1":"product","2":"type-product","3":"status-publish","4":"has-post-thumbnail","6":"product_cat-ailette-surf-foil-es","7":"product_cat-aletas-foil","8":"product_cat-aletas-sup-foil","9":"product_cat-paletas-de-viento-descendente","10":"product_tag-avanzado","11":"product_tag-experto","12":"product_shipping_class-pequeno-envio","14":"first","15":"instock","16":"taxable","17":"shipping-taxable","18":"purchasable","19":"product-type-simple"},"acf":[],"yoast_head":"<!-- This site is optimized with the Yoast SEO plugin v27.4 - https:\/\/yoast.com\/product\/yoast-seo-wordpress\/ -->\n<title>Ala delantera de Foil DW 900<\/title>\n<meta name=\"description\" content=\"DW 900 foil front wing de Downwind, Wingfoil, sup foil que te proporcionar\u00e1 un deslizamiento infinito y un bombeo ultra f\u00e1cil. Dise\u00f1ado para riders exigentes.\" \/>\n<meta name=\"robots\" content=\"index, follow, max-snippet:-1, max-image-preview:large, max-video-preview:-1\" \/>\n<link rel=\"canonical\" href=\"https:\/\/srokacompany.com\/es\/produit\/aleron-delantero-dw-900\/\" \/>\n<meta property=\"og:locale\" content=\"es_ES\" \/>\n<meta property=\"og:type\" content=\"article\" \/>\n<meta property=\"og:title\" content=\"Ala delantera de Foil DW 900\" \/>\n<meta property=\"og:description\" content=\"DW 900 foil front wing de Downwind, Wingfoil, sup foil que te proporcionar\u00e1 un deslizamiento infinito y un bombeo ultra f\u00e1cil. Dise\u00f1ado para riders exigentes.\" \/>\n<meta property=\"og:url\" content=\"https:\/\/srokacompany.com\/es\/produit\/aleron-delantero-dw-900\/\" \/>\n<meta property=\"og:site_name\" content=\"SROKA Company\" \/>\n<meta property=\"article:publisher\" content=\"https:\/\/www.facebook.com\/srokawatersports\/\" \/>\n<meta property=\"article:modified_time\" content=\"2026-02-04T17:03:46+00:00\" \/>\n<meta property=\"og:image\" content=\"https:\/\/srokacompany.com\/wp-content\/uploads\/2025\/07\/ailette-avant-av700dw-dessus.png\" \/>\n\t<meta property=\"og:image:width\" content=\"1800\" \/>\n\t<meta property=\"og:image:height\" content=\"1012\" \/>\n\t<meta property=\"og:image:type\" content=\"image\/png\" \/>\n<meta name=\"twitter:label1\" content=\"Tiempo de lectura\" \/>\n\t<meta name=\"twitter:data1\" content=\"2 minutos\" \/>\n<script type=\"application\/ld+json\" class=\"yoast-schema-graph\">{\"@context\":\"https:\\\/\\\/schema.org\",\"@graph\":[{\"@type\":\"WebPage\",\"@id\":\"https:\\\/\\\/srokacompany.com\\\/es\\\/produit\\\/aleron-delantero-dw-900\\\/\",\"url\":\"https:\\\/\\\/srokacompany.com\\\/es\\\/produit\\\/aleron-delantero-dw-900\\\/\",\"name\":\"Ala delantera de Foil DW 900\",\"isPartOf\":{\"@id\":\"https:\\\/\\\/srokacompany.com\\\/es\\\/#website\"},\"primaryImageOfPage\":{\"@id\":\"https:\\\/\\\/srokacompany.com\\\/es\\\/produit\\\/aleron-delantero-dw-900\\\/#primaryimage\"},\"image\":{\"@id\":\"https:\\\/\\\/srokacompany.com\\\/es\\\/produit\\\/aleron-delantero-dw-900\\\/#primaryimage\"},\"thumbnailUrl\":\"https:\\\/\\\/srokacompany.com\\\/wp-content\\\/uploads\\\/2025\\\/07\\\/ailette-avant-av700dw-dessus.png\",\"datePublished\":\"2026-02-03T14:59:21+00:00\",\"dateModified\":\"2026-02-04T17:03:46+00:00\",\"description\":\"DW 900 foil front wing de Downwind, Wingfoil, sup foil que te proporcionar\u00e1 un deslizamiento infinito y un bombeo ultra f\u00e1cil. Dise\u00f1ado para riders exigentes.\",\"breadcrumb\":{\"@id\":\"https:\\\/\\\/srokacompany.com\\\/es\\\/produit\\\/aleron-delantero-dw-900\\\/#breadcrumb\"},\"inLanguage\":\"es\",\"potentialAction\":[{\"@type\":\"ReadAction\",\"target\":[\"https:\\\/\\\/srokacompany.com\\\/es\\\/produit\\\/aleron-delantero-dw-900\\\/\"]}]},{\"@type\":\"ImageObject\",\"inLanguage\":\"es\",\"@id\":\"https:\\\/\\\/srokacompany.com\\\/es\\\/produit\\\/aleron-delantero-dw-900\\\/#primaryimage\",\"url\":\"https:\\\/\\\/srokacompany.com\\\/wp-content\\\/uploads\\\/2025\\\/07\\\/ailette-avant-av700dw-dessus.png\",\"contentUrl\":\"https:\\\/\\\/srokacompany.com\\\/wp-content\\\/uploads\\\/2025\\\/07\\\/ailette-avant-av700dw-dessus.png\",\"width\":1800,\"height\":1012,\"caption\":\"Aleta delantera DW 900 Sroka para Foil Downwind\"},{\"@type\":\"BreadcrumbList\",\"@id\":\"https:\\\/\\\/srokacompany.com\\\/es\\\/produit\\\/aleron-delantero-dw-900\\\/#breadcrumb\",\"itemListElement\":[{\"@type\":\"ListItem\",\"position\":1,\"name\":\"Accueil\",\"item\":\"https:\\\/\\\/srokacompany.com\\\/es\\\/\"},{\"@type\":\"ListItem\",\"position\":2,\"name\":\"Tienda\",\"item\":\"https:\\\/\\\/srokacompany.com\\\/tienda\\\/\"},{\"@type\":\"ListItem\",\"position\":3,\"name\":\"Aler\u00f3n delantero Foil DW 900\"}]},{\"@type\":\"WebSite\",\"@id\":\"https:\\\/\\\/srokacompany.com\\\/es\\\/#website\",\"url\":\"https:\\\/\\\/srokacompany.com\\\/es\\\/\",\"name\":\"SROKA Company\",\"description\":\"SUP, Kite, Foil, Wing\",\"publisher\":{\"@id\":\"https:\\\/\\\/srokacompany.com\\\/es\\\/#organization\"},\"potentialAction\":[{\"@type\":\"SearchAction\",\"target\":{\"@type\":\"EntryPoint\",\"urlTemplate\":\"https:\\\/\\\/srokacompany.com\\\/es\\\/?s={search_term_string}\"},\"query-input\":{\"@type\":\"PropertyValueSpecification\",\"valueRequired\":true,\"valueName\":\"search_term_string\"}}],\"inLanguage\":\"es\"},{\"@type\":\"Organization\",\"@id\":\"https:\\\/\\\/srokacompany.com\\\/es\\\/#organization\",\"name\":\"SROKACOMPANY\",\"alternateName\":\"SROKA\",\"url\":\"https:\\\/\\\/srokacompany.com\\\/es\\\/\",\"logo\":{\"@type\":\"ImageObject\",\"inLanguage\":\"es\",\"@id\":\"https:\\\/\\\/srokacompany.com\\\/es\\\/#\\\/schema\\\/logo\\\/image\\\/\",\"url\":\"https:\\\/\\\/srokacompany.com\\\/wp-content\\\/uploads\\\/2021\\\/01\\\/logo-sroka-black-transpa.png\",\"contentUrl\":\"https:\\\/\\\/srokacompany.com\\\/wp-content\\\/uploads\\\/2021\\\/01\\\/logo-sroka-black-transpa.png\",\"width\":1201,\"height\":342,\"caption\":\"SROKACOMPANY\"},\"image\":{\"@id\":\"https:\\\/\\\/srokacompany.com\\\/es\\\/#\\\/schema\\\/logo\\\/image\\\/\"},\"sameAs\":[\"https:\\\/\\\/www.facebook.com\\\/srokawatersports\\\/\",\"https:\\\/\\\/www.instagram.com\\\/srokawatersports\\\/\",\"https:\\\/\\\/www.youtube.com\\\/channel\\\/UCVLHHeaPIm-J5bdEUgxqtZA\"]}]}<\/script>\n<!-- \/ Yoast SEO plugin. -->","yoast_head_json":{"title":"Ala delantera de Foil DW 900","description":"DW 900 foil front wing de Downwind, Wingfoil, sup foil que te proporcionar\u00e1 un deslizamiento infinito y un bombeo ultra f\u00e1cil. Dise\u00f1ado para riders exigentes.","robots":{"index":"index","follow":"follow","max-snippet":"max-snippet:-1","max-image-preview":"max-image-preview:large","max-video-preview":"max-video-preview:-1"},"canonical":"https:\/\/srokacompany.com\/es\/produit\/aleron-delantero-dw-900\/","og_locale":"es_ES","og_type":"article","og_title":"Ala delantera de Foil DW 900","og_description":"DW 900 foil front wing de Downwind, Wingfoil, sup foil que te proporcionar\u00e1 un deslizamiento infinito y un bombeo ultra f\u00e1cil. Dise\u00f1ado para riders exigentes.","og_url":"https:\/\/srokacompany.com\/es\/produit\/aleron-delantero-dw-900\/","og_site_name":"SROKA Company","article_publisher":"https:\/\/www.facebook.com\/srokawatersports\/","article_modified_time":"2026-02-04T17:03:46+00:00","og_image":[{"width":1800,"height":1012,"url":"https:\/\/srokacompany.com\/wp-content\/uploads\/2025\/07\/ailette-avant-av700dw-dessus.png","type":"image\/png"}],"twitter_misc":{"Tiempo de lectura":"2 minutos"},"schema":{"@context":"https:\/\/schema.org","@graph":[{"@type":"WebPage","@id":"https:\/\/srokacompany.com\/es\/produit\/aleron-delantero-dw-900\/","url":"https:\/\/srokacompany.com\/es\/produit\/aleron-delantero-dw-900\/","name":"Ala delantera de Foil DW 900","isPartOf":{"@id":"https:\/\/srokacompany.com\/es\/#website"},"primaryImageOfPage":{"@id":"https:\/\/srokacompany.com\/es\/produit\/aleron-delantero-dw-900\/#primaryimage"},"image":{"@id":"https:\/\/srokacompany.com\/es\/produit\/aleron-delantero-dw-900\/#primaryimage"},"thumbnailUrl":"https:\/\/srokacompany.com\/wp-content\/uploads\/2025\/07\/ailette-avant-av700dw-dessus.png","datePublished":"2026-02-03T14:59:21+00:00","dateModified":"2026-02-04T17:03:46+00:00","description":"DW 900 foil front wing de Downwind, Wingfoil, sup foil que te proporcionar\u00e1 un deslizamiento infinito y un bombeo ultra f\u00e1cil. Dise\u00f1ado para riders exigentes.","breadcrumb":{"@id":"https:\/\/srokacompany.com\/es\/produit\/aleron-delantero-dw-900\/#breadcrumb"},"inLanguage":"es","potentialAction":[{"@type":"ReadAction","target":["https:\/\/srokacompany.com\/es\/produit\/aleron-delantero-dw-900\/"]}]},{"@type":"ImageObject","inLanguage":"es","@id":"https:\/\/srokacompany.com\/es\/produit\/aleron-delantero-dw-900\/#primaryimage","url":"https:\/\/srokacompany.com\/wp-content\/uploads\/2025\/07\/ailette-avant-av700dw-dessus.png","contentUrl":"https:\/\/srokacompany.com\/wp-content\/uploads\/2025\/07\/ailette-avant-av700dw-dessus.png","width":1800,"height":1012,"caption":"Aleta delantera DW 900 Sroka para Foil Downwind"},{"@type":"BreadcrumbList","@id":"https:\/\/srokacompany.com\/es\/produit\/aleron-delantero-dw-900\/#breadcrumb","itemListElement":[{"@type":"ListItem","position":1,"name":"Accueil","item":"https:\/\/srokacompany.com\/es\/"},{"@type":"ListItem","position":2,"name":"Tienda","item":"https:\/\/srokacompany.com\/tienda\/"},{"@type":"ListItem","position":3,"name":"Aler\u00f3n delantero Foil DW 900"}]},{"@type":"WebSite","@id":"https:\/\/srokacompany.com\/es\/#website","url":"https:\/\/srokacompany.com\/es\/","name":"SROKA Company","description":"SUP, Kite, Foil, Wing","publisher":{"@id":"https:\/\/srokacompany.com\/es\/#organization"},"potentialAction":[{"@type":"SearchAction","target":{"@type":"EntryPoint","urlTemplate":"https:\/\/srokacompany.com\/es\/?s={search_term_string}"},"query-input":{"@type":"PropertyValueSpecification","valueRequired":true,"valueName":"search_term_string"}}],"inLanguage":"es"},{"@type":"Organization","@id":"https:\/\/srokacompany.com\/es\/#organization","name":"SROKACOMPANY","alternateName":"SROKA","url":"https:\/\/srokacompany.com\/es\/","logo":{"@type":"ImageObject","inLanguage":"es","@id":"https:\/\/srokacompany.com\/es\/#\/schema\/logo\/image\/","url":"https:\/\/srokacompany.com\/wp-content\/uploads\/2021\/01\/logo-sroka-black-transpa.png","contentUrl":"https:\/\/srokacompany.com\/wp-content\/uploads\/2021\/01\/logo-sroka-black-transpa.png","width":1201,"height":342,"caption":"SROKACOMPANY"},"image":{"@id":"https:\/\/srokacompany.com\/es\/#\/schema\/logo\/image\/"},"sameAs":["https:\/\/www.facebook.com\/srokawatersports\/","https:\/\/www.instagram.com\/srokawatersports\/","https:\/\/www.youtube.com\/channel\/UCVLHHeaPIm-J5bdEUgxqtZA"]}]}},"uagb_featured_image_src":{"full":["https:\/\/srokacompany.com\/wp-content\/uploads\/2025\/07\/ailette-avant-av700dw-dessus.png",1800,1012,false],"thumbnail":["https:\/\/srokacompany.com\/wp-content\/uploads\/2025\/07\/ailette-avant-av700dw-dessus-150x150.png",150,150,true],"medium":["https:\/\/srokacompany.com\/wp-content\/uploads\/2025\/07\/ailette-avant-av700dw-dessus-300x169.png",300,169,true],"medium_large":["https:\/\/srokacompany.com\/wp-content\/uploads\/2025\/07\/ailette-avant-av700dw-dessus-768x432.png",768,432,true],"large":["https:\/\/srokacompany.com\/wp-content\/uploads\/2025\/07\/ailette-avant-av700dw-dessus-1024x576.png",1024,576,true],"1536x1536":["https:\/\/srokacompany.com\/wp-content\/uploads\/2025\/07\/ailette-avant-av700dw-dessus-1536x864.png",1536,864,true],"2048x2048":["https:\/\/srokacompany.com\/wp-content\/uploads\/2025\/07\/ailette-avant-av700dw-dessus.png",1800,1012,false],"woocommerce_thumbnail":["https:\/\/srokacompany.com\/wp-content\/uploads\/2025\/07\/ailette-avant-av700dw-dessus-600x337.png",600,337,true],"woocommerce_single":["https:\/\/srokacompany.com\/wp-content\/uploads\/2025\/07\/ailette-avant-av700dw-dessus-600x337.png",600,337,true],"woocommerce_gallery_thumbnail":["https:\/\/srokacompany.com\/wp-content\/uploads\/2025\/07\/ailette-avant-av700dw-dessus-100x100.png",100,100,true],"dgwt-wcas-product-suggestion":["https:\/\/srokacompany.com\/wp-content\/uploads\/2025\/07\/ailette-avant-av700dw-dessus-64x36.png",64,36,true]},"uagb_author_info":{"display_name":"Bruno Sroka","author_link":"https:\/\/srokacompany.com\/es\/blog\/author\/"},"uagb_comment_info":0,"uagb_excerpt":"Aletas delanteras Foil DW 900: Deslizamiento, velocidad y rendimiento Elala delantera DW 900 SROKAfoil est\u00e1 dise\u00f1ada para Downwind y Wing foil de alto rendimiento. Con un Aspect Ratio (AR) de 14, este Foil delantero DW 900 ofrece un planeo infinito y una eficacia de bombeo inigualable. Sustituye la elevaci\u00f3n de una UHA 1100 por la&hellip;","jetpack_sharing_enabled":true,"_links":{"self":[{"href":"https:\/\/srokacompany.com\/es\/wp-json\/wp\/v2\/product\/354828","targetHints":{"allow":["GET"]}}],"collection":[{"href":"https:\/\/srokacompany.com\/es\/wp-json\/wp\/v2\/product"}],"about":[{"href":"https:\/\/srokacompany.com\/es\/wp-json\/wp\/v2\/types\/product"}],"wp:featuredmedia":[{"embeddable":true,"href":"https:\/\/srokacompany.com\/es\/wp-json\/wp\/v2\/media\/352667"}],"wp:attachment":[{"href":"https:\/\/srokacompany.com\/es\/wp-json\/wp\/v2\/media?parent=354828"}],"wp:term":[{"taxonomy":"product_brand","embeddable":true,"href":"https:\/\/srokacompany.com\/es\/wp-json\/wp\/v2\/product_brand?post=354828"},{"taxonomy":"product_cat","embeddable":true,"href":"https:\/\/srokacompany.com\/es\/wp-json\/wp\/v2\/product_cat?post=354828"},{"taxonomy":"product_tag","embeddable":true,"href":"https:\/\/srokacompany.com\/es\/wp-json\/wp\/v2\/product_tag?post=354828"}],"curies":[{"name":"wp","href":"https:\/\/api.w.org\/{rel}","templated":true}]}}