{"id":355019,"date":"2026-02-13T12:16:07","date_gmt":"2026-02-13T10:16:07","guid":{"rendered":"https:\/\/srokacompany.com\/produit\/aleron-delantero-dw-700\/"},"modified":"2026-02-25T12:07:12","modified_gmt":"2026-02-25T10:07:12","slug":"aleron-delantero-dw-700","status":"publish","type":"product","link":"https:\/\/srokacompany.com\/es\/produit\/aleron-delantero-dw-700\/","title":{"rendered":"Aler\u00f3n delantero DW 700"},"content":{"rendered":"<h1 data-path-to-node=\"7\"><b data-path-to-node=\"4\" data-index-in-node=\"0\">Guardabarros delantero DW 700 Sroka Foil: rendimiento y velocidad<\/b><\/h1>\n<p data-path-to-node=\"5\">La<b data-path-to-node=\"5\" data-index-in-node=\"2\">aleta delantera DW 700 Foil<\/b> es la herramienta de precisi\u00f3n definitiva para los pilotos expertos. Hemos dise\u00f1ado esta superficie de 700 cm\u00b2 para maximizar el deslizamiento y minimizar la resistencia. Gracias a su elevada relaci\u00f3n de aspecto (AR) de 14, transforma cada ondulaci\u00f3n en pura aceleraci\u00f3n. Como resultado, disfrutar\u00e1s de una sensaci\u00f3n de vuelo sin precedentes, incluso en condiciones de oleaje sostenido.   <\/p>\n<h2 data-path-to-node=\"5\">Caracter\u00edsticas de este Foil de Ultra Alto Aspecto<\/h2>\n<p data-path-to-node=\"7\">La forma de esta ala optimiza el equilibrio entre la penetraci\u00f3n del agua y la sustentaci\u00f3n. He aqu\u00ed sus principales ventajas: <\/p>\n<ul data-path-to-node=\"8\">\n<li>\n<p data-path-to-node=\"8,0,0\"><b data-path-to-node=\"8,0,0\" data-index-in-node=\"0\">Relaci\u00f3n de aspecto 14<\/b>: este perfil delgado reduce dr\u00e1sticamente la resistencia. Como resultado, tu velocidad m\u00e1xima aumenta significativamente. <\/p>\n<\/li>\n<li>\n<p data-path-to-node=\"8,1,0\"><b data-path-to-node=\"8,1,0\" data-index-in-node=\"0\">Envergadura de 990 mm<\/b>: Proporciona un efecto de rebote din\u00e1mico. Como resultado, su bombeo se vuelve incre\u00edblemente eficaz. <\/p>\n<\/li>\n<li>\n<p data-path-to-node=\"8,2,0\"><b data-path-to-node=\"8,2,0\" data-index-in-node=\"0\">Cuerda estrecha de 91 mm<\/b>: Esta caracter\u00edstica permite dividir el agua con mayor fluidez.<\/p>\n<\/li>\n<li>\n<p data-path-to-node=\"8,3,0\"><b data-path-to-node=\"8,3,0\" data-index-in-node=\"0\">Construcci\u00f3n en carbono HM<\/b>: El carbono preimpregnado de alto m\u00f3dulo garantiza una rigidez impecable.<\/p>\n<\/li>\n<\/ul>\n<h2>\u00bfPor qu\u00e9 elegir este modelo de ala delantera Foil DW 700 para Downwind?<\/h2>\n<p data-path-to-node=\"10\">Esta ala requiere un apoyo a la altura de sus capacidades t\u00e9cnicas. Por eso es el complemento perfecto para una configuraci\u00f3n en nuestras <a href=\"https:\/\/srokacompany.com\/es\/produit\/tabla-dw-72-gama-elite\/\"><b data-path-to-node=\"10\" data-index-in-node=\"138\">tablas Downwind (DW) de 7&#8217;2<\/b><\/a> o nuestra <a href=\"https:\/\/srokacompany.com\/es\/produit\/tabla-mid-lenght-lw-v2\/\"><b data-path-to-node=\"10\" data-index-in-node=\"184\">Viento Ligero (LW)<\/b><\/a>. De hecho, estas tablas ofrecen la longitud necesaria para lanzar la<b data-path-to-node=\"10\" data-index-in-node=\"269\">DW 700 Foil Front Wing<\/b> antes del vuelo.  <\/p>\n<p data-path-to-node=\"11\">Ahora los pilotos m\u00e1s exigentes pueden pasar de la navegaci\u00f3n cl\u00e1sica al vuelo de alto rendimiento. Si desea ver este equipo en acci\u00f3n, consulte nuestros v\u00eddeos en el <b data-path-to-node=\"11\" data-index-in-node=\"188\"><a class=\"ng-star-inserted\" href=\"https:\/\/www.youtube.com\/@SrokaCompany\" target=\"_blank\" rel=\"noopener\">canal de YouTube de Sroka Company<\/a><\/b>. <\/p>\n<p>&nbsp;<\/p>\n","protected":false},"excerpt":{"rendered":"<p data-path-to-node=\"8\"><b data-path-to-node=\"8\" data-index-in-node=\"0\">El bistur\u00ed de la gama DW: velocidad, manejabilidad y Glide sin l\u00edmites.<\/b><\/p>\n<p data-path-to-node=\"9\">La <b data-path-to-node=\"9\" data-index-in-node=\"3\">DW 700<\/b> es la extensi\u00f3n radical de nuestra gama Downwind. Dise\u00f1ada para riders expertos y condiciones sostenidas de viento o swell, esta cometa <b data-path-to-node=\"9\" data-index-in-node=\"154\">de 700 cm\u00b2<\/b> con un <b data-path-to-node=\"9\" data-index-in-node=\"170\">Aspect Ratio de 14<\/b> empuja los l\u00edmites de la resistencia. M\u00e1s r\u00e1pida y viva que su hermana mayor la DW 900, ofrece una conexi\u00f3n quir\u00fargica con el swell y una impresionante velocidad punta en Wing foil.  <\/p>\n<ul data-path-to-node=\"10\">\n<li>\n<p data-path-to-node=\"10,0,0\"><b data-path-to-node=\"10,0,0\" data-index-in-node=\"0\">Velocidad m\u00e1xima:<\/b> Perfil ultrafino para una resistencia m\u00ednima.<\/p>\n<\/li>\n<li>\n<p data-path-to-node=\"10,1,0\"><b data-path-to-node=\"10,1,0\" data-index-in-node=\"0\">Carving Radical:<\/b> 990 mm de envergadura para giros cerrados a gran velocidad.<\/p>\n<\/li>\n<li>\n<p data-path-to-node=\"10,2,0\"><b data-path-to-node=\"10,2,0\" data-index-in-node=\"0\">Construcci\u00f3n de \u00e9lite:<\/b> carbono Prepreg de alto m\u00f3dulo para una rigidez impecable.<\/p>\n<\/li>\n<\/ul>\n","protected":false},"featured_media":352697,"template":"","meta":{"_acf_changed":false,"_uag_custom_page_level_css":""},"product_brand":[],"product_cat":[3448,3480,3483,3449],"product_tag":[],"class_list":{"0":"post-355019","1":"product","2":"type-product","3":"status-publish","4":"has-post-thumbnail","6":"product_cat-aletas-sup-foil","7":"product_cat-foil-es","8":"product_cat-gama-downwind-uha","9":"product_cat-paletas-de-viento-descendente","10":"product_shipping_class-pequeno-envio","12":"first","13":"instock","14":"taxable","15":"shipping-taxable","16":"purchasable","17":"product-type-simple"},"acf":[],"yoast_head":"<!-- This site is optimized with the Yoast SEO plugin v27.4 - https:\/\/yoast.com\/product\/yoast-seo-wordpress\/ -->\n<title>Aler\u00f3n delantero Foil DW 700 Sroka | Velocidad y gran relaci\u00f3n de aspecto<\/title>\n<meta name=\"description\" content=\"Domina el Downwind con el ala delantera Sroka DW 700 Foil. Una elevada relaci\u00f3n de aspecto de 14 para una velocidad m\u00e1xima y un planeo infinito. Ideal para expertos.\" \/>\n<meta name=\"robots\" content=\"index, follow, max-snippet:-1, max-image-preview:large, max-video-preview:-1\" \/>\n<link rel=\"canonical\" href=\"https:\/\/srokacompany.com\/es\/produit\/aleron-delantero-dw-700\/\" \/>\n<meta property=\"og:locale\" content=\"es_ES\" \/>\n<meta property=\"og:type\" content=\"article\" \/>\n<meta property=\"og:title\" content=\"Aler\u00f3n delantero Foil DW 700 Sroka | Velocidad y gran relaci\u00f3n de aspecto\" \/>\n<meta property=\"og:description\" content=\"Domina el Downwind con el ala delantera Sroka DW 700 Foil. Una elevada relaci\u00f3n de aspecto de 14 para una velocidad m\u00e1xima y un planeo infinito. Ideal para expertos.\" \/>\n<meta property=\"og:url\" content=\"https:\/\/srokacompany.com\/es\/produit\/aleron-delantero-dw-700\/\" \/>\n<meta property=\"og:site_name\" content=\"SROKA Company\" \/>\n<meta property=\"article:publisher\" content=\"https:\/\/www.facebook.com\/srokawatersports\/\" \/>\n<meta property=\"article:modified_time\" content=\"2026-02-25T10:07:12+00:00\" \/>\n<meta property=\"og:image\" content=\"https:\/\/srokacompany.com\/wp-content\/uploads\/2025\/07\/ailette-avant-av700dw-dessus-1.png\" \/>\n\t<meta property=\"og:image:width\" content=\"1800\" \/>\n\t<meta property=\"og:image:height\" content=\"1012\" \/>\n\t<meta property=\"og:image:type\" content=\"image\/png\" \/>\n<meta name=\"twitter:label1\" content=\"Tiempo de lectura\" \/>\n\t<meta name=\"twitter:data1\" content=\"1 minuto\" \/>\n<script type=\"application\/ld+json\" class=\"yoast-schema-graph\">{\"@context\":\"https:\\\/\\\/schema.org\",\"@graph\":[{\"@type\":\"WebPage\",\"@id\":\"https:\\\/\\\/srokacompany.com\\\/es\\\/produit\\\/aleron-delantero-dw-700\\\/\",\"url\":\"https:\\\/\\\/srokacompany.com\\\/es\\\/produit\\\/aleron-delantero-dw-700\\\/\",\"name\":\"Aler\u00f3n delantero Foil DW 700 Sroka | Velocidad y gran relaci\u00f3n de aspecto\",\"isPartOf\":{\"@id\":\"https:\\\/\\\/srokacompany.com\\\/es\\\/#website\"},\"primaryImageOfPage\":{\"@id\":\"https:\\\/\\\/srokacompany.com\\\/es\\\/produit\\\/aleron-delantero-dw-700\\\/#primaryimage\"},\"image\":{\"@id\":\"https:\\\/\\\/srokacompany.com\\\/es\\\/produit\\\/aleron-delantero-dw-700\\\/#primaryimage\"},\"thumbnailUrl\":\"https:\\\/\\\/srokacompany.com\\\/wp-content\\\/uploads\\\/2025\\\/07\\\/ailette-avant-av700dw-dessus-1.png\",\"datePublished\":\"2026-02-13T10:16:07+00:00\",\"dateModified\":\"2026-02-25T10:07:12+00:00\",\"description\":\"Domina el Downwind con el ala delantera Sroka DW 700 Foil. Una elevada relaci\u00f3n de aspecto de 14 para una velocidad m\u00e1xima y un planeo infinito. Ideal para expertos.\",\"breadcrumb\":{\"@id\":\"https:\\\/\\\/srokacompany.com\\\/es\\\/produit\\\/aleron-delantero-dw-700\\\/#breadcrumb\"},\"inLanguage\":\"es\",\"potentialAction\":[{\"@type\":\"ReadAction\",\"target\":[\"https:\\\/\\\/srokacompany.com\\\/es\\\/produit\\\/aleron-delantero-dw-700\\\/\"]}]},{\"@type\":\"ImageObject\",\"inLanguage\":\"es\",\"@id\":\"https:\\\/\\\/srokacompany.com\\\/es\\\/produit\\\/aleron-delantero-dw-700\\\/#primaryimage\",\"url\":\"https:\\\/\\\/srokacompany.com\\\/wp-content\\\/uploads\\\/2025\\\/07\\\/ailette-avant-av700dw-dessus-1.png\",\"contentUrl\":\"https:\\\/\\\/srokacompany.com\\\/wp-content\\\/uploads\\\/2025\\\/07\\\/ailette-avant-av700dw-dessus-1.png\",\"width\":1800,\"height\":1012,\"caption\":\"Foil del aler\u00f3n delantero Sroka DW 700 carbon performance\"},{\"@type\":\"BreadcrumbList\",\"@id\":\"https:\\\/\\\/srokacompany.com\\\/es\\\/produit\\\/aleron-delantero-dw-700\\\/#breadcrumb\",\"itemListElement\":[{\"@type\":\"ListItem\",\"position\":1,\"name\":\"Accueil\",\"item\":\"https:\\\/\\\/srokacompany.com\\\/es\\\/\"},{\"@type\":\"ListItem\",\"position\":2,\"name\":\"Tienda\",\"item\":\"https:\\\/\\\/srokacompany.com\\\/tienda\\\/\"},{\"@type\":\"ListItem\",\"position\":3,\"name\":\"Aler\u00f3n delantero DW 700\"}]},{\"@type\":\"WebSite\",\"@id\":\"https:\\\/\\\/srokacompany.com\\\/es\\\/#website\",\"url\":\"https:\\\/\\\/srokacompany.com\\\/es\\\/\",\"name\":\"SROKA Company\",\"description\":\"SUP, Kite, Foil, Wing\",\"publisher\":{\"@id\":\"https:\\\/\\\/srokacompany.com\\\/es\\\/#organization\"},\"potentialAction\":[{\"@type\":\"SearchAction\",\"target\":{\"@type\":\"EntryPoint\",\"urlTemplate\":\"https:\\\/\\\/srokacompany.com\\\/es\\\/?s={search_term_string}\"},\"query-input\":{\"@type\":\"PropertyValueSpecification\",\"valueRequired\":true,\"valueName\":\"search_term_string\"}}],\"inLanguage\":\"es\"},{\"@type\":\"Organization\",\"@id\":\"https:\\\/\\\/srokacompany.com\\\/es\\\/#organization\",\"name\":\"SROKACOMPANY\",\"alternateName\":\"SROKA\",\"url\":\"https:\\\/\\\/srokacompany.com\\\/es\\\/\",\"logo\":{\"@type\":\"ImageObject\",\"inLanguage\":\"es\",\"@id\":\"https:\\\/\\\/srokacompany.com\\\/es\\\/#\\\/schema\\\/logo\\\/image\\\/\",\"url\":\"https:\\\/\\\/srokacompany.com\\\/wp-content\\\/uploads\\\/2021\\\/01\\\/logo-sroka-black-transpa.png\",\"contentUrl\":\"https:\\\/\\\/srokacompany.com\\\/wp-content\\\/uploads\\\/2021\\\/01\\\/logo-sroka-black-transpa.png\",\"width\":1201,\"height\":342,\"caption\":\"SROKACOMPANY\"},\"image\":{\"@id\":\"https:\\\/\\\/srokacompany.com\\\/es\\\/#\\\/schema\\\/logo\\\/image\\\/\"},\"sameAs\":[\"https:\\\/\\\/www.facebook.com\\\/srokawatersports\\\/\",\"https:\\\/\\\/www.instagram.com\\\/srokawatersports\\\/\",\"https:\\\/\\\/www.youtube.com\\\/channel\\\/UCVLHHeaPIm-J5bdEUgxqtZA\"]}]}<\/script>\n<!-- \/ Yoast SEO plugin. -->","yoast_head_json":{"title":"Aler\u00f3n delantero Foil DW 700 Sroka | Velocidad y gran relaci\u00f3n de aspecto","description":"Domina el Downwind con el ala delantera Sroka DW 700 Foil. Una elevada relaci\u00f3n de aspecto de 14 para una velocidad m\u00e1xima y un planeo infinito. Ideal para expertos.","robots":{"index":"index","follow":"follow","max-snippet":"max-snippet:-1","max-image-preview":"max-image-preview:large","max-video-preview":"max-video-preview:-1"},"canonical":"https:\/\/srokacompany.com\/es\/produit\/aleron-delantero-dw-700\/","og_locale":"es_ES","og_type":"article","og_title":"Aler\u00f3n delantero Foil DW 700 Sroka | Velocidad y gran relaci\u00f3n de aspecto","og_description":"Domina el Downwind con el ala delantera Sroka DW 700 Foil. Una elevada relaci\u00f3n de aspecto de 14 para una velocidad m\u00e1xima y un planeo infinito. Ideal para expertos.","og_url":"https:\/\/srokacompany.com\/es\/produit\/aleron-delantero-dw-700\/","og_site_name":"SROKA Company","article_publisher":"https:\/\/www.facebook.com\/srokawatersports\/","article_modified_time":"2026-02-25T10:07:12+00:00","og_image":[{"width":1800,"height":1012,"url":"https:\/\/srokacompany.com\/wp-content\/uploads\/2025\/07\/ailette-avant-av700dw-dessus-1.png","type":"image\/png"}],"twitter_misc":{"Tiempo de lectura":"1 minuto"},"schema":{"@context":"https:\/\/schema.org","@graph":[{"@type":"WebPage","@id":"https:\/\/srokacompany.com\/es\/produit\/aleron-delantero-dw-700\/","url":"https:\/\/srokacompany.com\/es\/produit\/aleron-delantero-dw-700\/","name":"Aler\u00f3n delantero Foil DW 700 Sroka | Velocidad y gran relaci\u00f3n de aspecto","isPartOf":{"@id":"https:\/\/srokacompany.com\/es\/#website"},"primaryImageOfPage":{"@id":"https:\/\/srokacompany.com\/es\/produit\/aleron-delantero-dw-700\/#primaryimage"},"image":{"@id":"https:\/\/srokacompany.com\/es\/produit\/aleron-delantero-dw-700\/#primaryimage"},"thumbnailUrl":"https:\/\/srokacompany.com\/wp-content\/uploads\/2025\/07\/ailette-avant-av700dw-dessus-1.png","datePublished":"2026-02-13T10:16:07+00:00","dateModified":"2026-02-25T10:07:12+00:00","description":"Domina el Downwind con el ala delantera Sroka DW 700 Foil. Una elevada relaci\u00f3n de aspecto de 14 para una velocidad m\u00e1xima y un planeo infinito. Ideal para expertos.","breadcrumb":{"@id":"https:\/\/srokacompany.com\/es\/produit\/aleron-delantero-dw-700\/#breadcrumb"},"inLanguage":"es","potentialAction":[{"@type":"ReadAction","target":["https:\/\/srokacompany.com\/es\/produit\/aleron-delantero-dw-700\/"]}]},{"@type":"ImageObject","inLanguage":"es","@id":"https:\/\/srokacompany.com\/es\/produit\/aleron-delantero-dw-700\/#primaryimage","url":"https:\/\/srokacompany.com\/wp-content\/uploads\/2025\/07\/ailette-avant-av700dw-dessus-1.png","contentUrl":"https:\/\/srokacompany.com\/wp-content\/uploads\/2025\/07\/ailette-avant-av700dw-dessus-1.png","width":1800,"height":1012,"caption":"Foil del aler\u00f3n delantero Sroka DW 700 carbon performance"},{"@type":"BreadcrumbList","@id":"https:\/\/srokacompany.com\/es\/produit\/aleron-delantero-dw-700\/#breadcrumb","itemListElement":[{"@type":"ListItem","position":1,"name":"Accueil","item":"https:\/\/srokacompany.com\/es\/"},{"@type":"ListItem","position":2,"name":"Tienda","item":"https:\/\/srokacompany.com\/tienda\/"},{"@type":"ListItem","position":3,"name":"Aler\u00f3n delantero DW 700"}]},{"@type":"WebSite","@id":"https:\/\/srokacompany.com\/es\/#website","url":"https:\/\/srokacompany.com\/es\/","name":"SROKA Company","description":"SUP, Kite, Foil, Wing","publisher":{"@id":"https:\/\/srokacompany.com\/es\/#organization"},"potentialAction":[{"@type":"SearchAction","target":{"@type":"EntryPoint","urlTemplate":"https:\/\/srokacompany.com\/es\/?s={search_term_string}"},"query-input":{"@type":"PropertyValueSpecification","valueRequired":true,"valueName":"search_term_string"}}],"inLanguage":"es"},{"@type":"Organization","@id":"https:\/\/srokacompany.com\/es\/#organization","name":"SROKACOMPANY","alternateName":"SROKA","url":"https:\/\/srokacompany.com\/es\/","logo":{"@type":"ImageObject","inLanguage":"es","@id":"https:\/\/srokacompany.com\/es\/#\/schema\/logo\/image\/","url":"https:\/\/srokacompany.com\/wp-content\/uploads\/2021\/01\/logo-sroka-black-transpa.png","contentUrl":"https:\/\/srokacompany.com\/wp-content\/uploads\/2021\/01\/logo-sroka-black-transpa.png","width":1201,"height":342,"caption":"SROKACOMPANY"},"image":{"@id":"https:\/\/srokacompany.com\/es\/#\/schema\/logo\/image\/"},"sameAs":["https:\/\/www.facebook.com\/srokawatersports\/","https:\/\/www.instagram.com\/srokawatersports\/","https:\/\/www.youtube.com\/channel\/UCVLHHeaPIm-J5bdEUgxqtZA"]}]}},"uagb_featured_image_src":{"full":["https:\/\/srokacompany.com\/wp-content\/uploads\/2025\/07\/ailette-avant-av700dw-dessus-1.png",1800,1012,false],"thumbnail":["https:\/\/srokacompany.com\/wp-content\/uploads\/2025\/07\/ailette-avant-av700dw-dessus-1-150x150.png",150,150,true],"medium":["https:\/\/srokacompany.com\/wp-content\/uploads\/2025\/07\/ailette-avant-av700dw-dessus-1-300x169.png",300,169,true],"medium_large":["https:\/\/srokacompany.com\/wp-content\/uploads\/2025\/07\/ailette-avant-av700dw-dessus-1-768x432.png",768,432,true],"large":["https:\/\/srokacompany.com\/wp-content\/uploads\/2025\/07\/ailette-avant-av700dw-dessus-1-1024x576.png",1024,576,true],"1536x1536":["https:\/\/srokacompany.com\/wp-content\/uploads\/2025\/07\/ailette-avant-av700dw-dessus-1-1536x864.png",1536,864,true],"2048x2048":["https:\/\/srokacompany.com\/wp-content\/uploads\/2025\/07\/ailette-avant-av700dw-dessus-1.png",1800,1012,false],"woocommerce_thumbnail":["https:\/\/srokacompany.com\/wp-content\/uploads\/2025\/07\/ailette-avant-av700dw-dessus-1-600x337.png",600,337,true],"woocommerce_single":["https:\/\/srokacompany.com\/wp-content\/uploads\/2025\/07\/ailette-avant-av700dw-dessus-1-600x337.png",600,337,true],"woocommerce_gallery_thumbnail":["https:\/\/srokacompany.com\/wp-content\/uploads\/2025\/07\/ailette-avant-av700dw-dessus-1-100x100.png",100,100,true],"dgwt-wcas-product-suggestion":["https:\/\/srokacompany.com\/wp-content\/uploads\/2025\/07\/ailette-avant-av700dw-dessus-1-64x36.png",64,36,true]},"uagb_author_info":{"display_name":"Bruno Sroka","author_link":"https:\/\/srokacompany.com\/es\/blog\/author\/"},"uagb_comment_info":0,"uagb_excerpt":"El bistur\u00ed de la gama DW: velocidad, manejabilidad y Glide sin l\u00edmites. La DW 700 es la extensi\u00f3n radical de nuestra gama Downwind. Dise\u00f1ada para riders expertos y condiciones sostenidas de viento o swell, esta cometa de 700 cm\u00b2 con un Aspect Ratio de 14 empuja los l\u00edmites de la resistencia. M\u00e1s r\u00e1pida y viva&hellip;","jetpack_sharing_enabled":true,"_links":{"self":[{"href":"https:\/\/srokacompany.com\/es\/wp-json\/wp\/v2\/product\/355019","targetHints":{"allow":["GET"]}}],"collection":[{"href":"https:\/\/srokacompany.com\/es\/wp-json\/wp\/v2\/product"}],"about":[{"href":"https:\/\/srokacompany.com\/es\/wp-json\/wp\/v2\/types\/product"}],"wp:featuredmedia":[{"embeddable":true,"href":"https:\/\/srokacompany.com\/es\/wp-json\/wp\/v2\/media\/352697"}],"wp:attachment":[{"href":"https:\/\/srokacompany.com\/es\/wp-json\/wp\/v2\/media?parent=355019"}],"wp:term":[{"taxonomy":"product_brand","embeddable":true,"href":"https:\/\/srokacompany.com\/es\/wp-json\/wp\/v2\/product_brand?post=355019"},{"taxonomy":"product_cat","embeddable":true,"href":"https:\/\/srokacompany.com\/es\/wp-json\/wp\/v2\/product_cat?post=355019"},{"taxonomy":"product_tag","embeddable":true,"href":"https:\/\/srokacompany.com\/es\/wp-json\/wp\/v2\/product_tag?post=355019"}],"curies":[{"name":"wp","href":"https:\/\/api.w.org\/{rel}","templated":true}]}}